{"id":8425,"date":"2022-01-25T14:24:14","date_gmt":"2022-01-25T13:24:14","guid":{"rendered":"https:\/\/www.vita.sk\/?post_type=product&#038;p=8425"},"modified":"2024-06-05T14:14:05","modified_gmt":"2024-06-05T12:14:05","slug":"online-kurz-python-a-oop-pre-programatorov-a-datovych-analytikov","status":"publish","type":"product","link":"https:\/\/www.vita.sk\/cs\/online-kurz-python-a-oop-pre-programatorov-a-datovych-analytikov\/","title":{"rendered":"Online kurz Python a OOP pre Program\u00e1torov a D\u00e1tov\u00fdch Analytikov"},"content":{"rendered":"<p>Online kurz Python a OOP pre Program\u00e1torov a D\u00e1tov\u00fdch Analytikov je pre v\u00e1s vhodn\u00fd, ak sa chcete uplatni\u0165 na poz\u00edcii ako d\u00e1tov\u00fd analytik alebo program\u00e1tor. Venova\u0165 sa budeme naj\u010dastej\u0161ie vyu\u017e\u00edvan\u00edm aplik\u00e1ci\u00e1m na d\u00e1tov\u00fa anal\u00fdzu ako Anaconda Navigator, Jupyter Notebook. Zvl\u00e1dnete pou\u017e\u00edvanie tried a objektov. Osvoj\u00edte si proces spracov\u00e1vania \u0161tatistick\u00fdch d\u00e1t a interpretovanie analyzovan\u00fdch d\u00e1t.<\/p>\n","protected":false},"excerpt":{"rendered":"<p>Online kurz Python a OOP pre Program\u00e1torov a D\u00e1tov\u00fdch Analytikov je pre v\u00e1s vhodn\u00fd, ak sa chcete uplatni\u0165 na poz\u00edcii ako d\u00e1tov\u00fd analytik alebo program\u00e1tor. Venova\u0165 sa budeme naj\u010dastej\u0161ie vyu\u017e\u00edvan\u00edm aplik\u00e1ci\u00e1m na d\u00e1tov\u00fa anal\u00fdzu ako Anaconda Navigator, Jupyter Notebook. Zvl\u00e1dnete pou\u017e\u00edvanie tried a objektov. Osvoj\u00edte si proces spracov\u00e1vania \u0161tatistick\u00fdch d\u00e1t a interpretovanie analyzovan\u00fdch d\u00e1t.","protected":false},"author":4,"featured_media":4232,"comment_status":"open","ping_status":"closed","template":"","meta":{"_acf_changed":false},"product_brand":[],"product_cat":[99,106,73],"product_tag":[189,212],"class_list":{"0":"post-8425","1":"product","2":"type-product","3":"status-publish","4":"has-post-thumbnail","6":"product_cat-online-kurzy-programovacie-jazyky","7":"product_cat-online-kurzy-python","8":"product_cat-bez-kategorie","9":"product_tag-programovacie-jazyky","10":"product_tag-python","12":"first","13":"instock","14":"sale","15":"sold-individually","16":"taxable","17":"shipping-taxable","18":"purchasable","19":"product-type-simple"},"yoast_head":"<!-- This site is optimized with the Yoast SEO Premium plugin v25.0 (Yoast SEO v25.0) - https:\/\/yoast.com\/wordpress\/plugins\/seo\/ -->\n<title>Online kurz Python a OOP pre Program\u00e1torov a D\u00e1tov\u00fdch Analytikov  | VITA<\/title>\n<meta name=\"description\" content=\"Online kurz Python a OOP pre Program\u00e1torov a D\u00e1tov\u00fdch Analytikov je pre teba vhodn\u00fd, ak sa chce\u0161 uplatni\u0165 na poz\u00edcii ako d\u00e1tov\u00fd analytik alebo program\u00e1tor. Venova\u0165 sa budeme naj\u010dastej\u0161ie vyu\u017e\u00edvan\u00edm aplik\u00e1ci\u00e1m v jazyku Python na d\u00e1tov\u00fa anal\u00fdzu ako Anaconda Navigator, Jupyter Notebook. Zvl\u00e1dne\u0161 pou\u017e\u00edvanie tried a objektov. Probl\u00e9m ti nebude robi\u0165 spracov\u00e1vanie \u0161tatistick\u00fdch d\u00e1t a interpretovanie analyzovan\u00fdch d\u00e1t. Osvoj\u00ed\u0161 sa z\u00e1klady objektovo-orientovan\u00e9ho programovania.\" \/>\n<meta name=\"robots\" content=\"index, follow, max-snippet:-1, max-image-preview:large, max-video-preview:-1\" \/>\n<link rel=\"canonical\" href=\"https:\/\/www.vita.sk\/online-kurz-python-a-oop-pre-programatorov-a-datovych-analytikov\/\" \/>\n<meta property=\"og:locale\" content=\"cs_CZ\" \/>\n<meta property=\"og:type\" content=\"article\" \/>\n<meta property=\"og:title\" content=\"Online kurz Python a OOP pre Program\u00e1torov a D\u00e1tov\u00fdch Analytikov\" \/>\n<meta property=\"og:description\" content=\"Online kurz Python a OOP pre Program\u00e1torov a D\u00e1tov\u00fdch Analytikov je pre teba vhodn\u00fd, ak sa chce\u0161 uplatni\u0165 na poz\u00edcii ako d\u00e1tov\u00fd analytik alebo program\u00e1tor. Venova\u0165 sa budeme naj\u010dastej\u0161ie vyu\u017e\u00edvan\u00edm aplik\u00e1ci\u00e1m v jazyku Python na d\u00e1tov\u00fa anal\u00fdzu ako Anaconda Navigator, Jupyter Notebook. Zvl\u00e1dne\u0161 pou\u017e\u00edvanie tried a objektov. Probl\u00e9m ti nebude robi\u0165 spracov\u00e1vanie \u0161tatistick\u00fdch d\u00e1t a interpretovanie analyzovan\u00fdch d\u00e1t. Osvoj\u00ed\u0161 sa z\u00e1klady objektovo-orientovan\u00e9ho programovania.\" \/>\n<meta property=\"og:url\" content=\"https:\/\/www.vita.sk\/online-kurz-python-a-oop-pre-programatorov-a-datovych-analytikov\/\" \/>\n<meta property=\"og:site_name\" content=\"VITA\" \/>\n<meta property=\"article:publisher\" content=\"https:\/\/www.facebook.com\/VitaAcademySK\" \/>\n<meta property=\"article:modified_time\" content=\"2024-06-05T12:14:05+00:00\" \/>\n<meta property=\"og:image\" content=\"https:\/\/www.vita.sk\/wp-content\/uploads\/2020\/11\/kurz-Python.png\" \/>\n\t<meta property=\"og:image:width\" content=\"360\" \/>\n\t<meta property=\"og:image:height\" content=\"360\" \/>\n\t<meta property=\"og:image:type\" content=\"image\/png\" \/>\n<meta name=\"twitter:card\" content=\"summary_large_image\" \/>\n<meta name=\"twitter:label1\" content=\"Odhadovan\u00e1 doba \u010dten\u00ed\" \/>\n\t<meta name=\"twitter:data1\" content=\"1 minuta\" \/>\n<script type=\"application\/ld+json\" class=\"yoast-schema-graph\">{\n\t    \"@context\": \"https:\/\/schema.org\",\n\t    \"@graph\": [\n\t        {\n\t            \"@type\": \"WebPage\",\n\t            \"@id\": \"https:\/\/www.vita.sk\/online-kurz-python-a-oop-pre-programatorov-a-datovych-analytikov\/\",\n\t            \"url\": \"https:\/\/www.vita.sk\/online-kurz-python-a-oop-pre-programatorov-a-datovych-analytikov\/\",\n\t            \"name\": \"Online kurz Python a OOP pre Program\u00e1torov a D\u00e1tov\u00fdch Analytikov 2023 | VITA\",\n\t            \"isPartOf\": {\n\t                \"@id\": \"https:\/\/www.vita.sk\/#website\"\n\t            },\n\t            \"primaryImageOfPage\": {\n\t                \"@id\": \"https:\/\/www.vita.sk\/online-kurz-python-a-oop-pre-programatorov-a-datovych-analytikov\/#primaryimage\"\n\t            },\n\t            \"image\": {\n\t                \"@id\": \"https:\/\/www.vita.sk\/online-kurz-python-a-oop-pre-programatorov-a-datovych-analytikov\/#primaryimage\"\n\t            },\n\t            \"thumbnailUrl\": \"https:\/\/www.vita.sk\/wp-content\/uploads\/2020\/11\/kurz-Python.png\",\n\t            \"datePublished\": \"2022-01-25T13:24:14+00:00\",\n\t            \"dateModified\": \"2024-06-05T12:14:05+00:00\",\n\t            \"description\": \"Online kurz Python a OOP pre Program\u00e1torov a D\u00e1tov\u00fdch Analytikov je pre teba vhodn\u00fd, ak sa chce\u0161 uplatni\u0165 na poz\u00edcii ako d\u00e1tov\u00fd analytik alebo program\u00e1tor. Venova\u0165 sa budeme naj\u010dastej\u0161ie vyu\u017e\u00edvan\u00edm aplik\u00e1ci\u00e1m v jazyku Python na d\u00e1tov\u00fa anal\u00fdzu ako Anaconda Navigator, Jupyter Notebook. Zvl\u00e1dne\u0161 pou\u017e\u00edvanie tried a objektov. Probl\u00e9m ti nebude robi\u0165 spracov\u00e1vanie \u0161tatistick\u00fdch d\u00e1t a interpretovanie analyzovan\u00fdch d\u00e1t. Osvoj\u00ed\u0161 sa z\u00e1klady objektovo-orientovan\u00e9ho programovania.\",\n\t            \"breadcrumb\": {\n\t                \"@id\": \"https:\/\/www.vita.sk\/online-kurz-python-a-oop-pre-programatorov-a-datovych-analytikov\/#breadcrumb\"\n\t            },\n\t            \"inLanguage\": \"cs\",\n\t            \"potentialAction\": [\n\t                {\n\t                    \"@type\": \"ReadAction\",\n\t                    \"target\": [\n\t                        \"https:\/\/www.vita.sk\/online-kurz-python-a-oop-pre-programatorov-a-datovych-analytikov\/\"\n\t                    ]\n\t                }\n\t            ]\n\t        },\n\t        {\n\t            \"@type\": \"ImageObject\",\n\t            \"inLanguage\": \"cs\",\n\t            \"@id\": \"https:\/\/www.vita.sk\/online-kurz-python-a-oop-pre-programatorov-a-datovych-analytikov\/#primaryimage\",\n\t            \"url\": \"https:\/\/www.vita.sk\/wp-content\/uploads\/2020\/11\/kurz-Python.png\",\n\t            \"contentUrl\": \"https:\/\/www.vita.sk\/wp-content\/uploads\/2020\/11\/kurz-Python.png\",\n\t            \"width\": 360,\n\t            \"height\": 360,\n\t            \"caption\": \"Online kurz Python\"\n\t        },\n\t        {\n\t            \"@type\": \"BreadcrumbList\",\n\t            \"@id\": \"https:\/\/www.vita.sk\/online-kurz-python-a-oop-pre-programatorov-a-datovych-analytikov\/#breadcrumb\",\n\t            \"itemListElement\": [\n\t                {\n\t                    \"@type\": \"ListItem\",\n\t                    \"position\": 1,\n\t                    \"name\": \"VITA Academy\",\n\t                    \"item\": \"https:\/\/www.vita.sk\/cs\/\"\n\t                },\n\t                {\n\t                    \"@type\": \"ListItem\",\n\t                    \"position\": 2,\n\t                    \"name\": \"Shop\",\n\t                    \"item\": \"https:\/\/www.vita.sk\/shop\/\"\n\t                },\n\t                {\n\t                    \"@type\": \"ListItem\",\n\t                    \"position\": 3,\n\t                    \"name\": \"Programovacie Jazyky\",\n\t                    \"item\": \"https:\/\/www.vita.sk\/online-kurzy-programovacie-jazyky\/\"\n\t                },\n\t                {\n\t                    \"@type\": \"ListItem\",\n\t                    \"position\": 4,\n\t                    \"name\": \"Python\",\n\t                    \"item\": \"https:\/\/www.vita.sk\/online-kurzy-python\/\"\n\t                },\n\t                {\n\t                    \"@type\": \"ListItem\",\n\t                    \"position\": 5,\n\t                    \"name\": \"Online kurz Python a OOP pre Program\u00e1torov a D\u00e1tov\u00fdch Analytikov\"\n\t                }\n\t            ]\n\t        },\n\t        {\n\t            \"@type\": \"WebSite\",\n\t            \"@id\": \"https:\/\/www.vita.sk\/#website\",\n\t            \"url\": \"https:\/\/www.vita.sk\/\",\n\t            \"name\": \"VITA\",\n\t            \"description\": \"\",\n\t            \"publisher\": {\n\t                \"@id\": \"https:\/\/www.vita.sk\/#organization\"\n\t            },\n\t            \"potentialAction\": [\n\t                {\n\t                    \"@type\": \"SearchAction\",\n\t                    \"target\": {\n\t                        \"@type\": \"EntryPoint\",\n\t                        \"urlTemplate\": \"https:\/\/www.vita.sk\/?s={search_term_string}\"\n\t                    },\n\t                    \"query-input\": {\n\t                        \"@type\": \"PropertyValueSpecification\",\n\t                        \"valueRequired\": true,\n\t                        \"valueName\": \"search_term_string\"\n\t                    }\n\t                }\n\t            ],\n\t            \"inLanguage\": \"cs\"\n\t        },\n\t        {\n\t            \"email\": \"admin@vita.sk\",\n\t            \"logo\": \"https:\/\/www.vita.sk\/img\/vita_logo.png \",\n\t            \"address\": {\n\t                \"type\": \"PostalAddress\",\n\t                \"streetAddress\": \"Tom\u00e1\u0161ikova 50\/A\",\n\t                \"addressLocality\": \"Bratislava\",\n\t                \"postalCode\": \"83104\",\n\t                \"addressCountry\": {\n\t                    \"name\": \"SK\",\n\t                    \"type\": \"Country\"\n\t                }\n\t            },\n\t            \"contactPoint\": {\n\t                \"type\": \"ContactPoint\",\n\t                \"telephone\": \"+421 907 375\u00a0543\",\n\t                \"Email\": \"admin@vita.sk\",\n\t                \"contactType\": \"customer service\"\n\t            },\n\t            \"sameAs\": [\n\t                \"https:\/\/www.facebook.com\/VitaAcademySK\/\",\n\t                \"https:\/\/www.linkedin.com\/company\/vita-academy\/\"\n\t            ]\n\t        }\n\t    ]\n\t}<\/script>\n<!-- \/ Yoast SEO Premium plugin. -->","yoast_head_json":{"title":"Online kurz Python a OOP pre Program\u00e1torov a D\u00e1tov\u00fdch Analytikov  | VITA","description":"Online kurz Python a OOP pre Program\u00e1torov a D\u00e1tov\u00fdch Analytikov je pre teba vhodn\u00fd, ak sa chce\u0161 uplatni\u0165 na poz\u00edcii ako d\u00e1tov\u00fd analytik alebo program\u00e1tor. Venova\u0165 sa budeme naj\u010dastej\u0161ie vyu\u017e\u00edvan\u00edm aplik\u00e1ci\u00e1m v jazyku Python na d\u00e1tov\u00fa anal\u00fdzu ako Anaconda Navigator, Jupyter Notebook. Zvl\u00e1dne\u0161 pou\u017e\u00edvanie tried a objektov. Probl\u00e9m ti nebude robi\u0165 spracov\u00e1vanie \u0161tatistick\u00fdch d\u00e1t a interpretovanie analyzovan\u00fdch d\u00e1t. Osvoj\u00ed\u0161 sa z\u00e1klady objektovo-orientovan\u00e9ho programovania.","robots":{"index":"index","follow":"follow","max-snippet":"max-snippet:-1","max-image-preview":"max-image-preview:large","max-video-preview":"max-video-preview:-1"},"canonical":"https:\/\/www.vita.sk\/online-kurz-python-a-oop-pre-programatorov-a-datovych-analytikov\/","og_locale":"cs_CZ","og_type":"article","og_title":"Online kurz Python a OOP pre Program\u00e1torov a D\u00e1tov\u00fdch Analytikov","og_description":"Online kurz Python a OOP pre Program\u00e1torov a D\u00e1tov\u00fdch Analytikov je pre teba vhodn\u00fd, ak sa chce\u0161 uplatni\u0165 na poz\u00edcii ako d\u00e1tov\u00fd analytik alebo program\u00e1tor. Venova\u0165 sa budeme naj\u010dastej\u0161ie vyu\u017e\u00edvan\u00edm aplik\u00e1ci\u00e1m v jazyku Python na d\u00e1tov\u00fa anal\u00fdzu ako Anaconda Navigator, Jupyter Notebook. Zvl\u00e1dne\u0161 pou\u017e\u00edvanie tried a objektov. Probl\u00e9m ti nebude robi\u0165 spracov\u00e1vanie \u0161tatistick\u00fdch d\u00e1t a interpretovanie analyzovan\u00fdch d\u00e1t. Osvoj\u00ed\u0161 sa z\u00e1klady objektovo-orientovan\u00e9ho programovania.","og_url":"https:\/\/www.vita.sk\/online-kurz-python-a-oop-pre-programatorov-a-datovych-analytikov\/","og_site_name":"VITA","article_publisher":"https:\/\/www.facebook.com\/VitaAcademySK","article_modified_time":"2024-06-05T12:14:05+00:00","og_image":[{"width":360,"height":360,"url":"https:\/\/www.vita.sk\/wp-content\/uploads\/2020\/11\/kurz-Python.png","type":"image\/png"}],"twitter_card":"summary_large_image","twitter_misc":{"Odhadovan\u00e1 doba \u010dten\u00ed":"1 minuta"},"schema":{"@context":"https:\/\/schema.org","@graph":[{"@type":"WebPage","@id":"https:\/\/www.vita.sk\/online-kurz-python-a-oop-pre-programatorov-a-datovych-analytikov\/","url":"https:\/\/www.vita.sk\/online-kurz-python-a-oop-pre-programatorov-a-datovych-analytikov\/","name":"Online kurz Python a OOP pre Program\u00e1torov a D\u00e1tov\u00fdch Analytikov 2023 | VITA","isPartOf":{"@id":"https:\/\/www.vita.sk\/#website"},"primaryImageOfPage":{"@id":"https:\/\/www.vita.sk\/online-kurz-python-a-oop-pre-programatorov-a-datovych-analytikov\/#primaryimage"},"image":{"@id":"https:\/\/www.vita.sk\/online-kurz-python-a-oop-pre-programatorov-a-datovych-analytikov\/#primaryimage"},"thumbnailUrl":"https:\/\/www.vita.sk\/wp-content\/uploads\/2020\/11\/kurz-Python.png","datePublished":"2022-01-25T13:24:14+00:00","dateModified":"2024-06-05T12:14:05+00:00","description":"Online kurz Python a OOP pre Program\u00e1torov a D\u00e1tov\u00fdch Analytikov je pre teba vhodn\u00fd, ak sa chce\u0161 uplatni\u0165 na poz\u00edcii ako d\u00e1tov\u00fd analytik alebo program\u00e1tor. Venova\u0165 sa budeme naj\u010dastej\u0161ie vyu\u017e\u00edvan\u00edm aplik\u00e1ci\u00e1m v jazyku Python na d\u00e1tov\u00fa anal\u00fdzu ako Anaconda Navigator, Jupyter Notebook. Zvl\u00e1dne\u0161 pou\u017e\u00edvanie tried a objektov. Probl\u00e9m ti nebude robi\u0165 spracov\u00e1vanie \u0161tatistick\u00fdch d\u00e1t a interpretovanie analyzovan\u00fdch d\u00e1t. Osvoj\u00ed\u0161 sa z\u00e1klady objektovo-orientovan\u00e9ho programovania.","breadcrumb":{"@id":"https:\/\/www.vita.sk\/online-kurz-python-a-oop-pre-programatorov-a-datovych-analytikov\/#breadcrumb"},"inLanguage":"cs","potentialAction":[{"@type":"ReadAction","target":["https:\/\/www.vita.sk\/online-kurz-python-a-oop-pre-programatorov-a-datovych-analytikov\/"]}]},{"@type":"ImageObject","inLanguage":"cs","@id":"https:\/\/www.vita.sk\/online-kurz-python-a-oop-pre-programatorov-a-datovych-analytikov\/#primaryimage","url":"https:\/\/www.vita.sk\/wp-content\/uploads\/2020\/11\/kurz-Python.png","contentUrl":"https:\/\/www.vita.sk\/wp-content\/uploads\/2020\/11\/kurz-Python.png","width":360,"height":360,"caption":"Online kurz Python"},{"@type":"BreadcrumbList","@id":"https:\/\/www.vita.sk\/online-kurz-python-a-oop-pre-programatorov-a-datovych-analytikov\/#breadcrumb","itemListElement":[{"@type":"ListItem","position":1,"name":"VITA Academy","item":"https:\/\/www.vita.sk\/cs\/"},{"@type":"ListItem","position":2,"name":"Shop","item":"https:\/\/www.vita.sk\/shop\/"},{"@type":"ListItem","position":3,"name":"Programovacie Jazyky","item":"https:\/\/www.vita.sk\/online-kurzy-programovacie-jazyky\/"},{"@type":"ListItem","position":4,"name":"Python","item":"https:\/\/www.vita.sk\/online-kurzy-python\/"},{"@type":"ListItem","position":5,"name":"Online kurz Python a OOP pre Program\u00e1torov a D\u00e1tov\u00fdch Analytikov"}]},{"@type":"WebSite","@id":"https:\/\/www.vita.sk\/#website","url":"https:\/\/www.vita.sk\/","name":"VITA","description":"","publisher":{"@id":"https:\/\/www.vita.sk\/#organization"},"potentialAction":[{"@type":"SearchAction","target":{"@type":"EntryPoint","urlTemplate":"https:\/\/www.vita.sk\/?s={search_term_string}"},"query-input":{"@type":"PropertyValueSpecification","valueRequired":true,"valueName":"search_term_string"}}],"inLanguage":"cs"},{"email":"admin@vita.sk","logo":"https:\/\/www.vita.sk\/img\/vita_logo.png ","address":{"type":"PostalAddress","streetAddress":"Tom\u00e1\u0161ikova 50\/A","addressLocality":"Bratislava","postalCode":"83104","addressCountry":{"name":"SK","type":"Country"}},"contactPoint":{"type":"ContactPoint","telephone":"+421 907 375\u00a0543","Email":"admin@vita.sk","contactType":"customer service"},"sameAs":["https:\/\/www.facebook.com\/VitaAcademySK\/","https:\/\/www.linkedin.com\/company\/vita-academy\/"]}]}},"acf":[],"_links":{"self":[{"href":"https:\/\/www.vita.sk\/cs\/wp-json\/wp\/v2\/product\/8425","targetHints":{"allow":["GET"]}}],"collection":[{"href":"https:\/\/www.vita.sk\/cs\/wp-json\/wp\/v2\/product"}],"about":[{"href":"https:\/\/www.vita.sk\/cs\/wp-json\/wp\/v2\/types\/product"}],"author":[{"embeddable":true,"href":"https:\/\/www.vita.sk\/cs\/wp-json\/wp\/v2\/users\/4"}],"replies":[{"embeddable":true,"href":"https:\/\/www.vita.sk\/cs\/wp-json\/wp\/v2\/comments?post=8425"}],"wp:featuredmedia":[{"embeddable":true,"href":"https:\/\/www.vita.sk\/cs\/wp-json\/wp\/v2\/media\/4232"}],"wp:attachment":[{"href":"https:\/\/www.vita.sk\/cs\/wp-json\/wp\/v2\/media?parent=8425"}],"wp:term":[{"taxonomy":"product_brand","embeddable":true,"href":"https:\/\/www.vita.sk\/cs\/wp-json\/wp\/v2\/product_brand?post=8425"},{"taxonomy":"product_cat","embeddable":true,"href":"https:\/\/www.vita.sk\/cs\/wp-json\/wp\/v2\/product_cat?post=8425"},{"taxonomy":"product_tag","embeddable":true,"href":"https:\/\/www.vita.sk\/cs\/wp-json\/wp\/v2\/product_tag?post=8425"}],"curies":[{"name":"wp","href":"https:\/\/api.w.org\/{rel}","templated":true}]}}