{"id":8627,"date":"2022-02-23T14:25:16","date_gmt":"2022-02-23T13:25:16","guid":{"rendered":"https:\/\/www.vita.sk\/?post_type=product&#038;p=8627"},"modified":"2026-03-12T23:37:56","modified_gmt":"2026-03-12T22:37:56","slug":"online-kurz-vyvoj-aplikacii-s-viacvrstvovou-architekturou","status":"publish","type":"product","link":"https:\/\/www.vita.sk\/cs\/online-kurz-vyvoj-aplikacii-s-viacvrstvovou-architekturou\/","title":{"rendered":"Online kurz V\u00fdvoj Aplik\u00e1cii s Viacvrstvovou Architekt\u00farou"},"content":{"rendered":"<p>Online kurz V\u00fdvoj Aplik\u00e1cii s Viacvrstvovou Architekt\u00farou v\u00e1s nau\u010d\u00ed vytv\u00e1ra\u0165 zauj\u00edmav\u00e9 aplik\u00e1cie v jazyku Java. Java je jedn\u00fdm s najpou\u017e\u00edvanej\u0161\u00edch jazykov v s\u00fa\u010dasnosti. Osvoj\u00edte si pokro\u010dil\u00e9 met\u00f3dy v\u00fdvoja aplik\u00e1ci\u00ed s Viacvrstvovou architekt\u00farou. Z\u00edskate preh\u013ead o platforme Java (Java Standard Edition), jej architekt\u00fare, \u0161trukt\u00fare a vlastnostiach. Nadobudnete zru\u010dnosti vo vyu\u017e\u00edvan\u00ed vybran\u00fdch rozhran\u00ed a roz\u0161iruj\u00facich kni\u017en\u00edc platformy Java (Standard Edition).<\/p>\n","protected":false},"excerpt":{"rendered":"<p>Online kurz V\u00fdvoj Aplik\u00e1cii s Viacvrstvovou Architekt\u00farou v\u00e1s nau\u010d\u00ed vytv\u00e1ra\u0165 zauj\u00edmav\u00e9 aplik\u00e1cie v jazyku Java. Java je jedn\u00fdm s najpou\u017e\u00edvanej\u0161\u00edch jazykov v s\u00fa\u010dasnosti. Osvoj\u00edte si pokro\u010dil\u00e9 met\u00f3dy v\u00fdvoja aplik\u00e1ci\u00ed s Viacvrstvovou architekt\u00farou. Z\u00edskate preh\u013ead o platforme Java (Java Standard Edition), jej architekt\u00fare, \u0161trukt\u00fare a vlastnostiach.","protected":false},"author":27,"featured_media":1019,"comment_status":"open","ping_status":"closed","template":"","meta":{"_acf_changed":false},"product_brand":[],"product_cat":[103,99,73],"product_tag":[189,192],"class_list":{"0":"post-8627","1":"product","2":"type-product","3":"status-publish","4":"has-post-thumbnail","6":"product_cat-online-kurzy-java","7":"product_cat-online-kurzy-programovacie-jazyky","8":"product_cat-bez-kategorie","9":"product_tag-programovacie-jazyky","10":"product_tag-java","12":"first","13":"instock","14":"sale","15":"sold-individually","16":"taxable","17":"shipping-taxable","18":"purchasable","19":"product-type-simple"},"yoast_head":"<!-- This site is optimized with the Yoast SEO Premium plugin v25.0 (Yoast SEO v25.0) - https:\/\/yoast.com\/wordpress\/plugins\/seo\/ -->\n<title>Online kurz V\u00fdvoj Aplik\u00e1cii s Viacvrstvovou Architekt\u00farou 2026 | VITA<\/title>\n<meta name=\"robots\" content=\"index, follow, max-snippet:-1, max-image-preview:large, max-video-preview:-1\" \/>\n<link rel=\"canonical\" href=\"https:\/\/www.vita.sk\/online-kurz-vyvoj-aplikacii-s-viacvrstvovou-architekturou\/\" \/>\n<meta property=\"og:locale\" content=\"cs_CZ\" \/>\n<meta property=\"og:type\" content=\"article\" \/>\n<meta property=\"og:title\" content=\"Online kurz V\u00fdvoj Aplik\u00e1cii s Viacvrstvovou Architekt\u00farou\" \/>\n<meta property=\"og:description\" content=\"Online kurz V\u00fdvoj Aplik\u00e1cii s Viacvrstvovou Architekt\u00farou v\u00e1s nau\u010d\u00ed vytv\u00e1ra\u0165 zauj\u00edmav\u00e9 aplik\u00e1cie v jazyku Java. Java je jedn\u00fdm s najpou\u017e\u00edvanej\u0161\u00edch jazykov v s\u00fa\u010dasnosti. Osvoj\u00edte si pokro\u010dil\u00e9 met\u00f3dy v\u00fdvoja aplik\u00e1ci\u00ed s Viacvrstvovou architekt\u00farou. Z\u00edskate preh\u013ead o platforme Java (Java Standard Edition), jej architekt\u00fare, \u0161trukt\u00fare a vlastnostiach. Nadobudnete zru\u010dnosti vo vyu\u017e\u00edvan\u00ed vybran\u00fdch rozhran\u00ed a roz\u0161iruj\u00facich kni\u017en\u00edc platformy [&hellip;]\" \/>\n<meta property=\"og:url\" content=\"https:\/\/www.vita.sk\/online-kurz-vyvoj-aplikacii-s-viacvrstvovou-architekturou\/\" \/>\n<meta property=\"og:site_name\" content=\"VITA\" \/>\n<meta property=\"article:publisher\" content=\"https:\/\/www.facebook.com\/VitaAcademySK\" \/>\n<meta property=\"article:modified_time\" content=\"2026-03-12T22:37:56+00:00\" \/>\n<meta property=\"og:image\" content=\"https:\/\/www.vita.sk\/wp-content\/uploads\/2019\/08\/java.png\" \/>\n\t<meta property=\"og:image:width\" content=\"360\" \/>\n\t<meta property=\"og:image:height\" content=\"360\" \/>\n\t<meta property=\"og:image:type\" content=\"image\/png\" \/>\n<meta name=\"twitter:card\" content=\"summary_large_image\" \/>\n<meta name=\"twitter:label1\" content=\"Odhadovan\u00e1 doba \u010dten\u00ed\" \/>\n\t<meta name=\"twitter:data1\" content=\"1 minuta\" \/>\n<script type=\"application\/ld+json\" class=\"yoast-schema-graph\">{\n\t    \"@context\": \"https:\/\/schema.org\",\n\t    \"@graph\": [\n\t        {\n\t            \"@type\": \"WebPage\",\n\t            \"@id\": \"https:\/\/www.vita.sk\/online-kurz-vyvoj-aplikacii-s-viacvrstvovou-architekturou\/\",\n\t            \"url\": \"https:\/\/www.vita.sk\/online-kurz-vyvoj-aplikacii-s-viacvrstvovou-architekturou\/\",\n\t            \"name\": \"Online kurz V\u00fdvoj Aplik\u00e1cii s Viacvrstvovou Architekt\u00farou {Y} | VITA\",\n\t            \"isPartOf\": {\n\t                \"@id\": \"https:\/\/www.vita.sk\/#website\"\n\t            },\n\t            \"primaryImageOfPage\": {\n\t                \"@id\": \"https:\/\/www.vita.sk\/online-kurz-vyvoj-aplikacii-s-viacvrstvovou-architekturou\/#primaryimage\"\n\t            },\n\t            \"image\": {\n\t                \"@id\": \"https:\/\/www.vita.sk\/online-kurz-vyvoj-aplikacii-s-viacvrstvovou-architekturou\/#primaryimage\"\n\t            },\n\t            \"thumbnailUrl\": \"https:\/\/www.vita.sk\/wp-content\/uploads\/2019\/08\/java.png\",\n\t            \"datePublished\": \"2022-02-23T13:25:16+00:00\",\n\t            \"dateModified\": \"2026-03-12T22:37:56+00:00\",\n\t            \"breadcrumb\": {\n\t                \"@id\": \"https:\/\/www.vita.sk\/online-kurz-vyvoj-aplikacii-s-viacvrstvovou-architekturou\/#breadcrumb\"\n\t            },\n\t            \"inLanguage\": \"cs\",\n\t            \"potentialAction\": [\n\t                {\n\t                    \"@type\": \"ReadAction\",\n\t                    \"target\": [\n\t                        \"https:\/\/www.vita.sk\/online-kurz-vyvoj-aplikacii-s-viacvrstvovou-architekturou\/\"\n\t                    ]\n\t                }\n\t            ]\n\t        },\n\t        {\n\t            \"@type\": \"ImageObject\",\n\t            \"inLanguage\": \"cs\",\n\t            \"@id\": \"https:\/\/www.vita.sk\/online-kurz-vyvoj-aplikacii-s-viacvrstvovou-architekturou\/#primaryimage\",\n\t            \"url\": \"https:\/\/www.vita.sk\/wp-content\/uploads\/2019\/08\/java.png\",\n\t            \"contentUrl\": \"https:\/\/www.vita.sk\/wp-content\/uploads\/2019\/08\/java.png\",\n\t            \"width\": 360,\n\t            \"height\": 360,\n\t            \"caption\": \"Online kurz Java\"\n\t        },\n\t        {\n\t            \"@type\": \"BreadcrumbList\",\n\t            \"@id\": \"https:\/\/www.vita.sk\/online-kurz-vyvoj-aplikacii-s-viacvrstvovou-architekturou\/#breadcrumb\",\n\t            \"itemListElement\": [\n\t                {\n\t                    \"@type\": \"ListItem\",\n\t                    \"position\": 1,\n\t                    \"name\": \"VITA Academy\",\n\t                    \"item\": \"https:\/\/www.vita.sk\/cs\/\"\n\t                },\n\t                {\n\t                    \"@type\": \"ListItem\",\n\t                    \"position\": 2,\n\t                    \"name\": \"Shop\",\n\t                    \"item\": \"https:\/\/www.vita.sk\/shop\/\"\n\t                },\n\t                {\n\t                    \"@type\": \"ListItem\",\n\t                    \"position\": 3,\n\t                    \"name\": \"Programovacie Jazyky\",\n\t                    \"item\": \"https:\/\/www.vita.sk\/online-kurzy-programovacie-jazyky\/\"\n\t                },\n\t                {\n\t                    \"@type\": \"ListItem\",\n\t                    \"position\": 4,\n\t                    \"name\": \"Java\",\n\t                    \"item\": \"https:\/\/www.vita.sk\/online-kurzy-java\/\"\n\t                },\n\t                {\n\t                    \"@type\": \"ListItem\",\n\t                    \"position\": 5,\n\t                    \"name\": \"Online kurz V\u00fdvoj Aplik\u00e1cii s Viacvrstvovou Architekt\u00farou\"\n\t                }\n\t            ]\n\t        },\n\t        {\n\t            \"@type\": \"WebSite\",\n\t            \"@id\": \"https:\/\/www.vita.sk\/#website\",\n\t            \"url\": \"https:\/\/www.vita.sk\/\",\n\t            \"name\": \"VITA\",\n\t            \"description\": \"\",\n\t            \"publisher\": {\n\t                \"@id\": \"https:\/\/www.vita.sk\/#organization\"\n\t            },\n\t            \"potentialAction\": [\n\t                {\n\t                    \"@type\": \"SearchAction\",\n\t                    \"target\": {\n\t                        \"@type\": \"EntryPoint\",\n\t                        \"urlTemplate\": \"https:\/\/www.vita.sk\/?s={search_term_string}\"\n\t                    },\n\t                    \"query-input\": {\n\t                        \"@type\": \"PropertyValueSpecification\",\n\t                        \"valueRequired\": true,\n\t                        \"valueName\": \"search_term_string\"\n\t                    }\n\t                }\n\t            ],\n\t            \"inLanguage\": \"cs\"\n\t        },\n\t        {\n\t            \"email\": \"admin@vita.sk\",\n\t            \"logo\": \"https:\/\/www.vita.sk\/img\/vita_logo.png \",\n\t            \"address\": {\n\t                \"type\": \"PostalAddress\",\n\t                \"streetAddress\": \"Tom\u00e1\u0161ikova 50\/A\",\n\t                \"addressLocality\": \"Bratislava\",\n\t                \"postalCode\": \"83104\",\n\t                \"addressCountry\": {\n\t                    \"name\": \"SK\",\n\t                    \"type\": \"Country\"\n\t                }\n\t            },\n\t            \"contactPoint\": {\n\t                \"type\": \"ContactPoint\",\n\t                \"telephone\": \"+421 907 375\u00a0543\",\n\t                \"Email\": \"admin@vita.sk\",\n\t                \"contactType\": \"customer service\"\n\t            },\n\t            \"sameAs\": [\n\t                \"https:\/\/www.facebook.com\/VitaAcademySK\/\",\n\t                \"https:\/\/www.linkedin.com\/company\/vita-academy\/\"\n\t            ]\n\t        }\n\t    ]\n\t}<\/script>\n<!-- \/ Yoast SEO Premium plugin. -->","yoast_head_json":{"title":"Online kurz V\u00fdvoj Aplik\u00e1cii s Viacvrstvovou Architekt\u00farou 2026 | VITA","robots":{"index":"index","follow":"follow","max-snippet":"max-snippet:-1","max-image-preview":"max-image-preview:large","max-video-preview":"max-video-preview:-1"},"canonical":"https:\/\/www.vita.sk\/online-kurz-vyvoj-aplikacii-s-viacvrstvovou-architekturou\/","og_locale":"cs_CZ","og_type":"article","og_title":"Online kurz V\u00fdvoj Aplik\u00e1cii s Viacvrstvovou Architekt\u00farou","og_description":"Online kurz V\u00fdvoj Aplik\u00e1cii s Viacvrstvovou Architekt\u00farou v\u00e1s nau\u010d\u00ed vytv\u00e1ra\u0165 zauj\u00edmav\u00e9 aplik\u00e1cie v jazyku Java. Java je jedn\u00fdm s najpou\u017e\u00edvanej\u0161\u00edch jazykov v s\u00fa\u010dasnosti. Osvoj\u00edte si pokro\u010dil\u00e9 met\u00f3dy v\u00fdvoja aplik\u00e1ci\u00ed s Viacvrstvovou architekt\u00farou. Z\u00edskate preh\u013ead o platforme Java (Java Standard Edition), jej architekt\u00fare, \u0161trukt\u00fare a vlastnostiach. Nadobudnete zru\u010dnosti vo vyu\u017e\u00edvan\u00ed vybran\u00fdch rozhran\u00ed a roz\u0161iruj\u00facich kni\u017en\u00edc platformy [&hellip;]","og_url":"https:\/\/www.vita.sk\/online-kurz-vyvoj-aplikacii-s-viacvrstvovou-architekturou\/","og_site_name":"VITA","article_publisher":"https:\/\/www.facebook.com\/VitaAcademySK","article_modified_time":"2026-03-12T22:37:56+00:00","og_image":[{"width":360,"height":360,"url":"https:\/\/www.vita.sk\/wp-content\/uploads\/2019\/08\/java.png","type":"image\/png"}],"twitter_card":"summary_large_image","twitter_misc":{"Odhadovan\u00e1 doba \u010dten\u00ed":"1 minuta"},"schema":{"@context":"https:\/\/schema.org","@graph":[{"@type":"WebPage","@id":"https:\/\/www.vita.sk\/online-kurz-vyvoj-aplikacii-s-viacvrstvovou-architekturou\/","url":"https:\/\/www.vita.sk\/online-kurz-vyvoj-aplikacii-s-viacvrstvovou-architekturou\/","name":"Online kurz V\u00fdvoj Aplik\u00e1cii s Viacvrstvovou Architekt\u00farou {Y} | VITA","isPartOf":{"@id":"https:\/\/www.vita.sk\/#website"},"primaryImageOfPage":{"@id":"https:\/\/www.vita.sk\/online-kurz-vyvoj-aplikacii-s-viacvrstvovou-architekturou\/#primaryimage"},"image":{"@id":"https:\/\/www.vita.sk\/online-kurz-vyvoj-aplikacii-s-viacvrstvovou-architekturou\/#primaryimage"},"thumbnailUrl":"https:\/\/www.vita.sk\/wp-content\/uploads\/2019\/08\/java.png","datePublished":"2022-02-23T13:25:16+00:00","dateModified":"2026-03-12T22:37:56+00:00","breadcrumb":{"@id":"https:\/\/www.vita.sk\/online-kurz-vyvoj-aplikacii-s-viacvrstvovou-architekturou\/#breadcrumb"},"inLanguage":"cs","potentialAction":[{"@type":"ReadAction","target":["https:\/\/www.vita.sk\/online-kurz-vyvoj-aplikacii-s-viacvrstvovou-architekturou\/"]}]},{"@type":"ImageObject","inLanguage":"cs","@id":"https:\/\/www.vita.sk\/online-kurz-vyvoj-aplikacii-s-viacvrstvovou-architekturou\/#primaryimage","url":"https:\/\/www.vita.sk\/wp-content\/uploads\/2019\/08\/java.png","contentUrl":"https:\/\/www.vita.sk\/wp-content\/uploads\/2019\/08\/java.png","width":360,"height":360,"caption":"Online kurz Java"},{"@type":"BreadcrumbList","@id":"https:\/\/www.vita.sk\/online-kurz-vyvoj-aplikacii-s-viacvrstvovou-architekturou\/#breadcrumb","itemListElement":[{"@type":"ListItem","position":1,"name":"VITA Academy","item":"https:\/\/www.vita.sk\/cs\/"},{"@type":"ListItem","position":2,"name":"Shop","item":"https:\/\/www.vita.sk\/shop\/"},{"@type":"ListItem","position":3,"name":"Programovacie Jazyky","item":"https:\/\/www.vita.sk\/online-kurzy-programovacie-jazyky\/"},{"@type":"ListItem","position":4,"name":"Java","item":"https:\/\/www.vita.sk\/online-kurzy-java\/"},{"@type":"ListItem","position":5,"name":"Online kurz V\u00fdvoj Aplik\u00e1cii s Viacvrstvovou Architekt\u00farou"}]},{"@type":"WebSite","@id":"https:\/\/www.vita.sk\/#website","url":"https:\/\/www.vita.sk\/","name":"VITA","description":"","publisher":{"@id":"https:\/\/www.vita.sk\/#organization"},"potentialAction":[{"@type":"SearchAction","target":{"@type":"EntryPoint","urlTemplate":"https:\/\/www.vita.sk\/?s={search_term_string}"},"query-input":{"@type":"PropertyValueSpecification","valueRequired":true,"valueName":"search_term_string"}}],"inLanguage":"cs"},{"email":"admin@vita.sk","logo":"https:\/\/www.vita.sk\/img\/vita_logo.png ","address":{"type":"PostalAddress","streetAddress":"Tom\u00e1\u0161ikova 50\/A","addressLocality":"Bratislava","postalCode":"83104","addressCountry":{"name":"SK","type":"Country"}},"contactPoint":{"type":"ContactPoint","telephone":"+421 907 375\u00a0543","Email":"admin@vita.sk","contactType":"customer service"},"sameAs":["https:\/\/www.facebook.com\/VitaAcademySK\/","https:\/\/www.linkedin.com\/company\/vita-academy\/"]}]}},"acf":[],"_links":{"self":[{"href":"https:\/\/www.vita.sk\/cs\/wp-json\/wp\/v2\/product\/8627","targetHints":{"allow":["GET"]}}],"collection":[{"href":"https:\/\/www.vita.sk\/cs\/wp-json\/wp\/v2\/product"}],"about":[{"href":"https:\/\/www.vita.sk\/cs\/wp-json\/wp\/v2\/types\/product"}],"author":[{"embeddable":true,"href":"https:\/\/www.vita.sk\/cs\/wp-json\/wp\/v2\/users\/27"}],"replies":[{"embeddable":true,"href":"https:\/\/www.vita.sk\/cs\/wp-json\/wp\/v2\/comments?post=8627"}],"wp:featuredmedia":[{"embeddable":true,"href":"https:\/\/www.vita.sk\/cs\/wp-json\/wp\/v2\/media\/1019"}],"wp:attachment":[{"href":"https:\/\/www.vita.sk\/cs\/wp-json\/wp\/v2\/media?parent=8627"}],"wp:term":[{"taxonomy":"product_brand","embeddable":true,"href":"https:\/\/www.vita.sk\/cs\/wp-json\/wp\/v2\/product_brand?post=8627"},{"taxonomy":"product_cat","embeddable":true,"href":"https:\/\/www.vita.sk\/cs\/wp-json\/wp\/v2\/product_cat?post=8627"},{"taxonomy":"product_tag","embeddable":true,"href":"https:\/\/www.vita.sk\/cs\/wp-json\/wp\/v2\/product_tag?post=8627"}],"curies":[{"name":"wp","href":"https:\/\/api.w.org\/{rel}","templated":true}]}}