{"id":8648,"date":"2025-03-03T11:36:53","date_gmt":"2025-03-03T10:36:53","guid":{"rendered":"https:\/\/www.vita.sk\/?post_type=product&#038;p=8648"},"modified":"2026-03-19T12:50:56","modified_gmt":"2026-03-19T11:50:56","slug":"online-kurz-scrum","status":"publish","type":"product","link":"https:\/\/www.vita.sk\/cs\/online-kurz-scrum\/","title":{"rendered":"Online kurz Agile Scrum"},"content":{"rendered":"<p>Online kurz Agile Scrum pre v\u00e1s ide\u00e1lny, ak sa chcete nau\u010di\u0165, ako efekt\u00edvne riadi\u0165 projekty v agilnom prostred\u00ed, zlep\u0161i\u0165 spolupr\u00e1cu v t\u00edme a pochopi\u0165 \u00falohy ako Scrum Master, Product Owner alebo \u010dlen v\u00fdvojov\u00e9ho t\u00edmu. <strong>Ide o akreditovan\u00fd a certifikovan\u00fd online kurz na Agile Scrum.<\/strong> V kurze sa obozn\u00e1mite so z\u00e1kladmi agiln\u00e9ho manifestu, filozofiou Scrum a k\u013e\u00fa\u010dov\u00fdmi pojmami ako s\u00fa \u0161printy, backlog, user stories, DoR (Definition of Ready) a DoD (Definition of Done). Dozviete sa, ako vytvori\u0165 a spravova\u0165 agiln\u00fd projekt v n\u00e1stroji Jira Software, ako efekt\u00edvne prioritizova\u0165 \u00falohy, pracova\u0165 s Issues a rozv\u00edja\u0165 zru\u010dnosti t\u00edmovej spolupr\u00e1ce. Praktick\u00e9 uk\u00e1\u017eky v\u00e1m pom\u00f4\u017eu pochopi\u0165 cel\u00fd Scrum proces a to od pl\u00e1novania a\u017e po retrospekt\u00edvu. Kurz zah\u0155\u0148a aj pokro\u010dilej\u0161ie techniky ako RACI, RASCI, DARI a RAPID, ktor\u00e9 sl\u00fa\u017eia na efekt\u00edvne riadenie rol\u00ed, zodpovednost\u00ed a rozhodovac\u00edch pr\u00e1vomoc\u00ed v t\u00edme a organiz\u00e1cii. S\u00fa\u010das\u0165ou je aj pr\u00edprava na certifika\u010dn\u00e9 sk\u00fa\u0161ky. Nau\u010d\u00edte sa, ako sa efekt\u00edvne pripravi\u0165 na sk\u00fa\u0161ky ako Scrum Master certifik\u00e1t od Scrum Alliance alebo in\u00fdch uzn\u00e1van\u00fdch in\u0161tit\u00faci\u00ed. D\u00f4le\u017eitou \u010das\u0165ou kurzu je mana\u017ement riz\u00edk, kde sa nau\u010d\u00edte identifikova\u0165, hodnoti\u0165 a riadi\u0165 rizik\u00e1 v agilnom prostred\u00ed. Okrem toho z\u00edskate cenn\u00e9 mana\u017e\u00e9rske tipy a triky z praxe, ktor\u00e9 v\u00e1m pom\u00f4\u017eu zefekt\u00edvni\u0165 vedenie t\u00edmu, rozhodovanie a agiln\u00e9 pl\u00e1novanie. V\u010faka tomuto kurzu budete pripraven\u00ed p\u00f4sobi\u0165 v agiln\u00fdch t\u00edmoch, vies\u0165 projekty pod\u013ea Scrum metodiky a preuk\u00e1za\u0165 svoju odbornos\u0165 pri certifik\u00e1cii. Tento kurz je vhodn\u00fd nielen pre za\u010diato\u010dn\u00edkov, ale aj pre t\u00fdch, ktor\u00ed u\u017e pracuj\u00fa v IT, projektovom riaden\u00ed alebo produktovom v\u00fdvoji a chc\u00fa si roz\u0161\u00edri\u0165 vedomosti a z\u00edska\u0165 praktick\u00e9 zru\u010dnosti z agiln\u00e9ho sveta. Ak sa chcete skuto\u010dne nau\u010di\u0165 Agile Scrum, tak toto je ide\u00e1lny vstupn\u00fd online kurz pre v\u00e1s.<\/p>\n","protected":false},"excerpt":{"rendered":"<p>Online kurz Agile Scrum pre v\u00e1s ide\u00e1lny, ak sa chcete nau\u010di\u0165, ako efekt\u00edvne riadi\u0165 projekty v agilnom prostred\u00ed, zlep\u0161i\u0165 spolupr\u00e1cu v t\u00edme a pochopi\u0165 \u00falohy ako Scrum Master, Product Owner alebo \u010dlen v\u00fdvojov\u00e9ho t\u00edmu. Ide o akreditovan\u00fd a certifikovan\u00fd online kurz na Agile Scrum.","protected":false},"author":4,"featured_media":4247,"comment_status":"open","ping_status":"closed","template":"","meta":{"_acf_changed":false},"product_brand":[],"product_cat":[84,45,99,73,131,404],"product_tag":[189,414],"class_list":{"0":"post-8648","1":"product","2":"type-product","3":"status-publish","4":"has-post-thumbnail","6":"product_cat-online-kurzy-manazerske-kurzy-soft-skills","7":"product_cat-online-kurzy-certifikacne-skusky","8":"product_cat-online-kurzy-programovacie-jazyky","9":"product_cat-bez-kategorie","10":"product_cat-online-kurzy-programovanie","11":"product_cat-online-kurzy-jira","12":"product_tag-programovacie-jazyky","13":"product_tag-scrum","15":"first","16":"instock","17":"sale","18":"sold-individually","19":"taxable","20":"shipping-taxable","21":"purchasable","22":"product-type-simple"},"yoast_head":"<!-- This site is optimized with the Yoast SEO Premium plugin v25.0 (Yoast SEO v25.0) - https:\/\/yoast.com\/wordpress\/plugins\/seo\/ -->\n<title>Online kurz Agile Scrum 2026 | VITA<\/title>\n<meta name=\"description\" content=\"V online kurze Agile Scrum sa nau\u010d\u00edte princ\u00edpy agiln\u00e9ho riadenia projektov a praktick\u00e9 vyu\u017eitie Scrum r\u00e1mca a to aj priamo v Jira Software. \u2705\" \/>\n<meta name=\"robots\" content=\"index, follow, max-snippet:-1, max-image-preview:large, max-video-preview:-1\" \/>\n<link rel=\"canonical\" href=\"https:\/\/www.vita.sk\/online-kurz-scrum\/\" \/>\n<meta property=\"og:locale\" content=\"cs_CZ\" \/>\n<meta property=\"og:type\" content=\"article\" \/>\n<meta property=\"og:title\" content=\"Online kurz Agile Scrum\" \/>\n<meta property=\"og:description\" content=\"V online kurze Agile Scrum sa nau\u010d\u00edte princ\u00edpy agiln\u00e9ho riadenia projektov a praktick\u00e9 vyu\u017eitie Scrum r\u00e1mca a to aj priamo v Jira Software. \u2705\" \/>\n<meta property=\"og:url\" content=\"https:\/\/www.vita.sk\/online-kurz-scrum\/\" \/>\n<meta property=\"og:site_name\" content=\"VITA\" \/>\n<meta property=\"article:publisher\" content=\"https:\/\/www.facebook.com\/VitaAcademySK\" \/>\n<meta property=\"article:modified_time\" content=\"2026-03-19T11:50:56+00:00\" \/>\n<meta property=\"og:image\" content=\"https:\/\/www.vita.sk\/wp-content\/uploads\/2020\/11\/kurz-scrum.png\" \/>\n\t<meta property=\"og:image:width\" content=\"360\" \/>\n\t<meta property=\"og:image:height\" content=\"360\" \/>\n\t<meta property=\"og:image:type\" content=\"image\/png\" \/>\n<meta name=\"twitter:card\" content=\"summary_large_image\" \/>\n<meta name=\"twitter:label1\" content=\"Odhadovan\u00e1 doba \u010dten\u00ed\" \/>\n\t<meta name=\"twitter:data1\" content=\"2 minuty\" \/>\n<script type=\"application\/ld+json\" class=\"yoast-schema-graph\">{\n\t    \"@context\": \"https:\/\/schema.org\",\n\t    \"@graph\": [\n\t        {\n\t            \"@type\": \"WebPage\",\n\t            \"@id\": \"https:\/\/www.vita.sk\/online-kurz-scrum\/\",\n\t            \"url\": \"https:\/\/www.vita.sk\/online-kurz-scrum\/\",\n\t            \"name\": \"Online kurz Agile Scrum {Y} | VITA\",\n\t            \"isPartOf\": {\n\t                \"@id\": \"https:\/\/www.vita.sk\/#website\"\n\t            },\n\t            \"primaryImageOfPage\": {\n\t                \"@id\": \"https:\/\/www.vita.sk\/online-kurz-scrum\/#primaryimage\"\n\t            },\n\t            \"image\": {\n\t                \"@id\": \"https:\/\/www.vita.sk\/online-kurz-scrum\/#primaryimage\"\n\t            },\n\t            \"thumbnailUrl\": \"https:\/\/www.vita.sk\/wp-content\/uploads\/2020\/11\/kurz-scrum.png\",\n\t            \"datePublished\": \"2025-03-03T10:36:53+00:00\",\n\t            \"dateModified\": \"2026-03-19T11:50:56+00:00\",\n\t            \"description\": \"V online kurze Agile Scrum sa nau\u010d\u00edte princ\u00edpy agiln\u00e9ho riadenia projektov a praktick\u00e9 vyu\u017eitie Scrum r\u00e1mca a to aj priamo v Jira Software. \u2705\",\n\t            \"breadcrumb\": {\n\t                \"@id\": \"https:\/\/www.vita.sk\/online-kurz-scrum\/#breadcrumb\"\n\t            },\n\t            \"inLanguage\": \"cs\",\n\t            \"potentialAction\": [\n\t                {\n\t                    \"@type\": \"ReadAction\",\n\t                    \"target\": [\n\t                        \"https:\/\/www.vita.sk\/online-kurz-scrum\/\"\n\t                    ]\n\t                }\n\t            ]\n\t        },\n\t        {\n\t            \"@type\": \"ImageObject\",\n\t            \"inLanguage\": \"cs\",\n\t            \"@id\": \"https:\/\/www.vita.sk\/online-kurz-scrum\/#primaryimage\",\n\t            \"url\": \"https:\/\/www.vita.sk\/wp-content\/uploads\/2020\/11\/kurz-scrum.png\",\n\t            \"contentUrl\": \"https:\/\/www.vita.sk\/wp-content\/uploads\/2020\/11\/kurz-scrum.png\",\n\t            \"width\": 360,\n\t            \"height\": 360,\n\t            \"caption\": \"Online kurz Scrum\"\n\t        },\n\t        {\n\t            \"@type\": \"BreadcrumbList\",\n\t            \"@id\": \"https:\/\/www.vita.sk\/online-kurz-scrum\/#breadcrumb\",\n\t            \"itemListElement\": [\n\t                {\n\t                    \"@type\": \"ListItem\",\n\t                    \"position\": 1,\n\t                    \"name\": \"VITA Academy\",\n\t                    \"item\": \"https:\/\/www.vita.sk\/cs\/\"\n\t                },\n\t                {\n\t                    \"@type\": \"ListItem\",\n\t                    \"position\": 2,\n\t                    \"name\": \"Shop\",\n\t                    \"item\": \"https:\/\/www.vita.sk\/shop\/\"\n\t                },\n\t                {\n\t                    \"@type\": \"ListItem\",\n\t                    \"position\": 3,\n\t                    \"name\": \"Mana\u017e\u00e9rske a Soft Skills Kurzy\",\n\t                    \"item\": \"https:\/\/www.vita.sk\/online-kurzy-manazerske-kurzy-soft-skills\/\"\n\t                },\n\t                {\n\t                    \"@type\": \"ListItem\",\n\t                    \"position\": 4,\n\t                    \"name\": \"Online kurz Agile Scrum\"\n\t                }\n\t            ]\n\t        },\n\t        {\n\t            \"@type\": \"WebSite\",\n\t            \"@id\": \"https:\/\/www.vita.sk\/#website\",\n\t            \"url\": \"https:\/\/www.vita.sk\/\",\n\t            \"name\": \"VITA\",\n\t            \"description\": \"\",\n\t            \"publisher\": {\n\t                \"@id\": \"https:\/\/www.vita.sk\/#organization\"\n\t            },\n\t            \"potentialAction\": [\n\t                {\n\t                    \"@type\": \"SearchAction\",\n\t                    \"target\": {\n\t                        \"@type\": \"EntryPoint\",\n\t                        \"urlTemplate\": \"https:\/\/www.vita.sk\/?s={search_term_string}\"\n\t                    },\n\t                    \"query-input\": {\n\t                        \"@type\": \"PropertyValueSpecification\",\n\t                        \"valueRequired\": true,\n\t                        \"valueName\": \"search_term_string\"\n\t                    }\n\t                }\n\t            ],\n\t            \"inLanguage\": \"cs\"\n\t        },\n\t        {\n\t            \"email\": \"admin@vita.sk\",\n\t            \"logo\": \"https:\/\/www.vita.sk\/img\/vita_logo.png \",\n\t            \"address\": {\n\t                \"type\": \"PostalAddress\",\n\t                \"streetAddress\": \"Tom\u00e1\u0161ikova 50\/A\",\n\t                \"addressLocality\": \"Bratislava\",\n\t                \"postalCode\": \"83104\",\n\t                \"addressCountry\": {\n\t                    \"name\": \"SK\",\n\t                    \"type\": \"Country\"\n\t                }\n\t            },\n\t            \"contactPoint\": {\n\t                \"type\": \"ContactPoint\",\n\t                \"telephone\": \"+421 907 375\u00a0543\",\n\t                \"Email\": \"admin@vita.sk\",\n\t                \"contactType\": \"customer service\"\n\t            },\n\t            \"sameAs\": [\n\t                \"https:\/\/www.facebook.com\/VitaAcademySK\/\",\n\t                \"https:\/\/www.linkedin.com\/company\/vita-academy\/\"\n\t            ]\n\t        }\n\t    ]\n\t}<\/script>\n<!-- \/ Yoast SEO Premium plugin. -->","yoast_head_json":{"title":"Online kurz Agile Scrum 2026 | VITA","description":"V online kurze Agile Scrum sa nau\u010d\u00edte princ\u00edpy agiln\u00e9ho riadenia projektov a praktick\u00e9 vyu\u017eitie Scrum r\u00e1mca a to aj priamo v Jira Software. \u2705","robots":{"index":"index","follow":"follow","max-snippet":"max-snippet:-1","max-image-preview":"max-image-preview:large","max-video-preview":"max-video-preview:-1"},"canonical":"https:\/\/www.vita.sk\/online-kurz-scrum\/","og_locale":"cs_CZ","og_type":"article","og_title":"Online kurz Agile Scrum","og_description":"V online kurze Agile Scrum sa nau\u010d\u00edte princ\u00edpy agiln\u00e9ho riadenia projektov a praktick\u00e9 vyu\u017eitie Scrum r\u00e1mca a to aj priamo v Jira Software. \u2705","og_url":"https:\/\/www.vita.sk\/online-kurz-scrum\/","og_site_name":"VITA","article_publisher":"https:\/\/www.facebook.com\/VitaAcademySK","article_modified_time":"2026-03-19T11:50:56+00:00","og_image":[{"width":360,"height":360,"url":"https:\/\/www.vita.sk\/wp-content\/uploads\/2020\/11\/kurz-scrum.png","type":"image\/png"}],"twitter_card":"summary_large_image","twitter_misc":{"Odhadovan\u00e1 doba \u010dten\u00ed":"2 minuty"},"schema":{"@context":"https:\/\/schema.org","@graph":[{"@type":"WebPage","@id":"https:\/\/www.vita.sk\/online-kurz-scrum\/","url":"https:\/\/www.vita.sk\/online-kurz-scrum\/","name":"Online kurz Agile Scrum {Y} | VITA","isPartOf":{"@id":"https:\/\/www.vita.sk\/#website"},"primaryImageOfPage":{"@id":"https:\/\/www.vita.sk\/online-kurz-scrum\/#primaryimage"},"image":{"@id":"https:\/\/www.vita.sk\/online-kurz-scrum\/#primaryimage"},"thumbnailUrl":"https:\/\/www.vita.sk\/wp-content\/uploads\/2020\/11\/kurz-scrum.png","datePublished":"2025-03-03T10:36:53+00:00","dateModified":"2026-03-19T11:50:56+00:00","description":"V online kurze Agile Scrum sa nau\u010d\u00edte princ\u00edpy agiln\u00e9ho riadenia projektov a praktick\u00e9 vyu\u017eitie Scrum r\u00e1mca a to aj priamo v Jira Software. \u2705","breadcrumb":{"@id":"https:\/\/www.vita.sk\/online-kurz-scrum\/#breadcrumb"},"inLanguage":"cs","potentialAction":[{"@type":"ReadAction","target":["https:\/\/www.vita.sk\/online-kurz-scrum\/"]}]},{"@type":"ImageObject","inLanguage":"cs","@id":"https:\/\/www.vita.sk\/online-kurz-scrum\/#primaryimage","url":"https:\/\/www.vita.sk\/wp-content\/uploads\/2020\/11\/kurz-scrum.png","contentUrl":"https:\/\/www.vita.sk\/wp-content\/uploads\/2020\/11\/kurz-scrum.png","width":360,"height":360,"caption":"Online kurz Scrum"},{"@type":"BreadcrumbList","@id":"https:\/\/www.vita.sk\/online-kurz-scrum\/#breadcrumb","itemListElement":[{"@type":"ListItem","position":1,"name":"VITA Academy","item":"https:\/\/www.vita.sk\/cs\/"},{"@type":"ListItem","position":2,"name":"Shop","item":"https:\/\/www.vita.sk\/shop\/"},{"@type":"ListItem","position":3,"name":"Mana\u017e\u00e9rske a Soft Skills Kurzy","item":"https:\/\/www.vita.sk\/online-kurzy-manazerske-kurzy-soft-skills\/"},{"@type":"ListItem","position":4,"name":"Online kurz Agile Scrum"}]},{"@type":"WebSite","@id":"https:\/\/www.vita.sk\/#website","url":"https:\/\/www.vita.sk\/","name":"VITA","description":"","publisher":{"@id":"https:\/\/www.vita.sk\/#organization"},"potentialAction":[{"@type":"SearchAction","target":{"@type":"EntryPoint","urlTemplate":"https:\/\/www.vita.sk\/?s={search_term_string}"},"query-input":{"@type":"PropertyValueSpecification","valueRequired":true,"valueName":"search_term_string"}}],"inLanguage":"cs"},{"email":"admin@vita.sk","logo":"https:\/\/www.vita.sk\/img\/vita_logo.png ","address":{"type":"PostalAddress","streetAddress":"Tom\u00e1\u0161ikova 50\/A","addressLocality":"Bratislava","postalCode":"83104","addressCountry":{"name":"SK","type":"Country"}},"contactPoint":{"type":"ContactPoint","telephone":"+421 907 375\u00a0543","Email":"admin@vita.sk","contactType":"customer service"},"sameAs":["https:\/\/www.facebook.com\/VitaAcademySK\/","https:\/\/www.linkedin.com\/company\/vita-academy\/"]}]}},"acf":[],"_links":{"self":[{"href":"https:\/\/www.vita.sk\/cs\/wp-json\/wp\/v2\/product\/8648","targetHints":{"allow":["GET"]}}],"collection":[{"href":"https:\/\/www.vita.sk\/cs\/wp-json\/wp\/v2\/product"}],"about":[{"href":"https:\/\/www.vita.sk\/cs\/wp-json\/wp\/v2\/types\/product"}],"author":[{"embeddable":true,"href":"https:\/\/www.vita.sk\/cs\/wp-json\/wp\/v2\/users\/4"}],"replies":[{"embeddable":true,"href":"https:\/\/www.vita.sk\/cs\/wp-json\/wp\/v2\/comments?post=8648"}],"wp:featuredmedia":[{"embeddable":true,"href":"https:\/\/www.vita.sk\/cs\/wp-json\/wp\/v2\/media\/4247"}],"wp:attachment":[{"href":"https:\/\/www.vita.sk\/cs\/wp-json\/wp\/v2\/media?parent=8648"}],"wp:term":[{"taxonomy":"product_brand","embeddable":true,"href":"https:\/\/www.vita.sk\/cs\/wp-json\/wp\/v2\/product_brand?post=8648"},{"taxonomy":"product_cat","embeddable":true,"href":"https:\/\/www.vita.sk\/cs\/wp-json\/wp\/v2\/product_cat?post=8648"},{"taxonomy":"product_tag","embeddable":true,"href":"https:\/\/www.vita.sk\/cs\/wp-json\/wp\/v2\/product_tag?post=8648"}],"curies":[{"name":"wp","href":"https:\/\/api.w.org\/{rel}","templated":true}]}}