{"id":8847,"date":"2022-04-07T15:10:28","date_gmt":"2022-04-07T13:10:28","guid":{"rendered":"https:\/\/www.vita.sk\/?post_type=product&#038;p=8847"},"modified":"2024-06-11T11:50:39","modified_gmt":"2024-06-11T09:50:39","slug":"online-kurz-zaklady-jazyka-python","status":"publish","type":"product","link":"https:\/\/www.vita.sk\/cs\/online-kurz-zaklady-jazyka-python\/","title":{"rendered":"Online kurz Z\u00e1klady Jazyka Python"},"content":{"rendered":"<p>Online kurz Z\u00e1klady Jazyka Python je ur\u010den\u00fd pre t\u00fdch, ktor\u00ed m\u00e1ju z\u00e1ujem nau\u010di\u0165 sa z\u00e1klady programovania a algoritmiz\u00e1cie. Online kurz je ur\u010den\u00fd pre za\u010diato\u010dn\u00edkov, ktor\u00fdch l\u00e1ka svet IT, ale aj pre t\u00fdch, ktor\u00ed u\u017e nejak\u00e9 sk\u00fasenosti maj\u00fa. Budeme sa venova\u0165 z\u00e1kladn\u00fdm princ\u00edpom a syntaxi jazyka Python. Z\u00edskate preh\u013ead o funkcionalite a pou\u017e\u00edvan\u00ed n\u00e1stroja Anaconda Navig\u00e1tor. Nau\u010d\u00edte sa manipulova\u0165 s r\u00f4znymi typmi vstupov a v\u00fdstupov, ako aj s re\u0165azcami. Nau\u010d\u00edte sa, ako pou\u017e\u00edva\u0165 r\u00f4zne riadiace \u0161trukt\u00fary a oper\u00e1tory. Rovnako sa nau\u010d\u00edte p\u00edsa\u0165 \u010dist\u00fd a zrozumite\u013en\u00fd k\u00f3d pomocou algoritmov. Uk\u00e1\u017eeme si ako importova\u0165 extern\u00e9 kni\u017enice a moduly pomocou n\u00e1stroja PIP.\u00a0Ako absolvent online kurzu budete vedie\u0165 tvori\u0165 jednoduch\u00e9 aplik\u00e1cie.<\/p>\n","protected":false},"excerpt":{"rendered":"<p>Online kurz Z\u00e1klady Jazyka Python je ur\u010den\u00fd pre t\u00fdch, ktor\u00ed m\u00e1ju z\u00e1ujem nau\u010di\u0165 sa z\u00e1klady programovania a algoritmiz\u00e1cie. Online kurz je ur\u010den\u00fd pre za\u010diato\u010dn\u00edkov, ktor\u00fdch l\u00e1ka svet IT, ale aj pre t\u00fdch, ktor\u00ed u\u017e nejak\u00e9 sk\u00fasenosti maj\u00fa. Budeme sa venova\u0165 z\u00e1kladn\u00fdm princ\u00edpom a syntaxi jazyka Python. Z\u00edskate preh\u013ead o funkcionalite a pou\u017e\u00edvan\u00ed n\u00e1stroja Anaconda Navig\u00e1tor.","protected":false},"author":4,"featured_media":4232,"comment_status":"open","ping_status":"closed","template":"","meta":{"_acf_changed":false},"product_brand":[],"product_cat":[99,106,73,131,167],"product_tag":[189],"class_list":{"0":"post-8847","1":"product","2":"type-product","3":"status-publish","4":"has-post-thumbnail","6":"product_cat-online-kurzy-programovacie-jazyky","7":"product_cat-online-kurzy-python","8":"product_cat-bez-kategorie","9":"product_cat-online-kurzy-programovanie","10":"product_cat-online-kurzy-zaklady-programovania","11":"product_tag-programovacie-jazyky","13":"first","14":"instock","15":"sale","16":"sold-individually","17":"taxable","18":"shipping-taxable","19":"purchasable","20":"product-type-simple"},"yoast_head":"<!-- This site is optimized with the Yoast SEO Premium plugin v25.0 (Yoast SEO v25.0) - https:\/\/yoast.com\/wordpress\/plugins\/seo\/ -->\n<title>Online kurz Z\u00e1klady Jazyka Python  | VITA<\/title>\n<meta name=\"description\" content=\"Online kurz Z\u00e1klady Jazyka Python je ur\u010den\u00fd pre t\u00fdch, ktor\u00ed m\u00e1ju z\u00e1ujem nau\u010di\u0165 sa z\u00e1klady programovania, algoritmiz\u00e1cie. Online kurz je ur\u010den\u00fd pre za\u010diato\u010dn\u00edkov, ktor\u00fdch l\u00e1ka svet IT, ale aj pre t\u00fdch, ktor\u00ed u\u017e nejak\u00e9 sk\u00fasenosti maj\u00fa. Ako absolvent online kurzu Z\u00e1klady Jazyka Python bude\u0161 pozna\u0165 z\u00e1kladn\u00e9 princ\u00edpy programovania, samostatne tvori\u0165 jednoduch\u00e9 aplik\u00e1cie v jazyku Python a hlavne ako uva\u017eova\u0165 pri programovan\u00ed a vytv\u00e1ra\u0165 vlastn\u00e9 algoritmy.\" \/>\n<meta name=\"robots\" content=\"index, follow, max-snippet:-1, max-image-preview:large, max-video-preview:-1\" \/>\n<link rel=\"canonical\" href=\"https:\/\/www.vita.sk\/online-kurz-zaklady-jazyka-python\/\" \/>\n<meta property=\"og:locale\" content=\"cs_CZ\" \/>\n<meta property=\"og:type\" content=\"article\" \/>\n<meta property=\"og:title\" content=\"Online kurz Z\u00e1klady Jazyka Python\" \/>\n<meta property=\"og:description\" content=\"Online kurz Z\u00e1klady Jazyka Python je ur\u010den\u00fd pre t\u00fdch, ktor\u00ed m\u00e1ju z\u00e1ujem nau\u010di\u0165 sa z\u00e1klady programovania, algoritmiz\u00e1cie. Online kurz je ur\u010den\u00fd pre za\u010diato\u010dn\u00edkov, ktor\u00fdch l\u00e1ka svet IT, ale aj pre t\u00fdch, ktor\u00ed u\u017e nejak\u00e9 sk\u00fasenosti maj\u00fa. Ako absolvent online kurzu Z\u00e1klady Jazyka Python bude\u0161 pozna\u0165 z\u00e1kladn\u00e9 princ\u00edpy programovania, samostatne tvori\u0165 jednoduch\u00e9 aplik\u00e1cie v jazyku Python a hlavne ako uva\u017eova\u0165 pri programovan\u00ed a vytv\u00e1ra\u0165 vlastn\u00e9 algoritmy.\" \/>\n<meta property=\"og:url\" content=\"https:\/\/www.vita.sk\/online-kurz-zaklady-jazyka-python\/\" \/>\n<meta property=\"og:site_name\" content=\"VITA\" \/>\n<meta property=\"article:publisher\" content=\"https:\/\/www.facebook.com\/VitaAcademySK\" \/>\n<meta property=\"article:modified_time\" content=\"2024-06-11T09:50:39+00:00\" \/>\n<meta property=\"og:image\" content=\"https:\/\/www.vita.sk\/wp-content\/uploads\/2020\/11\/kurz-Python.png\" \/>\n\t<meta property=\"og:image:width\" content=\"360\" \/>\n\t<meta property=\"og:image:height\" content=\"360\" \/>\n\t<meta property=\"og:image:type\" content=\"image\/png\" \/>\n<meta name=\"twitter:card\" content=\"summary_large_image\" \/>\n<meta name=\"twitter:label1\" content=\"Odhadovan\u00e1 doba \u010dten\u00ed\" \/>\n\t<meta name=\"twitter:data1\" content=\"1 minuta\" \/>\n<script type=\"application\/ld+json\" class=\"yoast-schema-graph\">{\n\t    \"@context\": \"https:\/\/schema.org\",\n\t    \"@graph\": [\n\t        {\n\t            \"@type\": \"WebPage\",\n\t            \"@id\": \"https:\/\/www.vita.sk\/online-kurz-zaklady-jazyka-python\/\",\n\t            \"url\": \"https:\/\/www.vita.sk\/online-kurz-zaklady-jazyka-python\/\",\n\t            \"name\": \"Online kurz Z\u00e1klady Jazyka Python 2024 | VITA\",\n\t            \"isPartOf\": {\n\t                \"@id\": \"https:\/\/www.vita.sk\/#website\"\n\t            },\n\t            \"primaryImageOfPage\": {\n\t                \"@id\": \"https:\/\/www.vita.sk\/online-kurz-zaklady-jazyka-python\/#primaryimage\"\n\t            },\n\t            \"image\": {\n\t                \"@id\": \"https:\/\/www.vita.sk\/online-kurz-zaklady-jazyka-python\/#primaryimage\"\n\t            },\n\t            \"thumbnailUrl\": \"https:\/\/www.vita.sk\/wp-content\/uploads\/2020\/11\/kurz-Python.png\",\n\t            \"datePublished\": \"2022-04-07T13:10:28+00:00\",\n\t            \"dateModified\": \"2024-06-11T09:50:39+00:00\",\n\t            \"description\": \"Online kurz Z\u00e1klady Jazyka Python je ur\u010den\u00fd pre t\u00fdch, ktor\u00ed m\u00e1ju z\u00e1ujem nau\u010di\u0165 sa z\u00e1klady programovania, algoritmiz\u00e1cie. Online kurz je ur\u010den\u00fd pre za\u010diato\u010dn\u00edkov, ktor\u00fdch l\u00e1ka svet IT, ale aj pre t\u00fdch, ktor\u00ed u\u017e nejak\u00e9 sk\u00fasenosti maj\u00fa. Ako absolvent online kurzu Z\u00e1klady Jazyka Python bude\u0161 pozna\u0165 z\u00e1kladn\u00e9 princ\u00edpy programovania, samostatne tvori\u0165 jednoduch\u00e9 aplik\u00e1cie v jazyku Python a hlavne ako uva\u017eova\u0165 pri programovan\u00ed a vytv\u00e1ra\u0165 vlastn\u00e9 algoritmy.\",\n\t            \"breadcrumb\": {\n\t                \"@id\": \"https:\/\/www.vita.sk\/online-kurz-zaklady-jazyka-python\/#breadcrumb\"\n\t            },\n\t            \"inLanguage\": \"cs\",\n\t            \"potentialAction\": [\n\t                {\n\t                    \"@type\": \"ReadAction\",\n\t                    \"target\": [\n\t                        \"https:\/\/www.vita.sk\/online-kurz-zaklady-jazyka-python\/\"\n\t                    ]\n\t                }\n\t            ]\n\t        },\n\t        {\n\t            \"@type\": \"ImageObject\",\n\t            \"inLanguage\": \"cs\",\n\t            \"@id\": \"https:\/\/www.vita.sk\/online-kurz-zaklady-jazyka-python\/#primaryimage\",\n\t            \"url\": \"https:\/\/www.vita.sk\/wp-content\/uploads\/2020\/11\/kurz-Python.png\",\n\t            \"contentUrl\": \"https:\/\/www.vita.sk\/wp-content\/uploads\/2020\/11\/kurz-Python.png\",\n\t            \"width\": 360,\n\t            \"height\": 360,\n\t            \"caption\": \"Online kurz Python\"\n\t        },\n\t        {\n\t            \"@type\": \"BreadcrumbList\",\n\t            \"@id\": \"https:\/\/www.vita.sk\/online-kurz-zaklady-jazyka-python\/#breadcrumb\",\n\t            \"itemListElement\": [\n\t                {\n\t                    \"@type\": \"ListItem\",\n\t                    \"position\": 1,\n\t                    \"name\": \"VITA Academy\",\n\t                    \"item\": \"https:\/\/www.vita.sk\/cs\/\"\n\t                },\n\t                {\n\t                    \"@type\": \"ListItem\",\n\t                    \"position\": 2,\n\t                    \"name\": \"Shop\",\n\t                    \"item\": \"https:\/\/www.vita.sk\/shop\/\"\n\t                },\n\t                {\n\t                    \"@type\": \"ListItem\",\n\t                    \"position\": 3,\n\t                    \"name\": \"Programovacie Jazyky\",\n\t                    \"item\": \"https:\/\/www.vita.sk\/online-kurzy-programovacie-jazyky\/\"\n\t                },\n\t                {\n\t                    \"@type\": \"ListItem\",\n\t                    \"position\": 4,\n\t                    \"name\": \"Online kurz Z\u00e1klady Jazyka Python\"\n\t                }\n\t            ]\n\t        },\n\t        {\n\t            \"@type\": \"WebSite\",\n\t            \"@id\": \"https:\/\/www.vita.sk\/#website\",\n\t            \"url\": \"https:\/\/www.vita.sk\/\",\n\t            \"name\": \"VITA\",\n\t            \"description\": \"\",\n\t            \"publisher\": {\n\t                \"@id\": \"https:\/\/www.vita.sk\/#organization\"\n\t            },\n\t            \"potentialAction\": [\n\t                {\n\t                    \"@type\": \"SearchAction\",\n\t                    \"target\": {\n\t                        \"@type\": \"EntryPoint\",\n\t                        \"urlTemplate\": \"https:\/\/www.vita.sk\/?s={search_term_string}\"\n\t                    },\n\t                    \"query-input\": {\n\t                        \"@type\": \"PropertyValueSpecification\",\n\t                        \"valueRequired\": true,\n\t                        \"valueName\": \"search_term_string\"\n\t                    }\n\t                }\n\t            ],\n\t            \"inLanguage\": \"cs\"\n\t        },\n\t        {\n\t            \"email\": \"admin@vita.sk\",\n\t            \"logo\": \"https:\/\/www.vita.sk\/img\/vita_logo.png \",\n\t            \"address\": {\n\t                \"type\": \"PostalAddress\",\n\t                \"streetAddress\": \"Tom\u00e1\u0161ikova 50\/A\",\n\t                \"addressLocality\": \"Bratislava\",\n\t                \"postalCode\": \"83104\",\n\t                \"addressCountry\": {\n\t                    \"name\": \"SK\",\n\t                    \"type\": \"Country\"\n\t                }\n\t            },\n\t            \"contactPoint\": {\n\t                \"type\": \"ContactPoint\",\n\t                \"telephone\": \"+421 907 375\u00a0543\",\n\t                \"Email\": \"admin@vita.sk\",\n\t                \"contactType\": \"customer service\"\n\t            },\n\t            \"sameAs\": [\n\t                \"https:\/\/www.facebook.com\/VitaAcademySK\/\",\n\t                \"https:\/\/www.linkedin.com\/company\/vita-academy\/\"\n\t            ]\n\t        }\n\t    ]\n\t}<\/script>\n<!-- \/ Yoast SEO Premium plugin. -->","yoast_head_json":{"title":"Online kurz Z\u00e1klady Jazyka Python  | VITA","description":"Online kurz Z\u00e1klady Jazyka Python je ur\u010den\u00fd pre t\u00fdch, ktor\u00ed m\u00e1ju z\u00e1ujem nau\u010di\u0165 sa z\u00e1klady programovania, algoritmiz\u00e1cie. Online kurz je ur\u010den\u00fd pre za\u010diato\u010dn\u00edkov, ktor\u00fdch l\u00e1ka svet IT, ale aj pre t\u00fdch, ktor\u00ed u\u017e nejak\u00e9 sk\u00fasenosti maj\u00fa. Ako absolvent online kurzu Z\u00e1klady Jazyka Python bude\u0161 pozna\u0165 z\u00e1kladn\u00e9 princ\u00edpy programovania, samostatne tvori\u0165 jednoduch\u00e9 aplik\u00e1cie v jazyku Python a hlavne ako uva\u017eova\u0165 pri programovan\u00ed a vytv\u00e1ra\u0165 vlastn\u00e9 algoritmy.","robots":{"index":"index","follow":"follow","max-snippet":"max-snippet:-1","max-image-preview":"max-image-preview:large","max-video-preview":"max-video-preview:-1"},"canonical":"https:\/\/www.vita.sk\/online-kurz-zaklady-jazyka-python\/","og_locale":"cs_CZ","og_type":"article","og_title":"Online kurz Z\u00e1klady Jazyka Python","og_description":"Online kurz Z\u00e1klady Jazyka Python je ur\u010den\u00fd pre t\u00fdch, ktor\u00ed m\u00e1ju z\u00e1ujem nau\u010di\u0165 sa z\u00e1klady programovania, algoritmiz\u00e1cie. Online kurz je ur\u010den\u00fd pre za\u010diato\u010dn\u00edkov, ktor\u00fdch l\u00e1ka svet IT, ale aj pre t\u00fdch, ktor\u00ed u\u017e nejak\u00e9 sk\u00fasenosti maj\u00fa. Ako absolvent online kurzu Z\u00e1klady Jazyka Python bude\u0161 pozna\u0165 z\u00e1kladn\u00e9 princ\u00edpy programovania, samostatne tvori\u0165 jednoduch\u00e9 aplik\u00e1cie v jazyku Python a hlavne ako uva\u017eova\u0165 pri programovan\u00ed a vytv\u00e1ra\u0165 vlastn\u00e9 algoritmy.","og_url":"https:\/\/www.vita.sk\/online-kurz-zaklady-jazyka-python\/","og_site_name":"VITA","article_publisher":"https:\/\/www.facebook.com\/VitaAcademySK","article_modified_time":"2024-06-11T09:50:39+00:00","og_image":[{"width":360,"height":360,"url":"https:\/\/www.vita.sk\/wp-content\/uploads\/2020\/11\/kurz-Python.png","type":"image\/png"}],"twitter_card":"summary_large_image","twitter_misc":{"Odhadovan\u00e1 doba \u010dten\u00ed":"1 minuta"},"schema":{"@context":"https:\/\/schema.org","@graph":[{"@type":"WebPage","@id":"https:\/\/www.vita.sk\/online-kurz-zaklady-jazyka-python\/","url":"https:\/\/www.vita.sk\/online-kurz-zaklady-jazyka-python\/","name":"Online kurz Z\u00e1klady Jazyka Python 2024 | VITA","isPartOf":{"@id":"https:\/\/www.vita.sk\/#website"},"primaryImageOfPage":{"@id":"https:\/\/www.vita.sk\/online-kurz-zaklady-jazyka-python\/#primaryimage"},"image":{"@id":"https:\/\/www.vita.sk\/online-kurz-zaklady-jazyka-python\/#primaryimage"},"thumbnailUrl":"https:\/\/www.vita.sk\/wp-content\/uploads\/2020\/11\/kurz-Python.png","datePublished":"2022-04-07T13:10:28+00:00","dateModified":"2024-06-11T09:50:39+00:00","description":"Online kurz Z\u00e1klady Jazyka Python je ur\u010den\u00fd pre t\u00fdch, ktor\u00ed m\u00e1ju z\u00e1ujem nau\u010di\u0165 sa z\u00e1klady programovania, algoritmiz\u00e1cie. Online kurz je ur\u010den\u00fd pre za\u010diato\u010dn\u00edkov, ktor\u00fdch l\u00e1ka svet IT, ale aj pre t\u00fdch, ktor\u00ed u\u017e nejak\u00e9 sk\u00fasenosti maj\u00fa. Ako absolvent online kurzu Z\u00e1klady Jazyka Python bude\u0161 pozna\u0165 z\u00e1kladn\u00e9 princ\u00edpy programovania, samostatne tvori\u0165 jednoduch\u00e9 aplik\u00e1cie v jazyku Python a hlavne ako uva\u017eova\u0165 pri programovan\u00ed a vytv\u00e1ra\u0165 vlastn\u00e9 algoritmy.","breadcrumb":{"@id":"https:\/\/www.vita.sk\/online-kurz-zaklady-jazyka-python\/#breadcrumb"},"inLanguage":"cs","potentialAction":[{"@type":"ReadAction","target":["https:\/\/www.vita.sk\/online-kurz-zaklady-jazyka-python\/"]}]},{"@type":"ImageObject","inLanguage":"cs","@id":"https:\/\/www.vita.sk\/online-kurz-zaklady-jazyka-python\/#primaryimage","url":"https:\/\/www.vita.sk\/wp-content\/uploads\/2020\/11\/kurz-Python.png","contentUrl":"https:\/\/www.vita.sk\/wp-content\/uploads\/2020\/11\/kurz-Python.png","width":360,"height":360,"caption":"Online kurz Python"},{"@type":"BreadcrumbList","@id":"https:\/\/www.vita.sk\/online-kurz-zaklady-jazyka-python\/#breadcrumb","itemListElement":[{"@type":"ListItem","position":1,"name":"VITA Academy","item":"https:\/\/www.vita.sk\/cs\/"},{"@type":"ListItem","position":2,"name":"Shop","item":"https:\/\/www.vita.sk\/shop\/"},{"@type":"ListItem","position":3,"name":"Programovacie Jazyky","item":"https:\/\/www.vita.sk\/online-kurzy-programovacie-jazyky\/"},{"@type":"ListItem","position":4,"name":"Online kurz Z\u00e1klady Jazyka Python"}]},{"@type":"WebSite","@id":"https:\/\/www.vita.sk\/#website","url":"https:\/\/www.vita.sk\/","name":"VITA","description":"","publisher":{"@id":"https:\/\/www.vita.sk\/#organization"},"potentialAction":[{"@type":"SearchAction","target":{"@type":"EntryPoint","urlTemplate":"https:\/\/www.vita.sk\/?s={search_term_string}"},"query-input":{"@type":"PropertyValueSpecification","valueRequired":true,"valueName":"search_term_string"}}],"inLanguage":"cs"},{"email":"admin@vita.sk","logo":"https:\/\/www.vita.sk\/img\/vita_logo.png ","address":{"type":"PostalAddress","streetAddress":"Tom\u00e1\u0161ikova 50\/A","addressLocality":"Bratislava","postalCode":"83104","addressCountry":{"name":"SK","type":"Country"}},"contactPoint":{"type":"ContactPoint","telephone":"+421 907 375\u00a0543","Email":"admin@vita.sk","contactType":"customer service"},"sameAs":["https:\/\/www.facebook.com\/VitaAcademySK\/","https:\/\/www.linkedin.com\/company\/vita-academy\/"]}]}},"acf":[],"_links":{"self":[{"href":"https:\/\/www.vita.sk\/cs\/wp-json\/wp\/v2\/product\/8847","targetHints":{"allow":["GET"]}}],"collection":[{"href":"https:\/\/www.vita.sk\/cs\/wp-json\/wp\/v2\/product"}],"about":[{"href":"https:\/\/www.vita.sk\/cs\/wp-json\/wp\/v2\/types\/product"}],"author":[{"embeddable":true,"href":"https:\/\/www.vita.sk\/cs\/wp-json\/wp\/v2\/users\/4"}],"replies":[{"embeddable":true,"href":"https:\/\/www.vita.sk\/cs\/wp-json\/wp\/v2\/comments?post=8847"}],"wp:featuredmedia":[{"embeddable":true,"href":"https:\/\/www.vita.sk\/cs\/wp-json\/wp\/v2\/media\/4232"}],"wp:attachment":[{"href":"https:\/\/www.vita.sk\/cs\/wp-json\/wp\/v2\/media?parent=8847"}],"wp:term":[{"taxonomy":"product_brand","embeddable":true,"href":"https:\/\/www.vita.sk\/cs\/wp-json\/wp\/v2\/product_brand?post=8847"},{"taxonomy":"product_cat","embeddable":true,"href":"https:\/\/www.vita.sk\/cs\/wp-json\/wp\/v2\/product_cat?post=8847"},{"taxonomy":"product_tag","embeddable":true,"href":"https:\/\/www.vita.sk\/cs\/wp-json\/wp\/v2\/product_tag?post=8847"}],"curies":[{"name":"wp","href":"https:\/\/api.w.org\/{rel}","templated":true}]}}