{"id":9642,"date":"2022-05-25T13:44:37","date_gmt":"2022-05-25T11:44:37","guid":{"rendered":"https:\/\/www.vita.sk\/?post_type=product&#038;p=9642"},"modified":"2026-01-04T13:24:01","modified_gmt":"2026-01-04T12:24:01","slug":"online-kurz-mba-projektovy-management","status":"publish","type":"product","link":"https:\/\/www.vita.sk\/cs\/online-kurz-mba-projektovy-management\/","title":{"rendered":"Online kurz MBA Projektov\u00fd Management"},"content":{"rendered":"<p>Na online kurze MBA Projektov\u00fd Mana\u017ement v\u00e1s nau\u010d\u00edme z\u00e1klady projektov\u00e9ho riadenia. Dozviete sa, \u010do je to integrovan\u00e9 riadenie projektu a ak\u00e1 je \u00faloha projektov\u00e9ho mana\u017e\u00e9ra. V tvorbe spr\u00e1vneho harmonogramu a v definovan\u00ed rozsahu budete ako doma. Efekt\u00edvne pl\u00e1nova\u0165, realizova\u0165 a vyhodnocova\u0165 v\u00fdsledky projektu, vyu\u017e\u00edvan\u00edm modern\u00fdch met\u00f3d projektov\u00e9ho mana\u017ementu. Po absolvovan\u00ed online kurze MBA Projektov\u00fd Mana\u017ement vytvor\u00edte pl\u00e1n riadenia projektu a zvl\u00e1dnete cel\u00fa jeho realiz\u00e1ciu. Ide o jeden z kurzov \/ modulov vzdel\u00e1vacieho programu MBA. Na z\u00edskanie profesijn\u00e9ho titulu MBA je potrebn\u00e9 absolvova\u0165 v\u0161etky online kurzy dan\u00e9ho vzdel\u00e1vacieho programu MBA.<\/p>\n","protected":false},"excerpt":{"rendered":"<p>Na online kurze MBA Projektov\u00fd Mana\u017ement v\u00e1s nau\u010d\u00edme z\u00e1klady projektov\u00e9ho riadenia. Dozviete sa, \u010do je to integrovan\u00e9 riadenie projektu a ak\u00e1 je \u00faloha projektov\u00e9ho mana\u017e\u00e9ra. V tvorbe spr\u00e1vneho harmonogramu a v definovan\u00ed rozsahu budete ako doma. Efekt\u00edvne pl\u00e1nova\u0165, realizova\u0165 a vyhodnocova\u0165 v\u00fdsledky projektu, vyu\u017e\u00edvan\u00edm modern\u00fdch met\u00f3d projektov\u00e9ho mana\u017ementu.","protected":false},"author":4,"featured_media":9888,"comment_status":"open","ping_status":"closed","template":"","meta":{"_acf_changed":false},"product_brand":[],"product_cat":[84,440,73],"product_tag":[443,444,191],"class_list":{"0":"post-9642","1":"product","2":"type-product","3":"status-publish","4":"has-post-thumbnail","6":"product_cat-online-kurzy-manazerske-kurzy-soft-skills","7":"product_cat-online-kurzy-mba-projektovy-management","8":"product_cat-bez-kategorie","9":"product_tag-mba-projektovy-management","10":"product_tag-projektovy-management","11":"product_tag-manazerske-kurzy","13":"first","14":"instock","15":"sale","16":"sold-individually","17":"taxable","18":"shipping-taxable","19":"purchasable","20":"product-type-simple"},"yoast_head":"<!-- This site is optimized with the Yoast SEO Premium plugin v25.0 (Yoast SEO v25.0) - https:\/\/yoast.com\/wordpress\/plugins\/seo\/ -->\n<title>Online kurz MBA Projektov\u00fd Management 2026 | VITA<\/title>\n<meta name=\"description\" content=\"Na online kurze MBA Projektov\u00fd Mana\u017ement \u0165a nau\u010d\u00edme z\u00e1klady projektov\u00e9ho riadenia. Dozvie\u0161 sa, \u010do je to integrovan\u00e9 riadenie projektu a ak\u00e1 je \u00faloha projektov\u00e9ho mana\u017e\u00e9ra. V tvorbe spr\u00e1vneho harmonogramu a v definovan\u00ed rozsahu bude\u0161 ako doma. Efekt\u00edvne pl\u00e1nova\u0165, realizova\u0165 a vyhodnocova\u0165 v\u00fdsledky projektu, vyu\u017e\u00edvan\u00edm modern\u00fdch met\u00f3d projektov\u00e9ho mana\u017ementu. Po absolvovan\u00ed online kurze MBA Projektov\u00fd Mana\u017ement vytvor\u00ed\u0161 pl\u00e1n riadenia projektu a zvl\u00e1dne\u0161 cel\u00fa jeho realiz\u00e1ciu.\" \/>\n<meta name=\"robots\" content=\"index, follow, max-snippet:-1, max-image-preview:large, max-video-preview:-1\" \/>\n<link rel=\"canonical\" href=\"https:\/\/www.vita.sk\/online-kurz-mba-projektovy-management\/\" \/>\n<meta property=\"og:locale\" content=\"cs_CZ\" \/>\n<meta property=\"og:type\" content=\"article\" \/>\n<meta property=\"og:title\" content=\"Online kurz MBA Projektov\u00fd Management\" \/>\n<meta property=\"og:description\" content=\"Na online kurze MBA Projektov\u00fd Mana\u017ement \u0165a nau\u010d\u00edme z\u00e1klady projektov\u00e9ho riadenia. Dozvie\u0161 sa, \u010do je to integrovan\u00e9 riadenie projektu a ak\u00e1 je \u00faloha projektov\u00e9ho mana\u017e\u00e9ra. V tvorbe spr\u00e1vneho harmonogramu a v definovan\u00ed rozsahu bude\u0161 ako doma. Efekt\u00edvne pl\u00e1nova\u0165, realizova\u0165 a vyhodnocova\u0165 v\u00fdsledky projektu, vyu\u017e\u00edvan\u00edm modern\u00fdch met\u00f3d projektov\u00e9ho mana\u017ementu. Po absolvovan\u00ed online kurze MBA Projektov\u00fd Mana\u017ement vytvor\u00ed\u0161 pl\u00e1n riadenia projektu a zvl\u00e1dne\u0161 cel\u00fa jeho realiz\u00e1ciu.\" \/>\n<meta property=\"og:url\" content=\"https:\/\/www.vita.sk\/online-kurz-mba-projektovy-management\/\" \/>\n<meta property=\"og:site_name\" content=\"VITA\" \/>\n<meta property=\"article:publisher\" content=\"https:\/\/www.facebook.com\/VitaAcademySK\" \/>\n<meta property=\"article:modified_time\" content=\"2026-01-04T12:24:01+00:00\" \/>\n<meta property=\"og:image\" content=\"https:\/\/www.vita.sk\/wp-content\/uploads\/2022\/05\/online-kurz-MBA.png\" \/>\n\t<meta property=\"og:image:width\" content=\"360\" \/>\n\t<meta property=\"og:image:height\" content=\"360\" \/>\n\t<meta property=\"og:image:type\" content=\"image\/png\" \/>\n<meta name=\"twitter:card\" content=\"summary_large_image\" \/>\n<meta name=\"twitter:label1\" content=\"Odhadovan\u00e1 doba \u010dten\u00ed\" \/>\n\t<meta name=\"twitter:data1\" content=\"1 minuta\" \/>\n<script type=\"application\/ld+json\" class=\"yoast-schema-graph\">{\n\t    \"@context\": \"https:\/\/schema.org\",\n\t    \"@graph\": [\n\t        {\n\t            \"@type\": \"WebPage\",\n\t            \"@id\": \"https:\/\/www.vita.sk\/online-kurz-mba-projektovy-management\/\",\n\t            \"url\": \"https:\/\/www.vita.sk\/online-kurz-mba-projektovy-management\/\",\n\t            \"name\": \"Online kurz MBA Projektov\u00fd Management {Y} | VITA\",\n\t            \"isPartOf\": {\n\t                \"@id\": \"https:\/\/www.vita.sk\/#website\"\n\t            },\n\t            \"primaryImageOfPage\": {\n\t                \"@id\": \"https:\/\/www.vita.sk\/online-kurz-mba-projektovy-management\/#primaryimage\"\n\t            },\n\t            \"image\": {\n\t                \"@id\": \"https:\/\/www.vita.sk\/online-kurz-mba-projektovy-management\/#primaryimage\"\n\t            },\n\t            \"thumbnailUrl\": \"https:\/\/www.vita.sk\/wp-content\/uploads\/2022\/05\/online-kurz-MBA.png\",\n\t            \"datePublished\": \"2022-05-25T11:44:37+00:00\",\n\t            \"dateModified\": \"2026-01-04T12:24:01+00:00\",\n\t            \"description\": \"Na online kurze MBA Projektov\u00fd Mana\u017ement \u0165a nau\u010d\u00edme z\u00e1klady projektov\u00e9ho riadenia. Dozvie\u0161 sa, \u010do je to integrovan\u00e9 riadenie projektu a ak\u00e1 je \u00faloha projektov\u00e9ho mana\u017e\u00e9ra. V tvorbe spr\u00e1vneho harmonogramu a v definovan\u00ed rozsahu bude\u0161 ako doma. Efekt\u00edvne pl\u00e1nova\u0165, realizova\u0165 a vyhodnocova\u0165 v\u00fdsledky projektu, vyu\u017e\u00edvan\u00edm modern\u00fdch met\u00f3d projektov\u00e9ho mana\u017ementu. Po absolvovan\u00ed online kurze MBA Projektov\u00fd Mana\u017ement vytvor\u00ed\u0161 pl\u00e1n riadenia projektu a zvl\u00e1dne\u0161 cel\u00fa jeho realiz\u00e1ciu.\",\n\t            \"breadcrumb\": {\n\t                \"@id\": \"https:\/\/www.vita.sk\/online-kurz-mba-projektovy-management\/#breadcrumb\"\n\t            },\n\t            \"inLanguage\": \"cs\",\n\t            \"potentialAction\": [\n\t                {\n\t                    \"@type\": \"ReadAction\",\n\t                    \"target\": [\n\t                        \"https:\/\/www.vita.sk\/online-kurz-mba-projektovy-management\/\"\n\t                    ]\n\t                }\n\t            ]\n\t        },\n\t        {\n\t            \"@type\": \"ImageObject\",\n\t            \"inLanguage\": \"cs\",\n\t            \"@id\": \"https:\/\/www.vita.sk\/online-kurz-mba-projektovy-management\/#primaryimage\",\n\t            \"url\": \"https:\/\/www.vita.sk\/wp-content\/uploads\/2022\/05\/online-kurz-MBA.png\",\n\t            \"contentUrl\": \"https:\/\/www.vita.sk\/wp-content\/uploads\/2022\/05\/online-kurz-MBA.png\",\n\t            \"width\": 360,\n\t            \"height\": 360\n\t        },\n\t        {\n\t            \"@type\": \"BreadcrumbList\",\n\t            \"@id\": \"https:\/\/www.vita.sk\/online-kurz-mba-projektovy-management\/#breadcrumb\",\n\t            \"itemListElement\": [\n\t                {\n\t                    \"@type\": \"ListItem\",\n\t                    \"position\": 1,\n\t                    \"name\": \"VITA Academy\",\n\t                    \"item\": \"https:\/\/www.vita.sk\/cs\/\"\n\t                },\n\t                {\n\t                    \"@type\": \"ListItem\",\n\t                    \"position\": 2,\n\t                    \"name\": \"Shop\",\n\t                    \"item\": \"https:\/\/www.vita.sk\/shop\/\"\n\t                },\n\t                {\n\t                    \"@type\": \"ListItem\",\n\t                    \"position\": 3,\n\t                    \"name\": \"Mana\u017e\u00e9rske a Soft Skills Kurzy\",\n\t                    \"item\": \"https:\/\/www.vita.sk\/online-kurzy-manazerske-kurzy-soft-skills\/\"\n\t                },\n\t                {\n\t                    \"@type\": \"ListItem\",\n\t                    \"position\": 4,\n\t                    \"name\": \"MBA Projektov\u00fd Management\",\n\t                    \"item\": \"https:\/\/www.vita.sk\/online-kurzy-mba-projektovy-management\/\"\n\t                },\n\t                {\n\t                    \"@type\": \"ListItem\",\n\t                    \"position\": 5,\n\t                    \"name\": \"Online kurz MBA Projektov\u00fd Management\"\n\t                }\n\t            ]\n\t        },\n\t        {\n\t            \"@type\": \"WebSite\",\n\t            \"@id\": \"https:\/\/www.vita.sk\/#website\",\n\t            \"url\": \"https:\/\/www.vita.sk\/\",\n\t            \"name\": \"VITA\",\n\t            \"description\": \"\",\n\t            \"publisher\": {\n\t                \"@id\": \"https:\/\/www.vita.sk\/#organization\"\n\t            },\n\t            \"potentialAction\": [\n\t                {\n\t                    \"@type\": \"SearchAction\",\n\t                    \"target\": {\n\t                        \"@type\": \"EntryPoint\",\n\t                        \"urlTemplate\": \"https:\/\/www.vita.sk\/?s={search_term_string}\"\n\t                    },\n\t                    \"query-input\": {\n\t                        \"@type\": \"PropertyValueSpecification\",\n\t                        \"valueRequired\": true,\n\t                        \"valueName\": \"search_term_string\"\n\t                    }\n\t                }\n\t            ],\n\t            \"inLanguage\": \"cs\"\n\t        },\n\t        {\n\t            \"email\": \"admin@vita.sk\",\n\t            \"logo\": \"https:\/\/www.vita.sk\/img\/vita_logo.png \",\n\t            \"address\": {\n\t                \"type\": \"PostalAddress\",\n\t                \"streetAddress\": \"Tom\u00e1\u0161ikova 50\/A\",\n\t                \"addressLocality\": \"Bratislava\",\n\t                \"postalCode\": \"83104\",\n\t                \"addressCountry\": {\n\t                    \"name\": \"SK\",\n\t                    \"type\": \"Country\"\n\t                }\n\t            },\n\t            \"contactPoint\": {\n\t                \"type\": \"ContactPoint\",\n\t                \"telephone\": \"+421 907 375\u00a0543\",\n\t                \"Email\": \"admin@vita.sk\",\n\t                \"contactType\": \"customer service\"\n\t            },\n\t            \"sameAs\": [\n\t                \"https:\/\/www.facebook.com\/VitaAcademySK\/\",\n\t                \"https:\/\/www.linkedin.com\/company\/vita-academy\/\"\n\t            ]\n\t        }\n\t    ]\n\t}<\/script>\n<!-- \/ Yoast SEO Premium plugin. -->","yoast_head_json":{"title":"Online kurz MBA Projektov\u00fd Management 2026 | VITA","description":"Na online kurze MBA Projektov\u00fd Mana\u017ement \u0165a nau\u010d\u00edme z\u00e1klady projektov\u00e9ho riadenia. Dozvie\u0161 sa, \u010do je to integrovan\u00e9 riadenie projektu a ak\u00e1 je \u00faloha projektov\u00e9ho mana\u017e\u00e9ra. V tvorbe spr\u00e1vneho harmonogramu a v definovan\u00ed rozsahu bude\u0161 ako doma. Efekt\u00edvne pl\u00e1nova\u0165, realizova\u0165 a vyhodnocova\u0165 v\u00fdsledky projektu, vyu\u017e\u00edvan\u00edm modern\u00fdch met\u00f3d projektov\u00e9ho mana\u017ementu. Po absolvovan\u00ed online kurze MBA Projektov\u00fd Mana\u017ement vytvor\u00ed\u0161 pl\u00e1n riadenia projektu a zvl\u00e1dne\u0161 cel\u00fa jeho realiz\u00e1ciu.","robots":{"index":"index","follow":"follow","max-snippet":"max-snippet:-1","max-image-preview":"max-image-preview:large","max-video-preview":"max-video-preview:-1"},"canonical":"https:\/\/www.vita.sk\/online-kurz-mba-projektovy-management\/","og_locale":"cs_CZ","og_type":"article","og_title":"Online kurz MBA Projektov\u00fd Management","og_description":"Na online kurze MBA Projektov\u00fd Mana\u017ement \u0165a nau\u010d\u00edme z\u00e1klady projektov\u00e9ho riadenia. Dozvie\u0161 sa, \u010do je to integrovan\u00e9 riadenie projektu a ak\u00e1 je \u00faloha projektov\u00e9ho mana\u017e\u00e9ra. V tvorbe spr\u00e1vneho harmonogramu a v definovan\u00ed rozsahu bude\u0161 ako doma. Efekt\u00edvne pl\u00e1nova\u0165, realizova\u0165 a vyhodnocova\u0165 v\u00fdsledky projektu, vyu\u017e\u00edvan\u00edm modern\u00fdch met\u00f3d projektov\u00e9ho mana\u017ementu. Po absolvovan\u00ed online kurze MBA Projektov\u00fd Mana\u017ement vytvor\u00ed\u0161 pl\u00e1n riadenia projektu a zvl\u00e1dne\u0161 cel\u00fa jeho realiz\u00e1ciu.","og_url":"https:\/\/www.vita.sk\/online-kurz-mba-projektovy-management\/","og_site_name":"VITA","article_publisher":"https:\/\/www.facebook.com\/VitaAcademySK","article_modified_time":"2026-01-04T12:24:01+00:00","og_image":[{"width":360,"height":360,"url":"https:\/\/www.vita.sk\/wp-content\/uploads\/2022\/05\/online-kurz-MBA.png","type":"image\/png"}],"twitter_card":"summary_large_image","twitter_misc":{"Odhadovan\u00e1 doba \u010dten\u00ed":"1 minuta"},"schema":{"@context":"https:\/\/schema.org","@graph":[{"@type":"WebPage","@id":"https:\/\/www.vita.sk\/online-kurz-mba-projektovy-management\/","url":"https:\/\/www.vita.sk\/online-kurz-mba-projektovy-management\/","name":"Online kurz MBA Projektov\u00fd Management {Y} | VITA","isPartOf":{"@id":"https:\/\/www.vita.sk\/#website"},"primaryImageOfPage":{"@id":"https:\/\/www.vita.sk\/online-kurz-mba-projektovy-management\/#primaryimage"},"image":{"@id":"https:\/\/www.vita.sk\/online-kurz-mba-projektovy-management\/#primaryimage"},"thumbnailUrl":"https:\/\/www.vita.sk\/wp-content\/uploads\/2022\/05\/online-kurz-MBA.png","datePublished":"2022-05-25T11:44:37+00:00","dateModified":"2026-01-04T12:24:01+00:00","description":"Na online kurze MBA Projektov\u00fd Mana\u017ement \u0165a nau\u010d\u00edme z\u00e1klady projektov\u00e9ho riadenia. Dozvie\u0161 sa, \u010do je to integrovan\u00e9 riadenie projektu a ak\u00e1 je \u00faloha projektov\u00e9ho mana\u017e\u00e9ra. V tvorbe spr\u00e1vneho harmonogramu a v definovan\u00ed rozsahu bude\u0161 ako doma. Efekt\u00edvne pl\u00e1nova\u0165, realizova\u0165 a vyhodnocova\u0165 v\u00fdsledky projektu, vyu\u017e\u00edvan\u00edm modern\u00fdch met\u00f3d projektov\u00e9ho mana\u017ementu. Po absolvovan\u00ed online kurze MBA Projektov\u00fd Mana\u017ement vytvor\u00ed\u0161 pl\u00e1n riadenia projektu a zvl\u00e1dne\u0161 cel\u00fa jeho realiz\u00e1ciu.","breadcrumb":{"@id":"https:\/\/www.vita.sk\/online-kurz-mba-projektovy-management\/#breadcrumb"},"inLanguage":"cs","potentialAction":[{"@type":"ReadAction","target":["https:\/\/www.vita.sk\/online-kurz-mba-projektovy-management\/"]}]},{"@type":"ImageObject","inLanguage":"cs","@id":"https:\/\/www.vita.sk\/online-kurz-mba-projektovy-management\/#primaryimage","url":"https:\/\/www.vita.sk\/wp-content\/uploads\/2022\/05\/online-kurz-MBA.png","contentUrl":"https:\/\/www.vita.sk\/wp-content\/uploads\/2022\/05\/online-kurz-MBA.png","width":360,"height":360},{"@type":"BreadcrumbList","@id":"https:\/\/www.vita.sk\/online-kurz-mba-projektovy-management\/#breadcrumb","itemListElement":[{"@type":"ListItem","position":1,"name":"VITA Academy","item":"https:\/\/www.vita.sk\/cs\/"},{"@type":"ListItem","position":2,"name":"Shop","item":"https:\/\/www.vita.sk\/shop\/"},{"@type":"ListItem","position":3,"name":"Mana\u017e\u00e9rske a Soft Skills Kurzy","item":"https:\/\/www.vita.sk\/online-kurzy-manazerske-kurzy-soft-skills\/"},{"@type":"ListItem","position":4,"name":"MBA Projektov\u00fd Management","item":"https:\/\/www.vita.sk\/online-kurzy-mba-projektovy-management\/"},{"@type":"ListItem","position":5,"name":"Online kurz MBA Projektov\u00fd Management"}]},{"@type":"WebSite","@id":"https:\/\/www.vita.sk\/#website","url":"https:\/\/www.vita.sk\/","name":"VITA","description":"","publisher":{"@id":"https:\/\/www.vita.sk\/#organization"},"potentialAction":[{"@type":"SearchAction","target":{"@type":"EntryPoint","urlTemplate":"https:\/\/www.vita.sk\/?s={search_term_string}"},"query-input":{"@type":"PropertyValueSpecification","valueRequired":true,"valueName":"search_term_string"}}],"inLanguage":"cs"},{"email":"admin@vita.sk","logo":"https:\/\/www.vita.sk\/img\/vita_logo.png ","address":{"type":"PostalAddress","streetAddress":"Tom\u00e1\u0161ikova 50\/A","addressLocality":"Bratislava","postalCode":"83104","addressCountry":{"name":"SK","type":"Country"}},"contactPoint":{"type":"ContactPoint","telephone":"+421 907 375\u00a0543","Email":"admin@vita.sk","contactType":"customer service"},"sameAs":["https:\/\/www.facebook.com\/VitaAcademySK\/","https:\/\/www.linkedin.com\/company\/vita-academy\/"]}]}},"acf":[],"_links":{"self":[{"href":"https:\/\/www.vita.sk\/cs\/wp-json\/wp\/v2\/product\/9642","targetHints":{"allow":["GET"]}}],"collection":[{"href":"https:\/\/www.vita.sk\/cs\/wp-json\/wp\/v2\/product"}],"about":[{"href":"https:\/\/www.vita.sk\/cs\/wp-json\/wp\/v2\/types\/product"}],"author":[{"embeddable":true,"href":"https:\/\/www.vita.sk\/cs\/wp-json\/wp\/v2\/users\/4"}],"replies":[{"embeddable":true,"href":"https:\/\/www.vita.sk\/cs\/wp-json\/wp\/v2\/comments?post=9642"}],"wp:featuredmedia":[{"embeddable":true,"href":"https:\/\/www.vita.sk\/cs\/wp-json\/wp\/v2\/media\/9888"}],"wp:attachment":[{"href":"https:\/\/www.vita.sk\/cs\/wp-json\/wp\/v2\/media?parent=9642"}],"wp:term":[{"taxonomy":"product_brand","embeddable":true,"href":"https:\/\/www.vita.sk\/cs\/wp-json\/wp\/v2\/product_brand?post=9642"},{"taxonomy":"product_cat","embeddable":true,"href":"https:\/\/www.vita.sk\/cs\/wp-json\/wp\/v2\/product_cat?post=9642"},{"taxonomy":"product_tag","embeddable":true,"href":"https:\/\/www.vita.sk\/cs\/wp-json\/wp\/v2\/product_tag?post=9642"}],"curies":[{"name":"wp","href":"https:\/\/api.w.org\/{rel}","templated":true}]}}