{"id":29051,"date":"2021-08-20T12:56:18","date_gmt":"2021-08-20T10:56:18","guid":{"rendered":"https:\/\/www.vita.sk\/chceme-vita-ako-noveho-dodavatela-kurzov\/"},"modified":"2025-09-26T09:05:46","modified_gmt":"2025-09-26T07:05:46","slug":"chceme-vita-ako-noveho-dodavatela-kurzov","status":"publish","type":"page","link":"https:\/\/www.vita.sk\/en\/chceme-vita-ako-noveho-dodavatela-kurzov\/","title":{"rendered":"We want VITA as a new course supplier"},"content":{"rendered":"<p>Are you interested in a<strong> new certified training provider<\/strong>? We are happy to provide quality online courses for your company and colleagues.<\/p>\n<p>We understand that some companies have a new supplier registration process. To reduce <strong>bureaucracy<\/strong> and <strong>save the environment<\/strong> from unnecessary sending of printed documents, you <strong>can download our sample forms<\/strong> and <strong>questionnaires<\/strong> for <strong>new suppliers<\/strong>.<\/p>\n<p>They are available in<strong> Word<\/strong> (DOCX), <strong>Excel<\/strong> (XLSX) and <strong>PDF<\/strong> formats:<\/p>\n<ol>\n<li><a href=\"https:\/\/www.vita.sk\/wp-content\/uploads\/2021\/08\/Novy_Dodavatel.xlsx\">New Supplier Form (<strong>XLSX<\/strong>)<\/a><\/li>\n<li><a href=\"https:\/\/www.vita.sk\/wp-content\/uploads\/2021\/08\/Vstupny_Formular_pre_Novych_Dodavatelov.docx\">New supplier form (<strong>DOCX<\/strong>)<\/a><\/li>\n<li><a href=\"https:\/\/www.vita.sk\/wp-content\/uploads\/2021\/12\/Vstupny_Formular_pre_Novych_Dodavatelov.pdf\">Entry Form for New Suppliers (<strong>PDF<\/strong>)<\/a><\/li>\n<li><a href=\"https:\/\/www.vita.sk\/wp-content\/uploads\/2022\/05\/Vypis_Ucet_FIO-Banka.pdf\">Bank account statement FIO Banka (<strong>PDF<\/strong>)<\/a><\/li>\n<li><a href=\"https:\/\/www.vita.sk\/wp-content\/uploads\/2022\/12\/Potvrdenie_vedeni_uctu_2022.pdf\">Confirmation of maintaining a bank account FIO Banka (<strong>PDF<\/strong>)<\/a><\/li>\n<li><a href=\"https:\/\/www.vita.sk\/wp-content\/uploads\/2024\/10\/vita-academy-tatra-banka-potvrdenie.pdf\">Statement and confirmation from Tatra Banka bank account (<strong>PDF<\/strong>)<\/a><\/li>\n<li><a href=\"https:\/\/www.vita.sk\/wp-content\/uploads\/2024\/05\/VITA_Online_Kurzy_Programy.xlsx\">List of Courses in Annual Subscription (<strong>XLSX<\/strong>)<\/a><\/li>\n<\/ol>\n<p>If you require to fill out<strong> your own entry<\/strong> <strong>questionnaire<\/strong> for a new supplier, <strong>fill out the following form<\/strong> and <strong>upload<\/strong> your <strong>questionnaire<\/strong>.<\/p>\n","protected":false},"excerpt":{"rendered":"<p>Are you interested in a new certified training provider? We are happy to provide quality online courses for your company and colleagues. We understand that some companies have a new supplier registration process.","protected":false},"author":1,"featured_media":0,"parent":0,"menu_order":0,"comment_status":"closed","ping_status":"closed","template":"page-i-want-vita.php","meta":{"_acf_changed":false,"footnotes":""},"class_list":["post-29051","page","type-page","status-publish","hentry"],"yoast_head":"<!-- This site is optimized with the Yoast SEO Premium plugin v25.0 (Yoast SEO v25.0) - https:\/\/yoast.com\/wordpress\/plugins\/seo\/ -->\n<title>We want VITA as a new course supplier | VITA<\/title>\n<meta name=\"description\" content=\"Chcete VITA ako dod\u00e1vate\u013ea kurzov? Zistite, ako spolupracova\u0165 a z\u00edska\u0165 kvalitn\u00e9 vzdel\u00e1vacie programy a online kurzy do va\u0161ej organiz\u00e1cie. \u2705\" \/>\n<meta name=\"robots\" content=\"index, follow, max-snippet:-1, max-image-preview:large, max-video-preview:-1\" \/>\n<link rel=\"canonical\" href=\"https:\/\/www.vita.sk\/en\/chceme-vita-ako-noveho-dodavatela-kurzov\/\" \/>\n<meta property=\"og:locale\" content=\"en_US\" \/>\n<meta property=\"og:type\" content=\"article\" \/>\n<meta property=\"og:title\" content=\"We want VITA as a new course supplier\" \/>\n<meta property=\"og:description\" content=\"Chcete VITA ako dod\u00e1vate\u013ea kurzov? Zistite, ako spolupracova\u0165 a z\u00edska\u0165 kvalitn\u00e9 vzdel\u00e1vacie programy a online kurzy do va\u0161ej organiz\u00e1cie. \u2705\" \/>\n<meta property=\"og:url\" content=\"https:\/\/www.vita.sk\/en\/chceme-vita-ako-noveho-dodavatela-kurzov\/\" \/>\n<meta property=\"og:site_name\" content=\"VITA\" \/>\n<meta property=\"article:publisher\" content=\"https:\/\/www.facebook.com\/VitaAcademySK\" \/>\n<meta property=\"article:modified_time\" content=\"2025-09-26T07:05:46+00:00\" \/>\n<meta name=\"twitter:card\" content=\"summary_large_image\" \/>\n<meta name=\"twitter:label1\" content=\"Est. reading time\" \/>\n\t<meta name=\"twitter:data1\" content=\"1 minute\" \/>\n<script type=\"application\/ld+json\" class=\"yoast-schema-graph\">{\n\t    \"@context\": \"https:\/\/schema.org\",\n\t    \"@graph\": [\n\t        {\n\t            \"@type\": \"WebPage\",\n\t            \"@id\": \"https:\/\/www.vita.sk\/en\/chceme-vita-ako-noveho-dodavatela-kurzov\/\",\n\t            \"url\": \"https:\/\/www.vita.sk\/en\/chceme-vita-ako-noveho-dodavatela-kurzov\/\",\n\t            \"name\": \"We want VITA as a new course supplier | VITA\",\n\t            \"isPartOf\": {\n\t                \"@id\": \"https:\/\/www.vita.sk\/#website\"\n\t            },\n\t            \"datePublished\": \"2021-08-20T10:56:18+00:00\",\n\t            \"dateModified\": \"2025-09-26T07:05:46+00:00\",\n\t            \"description\": \"Chcete VITA ako dod\u00e1vate\u013ea kurzov? Zistite, ako spolupracova\u0165 a z\u00edska\u0165 kvalitn\u00e9 vzdel\u00e1vacie programy a online kurzy do va\u0161ej organiz\u00e1cie. \u2705\",\n\t            \"breadcrumb\": {\n\t                \"@id\": \"https:\/\/www.vita.sk\/en\/chceme-vita-ako-noveho-dodavatela-kurzov\/#breadcrumb\"\n\t            },\n\t            \"inLanguage\": \"en-US\",\n\t            \"potentialAction\": [\n\t                {\n\t                    \"@type\": \"ReadAction\",\n\t                    \"target\": [\n\t                        \"https:\/\/www.vita.sk\/en\/chceme-vita-ako-noveho-dodavatela-kurzov\/\"\n\t                    ]\n\t                }\n\t            ]\n\t        },\n\t        {\n\t            \"@type\": \"BreadcrumbList\",\n\t            \"@id\": \"https:\/\/www.vita.sk\/en\/chceme-vita-ako-noveho-dodavatela-kurzov\/#breadcrumb\",\n\t            \"itemListElement\": [\n\t                {\n\t                    \"@type\": \"ListItem\",\n\t                    \"position\": 1,\n\t                    \"name\": \"VITA Academy\",\n\t                    \"item\": \"https:\/\/www.vita.sk\/en\/\"\n\t                },\n\t                {\n\t                    \"@type\": \"ListItem\",\n\t                    \"position\": 2,\n\t                    \"name\": \"We want VITA as a new course supplier\"\n\t                }\n\t            ]\n\t        },\n\t        {\n\t            \"@type\": \"WebSite\",\n\t            \"@id\": \"https:\/\/www.vita.sk\/#website\",\n\t            \"url\": \"https:\/\/www.vita.sk\/\",\n\t            \"name\": \"VITA\",\n\t            \"description\": \"\",\n\t            \"publisher\": {\n\t                \"@id\": \"https:\/\/www.vita.sk\/#organization\"\n\t            },\n\t            \"potentialAction\": [\n\t                {\n\t                    \"@type\": \"SearchAction\",\n\t                    \"target\": {\n\t                        \"@type\": \"EntryPoint\",\n\t                        \"urlTemplate\": \"https:\/\/www.vita.sk\/?s={search_term_string}\"\n\t                    },\n\t                    \"query-input\": {\n\t                        \"@type\": \"PropertyValueSpecification\",\n\t                        \"valueRequired\": true,\n\t                        \"valueName\": \"search_term_string\"\n\t                    }\n\t                }\n\t            ],\n\t            \"inLanguage\": \"en-US\"\n\t        },\n\t        {\n\t            \"email\": \"admin@vita.sk\",\n\t            \"logo\": \"https:\/\/www.vita.sk\/img\/vita_logo.png \",\n\t            \"address\": {\n\t                \"type\": \"PostalAddress\",\n\t                \"streetAddress\": \"Tom\u00e1\u0161ikova 50\/A\",\n\t                \"addressLocality\": \"Bratislava\",\n\t                \"postalCode\": \"83104\",\n\t                \"addressCountry\": {\n\t                    \"name\": \"SK\",\n\t                    \"type\": \"Country\"\n\t                }\n\t            },\n\t            \"contactPoint\": {\n\t                \"type\": \"ContactPoint\",\n\t                \"telephone\": \"+421 907 375\u00a0543\",\n\t                \"Email\": \"admin@vita.sk\",\n\t                \"contactType\": \"customer service\"\n\t            },\n\t            \"sameAs\": [\n\t                \"https:\/\/www.facebook.com\/VitaAcademySK\/\",\n\t                \"https:\/\/www.linkedin.com\/company\/vita-academy\/\"\n\t            ]\n\t        }\n\t    ]\n\t}<\/script>\n<!-- \/ Yoast SEO Premium plugin. -->","yoast_head_json":{"title":"We want VITA as a new course supplier | VITA","description":"Chcete VITA ako dod\u00e1vate\u013ea kurzov? Zistite, ako spolupracova\u0165 a z\u00edska\u0165 kvalitn\u00e9 vzdel\u00e1vacie programy a online kurzy do va\u0161ej organiz\u00e1cie. \u2705","robots":{"index":"index","follow":"follow","max-snippet":"max-snippet:-1","max-image-preview":"max-image-preview:large","max-video-preview":"max-video-preview:-1"},"canonical":"https:\/\/www.vita.sk\/en\/chceme-vita-ako-noveho-dodavatela-kurzov\/","og_locale":"en_US","og_type":"article","og_title":"We want VITA as a new course supplier","og_description":"Chcete VITA ako dod\u00e1vate\u013ea kurzov? Zistite, ako spolupracova\u0165 a z\u00edska\u0165 kvalitn\u00e9 vzdel\u00e1vacie programy a online kurzy do va\u0161ej organiz\u00e1cie. \u2705","og_url":"https:\/\/www.vita.sk\/en\/chceme-vita-ako-noveho-dodavatela-kurzov\/","og_site_name":"VITA","article_publisher":"https:\/\/www.facebook.com\/VitaAcademySK","article_modified_time":"2025-09-26T07:05:46+00:00","twitter_card":"summary_large_image","twitter_misc":{"Est. reading time":"1 minute"},"schema":{"@context":"https:\/\/schema.org","@graph":[{"@type":"WebPage","@id":"https:\/\/www.vita.sk\/en\/chceme-vita-ako-noveho-dodavatela-kurzov\/","url":"https:\/\/www.vita.sk\/en\/chceme-vita-ako-noveho-dodavatela-kurzov\/","name":"We want VITA as a new course supplier | VITA","isPartOf":{"@id":"https:\/\/www.vita.sk\/#website"},"datePublished":"2021-08-20T10:56:18+00:00","dateModified":"2025-09-26T07:05:46+00:00","description":"Chcete VITA ako dod\u00e1vate\u013ea kurzov? Zistite, ako spolupracova\u0165 a z\u00edska\u0165 kvalitn\u00e9 vzdel\u00e1vacie programy a online kurzy do va\u0161ej organiz\u00e1cie. \u2705","breadcrumb":{"@id":"https:\/\/www.vita.sk\/en\/chceme-vita-ako-noveho-dodavatela-kurzov\/#breadcrumb"},"inLanguage":"en-US","potentialAction":[{"@type":"ReadAction","target":["https:\/\/www.vita.sk\/en\/chceme-vita-ako-noveho-dodavatela-kurzov\/"]}]},{"@type":"BreadcrumbList","@id":"https:\/\/www.vita.sk\/en\/chceme-vita-ako-noveho-dodavatela-kurzov\/#breadcrumb","itemListElement":[{"@type":"ListItem","position":1,"name":"VITA Academy","item":"https:\/\/www.vita.sk\/en\/"},{"@type":"ListItem","position":2,"name":"We want VITA as a new course supplier"}]},{"@type":"WebSite","@id":"https:\/\/www.vita.sk\/#website","url":"https:\/\/www.vita.sk\/","name":"VITA","description":"","publisher":{"@id":"https:\/\/www.vita.sk\/#organization"},"potentialAction":[{"@type":"SearchAction","target":{"@type":"EntryPoint","urlTemplate":"https:\/\/www.vita.sk\/?s={search_term_string}"},"query-input":{"@type":"PropertyValueSpecification","valueRequired":true,"valueName":"search_term_string"}}],"inLanguage":"en-US"},{"email":"admin@vita.sk","logo":"https:\/\/www.vita.sk\/img\/vita_logo.png ","address":{"type":"PostalAddress","streetAddress":"Tom\u00e1\u0161ikova 50\/A","addressLocality":"Bratislava","postalCode":"83104","addressCountry":{"name":"SK","type":"Country"}},"contactPoint":{"type":"ContactPoint","telephone":"+421 907 375\u00a0543","Email":"admin@vita.sk","contactType":"customer service"},"sameAs":["https:\/\/www.facebook.com\/VitaAcademySK\/","https:\/\/www.linkedin.com\/company\/vita-academy\/"]}]}},"acf":[],"_links":{"self":[{"href":"https:\/\/www.vita.sk\/en\/wp-json\/wp\/v2\/pages\/29051","targetHints":{"allow":["GET"]}}],"collection":[{"href":"https:\/\/www.vita.sk\/en\/wp-json\/wp\/v2\/pages"}],"about":[{"href":"https:\/\/www.vita.sk\/en\/wp-json\/wp\/v2\/types\/page"}],"author":[{"embeddable":true,"href":"https:\/\/www.vita.sk\/en\/wp-json\/wp\/v2\/users\/1"}],"replies":[{"embeddable":true,"href":"https:\/\/www.vita.sk\/en\/wp-json\/wp\/v2\/comments?post=29051"}],"version-history":[{"count":0,"href":"https:\/\/www.vita.sk\/en\/wp-json\/wp\/v2\/pages\/29051\/revisions"}],"wp:attachment":[{"href":"https:\/\/www.vita.sk\/en\/wp-json\/wp\/v2\/media?parent=29051"}],"curies":[{"name":"wp","href":"https:\/\/api.w.org\/{rel}","templated":true}]}}