{"id":1006,"date":"2021-08-26T15:47:23","date_gmt":"2021-08-26T13:47:23","guid":{"rendered":"http:\/\/vita.sk.vps324.nameserver.sk\/?post_type=product&#038;p=1006"},"modified":"2024-06-06T12:48:53","modified_gmt":"2024-06-06T10:48:53","slug":"online-kurz-siete-xiii-zaklady-firewall-a-qos","status":"publish","type":"product","link":"https:\/\/www.vita.sk\/en\/online-kurz-siete-xiii-zaklady-firewall-a-qos\/","title":{"rendered":"Online kurz Po\u010d\u00edta\u010dov\u00e9 Siete XIII. Z\u00e1klady Firewall a QoS"},"content":{"rendered":"<p>Online kurz Po\u010d\u00edta\u010dov\u00e9 siete XIII. Firewall a QoS je vhodn\u00fd pre v\u0161etk\u00fdch absolventov predo\u0161l\u00fdch kurzov pre po\u010d\u00edta\u010dov\u00e9 siete alebo pre t\u00fdch, ktor\u00ed s nimi maj\u00fa sk\u00fasenosti. <strong>Ide o jedin\u00fd akreditovan\u00fd a certifikovan\u00fd kurz na Po\u010d\u00edta\u010dov\u00e9 Siete na Slovensku. <\/strong>Na kurze sa nau\u010d\u00edte pou\u017e\u00edva\u0165 Firewall a nastavova\u0165 mu pravidl\u00e1. Dozviete sa nie\u010do o bezpe\u010dnosti a QoS. Po absolvovan\u00ed online kurzu Po\u010d\u00edta\u010dov\u00e9 siete budete zvl\u00e1da\u0165 pr\u00e1cu s firewallmi a sie\u0165ov\u00fdmi administr\u00e1torsk\u00fdmi n\u00e1strojmi. Ak sa chcete skuto\u010dne nau\u010di\u0165 pou\u017e\u00edva\u0165 Po\u010d\u00edta\u010dov\u00e9 Siete, tak toto je ide\u00e1lny online kurz pre v\u00e1s.<\/p>\n","protected":false},"excerpt":{"rendered":"<p>Online kurz Po\u010d\u00edta\u010dov\u00e9 siete XIII. Firewall a QoS je vhodn\u00fd pre v\u0161etk\u00fdch absolventov predo\u0161l\u00fdch kurzov pre po\u010d\u00edta\u010dov\u00e9 siete alebo pre t\u00fdch, ktor\u00ed s nimi maj\u00fa sk\u00fasenosti. Ide o jedin\u00fd akreditovan\u00fd a certifikovan\u00fd kurz na Po\u010d\u00edta\u010dov\u00e9 Siete na Slovensku. Na kurze sa nau\u010d\u00edte pou\u017e\u00edva\u0165 Firewall a nastavova\u0165 mu pravidl\u00e1. Dozviete sa nie\u010do o bezpe\u010dnosti a QoS.","protected":false},"author":4,"featured_media":1008,"comment_status":"open","ping_status":"closed","template":"","meta":{"_acf_changed":false},"product_brand":[],"product_cat":[48,47,73],"product_tag":[205,182],"class_list":{"0":"post-1006","1":"product","2":"type-product","3":"status-publish","4":"has-post-thumbnail","6":"product_cat-online-kurzy-pocitacove-siete","7":"product_cat-online-kurzy-cisco-a-siete","8":"product_cat-bez-kategorie","9":"product_tag-cisco-a-siete","10":"product_tag-vip","12":"first","13":"instock","14":"sale","15":"sold-individually","16":"taxable","17":"shipping-taxable","18":"purchasable","19":"product-type-simple"},"yoast_head":"<!-- This site is optimized with the Yoast SEO Premium plugin v25.0 (Yoast SEO v25.0) - https:\/\/yoast.com\/wordpress\/plugins\/seo\/ -->\n<title>Online kurz Siete XIII. Z\u00e1klady Firewall a QoS  | VITA<\/title>\n<meta name=\"description\" content=\"V online kurze Siete XIII. Z\u00e1klady Firewall a QoS \u0165a nau\u010d\u00edme pou\u017e\u00edva\u0165 Firewall a nastavova\u0165 mu pravidl\u00e1. Dozvie\u0161 sa nie\u010do o bezpe\u010dnostni a QoS.\" \/>\n<meta name=\"robots\" content=\"index, follow, max-snippet:-1, max-image-preview:large, max-video-preview:-1\" \/>\n<link rel=\"canonical\" href=\"https:\/\/www.vita.sk\/online-kurz-siete-xiii-zaklady-firewall-a-qos\/\" \/>\n<meta property=\"og:locale\" content=\"en_US\" \/>\n<meta property=\"og:type\" content=\"article\" \/>\n<meta property=\"og:title\" content=\"Online kurz Po\u010d\u00edta\u010dov\u00e9 Siete XIII. Z\u00e1klady Firewall a QoS\" \/>\n<meta property=\"og:description\" content=\"V online kurze Siete XIII. Z\u00e1klady Firewall a QoS \u0165a nau\u010d\u00edme pou\u017e\u00edva\u0165 Firewall a nastavova\u0165 mu pravidl\u00e1. Dozvie\u0161 sa nie\u010do o bezpe\u010dnostni a QoS.\" \/>\n<meta property=\"og:url\" content=\"https:\/\/www.vita.sk\/online-kurz-siete-xiii-zaklady-firewall-a-qos\/\" \/>\n<meta property=\"og:site_name\" content=\"VITA\" \/>\n<meta property=\"article:publisher\" content=\"https:\/\/www.facebook.com\/VitaAcademySK\" \/>\n<meta property=\"article:modified_time\" content=\"2024-06-06T10:48:53+00:00\" \/>\n<meta property=\"og:image\" content=\"https:\/\/www.vita.sk\/wp-content\/uploads\/2019\/08\/siete.png\" \/>\n\t<meta property=\"og:image:width\" content=\"360\" \/>\n\t<meta property=\"og:image:height\" content=\"360\" \/>\n\t<meta property=\"og:image:type\" content=\"image\/png\" \/>\n<meta name=\"twitter:card\" content=\"summary_large_image\" \/>\n<meta name=\"twitter:label1\" content=\"Est. reading time\" \/>\n\t<meta name=\"twitter:data1\" content=\"1 minute\" \/>\n<script type=\"application\/ld+json\" class=\"yoast-schema-graph\">{\n\t    \"@context\": \"https:\/\/schema.org\",\n\t    \"@graph\": [\n\t        {\n\t            \"@type\": \"WebPage\",\n\t            \"@id\": \"https:\/\/www.vita.sk\/online-kurz-siete-xiii-zaklady-firewall-a-qos\/\",\n\t            \"url\": \"https:\/\/www.vita.sk\/online-kurz-siete-xiii-zaklady-firewall-a-qos\/\",\n\t            \"name\": \"Online kurz Siete XIII. Z\u00e1klady Firewall a QoS 2024 | VITA\",\n\t            \"isPartOf\": {\n\t                \"@id\": \"https:\/\/www.vita.sk\/#website\"\n\t            },\n\t            \"primaryImageOfPage\": {\n\t                \"@id\": \"https:\/\/www.vita.sk\/online-kurz-siete-xiii-zaklady-firewall-a-qos\/#primaryimage\"\n\t            },\n\t            \"image\": {\n\t                \"@id\": \"https:\/\/www.vita.sk\/online-kurz-siete-xiii-zaklady-firewall-a-qos\/#primaryimage\"\n\t            },\n\t            \"thumbnailUrl\": \"https:\/\/www.vita.sk\/wp-content\/uploads\/2019\/08\/siete.png\",\n\t            \"datePublished\": \"2021-08-26T13:47:23+00:00\",\n\t            \"dateModified\": \"2024-06-06T10:48:53+00:00\",\n\t            \"description\": \"V online kurze Siete XIII. Z\u00e1klady Firewall a QoS \u0165a nau\u010d\u00edme pou\u017e\u00edva\u0165 Firewall a nastavova\u0165 mu pravidl\u00e1. Dozvie\u0161 sa nie\u010do o bezpe\u010dnostni a QoS.\",\n\t            \"breadcrumb\": {\n\t                \"@id\": \"https:\/\/www.vita.sk\/online-kurz-siete-xiii-zaklady-firewall-a-qos\/#breadcrumb\"\n\t            },\n\t            \"inLanguage\": \"en-US\",\n\t            \"potentialAction\": [\n\t                {\n\t                    \"@type\": \"ReadAction\",\n\t                    \"target\": [\n\t                        \"https:\/\/www.vita.sk\/online-kurz-siete-xiii-zaklady-firewall-a-qos\/\"\n\t                    ]\n\t                }\n\t            ]\n\t        },\n\t        {\n\t            \"@type\": \"ImageObject\",\n\t            \"inLanguage\": \"en-US\",\n\t            \"@id\": \"https:\/\/www.vita.sk\/online-kurz-siete-xiii-zaklady-firewall-a-qos\/#primaryimage\",\n\t            \"url\": \"https:\/\/www.vita.sk\/wp-content\/uploads\/2019\/08\/siete.png\",\n\t            \"contentUrl\": \"https:\/\/www.vita.sk\/wp-content\/uploads\/2019\/08\/siete.png\",\n\t            \"width\": 360,\n\t            \"height\": 360,\n\t            \"caption\": \"Online kurz Siete\"\n\t        },\n\t        {\n\t            \"@type\": \"BreadcrumbList\",\n\t            \"@id\": \"https:\/\/www.vita.sk\/online-kurz-siete-xiii-zaklady-firewall-a-qos\/#breadcrumb\",\n\t            \"itemListElement\": [\n\t                {\n\t                    \"@type\": \"ListItem\",\n\t                    \"position\": 1,\n\t                    \"name\": \"VITA Academy\",\n\t                    \"item\": \"https:\/\/www.vita.sk\/en\/\"\n\t                },\n\t                {\n\t                    \"@type\": \"ListItem\",\n\t                    \"position\": 2,\n\t                    \"name\": \"Shop\",\n\t                    \"item\": \"https:\/\/www.vita.sk\/shop\/\"\n\t                },\n\t                {\n\t                    \"@type\": \"ListItem\",\n\t                    \"position\": 3,\n\t                    \"name\": \"Po\u010d\u00edta\u010dov\u00e9 Siete a Cisco\",\n\t                    \"item\": \"https:\/\/www.vita.sk\/online-kurzy-cisco-a-siete\/\"\n\t                },\n\t                {\n\t                    \"@type\": \"ListItem\",\n\t                    \"position\": 4,\n\t                    \"name\": \"Po\u010d\u00edta\u010dov\u00e9 Siete\",\n\t                    \"item\": \"https:\/\/www.vita.sk\/online-kurzy-pocitacove-siete\/\"\n\t                },\n\t                {\n\t                    \"@type\": \"ListItem\",\n\t                    \"position\": 5,\n\t                    \"name\": \"Online kurz Po\u010d\u00edta\u010dov\u00e9 Siete XIII. Z\u00e1klady Firewall a QoS\"\n\t                }\n\t            ]\n\t        },\n\t        {\n\t            \"@type\": \"WebSite\",\n\t            \"@id\": \"https:\/\/www.vita.sk\/#website\",\n\t            \"url\": \"https:\/\/www.vita.sk\/\",\n\t            \"name\": \"VITA\",\n\t            \"description\": \"\",\n\t            \"publisher\": {\n\t                \"@id\": \"https:\/\/www.vita.sk\/#organization\"\n\t            },\n\t            \"potentialAction\": [\n\t                {\n\t                    \"@type\": \"SearchAction\",\n\t                    \"target\": {\n\t                        \"@type\": \"EntryPoint\",\n\t                        \"urlTemplate\": \"https:\/\/www.vita.sk\/?s={search_term_string}\"\n\t                    },\n\t                    \"query-input\": {\n\t                        \"@type\": \"PropertyValueSpecification\",\n\t                        \"valueRequired\": true,\n\t                        \"valueName\": \"search_term_string\"\n\t                    }\n\t                }\n\t            ],\n\t            \"inLanguage\": \"en-US\"\n\t        },\n\t        {\n\t            \"email\": \"admin@vita.sk\",\n\t            \"logo\": \"https:\/\/www.vita.sk\/img\/vita_logo.png \",\n\t            \"address\": {\n\t                \"type\": \"PostalAddress\",\n\t                \"streetAddress\": \"Tom\u00e1\u0161ikova 50\/A\",\n\t                \"addressLocality\": \"Bratislava\",\n\t                \"postalCode\": \"83104\",\n\t                \"addressCountry\": {\n\t                    \"name\": \"SK\",\n\t                    \"type\": \"Country\"\n\t                }\n\t            },\n\t            \"contactPoint\": {\n\t                \"type\": \"ContactPoint\",\n\t                \"telephone\": \"+421 907 375\u00a0543\",\n\t                \"Email\": \"admin@vita.sk\",\n\t                \"contactType\": \"customer service\"\n\t            },\n\t            \"sameAs\": [\n\t                \"https:\/\/www.facebook.com\/VitaAcademySK\/\",\n\t                \"https:\/\/www.linkedin.com\/company\/vita-academy\/\"\n\t            ]\n\t        }\n\t    ]\n\t}<\/script>\n<!-- \/ Yoast SEO Premium plugin. -->","yoast_head_json":{"title":"Online kurz Siete XIII. Z\u00e1klady Firewall a QoS  | VITA","description":"V online kurze Siete XIII. Z\u00e1klady Firewall a QoS \u0165a nau\u010d\u00edme pou\u017e\u00edva\u0165 Firewall a nastavova\u0165 mu pravidl\u00e1. Dozvie\u0161 sa nie\u010do o bezpe\u010dnostni a QoS.","robots":{"index":"index","follow":"follow","max-snippet":"max-snippet:-1","max-image-preview":"max-image-preview:large","max-video-preview":"max-video-preview:-1"},"canonical":"https:\/\/www.vita.sk\/online-kurz-siete-xiii-zaklady-firewall-a-qos\/","og_locale":"en_US","og_type":"article","og_title":"Online kurz Po\u010d\u00edta\u010dov\u00e9 Siete XIII. Z\u00e1klady Firewall a QoS","og_description":"V online kurze Siete XIII. Z\u00e1klady Firewall a QoS \u0165a nau\u010d\u00edme pou\u017e\u00edva\u0165 Firewall a nastavova\u0165 mu pravidl\u00e1. Dozvie\u0161 sa nie\u010do o bezpe\u010dnostni a QoS.","og_url":"https:\/\/www.vita.sk\/online-kurz-siete-xiii-zaklady-firewall-a-qos\/","og_site_name":"VITA","article_publisher":"https:\/\/www.facebook.com\/VitaAcademySK","article_modified_time":"2024-06-06T10:48:53+00:00","og_image":[{"width":360,"height":360,"url":"https:\/\/www.vita.sk\/wp-content\/uploads\/2019\/08\/siete.png","type":"image\/png"}],"twitter_card":"summary_large_image","twitter_misc":{"Est. reading time":"1 minute"},"schema":{"@context":"https:\/\/schema.org","@graph":[{"@type":"WebPage","@id":"https:\/\/www.vita.sk\/online-kurz-siete-xiii-zaklady-firewall-a-qos\/","url":"https:\/\/www.vita.sk\/online-kurz-siete-xiii-zaklady-firewall-a-qos\/","name":"Online kurz Siete XIII. Z\u00e1klady Firewall a QoS 2024 | VITA","isPartOf":{"@id":"https:\/\/www.vita.sk\/#website"},"primaryImageOfPage":{"@id":"https:\/\/www.vita.sk\/online-kurz-siete-xiii-zaklady-firewall-a-qos\/#primaryimage"},"image":{"@id":"https:\/\/www.vita.sk\/online-kurz-siete-xiii-zaklady-firewall-a-qos\/#primaryimage"},"thumbnailUrl":"https:\/\/www.vita.sk\/wp-content\/uploads\/2019\/08\/siete.png","datePublished":"2021-08-26T13:47:23+00:00","dateModified":"2024-06-06T10:48:53+00:00","description":"V online kurze Siete XIII. Z\u00e1klady Firewall a QoS \u0165a nau\u010d\u00edme pou\u017e\u00edva\u0165 Firewall a nastavova\u0165 mu pravidl\u00e1. Dozvie\u0161 sa nie\u010do o bezpe\u010dnostni a QoS.","breadcrumb":{"@id":"https:\/\/www.vita.sk\/online-kurz-siete-xiii-zaklady-firewall-a-qos\/#breadcrumb"},"inLanguage":"en-US","potentialAction":[{"@type":"ReadAction","target":["https:\/\/www.vita.sk\/online-kurz-siete-xiii-zaklady-firewall-a-qos\/"]}]},{"@type":"ImageObject","inLanguage":"en-US","@id":"https:\/\/www.vita.sk\/online-kurz-siete-xiii-zaklady-firewall-a-qos\/#primaryimage","url":"https:\/\/www.vita.sk\/wp-content\/uploads\/2019\/08\/siete.png","contentUrl":"https:\/\/www.vita.sk\/wp-content\/uploads\/2019\/08\/siete.png","width":360,"height":360,"caption":"Online kurz Siete"},{"@type":"BreadcrumbList","@id":"https:\/\/www.vita.sk\/online-kurz-siete-xiii-zaklady-firewall-a-qos\/#breadcrumb","itemListElement":[{"@type":"ListItem","position":1,"name":"VITA Academy","item":"https:\/\/www.vita.sk\/en\/"},{"@type":"ListItem","position":2,"name":"Shop","item":"https:\/\/www.vita.sk\/shop\/"},{"@type":"ListItem","position":3,"name":"Po\u010d\u00edta\u010dov\u00e9 Siete a Cisco","item":"https:\/\/www.vita.sk\/online-kurzy-cisco-a-siete\/"},{"@type":"ListItem","position":4,"name":"Po\u010d\u00edta\u010dov\u00e9 Siete","item":"https:\/\/www.vita.sk\/online-kurzy-pocitacove-siete\/"},{"@type":"ListItem","position":5,"name":"Online kurz Po\u010d\u00edta\u010dov\u00e9 Siete XIII. Z\u00e1klady Firewall a QoS"}]},{"@type":"WebSite","@id":"https:\/\/www.vita.sk\/#website","url":"https:\/\/www.vita.sk\/","name":"VITA","description":"","publisher":{"@id":"https:\/\/www.vita.sk\/#organization"},"potentialAction":[{"@type":"SearchAction","target":{"@type":"EntryPoint","urlTemplate":"https:\/\/www.vita.sk\/?s={search_term_string}"},"query-input":{"@type":"PropertyValueSpecification","valueRequired":true,"valueName":"search_term_string"}}],"inLanguage":"en-US"},{"email":"admin@vita.sk","logo":"https:\/\/www.vita.sk\/img\/vita_logo.png ","address":{"type":"PostalAddress","streetAddress":"Tom\u00e1\u0161ikova 50\/A","addressLocality":"Bratislava","postalCode":"83104","addressCountry":{"name":"SK","type":"Country"}},"contactPoint":{"type":"ContactPoint","telephone":"+421 907 375\u00a0543","Email":"admin@vita.sk","contactType":"customer service"},"sameAs":["https:\/\/www.facebook.com\/VitaAcademySK\/","https:\/\/www.linkedin.com\/company\/vita-academy\/"]}]}},"acf":[],"_links":{"self":[{"href":"https:\/\/www.vita.sk\/en\/wp-json\/wp\/v2\/product\/1006","targetHints":{"allow":["GET"]}}],"collection":[{"href":"https:\/\/www.vita.sk\/en\/wp-json\/wp\/v2\/product"}],"about":[{"href":"https:\/\/www.vita.sk\/en\/wp-json\/wp\/v2\/types\/product"}],"author":[{"embeddable":true,"href":"https:\/\/www.vita.sk\/en\/wp-json\/wp\/v2\/users\/4"}],"replies":[{"embeddable":true,"href":"https:\/\/www.vita.sk\/en\/wp-json\/wp\/v2\/comments?post=1006"}],"wp:featuredmedia":[{"embeddable":true,"href":"https:\/\/www.vita.sk\/en\/wp-json\/wp\/v2\/media\/1008"}],"wp:attachment":[{"href":"https:\/\/www.vita.sk\/en\/wp-json\/wp\/v2\/media?parent=1006"}],"wp:term":[{"taxonomy":"product_brand","embeddable":true,"href":"https:\/\/www.vita.sk\/en\/wp-json\/wp\/v2\/product_brand?post=1006"},{"taxonomy":"product_cat","embeddable":true,"href":"https:\/\/www.vita.sk\/en\/wp-json\/wp\/v2\/product_cat?post=1006"},{"taxonomy":"product_tag","embeddable":true,"href":"https:\/\/www.vita.sk\/en\/wp-json\/wp\/v2\/product_tag?post=1006"}],"curies":[{"name":"wp","href":"https:\/\/api.w.org\/{rel}","templated":true}]}}