{"id":10163,"date":"2022-07-07T15:10:32","date_gmt":"2022-07-07T13:10:32","guid":{"rendered":"https:\/\/www.vita.sk\/?post_type=product&#038;p=10163"},"modified":"2026-02-03T14:20:05","modified_gmt":"2026-02-03T13:20:05","slug":"online-kurz-praca-s-pocitacom-pc-seniori","status":"publish","type":"product","link":"https:\/\/www.vita.sk\/en\/online-kurz-praca-s-pocitacom-pc-seniori\/","title":{"rendered":"Online kurz Pr\u00e1ca s PC pre Seniorov"},"content":{"rendered":"<p>Online kurz Pr\u00e1ca s PC pre Seniorov je pre v\u00e1s ide\u00e1lny, ak sa chcete nau\u010di\u0165 z\u00e1kladn\u00fa obsluhu po\u010d\u00edta\u010da a orient\u00e1ciu v opera\u010dnom syst\u00e9me Windows jednoduch\u00fdm a zrozumite\u013en\u00fdm sp\u00f4sobom. <strong>Ide o akreditovan\u00fd a certifikovan\u00fd kurz na Pr\u00e1ca s PC pre Seniorov<\/strong>. Zameriavame sa na pochopenie fungovania po\u010d\u00edta\u010da, spr\u00e1vne pou\u017e\u00edvanie kl\u00e1vesnice, my\u0161i a z\u00e1kladn\u00fdch kl\u00e1vesov\u00fdch skratiek. Nau\u010d\u00edme sa orientova\u0165 v prostred\u00ed syst\u00e9mu Windows 10 a pou\u017e\u00edva\u0165 ho v be\u017enej praxi. Osvoj\u00edme si pr\u00e1cu so z\u00e1kladn\u00fdmi aplik\u00e1ciami ako Kalend\u00e1r, Kalkula\u010dka a Skic\u00e1r. Venujeme sa pr\u00e1ci s ponukou \u0160tart, sp\u00fa\u0161\u0165aniu programov a z\u00e1kladn\u00fdm syst\u00e9mov\u00fdm aplik\u00e1ci\u00e1m. Nau\u010d\u00edme sa p\u00edsa\u0165 jednoduch\u00e9 texty v Pozn\u00e1mkovom bloku a pou\u017e\u00edva\u0165 kl\u00e1vesov\u00e9 skratky na u\u013eah\u010denie pr\u00e1ce. Z\u00edskame z\u00e1kladn\u00e9 porozumenie tomu, \u010do je internet a ako funguj\u00fa webov\u00e9 str\u00e1nky. Osvoj\u00edme si pou\u017e\u00edvanie internetov\u00e9ho prehliada\u010da na vyh\u013ead\u00e1vanie inform\u00e1ci\u00ed a prehliadanie obsahu. Po absolvovan\u00ed kurzu budeme schopn\u00ed samostatne pou\u017e\u00edva\u0165 po\u010d\u00edta\u010d na be\u017en\u00e9 denn\u00e9 \u00fakony a orientova\u0165 sa v digit\u00e1lnom prostred\u00ed. Ak sa chcete skuto\u010dne nau\u010di\u0165 pracova\u0165 s po\u010d\u00edta\u010dom a sta\u0165 sa sebavedom\u00fdm pou\u017e\u00edvate\u013eom PC v seniorskom veku, tak toto je ide\u00e1lny online kurz pre v\u00e1s.<\/p>\n","protected":false},"excerpt":{"rendered":"<p>Online kurz Pr\u00e1ca s PC pre Seniorov je ur\u010den\u00fd pre seniorov, ktor\u00ed sa chc\u00fa nau\u010di\u0165 z\u00e1kladn\u00fa pr\u00e1cu s po\u010d\u00edta\u010dom, syst\u00e9mom Windows a pou\u017e\u00edvanie internetu v be\u017enom \u017eivote.","protected":false},"author":4,"featured_media":4774,"comment_status":"open","ping_status":"closed","template":"","meta":{"_acf_changed":false},"product_brand":[],"product_cat":[66,73],"product_tag":[187],"class_list":{"0":"post-10163","1":"product","2":"type-product","3":"status-publish","4":"has-post-thumbnail","6":"product_cat-online-kurzy-kancelarske-baliky","7":"product_cat-bez-kategorie","8":"product_tag-kancelarske-baliky","10":"first","11":"instock","12":"sale","13":"sold-individually","14":"taxable","15":"shipping-taxable","16":"purchasable","17":"product-type-simple"},"yoast_head":"<!-- This site is optimized with the Yoast SEO Premium plugin v25.0 (Yoast SEO v25.0) - https:\/\/yoast.com\/wordpress\/plugins\/seo\/ -->\n<title>Online kurz Pr\u00e1ca s Po\u010d\u00edta\u010dom PC \u2013 Seniori 2026 | VITA<\/title>\n<meta name=\"description\" content=\"Online kurz Pr\u00e1ca s PC pre Seniorov \u0165a nau\u010d\u00ed v\u0161etky najnutnej\u0161ie veci k tomu, aby si efekt\u00edvne zvl\u00e1dol pr\u00e1cu s po\u010d\u00edta\u010dom. Na kurze \u0165a nau\u010d\u00edme ovl\u00e1da\u0165 opera\u010dn\u00fd syst\u00e9m Windows, pracova\u0165 so s\u00fabormi, multim\u00e9diami, \u010di postara\u0165 sa o svoj osobn\u00fd po\u010d\u00edta\u010d alebo notebook. Nebudete ma\u0165 probl\u00e9m spojazdni\u0165 tla\u010diare\u0148 \u010di vytla\u010di\u0165 fotky z rodinnej dovolenky.\" \/>\n<meta name=\"robots\" content=\"index, follow, max-snippet:-1, max-image-preview:large, max-video-preview:-1\" \/>\n<link rel=\"canonical\" href=\"https:\/\/www.vita.sk\/online-kurz-praca-s-pocitacom-pc-seniori\/\" \/>\n<meta property=\"og:locale\" content=\"en_US\" \/>\n<meta property=\"og:type\" content=\"article\" \/>\n<meta property=\"og:title\" content=\"Online kurz Pr\u00e1ca s PC pre Seniorov\" \/>\n<meta property=\"og:description\" content=\"Online kurz Pr\u00e1ca s PC pre Seniorov \u0165a nau\u010d\u00ed v\u0161etky najnutnej\u0161ie veci k tomu, aby si efekt\u00edvne zvl\u00e1dol pr\u00e1cu s po\u010d\u00edta\u010dom. Na kurze \u0165a nau\u010d\u00edme ovl\u00e1da\u0165 opera\u010dn\u00fd syst\u00e9m Windows, pracova\u0165 so s\u00fabormi, multim\u00e9diami, \u010di postara\u0165 sa o svoj osobn\u00fd po\u010d\u00edta\u010d alebo notebook. Nebudete ma\u0165 probl\u00e9m spojazdni\u0165 tla\u010diare\u0148 \u010di vytla\u010di\u0165 fotky z rodinnej dovolenky.\" \/>\n<meta property=\"og:url\" content=\"https:\/\/www.vita.sk\/online-kurz-praca-s-pocitacom-pc-seniori\/\" \/>\n<meta property=\"og:site_name\" content=\"VITA\" \/>\n<meta property=\"article:publisher\" content=\"https:\/\/www.facebook.com\/VitaAcademySK\" \/>\n<meta property=\"article:modified_time\" content=\"2026-02-03T13:20:05+00:00\" \/>\n<meta property=\"og:image\" content=\"https:\/\/www.vita.sk\/wp-content\/uploads\/2020\/12\/kurz-Praca-s-PC-a-Windows.png\" \/>\n\t<meta property=\"og:image:width\" content=\"360\" \/>\n\t<meta property=\"og:image:height\" content=\"360\" \/>\n\t<meta property=\"og:image:type\" content=\"image\/png\" \/>\n<meta name=\"twitter:card\" content=\"summary_large_image\" \/>\n<meta name=\"twitter:label1\" content=\"Est. reading time\" \/>\n\t<meta name=\"twitter:data1\" content=\"2 minutes\" \/>\n<script type=\"application\/ld+json\" class=\"yoast-schema-graph\">{\n\t    \"@context\": \"https:\/\/schema.org\",\n\t    \"@graph\": [\n\t        {\n\t            \"@type\": \"WebPage\",\n\t            \"@id\": \"https:\/\/www.vita.sk\/online-kurz-praca-s-pocitacom-pc-seniori\/\",\n\t            \"url\": \"https:\/\/www.vita.sk\/online-kurz-praca-s-pocitacom-pc-seniori\/\",\n\t            \"name\": \"Online kurz Pr\u00e1ca s Po\u010d\u00edta\u010dom PC \u2013 Seniori {Y} | VITA\",\n\t            \"isPartOf\": {\n\t                \"@id\": \"https:\/\/www.vita.sk\/#website\"\n\t            },\n\t            \"primaryImageOfPage\": {\n\t                \"@id\": \"https:\/\/www.vita.sk\/online-kurz-praca-s-pocitacom-pc-seniori\/#primaryimage\"\n\t            },\n\t            \"image\": {\n\t                \"@id\": \"https:\/\/www.vita.sk\/online-kurz-praca-s-pocitacom-pc-seniori\/#primaryimage\"\n\t            },\n\t            \"thumbnailUrl\": \"https:\/\/www.vita.sk\/wp-content\/uploads\/2020\/12\/kurz-Praca-s-PC-a-Windows.png\",\n\t            \"datePublished\": \"2022-07-07T13:10:32+00:00\",\n\t            \"dateModified\": \"2026-02-03T13:20:05+00:00\",\n\t            \"description\": \"Online kurz Pr\u00e1ca s PC pre Seniorov \u0165a nau\u010d\u00ed v\u0161etky najnutnej\u0161ie veci k tomu, aby si efekt\u00edvne zvl\u00e1dol pr\u00e1cu s po\u010d\u00edta\u010dom. Na kurze \u0165a nau\u010d\u00edme ovl\u00e1da\u0165 opera\u010dn\u00fd syst\u00e9m Windows, pracova\u0165 so s\u00fabormi, multim\u00e9diami, \u010di postara\u0165 sa o svoj osobn\u00fd po\u010d\u00edta\u010d alebo notebook. Nebudete ma\u0165 probl\u00e9m spojazdni\u0165 tla\u010diare\u0148 \u010di vytla\u010di\u0165 fotky z rodinnej dovolenky.\",\n\t            \"breadcrumb\": {\n\t                \"@id\": \"https:\/\/www.vita.sk\/online-kurz-praca-s-pocitacom-pc-seniori\/#breadcrumb\"\n\t            },\n\t            \"inLanguage\": \"en-US\",\n\t            \"potentialAction\": [\n\t                {\n\t                    \"@type\": \"ReadAction\",\n\t                    \"target\": [\n\t                        \"https:\/\/www.vita.sk\/online-kurz-praca-s-pocitacom-pc-seniori\/\"\n\t                    ]\n\t                }\n\t            ]\n\t        },\n\t        {\n\t            \"@type\": \"ImageObject\",\n\t            \"inLanguage\": \"en-US\",\n\t            \"@id\": \"https:\/\/www.vita.sk\/online-kurz-praca-s-pocitacom-pc-seniori\/#primaryimage\",\n\t            \"url\": \"https:\/\/www.vita.sk\/wp-content\/uploads\/2020\/12\/kurz-Praca-s-PC-a-Windows.png\",\n\t            \"contentUrl\": \"https:\/\/www.vita.sk\/wp-content\/uploads\/2020\/12\/kurz-Praca-s-PC-a-Windows.png\",\n\t            \"width\": 360,\n\t            \"height\": 360,\n\t            \"caption\": \"Online kurz Pr\u00e1ca s PC a Windows\"\n\t        },\n\t        {\n\t            \"@type\": \"BreadcrumbList\",\n\t            \"@id\": \"https:\/\/www.vita.sk\/online-kurz-praca-s-pocitacom-pc-seniori\/#breadcrumb\",\n\t            \"itemListElement\": [\n\t                {\n\t                    \"@type\": \"ListItem\",\n\t                    \"position\": 1,\n\t                    \"name\": \"VITA Academy\",\n\t                    \"item\": \"https:\/\/www.vita.sk\/en\/\"\n\t                },\n\t                {\n\t                    \"@type\": \"ListItem\",\n\t                    \"position\": 2,\n\t                    \"name\": \"Shop\",\n\t                    \"item\": \"https:\/\/www.vita.sk\/shop\/\"\n\t                },\n\t                {\n\t                    \"@type\": \"ListItem\",\n\t                    \"position\": 3,\n\t                    \"name\": \"Kancel\u00e1rske Bal\u00edky\",\n\t                    \"item\": \"https:\/\/www.vita.sk\/online-kurzy-kancelarske-baliky\/\"\n\t                },\n\t                {\n\t                    \"@type\": \"ListItem\",\n\t                    \"position\": 4,\n\t                    \"name\": \"Online kurz Pr\u00e1ca s PC pre Seniorov\"\n\t                }\n\t            ]\n\t        },\n\t        {\n\t            \"@type\": \"WebSite\",\n\t            \"@id\": \"https:\/\/www.vita.sk\/#website\",\n\t            \"url\": \"https:\/\/www.vita.sk\/\",\n\t            \"name\": \"VITA\",\n\t            \"description\": \"\",\n\t            \"publisher\": {\n\t                \"@id\": \"https:\/\/www.vita.sk\/#organization\"\n\t            },\n\t            \"potentialAction\": [\n\t                {\n\t                    \"@type\": \"SearchAction\",\n\t                    \"target\": {\n\t                        \"@type\": \"EntryPoint\",\n\t                        \"urlTemplate\": \"https:\/\/www.vita.sk\/?s={search_term_string}\"\n\t                    },\n\t                    \"query-input\": {\n\t                        \"@type\": \"PropertyValueSpecification\",\n\t                        \"valueRequired\": true,\n\t                        \"valueName\": \"search_term_string\"\n\t                    }\n\t                }\n\t            ],\n\t            \"inLanguage\": \"en-US\"\n\t        },\n\t        {\n\t            \"email\": \"admin@vita.sk\",\n\t            \"logo\": \"https:\/\/www.vita.sk\/img\/vita_logo.png \",\n\t            \"address\": {\n\t                \"type\": \"PostalAddress\",\n\t                \"streetAddress\": \"Tom\u00e1\u0161ikova 50\/A\",\n\t                \"addressLocality\": \"Bratislava\",\n\t                \"postalCode\": \"83104\",\n\t                \"addressCountry\": {\n\t                    \"name\": \"SK\",\n\t                    \"type\": \"Country\"\n\t                }\n\t            },\n\t            \"contactPoint\": {\n\t                \"type\": \"ContactPoint\",\n\t                \"telephone\": \"+421 907 375\u00a0543\",\n\t                \"Email\": \"admin@vita.sk\",\n\t                \"contactType\": \"customer service\"\n\t            },\n\t            \"sameAs\": [\n\t                \"https:\/\/www.facebook.com\/VitaAcademySK\/\",\n\t                \"https:\/\/www.linkedin.com\/company\/vita-academy\/\"\n\t            ]\n\t        }\n\t    ]\n\t}<\/script>\n<!-- \/ Yoast SEO Premium plugin. -->","yoast_head_json":{"title":"Online kurz Pr\u00e1ca s Po\u010d\u00edta\u010dom PC \u2013 Seniori 2026 | VITA","description":"Online kurz Pr\u00e1ca s PC pre Seniorov \u0165a nau\u010d\u00ed v\u0161etky najnutnej\u0161ie veci k tomu, aby si efekt\u00edvne zvl\u00e1dol pr\u00e1cu s po\u010d\u00edta\u010dom. Na kurze \u0165a nau\u010d\u00edme ovl\u00e1da\u0165 opera\u010dn\u00fd syst\u00e9m Windows, pracova\u0165 so s\u00fabormi, multim\u00e9diami, \u010di postara\u0165 sa o svoj osobn\u00fd po\u010d\u00edta\u010d alebo notebook. Nebudete ma\u0165 probl\u00e9m spojazdni\u0165 tla\u010diare\u0148 \u010di vytla\u010di\u0165 fotky z rodinnej dovolenky.","robots":{"index":"index","follow":"follow","max-snippet":"max-snippet:-1","max-image-preview":"max-image-preview:large","max-video-preview":"max-video-preview:-1"},"canonical":"https:\/\/www.vita.sk\/online-kurz-praca-s-pocitacom-pc-seniori\/","og_locale":"en_US","og_type":"article","og_title":"Online kurz Pr\u00e1ca s PC pre Seniorov","og_description":"Online kurz Pr\u00e1ca s PC pre Seniorov \u0165a nau\u010d\u00ed v\u0161etky najnutnej\u0161ie veci k tomu, aby si efekt\u00edvne zvl\u00e1dol pr\u00e1cu s po\u010d\u00edta\u010dom. Na kurze \u0165a nau\u010d\u00edme ovl\u00e1da\u0165 opera\u010dn\u00fd syst\u00e9m Windows, pracova\u0165 so s\u00fabormi, multim\u00e9diami, \u010di postara\u0165 sa o svoj osobn\u00fd po\u010d\u00edta\u010d alebo notebook. Nebudete ma\u0165 probl\u00e9m spojazdni\u0165 tla\u010diare\u0148 \u010di vytla\u010di\u0165 fotky z rodinnej dovolenky.","og_url":"https:\/\/www.vita.sk\/online-kurz-praca-s-pocitacom-pc-seniori\/","og_site_name":"VITA","article_publisher":"https:\/\/www.facebook.com\/VitaAcademySK","article_modified_time":"2026-02-03T13:20:05+00:00","og_image":[{"width":360,"height":360,"url":"https:\/\/www.vita.sk\/wp-content\/uploads\/2020\/12\/kurz-Praca-s-PC-a-Windows.png","type":"image\/png"}],"twitter_card":"summary_large_image","twitter_misc":{"Est. reading time":"2 minutes"},"schema":{"@context":"https:\/\/schema.org","@graph":[{"@type":"WebPage","@id":"https:\/\/www.vita.sk\/online-kurz-praca-s-pocitacom-pc-seniori\/","url":"https:\/\/www.vita.sk\/online-kurz-praca-s-pocitacom-pc-seniori\/","name":"Online kurz Pr\u00e1ca s Po\u010d\u00edta\u010dom PC \u2013 Seniori {Y} | VITA","isPartOf":{"@id":"https:\/\/www.vita.sk\/#website"},"primaryImageOfPage":{"@id":"https:\/\/www.vita.sk\/online-kurz-praca-s-pocitacom-pc-seniori\/#primaryimage"},"image":{"@id":"https:\/\/www.vita.sk\/online-kurz-praca-s-pocitacom-pc-seniori\/#primaryimage"},"thumbnailUrl":"https:\/\/www.vita.sk\/wp-content\/uploads\/2020\/12\/kurz-Praca-s-PC-a-Windows.png","datePublished":"2022-07-07T13:10:32+00:00","dateModified":"2026-02-03T13:20:05+00:00","description":"Online kurz Pr\u00e1ca s PC pre Seniorov \u0165a nau\u010d\u00ed v\u0161etky najnutnej\u0161ie veci k tomu, aby si efekt\u00edvne zvl\u00e1dol pr\u00e1cu s po\u010d\u00edta\u010dom. Na kurze \u0165a nau\u010d\u00edme ovl\u00e1da\u0165 opera\u010dn\u00fd syst\u00e9m Windows, pracova\u0165 so s\u00fabormi, multim\u00e9diami, \u010di postara\u0165 sa o svoj osobn\u00fd po\u010d\u00edta\u010d alebo notebook. Nebudete ma\u0165 probl\u00e9m spojazdni\u0165 tla\u010diare\u0148 \u010di vytla\u010di\u0165 fotky z rodinnej dovolenky.","breadcrumb":{"@id":"https:\/\/www.vita.sk\/online-kurz-praca-s-pocitacom-pc-seniori\/#breadcrumb"},"inLanguage":"en-US","potentialAction":[{"@type":"ReadAction","target":["https:\/\/www.vita.sk\/online-kurz-praca-s-pocitacom-pc-seniori\/"]}]},{"@type":"ImageObject","inLanguage":"en-US","@id":"https:\/\/www.vita.sk\/online-kurz-praca-s-pocitacom-pc-seniori\/#primaryimage","url":"https:\/\/www.vita.sk\/wp-content\/uploads\/2020\/12\/kurz-Praca-s-PC-a-Windows.png","contentUrl":"https:\/\/www.vita.sk\/wp-content\/uploads\/2020\/12\/kurz-Praca-s-PC-a-Windows.png","width":360,"height":360,"caption":"Online kurz Pr\u00e1ca s PC a Windows"},{"@type":"BreadcrumbList","@id":"https:\/\/www.vita.sk\/online-kurz-praca-s-pocitacom-pc-seniori\/#breadcrumb","itemListElement":[{"@type":"ListItem","position":1,"name":"VITA Academy","item":"https:\/\/www.vita.sk\/en\/"},{"@type":"ListItem","position":2,"name":"Shop","item":"https:\/\/www.vita.sk\/shop\/"},{"@type":"ListItem","position":3,"name":"Kancel\u00e1rske Bal\u00edky","item":"https:\/\/www.vita.sk\/online-kurzy-kancelarske-baliky\/"},{"@type":"ListItem","position":4,"name":"Online kurz Pr\u00e1ca s PC pre Seniorov"}]},{"@type":"WebSite","@id":"https:\/\/www.vita.sk\/#website","url":"https:\/\/www.vita.sk\/","name":"VITA","description":"","publisher":{"@id":"https:\/\/www.vita.sk\/#organization"},"potentialAction":[{"@type":"SearchAction","target":{"@type":"EntryPoint","urlTemplate":"https:\/\/www.vita.sk\/?s={search_term_string}"},"query-input":{"@type":"PropertyValueSpecification","valueRequired":true,"valueName":"search_term_string"}}],"inLanguage":"en-US"},{"email":"admin@vita.sk","logo":"https:\/\/www.vita.sk\/img\/vita_logo.png ","address":{"type":"PostalAddress","streetAddress":"Tom\u00e1\u0161ikova 50\/A","addressLocality":"Bratislava","postalCode":"83104","addressCountry":{"name":"SK","type":"Country"}},"contactPoint":{"type":"ContactPoint","telephone":"+421 907 375\u00a0543","Email":"admin@vita.sk","contactType":"customer service"},"sameAs":["https:\/\/www.facebook.com\/VitaAcademySK\/","https:\/\/www.linkedin.com\/company\/vita-academy\/"]}]}},"acf":[],"_links":{"self":[{"href":"https:\/\/www.vita.sk\/en\/wp-json\/wp\/v2\/product\/10163","targetHints":{"allow":["GET"]}}],"collection":[{"href":"https:\/\/www.vita.sk\/en\/wp-json\/wp\/v2\/product"}],"about":[{"href":"https:\/\/www.vita.sk\/en\/wp-json\/wp\/v2\/types\/product"}],"author":[{"embeddable":true,"href":"https:\/\/www.vita.sk\/en\/wp-json\/wp\/v2\/users\/4"}],"replies":[{"embeddable":true,"href":"https:\/\/www.vita.sk\/en\/wp-json\/wp\/v2\/comments?post=10163"}],"wp:featuredmedia":[{"embeddable":true,"href":"https:\/\/www.vita.sk\/en\/wp-json\/wp\/v2\/media\/4774"}],"wp:attachment":[{"href":"https:\/\/www.vita.sk\/en\/wp-json\/wp\/v2\/media?parent=10163"}],"wp:term":[{"taxonomy":"product_brand","embeddable":true,"href":"https:\/\/www.vita.sk\/en\/wp-json\/wp\/v2\/product_brand?post=10163"},{"taxonomy":"product_cat","embeddable":true,"href":"https:\/\/www.vita.sk\/en\/wp-json\/wp\/v2\/product_cat?post=10163"},{"taxonomy":"product_tag","embeddable":true,"href":"https:\/\/www.vita.sk\/en\/wp-json\/wp\/v2\/product_tag?post=10163"}],"curies":[{"name":"wp","href":"https:\/\/api.w.org\/{rel}","templated":true}]}}