{"id":10203,"date":"2022-07-20T13:21:31","date_gmt":"2022-07-20T11:21:31","guid":{"rendered":"https:\/\/www.vita.sk\/?post_type=product&#038;p=10203"},"modified":"2025-05-26T15:56:38","modified_gmt":"2025-05-26T13:56:38","slug":"online-kurz-priprava-na-skusku-oracle-certified-professional-java-se","status":"publish","type":"product","link":"https:\/\/www.vita.sk\/en\/online-kurz-priprava-na-skusku-oracle-certified-professional-java-se\/","title":{"rendered":"Online kurz Pr\u00edprava na sk\u00fa\u0161ku Oracle Certified Professional Java"},"content":{"rendered":"<p>Pr\u00edpravn\u00fd online kurz na certifik\u00e1ciu Oracle Certified Professional Java v\u00e1m pom\u00f4\u017ee lep\u0161ie pochopi\u0165 a osvoji\u0165 si pokro\u010dil\u00e9 koncepty jazyka Java, ktor\u00e9 s\u00fa potrebn\u00e9 na \u00faspe\u0161n\u00e9 zvl\u00e1dnutie sk\u00fa\u0161ky. Nau\u010d\u00edte sa syntax jazyka Java, z\u00edskate preh\u013ead nie len o implement\u00e1ci\u00ed kni\u017en\u00edc a tried, ale aj v\u00fdvoji grafick\u00e9ho pou\u017e\u00edvate\u013esk\u00e9ho rozhrania GUI. Zlo\u017een\u00edm po\u017eadovanej sk\u00fa\u0161ky preuk\u00e1\u017eete svoju odbornos\u0165 na ceste sta\u0165 sa Java program\u00e1torom alebo v\u00fdvoj\u00e1rom. Kurz je ur\u010den\u00fd pre sk\u00fasenej\u0161\u00edch Java program\u00e1torov, nie je vhodn\u00fd pre za\u010diato\u010dn\u00edkov. Certifika\u010dn\u00e1 sk\u00fa\u0161ka nie je v cene kurze. Je mo\u017en\u00e9 si za \u0148u priplati\u0165 cca (248-280 Eur) pod\u013ea aktu\u00e1lneho cenn\u00edka Oracle a kurzu dol\u00e1ra.<\/p>\n","protected":false},"excerpt":{"rendered":"<p>Pr\u00edpravn\u00fd online kurz na certifik\u00e1ciu Oracle Certified Professional Java v\u00e1m pom\u00f4\u017ee lep\u0161ie pochopi\u0165 a osvoji\u0165 si pokro\u010dil\u00e9 koncepty jazyka Java, ktor\u00e9 s\u00fa potrebn\u00e9 na \u00faspe\u0161n\u00e9 zvl\u00e1dnutie sk\u00fa\u0161ky. Nau\u010d\u00edte sa syntax jazyka Java, z\u00edskate preh\u013ead nie len o implement\u00e1ci\u00ed kni\u017en\u00edc a tried, ale aj v\u00fdvoji grafick\u00e9ho pou\u017e\u00edvate\u013esk\u00e9ho rozhrania GUI.","protected":false},"author":4,"featured_media":4422,"comment_status":"open","ping_status":"closed","template":"","meta":{"_acf_changed":false},"product_brand":[],"product_cat":[103,45,99,73,131],"product_tag":[189,190,192],"class_list":{"0":"post-10203","1":"product","2":"type-product","3":"status-publish","4":"has-post-thumbnail","6":"product_cat-online-kurzy-java","7":"product_cat-online-kurzy-certifikacne-skusky","8":"product_cat-online-kurzy-programovacie-jazyky","9":"product_cat-bez-kategorie","10":"product_cat-online-kurzy-programovanie","11":"product_tag-programovacie-jazyky","12":"product_tag-certifikacne-skusky","13":"product_tag-java","15":"first","16":"instock","17":"sale","18":"sold-individually","19":"taxable","20":"shipping-taxable","21":"purchasable","22":"product-type-simple"},"yoast_head":"<!-- This site is optimized with the Yoast SEO Premium plugin v25.0 (Yoast SEO v25.0) - https:\/\/yoast.com\/wordpress\/plugins\/seo\/ -->\n<title>Pr\u00edprava na sk\u00fa\u0161ku Oracle Certified Professional Java 2026 | VITA<\/title>\n<meta name=\"robots\" content=\"index, follow, max-snippet:-1, max-image-preview:large, max-video-preview:-1\" \/>\n<link rel=\"canonical\" href=\"https:\/\/www.vita.sk\/online-kurz-priprava-na-skusku-oracle-certified-professional-java-se\/\" \/>\n<meta property=\"og:locale\" content=\"en_US\" \/>\n<meta property=\"og:type\" content=\"article\" \/>\n<meta property=\"og:title\" content=\"Online kurz Pr\u00edprava na sk\u00fa\u0161ku Oracle Certified Professional Java\" \/>\n<meta property=\"og:description\" content=\"Pr\u00edpravn\u00fd online kurz na certifik\u00e1ciu Oracle Certified Professional Java v\u00e1m pom\u00f4\u017ee lep\u0161ie pochopi\u0165 a osvoji\u0165 si pokro\u010dil\u00e9 koncepty jazyka Java, ktor\u00e9 s\u00fa potrebn\u00e9 na \u00faspe\u0161n\u00e9 zvl\u00e1dnutie sk\u00fa\u0161ky. Nau\u010d\u00edte sa syntax jazyka Java, z\u00edskate preh\u013ead nie len o implement\u00e1ci\u00ed kni\u017en\u00edc a tried, ale aj v\u00fdvoji grafick\u00e9ho pou\u017e\u00edvate\u013esk\u00e9ho rozhrania GUI. Zlo\u017een\u00edm po\u017eadovanej sk\u00fa\u0161ky preuk\u00e1\u017eete svoju odbornos\u0165 na [&hellip;]\" \/>\n<meta property=\"og:url\" content=\"https:\/\/www.vita.sk\/online-kurz-priprava-na-skusku-oracle-certified-professional-java-se\/\" \/>\n<meta property=\"og:site_name\" content=\"VITA\" \/>\n<meta property=\"article:publisher\" content=\"https:\/\/www.facebook.com\/VitaAcademySK\" \/>\n<meta property=\"article:modified_time\" content=\"2025-05-26T13:56:38+00:00\" \/>\n<meta property=\"og:image\" content=\"https:\/\/www.vita.sk\/wp-content\/uploads\/2020\/11\/kurz_OCP-Oracle-Certified-Professional-Java.png\" \/>\n\t<meta property=\"og:image:width\" content=\"360\" \/>\n\t<meta property=\"og:image:height\" content=\"360\" \/>\n\t<meta property=\"og:image:type\" content=\"image\/png\" \/>\n<meta name=\"twitter:card\" content=\"summary_large_image\" \/>\n<meta name=\"twitter:label1\" content=\"Est. reading time\" \/>\n\t<meta name=\"twitter:data1\" content=\"1 minute\" \/>\n<script type=\"application\/ld+json\" class=\"yoast-schema-graph\">{\n\t    \"@context\": \"https:\/\/schema.org\",\n\t    \"@graph\": [\n\t        {\n\t            \"@type\": \"WebPage\",\n\t            \"@id\": \"https:\/\/www.vita.sk\/online-kurz-priprava-na-skusku-oracle-certified-professional-java-se\/\",\n\t            \"url\": \"https:\/\/www.vita.sk\/online-kurz-priprava-na-skusku-oracle-certified-professional-java-se\/\",\n\t            \"name\": \"Pr\u00edprava na sk\u00fa\u0161ku Oracle Certified Professional Java {Y} | VITA\",\n\t            \"isPartOf\": {\n\t                \"@id\": \"https:\/\/www.vita.sk\/#website\"\n\t            },\n\t            \"primaryImageOfPage\": {\n\t                \"@id\": \"https:\/\/www.vita.sk\/online-kurz-priprava-na-skusku-oracle-certified-professional-java-se\/#primaryimage\"\n\t            },\n\t            \"image\": {\n\t                \"@id\": \"https:\/\/www.vita.sk\/online-kurz-priprava-na-skusku-oracle-certified-professional-java-se\/#primaryimage\"\n\t            },\n\t            \"thumbnailUrl\": \"https:\/\/www.vita.sk\/wp-content\/uploads\/2020\/11\/kurz_OCP-Oracle-Certified-Professional-Java.png\",\n\t            \"datePublished\": \"2022-07-20T11:21:31+00:00\",\n\t            \"dateModified\": \"2025-05-26T13:56:38+00:00\",\n\t            \"breadcrumb\": {\n\t                \"@id\": \"https:\/\/www.vita.sk\/online-kurz-priprava-na-skusku-oracle-certified-professional-java-se\/#breadcrumb\"\n\t            },\n\t            \"inLanguage\": \"en-US\",\n\t            \"potentialAction\": [\n\t                {\n\t                    \"@type\": \"ReadAction\",\n\t                    \"target\": [\n\t                        \"https:\/\/www.vita.sk\/online-kurz-priprava-na-skusku-oracle-certified-professional-java-se\/\"\n\t                    ]\n\t                }\n\t            ]\n\t        },\n\t        {\n\t            \"@type\": \"ImageObject\",\n\t            \"inLanguage\": \"en-US\",\n\t            \"@id\": \"https:\/\/www.vita.sk\/online-kurz-priprava-na-skusku-oracle-certified-professional-java-se\/#primaryimage\",\n\t            \"url\": \"https:\/\/www.vita.sk\/wp-content\/uploads\/2020\/11\/kurz_OCP-Oracle-Certified-Professional-Java.png\",\n\t            \"contentUrl\": \"https:\/\/www.vita.sk\/wp-content\/uploads\/2020\/11\/kurz_OCP-Oracle-Certified-Professional-Java.png\",\n\t            \"width\": 360,\n\t            \"height\": 360,\n\t            \"caption\": \"Online kurz OCP Oracle Certified Professional Java\"\n\t        },\n\t        {\n\t            \"@type\": \"BreadcrumbList\",\n\t            \"@id\": \"https:\/\/www.vita.sk\/online-kurz-priprava-na-skusku-oracle-certified-professional-java-se\/#breadcrumb\",\n\t            \"itemListElement\": [\n\t                {\n\t                    \"@type\": \"ListItem\",\n\t                    \"position\": 1,\n\t                    \"name\": \"VITA Academy\",\n\t                    \"item\": \"https:\/\/www.vita.sk\/en\/\"\n\t                },\n\t                {\n\t                    \"@type\": \"ListItem\",\n\t                    \"position\": 2,\n\t                    \"name\": \"Shop\",\n\t                    \"item\": \"https:\/\/www.vita.sk\/shop\/\"\n\t                },\n\t                {\n\t                    \"@type\": \"ListItem\",\n\t                    \"position\": 3,\n\t                    \"name\": \"Certifika\u010dn\u00e9 Sk\u00fa\u0161ky\",\n\t                    \"item\": \"https:\/\/www.vita.sk\/online-kurzy-certifikacne-skusky\/\"\n\t                },\n\t                {\n\t                    \"@type\": \"ListItem\",\n\t                    \"position\": 4,\n\t                    \"name\": \"Online kurz Pr\u00edprava na sk\u00fa\u0161ku Oracle Certified Professional Java\"\n\t                }\n\t            ]\n\t        },\n\t        {\n\t            \"@type\": \"WebSite\",\n\t            \"@id\": \"https:\/\/www.vita.sk\/#website\",\n\t            \"url\": \"https:\/\/www.vita.sk\/\",\n\t            \"name\": \"VITA\",\n\t            \"description\": \"\",\n\t            \"publisher\": {\n\t                \"@id\": \"https:\/\/www.vita.sk\/#organization\"\n\t            },\n\t            \"potentialAction\": [\n\t                {\n\t                    \"@type\": \"SearchAction\",\n\t                    \"target\": {\n\t                        \"@type\": \"EntryPoint\",\n\t                        \"urlTemplate\": \"https:\/\/www.vita.sk\/?s={search_term_string}\"\n\t                    },\n\t                    \"query-input\": {\n\t                        \"@type\": \"PropertyValueSpecification\",\n\t                        \"valueRequired\": true,\n\t                        \"valueName\": \"search_term_string\"\n\t                    }\n\t                }\n\t            ],\n\t            \"inLanguage\": \"en-US\"\n\t        },\n\t        {\n\t            \"email\": \"admin@vita.sk\",\n\t            \"logo\": \"https:\/\/www.vita.sk\/img\/vita_logo.png \",\n\t            \"address\": {\n\t                \"type\": \"PostalAddress\",\n\t                \"streetAddress\": \"Tom\u00e1\u0161ikova 50\/A\",\n\t                \"addressLocality\": \"Bratislava\",\n\t                \"postalCode\": \"83104\",\n\t                \"addressCountry\": {\n\t                    \"name\": \"SK\",\n\t                    \"type\": \"Country\"\n\t                }\n\t            },\n\t            \"contactPoint\": {\n\t                \"type\": \"ContactPoint\",\n\t                \"telephone\": \"+421 907 375\u00a0543\",\n\t                \"Email\": \"admin@vita.sk\",\n\t                \"contactType\": \"customer service\"\n\t            },\n\t            \"sameAs\": [\n\t                \"https:\/\/www.facebook.com\/VitaAcademySK\/\",\n\t                \"https:\/\/www.linkedin.com\/company\/vita-academy\/\"\n\t            ]\n\t        }\n\t    ]\n\t}<\/script>\n<!-- \/ Yoast SEO Premium plugin. -->","yoast_head_json":{"title":"Pr\u00edprava na sk\u00fa\u0161ku Oracle Certified Professional Java 2026 | VITA","robots":{"index":"index","follow":"follow","max-snippet":"max-snippet:-1","max-image-preview":"max-image-preview:large","max-video-preview":"max-video-preview:-1"},"canonical":"https:\/\/www.vita.sk\/online-kurz-priprava-na-skusku-oracle-certified-professional-java-se\/","og_locale":"en_US","og_type":"article","og_title":"Online kurz Pr\u00edprava na sk\u00fa\u0161ku Oracle Certified Professional Java","og_description":"Pr\u00edpravn\u00fd online kurz na certifik\u00e1ciu Oracle Certified Professional Java v\u00e1m pom\u00f4\u017ee lep\u0161ie pochopi\u0165 a osvoji\u0165 si pokro\u010dil\u00e9 koncepty jazyka Java, ktor\u00e9 s\u00fa potrebn\u00e9 na \u00faspe\u0161n\u00e9 zvl\u00e1dnutie sk\u00fa\u0161ky. Nau\u010d\u00edte sa syntax jazyka Java, z\u00edskate preh\u013ead nie len o implement\u00e1ci\u00ed kni\u017en\u00edc a tried, ale aj v\u00fdvoji grafick\u00e9ho pou\u017e\u00edvate\u013esk\u00e9ho rozhrania GUI. Zlo\u017een\u00edm po\u017eadovanej sk\u00fa\u0161ky preuk\u00e1\u017eete svoju odbornos\u0165 na [&hellip;]","og_url":"https:\/\/www.vita.sk\/online-kurz-priprava-na-skusku-oracle-certified-professional-java-se\/","og_site_name":"VITA","article_publisher":"https:\/\/www.facebook.com\/VitaAcademySK","article_modified_time":"2025-05-26T13:56:38+00:00","og_image":[{"width":360,"height":360,"url":"https:\/\/www.vita.sk\/wp-content\/uploads\/2020\/11\/kurz_OCP-Oracle-Certified-Professional-Java.png","type":"image\/png"}],"twitter_card":"summary_large_image","twitter_misc":{"Est. reading time":"1 minute"},"schema":{"@context":"https:\/\/schema.org","@graph":[{"@type":"WebPage","@id":"https:\/\/www.vita.sk\/online-kurz-priprava-na-skusku-oracle-certified-professional-java-se\/","url":"https:\/\/www.vita.sk\/online-kurz-priprava-na-skusku-oracle-certified-professional-java-se\/","name":"Pr\u00edprava na sk\u00fa\u0161ku Oracle Certified Professional Java {Y} | VITA","isPartOf":{"@id":"https:\/\/www.vita.sk\/#website"},"primaryImageOfPage":{"@id":"https:\/\/www.vita.sk\/online-kurz-priprava-na-skusku-oracle-certified-professional-java-se\/#primaryimage"},"image":{"@id":"https:\/\/www.vita.sk\/online-kurz-priprava-na-skusku-oracle-certified-professional-java-se\/#primaryimage"},"thumbnailUrl":"https:\/\/www.vita.sk\/wp-content\/uploads\/2020\/11\/kurz_OCP-Oracle-Certified-Professional-Java.png","datePublished":"2022-07-20T11:21:31+00:00","dateModified":"2025-05-26T13:56:38+00:00","breadcrumb":{"@id":"https:\/\/www.vita.sk\/online-kurz-priprava-na-skusku-oracle-certified-professional-java-se\/#breadcrumb"},"inLanguage":"en-US","potentialAction":[{"@type":"ReadAction","target":["https:\/\/www.vita.sk\/online-kurz-priprava-na-skusku-oracle-certified-professional-java-se\/"]}]},{"@type":"ImageObject","inLanguage":"en-US","@id":"https:\/\/www.vita.sk\/online-kurz-priprava-na-skusku-oracle-certified-professional-java-se\/#primaryimage","url":"https:\/\/www.vita.sk\/wp-content\/uploads\/2020\/11\/kurz_OCP-Oracle-Certified-Professional-Java.png","contentUrl":"https:\/\/www.vita.sk\/wp-content\/uploads\/2020\/11\/kurz_OCP-Oracle-Certified-Professional-Java.png","width":360,"height":360,"caption":"Online kurz OCP Oracle Certified Professional Java"},{"@type":"BreadcrumbList","@id":"https:\/\/www.vita.sk\/online-kurz-priprava-na-skusku-oracle-certified-professional-java-se\/#breadcrumb","itemListElement":[{"@type":"ListItem","position":1,"name":"VITA Academy","item":"https:\/\/www.vita.sk\/en\/"},{"@type":"ListItem","position":2,"name":"Shop","item":"https:\/\/www.vita.sk\/shop\/"},{"@type":"ListItem","position":3,"name":"Certifika\u010dn\u00e9 Sk\u00fa\u0161ky","item":"https:\/\/www.vita.sk\/online-kurzy-certifikacne-skusky\/"},{"@type":"ListItem","position":4,"name":"Online kurz Pr\u00edprava na sk\u00fa\u0161ku Oracle Certified Professional Java"}]},{"@type":"WebSite","@id":"https:\/\/www.vita.sk\/#website","url":"https:\/\/www.vita.sk\/","name":"VITA","description":"","publisher":{"@id":"https:\/\/www.vita.sk\/#organization"},"potentialAction":[{"@type":"SearchAction","target":{"@type":"EntryPoint","urlTemplate":"https:\/\/www.vita.sk\/?s={search_term_string}"},"query-input":{"@type":"PropertyValueSpecification","valueRequired":true,"valueName":"search_term_string"}}],"inLanguage":"en-US"},{"email":"admin@vita.sk","logo":"https:\/\/www.vita.sk\/img\/vita_logo.png ","address":{"type":"PostalAddress","streetAddress":"Tom\u00e1\u0161ikova 50\/A","addressLocality":"Bratislava","postalCode":"83104","addressCountry":{"name":"SK","type":"Country"}},"contactPoint":{"type":"ContactPoint","telephone":"+421 907 375\u00a0543","Email":"admin@vita.sk","contactType":"customer service"},"sameAs":["https:\/\/www.facebook.com\/VitaAcademySK\/","https:\/\/www.linkedin.com\/company\/vita-academy\/"]}]}},"acf":[],"_links":{"self":[{"href":"https:\/\/www.vita.sk\/en\/wp-json\/wp\/v2\/product\/10203","targetHints":{"allow":["GET"]}}],"collection":[{"href":"https:\/\/www.vita.sk\/en\/wp-json\/wp\/v2\/product"}],"about":[{"href":"https:\/\/www.vita.sk\/en\/wp-json\/wp\/v2\/types\/product"}],"author":[{"embeddable":true,"href":"https:\/\/www.vita.sk\/en\/wp-json\/wp\/v2\/users\/4"}],"replies":[{"embeddable":true,"href":"https:\/\/www.vita.sk\/en\/wp-json\/wp\/v2\/comments?post=10203"}],"wp:featuredmedia":[{"embeddable":true,"href":"https:\/\/www.vita.sk\/en\/wp-json\/wp\/v2\/media\/4422"}],"wp:attachment":[{"href":"https:\/\/www.vita.sk\/en\/wp-json\/wp\/v2\/media?parent=10203"}],"wp:term":[{"taxonomy":"product_brand","embeddable":true,"href":"https:\/\/www.vita.sk\/en\/wp-json\/wp\/v2\/product_brand?post=10203"},{"taxonomy":"product_cat","embeddable":true,"href":"https:\/\/www.vita.sk\/en\/wp-json\/wp\/v2\/product_cat?post=10203"},{"taxonomy":"product_tag","embeddable":true,"href":"https:\/\/www.vita.sk\/en\/wp-json\/wp\/v2\/product_tag?post=10203"}],"curies":[{"name":"wp","href":"https:\/\/api.w.org\/{rel}","templated":true}]}}