{"id":1043,"date":"2021-08-27T17:10:40","date_gmt":"2021-08-27T15:10:40","guid":{"rendered":"http:\/\/vita.sk.vps324.nameserver.sk\/?post_type=product&#038;p=1043"},"modified":"2026-01-30T12:06:04","modified_gmt":"2026-01-30T11:06:04","slug":"online-kurz-lektorske-zrucnosti-i-zaciatocnik","status":"publish","type":"product","link":"https:\/\/www.vita.sk\/en\/online-kurz-lektorske-zrucnosti-i-zaciatocnik\/","title":{"rendered":"Online kurz Lektorsk\u00e9 Zru\u010dnosti I. Za\u010diato\u010dn\u00edk"},"content":{"rendered":"<p>Online kurz Lektorsk\u00e9 Zru\u010dnosti I. Za\u010diato\u010dn\u00edk je pre v\u00e1s ide\u00e1lny, ak sa chcete nau\u010di\u0165 z\u00e1klady profesion\u00e1lneho lektorovania, prezentovania a vzdel\u00e1vania dospel\u00fdch v r\u00f4znych vzdel\u00e1vac\u00edch a pracovn\u00fdch kontextoch. <strong>Ide o akreditovan\u00fd a certifikovan\u00fd kurz na Lektorsk\u00e9 Zru\u010dnosti<\/strong>. Zameriavame sa na pochopenie \u00falohy lektora, jeho zodpovednost\u00ed, kompetenci\u00ed a rozdielov medzi lektorom, mentorom, kou\u010dom a \u010fal\u0161\u00edmi vzdel\u00e1vac\u00edmi rolami. Osvoj\u00edme si z\u00e1kladn\u00e9 andragogick\u00e9 princ\u00edpy a legislat\u00edvne r\u00e1mce, ktor\u00e9 upravuj\u00fa vzdel\u00e1vanie dospel\u00fdch. Venujeme sa rozvoju prezenta\u010dn\u00fdch zru\u010dnost\u00ed, zvl\u00e1daniu stresu pri vystupovan\u00ed a pr\u00e1ci s publikom v r\u00f4znych situ\u00e1ci\u00e1ch. Nau\u010d\u00edme sa efekt\u00edvne pripravova\u0165 a realizova\u0165 prezent\u00e1cie s vyu\u017eit\u00edm modelu 5W a prepojenia prezentovania s biznisov\u00fdm prostred\u00edm. Z\u00edskame istotu v pou\u017e\u00edvan\u00ed n\u00e1strojov ako PowerPoint pri v\u00fdu\u010dbe a prezentovan\u00ed obsahu. Osvoj\u00edme si princ\u00edpy profesion\u00e1lneho nahr\u00e1vania videoprezent\u00e1ci\u00ed a tvorby kvalitn\u00e9ho vzdel\u00e1vacieho videoobsahu. Zameriavame sa na lektorsk\u00fa metodiku, didaktiku a spr\u00e1vne otv\u00e1ranie prezent\u00e1ci\u00ed, prezenta\u010dn\u00e9 re\u017eimy a vzorce spr\u00e1vania ovplyv\u0148uj\u00face vn\u00edmanie lektora. Nau\u010d\u00edme sa pracova\u0165 s obr\u00e1zkami, farbami, textom a vizu\u00e1lnymi prvkami pomocou podporn\u00fdch n\u00e1strojov a pravidiel ako 10-20-30. Rozv\u00edjame schopnos\u0165 pripravova\u0165 efekt\u00edvny pitch, analyzova\u0165 prezent\u00e1cie a vyu\u017e\u00edva\u0165 SmartArt. D\u00f4le\u017eitou s\u00fa\u010das\u0165ou je pr\u00e1ca so sp\u00e4tnou v\u00e4zbou, jej poskytovanie, prij\u00edmanie a vyu\u017eitie na zlep\u0161ovanie lektorsk\u00fdch zru\u010dnost\u00ed, vr\u00e1tane zap\u00e1jania interakcie a z\u00e1bavy do v\u00fdu\u010dby. Po absolvovan\u00ed kurzu budeme schopn\u00ed profesion\u00e1lne prezentova\u0165, vzdel\u00e1va\u0165 dospel\u00fdch a systematicky rozv\u00edja\u0165 svoje lektorsk\u00e9 zru\u010dnosti. Ak sa chcete skuto\u010dne nau\u010di\u0165 lektorova\u0165 a sta\u0165 sa lektorom za\u010diato\u010dn\u00edkom s pevn\u00fdmi z\u00e1kladmi, tak toto je ide\u00e1lny vstupn\u00fd online kurz pre v\u00e1s.<\/p>\n","protected":false},"excerpt":{"rendered":"<p>Online kurz Lektorsk\u00e9 Zru\u010dnosti I. Za\u010diato\u010dn\u00edk je ur\u010den\u00fd pre za\u010diato\u010dn\u00edkov, ktor\u00ed sa chc\u00fa nau\u010di\u0165 z\u00e1klady lektorovania, prezenta\u010dn\u00fdch zru\u010dnost\u00ed, pr\u00e1ce s publikom a vzdel\u00e1vania dospel\u00fdch.","protected":false},"author":4,"featured_media":17912,"comment_status":"open","ping_status":"closed","template":"","meta":{"_acf_changed":false},"product_brand":[],"product_cat":[84,135,73],"product_tag":[191],"class_list":{"0":"post-1043","1":"product","2":"type-product","3":"status-publish","4":"has-post-thumbnail","6":"product_cat-online-kurzy-manazerske-kurzy-soft-skills","7":"product_cat-online-kurzy-lektorske-zrucnosti","8":"product_cat-bez-kategorie","9":"product_tag-manazerske-kurzy","11":"first","12":"instock","13":"sale","14":"sold-individually","15":"taxable","16":"shipping-taxable","17":"purchasable","18":"product-type-simple"},"yoast_head":"<!-- This site is optimized with the Yoast SEO Premium plugin v25.0 (Yoast SEO v25.0) - https:\/\/yoast.com\/wordpress\/plugins\/seo\/ -->\n<title>Online kurz Lektorsk\u00e9 Zru\u010dnosti I. Za\u010diato\u010dn\u00edk 2026 | VITA<\/title>\n<meta name=\"description\" content=\"V online kurze Lektorsk\u00e9 Zru\u010dnosti sa nau\u010di\u0161 v\u0161etko, \u010do by mal spr\u00e1vny lektor pozna\u0165. Zist\u00ed\u0161, ako identifikova\u0165 potreby uch\u00e1dza\u010dov kurzov a ako ich zauja\u0165.\" \/>\n<meta name=\"robots\" content=\"index, follow, max-snippet:-1, max-image-preview:large, max-video-preview:-1\" \/>\n<link rel=\"canonical\" href=\"https:\/\/www.vita.sk\/online-kurz-lektorske-zrucnosti-i-zaciatocnik\/\" \/>\n<meta property=\"og:locale\" content=\"en_US\" \/>\n<meta property=\"og:type\" content=\"article\" \/>\n<meta property=\"og:title\" content=\"Online kurz Lektorsk\u00e9 Zru\u010dnosti I. Za\u010diato\u010dn\u00edk\" \/>\n<meta property=\"og:description\" content=\"V online kurze Lektorsk\u00e9 Zru\u010dnosti sa nau\u010di\u0161 v\u0161etko, \u010do by mal spr\u00e1vny lektor pozna\u0165. Zist\u00ed\u0161, ako identifikova\u0165 potreby uch\u00e1dza\u010dov kurzov a ako ich zauja\u0165.\" \/>\n<meta property=\"og:url\" content=\"https:\/\/www.vita.sk\/online-kurz-lektorske-zrucnosti-i-zaciatocnik\/\" \/>\n<meta property=\"og:site_name\" content=\"VITA\" \/>\n<meta property=\"article:publisher\" content=\"https:\/\/www.facebook.com\/VitaAcademySK\" \/>\n<meta property=\"article:modified_time\" content=\"2026-01-30T11:06:04+00:00\" \/>\n<meta property=\"og:image\" content=\"https:\/\/www.vita.sk\/wp-content\/uploads\/2021\/08\/Online-kurz-Lektorske-zrucnosti.png\" \/>\n\t<meta property=\"og:image:width\" content=\"360\" \/>\n\t<meta property=\"og:image:height\" content=\"360\" \/>\n\t<meta property=\"og:image:type\" content=\"image\/png\" \/>\n<meta name=\"twitter:card\" content=\"summary_large_image\" \/>\n<meta name=\"twitter:label1\" content=\"Est. reading time\" \/>\n\t<meta name=\"twitter:data1\" content=\"2 minutes\" \/>\n<script type=\"application\/ld+json\" class=\"yoast-schema-graph\">{\n\t    \"@context\": \"https:\/\/schema.org\",\n\t    \"@graph\": [\n\t        {\n\t            \"@type\": \"WebPage\",\n\t            \"@id\": \"https:\/\/www.vita.sk\/online-kurz-lektorske-zrucnosti-i-zaciatocnik\/\",\n\t            \"url\": \"https:\/\/www.vita.sk\/online-kurz-lektorske-zrucnosti-i-zaciatocnik\/\",\n\t            \"name\": \"Online kurz Lektorsk\u00e9 Zru\u010dnosti I. Za\u010diato\u010dn\u00edk {Y} | VITA\",\n\t            \"isPartOf\": {\n\t                \"@id\": \"https:\/\/www.vita.sk\/#website\"\n\t            },\n\t            \"primaryImageOfPage\": {\n\t                \"@id\": \"https:\/\/www.vita.sk\/online-kurz-lektorske-zrucnosti-i-zaciatocnik\/#primaryimage\"\n\t            },\n\t            \"image\": {\n\t                \"@id\": \"https:\/\/www.vita.sk\/online-kurz-lektorske-zrucnosti-i-zaciatocnik\/#primaryimage\"\n\t            },\n\t            \"thumbnailUrl\": \"https:\/\/www.vita.sk\/wp-content\/uploads\/2021\/08\/Online-kurz-Lektorske-zrucnosti.png\",\n\t            \"datePublished\": \"2021-08-27T15:10:40+00:00\",\n\t            \"dateModified\": \"2026-01-30T11:06:04+00:00\",\n\t            \"description\": \"V online kurze Lektorsk\u00e9 Zru\u010dnosti sa nau\u010di\u0161 v\u0161etko, \u010do by mal spr\u00e1vny lektor pozna\u0165. Zist\u00ed\u0161, ako identifikova\u0165 potreby uch\u00e1dza\u010dov kurzov a ako ich zauja\u0165.\",\n\t            \"breadcrumb\": {\n\t                \"@id\": \"https:\/\/www.vita.sk\/online-kurz-lektorske-zrucnosti-i-zaciatocnik\/#breadcrumb\"\n\t            },\n\t            \"inLanguage\": \"en-US\",\n\t            \"potentialAction\": [\n\t                {\n\t                    \"@type\": \"ReadAction\",\n\t                    \"target\": [\n\t                        \"https:\/\/www.vita.sk\/online-kurz-lektorske-zrucnosti-i-zaciatocnik\/\"\n\t                    ]\n\t                }\n\t            ]\n\t        },\n\t        {\n\t            \"@type\": \"ImageObject\",\n\t            \"inLanguage\": \"en-US\",\n\t            \"@id\": \"https:\/\/www.vita.sk\/online-kurz-lektorske-zrucnosti-i-zaciatocnik\/#primaryimage\",\n\t            \"url\": \"https:\/\/www.vita.sk\/wp-content\/uploads\/2021\/08\/Online-kurz-Lektorske-zrucnosti.png\",\n\t            \"contentUrl\": \"https:\/\/www.vita.sk\/wp-content\/uploads\/2021\/08\/Online-kurz-Lektorske-zrucnosti.png\",\n\t            \"width\": 360,\n\t            \"height\": 360,\n\t            \"caption\": \"Kurz Lektorsk\u00e9 Zru\u010dnosti I. Za\u010diato\u010dn\u00edk\"\n\t        },\n\t        {\n\t            \"@type\": \"BreadcrumbList\",\n\t            \"@id\": \"https:\/\/www.vita.sk\/online-kurz-lektorske-zrucnosti-i-zaciatocnik\/#breadcrumb\",\n\t            \"itemListElement\": [\n\t                {\n\t                    \"@type\": \"ListItem\",\n\t                    \"position\": 1,\n\t                    \"name\": \"VITA Academy\",\n\t                    \"item\": \"https:\/\/www.vita.sk\/en\/\"\n\t                },\n\t                {\n\t                    \"@type\": \"ListItem\",\n\t                    \"position\": 2,\n\t                    \"name\": \"Shop\",\n\t                    \"item\": \"https:\/\/www.vita.sk\/shop\/\"\n\t                },\n\t                {\n\t                    \"@type\": \"ListItem\",\n\t                    \"position\": 3,\n\t                    \"name\": \"Mana\u017e\u00e9rske a Soft Skills Kurzy\",\n\t                    \"item\": \"https:\/\/www.vita.sk\/online-kurzy-manazerske-kurzy-soft-skills\/\"\n\t                },\n\t                {\n\t                    \"@type\": \"ListItem\",\n\t                    \"position\": 4,\n\t                    \"name\": \"Lektorsk\u00e9 zru\u010dnosti\",\n\t                    \"item\": \"https:\/\/www.vita.sk\/online-kurzy-lektorske-zrucnosti\/\"\n\t                },\n\t                {\n\t                    \"@type\": \"ListItem\",\n\t                    \"position\": 5,\n\t                    \"name\": \"Online kurz Lektorsk\u00e9 Zru\u010dnosti I. Za\u010diato\u010dn\u00edk\"\n\t                }\n\t            ]\n\t        },\n\t        {\n\t            \"@type\": \"WebSite\",\n\t            \"@id\": \"https:\/\/www.vita.sk\/#website\",\n\t            \"url\": \"https:\/\/www.vita.sk\/\",\n\t            \"name\": \"VITA\",\n\t            \"description\": \"\",\n\t            \"publisher\": {\n\t                \"@id\": \"https:\/\/www.vita.sk\/#organization\"\n\t            },\n\t            \"potentialAction\": [\n\t                {\n\t                    \"@type\": \"SearchAction\",\n\t                    \"target\": {\n\t                        \"@type\": \"EntryPoint\",\n\t                        \"urlTemplate\": \"https:\/\/www.vita.sk\/?s={search_term_string}\"\n\t                    },\n\t                    \"query-input\": {\n\t                        \"@type\": \"PropertyValueSpecification\",\n\t                        \"valueRequired\": true,\n\t                        \"valueName\": \"search_term_string\"\n\t                    }\n\t                }\n\t            ],\n\t            \"inLanguage\": \"en-US\"\n\t        },\n\t        {\n\t            \"email\": \"admin@vita.sk\",\n\t            \"logo\": \"https:\/\/www.vita.sk\/img\/vita_logo.png \",\n\t            \"address\": {\n\t                \"type\": \"PostalAddress\",\n\t                \"streetAddress\": \"Tom\u00e1\u0161ikova 50\/A\",\n\t                \"addressLocality\": \"Bratislava\",\n\t                \"postalCode\": \"83104\",\n\t                \"addressCountry\": {\n\t                    \"name\": \"SK\",\n\t                    \"type\": \"Country\"\n\t                }\n\t            },\n\t            \"contactPoint\": {\n\t                \"type\": \"ContactPoint\",\n\t                \"telephone\": \"+421 907 375\u00a0543\",\n\t                \"Email\": \"admin@vita.sk\",\n\t                \"contactType\": \"customer service\"\n\t            },\n\t            \"sameAs\": [\n\t                \"https:\/\/www.facebook.com\/VitaAcademySK\/\",\n\t                \"https:\/\/www.linkedin.com\/company\/vita-academy\/\"\n\t            ]\n\t        }\n\t    ]\n\t}<\/script>\n<!-- \/ Yoast SEO Premium plugin. -->","yoast_head_json":{"title":"Online kurz Lektorsk\u00e9 Zru\u010dnosti I. Za\u010diato\u010dn\u00edk 2026 | VITA","description":"V online kurze Lektorsk\u00e9 Zru\u010dnosti sa nau\u010di\u0161 v\u0161etko, \u010do by mal spr\u00e1vny lektor pozna\u0165. Zist\u00ed\u0161, ako identifikova\u0165 potreby uch\u00e1dza\u010dov kurzov a ako ich zauja\u0165.","robots":{"index":"index","follow":"follow","max-snippet":"max-snippet:-1","max-image-preview":"max-image-preview:large","max-video-preview":"max-video-preview:-1"},"canonical":"https:\/\/www.vita.sk\/online-kurz-lektorske-zrucnosti-i-zaciatocnik\/","og_locale":"en_US","og_type":"article","og_title":"Online kurz Lektorsk\u00e9 Zru\u010dnosti I. Za\u010diato\u010dn\u00edk","og_description":"V online kurze Lektorsk\u00e9 Zru\u010dnosti sa nau\u010di\u0161 v\u0161etko, \u010do by mal spr\u00e1vny lektor pozna\u0165. Zist\u00ed\u0161, ako identifikova\u0165 potreby uch\u00e1dza\u010dov kurzov a ako ich zauja\u0165.","og_url":"https:\/\/www.vita.sk\/online-kurz-lektorske-zrucnosti-i-zaciatocnik\/","og_site_name":"VITA","article_publisher":"https:\/\/www.facebook.com\/VitaAcademySK","article_modified_time":"2026-01-30T11:06:04+00:00","og_image":[{"width":360,"height":360,"url":"https:\/\/www.vita.sk\/wp-content\/uploads\/2021\/08\/Online-kurz-Lektorske-zrucnosti.png","type":"image\/png"}],"twitter_card":"summary_large_image","twitter_misc":{"Est. reading time":"2 minutes"},"schema":{"@context":"https:\/\/schema.org","@graph":[{"@type":"WebPage","@id":"https:\/\/www.vita.sk\/online-kurz-lektorske-zrucnosti-i-zaciatocnik\/","url":"https:\/\/www.vita.sk\/online-kurz-lektorske-zrucnosti-i-zaciatocnik\/","name":"Online kurz Lektorsk\u00e9 Zru\u010dnosti I. Za\u010diato\u010dn\u00edk {Y} | VITA","isPartOf":{"@id":"https:\/\/www.vita.sk\/#website"},"primaryImageOfPage":{"@id":"https:\/\/www.vita.sk\/online-kurz-lektorske-zrucnosti-i-zaciatocnik\/#primaryimage"},"image":{"@id":"https:\/\/www.vita.sk\/online-kurz-lektorske-zrucnosti-i-zaciatocnik\/#primaryimage"},"thumbnailUrl":"https:\/\/www.vita.sk\/wp-content\/uploads\/2021\/08\/Online-kurz-Lektorske-zrucnosti.png","datePublished":"2021-08-27T15:10:40+00:00","dateModified":"2026-01-30T11:06:04+00:00","description":"V online kurze Lektorsk\u00e9 Zru\u010dnosti sa nau\u010di\u0161 v\u0161etko, \u010do by mal spr\u00e1vny lektor pozna\u0165. Zist\u00ed\u0161, ako identifikova\u0165 potreby uch\u00e1dza\u010dov kurzov a ako ich zauja\u0165.","breadcrumb":{"@id":"https:\/\/www.vita.sk\/online-kurz-lektorske-zrucnosti-i-zaciatocnik\/#breadcrumb"},"inLanguage":"en-US","potentialAction":[{"@type":"ReadAction","target":["https:\/\/www.vita.sk\/online-kurz-lektorske-zrucnosti-i-zaciatocnik\/"]}]},{"@type":"ImageObject","inLanguage":"en-US","@id":"https:\/\/www.vita.sk\/online-kurz-lektorske-zrucnosti-i-zaciatocnik\/#primaryimage","url":"https:\/\/www.vita.sk\/wp-content\/uploads\/2021\/08\/Online-kurz-Lektorske-zrucnosti.png","contentUrl":"https:\/\/www.vita.sk\/wp-content\/uploads\/2021\/08\/Online-kurz-Lektorske-zrucnosti.png","width":360,"height":360,"caption":"Kurz Lektorsk\u00e9 Zru\u010dnosti I. Za\u010diato\u010dn\u00edk"},{"@type":"BreadcrumbList","@id":"https:\/\/www.vita.sk\/online-kurz-lektorske-zrucnosti-i-zaciatocnik\/#breadcrumb","itemListElement":[{"@type":"ListItem","position":1,"name":"VITA Academy","item":"https:\/\/www.vita.sk\/en\/"},{"@type":"ListItem","position":2,"name":"Shop","item":"https:\/\/www.vita.sk\/shop\/"},{"@type":"ListItem","position":3,"name":"Mana\u017e\u00e9rske a Soft Skills Kurzy","item":"https:\/\/www.vita.sk\/online-kurzy-manazerske-kurzy-soft-skills\/"},{"@type":"ListItem","position":4,"name":"Lektorsk\u00e9 zru\u010dnosti","item":"https:\/\/www.vita.sk\/online-kurzy-lektorske-zrucnosti\/"},{"@type":"ListItem","position":5,"name":"Online kurz Lektorsk\u00e9 Zru\u010dnosti I. Za\u010diato\u010dn\u00edk"}]},{"@type":"WebSite","@id":"https:\/\/www.vita.sk\/#website","url":"https:\/\/www.vita.sk\/","name":"VITA","description":"","publisher":{"@id":"https:\/\/www.vita.sk\/#organization"},"potentialAction":[{"@type":"SearchAction","target":{"@type":"EntryPoint","urlTemplate":"https:\/\/www.vita.sk\/?s={search_term_string}"},"query-input":{"@type":"PropertyValueSpecification","valueRequired":true,"valueName":"search_term_string"}}],"inLanguage":"en-US"},{"email":"admin@vita.sk","logo":"https:\/\/www.vita.sk\/img\/vita_logo.png ","address":{"type":"PostalAddress","streetAddress":"Tom\u00e1\u0161ikova 50\/A","addressLocality":"Bratislava","postalCode":"83104","addressCountry":{"name":"SK","type":"Country"}},"contactPoint":{"type":"ContactPoint","telephone":"+421 907 375\u00a0543","Email":"admin@vita.sk","contactType":"customer service"},"sameAs":["https:\/\/www.facebook.com\/VitaAcademySK\/","https:\/\/www.linkedin.com\/company\/vita-academy\/"]}]}},"acf":[],"_links":{"self":[{"href":"https:\/\/www.vita.sk\/en\/wp-json\/wp\/v2\/product\/1043","targetHints":{"allow":["GET"]}}],"collection":[{"href":"https:\/\/www.vita.sk\/en\/wp-json\/wp\/v2\/product"}],"about":[{"href":"https:\/\/www.vita.sk\/en\/wp-json\/wp\/v2\/types\/product"}],"author":[{"embeddable":true,"href":"https:\/\/www.vita.sk\/en\/wp-json\/wp\/v2\/users\/4"}],"replies":[{"embeddable":true,"href":"https:\/\/www.vita.sk\/en\/wp-json\/wp\/v2\/comments?post=1043"}],"wp:featuredmedia":[{"embeddable":true,"href":"https:\/\/www.vita.sk\/en\/wp-json\/wp\/v2\/media\/17912"}],"wp:attachment":[{"href":"https:\/\/www.vita.sk\/en\/wp-json\/wp\/v2\/media?parent=1043"}],"wp:term":[{"taxonomy":"product_brand","embeddable":true,"href":"https:\/\/www.vita.sk\/en\/wp-json\/wp\/v2\/product_brand?post=1043"},{"taxonomy":"product_cat","embeddable":true,"href":"https:\/\/www.vita.sk\/en\/wp-json\/wp\/v2\/product_cat?post=1043"},{"taxonomy":"product_tag","embeddable":true,"href":"https:\/\/www.vita.sk\/en\/wp-json\/wp\/v2\/product_tag?post=1043"}],"curies":[{"name":"wp","href":"https:\/\/api.w.org\/{rel}","templated":true}]}}