{"id":1055,"date":"2021-08-28T11:35:17","date_gmt":"2021-08-28T09:35:17","guid":{"rendered":"http:\/\/vita.sk.vps324.nameserver.sk\/?post_type=product&#038;p=1055"},"modified":"2025-07-31T14:45:37","modified_gmt":"2025-07-31T12:45:37","slug":"online-kurz-gimp-i-zaciatocnik","status":"publish","type":"product","link":"https:\/\/www.vita.sk\/en\/online-kurz-gimp-i-zaciatocnik\/","title":{"rendered":"Online Kurz GIMP I. Za\u010diato\u010dn\u00edk"},"content":{"rendered":"<p>Online kurz GIMP I. Za\u010diato\u010dn\u00edk je pre v\u00e1s ako stvoren\u00fd, ak sa chcete nau\u010di\u0165 upravova\u0165 obr\u00e1zky a tvori\u0165 rastrov\u00fa grafiku. <strong>Ide o jedin\u00fd akreditovan\u00fd a certifikovan\u00fd kurz na GIMP na Slovensku.<\/strong> Obozn\u00e1mime v\u00e1s s in\u0161tal\u00e1ciou, orient\u00e1ciou a z\u00e1kladn\u00fdmi oper\u00e1ciami v s\u00favislosti s programom GIMP. Nau\u010d\u00edme v\u00e1s v\u0161etky potrebn\u00e9 formy vzorov \u2013 \u013eanov\u00fd, papierov\u00fd, br\u00fasen\u00fd kov, opona, ale aj in\u00e9 bizarn\u00e9 vzory. Budeme tie\u017e pracova\u0165 so \u0161tetcom. Ako absolvent online kurzu GIMP I. Za\u010diato\u010dn\u00edk zvl\u00e1dnete pracova\u0165 s textov\u00fdm n\u00e1strojom a tret\u00edm rozmerom, do ktor\u00e9ho zara\u010fujeme plastick\u00fa mapu \u010di oh\u00fdbanie reality. Ak sa chcete skuto\u010dne nau\u010di\u0165 pou\u017e\u00edva\u0165 GIMP, tak toto je ide\u00e1lny online kurz pre v\u00e1s.<\/p>\n","protected":false},"excerpt":{"rendered":"<p>Online kurz GIMP I. Za\u010diato\u010dn\u00edk je pre v\u00e1s ako stvoren\u00fd, ak sa chcete nau\u010di\u0165 upravova\u0165 obr\u00e1zky a tvori\u0165 rastrov\u00fa grafiku. Ide o jedin\u00fd akreditovan\u00fd a certifikovan\u00fd kurz na GIMP na Slovensku. Obozn\u00e1mime v\u00e1s s in\u0161tal\u00e1ciou, orient\u00e1ciou a z\u00e1kladn\u00fdmi oper\u00e1ciami v s\u00favislosti s programom GIMP.","protected":false},"author":4,"featured_media":1251,"comment_status":"open","ping_status":"closed","template":"","meta":{"_acf_changed":false},"product_brand":[],"product_cat":[56,138,73],"product_tag":[194],"class_list":{"0":"post-1055","1":"product","2":"type-product","3":"status-publish","4":"has-post-thumbnail","6":"product_cat-online-kurzy-grafika-a-dizajn","7":"product_cat-online-kurzy-gimp","8":"product_cat-bez-kategorie","9":"product_tag-grafika-a-dizajn","11":"first","12":"instock","13":"sale","14":"sold-individually","15":"taxable","16":"shipping-taxable","17":"purchasable","18":"product-type-simple"},"yoast_head":"<!-- This site is optimized with the Yoast SEO Premium plugin v25.0 (Yoast SEO v25.0) - https:\/\/yoast.com\/wordpress\/plugins\/seo\/ -->\n<title>Online Kurz GIMP I. Za\u010diato\u010dn\u00edk 2026 | VITA<\/title>\n<meta name=\"description\" content=\"V online kurze Gimp pre za\u010diato\u010dn\u00edkov \u0165a nau\u010d\u00edme upravova\u0165 obr\u00e1zky, tvori\u0165 rastrov\u00fa grafiku, orientova\u0165 sa v n\u00e1strojoch a vyu\u017e\u00edva\u0165 vzory.\" \/>\n<meta name=\"robots\" content=\"index, follow, max-snippet:-1, max-image-preview:large, max-video-preview:-1\" \/>\n<link rel=\"canonical\" href=\"https:\/\/www.vita.sk\/online-kurz-gimp-i-zaciatocnik\/\" \/>\n<meta property=\"og:locale\" content=\"en_US\" \/>\n<meta property=\"og:type\" content=\"article\" \/>\n<meta property=\"og:title\" content=\"Online Kurz GIMP I. Za\u010diato\u010dn\u00edk\" \/>\n<meta property=\"og:description\" content=\"V online kurze Gimp pre za\u010diato\u010dn\u00edkov \u0165a nau\u010d\u00edme upravova\u0165 obr\u00e1zky, tvori\u0165 rastrov\u00fa grafiku, orientova\u0165 sa v n\u00e1strojoch a vyu\u017e\u00edva\u0165 vzory.\" \/>\n<meta property=\"og:url\" content=\"https:\/\/www.vita.sk\/online-kurz-gimp-i-zaciatocnik\/\" \/>\n<meta property=\"og:site_name\" content=\"VITA\" \/>\n<meta property=\"article:publisher\" content=\"https:\/\/www.facebook.com\/VitaAcademySK\" \/>\n<meta property=\"article:modified_time\" content=\"2025-07-31T12:45:37+00:00\" \/>\n<meta property=\"og:image\" content=\"https:\/\/www.vita.sk\/wp-content\/uploads\/2019\/08\/kurz-Gimp.png\" \/>\n\t<meta property=\"og:image:width\" content=\"165\" \/>\n\t<meta property=\"og:image:height\" content=\"164\" \/>\n\t<meta property=\"og:image:type\" content=\"image\/png\" \/>\n<meta name=\"twitter:card\" content=\"summary_large_image\" \/>\n<meta name=\"twitter:label1\" content=\"Est. reading time\" \/>\n\t<meta name=\"twitter:data1\" content=\"1 minute\" \/>\n<script type=\"application\/ld+json\" class=\"yoast-schema-graph\">{\n\t    \"@context\": \"https:\/\/schema.org\",\n\t    \"@graph\": [\n\t        {\n\t            \"@type\": \"WebPage\",\n\t            \"@id\": \"https:\/\/www.vita.sk\/online-kurz-gimp-i-zaciatocnik\/\",\n\t            \"url\": \"https:\/\/www.vita.sk\/online-kurz-gimp-i-zaciatocnik\/\",\n\t            \"name\": \"Online Kurz GIMP I. Za\u010diato\u010dn\u00edk {Y} | VITA\",\n\t            \"isPartOf\": {\n\t                \"@id\": \"https:\/\/www.vita.sk\/#website\"\n\t            },\n\t            \"primaryImageOfPage\": {\n\t                \"@id\": \"https:\/\/www.vita.sk\/online-kurz-gimp-i-zaciatocnik\/#primaryimage\"\n\t            },\n\t            \"image\": {\n\t                \"@id\": \"https:\/\/www.vita.sk\/online-kurz-gimp-i-zaciatocnik\/#primaryimage\"\n\t            },\n\t            \"thumbnailUrl\": \"https:\/\/www.vita.sk\/wp-content\/uploads\/2019\/08\/kurz-Gimp.png\",\n\t            \"datePublished\": \"2021-08-28T09:35:17+00:00\",\n\t            \"dateModified\": \"2025-07-31T12:45:37+00:00\",\n\t            \"description\": \"V online kurze Gimp pre za\u010diato\u010dn\u00edkov \u0165a nau\u010d\u00edme upravova\u0165 obr\u00e1zky, tvori\u0165 rastrov\u00fa grafiku, orientova\u0165 sa v n\u00e1strojoch a vyu\u017e\u00edva\u0165 vzory.\",\n\t            \"breadcrumb\": {\n\t                \"@id\": \"https:\/\/www.vita.sk\/online-kurz-gimp-i-zaciatocnik\/#breadcrumb\"\n\t            },\n\t            \"inLanguage\": \"en-US\",\n\t            \"potentialAction\": [\n\t                {\n\t                    \"@type\": \"ReadAction\",\n\t                    \"target\": [\n\t                        \"https:\/\/www.vita.sk\/online-kurz-gimp-i-zaciatocnik\/\"\n\t                    ]\n\t                }\n\t            ]\n\t        },\n\t        {\n\t            \"@type\": \"ImageObject\",\n\t            \"inLanguage\": \"en-US\",\n\t            \"@id\": \"https:\/\/www.vita.sk\/online-kurz-gimp-i-zaciatocnik\/#primaryimage\",\n\t            \"url\": \"https:\/\/www.vita.sk\/wp-content\/uploads\/2019\/08\/kurz-Gimp.png\",\n\t            \"contentUrl\": \"https:\/\/www.vita.sk\/wp-content\/uploads\/2019\/08\/kurz-Gimp.png\",\n\t            \"width\": 165,\n\t            \"height\": 164,\n\t            \"caption\": \"online kurz Gimp pre za\u010diato\u010dn\u00edkov\"\n\t        },\n\t        {\n\t            \"@type\": \"BreadcrumbList\",\n\t            \"@id\": \"https:\/\/www.vita.sk\/online-kurz-gimp-i-zaciatocnik\/#breadcrumb\",\n\t            \"itemListElement\": [\n\t                {\n\t                    \"@type\": \"ListItem\",\n\t                    \"position\": 1,\n\t                    \"name\": \"VITA Academy\",\n\t                    \"item\": \"https:\/\/www.vita.sk\/en\/\"\n\t                },\n\t                {\n\t                    \"@type\": \"ListItem\",\n\t                    \"position\": 2,\n\t                    \"name\": \"Shop\",\n\t                    \"item\": \"https:\/\/www.vita.sk\/shop\/\"\n\t                },\n\t                {\n\t                    \"@type\": \"ListItem\",\n\t                    \"position\": 3,\n\t                    \"name\": \"Grafika a Dizajn\",\n\t                    \"item\": \"https:\/\/www.vita.sk\/online-kurzy-grafika-a-dizajn\/\"\n\t                },\n\t                {\n\t                    \"@type\": \"ListItem\",\n\t                    \"position\": 4,\n\t                    \"name\": \"GIMP\",\n\t                    \"item\": \"https:\/\/www.vita.sk\/online-kurzy-gimp\/\"\n\t                },\n\t                {\n\t                    \"@type\": \"ListItem\",\n\t                    \"position\": 5,\n\t                    \"name\": \"Online Kurz GIMP I. Za\u010diato\u010dn\u00edk\"\n\t                }\n\t            ]\n\t        },\n\t        {\n\t            \"@type\": \"WebSite\",\n\t            \"@id\": \"https:\/\/www.vita.sk\/#website\",\n\t            \"url\": \"https:\/\/www.vita.sk\/\",\n\t            \"name\": \"VITA\",\n\t            \"description\": \"\",\n\t            \"publisher\": {\n\t                \"@id\": \"https:\/\/www.vita.sk\/#organization\"\n\t            },\n\t            \"potentialAction\": [\n\t                {\n\t                    \"@type\": \"SearchAction\",\n\t                    \"target\": {\n\t                        \"@type\": \"EntryPoint\",\n\t                        \"urlTemplate\": \"https:\/\/www.vita.sk\/?s={search_term_string}\"\n\t                    },\n\t                    \"query-input\": {\n\t                        \"@type\": \"PropertyValueSpecification\",\n\t                        \"valueRequired\": true,\n\t                        \"valueName\": \"search_term_string\"\n\t                    }\n\t                }\n\t            ],\n\t            \"inLanguage\": \"en-US\"\n\t        },\n\t        {\n\t            \"email\": \"admin@vita.sk\",\n\t            \"logo\": \"https:\/\/www.vita.sk\/img\/vita_logo.png \",\n\t            \"address\": {\n\t                \"type\": \"PostalAddress\",\n\t                \"streetAddress\": \"Tom\u00e1\u0161ikova 50\/A\",\n\t                \"addressLocality\": \"Bratislava\",\n\t                \"postalCode\": \"83104\",\n\t                \"addressCountry\": {\n\t                    \"name\": \"SK\",\n\t                    \"type\": \"Country\"\n\t                }\n\t            },\n\t            \"contactPoint\": {\n\t                \"type\": \"ContactPoint\",\n\t                \"telephone\": \"+421 907 375\u00a0543\",\n\t                \"Email\": \"admin@vita.sk\",\n\t                \"contactType\": \"customer service\"\n\t            },\n\t            \"sameAs\": [\n\t                \"https:\/\/www.facebook.com\/VitaAcademySK\/\",\n\t                \"https:\/\/www.linkedin.com\/company\/vita-academy\/\"\n\t            ]\n\t        }\n\t    ]\n\t}<\/script>\n<!-- \/ Yoast SEO Premium plugin. -->","yoast_head_json":{"title":"Online Kurz GIMP I. Za\u010diato\u010dn\u00edk 2026 | VITA","description":"V online kurze Gimp pre za\u010diato\u010dn\u00edkov \u0165a nau\u010d\u00edme upravova\u0165 obr\u00e1zky, tvori\u0165 rastrov\u00fa grafiku, orientova\u0165 sa v n\u00e1strojoch a vyu\u017e\u00edva\u0165 vzory.","robots":{"index":"index","follow":"follow","max-snippet":"max-snippet:-1","max-image-preview":"max-image-preview:large","max-video-preview":"max-video-preview:-1"},"canonical":"https:\/\/www.vita.sk\/online-kurz-gimp-i-zaciatocnik\/","og_locale":"en_US","og_type":"article","og_title":"Online Kurz GIMP I. Za\u010diato\u010dn\u00edk","og_description":"V online kurze Gimp pre za\u010diato\u010dn\u00edkov \u0165a nau\u010d\u00edme upravova\u0165 obr\u00e1zky, tvori\u0165 rastrov\u00fa grafiku, orientova\u0165 sa v n\u00e1strojoch a vyu\u017e\u00edva\u0165 vzory.","og_url":"https:\/\/www.vita.sk\/online-kurz-gimp-i-zaciatocnik\/","og_site_name":"VITA","article_publisher":"https:\/\/www.facebook.com\/VitaAcademySK","article_modified_time":"2025-07-31T12:45:37+00:00","og_image":[{"width":165,"height":164,"url":"https:\/\/www.vita.sk\/wp-content\/uploads\/2019\/08\/kurz-Gimp.png","type":"image\/png"}],"twitter_card":"summary_large_image","twitter_misc":{"Est. reading time":"1 minute"},"schema":{"@context":"https:\/\/schema.org","@graph":[{"@type":"WebPage","@id":"https:\/\/www.vita.sk\/online-kurz-gimp-i-zaciatocnik\/","url":"https:\/\/www.vita.sk\/online-kurz-gimp-i-zaciatocnik\/","name":"Online Kurz GIMP I. Za\u010diato\u010dn\u00edk {Y} | VITA","isPartOf":{"@id":"https:\/\/www.vita.sk\/#website"},"primaryImageOfPage":{"@id":"https:\/\/www.vita.sk\/online-kurz-gimp-i-zaciatocnik\/#primaryimage"},"image":{"@id":"https:\/\/www.vita.sk\/online-kurz-gimp-i-zaciatocnik\/#primaryimage"},"thumbnailUrl":"https:\/\/www.vita.sk\/wp-content\/uploads\/2019\/08\/kurz-Gimp.png","datePublished":"2021-08-28T09:35:17+00:00","dateModified":"2025-07-31T12:45:37+00:00","description":"V online kurze Gimp pre za\u010diato\u010dn\u00edkov \u0165a nau\u010d\u00edme upravova\u0165 obr\u00e1zky, tvori\u0165 rastrov\u00fa grafiku, orientova\u0165 sa v n\u00e1strojoch a vyu\u017e\u00edva\u0165 vzory.","breadcrumb":{"@id":"https:\/\/www.vita.sk\/online-kurz-gimp-i-zaciatocnik\/#breadcrumb"},"inLanguage":"en-US","potentialAction":[{"@type":"ReadAction","target":["https:\/\/www.vita.sk\/online-kurz-gimp-i-zaciatocnik\/"]}]},{"@type":"ImageObject","inLanguage":"en-US","@id":"https:\/\/www.vita.sk\/online-kurz-gimp-i-zaciatocnik\/#primaryimage","url":"https:\/\/www.vita.sk\/wp-content\/uploads\/2019\/08\/kurz-Gimp.png","contentUrl":"https:\/\/www.vita.sk\/wp-content\/uploads\/2019\/08\/kurz-Gimp.png","width":165,"height":164,"caption":"online kurz Gimp pre za\u010diato\u010dn\u00edkov"},{"@type":"BreadcrumbList","@id":"https:\/\/www.vita.sk\/online-kurz-gimp-i-zaciatocnik\/#breadcrumb","itemListElement":[{"@type":"ListItem","position":1,"name":"VITA Academy","item":"https:\/\/www.vita.sk\/en\/"},{"@type":"ListItem","position":2,"name":"Shop","item":"https:\/\/www.vita.sk\/shop\/"},{"@type":"ListItem","position":3,"name":"Grafika a Dizajn","item":"https:\/\/www.vita.sk\/online-kurzy-grafika-a-dizajn\/"},{"@type":"ListItem","position":4,"name":"GIMP","item":"https:\/\/www.vita.sk\/online-kurzy-gimp\/"},{"@type":"ListItem","position":5,"name":"Online Kurz GIMP I. Za\u010diato\u010dn\u00edk"}]},{"@type":"WebSite","@id":"https:\/\/www.vita.sk\/#website","url":"https:\/\/www.vita.sk\/","name":"VITA","description":"","publisher":{"@id":"https:\/\/www.vita.sk\/#organization"},"potentialAction":[{"@type":"SearchAction","target":{"@type":"EntryPoint","urlTemplate":"https:\/\/www.vita.sk\/?s={search_term_string}"},"query-input":{"@type":"PropertyValueSpecification","valueRequired":true,"valueName":"search_term_string"}}],"inLanguage":"en-US"},{"email":"admin@vita.sk","logo":"https:\/\/www.vita.sk\/img\/vita_logo.png ","address":{"type":"PostalAddress","streetAddress":"Tom\u00e1\u0161ikova 50\/A","addressLocality":"Bratislava","postalCode":"83104","addressCountry":{"name":"SK","type":"Country"}},"contactPoint":{"type":"ContactPoint","telephone":"+421 907 375\u00a0543","Email":"admin@vita.sk","contactType":"customer service"},"sameAs":["https:\/\/www.facebook.com\/VitaAcademySK\/","https:\/\/www.linkedin.com\/company\/vita-academy\/"]}]}},"acf":[],"_links":{"self":[{"href":"https:\/\/www.vita.sk\/en\/wp-json\/wp\/v2\/product\/1055","targetHints":{"allow":["GET"]}}],"collection":[{"href":"https:\/\/www.vita.sk\/en\/wp-json\/wp\/v2\/product"}],"about":[{"href":"https:\/\/www.vita.sk\/en\/wp-json\/wp\/v2\/types\/product"}],"author":[{"embeddable":true,"href":"https:\/\/www.vita.sk\/en\/wp-json\/wp\/v2\/users\/4"}],"replies":[{"embeddable":true,"href":"https:\/\/www.vita.sk\/en\/wp-json\/wp\/v2\/comments?post=1055"}],"wp:featuredmedia":[{"embeddable":true,"href":"https:\/\/www.vita.sk\/en\/wp-json\/wp\/v2\/media\/1251"}],"wp:attachment":[{"href":"https:\/\/www.vita.sk\/en\/wp-json\/wp\/v2\/media?parent=1055"}],"wp:term":[{"taxonomy":"product_brand","embeddable":true,"href":"https:\/\/www.vita.sk\/en\/wp-json\/wp\/v2\/product_brand?post=1055"},{"taxonomy":"product_cat","embeddable":true,"href":"https:\/\/www.vita.sk\/en\/wp-json\/wp\/v2\/product_cat?post=1055"},{"taxonomy":"product_tag","embeddable":true,"href":"https:\/\/www.vita.sk\/en\/wp-json\/wp\/v2\/product_tag?post=1055"}],"curies":[{"name":"wp","href":"https:\/\/api.w.org\/{rel}","templated":true}]}}