{"id":10806,"date":"2022-10-11T14:40:40","date_gmt":"2022-10-11T12:40:40","guid":{"rendered":"https:\/\/www.vita.sk\/?post_type=product&#038;p=10806"},"modified":"2026-01-16T19:18:23","modified_gmt":"2026-01-16T18:18:23","slug":"online-kurz-tvorba-webstranok-wordpress","status":"publish","type":"product","link":"https:\/\/www.vita.sk\/en\/online-kurz-tvorba-webstranok-wordpress\/","title":{"rendered":"Online kurz Tvorba Webstr\u00e1nok WordPress"},"content":{"rendered":"<p>Online kurz Tvorba Webstr\u00e1nok WordPress je pre v\u00e1s ide\u00e1lny, ak sa chcete nau\u010di\u0165 vytv\u00e1ra\u0165 a spravova\u0165 vlastn\u00e9 webstr\u00e1nky bez nutnosti programovania. <strong>Ide o akreditovan\u00fd a certifikovan\u00fd online kurz Tvorba Webstr\u00e1nok WordPress.<\/strong> Kurz v\u00e1s prevedie kompletn\u00fdm procesom vytvorenia funk\u010dnej a vizu\u00e1lne atrakt\u00edvnej webovej str\u00e1nky postavenej na syst\u00e9me WordPress. Osvoj\u00edte si orient\u00e1ciu v prostred\u00ed redak\u010dn\u00e9ho syst\u00e9mu a nau\u010d\u00edte sa identifikova\u0165 z\u00e1kladn\u00e9 technol\u00f3gie webu pomocou n\u00e1strojov ako Wappalyzer a CMS Detector. Pochop\u00edte princ\u00edp fungovania dom\u00e9n vr\u00e1tane ich \u017eivotn\u00e9ho cyklu, registr\u00e1cie a spr\u00e1vy. Z\u00edskate zru\u010dnosti pri vytv\u00e1ran\u00ed a spr\u00e1ve pou\u017e\u00edvate\u013esk\u00fdch \u00fa\u010dtov, \u010do je nevyhnutn\u00e9 pri budovan\u00ed webov s viacer\u00fdmi prispievate\u013emi. D\u00f4le\u017eitou s\u00fa\u010das\u0165ou kurzu je pr\u00e1ca s koment\u00e1rmi, nastaveniami a m\u00e9diami. Nau\u010d\u00edte sa spr\u00e1vne konfigurova\u0165 diskusie, zabezpe\u010di\u0165 str\u00e1nku proti spamu a efekt\u00edvne pracova\u0165 s obr\u00e1zkami, videami a multimedi\u00e1lnym obsahom. Zist\u00edte, ako vyu\u017e\u00edva\u0165 n\u00e1stenku WordPressu na publikovanie \u010dl\u00e1nkov, organizovanie obsahu a celkov\u00e9 riadenie str\u00e1nky. Ve\u013ek\u00fd d\u00f4raz sa kladie na v\u00fdber a \u00fapravu t\u00e9my teda vizu\u00e1lneho vzh\u013eadu webu. Nau\u010d\u00edte sa, ako si zvoli\u0165 vhodn\u00fa t\u00e9mu, upravi\u0165 jej dizajn, vlo\u017ei\u0165 obr\u00e1zky a prisp\u00f4sobi\u0165 \u0161t\u00fdly pod\u013ea potrieb projektu. Vysvetl\u00edme, ako vytvori\u0165 portf\u00f3lio pomocou n\u00e1stroja LocalWP, ktor\u00fd umo\u017e\u0148uje lok\u00e1lne testovanie webov bez nutnosti pripojenia na internet. Spozn\u00e1te z\u00e1kladn\u00fa pr\u00e1cu s datab\u00e1zou a \u0161trukt\u00farou \u0161abl\u00f3n. V \u010dasti venovanej \u00faprave webstr\u00e1nky si osvoj\u00edte, ako meni\u0165 menu, vzh\u013ead str\u00e1nky, prid\u00e1va\u0165 vlastn\u00fd obsah, logo, sekcie a widgety. Z\u00edskate preh\u013ead o tom, ako z\u00e1lohova\u0165, exportova\u0165 a importova\u0165 obsah celej webovej str\u00e1nky, \u010d\u00edm si zabezpe\u010d\u00edte ochranu pred stratou d\u00e1t alebo zlyhan\u00edm syst\u00e9mu. Nau\u010d\u00edte sa vytv\u00e1ra\u0165 kontaktn\u00e9 formul\u00e1re, upravova\u0165 jednotliv\u00e9 bloky na str\u00e1nke a z\u00edska\u0165 n\u00e1h\u013ead str\u00e1nky pred jej publikovan\u00edm. Bonusov\u00e1 \u010das\u0165 kurzu je venovan\u00e1 technick\u00fdm z\u00e1kladom pr\u00e1ce so serverom. Zist\u00edte, ako sa pripoji\u0165 na hostingov\u00fd server pomocou FTP alebo SFTP, ako pracova\u0165 s n\u00e1strojom WinSCP a ak\u00e9 mo\u017enosti \u0161ifrovania s\u00fa k dispoz\u00edcii pre bezpe\u010dn\u00fd prenos s\u00faborov. Po absolvovan\u00ed kurzu budete vedie\u0165 vytvori\u0165 plne funk\u010dn\u00fa webov\u00fa str\u00e1nku postaven\u00fa na WordPresse a to od zak\u00fapenia dom\u00e9ny, v\u00fdberu dizajnu, cez publikovanie obsahu a\u017e po technick\u00fa spr\u00e1vu a zabezpe\u010denie. Tento kurz je ide\u00e1lny pre jednotlivcov, mal\u00e9 firmy, blogerov, freelancerov alebo ka\u017ed\u00e9ho, kto chce z\u00edska\u0165 digit\u00e1lnu nez\u00e1vislos\u0165 a vytv\u00e1ra\u0165 vlastn\u00fd online priestor. Ak sa chcete skuto\u010dne nau\u010di\u0165 pou\u017e\u00edva\u0165 WordPress na Tvorbu Webstr\u00e1nok, tak toto je ide\u00e1lny online kurz pre v\u00e1s.<\/p>\n","protected":false},"excerpt":{"rendered":"<p>Online kurz Tvorba Webstr\u00e1nok WordPress v\u00e1s nau\u010d\u00ed vytvori\u0165 vlastn\u00fa webov\u00fa str\u00e1nku od z\u00e1kladov bez programovania. Ovl\u00e1dnete pr\u00e1cu s t\u00e9mami, obsahom, formul\u00e1rmi, z\u00e1lohami a FTP pripojen\u00edm.","protected":false},"author":27,"featured_media":4307,"comment_status":"open","ping_status":"closed","template":"","meta":{"_acf_changed":false},"product_brand":[],"product_cat":[127,114,73],"product_tag":[193,481],"class_list":{"0":"post-10806","1":"product","2":"type-product","3":"status-publish","4":"has-post-thumbnail","6":"product_cat-online-kurzy-wordpress","7":"product_cat-online-kurzy-tvorba-web-stranok","8":"product_cat-bez-kategorie","9":"product_tag-tvorba-web-stranok","10":"product_tag-wordpress","12":"first","13":"instock","14":"sale","15":"sold-individually","16":"taxable","17":"shipping-taxable","18":"purchasable","19":"product-type-simple"},"yoast_head":"<!-- This site is optimized with the Yoast SEO Premium plugin v25.0 (Yoast SEO v25.0) - https:\/\/yoast.com\/wordpress\/plugins\/seo\/ -->\n<title>Tvorba Webstr\u00e1nok WordPress 2026 | VITA<\/title>\n<meta name=\"description\" content=\"V online kurze Tvorba Webstr\u00e1nok WordPress sa nau\u010d\u00edte vytv\u00e1ra\u0165 profesion\u00e1lne webstr\u00e1nky od z\u00e1kladov a\u017e po pokro\u010dilej\u0161ie funkcie bez potreby programovania. \u2705\" \/>\n<meta name=\"robots\" content=\"index, follow, max-snippet:-1, max-image-preview:large, max-video-preview:-1\" \/>\n<link rel=\"canonical\" href=\"https:\/\/www.vita.sk\/online-kurz-tvorba-webstranok-wordpress\/\" \/>\n<meta property=\"og:locale\" content=\"en_US\" \/>\n<meta property=\"og:type\" content=\"article\" \/>\n<meta property=\"og:title\" content=\"Online kurz Tvorba Webstr\u00e1nok WordPress\" \/>\n<meta property=\"og:description\" content=\"V online kurze Tvorba Webstr\u00e1nok WordPress sa nau\u010d\u00edte vytv\u00e1ra\u0165 profesion\u00e1lne webstr\u00e1nky od z\u00e1kladov a\u017e po pokro\u010dilej\u0161ie funkcie bez potreby programovania. \u2705\" \/>\n<meta property=\"og:url\" content=\"https:\/\/www.vita.sk\/online-kurz-tvorba-webstranok-wordpress\/\" \/>\n<meta property=\"og:site_name\" content=\"VITA\" \/>\n<meta property=\"article:publisher\" content=\"https:\/\/www.facebook.com\/VitaAcademySK\" \/>\n<meta property=\"article:modified_time\" content=\"2026-01-16T18:18:23+00:00\" \/>\n<meta property=\"og:image\" content=\"https:\/\/www.vita.sk\/wp-content\/uploads\/2020\/11\/kurz-wordpress.png\" \/>\n\t<meta property=\"og:image:width\" content=\"360\" \/>\n\t<meta property=\"og:image:height\" content=\"360\" \/>\n\t<meta property=\"og:image:type\" content=\"image\/png\" \/>\n<meta name=\"twitter:card\" content=\"summary_large_image\" \/>\n<meta name=\"twitter:label1\" content=\"Est. reading time\" \/>\n\t<meta name=\"twitter:data1\" content=\"3 minutes\" \/>\n<script type=\"application\/ld+json\" class=\"yoast-schema-graph\">{\n\t    \"@context\": \"https:\/\/schema.org\",\n\t    \"@graph\": [\n\t        {\n\t            \"@type\": \"WebPage\",\n\t            \"@id\": \"https:\/\/www.vita.sk\/online-kurz-tvorba-webstranok-wordpress\/\",\n\t            \"url\": \"https:\/\/www.vita.sk\/online-kurz-tvorba-webstranok-wordpress\/\",\n\t            \"name\": \"Tvorba Webstr\u00e1nok WordPress {Y} | VITA\",\n\t            \"isPartOf\": {\n\t                \"@id\": \"https:\/\/www.vita.sk\/#website\"\n\t            },\n\t            \"primaryImageOfPage\": {\n\t                \"@id\": \"https:\/\/www.vita.sk\/online-kurz-tvorba-webstranok-wordpress\/#primaryimage\"\n\t            },\n\t            \"image\": {\n\t                \"@id\": \"https:\/\/www.vita.sk\/online-kurz-tvorba-webstranok-wordpress\/#primaryimage\"\n\t            },\n\t            \"thumbnailUrl\": \"https:\/\/www.vita.sk\/wp-content\/uploads\/2020\/11\/kurz-wordpress.png\",\n\t            \"datePublished\": \"2022-10-11T12:40:40+00:00\",\n\t            \"dateModified\": \"2026-01-16T18:18:23+00:00\",\n\t            \"description\": \"V online kurze Tvorba Webstr\u00e1nok WordPress sa nau\u010d\u00edte vytv\u00e1ra\u0165 profesion\u00e1lne webstr\u00e1nky od z\u00e1kladov a\u017e po pokro\u010dilej\u0161ie funkcie bez potreby programovania. \u2705\",\n\t            \"breadcrumb\": {\n\t                \"@id\": \"https:\/\/www.vita.sk\/online-kurz-tvorba-webstranok-wordpress\/#breadcrumb\"\n\t            },\n\t            \"inLanguage\": \"en-US\",\n\t            \"potentialAction\": [\n\t                {\n\t                    \"@type\": \"ReadAction\",\n\t                    \"target\": [\n\t                        \"https:\/\/www.vita.sk\/online-kurz-tvorba-webstranok-wordpress\/\"\n\t                    ]\n\t                }\n\t            ]\n\t        },\n\t        {\n\t            \"@type\": \"ImageObject\",\n\t            \"inLanguage\": \"en-US\",\n\t            \"@id\": \"https:\/\/www.vita.sk\/online-kurz-tvorba-webstranok-wordpress\/#primaryimage\",\n\t            \"url\": \"https:\/\/www.vita.sk\/wp-content\/uploads\/2020\/11\/kurz-wordpress.png\",\n\t            \"contentUrl\": \"https:\/\/www.vita.sk\/wp-content\/uploads\/2020\/11\/kurz-wordpress.png\",\n\t            \"width\": 360,\n\t            \"height\": 360,\n\t            \"caption\": \"Online kurz WordPress\"\n\t        },\n\t        {\n\t            \"@type\": \"BreadcrumbList\",\n\t            \"@id\": \"https:\/\/www.vita.sk\/online-kurz-tvorba-webstranok-wordpress\/#breadcrumb\",\n\t            \"itemListElement\": [\n\t                {\n\t                    \"@type\": \"ListItem\",\n\t                    \"position\": 1,\n\t                    \"name\": \"VITA Academy\",\n\t                    \"item\": \"https:\/\/www.vita.sk\/en\/\"\n\t                },\n\t                {\n\t                    \"@type\": \"ListItem\",\n\t                    \"position\": 2,\n\t                    \"name\": \"Shop\",\n\t                    \"item\": \"https:\/\/www.vita.sk\/shop\/\"\n\t                },\n\t                {\n\t                    \"@type\": \"ListItem\",\n\t                    \"position\": 3,\n\t                    \"name\": \"Tvorba Web Str\u00e1nok\",\n\t                    \"item\": \"https:\/\/www.vita.sk\/online-kurzy-tvorba-web-stranok\/\"\n\t                },\n\t                {\n\t                    \"@type\": \"ListItem\",\n\t                    \"position\": 4,\n\t                    \"name\": \"WordPress\",\n\t                    \"item\": \"https:\/\/www.vita.sk\/online-kurzy-wordpress\/\"\n\t                },\n\t                {\n\t                    \"@type\": \"ListItem\",\n\t                    \"position\": 5,\n\t                    \"name\": \"Online kurz Tvorba Webstr\u00e1nok WordPress\"\n\t                }\n\t            ]\n\t        },\n\t        {\n\t            \"@type\": \"WebSite\",\n\t            \"@id\": \"https:\/\/www.vita.sk\/#website\",\n\t            \"url\": \"https:\/\/www.vita.sk\/\",\n\t            \"name\": \"VITA\",\n\t            \"description\": \"\",\n\t            \"publisher\": {\n\t                \"@id\": \"https:\/\/www.vita.sk\/#organization\"\n\t            },\n\t            \"potentialAction\": [\n\t                {\n\t                    \"@type\": \"SearchAction\",\n\t                    \"target\": {\n\t                        \"@type\": \"EntryPoint\",\n\t                        \"urlTemplate\": \"https:\/\/www.vita.sk\/?s={search_term_string}\"\n\t                    },\n\t                    \"query-input\": {\n\t                        \"@type\": \"PropertyValueSpecification\",\n\t                        \"valueRequired\": true,\n\t                        \"valueName\": \"search_term_string\"\n\t                    }\n\t                }\n\t            ],\n\t            \"inLanguage\": \"en-US\"\n\t        },\n\t        {\n\t            \"email\": \"admin@vita.sk\",\n\t            \"logo\": \"https:\/\/www.vita.sk\/img\/vita_logo.png \",\n\t            \"address\": {\n\t                \"type\": \"PostalAddress\",\n\t                \"streetAddress\": \"Tom\u00e1\u0161ikova 50\/A\",\n\t                \"addressLocality\": \"Bratislava\",\n\t                \"postalCode\": \"83104\",\n\t                \"addressCountry\": {\n\t                    \"name\": \"SK\",\n\t                    \"type\": \"Country\"\n\t                }\n\t            },\n\t            \"contactPoint\": {\n\t                \"type\": \"ContactPoint\",\n\t                \"telephone\": \"+421 907 375\u00a0543\",\n\t                \"Email\": \"admin@vita.sk\",\n\t                \"contactType\": \"customer service\"\n\t            },\n\t            \"sameAs\": [\n\t                \"https:\/\/www.facebook.com\/VitaAcademySK\/\",\n\t                \"https:\/\/www.linkedin.com\/company\/vita-academy\/\"\n\t            ]\n\t        }\n\t    ]\n\t}<\/script>\n<!-- \/ Yoast SEO Premium plugin. -->","yoast_head_json":{"title":"Tvorba Webstr\u00e1nok WordPress 2026 | VITA","description":"V online kurze Tvorba Webstr\u00e1nok WordPress sa nau\u010d\u00edte vytv\u00e1ra\u0165 profesion\u00e1lne webstr\u00e1nky od z\u00e1kladov a\u017e po pokro\u010dilej\u0161ie funkcie bez potreby programovania. \u2705","robots":{"index":"index","follow":"follow","max-snippet":"max-snippet:-1","max-image-preview":"max-image-preview:large","max-video-preview":"max-video-preview:-1"},"canonical":"https:\/\/www.vita.sk\/online-kurz-tvorba-webstranok-wordpress\/","og_locale":"en_US","og_type":"article","og_title":"Online kurz Tvorba Webstr\u00e1nok WordPress","og_description":"V online kurze Tvorba Webstr\u00e1nok WordPress sa nau\u010d\u00edte vytv\u00e1ra\u0165 profesion\u00e1lne webstr\u00e1nky od z\u00e1kladov a\u017e po pokro\u010dilej\u0161ie funkcie bez potreby programovania. \u2705","og_url":"https:\/\/www.vita.sk\/online-kurz-tvorba-webstranok-wordpress\/","og_site_name":"VITA","article_publisher":"https:\/\/www.facebook.com\/VitaAcademySK","article_modified_time":"2026-01-16T18:18:23+00:00","og_image":[{"width":360,"height":360,"url":"https:\/\/www.vita.sk\/wp-content\/uploads\/2020\/11\/kurz-wordpress.png","type":"image\/png"}],"twitter_card":"summary_large_image","twitter_misc":{"Est. reading time":"3 minutes"},"schema":{"@context":"https:\/\/schema.org","@graph":[{"@type":"WebPage","@id":"https:\/\/www.vita.sk\/online-kurz-tvorba-webstranok-wordpress\/","url":"https:\/\/www.vita.sk\/online-kurz-tvorba-webstranok-wordpress\/","name":"Tvorba Webstr\u00e1nok WordPress {Y} | VITA","isPartOf":{"@id":"https:\/\/www.vita.sk\/#website"},"primaryImageOfPage":{"@id":"https:\/\/www.vita.sk\/online-kurz-tvorba-webstranok-wordpress\/#primaryimage"},"image":{"@id":"https:\/\/www.vita.sk\/online-kurz-tvorba-webstranok-wordpress\/#primaryimage"},"thumbnailUrl":"https:\/\/www.vita.sk\/wp-content\/uploads\/2020\/11\/kurz-wordpress.png","datePublished":"2022-10-11T12:40:40+00:00","dateModified":"2026-01-16T18:18:23+00:00","description":"V online kurze Tvorba Webstr\u00e1nok WordPress sa nau\u010d\u00edte vytv\u00e1ra\u0165 profesion\u00e1lne webstr\u00e1nky od z\u00e1kladov a\u017e po pokro\u010dilej\u0161ie funkcie bez potreby programovania. \u2705","breadcrumb":{"@id":"https:\/\/www.vita.sk\/online-kurz-tvorba-webstranok-wordpress\/#breadcrumb"},"inLanguage":"en-US","potentialAction":[{"@type":"ReadAction","target":["https:\/\/www.vita.sk\/online-kurz-tvorba-webstranok-wordpress\/"]}]},{"@type":"ImageObject","inLanguage":"en-US","@id":"https:\/\/www.vita.sk\/online-kurz-tvorba-webstranok-wordpress\/#primaryimage","url":"https:\/\/www.vita.sk\/wp-content\/uploads\/2020\/11\/kurz-wordpress.png","contentUrl":"https:\/\/www.vita.sk\/wp-content\/uploads\/2020\/11\/kurz-wordpress.png","width":360,"height":360,"caption":"Online kurz WordPress"},{"@type":"BreadcrumbList","@id":"https:\/\/www.vita.sk\/online-kurz-tvorba-webstranok-wordpress\/#breadcrumb","itemListElement":[{"@type":"ListItem","position":1,"name":"VITA Academy","item":"https:\/\/www.vita.sk\/en\/"},{"@type":"ListItem","position":2,"name":"Shop","item":"https:\/\/www.vita.sk\/shop\/"},{"@type":"ListItem","position":3,"name":"Tvorba Web Str\u00e1nok","item":"https:\/\/www.vita.sk\/online-kurzy-tvorba-web-stranok\/"},{"@type":"ListItem","position":4,"name":"WordPress","item":"https:\/\/www.vita.sk\/online-kurzy-wordpress\/"},{"@type":"ListItem","position":5,"name":"Online kurz Tvorba Webstr\u00e1nok WordPress"}]},{"@type":"WebSite","@id":"https:\/\/www.vita.sk\/#website","url":"https:\/\/www.vita.sk\/","name":"VITA","description":"","publisher":{"@id":"https:\/\/www.vita.sk\/#organization"},"potentialAction":[{"@type":"SearchAction","target":{"@type":"EntryPoint","urlTemplate":"https:\/\/www.vita.sk\/?s={search_term_string}"},"query-input":{"@type":"PropertyValueSpecification","valueRequired":true,"valueName":"search_term_string"}}],"inLanguage":"en-US"},{"email":"admin@vita.sk","logo":"https:\/\/www.vita.sk\/img\/vita_logo.png ","address":{"type":"PostalAddress","streetAddress":"Tom\u00e1\u0161ikova 50\/A","addressLocality":"Bratislava","postalCode":"83104","addressCountry":{"name":"SK","type":"Country"}},"contactPoint":{"type":"ContactPoint","telephone":"+421 907 375\u00a0543","Email":"admin@vita.sk","contactType":"customer service"},"sameAs":["https:\/\/www.facebook.com\/VitaAcademySK\/","https:\/\/www.linkedin.com\/company\/vita-academy\/"]}]}},"acf":[],"_links":{"self":[{"href":"https:\/\/www.vita.sk\/en\/wp-json\/wp\/v2\/product\/10806","targetHints":{"allow":["GET"]}}],"collection":[{"href":"https:\/\/www.vita.sk\/en\/wp-json\/wp\/v2\/product"}],"about":[{"href":"https:\/\/www.vita.sk\/en\/wp-json\/wp\/v2\/types\/product"}],"author":[{"embeddable":true,"href":"https:\/\/www.vita.sk\/en\/wp-json\/wp\/v2\/users\/27"}],"replies":[{"embeddable":true,"href":"https:\/\/www.vita.sk\/en\/wp-json\/wp\/v2\/comments?post=10806"}],"wp:featuredmedia":[{"embeddable":true,"href":"https:\/\/www.vita.sk\/en\/wp-json\/wp\/v2\/media\/4307"}],"wp:attachment":[{"href":"https:\/\/www.vita.sk\/en\/wp-json\/wp\/v2\/media?parent=10806"}],"wp:term":[{"taxonomy":"product_brand","embeddable":true,"href":"https:\/\/www.vita.sk\/en\/wp-json\/wp\/v2\/product_brand?post=10806"},{"taxonomy":"product_cat","embeddable":true,"href":"https:\/\/www.vita.sk\/en\/wp-json\/wp\/v2\/product_cat?post=10806"},{"taxonomy":"product_tag","embeddable":true,"href":"https:\/\/www.vita.sk\/en\/wp-json\/wp\/v2\/product_tag?post=10806"}],"curies":[{"name":"wp","href":"https:\/\/api.w.org\/{rel}","templated":true}]}}