{"id":10873,"date":"2022-10-25T13:03:27","date_gmt":"2022-10-25T11:03:27","guid":{"rendered":"https:\/\/www.vita.sk\/?post_type=product&#038;p=10873"},"modified":"2025-06-18T08:54:51","modified_gmt":"2025-06-18T06:54:51","slug":"online-kurz-prince2-foundation-2009-a-2017","status":"publish","type":"product","link":"https:\/\/www.vita.sk\/en\/online-kurz-prince2-foundation-2009-a-2017\/","title":{"rendered":"Online kurz PRINCE2 Foundation 2009 a 2017"},"content":{"rendered":"<p>Online kurz PRINCE2 Foundation je pre v\u00e1s ide\u00e1lny, ak sa chcete nau\u010di\u0165 riadi\u0165 projekty efekt\u00edvne, systematicky a chc\u00fa sa certifikova\u0165 ako projektov\u00ed mana\u017e\u00e9ri. <strong>Ide o akreditovan\u00fd a certifikovan\u00fd online kurz PRINCE2.<\/strong> Kurz v\u00e1s prevedie kompletn\u00fdm z\u00e1kladom projektov\u00e9ho riadenia pod\u013ea metodiky PRINCE2, vr\u00e1tane oboch verzi\u00ed \u2013 2009 aj 2017. Dozviete sa, \u010do je PRINCE2, pre\u010do je tak roz\u0161\u00edren\u00fd v oblasti projektov\u00e9ho mana\u017ementu a ak\u00e9 v\u00fdhody prin\u00e1\u0161a v praxi \u2013 najm\u00e4 pokia\u013e ide o kontrolu, pl\u00e1novanie a predch\u00e1dzanie zlyhaniam. Vysvetl\u00ed sa rozdiel medzi be\u017en\u00fdm projektom a projektom definovan\u00fdm pod\u013ea PRINCE2, ako aj naj\u010dastej\u0161ie d\u00f4vody, pre\u010do projekty zlyh\u00e1vaj\u00fa. Podstatn\u00fa \u010das\u0165 kurzu tvor\u00ed procesn\u00fd model PRINCE2, ktor\u00fd predstavuje logick\u00fa \u0161trukt\u00faru riadenia projektov. Prejdete si ka\u017ed\u00fd krok od predprojektovej pr\u00edpravy, cez f\u00e1zu inici\u00e1cie, riadenie jednotliv\u00fdch et\u00e1p, a\u017e po ukon\u010denie projektu. Nau\u010d\u00edte sa, ako spr\u00e1vne pl\u00e1nova\u0165 zd\u00f4vodnenie projektu, ako vytvori\u0165 organiza\u010dn\u00fa \u0161trukt\u00faru projektu, ako efekt\u00edvne delegova\u0165 zodpovednosti a ako zabezpe\u010di\u0165 riadne dodanie v\u00fdstupov. D\u00f4raz sa kladie na kvalitu, pl\u00e1ny, rizik\u00e1 a zmeny, pri\u010dom nech\u00fdbaj\u00fa praktick\u00e9 n\u00e1vody na vytv\u00e1ranie registra kvality, pl\u00e1nov zodpovednosti \u010di riadenie otvoren\u00fdch bodov (issues) a flow diagramy pre zmeny. Ve\u013ekou v\u00fdhodou kurzu je, \u017ee v\u00e1s priprav\u00ed aj na samotn\u00fa certifik\u00e1ciu PRINCE2 Foundation. Nau\u010d\u00edte sa, ako sk\u00fa\u0161ka prebieha, ak\u00fd typ ot\u00e1zok m\u00f4\u017eete o\u010dak\u00e1va\u0165, ako si rozdeli\u0165 \u010das po\u010das testu a na \u010do si da\u0165 pozor. S\u00fa\u010das\u0165ou kurzu je aj pr\u00edru\u010dka a sk\u00fa\u0161obn\u00e9 ot\u00e1zky, ktor\u00e9 v\u00e1m pom\u00f4\u017eu otestova\u0165 si svoje vedomosti pred ofici\u00e1lnou certifik\u00e1ciou cez PeopleCert. Tento kurz v\u00e1m d\u00e1 pevn\u00e9 z\u00e1klady na profesion\u00e1lne riadenie projektov a otvor\u00ed dvere k \u010fal\u0161iemu rozvoju v oblasti projektov\u00e9ho mana\u017ementu. Ak sa chcete skuto\u010dne d\u00f4kladne pripravi\u0165 a zvl\u00e1dnu\u0165 certifika\u010dn\u00fa sk\u00fa\u0161ku PRINCE2, tak toto je ide\u00e1lny vstupn\u00fd online kurz pre v\u00e1s.<\/p>\n","protected":false},"excerpt":{"rendered":"<p>Online kurz PRINCE2 Foundation je pre v\u00e1s ide\u00e1lny, ak sa chcete nau\u010di\u0165 riadi\u0165 projekty efekt\u00edvne, systematicky a chc\u00fa sa certifikova\u0165 ako projektov\u00ed mana\u017e\u00e9ri. Ide o akreditovan\u00fd a certifikovan\u00fd online kurz PRINCE2. Kurz v\u00e1s prevedie kompletn\u00fdm z\u00e1kladom projektov\u00e9ho riadenia pod\u013ea metodiky PRINCE2, vr\u00e1tane oboch verzi\u00ed \u2013 2009 aj 2017.","protected":false},"author":4,"featured_media":1253,"comment_status":"open","ping_status":"closed","template":"","meta":{"_acf_changed":false},"product_brand":[],"product_cat":[84,45,170,73],"product_tag":[191,221],"class_list":{"0":"post-10873","1":"product","2":"type-product","3":"status-publish","4":"has-post-thumbnail","6":"product_cat-online-kurzy-manazerske-kurzy-soft-skills","7":"product_cat-online-kurzy-certifikacne-skusky","8":"product_cat-online-kurzy-prince2","9":"product_cat-bez-kategorie","10":"product_tag-manazerske-kurzy","11":"product_tag-prince2","13":"first","14":"instock","15":"sale","16":"sold-individually","17":"taxable","18":"shipping-taxable","19":"purchasable","20":"product-type-simple"},"yoast_head":"<!-- This site is optimized with the Yoast SEO Premium plugin v25.0 (Yoast SEO v25.0) - https:\/\/yoast.com\/wordpress\/plugins\/seo\/ -->\n<title>Online kurz PRINCE2 Foundation 2009 a 2017 2026 | VITA<\/title>\n<meta name=\"robots\" content=\"index, follow, max-snippet:-1, max-image-preview:large, max-video-preview:-1\" \/>\n<link rel=\"canonical\" href=\"https:\/\/www.vita.sk\/online-kurz-prince2-foundation-2009-a-2017\/\" \/>\n<meta property=\"og:locale\" content=\"en_US\" \/>\n<meta property=\"og:type\" content=\"article\" \/>\n<meta property=\"og:title\" content=\"Online kurz PRINCE2 Foundation 2009 a 2017\" \/>\n<meta property=\"og:description\" content=\"Online kurz PRINCE2 Foundation je pre v\u00e1s ide\u00e1lny, ak sa chcete nau\u010di\u0165 riadi\u0165 projekty efekt\u00edvne, systematicky a chc\u00fa sa certifikova\u0165 ako projektov\u00ed mana\u017e\u00e9ri. Ide o akreditovan\u00fd a certifikovan\u00fd online kurz PRINCE2. Kurz v\u00e1s prevedie kompletn\u00fdm z\u00e1kladom projektov\u00e9ho riadenia pod\u013ea metodiky PRINCE2, vr\u00e1tane oboch verzi\u00ed \u2013 2009 aj 2017. Dozviete sa, \u010do je PRINCE2, pre\u010do je [&hellip;]\" \/>\n<meta property=\"og:url\" content=\"https:\/\/www.vita.sk\/online-kurz-prince2-foundation-2009-a-2017\/\" \/>\n<meta property=\"og:site_name\" content=\"VITA\" \/>\n<meta property=\"article:publisher\" content=\"https:\/\/www.facebook.com\/VitaAcademySK\" \/>\n<meta property=\"article:modified_time\" content=\"2025-06-18T06:54:51+00:00\" \/>\n<meta property=\"og:image\" content=\"https:\/\/www.vita.sk\/wp-content\/uploads\/2019\/09\/prince.png\" \/>\n\t<meta property=\"og:image:width\" content=\"360\" \/>\n\t<meta property=\"og:image:height\" content=\"360\" \/>\n\t<meta property=\"og:image:type\" content=\"image\/png\" \/>\n<meta name=\"twitter:card\" content=\"summary_large_image\" \/>\n<meta name=\"twitter:label1\" content=\"Est. reading time\" \/>\n\t<meta name=\"twitter:data1\" content=\"2 minutes\" \/>\n<script type=\"application\/ld+json\" class=\"yoast-schema-graph\">{\n\t    \"@context\": \"https:\/\/schema.org\",\n\t    \"@graph\": [\n\t        {\n\t            \"@type\": \"WebPage\",\n\t            \"@id\": \"https:\/\/www.vita.sk\/online-kurz-prince2-foundation-2009-a-2017\/\",\n\t            \"url\": \"https:\/\/www.vita.sk\/online-kurz-prince2-foundation-2009-a-2017\/\",\n\t            \"name\": \"Online kurz PRINCE2 Foundation 2009 a 2017 {Y} | VITA\",\n\t            \"isPartOf\": {\n\t                \"@id\": \"https:\/\/www.vita.sk\/#website\"\n\t            },\n\t            \"primaryImageOfPage\": {\n\t                \"@id\": \"https:\/\/www.vita.sk\/online-kurz-prince2-foundation-2009-a-2017\/#primaryimage\"\n\t            },\n\t            \"image\": {\n\t                \"@id\": \"https:\/\/www.vita.sk\/online-kurz-prince2-foundation-2009-a-2017\/#primaryimage\"\n\t            },\n\t            \"thumbnailUrl\": \"https:\/\/www.vita.sk\/wp-content\/uploads\/2019\/09\/prince.png\",\n\t            \"datePublished\": \"2022-10-25T11:03:27+00:00\",\n\t            \"dateModified\": \"2025-06-18T06:54:51+00:00\",\n\t            \"breadcrumb\": {\n\t                \"@id\": \"https:\/\/www.vita.sk\/online-kurz-prince2-foundation-2009-a-2017\/#breadcrumb\"\n\t            },\n\t            \"inLanguage\": \"en-US\",\n\t            \"potentialAction\": [\n\t                {\n\t                    \"@type\": \"ReadAction\",\n\t                    \"target\": [\n\t                        \"https:\/\/www.vita.sk\/online-kurz-prince2-foundation-2009-a-2017\/\"\n\t                    ]\n\t                }\n\t            ]\n\t        },\n\t        {\n\t            \"@type\": \"ImageObject\",\n\t            \"inLanguage\": \"en-US\",\n\t            \"@id\": \"https:\/\/www.vita.sk\/online-kurz-prince2-foundation-2009-a-2017\/#primaryimage\",\n\t            \"url\": \"https:\/\/www.vita.sk\/wp-content\/uploads\/2019\/09\/prince.png\",\n\t            \"contentUrl\": \"https:\/\/www.vita.sk\/wp-content\/uploads\/2019\/09\/prince.png\",\n\t            \"width\": 360,\n\t            \"height\": 360,\n\t            \"caption\": \"Online kurz PRINCE\"\n\t        },\n\t        {\n\t            \"@type\": \"BreadcrumbList\",\n\t            \"@id\": \"https:\/\/www.vita.sk\/online-kurz-prince2-foundation-2009-a-2017\/#breadcrumb\",\n\t            \"itemListElement\": [\n\t                {\n\t                    \"@type\": \"ListItem\",\n\t                    \"position\": 1,\n\t                    \"name\": \"VITA Academy\",\n\t                    \"item\": \"https:\/\/www.vita.sk\/en\/\"\n\t                },\n\t                {\n\t                    \"@type\": \"ListItem\",\n\t                    \"position\": 2,\n\t                    \"name\": \"Shop\",\n\t                    \"item\": \"https:\/\/www.vita.sk\/shop\/\"\n\t                },\n\t                {\n\t                    \"@type\": \"ListItem\",\n\t                    \"position\": 3,\n\t                    \"name\": \"Mana\u017e\u00e9rske a Soft Skills Kurzy\",\n\t                    \"item\": \"https:\/\/www.vita.sk\/online-kurzy-manazerske-kurzy-soft-skills\/\"\n\t                },\n\t                {\n\t                    \"@type\": \"ListItem\",\n\t                    \"position\": 4,\n\t                    \"name\": \"PRINCE2\",\n\t                    \"item\": \"https:\/\/www.vita.sk\/online-kurzy-prince2\/\"\n\t                },\n\t                {\n\t                    \"@type\": \"ListItem\",\n\t                    \"position\": 5,\n\t                    \"name\": \"Online kurz PRINCE2 Foundation 2009 a 2017\"\n\t                }\n\t            ]\n\t        },\n\t        {\n\t            \"@type\": \"WebSite\",\n\t            \"@id\": \"https:\/\/www.vita.sk\/#website\",\n\t            \"url\": \"https:\/\/www.vita.sk\/\",\n\t            \"name\": \"VITA\",\n\t            \"description\": \"\",\n\t            \"publisher\": {\n\t                \"@id\": \"https:\/\/www.vita.sk\/#organization\"\n\t            },\n\t            \"potentialAction\": [\n\t                {\n\t                    \"@type\": \"SearchAction\",\n\t                    \"target\": {\n\t                        \"@type\": \"EntryPoint\",\n\t                        \"urlTemplate\": \"https:\/\/www.vita.sk\/?s={search_term_string}\"\n\t                    },\n\t                    \"query-input\": {\n\t                        \"@type\": \"PropertyValueSpecification\",\n\t                        \"valueRequired\": true,\n\t                        \"valueName\": \"search_term_string\"\n\t                    }\n\t                }\n\t            ],\n\t            \"inLanguage\": \"en-US\"\n\t        },\n\t        {\n\t            \"email\": \"admin@vita.sk\",\n\t            \"logo\": \"https:\/\/www.vita.sk\/img\/vita_logo.png \",\n\t            \"address\": {\n\t                \"type\": \"PostalAddress\",\n\t                \"streetAddress\": \"Tom\u00e1\u0161ikova 50\/A\",\n\t                \"addressLocality\": \"Bratislava\",\n\t                \"postalCode\": \"83104\",\n\t                \"addressCountry\": {\n\t                    \"name\": \"SK\",\n\t                    \"type\": \"Country\"\n\t                }\n\t            },\n\t            \"contactPoint\": {\n\t                \"type\": \"ContactPoint\",\n\t                \"telephone\": \"+421 907 375\u00a0543\",\n\t                \"Email\": \"admin@vita.sk\",\n\t                \"contactType\": \"customer service\"\n\t            },\n\t            \"sameAs\": [\n\t                \"https:\/\/www.facebook.com\/VitaAcademySK\/\",\n\t                \"https:\/\/www.linkedin.com\/company\/vita-academy\/\"\n\t            ]\n\t        }\n\t    ]\n\t}<\/script>\n<!-- \/ Yoast SEO Premium plugin. -->","yoast_head_json":{"title":"Online kurz PRINCE2 Foundation 2009 a 2017 2026 | VITA","robots":{"index":"index","follow":"follow","max-snippet":"max-snippet:-1","max-image-preview":"max-image-preview:large","max-video-preview":"max-video-preview:-1"},"canonical":"https:\/\/www.vita.sk\/online-kurz-prince2-foundation-2009-a-2017\/","og_locale":"en_US","og_type":"article","og_title":"Online kurz PRINCE2 Foundation 2009 a 2017","og_description":"Online kurz PRINCE2 Foundation je pre v\u00e1s ide\u00e1lny, ak sa chcete nau\u010di\u0165 riadi\u0165 projekty efekt\u00edvne, systematicky a chc\u00fa sa certifikova\u0165 ako projektov\u00ed mana\u017e\u00e9ri. Ide o akreditovan\u00fd a certifikovan\u00fd online kurz PRINCE2. Kurz v\u00e1s prevedie kompletn\u00fdm z\u00e1kladom projektov\u00e9ho riadenia pod\u013ea metodiky PRINCE2, vr\u00e1tane oboch verzi\u00ed \u2013 2009 aj 2017. Dozviete sa, \u010do je PRINCE2, pre\u010do je [&hellip;]","og_url":"https:\/\/www.vita.sk\/online-kurz-prince2-foundation-2009-a-2017\/","og_site_name":"VITA","article_publisher":"https:\/\/www.facebook.com\/VitaAcademySK","article_modified_time":"2025-06-18T06:54:51+00:00","og_image":[{"width":360,"height":360,"url":"https:\/\/www.vita.sk\/wp-content\/uploads\/2019\/09\/prince.png","type":"image\/png"}],"twitter_card":"summary_large_image","twitter_misc":{"Est. reading time":"2 minutes"},"schema":{"@context":"https:\/\/schema.org","@graph":[{"@type":"WebPage","@id":"https:\/\/www.vita.sk\/online-kurz-prince2-foundation-2009-a-2017\/","url":"https:\/\/www.vita.sk\/online-kurz-prince2-foundation-2009-a-2017\/","name":"Online kurz PRINCE2 Foundation 2009 a 2017 {Y} | VITA","isPartOf":{"@id":"https:\/\/www.vita.sk\/#website"},"primaryImageOfPage":{"@id":"https:\/\/www.vita.sk\/online-kurz-prince2-foundation-2009-a-2017\/#primaryimage"},"image":{"@id":"https:\/\/www.vita.sk\/online-kurz-prince2-foundation-2009-a-2017\/#primaryimage"},"thumbnailUrl":"https:\/\/www.vita.sk\/wp-content\/uploads\/2019\/09\/prince.png","datePublished":"2022-10-25T11:03:27+00:00","dateModified":"2025-06-18T06:54:51+00:00","breadcrumb":{"@id":"https:\/\/www.vita.sk\/online-kurz-prince2-foundation-2009-a-2017\/#breadcrumb"},"inLanguage":"en-US","potentialAction":[{"@type":"ReadAction","target":["https:\/\/www.vita.sk\/online-kurz-prince2-foundation-2009-a-2017\/"]}]},{"@type":"ImageObject","inLanguage":"en-US","@id":"https:\/\/www.vita.sk\/online-kurz-prince2-foundation-2009-a-2017\/#primaryimage","url":"https:\/\/www.vita.sk\/wp-content\/uploads\/2019\/09\/prince.png","contentUrl":"https:\/\/www.vita.sk\/wp-content\/uploads\/2019\/09\/prince.png","width":360,"height":360,"caption":"Online kurz PRINCE"},{"@type":"BreadcrumbList","@id":"https:\/\/www.vita.sk\/online-kurz-prince2-foundation-2009-a-2017\/#breadcrumb","itemListElement":[{"@type":"ListItem","position":1,"name":"VITA Academy","item":"https:\/\/www.vita.sk\/en\/"},{"@type":"ListItem","position":2,"name":"Shop","item":"https:\/\/www.vita.sk\/shop\/"},{"@type":"ListItem","position":3,"name":"Mana\u017e\u00e9rske a Soft Skills Kurzy","item":"https:\/\/www.vita.sk\/online-kurzy-manazerske-kurzy-soft-skills\/"},{"@type":"ListItem","position":4,"name":"PRINCE2","item":"https:\/\/www.vita.sk\/online-kurzy-prince2\/"},{"@type":"ListItem","position":5,"name":"Online kurz PRINCE2 Foundation 2009 a 2017"}]},{"@type":"WebSite","@id":"https:\/\/www.vita.sk\/#website","url":"https:\/\/www.vita.sk\/","name":"VITA","description":"","publisher":{"@id":"https:\/\/www.vita.sk\/#organization"},"potentialAction":[{"@type":"SearchAction","target":{"@type":"EntryPoint","urlTemplate":"https:\/\/www.vita.sk\/?s={search_term_string}"},"query-input":{"@type":"PropertyValueSpecification","valueRequired":true,"valueName":"search_term_string"}}],"inLanguage":"en-US"},{"email":"admin@vita.sk","logo":"https:\/\/www.vita.sk\/img\/vita_logo.png ","address":{"type":"PostalAddress","streetAddress":"Tom\u00e1\u0161ikova 50\/A","addressLocality":"Bratislava","postalCode":"83104","addressCountry":{"name":"SK","type":"Country"}},"contactPoint":{"type":"ContactPoint","telephone":"+421 907 375\u00a0543","Email":"admin@vita.sk","contactType":"customer service"},"sameAs":["https:\/\/www.facebook.com\/VitaAcademySK\/","https:\/\/www.linkedin.com\/company\/vita-academy\/"]}]}},"acf":[],"_links":{"self":[{"href":"https:\/\/www.vita.sk\/en\/wp-json\/wp\/v2\/product\/10873","targetHints":{"allow":["GET"]}}],"collection":[{"href":"https:\/\/www.vita.sk\/en\/wp-json\/wp\/v2\/product"}],"about":[{"href":"https:\/\/www.vita.sk\/en\/wp-json\/wp\/v2\/types\/product"}],"author":[{"embeddable":true,"href":"https:\/\/www.vita.sk\/en\/wp-json\/wp\/v2\/users\/4"}],"replies":[{"embeddable":true,"href":"https:\/\/www.vita.sk\/en\/wp-json\/wp\/v2\/comments?post=10873"}],"wp:featuredmedia":[{"embeddable":true,"href":"https:\/\/www.vita.sk\/en\/wp-json\/wp\/v2\/media\/1253"}],"wp:attachment":[{"href":"https:\/\/www.vita.sk\/en\/wp-json\/wp\/v2\/media?parent=10873"}],"wp:term":[{"taxonomy":"product_brand","embeddable":true,"href":"https:\/\/www.vita.sk\/en\/wp-json\/wp\/v2\/product_brand?post=10873"},{"taxonomy":"product_cat","embeddable":true,"href":"https:\/\/www.vita.sk\/en\/wp-json\/wp\/v2\/product_cat?post=10873"},{"taxonomy":"product_tag","embeddable":true,"href":"https:\/\/www.vita.sk\/en\/wp-json\/wp\/v2\/product_tag?post=10873"}],"curies":[{"name":"wp","href":"https:\/\/api.w.org\/{rel}","templated":true}]}}