{"id":10963,"date":"2022-11-10T14:56:19","date_gmt":"2022-11-10T13:56:19","guid":{"rendered":"https:\/\/www.vita.sk\/?post_type=product&#038;p=10963"},"modified":"2025-01-14T20:05:48","modified_gmt":"2025-01-14T19:05:48","slug":"online-kurz-microsoft-excel-2016-2021-a-office-365-ii-mierne-pokrocily","status":"publish","type":"product","link":"https:\/\/www.vita.sk\/en\/online-kurz-microsoft-excel-2016-2021-a-office-365-ii-mierne-pokrocily\/","title":{"rendered":"Online kurz Microsoft Excel 2016-2021 a Microsoft 365 II. Mierne Pokro\u010dil\u00fd"},"content":{"rendered":"<p>Online kurz Microsoft Excel 2016-2021 a Microsoft 365 II. Mierne Pokro\u010dil\u00fd je pre v\u00e1s ide\u00e1lny, ak sa chcete nau\u010di\u0165 vyu\u017e\u00edva\u0165 Excel na pokro\u010dilej\u0161ej \u00farovni a zdokonali\u0165 sa v jeho efekt\u00edvnom pou\u017e\u00edvan\u00ed. <strong>Ide o akreditovan\u00fd a certifikovan\u00fd kurz na Microsoft Excel a Microsoft 365.<\/strong> Kurz v\u00e1s prevedie pokro\u010dil\u00fdmi mo\u017enos\u0165ami pr\u00e1ce so zo\u0161itmi a h\u00e1rkami, kde sa nau\u010d\u00edte efekt\u00edvne kop\u00edrova\u0165 \u00fadaje aj form\u00e1ty buniek a organizova\u0165 svoje d\u00e1ta pomocou tabuliek. Ovl\u00e1dnete riadky s\u00fa\u010dtu, pou\u017eitie z\u00e1kladn\u00fdch aj pokro\u010dil\u00fdch funkci\u00ed a grafov, ktor\u00e9 v\u00e1m pom\u00f4\u017eu vytv\u00e1ra\u0165 preh\u013eadn\u00e9 a vizu\u00e1lne atrakt\u00edvne v\u00fdstupy. Zameriavame sa aj na dynamick\u00e9 dop\u013a\u0148anie \u00fadajov, ktor\u00e9 vyu\u017e\u00edva umel\u00fa inteligenciu na r\u00fdchle a presn\u00e9 vyplnenie d\u00e1t pod\u013ea vzoru. Nau\u010d\u00edte sa pou\u017e\u00edva\u0165 r\u00f4zne vzorce a funkcie, ktor\u00e9 zautomatizuj\u00fa a zjednodu\u0161ia pr\u00e1cu s ve\u013ek\u00fdmi objemami d\u00e1t. S\u00fa\u010das\u0165ou kurzu je aj pr\u00e1ca s diagramami a SmartArtmi, ktor\u00e9 v\u00e1m umo\u017enia vizualizova\u0165 organiza\u010dn\u00e9 \u0161trukt\u00fary a hierarchie, \u010do je nevyhnutn\u00e9 pri pr\u00edprave profesion\u00e1lnych prezent\u00e1ci\u00ed a reportov. Kurz v\u00e1s nau\u010d\u00ed efekt\u00edvne pou\u017e\u00edva\u0165 overovanie d\u00e1t, \u010d\u00edm zabezpe\u010d\u00edte presnos\u0165 a spr\u00e1vnos\u0165 zad\u00e1van\u00fdch \u00fadajov. Prejdete si cel\u00fd proces, od nastavovania pravidiel a\u017e po vyu\u017e\u00edvanie dynamick\u00fdch funkci\u00ed, ktor\u00e9 zabezpe\u010dia valid\u00e1ciu vstupov. Microsoft Excel 2016-2021 a Microsoft 365 II. Mierne Pokro\u010dil\u00fd je ide\u00e1lny kurz pre ka\u017ed\u00e9ho, kto chce posun\u00fa\u0165 svoje znalosti na nov\u00fa \u00farove\u0148 a nau\u010di\u0165 sa vyu\u017e\u00edva\u0165 pokro\u010dil\u00e9 n\u00e1stroje, ktor\u00e9 z Excelu robia neodmyslite\u013en\u00fa s\u00fa\u010das\u0165 ka\u017edodennej pr\u00e1ce v administrat\u00edve, financi\u00e1ch, projektovom riaden\u00ed a \u010fal\u0161\u00edch oblastiach. Ak sa chcete skuto\u010dne nau\u010di\u0165 pou\u017e\u00edva\u0165 Microsoft Excel 2016-2021 a Microsoft 365, tak toto je ide\u00e1lny online kurz pre v\u00e1s.<\/p>\n","protected":false},"excerpt":{"rendered":"<p>Online kurz Microsoft Excel 2016-2021 a Microsoft 365 II. Mierne Pokro\u010dil\u00fd je pre v\u00e1s ide\u00e1lny, ak sa chcete nau\u010di\u0165 vyu\u017e\u00edva\u0165 Excel na pokro\u010dilej\u0161ej \u00farovni a zdokonali\u0165 sa v jeho efekt\u00edvnom pou\u017e\u00edvan\u00ed. Ide o akreditovan\u00fd a certifikovan\u00fd kurz na Microsoft Excel a Microsoft 365.","protected":false},"author":27,"featured_media":4538,"comment_status":"open","ping_status":"closed","template":"","meta":{"_acf_changed":false},"product_brand":[],"product_cat":[67,66,73],"product_tag":[198,187],"class_list":{"0":"post-10963","1":"product","2":"type-product","3":"status-publish","4":"has-post-thumbnail","6":"product_cat-online-kurzy-microsoft-excel","7":"product_cat-online-kurzy-kancelarske-baliky","8":"product_cat-bez-kategorie","9":"product_tag-excel","10":"product_tag-kancelarske-baliky","12":"first","13":"instock","14":"sale","15":"sold-individually","16":"taxable","17":"shipping-taxable","18":"purchasable","19":"product-type-simple"},"yoast_head":"<!-- This site is optimized with the Yoast SEO Premium plugin v25.0 (Yoast SEO v25.0) - https:\/\/yoast.com\/wordpress\/plugins\/seo\/ -->\n<title>Microsoft Excel  a Microsoft 365 II. Mierne Pokro\u010dil\u00fd  | VITA<\/title>\n<meta name=\"description\" content=\"V online kurze Microsoft Excel 2016-2021 a Microsoft 365 sa nau\u010d\u00edte pokro\u010dilej\u0161ie funkcie a techniky na efekt\u00edvnu pr\u00e1cu s d\u00e1tami. \u2705\" \/>\n<meta name=\"robots\" content=\"index, follow, max-snippet:-1, max-image-preview:large, max-video-preview:-1\" \/>\n<link rel=\"canonical\" href=\"https:\/\/www.vita.sk\/online-kurz-microsoft-excel-2016-2021-a-office-365-ii-mierne-pokrocily\/\" \/>\n<meta property=\"og:locale\" content=\"en_US\" \/>\n<meta property=\"og:type\" content=\"article\" \/>\n<meta property=\"og:title\" content=\"Online kurz Microsoft Excel 2016-2021 a Microsoft 365 II. Mierne Pokro\u010dil\u00fd\" \/>\n<meta property=\"og:description\" content=\"V online kurze Microsoft Excel 2016-2021 a Microsoft 365 sa nau\u010d\u00edte pokro\u010dilej\u0161ie funkcie a techniky na efekt\u00edvnu pr\u00e1cu s d\u00e1tami. \u2705\" \/>\n<meta property=\"og:url\" content=\"https:\/\/www.vita.sk\/online-kurz-microsoft-excel-2016-2021-a-office-365-ii-mierne-pokrocily\/\" \/>\n<meta property=\"og:site_name\" content=\"VITA\" \/>\n<meta property=\"article:publisher\" content=\"https:\/\/www.facebook.com\/VitaAcademySK\" \/>\n<meta property=\"article:modified_time\" content=\"2025-01-14T19:05:48+00:00\" \/>\n<meta property=\"og:image\" content=\"https:\/\/www.vita.sk\/wp-content\/uploads\/2020\/11\/kurz-excel.png\" \/>\n\t<meta property=\"og:image:width\" content=\"360\" \/>\n\t<meta property=\"og:image:height\" content=\"360\" \/>\n\t<meta property=\"og:image:type\" content=\"image\/png\" \/>\n<meta name=\"twitter:card\" content=\"summary_large_image\" \/>\n<meta name=\"twitter:label1\" content=\"Est. reading time\" \/>\n\t<meta name=\"twitter:data1\" content=\"2 minutes\" \/>\n<script type=\"application\/ld+json\" class=\"yoast-schema-graph\">{\n\t    \"@context\": \"https:\/\/schema.org\",\n\t    \"@graph\": [\n\t        {\n\t            \"@type\": \"WebPage\",\n\t            \"@id\": \"https:\/\/www.vita.sk\/online-kurz-microsoft-excel-2016-2021-a-office-365-ii-mierne-pokrocily\/\",\n\t            \"url\": \"https:\/\/www.vita.sk\/online-kurz-microsoft-excel-2016-2021-a-office-365-ii-mierne-pokrocily\/\",\n\t            \"name\": \"Microsoft Excel 2021 a Microsoft 365 II. Mierne Pokro\u010dil\u00fd 2025 | VITA\",\n\t            \"isPartOf\": {\n\t                \"@id\": \"https:\/\/www.vita.sk\/#website\"\n\t            },\n\t            \"primaryImageOfPage\": {\n\t                \"@id\": \"https:\/\/www.vita.sk\/online-kurz-microsoft-excel-2016-2021-a-office-365-ii-mierne-pokrocily\/#primaryimage\"\n\t            },\n\t            \"image\": {\n\t                \"@id\": \"https:\/\/www.vita.sk\/online-kurz-microsoft-excel-2016-2021-a-office-365-ii-mierne-pokrocily\/#primaryimage\"\n\t            },\n\t            \"thumbnailUrl\": \"https:\/\/www.vita.sk\/wp-content\/uploads\/2020\/11\/kurz-excel.png\",\n\t            \"datePublished\": \"2022-11-10T13:56:19+00:00\",\n\t            \"dateModified\": \"2025-01-14T19:05:48+00:00\",\n\t            \"description\": \"V online kurze Microsoft Excel 2016-2021 a Microsoft 365 sa nau\u010d\u00edte pokro\u010dilej\u0161ie funkcie a techniky na efekt\u00edvnu pr\u00e1cu s d\u00e1tami. \u2705\",\n\t            \"breadcrumb\": {\n\t                \"@id\": \"https:\/\/www.vita.sk\/online-kurz-microsoft-excel-2016-2021-a-office-365-ii-mierne-pokrocily\/#breadcrumb\"\n\t            },\n\t            \"inLanguage\": \"en-US\",\n\t            \"potentialAction\": [\n\t                {\n\t                    \"@type\": \"ReadAction\",\n\t                    \"target\": [\n\t                        \"https:\/\/www.vita.sk\/online-kurz-microsoft-excel-2016-2021-a-office-365-ii-mierne-pokrocily\/\"\n\t                    ]\n\t                }\n\t            ]\n\t        },\n\t        {\n\t            \"@type\": \"ImageObject\",\n\t            \"inLanguage\": \"en-US\",\n\t            \"@id\": \"https:\/\/www.vita.sk\/online-kurz-microsoft-excel-2016-2021-a-office-365-ii-mierne-pokrocily\/#primaryimage\",\n\t            \"url\": \"https:\/\/www.vita.sk\/wp-content\/uploads\/2020\/11\/kurz-excel.png\",\n\t            \"contentUrl\": \"https:\/\/www.vita.sk\/wp-content\/uploads\/2020\/11\/kurz-excel.png\",\n\t            \"width\": 360,\n\t            \"height\": 360,\n\t            \"caption\": \"Online kurz Excel\"\n\t        },\n\t        {\n\t            \"@type\": \"BreadcrumbList\",\n\t            \"@id\": \"https:\/\/www.vita.sk\/online-kurz-microsoft-excel-2016-2021-a-office-365-ii-mierne-pokrocily\/#breadcrumb\",\n\t            \"itemListElement\": [\n\t                {\n\t                    \"@type\": \"ListItem\",\n\t                    \"position\": 1,\n\t                    \"name\": \"VITA Academy\",\n\t                    \"item\": \"https:\/\/www.vita.sk\/en\/\"\n\t                },\n\t                {\n\t                    \"@type\": \"ListItem\",\n\t                    \"position\": 2,\n\t                    \"name\": \"Shop\",\n\t                    \"item\": \"https:\/\/www.vita.sk\/shop\/\"\n\t                },\n\t                {\n\t                    \"@type\": \"ListItem\",\n\t                    \"position\": 3,\n\t                    \"name\": \"Kancel\u00e1rske Bal\u00edky\",\n\t                    \"item\": \"https:\/\/www.vita.sk\/online-kurzy-kancelarske-baliky\/\"\n\t                },\n\t                {\n\t                    \"@type\": \"ListItem\",\n\t                    \"position\": 4,\n\t                    \"name\": \"Microsoft Excel\",\n\t                    \"item\": \"https:\/\/www.vita.sk\/online-kurzy-microsoft-excel\/\"\n\t                },\n\t                {\n\t                    \"@type\": \"ListItem\",\n\t                    \"position\": 5,\n\t                    \"name\": \"Online kurz Microsoft Excel 2016-2021 a Microsoft 365 II. Mierne Pokro\u010dil\u00fd\"\n\t                }\n\t            ]\n\t        },\n\t        {\n\t            \"@type\": \"WebSite\",\n\t            \"@id\": \"https:\/\/www.vita.sk\/#website\",\n\t            \"url\": \"https:\/\/www.vita.sk\/\",\n\t            \"name\": \"VITA\",\n\t            \"description\": \"\",\n\t            \"publisher\": {\n\t                \"@id\": \"https:\/\/www.vita.sk\/#organization\"\n\t            },\n\t            \"potentialAction\": [\n\t                {\n\t                    \"@type\": \"SearchAction\",\n\t                    \"target\": {\n\t                        \"@type\": \"EntryPoint\",\n\t                        \"urlTemplate\": \"https:\/\/www.vita.sk\/?s={search_term_string}\"\n\t                    },\n\t                    \"query-input\": {\n\t                        \"@type\": \"PropertyValueSpecification\",\n\t                        \"valueRequired\": true,\n\t                        \"valueName\": \"search_term_string\"\n\t                    }\n\t                }\n\t            ],\n\t            \"inLanguage\": \"en-US\"\n\t        },\n\t        {\n\t            \"email\": \"admin@vita.sk\",\n\t            \"logo\": \"https:\/\/www.vita.sk\/img\/vita_logo.png \",\n\t            \"address\": {\n\t                \"type\": \"PostalAddress\",\n\t                \"streetAddress\": \"Tom\u00e1\u0161ikova 50\/A\",\n\t                \"addressLocality\": \"Bratislava\",\n\t                \"postalCode\": \"83104\",\n\t                \"addressCountry\": {\n\t                    \"name\": \"SK\",\n\t                    \"type\": \"Country\"\n\t                }\n\t            },\n\t            \"contactPoint\": {\n\t                \"type\": \"ContactPoint\",\n\t                \"telephone\": \"+421 907 375\u00a0543\",\n\t                \"Email\": \"admin@vita.sk\",\n\t                \"contactType\": \"customer service\"\n\t            },\n\t            \"sameAs\": [\n\t                \"https:\/\/www.facebook.com\/VitaAcademySK\/\",\n\t                \"https:\/\/www.linkedin.com\/company\/vita-academy\/\"\n\t            ]\n\t        }\n\t    ]\n\t}<\/script>\n<!-- \/ Yoast SEO Premium plugin. -->","yoast_head_json":{"title":"Microsoft Excel  a Microsoft 365 II. Mierne Pokro\u010dil\u00fd  | VITA","description":"V online kurze Microsoft Excel 2016-2021 a Microsoft 365 sa nau\u010d\u00edte pokro\u010dilej\u0161ie funkcie a techniky na efekt\u00edvnu pr\u00e1cu s d\u00e1tami. \u2705","robots":{"index":"index","follow":"follow","max-snippet":"max-snippet:-1","max-image-preview":"max-image-preview:large","max-video-preview":"max-video-preview:-1"},"canonical":"https:\/\/www.vita.sk\/online-kurz-microsoft-excel-2016-2021-a-office-365-ii-mierne-pokrocily\/","og_locale":"en_US","og_type":"article","og_title":"Online kurz Microsoft Excel 2016-2021 a Microsoft 365 II. Mierne Pokro\u010dil\u00fd","og_description":"V online kurze Microsoft Excel 2016-2021 a Microsoft 365 sa nau\u010d\u00edte pokro\u010dilej\u0161ie funkcie a techniky na efekt\u00edvnu pr\u00e1cu s d\u00e1tami. \u2705","og_url":"https:\/\/www.vita.sk\/online-kurz-microsoft-excel-2016-2021-a-office-365-ii-mierne-pokrocily\/","og_site_name":"VITA","article_publisher":"https:\/\/www.facebook.com\/VitaAcademySK","article_modified_time":"2025-01-14T19:05:48+00:00","og_image":[{"width":360,"height":360,"url":"https:\/\/www.vita.sk\/wp-content\/uploads\/2020\/11\/kurz-excel.png","type":"image\/png"}],"twitter_card":"summary_large_image","twitter_misc":{"Est. reading time":"2 minutes"},"schema":{"@context":"https:\/\/schema.org","@graph":[{"@type":"WebPage","@id":"https:\/\/www.vita.sk\/online-kurz-microsoft-excel-2016-2021-a-office-365-ii-mierne-pokrocily\/","url":"https:\/\/www.vita.sk\/online-kurz-microsoft-excel-2016-2021-a-office-365-ii-mierne-pokrocily\/","name":"Microsoft Excel 2021 a Microsoft 365 II. Mierne Pokro\u010dil\u00fd 2025 | VITA","isPartOf":{"@id":"https:\/\/www.vita.sk\/#website"},"primaryImageOfPage":{"@id":"https:\/\/www.vita.sk\/online-kurz-microsoft-excel-2016-2021-a-office-365-ii-mierne-pokrocily\/#primaryimage"},"image":{"@id":"https:\/\/www.vita.sk\/online-kurz-microsoft-excel-2016-2021-a-office-365-ii-mierne-pokrocily\/#primaryimage"},"thumbnailUrl":"https:\/\/www.vita.sk\/wp-content\/uploads\/2020\/11\/kurz-excel.png","datePublished":"2022-11-10T13:56:19+00:00","dateModified":"2025-01-14T19:05:48+00:00","description":"V online kurze Microsoft Excel 2016-2021 a Microsoft 365 sa nau\u010d\u00edte pokro\u010dilej\u0161ie funkcie a techniky na efekt\u00edvnu pr\u00e1cu s d\u00e1tami. \u2705","breadcrumb":{"@id":"https:\/\/www.vita.sk\/online-kurz-microsoft-excel-2016-2021-a-office-365-ii-mierne-pokrocily\/#breadcrumb"},"inLanguage":"en-US","potentialAction":[{"@type":"ReadAction","target":["https:\/\/www.vita.sk\/online-kurz-microsoft-excel-2016-2021-a-office-365-ii-mierne-pokrocily\/"]}]},{"@type":"ImageObject","inLanguage":"en-US","@id":"https:\/\/www.vita.sk\/online-kurz-microsoft-excel-2016-2021-a-office-365-ii-mierne-pokrocily\/#primaryimage","url":"https:\/\/www.vita.sk\/wp-content\/uploads\/2020\/11\/kurz-excel.png","contentUrl":"https:\/\/www.vita.sk\/wp-content\/uploads\/2020\/11\/kurz-excel.png","width":360,"height":360,"caption":"Online kurz Excel"},{"@type":"BreadcrumbList","@id":"https:\/\/www.vita.sk\/online-kurz-microsoft-excel-2016-2021-a-office-365-ii-mierne-pokrocily\/#breadcrumb","itemListElement":[{"@type":"ListItem","position":1,"name":"VITA Academy","item":"https:\/\/www.vita.sk\/en\/"},{"@type":"ListItem","position":2,"name":"Shop","item":"https:\/\/www.vita.sk\/shop\/"},{"@type":"ListItem","position":3,"name":"Kancel\u00e1rske Bal\u00edky","item":"https:\/\/www.vita.sk\/online-kurzy-kancelarske-baliky\/"},{"@type":"ListItem","position":4,"name":"Microsoft Excel","item":"https:\/\/www.vita.sk\/online-kurzy-microsoft-excel\/"},{"@type":"ListItem","position":5,"name":"Online kurz Microsoft Excel 2016-2021 a Microsoft 365 II. Mierne Pokro\u010dil\u00fd"}]},{"@type":"WebSite","@id":"https:\/\/www.vita.sk\/#website","url":"https:\/\/www.vita.sk\/","name":"VITA","description":"","publisher":{"@id":"https:\/\/www.vita.sk\/#organization"},"potentialAction":[{"@type":"SearchAction","target":{"@type":"EntryPoint","urlTemplate":"https:\/\/www.vita.sk\/?s={search_term_string}"},"query-input":{"@type":"PropertyValueSpecification","valueRequired":true,"valueName":"search_term_string"}}],"inLanguage":"en-US"},{"email":"admin@vita.sk","logo":"https:\/\/www.vita.sk\/img\/vita_logo.png ","address":{"type":"PostalAddress","streetAddress":"Tom\u00e1\u0161ikova 50\/A","addressLocality":"Bratislava","postalCode":"83104","addressCountry":{"name":"SK","type":"Country"}},"contactPoint":{"type":"ContactPoint","telephone":"+421 907 375\u00a0543","Email":"admin@vita.sk","contactType":"customer service"},"sameAs":["https:\/\/www.facebook.com\/VitaAcademySK\/","https:\/\/www.linkedin.com\/company\/vita-academy\/"]}]}},"acf":[],"_links":{"self":[{"href":"https:\/\/www.vita.sk\/en\/wp-json\/wp\/v2\/product\/10963","targetHints":{"allow":["GET"]}}],"collection":[{"href":"https:\/\/www.vita.sk\/en\/wp-json\/wp\/v2\/product"}],"about":[{"href":"https:\/\/www.vita.sk\/en\/wp-json\/wp\/v2\/types\/product"}],"author":[{"embeddable":true,"href":"https:\/\/www.vita.sk\/en\/wp-json\/wp\/v2\/users\/27"}],"replies":[{"embeddable":true,"href":"https:\/\/www.vita.sk\/en\/wp-json\/wp\/v2\/comments?post=10963"}],"wp:featuredmedia":[{"embeddable":true,"href":"https:\/\/www.vita.sk\/en\/wp-json\/wp\/v2\/media\/4538"}],"wp:attachment":[{"href":"https:\/\/www.vita.sk\/en\/wp-json\/wp\/v2\/media?parent=10963"}],"wp:term":[{"taxonomy":"product_brand","embeddable":true,"href":"https:\/\/www.vita.sk\/en\/wp-json\/wp\/v2\/product_brand?post=10963"},{"taxonomy":"product_cat","embeddable":true,"href":"https:\/\/www.vita.sk\/en\/wp-json\/wp\/v2\/product_cat?post=10963"},{"taxonomy":"product_tag","embeddable":true,"href":"https:\/\/www.vita.sk\/en\/wp-json\/wp\/v2\/product_tag?post=10963"}],"curies":[{"name":"wp","href":"https:\/\/api.w.org\/{rel}","templated":true}]}}