{"id":11138,"date":"2022-12-13T09:17:01","date_gmt":"2022-12-13T08:17:01","guid":{"rendered":"https:\/\/www.vita.sk\/?post_type=product&#038;p=11138"},"modified":"2026-04-29T19:14:39","modified_gmt":"2026-04-29T17:14:39","slug":"online-kurz-projektovy-manazer-i-zaciatocnik","status":"publish","type":"product","link":"https:\/\/www.vita.sk\/en\/online-kurz-projektovy-manazer-i-zaciatocnik\/","title":{"rendered":"Online kurz Projektov\u00fd Mana\u017e\u00e9r I. Za\u010diato\u010dn\u00edk"},"content":{"rendered":"<p data-start=\"0\" data-end=\"315\">Online kurz Projektov\u00fd Mana\u017e\u00e9r I. Za\u010diato\u010dn\u00edk je pre v\u00e1s ide\u00e1lny, ak sa chcete nau\u010di\u0165 pl\u00e1nova\u0165, riadi\u0165 a organizova\u0165 projekty pomocou osved\u010den\u00fdch met\u00f3d projektov\u00e9ho mana\u017ementu.<strong> Ide o akreditovan\u00fd a certifikovan\u00fd kurz na Projektov\u00fd Mana\u017e\u00e9r<\/strong>. V tomto kurze sa obozn\u00e1mite so z\u00e1kladmi projektov\u00e9ho mana\u017ementu a pochop\u00edte, ako sa projekty pl\u00e1nuj\u00fa, realizuj\u00fa a vyhodnocuj\u00fa v praxi. Nau\u010d\u00edte sa, \u010do je projektov\u00fd mana\u017ement, ak\u00e9 s\u00fa jeho hlavn\u00e9 princ\u00edpy a ak\u00e9 v\u00fdkonnostn\u00e9 parametre ur\u010duj\u00fa \u00faspech projektu. Z\u00edskate preh\u013ead o metodike PRINCE2 a pochop\u00edte, kedy a pre\u010do sa pou\u017e\u00edva pri riaden\u00ed projektov v organiz\u00e1ci\u00e1ch. Dozviete sa, ak\u00e9 \u00falohy a zodpovednosti m\u00e1 projektov\u00fd mana\u017e\u00e9r a ak\u00e9 kompetencie s\u00fa potrebn\u00e9 na riadenie projektov\u00e9ho t\u00edmu. Nau\u010d\u00edte sa rozli\u0161ova\u0165 medzi projektom, procesom a BAU (Business as Usual) a pochop\u00edte rozdiel medzi projektovou pr\u00e1cou a be\u017enou prev\u00e1dzkou organiz\u00e1cie. Z\u00edskate schopnos\u0165 zd\u00f4vodni\u0165 projekt pomocou business case a analyzova\u0165 jeho pr\u00ednosy pre organiz\u00e1ciu. Osvoj\u00edte si model 5Ws, ktor\u00fd pom\u00e1ha definova\u0165 z\u00e1kladn\u00e9 parametre projektu, a nau\u010d\u00edte sa prioritizova\u0165 projektov\u00e9 \u00falohy pomocou met\u00f3dy MoSCoW. D\u00f4le\u017eitou s\u00fa\u010das\u0165ou kurzu s\u00fa aj komunika\u010dn\u00e9 zru\u010dnosti projektov\u00e9ho mana\u017e\u00e9ra. Nau\u010d\u00edte sa pou\u017e\u00edva\u0165 akt\u00edvne po\u010d\u00favanie, pracova\u0165 so sp\u00e4tnou v\u00e4zbou a aplikova\u0165 model SSCE pri komunik\u00e1cii v projektovom t\u00edme. Kurz sa venuje aj riadeniu kvality projektov a identifik\u00e1cii pr\u00ed\u010din zlyhania projektov. Nau\u010d\u00edte sa pou\u017e\u00edva\u0165 n\u00e1stroje ako Ishikawa diagram, RACI matica alebo Mind Map pri anal\u00fdze projektov\u00fdch probl\u00e9mov a riaden\u00ed projektov\u00fdch procesov. Z\u00edskate schopnos\u0165 identifikova\u0165 projektov\u00e9 rizik\u00e1 a vytvori\u0165 register riz\u00edk, ktor\u00fd pom\u00e1ha sledova\u0165 a riadi\u0165 potenci\u00e1lne hrozby projektu. Nau\u010d\u00edte sa analyzova\u0165 pr\u00ed\u010diny probl\u00e9mov pomocou diagramu Fishbone a systematicky riadi\u0165 kvalitu projektu. Kurz sa venuje aj evidencii pr\u00e1ce na projektoch pomocou \u010dasov\u00fdch v\u00fdkazov Time Sheet. Nau\u010d\u00edte sa sledova\u0165 \u010das str\u00e1ven\u00fd na projektov\u00fdch \u00faloh\u00e1ch a analyzova\u0165 pracovn\u00e9 aktivity t\u00edmu. Z\u00edskate z\u00e1kladn\u00fd preh\u013ead o n\u00e1stroji Atlassian Jira a pochop\u00edte, ako sa pou\u017e\u00edva pri riaden\u00ed projektov, pl\u00e1novan\u00ed \u00faloh a sledovan\u00ed progresu projektov\u00fdch aktiv\u00edt. Po absolvovan\u00ed kurzu budete rozumie\u0165 z\u00e1kladom projektov\u00e9ho mana\u017ementu, budete vedie\u0165 pl\u00e1nova\u0165 projektov\u00e9 \u00falohy, riadi\u0165 komunik\u00e1ciu v t\u00edme a analyzova\u0165 projektov\u00e9 rizik\u00e1. Ak sa chcete skuto\u010dne nau\u010di\u0165 riadi\u0165 projekty a sta\u0165 sa projektov\u00fdm mana\u017e\u00e9rom, tak toto je ide\u00e1lny vstupn\u00fd online kurz pre v\u00e1s.<\/p>\n","protected":false},"excerpt":{"rendered":"<p>Online kurz Projektov\u00fd Mana\u017e\u00e9r I. Za\u010diato\u010dn\u00edk v\u00e1s nau\u010d\u00ed z\u00e1klady projektov\u00e9ho mana\u017ementu, pl\u00e1novanie projektov, prioriz\u00e1ciu \u00faloh, riadenie riz\u00edk a pou\u017e\u00edvanie n\u00e1strojov ako Jira pri spr\u00e1ve projektov.","protected":false},"author":4,"featured_media":9902,"comment_status":"open","ping_status":"closed","template":"","meta":{"_acf_changed":false},"product_brand":[],"product_cat":[84,88,73],"product_tag":[211,444,191],"class_list":{"0":"post-11138","1":"product","2":"type-product","3":"status-publish","4":"has-post-thumbnail","6":"product_cat-online-kurzy-manazerske-kurzy-soft-skills","7":"product_cat-online-kurzy-projektovy-manazment-v-it","8":"product_cat-bez-kategorie","9":"product_tag-projektovy-manazment-v-it","10":"product_tag-projektovy-management","11":"product_tag-manazerske-kurzy","13":"first","14":"instock","15":"sale","16":"sold-individually","17":"taxable","18":"shipping-taxable","19":"purchasable","20":"product-type-simple"},"yoast_head":"<!-- This site is optimized with the Yoast SEO Premium plugin v25.0 (Yoast SEO v25.0) - https:\/\/yoast.com\/wordpress\/plugins\/seo\/ -->\n<title>Online kurz Projektov\u00fd Mana\u017e\u00e9r I. Za\u010diato\u010dn\u00edk 2026 | VITA<\/title>\n<meta name=\"description\" content=\"Online kurz Projektov\u00fd Mana\u017e\u00e9r I. Za\u010diato\u010dn\u00edk je pre v\u00e1s vhodn\u00fd, ak sa chcete sta\u0165 projektov\u00fdm mana\u017e\u00e9rom a osvoji\u0165 projektov\u00fd mana\u017ement. \u2705\" \/>\n<meta name=\"robots\" content=\"index, follow, max-snippet:-1, max-image-preview:large, max-video-preview:-1\" \/>\n<link rel=\"canonical\" href=\"https:\/\/www.vita.sk\/online-kurz-projektovy-manazer-i-zaciatocnik\/\" \/>\n<meta property=\"og:locale\" content=\"en_US\" \/>\n<meta property=\"og:type\" content=\"article\" \/>\n<meta property=\"og:title\" content=\"Online kurz Projektov\u00fd Mana\u017e\u00e9r I. Za\u010diato\u010dn\u00edk\" \/>\n<meta property=\"og:description\" content=\"Online kurz Projektov\u00fd Mana\u017e\u00e9r I. Za\u010diato\u010dn\u00edk je pre v\u00e1s vhodn\u00fd, ak sa chcete sta\u0165 projektov\u00fdm mana\u017e\u00e9rom a osvoji\u0165 projektov\u00fd mana\u017ement. \u2705\" \/>\n<meta property=\"og:url\" content=\"https:\/\/www.vita.sk\/online-kurz-projektovy-manazer-i-zaciatocnik\/\" \/>\n<meta property=\"og:site_name\" content=\"VITA\" \/>\n<meta property=\"article:publisher\" content=\"https:\/\/www.facebook.com\/VitaAcademySK\" \/>\n<meta property=\"article:modified_time\" content=\"2026-04-29T17:14:39+00:00\" \/>\n<meta property=\"og:image\" content=\"https:\/\/www.vita.sk\/wp-content\/uploads\/2022\/05\/online-kurz-Projektovy-Management.png\" \/>\n\t<meta property=\"og:image:width\" content=\"360\" \/>\n\t<meta property=\"og:image:height\" content=\"360\" \/>\n\t<meta property=\"og:image:type\" content=\"image\/png\" \/>\n<meta name=\"twitter:card\" content=\"summary_large_image\" \/>\n<meta name=\"twitter:label1\" content=\"Est. reading time\" \/>\n\t<meta name=\"twitter:data1\" content=\"3 minutes\" \/>\n<script type=\"application\/ld+json\" class=\"yoast-schema-graph\">{\n\t    \"@context\": \"https:\/\/schema.org\",\n\t    \"@graph\": [\n\t        {\n\t            \"@type\": \"WebPage\",\n\t            \"@id\": \"https:\/\/www.vita.sk\/online-kurz-projektovy-manazer-i-zaciatocnik\/\",\n\t            \"url\": \"https:\/\/www.vita.sk\/online-kurz-projektovy-manazer-i-zaciatocnik\/\",\n\t            \"name\": \"Online kurz Projektov\u00fd Mana\u017e\u00e9r I. Za\u010diato\u010dn\u00edk {Y} | VITA\",\n\t            \"isPartOf\": {\n\t                \"@id\": \"https:\/\/www.vita.sk\/#website\"\n\t            },\n\t            \"primaryImageOfPage\": {\n\t                \"@id\": \"https:\/\/www.vita.sk\/online-kurz-projektovy-manazer-i-zaciatocnik\/#primaryimage\"\n\t            },\n\t            \"image\": {\n\t                \"@id\": \"https:\/\/www.vita.sk\/online-kurz-projektovy-manazer-i-zaciatocnik\/#primaryimage\"\n\t            },\n\t            \"thumbnailUrl\": \"https:\/\/www.vita.sk\/wp-content\/uploads\/2022\/05\/online-kurz-Projektovy-Management.png\",\n\t            \"datePublished\": \"2022-12-13T08:17:01+00:00\",\n\t            \"dateModified\": \"2026-04-29T17:14:39+00:00\",\n\t            \"description\": \"Online kurz Projektov\u00fd Mana\u017e\u00e9r I. Za\u010diato\u010dn\u00edk je pre v\u00e1s vhodn\u00fd, ak sa chcete sta\u0165 projektov\u00fdm mana\u017e\u00e9rom a osvoji\u0165 projektov\u00fd mana\u017ement. \u2705\",\n\t            \"breadcrumb\": {\n\t                \"@id\": \"https:\/\/www.vita.sk\/online-kurz-projektovy-manazer-i-zaciatocnik\/#breadcrumb\"\n\t            },\n\t            \"inLanguage\": \"en-US\",\n\t            \"potentialAction\": [\n\t                {\n\t                    \"@type\": \"ReadAction\",\n\t                    \"target\": [\n\t                        \"https:\/\/www.vita.sk\/online-kurz-projektovy-manazer-i-zaciatocnik\/\"\n\t                    ]\n\t                }\n\t            ]\n\t        },\n\t        {\n\t            \"@type\": \"ImageObject\",\n\t            \"inLanguage\": \"en-US\",\n\t            \"@id\": \"https:\/\/www.vita.sk\/online-kurz-projektovy-manazer-i-zaciatocnik\/#primaryimage\",\n\t            \"url\": \"https:\/\/www.vita.sk\/wp-content\/uploads\/2022\/05\/online-kurz-Projektovy-Management.png\",\n\t            \"contentUrl\": \"https:\/\/www.vita.sk\/wp-content\/uploads\/2022\/05\/online-kurz-Projektovy-Management.png\",\n\t            \"width\": 360,\n\t            \"height\": 360\n\t        },\n\t        {\n\t            \"@type\": \"BreadcrumbList\",\n\t            \"@id\": \"https:\/\/www.vita.sk\/online-kurz-projektovy-manazer-i-zaciatocnik\/#breadcrumb\",\n\t            \"itemListElement\": [\n\t                {\n\t                    \"@type\": \"ListItem\",\n\t                    \"position\": 1,\n\t                    \"name\": \"VITA Academy\",\n\t                    \"item\": \"https:\/\/www.vita.sk\/en\/\"\n\t                },\n\t                {\n\t                    \"@type\": \"ListItem\",\n\t                    \"position\": 2,\n\t                    \"name\": \"Shop\",\n\t                    \"item\": \"https:\/\/www.vita.sk\/shop\/\"\n\t                },\n\t                {\n\t                    \"@type\": \"ListItem\",\n\t                    \"position\": 3,\n\t                    \"name\": \"Mana\u017e\u00e9rske a Soft Skills Kurzy\",\n\t                    \"item\": \"https:\/\/www.vita.sk\/online-kurzy-manazerske-kurzy-soft-skills\/\"\n\t                },\n\t                {\n\t                    \"@type\": \"ListItem\",\n\t                    \"position\": 4,\n\t                    \"name\": \"Projektov\u00fd mana\u017ement v IT\",\n\t                    \"item\": \"https:\/\/www.vita.sk\/online-kurzy-projektovy-manazment-v-it\/\"\n\t                },\n\t                {\n\t                    \"@type\": \"ListItem\",\n\t                    \"position\": 5,\n\t                    \"name\": \"Online kurz Projektov\u00fd Mana\u017e\u00e9r I. Za\u010diato\u010dn\u00edk\"\n\t                }\n\t            ]\n\t        },\n\t        {\n\t            \"@type\": \"WebSite\",\n\t            \"@id\": \"https:\/\/www.vita.sk\/#website\",\n\t            \"url\": \"https:\/\/www.vita.sk\/\",\n\t            \"name\": \"VITA\",\n\t            \"description\": \"\",\n\t            \"publisher\": {\n\t                \"@id\": \"https:\/\/www.vita.sk\/#organization\"\n\t            },\n\t            \"potentialAction\": [\n\t                {\n\t                    \"@type\": \"SearchAction\",\n\t                    \"target\": {\n\t                        \"@type\": \"EntryPoint\",\n\t                        \"urlTemplate\": \"https:\/\/www.vita.sk\/?s={search_term_string}\"\n\t                    },\n\t                    \"query-input\": {\n\t                        \"@type\": \"PropertyValueSpecification\",\n\t                        \"valueRequired\": true,\n\t                        \"valueName\": \"search_term_string\"\n\t                    }\n\t                }\n\t            ],\n\t            \"inLanguage\": \"en-US\"\n\t        },\n\t        {\n\t            \"email\": \"admin@vita.sk\",\n\t            \"logo\": \"https:\/\/www.vita.sk\/img\/vita_logo.png \",\n\t            \"address\": {\n\t                \"type\": \"PostalAddress\",\n\t                \"streetAddress\": \"Tom\u00e1\u0161ikova 50\/A\",\n\t                \"addressLocality\": \"Bratislava\",\n\t                \"postalCode\": \"83104\",\n\t                \"addressCountry\": {\n\t                    \"name\": \"SK\",\n\t                    \"type\": \"Country\"\n\t                }\n\t            },\n\t            \"contactPoint\": {\n\t                \"type\": \"ContactPoint\",\n\t                \"telephone\": \"+421 907 375\u00a0543\",\n\t                \"Email\": \"admin@vita.sk\",\n\t                \"contactType\": \"customer service\"\n\t            },\n\t            \"sameAs\": [\n\t                \"https:\/\/www.facebook.com\/VitaAcademySK\/\",\n\t                \"https:\/\/www.linkedin.com\/company\/vita-academy\/\"\n\t            ]\n\t        }\n\t    ]\n\t}<\/script>\n<!-- \/ Yoast SEO Premium plugin. -->","yoast_head_json":{"title":"Online kurz Projektov\u00fd Mana\u017e\u00e9r I. Za\u010diato\u010dn\u00edk 2026 | VITA","description":"Online kurz Projektov\u00fd Mana\u017e\u00e9r I. Za\u010diato\u010dn\u00edk je pre v\u00e1s vhodn\u00fd, ak sa chcete sta\u0165 projektov\u00fdm mana\u017e\u00e9rom a osvoji\u0165 projektov\u00fd mana\u017ement. \u2705","robots":{"index":"index","follow":"follow","max-snippet":"max-snippet:-1","max-image-preview":"max-image-preview:large","max-video-preview":"max-video-preview:-1"},"canonical":"https:\/\/www.vita.sk\/online-kurz-projektovy-manazer-i-zaciatocnik\/","og_locale":"en_US","og_type":"article","og_title":"Online kurz Projektov\u00fd Mana\u017e\u00e9r I. Za\u010diato\u010dn\u00edk","og_description":"Online kurz Projektov\u00fd Mana\u017e\u00e9r I. Za\u010diato\u010dn\u00edk je pre v\u00e1s vhodn\u00fd, ak sa chcete sta\u0165 projektov\u00fdm mana\u017e\u00e9rom a osvoji\u0165 projektov\u00fd mana\u017ement. \u2705","og_url":"https:\/\/www.vita.sk\/online-kurz-projektovy-manazer-i-zaciatocnik\/","og_site_name":"VITA","article_publisher":"https:\/\/www.facebook.com\/VitaAcademySK","article_modified_time":"2026-04-29T17:14:39+00:00","og_image":[{"width":360,"height":360,"url":"https:\/\/www.vita.sk\/wp-content\/uploads\/2022\/05\/online-kurz-Projektovy-Management.png","type":"image\/png"}],"twitter_card":"summary_large_image","twitter_misc":{"Est. reading time":"3 minutes"},"schema":{"@context":"https:\/\/schema.org","@graph":[{"@type":"WebPage","@id":"https:\/\/www.vita.sk\/online-kurz-projektovy-manazer-i-zaciatocnik\/","url":"https:\/\/www.vita.sk\/online-kurz-projektovy-manazer-i-zaciatocnik\/","name":"Online kurz Projektov\u00fd Mana\u017e\u00e9r I. Za\u010diato\u010dn\u00edk {Y} | VITA","isPartOf":{"@id":"https:\/\/www.vita.sk\/#website"},"primaryImageOfPage":{"@id":"https:\/\/www.vita.sk\/online-kurz-projektovy-manazer-i-zaciatocnik\/#primaryimage"},"image":{"@id":"https:\/\/www.vita.sk\/online-kurz-projektovy-manazer-i-zaciatocnik\/#primaryimage"},"thumbnailUrl":"https:\/\/www.vita.sk\/wp-content\/uploads\/2022\/05\/online-kurz-Projektovy-Management.png","datePublished":"2022-12-13T08:17:01+00:00","dateModified":"2026-04-29T17:14:39+00:00","description":"Online kurz Projektov\u00fd Mana\u017e\u00e9r I. Za\u010diato\u010dn\u00edk je pre v\u00e1s vhodn\u00fd, ak sa chcete sta\u0165 projektov\u00fdm mana\u017e\u00e9rom a osvoji\u0165 projektov\u00fd mana\u017ement. \u2705","breadcrumb":{"@id":"https:\/\/www.vita.sk\/online-kurz-projektovy-manazer-i-zaciatocnik\/#breadcrumb"},"inLanguage":"en-US","potentialAction":[{"@type":"ReadAction","target":["https:\/\/www.vita.sk\/online-kurz-projektovy-manazer-i-zaciatocnik\/"]}]},{"@type":"ImageObject","inLanguage":"en-US","@id":"https:\/\/www.vita.sk\/online-kurz-projektovy-manazer-i-zaciatocnik\/#primaryimage","url":"https:\/\/www.vita.sk\/wp-content\/uploads\/2022\/05\/online-kurz-Projektovy-Management.png","contentUrl":"https:\/\/www.vita.sk\/wp-content\/uploads\/2022\/05\/online-kurz-Projektovy-Management.png","width":360,"height":360},{"@type":"BreadcrumbList","@id":"https:\/\/www.vita.sk\/online-kurz-projektovy-manazer-i-zaciatocnik\/#breadcrumb","itemListElement":[{"@type":"ListItem","position":1,"name":"VITA Academy","item":"https:\/\/www.vita.sk\/en\/"},{"@type":"ListItem","position":2,"name":"Shop","item":"https:\/\/www.vita.sk\/shop\/"},{"@type":"ListItem","position":3,"name":"Mana\u017e\u00e9rske a Soft Skills Kurzy","item":"https:\/\/www.vita.sk\/online-kurzy-manazerske-kurzy-soft-skills\/"},{"@type":"ListItem","position":4,"name":"Projektov\u00fd mana\u017ement v IT","item":"https:\/\/www.vita.sk\/online-kurzy-projektovy-manazment-v-it\/"},{"@type":"ListItem","position":5,"name":"Online kurz Projektov\u00fd Mana\u017e\u00e9r I. Za\u010diato\u010dn\u00edk"}]},{"@type":"WebSite","@id":"https:\/\/www.vita.sk\/#website","url":"https:\/\/www.vita.sk\/","name":"VITA","description":"","publisher":{"@id":"https:\/\/www.vita.sk\/#organization"},"potentialAction":[{"@type":"SearchAction","target":{"@type":"EntryPoint","urlTemplate":"https:\/\/www.vita.sk\/?s={search_term_string}"},"query-input":{"@type":"PropertyValueSpecification","valueRequired":true,"valueName":"search_term_string"}}],"inLanguage":"en-US"},{"email":"admin@vita.sk","logo":"https:\/\/www.vita.sk\/img\/vita_logo.png ","address":{"type":"PostalAddress","streetAddress":"Tom\u00e1\u0161ikova 50\/A","addressLocality":"Bratislava","postalCode":"83104","addressCountry":{"name":"SK","type":"Country"}},"contactPoint":{"type":"ContactPoint","telephone":"+421 907 375\u00a0543","Email":"admin@vita.sk","contactType":"customer service"},"sameAs":["https:\/\/www.facebook.com\/VitaAcademySK\/","https:\/\/www.linkedin.com\/company\/vita-academy\/"]}]}},"acf":[],"_links":{"self":[{"href":"https:\/\/www.vita.sk\/en\/wp-json\/wp\/v2\/product\/11138","targetHints":{"allow":["GET"]}}],"collection":[{"href":"https:\/\/www.vita.sk\/en\/wp-json\/wp\/v2\/product"}],"about":[{"href":"https:\/\/www.vita.sk\/en\/wp-json\/wp\/v2\/types\/product"}],"author":[{"embeddable":true,"href":"https:\/\/www.vita.sk\/en\/wp-json\/wp\/v2\/users\/4"}],"replies":[{"embeddable":true,"href":"https:\/\/www.vita.sk\/en\/wp-json\/wp\/v2\/comments?post=11138"}],"wp:featuredmedia":[{"embeddable":true,"href":"https:\/\/www.vita.sk\/en\/wp-json\/wp\/v2\/media\/9902"}],"wp:attachment":[{"href":"https:\/\/www.vita.sk\/en\/wp-json\/wp\/v2\/media?parent=11138"}],"wp:term":[{"taxonomy":"product_brand","embeddable":true,"href":"https:\/\/www.vita.sk\/en\/wp-json\/wp\/v2\/product_brand?post=11138"},{"taxonomy":"product_cat","embeddable":true,"href":"https:\/\/www.vita.sk\/en\/wp-json\/wp\/v2\/product_cat?post=11138"},{"taxonomy":"product_tag","embeddable":true,"href":"https:\/\/www.vita.sk\/en\/wp-json\/wp\/v2\/product_tag?post=11138"}],"curies":[{"name":"wp","href":"https:\/\/api.w.org\/{rel}","templated":true}]}}