{"id":1123,"date":"2021-09-16T11:39:38","date_gmt":"2021-09-16T09:39:38","guid":{"rendered":"http:\/\/vita.sk.vps324.nameserver.sk\/?post_type=product&#038;p=1123"},"modified":"2025-01-18T10:33:19","modified_gmt":"2025-01-18T09:33:19","slug":"online-kurz-microsoft-excel-statisticke-funkcie","status":"publish","type":"product","link":"https:\/\/www.vita.sk\/en\/online-kurz-microsoft-excel-statisticke-funkcie\/","title":{"rendered":"Online kurz Microsoft Excel &#8211; \u0160tatistick\u00e9 Funkcie"},"content":{"rendered":"<p>Online kurz Microsoft Excel \u2013 \u0160tatistick\u00e9 Funkcie je pre v\u00e1s ide\u00e1lny, ak sa chcete nau\u010di\u0165 aplikova\u0165 pokro\u010dil\u00e9 \u0161tatistick\u00e9 met\u00f3dy priamo v prostred\u00ed Excelu. <strong>Ide o jedin\u00fd akreditovan\u00fd a certifikovan\u00fd kurz online kurz na Microsoft Excel \u2013 \u0160tatistick\u00e9 Funkcie na Slovensku.<\/strong> Kurz kombinuje praktick\u00e9 zru\u010dnosti s teoretick\u00fdmi z\u00e1kladmi potrebn\u00fdmi na anal\u00fdzu d\u00e1t. Za\u010d\u00edna sa \u00favodom do z\u00e1kladn\u00fdch v\u00fdskumn\u00fdch a \u0161tatistick\u00fdch met\u00f3d, kde sa nau\u010d\u00edte, ako spr\u00e1vne zvoli\u0165 met\u00f3dy a testy pre anal\u00fdzu d\u00e1t. Budete pracova\u0165 s \u010d\u00edseln\u00fdmi radmi, vzorcami a \u0161tatistick\u00fdmi funkciami, ktor\u00e9 Excel pon\u00faka, a z\u00edskate praktick\u00e9 zru\u010dnosti pri ich aplikovan\u00ed na re\u00e1lne d\u00e1ta. Nau\u010d\u00edte sa, ako tieto n\u00e1stroje vyu\u017e\u00edva\u0165 na anal\u00fdzu trendov a v\u00fdpo\u010det k\u013e\u00fa\u010dov\u00fdch \u0161tatistick\u00fdch ukazovate\u013eov. V \u010fal\u0161ej \u010dasti kurzu sa zameriate na pr\u00e1cu s hypot\u00e9zami a predpove\u010fami. Dozviete sa, ako definova\u0165 kvalitn\u00e9 hypot\u00e9zy a ako ich overova\u0165 pomocou \u0161tatistick\u00fdch n\u00e1strojov. Zvl\u00e1dnete pou\u017e\u00edva\u0165 n\u00e1stroj Forecast, ktor\u00fd umo\u017e\u0148uje predikciu trendov a pl\u00e1novanie na z\u00e1klade historick\u00fdch \u00fadajov. Kurz v\u00e1s tie\u017e nau\u010d\u00ed efekt\u00edvne pracova\u0165 s doplnkami H\u013eadanie Rie\u0161enia (Goal Seek) a Rie\u0161ite\u013e (Solver), ktor\u00e9 s\u00fa neocenite\u013en\u00fdmi n\u00e1strojmi pri optimaliz\u00e1cii a rie\u0161en\u00ed komplexn\u00fdch probl\u00e9mov. Nau\u010d\u00edte sa aktivova\u0165 a pou\u017e\u00edva\u0165 tieto doplnky na h\u013eadanie optim\u00e1lnych hodn\u00f4t a rie\u0161en\u00ed v r\u00f4znych scen\u00e1roch. Z\u00edskate porozumenie algoritmov, na ktor\u00fdch tieto n\u00e1stroje pracuj\u00fa, \u010do v\u00e1m umo\u017en\u00ed rie\u0161i\u0165 praktick\u00e9 probl\u00e9my v oblasti financi\u00ed, logistiky a riadenia projektov. Kurz kladie d\u00f4raz na praktick\u00e9 pou\u017eitie n\u00e1strojov Excelu v re\u00e1lnych scen\u00e1roch, tak\u017ee po jeho absolvovan\u00ed budete pripraven\u00ed vyu\u017e\u00edva\u0165 \u0161tatistick\u00e9 funkcie a pokro\u010dil\u00e9 n\u00e1stroje Excelu na odbornej \u00farovni, \u010di u\u017e pracujete v oblasti anal\u00fdzy d\u00e1t, projektov\u00e9ho mana\u017ementu, alebo vo vedeckom v\u00fdskume. Ak sa chcete skuto\u010dne nau\u010di\u0165 pou\u017e\u00edva\u0165 \u0161tatistick\u00e9 funkcie v Microsoft Excel, tak toto je ide\u00e1lny online kurz pre v\u00e1s.<\/p>\n","protected":false},"excerpt":{"rendered":"<p>Online kurz Microsoft Excel \u2013 \u0160tatistick\u00e9 Funkcie je pre v\u00e1s ide\u00e1lny, ak sa chcete nau\u010di\u0165 aplikova\u0165 pokro\u010dil\u00e9 \u0161tatistick\u00e9 met\u00f3dy priamo v prostred\u00ed Excelu. Ide o jedin\u00fd akreditovan\u00fd a certifikovan\u00fd kurz online kurz na Microsoft Excel \u2013 \u0160tatistick\u00e9 Funkcie na Slovensku. Kurz kombinuje praktick\u00e9 zru\u010dnosti s teoretick\u00fdmi z\u00e1kladmi potrebn\u00fdmi na anal\u00fdzu d\u00e1t.","protected":false},"author":4,"featured_media":9946,"comment_status":"open","ping_status":"closed","template":"","meta":{"_acf_changed":false},"product_brand":[],"product_cat":[67,66,73],"product_tag":[198,187],"class_list":{"0":"post-1123","1":"product","2":"type-product","3":"status-publish","4":"has-post-thumbnail","6":"product_cat-online-kurzy-microsoft-excel","7":"product_cat-online-kurzy-kancelarske-baliky","8":"product_cat-bez-kategorie","9":"product_tag-excel","10":"product_tag-kancelarske-baliky","12":"first","13":"instock","14":"sale","15":"sold-individually","16":"taxable","17":"shipping-taxable","18":"purchasable","19":"product-type-simple"},"yoast_head":"<!-- This site is optimized with the Yoast SEO Premium plugin v25.0 (Yoast SEO v25.0) - https:\/\/yoast.com\/wordpress\/plugins\/seo\/ -->\n<title>Online kurz Microsoft Excel - \u0160tatistick\u00e9 Funkcie  | VITA<\/title>\n<meta name=\"description\" content=\"V online kurze Microsoft Excel - \u0160tatistick\u00e9 V\u00fdpo\u010dty v\u00e1s nau\u010d\u00edme z\u00e1klady \u0161tatistiky v Exceli. Osvoj\u00edte si pr\u00e1cu so \u0161tatistick\u00fdmi funkciami. \u2705\" \/>\n<meta name=\"robots\" content=\"index, follow, max-snippet:-1, max-image-preview:large, max-video-preview:-1\" \/>\n<link rel=\"canonical\" href=\"https:\/\/www.vita.sk\/online-kurz-microsoft-excel-statisticke-funkcie\/\" \/>\n<meta property=\"og:locale\" content=\"en_US\" \/>\n<meta property=\"og:type\" content=\"article\" \/>\n<meta property=\"og:title\" content=\"Online kurz Microsoft Excel - \u0160tatistick\u00e9 Funkcie\" \/>\n<meta property=\"og:description\" content=\"V online kurze Microsoft Excel - \u0160tatistick\u00e9 V\u00fdpo\u010dty v\u00e1s nau\u010d\u00edme z\u00e1klady \u0161tatistiky v Exceli. Osvoj\u00edte si pr\u00e1cu so \u0161tatistick\u00fdmi funkciami. \u2705\" \/>\n<meta property=\"og:url\" content=\"https:\/\/www.vita.sk\/online-kurz-microsoft-excel-statisticke-funkcie\/\" \/>\n<meta property=\"og:site_name\" content=\"VITA\" \/>\n<meta property=\"article:publisher\" content=\"https:\/\/www.facebook.com\/VitaAcademySK\" \/>\n<meta property=\"article:modified_time\" content=\"2025-01-18T09:33:19+00:00\" \/>\n<meta property=\"og:image\" content=\"https:\/\/www.vita.sk\/wp-content\/uploads\/2022\/05\/online-kurz-excel-statisticke-funkcie-copy.png\" \/>\n\t<meta property=\"og:image:width\" content=\"360\" \/>\n\t<meta property=\"og:image:height\" content=\"360\" \/>\n\t<meta property=\"og:image:type\" content=\"image\/png\" \/>\n<meta name=\"twitter:card\" content=\"summary_large_image\" \/>\n<meta name=\"twitter:label1\" content=\"Est. reading time\" \/>\n\t<meta name=\"twitter:data1\" content=\"2 minutes\" \/>\n<script type=\"application\/ld+json\" class=\"yoast-schema-graph\">{\n\t    \"@context\": \"https:\/\/schema.org\",\n\t    \"@graph\": [\n\t        {\n\t            \"@type\": \"WebPage\",\n\t            \"@id\": \"https:\/\/www.vita.sk\/online-kurz-microsoft-excel-statisticke-funkcie\/\",\n\t            \"url\": \"https:\/\/www.vita.sk\/online-kurz-microsoft-excel-statisticke-funkcie\/\",\n\t            \"name\": \"Online kurz Microsoft Excel - \u0160tatistick\u00e9 Funkcie 2025 | VITA\",\n\t            \"isPartOf\": {\n\t                \"@id\": \"https:\/\/www.vita.sk\/#website\"\n\t            },\n\t            \"primaryImageOfPage\": {\n\t                \"@id\": \"https:\/\/www.vita.sk\/online-kurz-microsoft-excel-statisticke-funkcie\/#primaryimage\"\n\t            },\n\t            \"image\": {\n\t                \"@id\": \"https:\/\/www.vita.sk\/online-kurz-microsoft-excel-statisticke-funkcie\/#primaryimage\"\n\t            },\n\t            \"thumbnailUrl\": \"https:\/\/www.vita.sk\/wp-content\/uploads\/2022\/05\/online-kurz-excel-statisticke-funkcie-copy.png\",\n\t            \"datePublished\": \"2021-09-16T09:39:38+00:00\",\n\t            \"dateModified\": \"2025-01-18T09:33:19+00:00\",\n\t            \"description\": \"V online kurze Microsoft Excel - \u0160tatistick\u00e9 V\u00fdpo\u010dty v\u00e1s nau\u010d\u00edme z\u00e1klady \u0161tatistiky v Exceli. Osvoj\u00edte si pr\u00e1cu so \u0161tatistick\u00fdmi funkciami. \u2705\",\n\t            \"breadcrumb\": {\n\t                \"@id\": \"https:\/\/www.vita.sk\/online-kurz-microsoft-excel-statisticke-funkcie\/#breadcrumb\"\n\t            },\n\t            \"inLanguage\": \"en-US\",\n\t            \"potentialAction\": [\n\t                {\n\t                    \"@type\": \"ReadAction\",\n\t                    \"target\": [\n\t                        \"https:\/\/www.vita.sk\/online-kurz-microsoft-excel-statisticke-funkcie\/\"\n\t                    ]\n\t                }\n\t            ]\n\t        },\n\t        {\n\t            \"@type\": \"ImageObject\",\n\t            \"inLanguage\": \"en-US\",\n\t            \"@id\": \"https:\/\/www.vita.sk\/online-kurz-microsoft-excel-statisticke-funkcie\/#primaryimage\",\n\t            \"url\": \"https:\/\/www.vita.sk\/wp-content\/uploads\/2022\/05\/online-kurz-excel-statisticke-funkcie-copy.png\",\n\t            \"contentUrl\": \"https:\/\/www.vita.sk\/wp-content\/uploads\/2022\/05\/online-kurz-excel-statisticke-funkcie-copy.png\",\n\t            \"width\": 360,\n\t            \"height\": 360\n\t        },\n\t        {\n\t            \"@type\": \"BreadcrumbList\",\n\t            \"@id\": \"https:\/\/www.vita.sk\/online-kurz-microsoft-excel-statisticke-funkcie\/#breadcrumb\",\n\t            \"itemListElement\": [\n\t                {\n\t                    \"@type\": \"ListItem\",\n\t                    \"position\": 1,\n\t                    \"name\": \"VITA Academy\",\n\t                    \"item\": \"https:\/\/www.vita.sk\/en\/\"\n\t                },\n\t                {\n\t                    \"@type\": \"ListItem\",\n\t                    \"position\": 2,\n\t                    \"name\": \"Shop\",\n\t                    \"item\": \"https:\/\/www.vita.sk\/shop\/\"\n\t                },\n\t                {\n\t                    \"@type\": \"ListItem\",\n\t                    \"position\": 3,\n\t                    \"name\": \"Kancel\u00e1rske Bal\u00edky\",\n\t                    \"item\": \"https:\/\/www.vita.sk\/online-kurzy-kancelarske-baliky\/\"\n\t                },\n\t                {\n\t                    \"@type\": \"ListItem\",\n\t                    \"position\": 4,\n\t                    \"name\": \"Microsoft Excel\",\n\t                    \"item\": \"https:\/\/www.vita.sk\/online-kurzy-microsoft-excel\/\"\n\t                },\n\t                {\n\t                    \"@type\": \"ListItem\",\n\t                    \"position\": 5,\n\t                    \"name\": \"Online kurz Microsoft Excel &#8211; \u0160tatistick\u00e9 Funkcie\"\n\t                }\n\t            ]\n\t        },\n\t        {\n\t            \"@type\": \"WebSite\",\n\t            \"@id\": \"https:\/\/www.vita.sk\/#website\",\n\t            \"url\": \"https:\/\/www.vita.sk\/\",\n\t            \"name\": \"VITA\",\n\t            \"description\": \"\",\n\t            \"publisher\": {\n\t                \"@id\": \"https:\/\/www.vita.sk\/#organization\"\n\t            },\n\t            \"potentialAction\": [\n\t                {\n\t                    \"@type\": \"SearchAction\",\n\t                    \"target\": {\n\t                        \"@type\": \"EntryPoint\",\n\t                        \"urlTemplate\": \"https:\/\/www.vita.sk\/?s={search_term_string}\"\n\t                    },\n\t                    \"query-input\": {\n\t                        \"@type\": \"PropertyValueSpecification\",\n\t                        \"valueRequired\": true,\n\t                        \"valueName\": \"search_term_string\"\n\t                    }\n\t                }\n\t            ],\n\t            \"inLanguage\": \"en-US\"\n\t        },\n\t        {\n\t            \"email\": \"admin@vita.sk\",\n\t            \"logo\": \"https:\/\/www.vita.sk\/img\/vita_logo.png \",\n\t            \"address\": {\n\t                \"type\": \"PostalAddress\",\n\t                \"streetAddress\": \"Tom\u00e1\u0161ikova 50\/A\",\n\t                \"addressLocality\": \"Bratislava\",\n\t                \"postalCode\": \"83104\",\n\t                \"addressCountry\": {\n\t                    \"name\": \"SK\",\n\t                    \"type\": \"Country\"\n\t                }\n\t            },\n\t            \"contactPoint\": {\n\t                \"type\": \"ContactPoint\",\n\t                \"telephone\": \"+421 907 375\u00a0543\",\n\t                \"Email\": \"admin@vita.sk\",\n\t                \"contactType\": \"customer service\"\n\t            },\n\t            \"sameAs\": [\n\t                \"https:\/\/www.facebook.com\/VitaAcademySK\/\",\n\t                \"https:\/\/www.linkedin.com\/company\/vita-academy\/\"\n\t            ]\n\t        }\n\t    ]\n\t}<\/script>\n<!-- \/ Yoast SEO Premium plugin. -->","yoast_head_json":{"title":"Online kurz Microsoft Excel - \u0160tatistick\u00e9 Funkcie  | VITA","description":"V online kurze Microsoft Excel - \u0160tatistick\u00e9 V\u00fdpo\u010dty v\u00e1s nau\u010d\u00edme z\u00e1klady \u0161tatistiky v Exceli. Osvoj\u00edte si pr\u00e1cu so \u0161tatistick\u00fdmi funkciami. \u2705","robots":{"index":"index","follow":"follow","max-snippet":"max-snippet:-1","max-image-preview":"max-image-preview:large","max-video-preview":"max-video-preview:-1"},"canonical":"https:\/\/www.vita.sk\/online-kurz-microsoft-excel-statisticke-funkcie\/","og_locale":"en_US","og_type":"article","og_title":"Online kurz Microsoft Excel - \u0160tatistick\u00e9 Funkcie","og_description":"V online kurze Microsoft Excel - \u0160tatistick\u00e9 V\u00fdpo\u010dty v\u00e1s nau\u010d\u00edme z\u00e1klady \u0161tatistiky v Exceli. Osvoj\u00edte si pr\u00e1cu so \u0161tatistick\u00fdmi funkciami. \u2705","og_url":"https:\/\/www.vita.sk\/online-kurz-microsoft-excel-statisticke-funkcie\/","og_site_name":"VITA","article_publisher":"https:\/\/www.facebook.com\/VitaAcademySK","article_modified_time":"2025-01-18T09:33:19+00:00","og_image":[{"width":360,"height":360,"url":"https:\/\/www.vita.sk\/wp-content\/uploads\/2022\/05\/online-kurz-excel-statisticke-funkcie-copy.png","type":"image\/png"}],"twitter_card":"summary_large_image","twitter_misc":{"Est. reading time":"2 minutes"},"schema":{"@context":"https:\/\/schema.org","@graph":[{"@type":"WebPage","@id":"https:\/\/www.vita.sk\/online-kurz-microsoft-excel-statisticke-funkcie\/","url":"https:\/\/www.vita.sk\/online-kurz-microsoft-excel-statisticke-funkcie\/","name":"Online kurz Microsoft Excel - \u0160tatistick\u00e9 Funkcie 2025 | VITA","isPartOf":{"@id":"https:\/\/www.vita.sk\/#website"},"primaryImageOfPage":{"@id":"https:\/\/www.vita.sk\/online-kurz-microsoft-excel-statisticke-funkcie\/#primaryimage"},"image":{"@id":"https:\/\/www.vita.sk\/online-kurz-microsoft-excel-statisticke-funkcie\/#primaryimage"},"thumbnailUrl":"https:\/\/www.vita.sk\/wp-content\/uploads\/2022\/05\/online-kurz-excel-statisticke-funkcie-copy.png","datePublished":"2021-09-16T09:39:38+00:00","dateModified":"2025-01-18T09:33:19+00:00","description":"V online kurze Microsoft Excel - \u0160tatistick\u00e9 V\u00fdpo\u010dty v\u00e1s nau\u010d\u00edme z\u00e1klady \u0161tatistiky v Exceli. Osvoj\u00edte si pr\u00e1cu so \u0161tatistick\u00fdmi funkciami. \u2705","breadcrumb":{"@id":"https:\/\/www.vita.sk\/online-kurz-microsoft-excel-statisticke-funkcie\/#breadcrumb"},"inLanguage":"en-US","potentialAction":[{"@type":"ReadAction","target":["https:\/\/www.vita.sk\/online-kurz-microsoft-excel-statisticke-funkcie\/"]}]},{"@type":"ImageObject","inLanguage":"en-US","@id":"https:\/\/www.vita.sk\/online-kurz-microsoft-excel-statisticke-funkcie\/#primaryimage","url":"https:\/\/www.vita.sk\/wp-content\/uploads\/2022\/05\/online-kurz-excel-statisticke-funkcie-copy.png","contentUrl":"https:\/\/www.vita.sk\/wp-content\/uploads\/2022\/05\/online-kurz-excel-statisticke-funkcie-copy.png","width":360,"height":360},{"@type":"BreadcrumbList","@id":"https:\/\/www.vita.sk\/online-kurz-microsoft-excel-statisticke-funkcie\/#breadcrumb","itemListElement":[{"@type":"ListItem","position":1,"name":"VITA Academy","item":"https:\/\/www.vita.sk\/en\/"},{"@type":"ListItem","position":2,"name":"Shop","item":"https:\/\/www.vita.sk\/shop\/"},{"@type":"ListItem","position":3,"name":"Kancel\u00e1rske Bal\u00edky","item":"https:\/\/www.vita.sk\/online-kurzy-kancelarske-baliky\/"},{"@type":"ListItem","position":4,"name":"Microsoft Excel","item":"https:\/\/www.vita.sk\/online-kurzy-microsoft-excel\/"},{"@type":"ListItem","position":5,"name":"Online kurz Microsoft Excel &#8211; \u0160tatistick\u00e9 Funkcie"}]},{"@type":"WebSite","@id":"https:\/\/www.vita.sk\/#website","url":"https:\/\/www.vita.sk\/","name":"VITA","description":"","publisher":{"@id":"https:\/\/www.vita.sk\/#organization"},"potentialAction":[{"@type":"SearchAction","target":{"@type":"EntryPoint","urlTemplate":"https:\/\/www.vita.sk\/?s={search_term_string}"},"query-input":{"@type":"PropertyValueSpecification","valueRequired":true,"valueName":"search_term_string"}}],"inLanguage":"en-US"},{"email":"admin@vita.sk","logo":"https:\/\/www.vita.sk\/img\/vita_logo.png ","address":{"type":"PostalAddress","streetAddress":"Tom\u00e1\u0161ikova 50\/A","addressLocality":"Bratislava","postalCode":"83104","addressCountry":{"name":"SK","type":"Country"}},"contactPoint":{"type":"ContactPoint","telephone":"+421 907 375\u00a0543","Email":"admin@vita.sk","contactType":"customer service"},"sameAs":["https:\/\/www.facebook.com\/VitaAcademySK\/","https:\/\/www.linkedin.com\/company\/vita-academy\/"]}]}},"acf":[],"_links":{"self":[{"href":"https:\/\/www.vita.sk\/en\/wp-json\/wp\/v2\/product\/1123","targetHints":{"allow":["GET"]}}],"collection":[{"href":"https:\/\/www.vita.sk\/en\/wp-json\/wp\/v2\/product"}],"about":[{"href":"https:\/\/www.vita.sk\/en\/wp-json\/wp\/v2\/types\/product"}],"author":[{"embeddable":true,"href":"https:\/\/www.vita.sk\/en\/wp-json\/wp\/v2\/users\/4"}],"replies":[{"embeddable":true,"href":"https:\/\/www.vita.sk\/en\/wp-json\/wp\/v2\/comments?post=1123"}],"wp:featuredmedia":[{"embeddable":true,"href":"https:\/\/www.vita.sk\/en\/wp-json\/wp\/v2\/media\/9946"}],"wp:attachment":[{"href":"https:\/\/www.vita.sk\/en\/wp-json\/wp\/v2\/media?parent=1123"}],"wp:term":[{"taxonomy":"product_brand","embeddable":true,"href":"https:\/\/www.vita.sk\/en\/wp-json\/wp\/v2\/product_brand?post=1123"},{"taxonomy":"product_cat","embeddable":true,"href":"https:\/\/www.vita.sk\/en\/wp-json\/wp\/v2\/product_cat?post=1123"},{"taxonomy":"product_tag","embeddable":true,"href":"https:\/\/www.vita.sk\/en\/wp-json\/wp\/v2\/product_tag?post=1123"}],"curies":[{"name":"wp","href":"https:\/\/api.w.org\/{rel}","templated":true}]}}