{"id":1130,"date":"2022-09-16T12:16:12","date_gmt":"2022-09-16T10:16:12","guid":{"rendered":"http:\/\/vita.sk.vps324.nameserver.sk\/?post_type=product&#038;p=1130"},"modified":"2024-06-06T14:34:00","modified_gmt":"2024-06-06T12:34:00","slug":"online-kurz-google-apps","status":"publish","type":"product","link":"https:\/\/www.vita.sk\/en\/online-kurz-google-apps\/","title":{"rendered":"Online kurz Google Apps"},"content":{"rendered":"<p>Online kurz Google Apps je pre v\u00e1s ide\u00e1lny, ak sa chcete nau\u010di\u0165 efekt\u00edvne vyu\u017e\u00edva\u0165 aplik\u00e1cie Google Apps na vyh\u013ead\u00e1vanie a komunik\u00e1ciu. Nau\u010d\u00edme v\u00e1s efekt\u00edvne vyh\u013ead\u00e1va\u0165 inform\u00e1cie potrebn\u00e9 na \u0161tudijn\u00e9 \u010di pracovn\u00e9 \u00fa\u010dely. Osvoj\u00edte si pr\u00e1cu so slu\u017ebou Gmail na posielanie e-mailov, jej nastavenia \u010di rozli\u010dn\u00e9 funkcie. Zvl\u00e1dne\u0161 \u010dasto zdie\u013ea\u0165 dokumenty na webe. Tie\u017e v\u00e1s nau\u010d\u00edme sa pracova\u0165 so slu\u017ebou Google Earth, \u010di slu\u017ebou Maps a\u00a0in\u00fdmi slu\u017ebami. Ako absolvent kurzu Google Apps zvl\u00e1dnete n\u00e1js\u0165 a\u00a0zdie\u013ea\u0165 obr\u00e1zky, knihy \u010di web str\u00e1nky.<\/p>\n","protected":false},"excerpt":{"rendered":"<p>Online kurz Google Apps je pre v\u00e1s ide\u00e1lny, ak sa chcete nau\u010di\u0165 efekt\u00edvne vyu\u017e\u00edva\u0165 aplik\u00e1cie Google Apps na vyh\u013ead\u00e1vanie a komunik\u00e1ciu. Nau\u010d\u00edme v\u00e1s efekt\u00edvne vyh\u013ead\u00e1va\u0165 inform\u00e1cie potrebn\u00e9 na \u0161tudijn\u00e9 \u010di pracovn\u00e9 \u00fa\u010dely. Osvoj\u00edte si pr\u00e1cu so slu\u017ebou Gmail na posielanie e-mailov, jej nastavenia \u010di rozli\u010dn\u00e9 funkcie. Zvl\u00e1dne\u0161 \u010dasto zdie\u013ea\u0165 dokumenty na webe.","protected":false},"author":4,"featured_media":1131,"comment_status":"open","ping_status":"closed","template":"","meta":{"_acf_changed":false},"product_brand":[],"product_cat":[70,140,73],"product_tag":[183],"class_list":{"0":"post-1130","1":"product","2":"type-product","3":"status-publish","4":"has-post-thumbnail","6":"product_cat-online-kurzy-marketing-reklama-a-pravo","7":"product_cat-online-kurzy-google-apps","8":"product_cat-bez-kategorie","9":"product_tag-marketing","11":"first","12":"instock","13":"sale","14":"sold-individually","15":"taxable","16":"shipping-taxable","17":"purchasable","18":"product-type-simple"},"yoast_head":"<!-- This site is optimized with the Yoast SEO Premium plugin v25.0 (Yoast SEO v25.0) - https:\/\/yoast.com\/wordpress\/plugins\/seo\/ -->\n<title>Online kurz Google Apps  | VITA<\/title>\n<meta name=\"description\" content=\"V online kurze Google Aps \u0165a nau\u010d\u00edme efekt\u00edvne vyh\u013ead\u00e1va\u0165 inform\u00e1cie na r\u00f4zne \u00fa\u010dely. Osvoj\u00ed\u0161 si pr\u00e1cu s Gmail, Google Earth, \u010di Maps.\" \/>\n<meta name=\"robots\" content=\"index, follow, max-snippet:-1, max-image-preview:large, max-video-preview:-1\" \/>\n<link rel=\"canonical\" href=\"https:\/\/www.vita.sk\/online-kurz-google-apps\/\" \/>\n<meta property=\"og:locale\" content=\"en_US\" \/>\n<meta property=\"og:type\" content=\"article\" \/>\n<meta property=\"og:title\" content=\"Online kurz Google Apps\" \/>\n<meta property=\"og:description\" content=\"V online kurze Google Aps \u0165a nau\u010d\u00edme efekt\u00edvne vyh\u013ead\u00e1va\u0165 inform\u00e1cie na r\u00f4zne \u00fa\u010dely. Osvoj\u00ed\u0161 si pr\u00e1cu s Gmail, Google Earth, \u010di Maps.\" \/>\n<meta property=\"og:url\" content=\"https:\/\/www.vita.sk\/online-kurz-google-apps\/\" \/>\n<meta property=\"og:site_name\" content=\"VITA\" \/>\n<meta property=\"article:publisher\" content=\"https:\/\/www.facebook.com\/VitaAcademySK\" \/>\n<meta property=\"article:modified_time\" content=\"2024-06-06T12:34:00+00:00\" \/>\n<meta property=\"og:image\" content=\"https:\/\/www.vita.sk\/wp-content\/uploads\/2019\/09\/Google-Apps-1.png\" \/>\n\t<meta property=\"og:image:width\" content=\"360\" \/>\n\t<meta property=\"og:image:height\" content=\"360\" \/>\n\t<meta property=\"og:image:type\" content=\"image\/png\" \/>\n<meta name=\"twitter:card\" content=\"summary_large_image\" \/>\n<meta name=\"twitter:label1\" content=\"Est. reading time\" \/>\n\t<meta name=\"twitter:data1\" content=\"1 minute\" \/>\n<script type=\"application\/ld+json\" class=\"yoast-schema-graph\">{\n\t    \"@context\": \"https:\/\/schema.org\",\n\t    \"@graph\": [\n\t        {\n\t            \"@type\": \"WebPage\",\n\t            \"@id\": \"https:\/\/www.vita.sk\/online-kurz-google-apps\/\",\n\t            \"url\": \"https:\/\/www.vita.sk\/online-kurz-google-apps\/\",\n\t            \"name\": \"Online kurz Google Apps 2023 | VITA\",\n\t            \"isPartOf\": {\n\t                \"@id\": \"https:\/\/www.vita.sk\/#website\"\n\t            },\n\t            \"primaryImageOfPage\": {\n\t                \"@id\": \"https:\/\/www.vita.sk\/online-kurz-google-apps\/#primaryimage\"\n\t            },\n\t            \"image\": {\n\t                \"@id\": \"https:\/\/www.vita.sk\/online-kurz-google-apps\/#primaryimage\"\n\t            },\n\t            \"thumbnailUrl\": \"https:\/\/www.vita.sk\/wp-content\/uploads\/2019\/09\/Google-Apps-1.png\",\n\t            \"datePublished\": \"2022-09-16T10:16:12+00:00\",\n\t            \"dateModified\": \"2024-06-06T12:34:00+00:00\",\n\t            \"description\": \"V online kurze Google Aps \u0165a nau\u010d\u00edme efekt\u00edvne vyh\u013ead\u00e1va\u0165 inform\u00e1cie na r\u00f4zne \u00fa\u010dely. Osvoj\u00ed\u0161 si pr\u00e1cu s Gmail, Google Earth, \u010di Maps.\",\n\t            \"breadcrumb\": {\n\t                \"@id\": \"https:\/\/www.vita.sk\/online-kurz-google-apps\/#breadcrumb\"\n\t            },\n\t            \"inLanguage\": \"en-US\",\n\t            \"potentialAction\": [\n\t                {\n\t                    \"@type\": \"ReadAction\",\n\t                    \"target\": [\n\t                        \"https:\/\/www.vita.sk\/online-kurz-google-apps\/\"\n\t                    ]\n\t                }\n\t            ]\n\t        },\n\t        {\n\t            \"@type\": \"ImageObject\",\n\t            \"inLanguage\": \"en-US\",\n\t            \"@id\": \"https:\/\/www.vita.sk\/online-kurz-google-apps\/#primaryimage\",\n\t            \"url\": \"https:\/\/www.vita.sk\/wp-content\/uploads\/2019\/09\/Google-Apps-1.png\",\n\t            \"contentUrl\": \"https:\/\/www.vita.sk\/wp-content\/uploads\/2019\/09\/Google-Apps-1.png\",\n\t            \"width\": 360,\n\t            \"height\": 360,\n\t            \"caption\": \"Online kurz Google Apps\"\n\t        },\n\t        {\n\t            \"@type\": \"BreadcrumbList\",\n\t            \"@id\": \"https:\/\/www.vita.sk\/online-kurz-google-apps\/#breadcrumb\",\n\t            \"itemListElement\": [\n\t                {\n\t                    \"@type\": \"ListItem\",\n\t                    \"position\": 1,\n\t                    \"name\": \"VITA Academy\",\n\t                    \"item\": \"https:\/\/www.vita.sk\/en\/\"\n\t                },\n\t                {\n\t                    \"@type\": \"ListItem\",\n\t                    \"position\": 2,\n\t                    \"name\": \"Shop\",\n\t                    \"item\": \"https:\/\/www.vita.sk\/shop\/\"\n\t                },\n\t                {\n\t                    \"@type\": \"ListItem\",\n\t                    \"position\": 3,\n\t                    \"name\": \"Marketing, Reklama a Pr\u00e1vo\",\n\t                    \"item\": \"https:\/\/www.vita.sk\/online-kurzy-marketing-reklama-a-pravo\/\"\n\t                },\n\t                {\n\t                    \"@type\": \"ListItem\",\n\t                    \"position\": 4,\n\t                    \"name\": \"Google Apps\",\n\t                    \"item\": \"https:\/\/www.vita.sk\/online-kurzy-google-apps\/\"\n\t                },\n\t                {\n\t                    \"@type\": \"ListItem\",\n\t                    \"position\": 5,\n\t                    \"name\": \"Online kurz Google Apps\"\n\t                }\n\t            ]\n\t        },\n\t        {\n\t            \"@type\": \"WebSite\",\n\t            \"@id\": \"https:\/\/www.vita.sk\/#website\",\n\t            \"url\": \"https:\/\/www.vita.sk\/\",\n\t            \"name\": \"VITA\",\n\t            \"description\": \"\",\n\t            \"publisher\": {\n\t                \"@id\": \"https:\/\/www.vita.sk\/#organization\"\n\t            },\n\t            \"potentialAction\": [\n\t                {\n\t                    \"@type\": \"SearchAction\",\n\t                    \"target\": {\n\t                        \"@type\": \"EntryPoint\",\n\t                        \"urlTemplate\": \"https:\/\/www.vita.sk\/?s={search_term_string}\"\n\t                    },\n\t                    \"query-input\": {\n\t                        \"@type\": \"PropertyValueSpecification\",\n\t                        \"valueRequired\": true,\n\t                        \"valueName\": \"search_term_string\"\n\t                    }\n\t                }\n\t            ],\n\t            \"inLanguage\": \"en-US\"\n\t        },\n\t        {\n\t            \"email\": \"admin@vita.sk\",\n\t            \"logo\": \"https:\/\/www.vita.sk\/img\/vita_logo.png \",\n\t            \"address\": {\n\t                \"type\": \"PostalAddress\",\n\t                \"streetAddress\": \"Tom\u00e1\u0161ikova 50\/A\",\n\t                \"addressLocality\": \"Bratislava\",\n\t                \"postalCode\": \"83104\",\n\t                \"addressCountry\": {\n\t                    \"name\": \"SK\",\n\t                    \"type\": \"Country\"\n\t                }\n\t            },\n\t            \"contactPoint\": {\n\t                \"type\": \"ContactPoint\",\n\t                \"telephone\": \"+421 907 375\u00a0543\",\n\t                \"Email\": \"admin@vita.sk\",\n\t                \"contactType\": \"customer service\"\n\t            },\n\t            \"sameAs\": [\n\t                \"https:\/\/www.facebook.com\/VitaAcademySK\/\",\n\t                \"https:\/\/www.linkedin.com\/company\/vita-academy\/\"\n\t            ]\n\t        }\n\t    ]\n\t}<\/script>\n<!-- \/ Yoast SEO Premium plugin. -->","yoast_head_json":{"title":"Online kurz Google Apps  | VITA","description":"V online kurze Google Aps \u0165a nau\u010d\u00edme efekt\u00edvne vyh\u013ead\u00e1va\u0165 inform\u00e1cie na r\u00f4zne \u00fa\u010dely. Osvoj\u00ed\u0161 si pr\u00e1cu s Gmail, Google Earth, \u010di Maps.","robots":{"index":"index","follow":"follow","max-snippet":"max-snippet:-1","max-image-preview":"max-image-preview:large","max-video-preview":"max-video-preview:-1"},"canonical":"https:\/\/www.vita.sk\/online-kurz-google-apps\/","og_locale":"en_US","og_type":"article","og_title":"Online kurz Google Apps","og_description":"V online kurze Google Aps \u0165a nau\u010d\u00edme efekt\u00edvne vyh\u013ead\u00e1va\u0165 inform\u00e1cie na r\u00f4zne \u00fa\u010dely. Osvoj\u00ed\u0161 si pr\u00e1cu s Gmail, Google Earth, \u010di Maps.","og_url":"https:\/\/www.vita.sk\/online-kurz-google-apps\/","og_site_name":"VITA","article_publisher":"https:\/\/www.facebook.com\/VitaAcademySK","article_modified_time":"2024-06-06T12:34:00+00:00","og_image":[{"width":360,"height":360,"url":"https:\/\/www.vita.sk\/wp-content\/uploads\/2019\/09\/Google-Apps-1.png","type":"image\/png"}],"twitter_card":"summary_large_image","twitter_misc":{"Est. reading time":"1 minute"},"schema":{"@context":"https:\/\/schema.org","@graph":[{"@type":"WebPage","@id":"https:\/\/www.vita.sk\/online-kurz-google-apps\/","url":"https:\/\/www.vita.sk\/online-kurz-google-apps\/","name":"Online kurz Google Apps 2023 | VITA","isPartOf":{"@id":"https:\/\/www.vita.sk\/#website"},"primaryImageOfPage":{"@id":"https:\/\/www.vita.sk\/online-kurz-google-apps\/#primaryimage"},"image":{"@id":"https:\/\/www.vita.sk\/online-kurz-google-apps\/#primaryimage"},"thumbnailUrl":"https:\/\/www.vita.sk\/wp-content\/uploads\/2019\/09\/Google-Apps-1.png","datePublished":"2022-09-16T10:16:12+00:00","dateModified":"2024-06-06T12:34:00+00:00","description":"V online kurze Google Aps \u0165a nau\u010d\u00edme efekt\u00edvne vyh\u013ead\u00e1va\u0165 inform\u00e1cie na r\u00f4zne \u00fa\u010dely. Osvoj\u00ed\u0161 si pr\u00e1cu s Gmail, Google Earth, \u010di Maps.","breadcrumb":{"@id":"https:\/\/www.vita.sk\/online-kurz-google-apps\/#breadcrumb"},"inLanguage":"en-US","potentialAction":[{"@type":"ReadAction","target":["https:\/\/www.vita.sk\/online-kurz-google-apps\/"]}]},{"@type":"ImageObject","inLanguage":"en-US","@id":"https:\/\/www.vita.sk\/online-kurz-google-apps\/#primaryimage","url":"https:\/\/www.vita.sk\/wp-content\/uploads\/2019\/09\/Google-Apps-1.png","contentUrl":"https:\/\/www.vita.sk\/wp-content\/uploads\/2019\/09\/Google-Apps-1.png","width":360,"height":360,"caption":"Online kurz Google Apps"},{"@type":"BreadcrumbList","@id":"https:\/\/www.vita.sk\/online-kurz-google-apps\/#breadcrumb","itemListElement":[{"@type":"ListItem","position":1,"name":"VITA Academy","item":"https:\/\/www.vita.sk\/en\/"},{"@type":"ListItem","position":2,"name":"Shop","item":"https:\/\/www.vita.sk\/shop\/"},{"@type":"ListItem","position":3,"name":"Marketing, Reklama a Pr\u00e1vo","item":"https:\/\/www.vita.sk\/online-kurzy-marketing-reklama-a-pravo\/"},{"@type":"ListItem","position":4,"name":"Google Apps","item":"https:\/\/www.vita.sk\/online-kurzy-google-apps\/"},{"@type":"ListItem","position":5,"name":"Online kurz Google Apps"}]},{"@type":"WebSite","@id":"https:\/\/www.vita.sk\/#website","url":"https:\/\/www.vita.sk\/","name":"VITA","description":"","publisher":{"@id":"https:\/\/www.vita.sk\/#organization"},"potentialAction":[{"@type":"SearchAction","target":{"@type":"EntryPoint","urlTemplate":"https:\/\/www.vita.sk\/?s={search_term_string}"},"query-input":{"@type":"PropertyValueSpecification","valueRequired":true,"valueName":"search_term_string"}}],"inLanguage":"en-US"},{"email":"admin@vita.sk","logo":"https:\/\/www.vita.sk\/img\/vita_logo.png ","address":{"type":"PostalAddress","streetAddress":"Tom\u00e1\u0161ikova 50\/A","addressLocality":"Bratislava","postalCode":"83104","addressCountry":{"name":"SK","type":"Country"}},"contactPoint":{"type":"ContactPoint","telephone":"+421 907 375\u00a0543","Email":"admin@vita.sk","contactType":"customer service"},"sameAs":["https:\/\/www.facebook.com\/VitaAcademySK\/","https:\/\/www.linkedin.com\/company\/vita-academy\/"]}]}},"acf":[],"_links":{"self":[{"href":"https:\/\/www.vita.sk\/en\/wp-json\/wp\/v2\/product\/1130","targetHints":{"allow":["GET"]}}],"collection":[{"href":"https:\/\/www.vita.sk\/en\/wp-json\/wp\/v2\/product"}],"about":[{"href":"https:\/\/www.vita.sk\/en\/wp-json\/wp\/v2\/types\/product"}],"author":[{"embeddable":true,"href":"https:\/\/www.vita.sk\/en\/wp-json\/wp\/v2\/users\/4"}],"replies":[{"embeddable":true,"href":"https:\/\/www.vita.sk\/en\/wp-json\/wp\/v2\/comments?post=1130"}],"wp:featuredmedia":[{"embeddable":true,"href":"https:\/\/www.vita.sk\/en\/wp-json\/wp\/v2\/media\/1131"}],"wp:attachment":[{"href":"https:\/\/www.vita.sk\/en\/wp-json\/wp\/v2\/media?parent=1130"}],"wp:term":[{"taxonomy":"product_brand","embeddable":true,"href":"https:\/\/www.vita.sk\/en\/wp-json\/wp\/v2\/product_brand?post=1130"},{"taxonomy":"product_cat","embeddable":true,"href":"https:\/\/www.vita.sk\/en\/wp-json\/wp\/v2\/product_cat?post=1130"},{"taxonomy":"product_tag","embeddable":true,"href":"https:\/\/www.vita.sk\/en\/wp-json\/wp\/v2\/product_tag?post=1130"}],"curies":[{"name":"wp","href":"https:\/\/api.w.org\/{rel}","templated":true}]}}