{"id":1146,"date":"2021-06-16T15:34:24","date_gmt":"2021-06-16T13:34:24","guid":{"rendered":"http:\/\/vita.sk.vps324.nameserver.sk\/?post_type=product&#038;p=1146"},"modified":"2024-06-06T13:04:37","modified_gmt":"2024-06-06T11:04:37","slug":"online-kurz-php-iv-tvorba-eshopu","status":"publish","type":"product","link":"https:\/\/www.vita.sk\/en\/online-kurz-php-iv-tvorba-eshopu\/","title":{"rendered":"Online kurz PHP IV. Tvorba Eshopu"},"content":{"rendered":"<p>Online kurz PHP IV. Tvorba Eshopu v\u00e1s nau\u010d\u00ed v\u0161etko, \u010do potrebujete vedie\u0165 pri tvorbe eshopu. <strong>Ide o jedin\u00fd akreditovan\u00fd a certifikovan\u00fd kurz na PHP na Slovensku. <\/strong>Krok za krokom, v\u00e1s prevedieme procesom tvorby internetov\u00e9ho obchodu. Budete vedie\u0165 ak\u00e9, po\u017eiadavky mus\u00ed\u0161 splni\u0165 a ako napl\u00e1nova\u0165 cel\u00fd proces. Po pl\u00e1novan\u00ed sa nau\u010d\u00edte cel\u00fd proces implementova\u0165 a testova\u0165, tvorba vlastn\u00fdch produktov, kateg\u00f3ri\u00ed \u010di n\u00e1kupn\u00e9ho ko\u0161\u00edka v\u00e1m u\u017e nebude robi\u0165 probl\u00e9m. Uk\u00e1\u017eeme si ako pou\u017e\u00edva\u0165 FTP klienta na nahr\u00e1vanie a spr\u00e1vu s\u00faborov na webovom serveri. Budete si vedie\u0165 vybra\u0165 a nastavi\u0165 v\u00fdvojov\u00e9 prostredie (IDE) pre efekt\u00edvne programovanie v PHP. Rovnako sa pozrieme na syst\u00e9m spr\u00e1vy obsahu (CMS) TYPO3, pr\u00e1cu s pr\u00edkazov\u00fdm riadkom CMD a pou\u017e\u00edvanie administra\u010dn\u00fdch n\u00e1strojov na spr\u00e1vu datab\u00e1zy.\u00a0Po absolvovan\u00ed kurzu zvl\u00e1dnete spracova\u0165 objedn\u00e1vky alebo platby. Ak sa chcete skuto\u010dne nau\u010di\u0165 pou\u017e\u00edva\u0165 PHP, tak toto je ide\u00e1lny online kurz pre v\u00e1s.<\/p>\n","protected":false},"excerpt":{"rendered":"<p>Online kurz PHP IV. Tvorba Eshopu v\u00e1s nau\u010d\u00ed v\u0161etko, \u010do potrebujete vedie\u0165 pri tvorbe eshopu. Ide o jedin\u00fd akreditovan\u00fd a certifikovan\u00fd kurz na PHP na Slovensku. Krok za krokom, v\u00e1s prevedieme procesom tvorby internetov\u00e9ho obchodu. Budete vedie\u0165 ak\u00e9, po\u017eiadavky mus\u00ed\u0161 splni\u0165 a ako napl\u00e1nova\u0165 cel\u00fd proces.","protected":false},"author":4,"featured_media":1147,"comment_status":"open","ping_status":"closed","template":"","meta":{"_acf_changed":false},"product_brand":[],"product_cat":[125,114,73],"product_tag":[193],"class_list":{"0":"post-1146","1":"product","2":"type-product","3":"status-publish","4":"has-post-thumbnail","6":"product_cat-online-kurzy-php","7":"product_cat-online-kurzy-tvorba-web-stranok","8":"product_cat-bez-kategorie","9":"product_tag-tvorba-web-stranok","11":"first","12":"instock","13":"sale","14":"sold-individually","15":"taxable","16":"shipping-taxable","17":"purchasable","18":"product-type-simple"},"yoast_head":"<!-- This site is optimized with the Yoast SEO Premium plugin v25.0 (Yoast SEO v25.0) - https:\/\/yoast.com\/wordpress\/plugins\/seo\/ -->\n<title>Online kurz PHP IV. Tvorba Eshopu  | VITA<\/title>\n<meta name=\"description\" content=\"V online kurze PHP Tvorba Eshopu \u0165a nau\u010d\u00edme vytvori\u0165 internetov\u00fd obchod. Bude\u0161 vedie\u0165 ak\u00e9, po\u017eiadavky mus\u00ed\u0161 splni\u0165 a ako napl\u00e1nova\u0165 cel\u00fd proces.\" \/>\n<meta name=\"robots\" content=\"index, follow, max-snippet:-1, max-image-preview:large, max-video-preview:-1\" \/>\n<link rel=\"canonical\" href=\"https:\/\/www.vita.sk\/online-kurz-php-iv-tvorba-eshopu\/\" \/>\n<meta property=\"og:locale\" content=\"en_US\" \/>\n<meta property=\"og:type\" content=\"article\" \/>\n<meta property=\"og:title\" content=\"Online kurz PHP IV. Tvorba Eshopu\" \/>\n<meta property=\"og:description\" content=\"V online kurze PHP Tvorba Eshopu \u0165a nau\u010d\u00edme vytvori\u0165 internetov\u00fd obchod. Bude\u0161 vedie\u0165 ak\u00e9, po\u017eiadavky mus\u00ed\u0161 splni\u0165 a ako napl\u00e1nova\u0165 cel\u00fd proces.\" \/>\n<meta property=\"og:url\" content=\"https:\/\/www.vita.sk\/online-kurz-php-iv-tvorba-eshopu\/\" \/>\n<meta property=\"og:site_name\" content=\"VITA\" \/>\n<meta property=\"article:publisher\" content=\"https:\/\/www.facebook.com\/VitaAcademySK\" \/>\n<meta property=\"article:modified_time\" content=\"2024-06-06T11:04:37+00:00\" \/>\n<meta property=\"og:image\" content=\"https:\/\/www.vita.sk\/wp-content\/uploads\/2019\/09\/php.png\" \/>\n\t<meta property=\"og:image:width\" content=\"360\" \/>\n\t<meta property=\"og:image:height\" content=\"360\" \/>\n\t<meta property=\"og:image:type\" content=\"image\/png\" \/>\n<meta name=\"twitter:card\" content=\"summary_large_image\" \/>\n<meta name=\"twitter:label1\" content=\"Est. reading time\" \/>\n\t<meta name=\"twitter:data1\" content=\"1 minute\" \/>\n<script type=\"application\/ld+json\" class=\"yoast-schema-graph\">{\n\t    \"@context\": \"https:\/\/schema.org\",\n\t    \"@graph\": [\n\t        {\n\t            \"@type\": \"WebPage\",\n\t            \"@id\": \"https:\/\/www.vita.sk\/online-kurz-php-iv-tvorba-eshopu\/\",\n\t            \"url\": \"https:\/\/www.vita.sk\/online-kurz-php-iv-tvorba-eshopu\/\",\n\t            \"name\": \"Online kurz PHP IV. Tvorba Eshopu 2024 | VITA\",\n\t            \"isPartOf\": {\n\t                \"@id\": \"https:\/\/www.vita.sk\/#website\"\n\t            },\n\t            \"primaryImageOfPage\": {\n\t                \"@id\": \"https:\/\/www.vita.sk\/online-kurz-php-iv-tvorba-eshopu\/#primaryimage\"\n\t            },\n\t            \"image\": {\n\t                \"@id\": \"https:\/\/www.vita.sk\/online-kurz-php-iv-tvorba-eshopu\/#primaryimage\"\n\t            },\n\t            \"thumbnailUrl\": \"https:\/\/www.vita.sk\/wp-content\/uploads\/2019\/09\/php.png\",\n\t            \"datePublished\": \"2021-06-16T13:34:24+00:00\",\n\t            \"dateModified\": \"2024-06-06T11:04:37+00:00\",\n\t            \"description\": \"V online kurze PHP Tvorba Eshopu \u0165a nau\u010d\u00edme vytvori\u0165 internetov\u00fd obchod. Bude\u0161 vedie\u0165 ak\u00e9, po\u017eiadavky mus\u00ed\u0161 splni\u0165 a ako napl\u00e1nova\u0165 cel\u00fd proces.\",\n\t            \"breadcrumb\": {\n\t                \"@id\": \"https:\/\/www.vita.sk\/online-kurz-php-iv-tvorba-eshopu\/#breadcrumb\"\n\t            },\n\t            \"inLanguage\": \"en-US\",\n\t            \"potentialAction\": [\n\t                {\n\t                    \"@type\": \"ReadAction\",\n\t                    \"target\": [\n\t                        \"https:\/\/www.vita.sk\/online-kurz-php-iv-tvorba-eshopu\/\"\n\t                    ]\n\t                }\n\t            ]\n\t        },\n\t        {\n\t            \"@type\": \"ImageObject\",\n\t            \"inLanguage\": \"en-US\",\n\t            \"@id\": \"https:\/\/www.vita.sk\/online-kurz-php-iv-tvorba-eshopu\/#primaryimage\",\n\t            \"url\": \"https:\/\/www.vita.sk\/wp-content\/uploads\/2019\/09\/php.png\",\n\t            \"contentUrl\": \"https:\/\/www.vita.sk\/wp-content\/uploads\/2019\/09\/php.png\",\n\t            \"width\": 360,\n\t            \"height\": 360,\n\t            \"caption\": \"Online kurz PHP\"\n\t        },\n\t        {\n\t            \"@type\": \"BreadcrumbList\",\n\t            \"@id\": \"https:\/\/www.vita.sk\/online-kurz-php-iv-tvorba-eshopu\/#breadcrumb\",\n\t            \"itemListElement\": [\n\t                {\n\t                    \"@type\": \"ListItem\",\n\t                    \"position\": 1,\n\t                    \"name\": \"VITA Academy\",\n\t                    \"item\": \"https:\/\/www.vita.sk\/en\/\"\n\t                },\n\t                {\n\t                    \"@type\": \"ListItem\",\n\t                    \"position\": 2,\n\t                    \"name\": \"Shop\",\n\t                    \"item\": \"https:\/\/www.vita.sk\/shop\/\"\n\t                },\n\t                {\n\t                    \"@type\": \"ListItem\",\n\t                    \"position\": 3,\n\t                    \"name\": \"Tvorba Web Str\u00e1nok\",\n\t                    \"item\": \"https:\/\/www.vita.sk\/online-kurzy-tvorba-web-stranok\/\"\n\t                },\n\t                {\n\t                    \"@type\": \"ListItem\",\n\t                    \"position\": 4,\n\t                    \"name\": \"PHP\",\n\t                    \"item\": \"https:\/\/www.vita.sk\/online-kurzy-php\/\"\n\t                },\n\t                {\n\t                    \"@type\": \"ListItem\",\n\t                    \"position\": 5,\n\t                    \"name\": \"Online kurz PHP IV. Tvorba Eshopu\"\n\t                }\n\t            ]\n\t        },\n\t        {\n\t            \"@type\": \"WebSite\",\n\t            \"@id\": \"https:\/\/www.vita.sk\/#website\",\n\t            \"url\": \"https:\/\/www.vita.sk\/\",\n\t            \"name\": \"VITA\",\n\t            \"description\": \"\",\n\t            \"publisher\": {\n\t                \"@id\": \"https:\/\/www.vita.sk\/#organization\"\n\t            },\n\t            \"potentialAction\": [\n\t                {\n\t                    \"@type\": \"SearchAction\",\n\t                    \"target\": {\n\t                        \"@type\": \"EntryPoint\",\n\t                        \"urlTemplate\": \"https:\/\/www.vita.sk\/?s={search_term_string}\"\n\t                    },\n\t                    \"query-input\": {\n\t                        \"@type\": \"PropertyValueSpecification\",\n\t                        \"valueRequired\": true,\n\t                        \"valueName\": \"search_term_string\"\n\t                    }\n\t                }\n\t            ],\n\t            \"inLanguage\": \"en-US\"\n\t        },\n\t        {\n\t            \"email\": \"admin@vita.sk\",\n\t            \"logo\": \"https:\/\/www.vita.sk\/img\/vita_logo.png \",\n\t            \"address\": {\n\t                \"type\": \"PostalAddress\",\n\t                \"streetAddress\": \"Tom\u00e1\u0161ikova 50\/A\",\n\t                \"addressLocality\": \"Bratislava\",\n\t                \"postalCode\": \"83104\",\n\t                \"addressCountry\": {\n\t                    \"name\": \"SK\",\n\t                    \"type\": \"Country\"\n\t                }\n\t            },\n\t            \"contactPoint\": {\n\t                \"type\": \"ContactPoint\",\n\t                \"telephone\": \"+421 907 375\u00a0543\",\n\t                \"Email\": \"admin@vita.sk\",\n\t                \"contactType\": \"customer service\"\n\t            },\n\t            \"sameAs\": [\n\t                \"https:\/\/www.facebook.com\/VitaAcademySK\/\",\n\t                \"https:\/\/www.linkedin.com\/company\/vita-academy\/\"\n\t            ]\n\t        }\n\t    ]\n\t}<\/script>\n<!-- \/ Yoast SEO Premium plugin. -->","yoast_head_json":{"title":"Online kurz PHP IV. Tvorba Eshopu  | VITA","description":"V online kurze PHP Tvorba Eshopu \u0165a nau\u010d\u00edme vytvori\u0165 internetov\u00fd obchod. Bude\u0161 vedie\u0165 ak\u00e9, po\u017eiadavky mus\u00ed\u0161 splni\u0165 a ako napl\u00e1nova\u0165 cel\u00fd proces.","robots":{"index":"index","follow":"follow","max-snippet":"max-snippet:-1","max-image-preview":"max-image-preview:large","max-video-preview":"max-video-preview:-1"},"canonical":"https:\/\/www.vita.sk\/online-kurz-php-iv-tvorba-eshopu\/","og_locale":"en_US","og_type":"article","og_title":"Online kurz PHP IV. Tvorba Eshopu","og_description":"V online kurze PHP Tvorba Eshopu \u0165a nau\u010d\u00edme vytvori\u0165 internetov\u00fd obchod. Bude\u0161 vedie\u0165 ak\u00e9, po\u017eiadavky mus\u00ed\u0161 splni\u0165 a ako napl\u00e1nova\u0165 cel\u00fd proces.","og_url":"https:\/\/www.vita.sk\/online-kurz-php-iv-tvorba-eshopu\/","og_site_name":"VITA","article_publisher":"https:\/\/www.facebook.com\/VitaAcademySK","article_modified_time":"2024-06-06T11:04:37+00:00","og_image":[{"width":360,"height":360,"url":"https:\/\/www.vita.sk\/wp-content\/uploads\/2019\/09\/php.png","type":"image\/png"}],"twitter_card":"summary_large_image","twitter_misc":{"Est. reading time":"1 minute"},"schema":{"@context":"https:\/\/schema.org","@graph":[{"@type":"WebPage","@id":"https:\/\/www.vita.sk\/online-kurz-php-iv-tvorba-eshopu\/","url":"https:\/\/www.vita.sk\/online-kurz-php-iv-tvorba-eshopu\/","name":"Online kurz PHP IV. Tvorba Eshopu 2024 | VITA","isPartOf":{"@id":"https:\/\/www.vita.sk\/#website"},"primaryImageOfPage":{"@id":"https:\/\/www.vita.sk\/online-kurz-php-iv-tvorba-eshopu\/#primaryimage"},"image":{"@id":"https:\/\/www.vita.sk\/online-kurz-php-iv-tvorba-eshopu\/#primaryimage"},"thumbnailUrl":"https:\/\/www.vita.sk\/wp-content\/uploads\/2019\/09\/php.png","datePublished":"2021-06-16T13:34:24+00:00","dateModified":"2024-06-06T11:04:37+00:00","description":"V online kurze PHP Tvorba Eshopu \u0165a nau\u010d\u00edme vytvori\u0165 internetov\u00fd obchod. Bude\u0161 vedie\u0165 ak\u00e9, po\u017eiadavky mus\u00ed\u0161 splni\u0165 a ako napl\u00e1nova\u0165 cel\u00fd proces.","breadcrumb":{"@id":"https:\/\/www.vita.sk\/online-kurz-php-iv-tvorba-eshopu\/#breadcrumb"},"inLanguage":"en-US","potentialAction":[{"@type":"ReadAction","target":["https:\/\/www.vita.sk\/online-kurz-php-iv-tvorba-eshopu\/"]}]},{"@type":"ImageObject","inLanguage":"en-US","@id":"https:\/\/www.vita.sk\/online-kurz-php-iv-tvorba-eshopu\/#primaryimage","url":"https:\/\/www.vita.sk\/wp-content\/uploads\/2019\/09\/php.png","contentUrl":"https:\/\/www.vita.sk\/wp-content\/uploads\/2019\/09\/php.png","width":360,"height":360,"caption":"Online kurz PHP"},{"@type":"BreadcrumbList","@id":"https:\/\/www.vita.sk\/online-kurz-php-iv-tvorba-eshopu\/#breadcrumb","itemListElement":[{"@type":"ListItem","position":1,"name":"VITA Academy","item":"https:\/\/www.vita.sk\/en\/"},{"@type":"ListItem","position":2,"name":"Shop","item":"https:\/\/www.vita.sk\/shop\/"},{"@type":"ListItem","position":3,"name":"Tvorba Web Str\u00e1nok","item":"https:\/\/www.vita.sk\/online-kurzy-tvorba-web-stranok\/"},{"@type":"ListItem","position":4,"name":"PHP","item":"https:\/\/www.vita.sk\/online-kurzy-php\/"},{"@type":"ListItem","position":5,"name":"Online kurz PHP IV. Tvorba Eshopu"}]},{"@type":"WebSite","@id":"https:\/\/www.vita.sk\/#website","url":"https:\/\/www.vita.sk\/","name":"VITA","description":"","publisher":{"@id":"https:\/\/www.vita.sk\/#organization"},"potentialAction":[{"@type":"SearchAction","target":{"@type":"EntryPoint","urlTemplate":"https:\/\/www.vita.sk\/?s={search_term_string}"},"query-input":{"@type":"PropertyValueSpecification","valueRequired":true,"valueName":"search_term_string"}}],"inLanguage":"en-US"},{"email":"admin@vita.sk","logo":"https:\/\/www.vita.sk\/img\/vita_logo.png ","address":{"type":"PostalAddress","streetAddress":"Tom\u00e1\u0161ikova 50\/A","addressLocality":"Bratislava","postalCode":"83104","addressCountry":{"name":"SK","type":"Country"}},"contactPoint":{"type":"ContactPoint","telephone":"+421 907 375\u00a0543","Email":"admin@vita.sk","contactType":"customer service"},"sameAs":["https:\/\/www.facebook.com\/VitaAcademySK\/","https:\/\/www.linkedin.com\/company\/vita-academy\/"]}]}},"acf":[],"_links":{"self":[{"href":"https:\/\/www.vita.sk\/en\/wp-json\/wp\/v2\/product\/1146","targetHints":{"allow":["GET"]}}],"collection":[{"href":"https:\/\/www.vita.sk\/en\/wp-json\/wp\/v2\/product"}],"about":[{"href":"https:\/\/www.vita.sk\/en\/wp-json\/wp\/v2\/types\/product"}],"author":[{"embeddable":true,"href":"https:\/\/www.vita.sk\/en\/wp-json\/wp\/v2\/users\/4"}],"replies":[{"embeddable":true,"href":"https:\/\/www.vita.sk\/en\/wp-json\/wp\/v2\/comments?post=1146"}],"wp:featuredmedia":[{"embeddable":true,"href":"https:\/\/www.vita.sk\/en\/wp-json\/wp\/v2\/media\/1147"}],"wp:attachment":[{"href":"https:\/\/www.vita.sk\/en\/wp-json\/wp\/v2\/media?parent=1146"}],"wp:term":[{"taxonomy":"product_brand","embeddable":true,"href":"https:\/\/www.vita.sk\/en\/wp-json\/wp\/v2\/product_brand?post=1146"},{"taxonomy":"product_cat","embeddable":true,"href":"https:\/\/www.vita.sk\/en\/wp-json\/wp\/v2\/product_cat?post=1146"},{"taxonomy":"product_tag","embeddable":true,"href":"https:\/\/www.vita.sk\/en\/wp-json\/wp\/v2\/product_tag?post=1146"}],"curies":[{"name":"wp","href":"https:\/\/api.w.org\/{rel}","templated":true}]}}