{"id":1153,"date":"2021-07-17T08:23:54","date_gmt":"2021-07-17T06:23:54","guid":{"rendered":"http:\/\/vita.sk.vps324.nameserver.sk\/?post_type=product&#038;p=1153"},"modified":"2026-03-16T19:40:34","modified_gmt":"2026-03-16T18:40:34","slug":"online-kurz-sap-fi-financials-i-zaciatocnik","status":"publish","type":"product","link":"https:\/\/www.vita.sk\/en\/online-kurz-sap-fi-financials-i-zaciatocnik\/","title":{"rendered":"Online kurz SAP FI Financials I. Za\u010diato\u010dn\u00edk"},"content":{"rendered":"<p>Online kurz SAP FI Financials I. Za\u010diato\u010dn\u00edk je pre v\u00e1s ide\u00e1lny, ak sa chcete nau\u010di\u0165 pracova\u0165 s modulom SAP FI (Financial Accounting), ktor\u00fd je k\u013e\u00fa\u010dovou s\u00fa\u010das\u0165ou SAP ERP pre spr\u00e1vu finan\u010dn\u00fdch \u00fadajov v podniku. <strong>Ide o jedin\u00fd akreditovan\u00fd a certifikovan\u00fd kurz na SAP FI na Slovensku.<\/strong>\u00a0Kurz v\u00e1s prevedie z\u00e1kladmi pou\u017e\u00edvania \u00fa\u010dtovn\u00edctva v SAP, pripojen\u00edm k SAP syst\u00e9mu bez potreby in\u0161tal\u00e1cie, nastaven\u00edm SAP ERP, z\u00e1kladn\u00fdmi transakciami a praktick\u00fdmi cvi\u010deniami na modelov\u00fdch scen\u00e1roch. Obozn\u00e1mite sa so SAP GUI, modulmi SAP ERP a z\u00edskate znalosti o hlavnej knihe, faktur\u00e1cii a spr\u00e1ve kme\u0148ov\u00fdch d\u00e1t. Kurz sa za\u010d\u00edna preh\u013eadom SAP FI Financials a vysvetlen\u00edm mo\u017enost\u00ed, ako pou\u017e\u00edva\u0165 SAP ABAP bez in\u0161tal\u00e1cie, \u010do umo\u017e\u0148uje r\u00fdchly \u0161tart bez technick\u00fdch prek\u00e1\u017eok. Po\u010das kurzu si osvoj\u00edte in\u0161tal\u00e1ciu a aktiv\u00e1ciu SAP ERP, konfigur\u00e1ciu SAP GUI a pred\u013a\u017eenie SAP licencie. Dozviete sa, ako efekt\u00edvne tr\u00e9nova\u0165 pr\u00e1cu v SAP pomocou SAP Tutor a ako ho vyu\u017ei\u0165 na simul\u00e1cie pracovn\u00fdch scen\u00e1rov. V \u010fal\u0161ej \u010dasti kurzu sa podrobne obozn\u00e1mite so SAP ERP a jeho modulmi. Zist\u00edte, ak\u00e9 s\u00fa najd\u00f4le\u017eitej\u0161ie transakcie v SAP FI, ako funguje SAP EDI a IDoc, a nau\u010d\u00edte sa pou\u017e\u00edva\u0165 Set Start Transaction. Osvoj\u00edte si praktick\u00e9 zru\u010dnosti v moduloch SAP FI, ktor\u00e9 zah\u0155\u0148aj\u00fa spr\u00e1vu hlavnej knihy, kme\u0148ov\u00fdch \u00fadajov a fakt\u00far. Budete pracova\u0165 s k\u013e\u00fa\u010dov\u00fdmi transakciami SAP FI (FB01 a\u017e FB03), ktor\u00e9 s\u00fa nevyhnutn\u00e9 pre \u00fa\u010dtovn\u00edctvo a finan\u010dn\u00e9 procesy v podnikoch. Kurz v\u00e1m poskytne aj podrobn\u00fd preh\u013ead o tom, ako konfigurova\u0165 SAP GUI a optimalizova\u0165 pracovn\u00e9 prostredie pre efekt\u00edvnej\u0161iu pr\u00e1cu. V z\u00e1vere\u010dnej \u010dasti absolvujete test, ktor\u00fd prever\u00ed va\u0161e nadobudnut\u00e9 znalosti a praktick\u00e9 schopnosti v SAP FI Financials. Kurz je vhodn\u00fd pre za\u010diato\u010dn\u00edkov, ktor\u00ed chc\u00fa z\u00edska\u0165 z\u00e1kladn\u00fa orient\u00e1ciu v SAP FI, ako aj pre t\u00fdch, ktor\u00ed sa pl\u00e1nuj\u00fa venova\u0165 \u00fa\u010dtovn\u00edctvu a financi\u00e1m v SAP ERP. Ak sa chcete skuto\u010dne nau\u010di\u0165 pou\u017e\u00edva\u0165 SAP FI, tak toto je ide\u00e1lny vstupn\u00fd online kurz pre v\u00e1s.<\/p>\n","protected":false},"excerpt":{"rendered":"<p>Online kurz SAP FI Financials I. Za\u010diato\u010dn\u00edk je pre v\u00e1s ide\u00e1lny, ak sa chcete nau\u010di\u0165 pracova\u0165 s modulom SAP FI (Financial Accounting), ktor\u00fd je k\u013e\u00fa\u010dovou s\u00fa\u010das\u0165ou SAP ERP pre spr\u00e1vu finan\u010dn\u00fdch \u00fadajov v podniku. Ide o jedin\u00fd akreditovan\u00fd a certifikovan\u00fd kurz na SAP FI na Slovensku.","protected":false},"author":4,"featured_media":1150,"comment_status":"open","ping_status":"closed","template":"","meta":{"_acf_changed":false},"product_brand":[],"product_cat":[587,169,111,73],"product_tag":[181],"class_list":{"0":"post-1153","1":"product","2":"type-product","3":"status-publish","4":"has-post-thumbnail","6":"product_cat-online-kurzy-financie-uctovnictvo","7":"product_cat-online-kurzy-sap-fi-financials","8":"product_cat-online-kurzy-sap-a-abap","9":"product_cat-bez-kategorie","10":"product_tag-sap-a-abap","12":"first","13":"instock","14":"sale","15":"sold-individually","16":"taxable","17":"shipping-taxable","18":"purchasable","19":"product-type-simple"},"yoast_head":"<!-- This site is optimized with the Yoast SEO Premium plugin v25.0 (Yoast SEO v25.0) - https:\/\/yoast.com\/wordpress\/plugins\/seo\/ -->\n<title>Online kurz SAP FI Financials I. Za\u010diato\u010dn\u00edk 2026 | VITA<\/title>\n<meta name=\"description\" content=\"V online kurze SAP FI Financials pre za\u010diato\u010dn\u00edkov v\u00e1s nau\u010d\u00edme spravova\u0165 financie v module SAP FI v prostred\u00ed SAP ERP. \u2705\" \/>\n<meta name=\"robots\" content=\"index, follow, max-snippet:-1, max-image-preview:large, max-video-preview:-1\" \/>\n<link rel=\"canonical\" href=\"https:\/\/www.vita.sk\/online-kurz-sap-fi-financials-i-zaciatocnik\/\" \/>\n<meta property=\"og:locale\" content=\"en_US\" \/>\n<meta property=\"og:type\" content=\"article\" \/>\n<meta property=\"og:title\" content=\"Online kurz SAP FI Financials I. Za\u010diato\u010dn\u00edk\" \/>\n<meta property=\"og:description\" content=\"V online kurze SAP FI Financials pre za\u010diato\u010dn\u00edkov v\u00e1s nau\u010d\u00edme spravova\u0165 financie v module SAP FI v prostred\u00ed SAP ERP. \u2705\" \/>\n<meta property=\"og:url\" content=\"https:\/\/www.vita.sk\/online-kurz-sap-fi-financials-i-zaciatocnik\/\" \/>\n<meta property=\"og:site_name\" content=\"VITA\" \/>\n<meta property=\"article:publisher\" content=\"https:\/\/www.facebook.com\/VitaAcademySK\" \/>\n<meta property=\"article:modified_time\" content=\"2026-03-16T18:40:34+00:00\" \/>\n<meta property=\"og:image\" content=\"https:\/\/www.vita.sk\/wp-content\/uploads\/2019\/09\/erp-financials.png\" \/>\n\t<meta property=\"og:image:width\" content=\"360\" \/>\n\t<meta property=\"og:image:height\" content=\"360\" \/>\n\t<meta property=\"og:image:type\" content=\"image\/png\" \/>\n<meta name=\"twitter:card\" content=\"summary_large_image\" \/>\n<meta name=\"twitter:label1\" content=\"Est. reading time\" \/>\n\t<meta name=\"twitter:data1\" content=\"2 minutes\" \/>\n<script type=\"application\/ld+json\" class=\"yoast-schema-graph\">{\n\t    \"@context\": \"https:\/\/schema.org\",\n\t    \"@graph\": [\n\t        {\n\t            \"@type\": \"WebPage\",\n\t            \"@id\": \"https:\/\/www.vita.sk\/online-kurz-sap-fi-financials-i-zaciatocnik\/\",\n\t            \"url\": \"https:\/\/www.vita.sk\/online-kurz-sap-fi-financials-i-zaciatocnik\/\",\n\t            \"name\": \"Online kurz SAP FI Financials I. Za\u010diato\u010dn\u00edk {Y} | VITA\",\n\t            \"isPartOf\": {\n\t                \"@id\": \"https:\/\/www.vita.sk\/#website\"\n\t            },\n\t            \"primaryImageOfPage\": {\n\t                \"@id\": \"https:\/\/www.vita.sk\/online-kurz-sap-fi-financials-i-zaciatocnik\/#primaryimage\"\n\t            },\n\t            \"image\": {\n\t                \"@id\": \"https:\/\/www.vita.sk\/online-kurz-sap-fi-financials-i-zaciatocnik\/#primaryimage\"\n\t            },\n\t            \"thumbnailUrl\": \"https:\/\/www.vita.sk\/wp-content\/uploads\/2019\/09\/erp-financials.png\",\n\t            \"datePublished\": \"2021-07-17T06:23:54+00:00\",\n\t            \"dateModified\": \"2026-03-16T18:40:34+00:00\",\n\t            \"description\": \"V online kurze SAP FI Financials pre za\u010diato\u010dn\u00edkov v\u00e1s nau\u010d\u00edme spravova\u0165 financie v module SAP FI v prostred\u00ed SAP ERP. \u2705\",\n\t            \"breadcrumb\": {\n\t                \"@id\": \"https:\/\/www.vita.sk\/online-kurz-sap-fi-financials-i-zaciatocnik\/#breadcrumb\"\n\t            },\n\t            \"inLanguage\": \"en-US\",\n\t            \"potentialAction\": [\n\t                {\n\t                    \"@type\": \"ReadAction\",\n\t                    \"target\": [\n\t                        \"https:\/\/www.vita.sk\/online-kurz-sap-fi-financials-i-zaciatocnik\/\"\n\t                    ]\n\t                }\n\t            ]\n\t        },\n\t        {\n\t            \"@type\": \"ImageObject\",\n\t            \"inLanguage\": \"en-US\",\n\t            \"@id\": \"https:\/\/www.vita.sk\/online-kurz-sap-fi-financials-i-zaciatocnik\/#primaryimage\",\n\t            \"url\": \"https:\/\/www.vita.sk\/wp-content\/uploads\/2019\/09\/erp-financials.png\",\n\t            \"contentUrl\": \"https:\/\/www.vita.sk\/wp-content\/uploads\/2019\/09\/erp-financials.png\",\n\t            \"width\": 360,\n\t            \"height\": 360,\n\t            \"caption\": \"Online kurz ERP Financials\"\n\t        },\n\t        {\n\t            \"@type\": \"BreadcrumbList\",\n\t            \"@id\": \"https:\/\/www.vita.sk\/online-kurz-sap-fi-financials-i-zaciatocnik\/#breadcrumb\",\n\t            \"itemListElement\": [\n\t                {\n\t                    \"@type\": \"ListItem\",\n\t                    \"position\": 1,\n\t                    \"name\": \"VITA Academy\",\n\t                    \"item\": \"https:\/\/www.vita.sk\/en\/\"\n\t                },\n\t                {\n\t                    \"@type\": \"ListItem\",\n\t                    \"position\": 2,\n\t                    \"name\": \"Shop\",\n\t                    \"item\": \"https:\/\/www.vita.sk\/shop\/\"\n\t                },\n\t                {\n\t                    \"@type\": \"ListItem\",\n\t                    \"position\": 3,\n\t                    \"name\": \"SAP a ABAP\",\n\t                    \"item\": \"https:\/\/www.vita.sk\/online-kurzy-sap-a-abap\/\"\n\t                },\n\t                {\n\t                    \"@type\": \"ListItem\",\n\t                    \"position\": 4,\n\t                    \"name\": \"SAP FI Financials\",\n\t                    \"item\": \"https:\/\/www.vita.sk\/online-kurzy-sap-fi-financials\/\"\n\t                },\n\t                {\n\t                    \"@type\": \"ListItem\",\n\t                    \"position\": 5,\n\t                    \"name\": \"Online kurz SAP FI Financials I. Za\u010diato\u010dn\u00edk\"\n\t                }\n\t            ]\n\t        },\n\t        {\n\t            \"@type\": \"WebSite\",\n\t            \"@id\": \"https:\/\/www.vita.sk\/#website\",\n\t            \"url\": \"https:\/\/www.vita.sk\/\",\n\t            \"name\": \"VITA\",\n\t            \"description\": \"\",\n\t            \"publisher\": {\n\t                \"@id\": \"https:\/\/www.vita.sk\/#organization\"\n\t            },\n\t            \"potentialAction\": [\n\t                {\n\t                    \"@type\": \"SearchAction\",\n\t                    \"target\": {\n\t                        \"@type\": \"EntryPoint\",\n\t                        \"urlTemplate\": \"https:\/\/www.vita.sk\/?s={search_term_string}\"\n\t                    },\n\t                    \"query-input\": {\n\t                        \"@type\": \"PropertyValueSpecification\",\n\t                        \"valueRequired\": true,\n\t                        \"valueName\": \"search_term_string\"\n\t                    }\n\t                }\n\t            ],\n\t            \"inLanguage\": \"en-US\"\n\t        },\n\t        {\n\t            \"email\": \"admin@vita.sk\",\n\t            \"logo\": \"https:\/\/www.vita.sk\/img\/vita_logo.png \",\n\t            \"address\": {\n\t                \"type\": \"PostalAddress\",\n\t                \"streetAddress\": \"Tom\u00e1\u0161ikova 50\/A\",\n\t                \"addressLocality\": \"Bratislava\",\n\t                \"postalCode\": \"83104\",\n\t                \"addressCountry\": {\n\t                    \"name\": \"SK\",\n\t                    \"type\": \"Country\"\n\t                }\n\t            },\n\t            \"contactPoint\": {\n\t                \"type\": \"ContactPoint\",\n\t                \"telephone\": \"+421 907 375\u00a0543\",\n\t                \"Email\": \"admin@vita.sk\",\n\t                \"contactType\": \"customer service\"\n\t            },\n\t            \"sameAs\": [\n\t                \"https:\/\/www.facebook.com\/VitaAcademySK\/\",\n\t                \"https:\/\/www.linkedin.com\/company\/vita-academy\/\"\n\t            ]\n\t        }\n\t    ]\n\t}<\/script>\n<!-- \/ Yoast SEO Premium plugin. -->","yoast_head_json":{"title":"Online kurz SAP FI Financials I. Za\u010diato\u010dn\u00edk 2026 | VITA","description":"V online kurze SAP FI Financials pre za\u010diato\u010dn\u00edkov v\u00e1s nau\u010d\u00edme spravova\u0165 financie v module SAP FI v prostred\u00ed SAP ERP. \u2705","robots":{"index":"index","follow":"follow","max-snippet":"max-snippet:-1","max-image-preview":"max-image-preview:large","max-video-preview":"max-video-preview:-1"},"canonical":"https:\/\/www.vita.sk\/online-kurz-sap-fi-financials-i-zaciatocnik\/","og_locale":"en_US","og_type":"article","og_title":"Online kurz SAP FI Financials I. Za\u010diato\u010dn\u00edk","og_description":"V online kurze SAP FI Financials pre za\u010diato\u010dn\u00edkov v\u00e1s nau\u010d\u00edme spravova\u0165 financie v module SAP FI v prostred\u00ed SAP ERP. \u2705","og_url":"https:\/\/www.vita.sk\/online-kurz-sap-fi-financials-i-zaciatocnik\/","og_site_name":"VITA","article_publisher":"https:\/\/www.facebook.com\/VitaAcademySK","article_modified_time":"2026-03-16T18:40:34+00:00","og_image":[{"width":360,"height":360,"url":"https:\/\/www.vita.sk\/wp-content\/uploads\/2019\/09\/erp-financials.png","type":"image\/png"}],"twitter_card":"summary_large_image","twitter_misc":{"Est. reading time":"2 minutes"},"schema":{"@context":"https:\/\/schema.org","@graph":[{"@type":"WebPage","@id":"https:\/\/www.vita.sk\/online-kurz-sap-fi-financials-i-zaciatocnik\/","url":"https:\/\/www.vita.sk\/online-kurz-sap-fi-financials-i-zaciatocnik\/","name":"Online kurz SAP FI Financials I. Za\u010diato\u010dn\u00edk {Y} | VITA","isPartOf":{"@id":"https:\/\/www.vita.sk\/#website"},"primaryImageOfPage":{"@id":"https:\/\/www.vita.sk\/online-kurz-sap-fi-financials-i-zaciatocnik\/#primaryimage"},"image":{"@id":"https:\/\/www.vita.sk\/online-kurz-sap-fi-financials-i-zaciatocnik\/#primaryimage"},"thumbnailUrl":"https:\/\/www.vita.sk\/wp-content\/uploads\/2019\/09\/erp-financials.png","datePublished":"2021-07-17T06:23:54+00:00","dateModified":"2026-03-16T18:40:34+00:00","description":"V online kurze SAP FI Financials pre za\u010diato\u010dn\u00edkov v\u00e1s nau\u010d\u00edme spravova\u0165 financie v module SAP FI v prostred\u00ed SAP ERP. \u2705","breadcrumb":{"@id":"https:\/\/www.vita.sk\/online-kurz-sap-fi-financials-i-zaciatocnik\/#breadcrumb"},"inLanguage":"en-US","potentialAction":[{"@type":"ReadAction","target":["https:\/\/www.vita.sk\/online-kurz-sap-fi-financials-i-zaciatocnik\/"]}]},{"@type":"ImageObject","inLanguage":"en-US","@id":"https:\/\/www.vita.sk\/online-kurz-sap-fi-financials-i-zaciatocnik\/#primaryimage","url":"https:\/\/www.vita.sk\/wp-content\/uploads\/2019\/09\/erp-financials.png","contentUrl":"https:\/\/www.vita.sk\/wp-content\/uploads\/2019\/09\/erp-financials.png","width":360,"height":360,"caption":"Online kurz ERP Financials"},{"@type":"BreadcrumbList","@id":"https:\/\/www.vita.sk\/online-kurz-sap-fi-financials-i-zaciatocnik\/#breadcrumb","itemListElement":[{"@type":"ListItem","position":1,"name":"VITA Academy","item":"https:\/\/www.vita.sk\/en\/"},{"@type":"ListItem","position":2,"name":"Shop","item":"https:\/\/www.vita.sk\/shop\/"},{"@type":"ListItem","position":3,"name":"SAP a ABAP","item":"https:\/\/www.vita.sk\/online-kurzy-sap-a-abap\/"},{"@type":"ListItem","position":4,"name":"SAP FI Financials","item":"https:\/\/www.vita.sk\/online-kurzy-sap-fi-financials\/"},{"@type":"ListItem","position":5,"name":"Online kurz SAP FI Financials I. Za\u010diato\u010dn\u00edk"}]},{"@type":"WebSite","@id":"https:\/\/www.vita.sk\/#website","url":"https:\/\/www.vita.sk\/","name":"VITA","description":"","publisher":{"@id":"https:\/\/www.vita.sk\/#organization"},"potentialAction":[{"@type":"SearchAction","target":{"@type":"EntryPoint","urlTemplate":"https:\/\/www.vita.sk\/?s={search_term_string}"},"query-input":{"@type":"PropertyValueSpecification","valueRequired":true,"valueName":"search_term_string"}}],"inLanguage":"en-US"},{"email":"admin@vita.sk","logo":"https:\/\/www.vita.sk\/img\/vita_logo.png ","address":{"type":"PostalAddress","streetAddress":"Tom\u00e1\u0161ikova 50\/A","addressLocality":"Bratislava","postalCode":"83104","addressCountry":{"name":"SK","type":"Country"}},"contactPoint":{"type":"ContactPoint","telephone":"+421 907 375\u00a0543","Email":"admin@vita.sk","contactType":"customer service"},"sameAs":["https:\/\/www.facebook.com\/VitaAcademySK\/","https:\/\/www.linkedin.com\/company\/vita-academy\/"]}]}},"acf":[],"_links":{"self":[{"href":"https:\/\/www.vita.sk\/en\/wp-json\/wp\/v2\/product\/1153","targetHints":{"allow":["GET"]}}],"collection":[{"href":"https:\/\/www.vita.sk\/en\/wp-json\/wp\/v2\/product"}],"about":[{"href":"https:\/\/www.vita.sk\/en\/wp-json\/wp\/v2\/types\/product"}],"author":[{"embeddable":true,"href":"https:\/\/www.vita.sk\/en\/wp-json\/wp\/v2\/users\/4"}],"replies":[{"embeddable":true,"href":"https:\/\/www.vita.sk\/en\/wp-json\/wp\/v2\/comments?post=1153"}],"wp:featuredmedia":[{"embeddable":true,"href":"https:\/\/www.vita.sk\/en\/wp-json\/wp\/v2\/media\/1150"}],"wp:attachment":[{"href":"https:\/\/www.vita.sk\/en\/wp-json\/wp\/v2\/media?parent=1153"}],"wp:term":[{"taxonomy":"product_brand","embeddable":true,"href":"https:\/\/www.vita.sk\/en\/wp-json\/wp\/v2\/product_brand?post=1153"},{"taxonomy":"product_cat","embeddable":true,"href":"https:\/\/www.vita.sk\/en\/wp-json\/wp\/v2\/product_cat?post=1153"},{"taxonomy":"product_tag","embeddable":true,"href":"https:\/\/www.vita.sk\/en\/wp-json\/wp\/v2\/product_tag?post=1153"}],"curies":[{"name":"wp","href":"https:\/\/api.w.org\/{rel}","templated":true}]}}