{"id":1178,"date":"2021-09-24T13:13:39","date_gmt":"2021-09-24T11:13:39","guid":{"rendered":"http:\/\/vita.sk.vps324.nameserver.sk\/?post_type=product&#038;p=1178"},"modified":"2024-06-05T14:21:56","modified_gmt":"2024-06-05T12:21:56","slug":"online-kurz-microsoft-power-apps","status":"publish","type":"product","link":"https:\/\/www.vita.sk\/en\/online-kurz-microsoft-power-apps\/","title":{"rendered":"Online kurz Microsoft Power Apps"},"content":{"rendered":"<p>Online kurz Microsoft Power Apps je pre V\u00e1s vhodn\u00fd ak sa chcete nau\u010di\u0165 r\u00fdchlu tvorbu firemn\u00fdch aplik\u00e1ci\u00ed bez programovania. <strong>Ide o jedin\u00fd akreditovan\u00fd a certifikovan\u00fd kurz na Microsoft Power Apps na Slovensku. <\/strong>Nau\u010d\u00edme V\u00e1s vytv\u00e1ra\u0165 modern\u00e9 firemn\u00e9 aplik\u00e1cie bez programovania, pomocou cloudovej slu\u017eby Microsoft Power Apps. Uk\u00e1\u017eeme si, ako viete za p\u00e1r min\u00fat vytvori\u0165 jednoduch\u0161ie aplik\u00e1cie, ktor\u00e9 sa daj\u00fa pou\u017ei\u0165 na evidenciu a spr\u00e1vu r\u00f4znych \u010dinnost\u00ed. Tak\u00e9to aplik\u00e1cie funguj\u00fa rovnako na po\u010d\u00edta\u010doch, tabletoch aj smartf\u00f3noch. Uk\u00e1\u017eeme si, ako sa viete napoji\u0165 na \u013eubovo\u013en\u00e9 d\u00e1ta, zobrazova\u0165 a upravova\u0165 v interakt\u00edvnych formul\u00e1roch. Kontrolu spr\u00e1vnosti d\u00e1t a ako to cel\u00e9 integrova\u0165 s ostatn\u00fdmi platformami ako SharePoint, Office 365 \u010di OneDrive. Ak sa chcete skuto\u010dne nau\u010di\u0165 pou\u017e\u00edva\u0165 Microsoft Power Apps, tak toto je ide\u00e1lny online kurz pre v\u00e1s.<\/p>\n","protected":false},"excerpt":{"rendered":"<p>Online kurz Microsoft Power Apps je pre V\u00e1s vhodn\u00fd ak sa chcete nau\u010di\u0165 r\u00fdchlu tvorbu firemn\u00fdch aplik\u00e1ci\u00ed bez programovania. Ide o jedin\u00fd akreditovan\u00fd a certifikovan\u00fd kurz na Microsoft Power Apps na Slovensku. Nau\u010d\u00edme V\u00e1s vytv\u00e1ra\u0165 modern\u00e9 firemn\u00e9 aplik\u00e1cie bez programovania, pomocou cloudovej slu\u017eby Microsoft Power Apps.","protected":false},"author":4,"featured_media":1207,"comment_status":"open","ping_status":"closed","template":"","meta":{"_acf_changed":false},"product_brand":[],"product_cat":[99,73,172],"product_tag":[189],"class_list":{"0":"post-1178","1":"product","2":"type-product","3":"status-publish","4":"has-post-thumbnail","6":"product_cat-online-kurzy-programovacie-jazyky","7":"product_cat-bez-kategorie","8":"product_cat-online-kurzy-microsoft-powerapps","9":"product_tag-programovacie-jazyky","11":"first","12":"instock","13":"sale","14":"sold-individually","15":"taxable","16":"shipping-taxable","17":"purchasable","18":"product-type-simple"},"yoast_head":"<!-- This site is optimized with the Yoast SEO Premium plugin v25.0 (Yoast SEO v25.0) - https:\/\/yoast.com\/wordpress\/plugins\/seo\/ -->\n<title>Online kurz Microsoft Power Apps  | VITA<\/title>\n<meta name=\"description\" content=\"V online kurze Microsoft Power Apps sa nau\u010d\u00ed\u0161 vytv\u00e1ra\u0165 modern\u00e9 firemn\u00e9 aplik\u00e1cie bez programovania, pomocou cloudovej slu\u017eby Microsoft Power Apps.\" \/>\n<meta name=\"robots\" content=\"index, follow, max-snippet:-1, max-image-preview:large, max-video-preview:-1\" \/>\n<link rel=\"canonical\" href=\"https:\/\/www.vita.sk\/online-kurz-microsoft-power-apps\/\" \/>\n<meta property=\"og:locale\" content=\"en_US\" \/>\n<meta property=\"og:type\" content=\"article\" \/>\n<meta property=\"og:title\" content=\"Online kurz Microsoft Power Apps\" \/>\n<meta property=\"og:description\" content=\"V online kurze Microsoft Power Apps sa nau\u010d\u00ed\u0161 vytv\u00e1ra\u0165 modern\u00e9 firemn\u00e9 aplik\u00e1cie bez programovania, pomocou cloudovej slu\u017eby Microsoft Power Apps.\" \/>\n<meta property=\"og:url\" content=\"https:\/\/www.vita.sk\/online-kurz-microsoft-power-apps\/\" \/>\n<meta property=\"og:site_name\" content=\"VITA\" \/>\n<meta property=\"article:publisher\" content=\"https:\/\/www.facebook.com\/VitaAcademySK\" \/>\n<meta property=\"article:modified_time\" content=\"2024-06-05T12:21:56+00:00\" \/>\n<meta property=\"og:image\" content=\"https:\/\/www.vita.sk\/wp-content\/uploads\/2019\/09\/Kurz_Microsoft_Power_Apps.png\" \/>\n\t<meta property=\"og:image:width\" content=\"165\" \/>\n\t<meta property=\"og:image:height\" content=\"164\" \/>\n\t<meta property=\"og:image:type\" content=\"image\/png\" \/>\n<meta name=\"twitter:card\" content=\"summary_large_image\" \/>\n<meta name=\"twitter:label1\" content=\"Est. reading time\" \/>\n\t<meta name=\"twitter:data1\" content=\"1 minute\" \/>\n<script type=\"application\/ld+json\" class=\"yoast-schema-graph\">{\n\t    \"@context\": \"https:\/\/schema.org\",\n\t    \"@graph\": [\n\t        {\n\t            \"@type\": \"WebPage\",\n\t            \"@id\": \"https:\/\/www.vita.sk\/online-kurz-microsoft-power-apps\/\",\n\t            \"url\": \"https:\/\/www.vita.sk\/online-kurz-microsoft-power-apps\/\",\n\t            \"name\": \"Online kurz Microsoft Power Apps 2023 | VITA\",\n\t            \"isPartOf\": {\n\t                \"@id\": \"https:\/\/www.vita.sk\/#website\"\n\t            },\n\t            \"primaryImageOfPage\": {\n\t                \"@id\": \"https:\/\/www.vita.sk\/online-kurz-microsoft-power-apps\/#primaryimage\"\n\t            },\n\t            \"image\": {\n\t                \"@id\": \"https:\/\/www.vita.sk\/online-kurz-microsoft-power-apps\/#primaryimage\"\n\t            },\n\t            \"thumbnailUrl\": \"https:\/\/www.vita.sk\/wp-content\/uploads\/2019\/09\/Kurz_Microsoft_Power_Apps.png\",\n\t            \"datePublished\": \"2021-09-24T11:13:39+00:00\",\n\t            \"dateModified\": \"2024-06-05T12:21:56+00:00\",\n\t            \"description\": \"V online kurze Microsoft Power Apps sa nau\u010d\u00ed\u0161 vytv\u00e1ra\u0165 modern\u00e9 firemn\u00e9 aplik\u00e1cie bez programovania, pomocou cloudovej slu\u017eby Microsoft Power Apps.\",\n\t            \"breadcrumb\": {\n\t                \"@id\": \"https:\/\/www.vita.sk\/online-kurz-microsoft-power-apps\/#breadcrumb\"\n\t            },\n\t            \"inLanguage\": \"en-US\",\n\t            \"potentialAction\": [\n\t                {\n\t                    \"@type\": \"ReadAction\",\n\t                    \"target\": [\n\t                        \"https:\/\/www.vita.sk\/online-kurz-microsoft-power-apps\/\"\n\t                    ]\n\t                }\n\t            ]\n\t        },\n\t        {\n\t            \"@type\": \"ImageObject\",\n\t            \"inLanguage\": \"en-US\",\n\t            \"@id\": \"https:\/\/www.vita.sk\/online-kurz-microsoft-power-apps\/#primaryimage\",\n\t            \"url\": \"https:\/\/www.vita.sk\/wp-content\/uploads\/2019\/09\/Kurz_Microsoft_Power_Apps.png\",\n\t            \"contentUrl\": \"https:\/\/www.vita.sk\/wp-content\/uploads\/2019\/09\/Kurz_Microsoft_Power_Apps.png\",\n\t            \"width\": 165,\n\t            \"height\": 164,\n\t            \"caption\": \"online kurz Microsoft PowerApps\"\n\t        },\n\t        {\n\t            \"@type\": \"BreadcrumbList\",\n\t            \"@id\": \"https:\/\/www.vita.sk\/online-kurz-microsoft-power-apps\/#breadcrumb\",\n\t            \"itemListElement\": [\n\t                {\n\t                    \"@type\": \"ListItem\",\n\t                    \"position\": 1,\n\t                    \"name\": \"VITA Academy\",\n\t                    \"item\": \"https:\/\/www.vita.sk\/en\/\"\n\t                },\n\t                {\n\t                    \"@type\": \"ListItem\",\n\t                    \"position\": 2,\n\t                    \"name\": \"Shop\",\n\t                    \"item\": \"https:\/\/www.vita.sk\/shop\/\"\n\t                },\n\t                {\n\t                    \"@type\": \"ListItem\",\n\t                    \"position\": 3,\n\t                    \"name\": \"Programovacie Jazyky\",\n\t                    \"item\": \"https:\/\/www.vita.sk\/online-kurzy-programovacie-jazyky\/\"\n\t                },\n\t                {\n\t                    \"@type\": \"ListItem\",\n\t                    \"position\": 4,\n\t                    \"name\": \"Microsoft PowerApps\",\n\t                    \"item\": \"https:\/\/www.vita.sk\/online-kurzy-microsoft-powerapps\/\"\n\t                },\n\t                {\n\t                    \"@type\": \"ListItem\",\n\t                    \"position\": 5,\n\t                    \"name\": \"Online kurz Microsoft Power Apps\"\n\t                }\n\t            ]\n\t        },\n\t        {\n\t            \"@type\": \"WebSite\",\n\t            \"@id\": \"https:\/\/www.vita.sk\/#website\",\n\t            \"url\": \"https:\/\/www.vita.sk\/\",\n\t            \"name\": \"VITA\",\n\t            \"description\": \"\",\n\t            \"publisher\": {\n\t                \"@id\": \"https:\/\/www.vita.sk\/#organization\"\n\t            },\n\t            \"potentialAction\": [\n\t                {\n\t                    \"@type\": \"SearchAction\",\n\t                    \"target\": {\n\t                        \"@type\": \"EntryPoint\",\n\t                        \"urlTemplate\": \"https:\/\/www.vita.sk\/?s={search_term_string}\"\n\t                    },\n\t                    \"query-input\": {\n\t                        \"@type\": \"PropertyValueSpecification\",\n\t                        \"valueRequired\": true,\n\t                        \"valueName\": \"search_term_string\"\n\t                    }\n\t                }\n\t            ],\n\t            \"inLanguage\": \"en-US\"\n\t        },\n\t        {\n\t            \"email\": \"admin@vita.sk\",\n\t            \"logo\": \"https:\/\/www.vita.sk\/img\/vita_logo.png \",\n\t            \"address\": {\n\t                \"type\": \"PostalAddress\",\n\t                \"streetAddress\": \"Tom\u00e1\u0161ikova 50\/A\",\n\t                \"addressLocality\": \"Bratislava\",\n\t                \"postalCode\": \"83104\",\n\t                \"addressCountry\": {\n\t                    \"name\": \"SK\",\n\t                    \"type\": \"Country\"\n\t                }\n\t            },\n\t            \"contactPoint\": {\n\t                \"type\": \"ContactPoint\",\n\t                \"telephone\": \"+421 907 375\u00a0543\",\n\t                \"Email\": \"admin@vita.sk\",\n\t                \"contactType\": \"customer service\"\n\t            },\n\t            \"sameAs\": [\n\t                \"https:\/\/www.facebook.com\/VitaAcademySK\/\",\n\t                \"https:\/\/www.linkedin.com\/company\/vita-academy\/\"\n\t            ]\n\t        }\n\t    ]\n\t}<\/script>\n<!-- \/ Yoast SEO Premium plugin. -->","yoast_head_json":{"title":"Online kurz Microsoft Power Apps  | VITA","description":"V online kurze Microsoft Power Apps sa nau\u010d\u00ed\u0161 vytv\u00e1ra\u0165 modern\u00e9 firemn\u00e9 aplik\u00e1cie bez programovania, pomocou cloudovej slu\u017eby Microsoft Power Apps.","robots":{"index":"index","follow":"follow","max-snippet":"max-snippet:-1","max-image-preview":"max-image-preview:large","max-video-preview":"max-video-preview:-1"},"canonical":"https:\/\/www.vita.sk\/online-kurz-microsoft-power-apps\/","og_locale":"en_US","og_type":"article","og_title":"Online kurz Microsoft Power Apps","og_description":"V online kurze Microsoft Power Apps sa nau\u010d\u00ed\u0161 vytv\u00e1ra\u0165 modern\u00e9 firemn\u00e9 aplik\u00e1cie bez programovania, pomocou cloudovej slu\u017eby Microsoft Power Apps.","og_url":"https:\/\/www.vita.sk\/online-kurz-microsoft-power-apps\/","og_site_name":"VITA","article_publisher":"https:\/\/www.facebook.com\/VitaAcademySK","article_modified_time":"2024-06-05T12:21:56+00:00","og_image":[{"width":165,"height":164,"url":"https:\/\/www.vita.sk\/wp-content\/uploads\/2019\/09\/Kurz_Microsoft_Power_Apps.png","type":"image\/png"}],"twitter_card":"summary_large_image","twitter_misc":{"Est. reading time":"1 minute"},"schema":{"@context":"https:\/\/schema.org","@graph":[{"@type":"WebPage","@id":"https:\/\/www.vita.sk\/online-kurz-microsoft-power-apps\/","url":"https:\/\/www.vita.sk\/online-kurz-microsoft-power-apps\/","name":"Online kurz Microsoft Power Apps 2023 | VITA","isPartOf":{"@id":"https:\/\/www.vita.sk\/#website"},"primaryImageOfPage":{"@id":"https:\/\/www.vita.sk\/online-kurz-microsoft-power-apps\/#primaryimage"},"image":{"@id":"https:\/\/www.vita.sk\/online-kurz-microsoft-power-apps\/#primaryimage"},"thumbnailUrl":"https:\/\/www.vita.sk\/wp-content\/uploads\/2019\/09\/Kurz_Microsoft_Power_Apps.png","datePublished":"2021-09-24T11:13:39+00:00","dateModified":"2024-06-05T12:21:56+00:00","description":"V online kurze Microsoft Power Apps sa nau\u010d\u00ed\u0161 vytv\u00e1ra\u0165 modern\u00e9 firemn\u00e9 aplik\u00e1cie bez programovania, pomocou cloudovej slu\u017eby Microsoft Power Apps.","breadcrumb":{"@id":"https:\/\/www.vita.sk\/online-kurz-microsoft-power-apps\/#breadcrumb"},"inLanguage":"en-US","potentialAction":[{"@type":"ReadAction","target":["https:\/\/www.vita.sk\/online-kurz-microsoft-power-apps\/"]}]},{"@type":"ImageObject","inLanguage":"en-US","@id":"https:\/\/www.vita.sk\/online-kurz-microsoft-power-apps\/#primaryimage","url":"https:\/\/www.vita.sk\/wp-content\/uploads\/2019\/09\/Kurz_Microsoft_Power_Apps.png","contentUrl":"https:\/\/www.vita.sk\/wp-content\/uploads\/2019\/09\/Kurz_Microsoft_Power_Apps.png","width":165,"height":164,"caption":"online kurz Microsoft PowerApps"},{"@type":"BreadcrumbList","@id":"https:\/\/www.vita.sk\/online-kurz-microsoft-power-apps\/#breadcrumb","itemListElement":[{"@type":"ListItem","position":1,"name":"VITA Academy","item":"https:\/\/www.vita.sk\/en\/"},{"@type":"ListItem","position":2,"name":"Shop","item":"https:\/\/www.vita.sk\/shop\/"},{"@type":"ListItem","position":3,"name":"Programovacie Jazyky","item":"https:\/\/www.vita.sk\/online-kurzy-programovacie-jazyky\/"},{"@type":"ListItem","position":4,"name":"Microsoft PowerApps","item":"https:\/\/www.vita.sk\/online-kurzy-microsoft-powerapps\/"},{"@type":"ListItem","position":5,"name":"Online kurz Microsoft Power Apps"}]},{"@type":"WebSite","@id":"https:\/\/www.vita.sk\/#website","url":"https:\/\/www.vita.sk\/","name":"VITA","description":"","publisher":{"@id":"https:\/\/www.vita.sk\/#organization"},"potentialAction":[{"@type":"SearchAction","target":{"@type":"EntryPoint","urlTemplate":"https:\/\/www.vita.sk\/?s={search_term_string}"},"query-input":{"@type":"PropertyValueSpecification","valueRequired":true,"valueName":"search_term_string"}}],"inLanguage":"en-US"},{"email":"admin@vita.sk","logo":"https:\/\/www.vita.sk\/img\/vita_logo.png ","address":{"type":"PostalAddress","streetAddress":"Tom\u00e1\u0161ikova 50\/A","addressLocality":"Bratislava","postalCode":"83104","addressCountry":{"name":"SK","type":"Country"}},"contactPoint":{"type":"ContactPoint","telephone":"+421 907 375\u00a0543","Email":"admin@vita.sk","contactType":"customer service"},"sameAs":["https:\/\/www.facebook.com\/VitaAcademySK\/","https:\/\/www.linkedin.com\/company\/vita-academy\/"]}]}},"acf":[],"_links":{"self":[{"href":"https:\/\/www.vita.sk\/en\/wp-json\/wp\/v2\/product\/1178","targetHints":{"allow":["GET"]}}],"collection":[{"href":"https:\/\/www.vita.sk\/en\/wp-json\/wp\/v2\/product"}],"about":[{"href":"https:\/\/www.vita.sk\/en\/wp-json\/wp\/v2\/types\/product"}],"author":[{"embeddable":true,"href":"https:\/\/www.vita.sk\/en\/wp-json\/wp\/v2\/users\/4"}],"replies":[{"embeddable":true,"href":"https:\/\/www.vita.sk\/en\/wp-json\/wp\/v2\/comments?post=1178"}],"wp:featuredmedia":[{"embeddable":true,"href":"https:\/\/www.vita.sk\/en\/wp-json\/wp\/v2\/media\/1207"}],"wp:attachment":[{"href":"https:\/\/www.vita.sk\/en\/wp-json\/wp\/v2\/media?parent=1178"}],"wp:term":[{"taxonomy":"product_brand","embeddable":true,"href":"https:\/\/www.vita.sk\/en\/wp-json\/wp\/v2\/product_brand?post=1178"},{"taxonomy":"product_cat","embeddable":true,"href":"https:\/\/www.vita.sk\/en\/wp-json\/wp\/v2\/product_cat?post=1178"},{"taxonomy":"product_tag","embeddable":true,"href":"https:\/\/www.vita.sk\/en\/wp-json\/wp\/v2\/product_tag?post=1178"}],"curies":[{"name":"wp","href":"https:\/\/api.w.org\/{rel}","templated":true}]}}