{"id":1198,"date":"2021-09-26T10:28:21","date_gmt":"2021-09-26T08:28:21","guid":{"rendered":"http:\/\/vita.sk.vps324.nameserver.sk\/?post_type=product&#038;p=1198"},"modified":"2025-06-19T10:34:58","modified_gmt":"2025-06-19T08:34:58","slug":"online-kurz-prince2-foundation","status":"publish","type":"product","link":"https:\/\/www.vita.sk\/en\/online-kurz-prince2-foundation\/","title":{"rendered":"Online kurz PRINCE2 Foundation"},"content":{"rendered":"<p>Online kurz PRINCE2 Foundation je pre v\u00e1s ide\u00e1lny, ak sa chcete nau\u010di\u0165 efekt\u00edvne pl\u00e1nova\u0165, riadi\u0165 a ukon\u010di\u0165 projekty pod\u013ea najroz\u0161\u00edrenej\u0161ej metodiky projektov\u00e9ho riadenia na svete. <strong>Ide o akreditovan\u00fd a certifikovan\u00fd online kurz PRINCE2.<\/strong> Kurz v\u00e1s prevedie v\u0161etk\u00fdmi k\u013e\u00fa\u010dov\u00fdmi oblas\u0165ami projektov\u00e9ho mana\u017ementu pod\u013ea metodiky PRINCE2. Najsk\u00f4r sa obozn\u00e1mite so z\u00e1kladn\u00fdmi princ\u00edpmi PRINCE2, ako aj s rozdielmi medzi tradi\u010dn\u00fdm projektov\u00fdm riaden\u00edm a procesne orientovan\u00fdm pr\u00edstupom. Nau\u010d\u00edte sa, \u010do je to projekt, ak\u00e9 s\u00fa d\u00f4vody zlyh\u00e1vania projektov, a ak\u00e9 rizik\u00e1 je potrebn\u00e9 predv\u00edda\u0165. D\u00f4le\u017eitou s\u00fa\u010das\u0165ou kurzu je praktick\u00e9 vysvetlenie procesn\u00e9ho modelu PRINCE2, ktor\u00fd pokr\u00fdva cel\u00fd \u017eivotn\u00fd cyklus projektu. Osvoj\u00edte si pl\u00e1novanie predprojektovej f\u00e1zy vr\u00e1tane stanovenia cie\u013eov a zodpovednost\u00ed, a postupne prejdete a\u017e k strategick\u00e9mu riadeniu a samotnej inici\u00e1cii projektu. Ve\u013ek\u00fd d\u00f4raz sa kladie na spr\u00e1vne navrhnutie organiza\u010dnej \u0161trukt\u00fary a d\u00f4sledn\u00e9 zd\u00f4vodnenie projektu. V r\u00e1mci tematick\u00fdch oblast\u00ed sa nau\u010d\u00edte, ako riadi\u0165 kvalitu projektov\u00fdch v\u00fdstupov, ako vytvori\u0165 register kvality, ako identifikova\u0165 a vyhodnocova\u0165 rizik\u00e1 a ako s nimi efekt\u00edvne pracova\u0165 po\u010das cel\u00e9ho trvania projektu. V praktickej \u010dasti sa s\u00fastred\u00edte na riadenie jednotliv\u00fdch et\u00e1p projektu, odovzdanie v\u00fdsledn\u00fdch produktov, ako aj riadenie prechodov medzi f\u00e1zami. Kurz v\u00e1s nau\u010d\u00ed, ako zabezpe\u010di\u0165 riadne a kontrolovan\u00e9 ukon\u010denie projektu v s\u00falade s metodikou PRINCE2. Z\u00e1vere\u010dn\u00e1 \u010das\u0165 kurzu je zameran\u00e1 na pr\u00edpravu na certifika\u010dn\u00fa sk\u00fa\u0161ku PRINCE2 Foundation. Z\u00edskate preh\u013ead o \u0161trukt\u00fare sk\u00fa\u0161ky, typoch ot\u00e1zok, strat\u00e9gi\u00e1ch testovania a uvid\u00edte aj uk\u00e1\u017eky sk\u00fa\u0161obn\u00fdch testov, ktor\u00e9 v\u00e1m pom\u00f4\u017eu uspie\u0165 pri ofici\u00e1lnej certifik\u00e1cii. Tento kurz je vhodn\u00fd, ak chcete z\u00edska\u0165 pevn\u00e9 z\u00e1klady v projektovom riaden\u00ed a zv\u00fd\u0161i\u0165 svoju hodnotu na trhu pr\u00e1ce prostredn\u00edctvom medzin\u00e1rodne uzn\u00e1vanej certifik\u00e1cie.<\/p>\n<p>&nbsp;<\/p>\n","protected":false},"excerpt":{"rendered":"<p>Online kurz PRINCE2 Foundation je pre v\u00e1s ide\u00e1lny, ak sa chcete nau\u010di\u0165 efekt\u00edvne pl\u00e1nova\u0165, riadi\u0165 a ukon\u010di\u0165 projekty pod\u013ea najroz\u0161\u00edrenej\u0161ej metodiky projektov\u00e9ho riadenia na svete. Ide o akreditovan\u00fd a certifikovan\u00fd online kurz PRINCE2. Kurz v\u00e1s prevedie v\u0161etk\u00fdmi k\u013e\u00fa\u010dov\u00fdmi oblas\u0165ami projektov\u00e9ho mana\u017ementu pod\u013ea metodiky PRINCE2.","protected":false},"author":4,"featured_media":1253,"comment_status":"open","ping_status":"closed","template":"","meta":{"_acf_changed":false},"product_brand":[],"product_cat":[84,45,170,73],"product_tag":[182,190,191,221],"class_list":{"0":"post-1198","1":"product","2":"type-product","3":"status-publish","4":"has-post-thumbnail","6":"product_cat-online-kurzy-manazerske-kurzy-soft-skills","7":"product_cat-online-kurzy-certifikacne-skusky","8":"product_cat-online-kurzy-prince2","9":"product_cat-bez-kategorie","10":"product_tag-vip","11":"product_tag-certifikacne-skusky","12":"product_tag-manazerske-kurzy","13":"product_tag-prince2","15":"first","16":"instock","17":"sale","18":"sold-individually","19":"taxable","20":"shipping-taxable","21":"purchasable","22":"product-type-simple"},"yoast_head":"<!-- This site is optimized with the Yoast SEO Premium plugin v25.0 (Yoast SEO v25.0) - https:\/\/yoast.com\/wordpress\/plugins\/seo\/ -->\n<title>Online kurz PRINCE2 Foundation 2026 | VITA<\/title>\n<meta name=\"description\" content=\"V online kurze PRINCE2 Foundation v\u00e1s nau\u010d\u00edme orientova\u0165 sa v problematike projektov\u00e9ho mana\u017ementu, ovl\u00e1da\u0165 zostavenie projektu, nastavenie aj ukon\u010denie.\" \/>\n<meta name=\"robots\" content=\"index, follow, max-snippet:-1, max-image-preview:large, max-video-preview:-1\" \/>\n<link rel=\"canonical\" href=\"https:\/\/www.vita.sk\/online-kurz-prince2-foundation\/\" \/>\n<meta property=\"og:locale\" content=\"en_US\" \/>\n<meta property=\"og:type\" content=\"article\" \/>\n<meta property=\"og:title\" content=\"Online kurz PRINCE2 Foundation\" \/>\n<meta property=\"og:description\" content=\"V online kurze PRINCE2 Foundation v\u00e1s nau\u010d\u00edme orientova\u0165 sa v problematike projektov\u00e9ho mana\u017ementu, ovl\u00e1da\u0165 zostavenie projektu, nastavenie aj ukon\u010denie.\" \/>\n<meta property=\"og:url\" content=\"https:\/\/www.vita.sk\/online-kurz-prince2-foundation\/\" \/>\n<meta property=\"og:site_name\" content=\"VITA\" \/>\n<meta property=\"article:publisher\" content=\"https:\/\/www.facebook.com\/VitaAcademySK\" \/>\n<meta property=\"article:modified_time\" content=\"2025-06-19T08:34:58+00:00\" \/>\n<meta property=\"og:image\" content=\"https:\/\/www.vita.sk\/wp-content\/uploads\/2019\/09\/prince.png\" \/>\n\t<meta property=\"og:image:width\" content=\"360\" \/>\n\t<meta property=\"og:image:height\" content=\"360\" \/>\n\t<meta property=\"og:image:type\" content=\"image\/png\" \/>\n<meta name=\"twitter:card\" content=\"summary_large_image\" \/>\n<meta name=\"twitter:label1\" content=\"Est. reading time\" \/>\n\t<meta name=\"twitter:data1\" content=\"2 minutes\" \/>\n<script type=\"application\/ld+json\" class=\"yoast-schema-graph\">{\n\t    \"@context\": \"https:\/\/schema.org\",\n\t    \"@graph\": [\n\t        {\n\t            \"@type\": \"WebPage\",\n\t            \"@id\": \"https:\/\/www.vita.sk\/online-kurz-prince2-foundation\/\",\n\t            \"url\": \"https:\/\/www.vita.sk\/online-kurz-prince2-foundation\/\",\n\t            \"name\": \"Online kurz PRINCE2 Foundation {Y} | VITA\",\n\t            \"isPartOf\": {\n\t                \"@id\": \"https:\/\/www.vita.sk\/#website\"\n\t            },\n\t            \"primaryImageOfPage\": {\n\t                \"@id\": \"https:\/\/www.vita.sk\/online-kurz-prince2-foundation\/#primaryimage\"\n\t            },\n\t            \"image\": {\n\t                \"@id\": \"https:\/\/www.vita.sk\/online-kurz-prince2-foundation\/#primaryimage\"\n\t            },\n\t            \"thumbnailUrl\": \"https:\/\/www.vita.sk\/wp-content\/uploads\/2019\/09\/prince.png\",\n\t            \"datePublished\": \"2021-09-26T08:28:21+00:00\",\n\t            \"dateModified\": \"2025-06-19T08:34:58+00:00\",\n\t            \"description\": \"V online kurze PRINCE2 Foundation v\u00e1s nau\u010d\u00edme orientova\u0165 sa v problematike projektov\u00e9ho mana\u017ementu, ovl\u00e1da\u0165 zostavenie projektu, nastavenie aj ukon\u010denie.\",\n\t            \"breadcrumb\": {\n\t                \"@id\": \"https:\/\/www.vita.sk\/online-kurz-prince2-foundation\/#breadcrumb\"\n\t            },\n\t            \"inLanguage\": \"en-US\",\n\t            \"potentialAction\": [\n\t                {\n\t                    \"@type\": \"ReadAction\",\n\t                    \"target\": [\n\t                        \"https:\/\/www.vita.sk\/online-kurz-prince2-foundation\/\"\n\t                    ]\n\t                }\n\t            ]\n\t        },\n\t        {\n\t            \"@type\": \"ImageObject\",\n\t            \"inLanguage\": \"en-US\",\n\t            \"@id\": \"https:\/\/www.vita.sk\/online-kurz-prince2-foundation\/#primaryimage\",\n\t            \"url\": \"https:\/\/www.vita.sk\/wp-content\/uploads\/2019\/09\/prince.png\",\n\t            \"contentUrl\": \"https:\/\/www.vita.sk\/wp-content\/uploads\/2019\/09\/prince.png\",\n\t            \"width\": 360,\n\t            \"height\": 360,\n\t            \"caption\": \"Online kurz PRINCE\"\n\t        },\n\t        {\n\t            \"@type\": \"BreadcrumbList\",\n\t            \"@id\": \"https:\/\/www.vita.sk\/online-kurz-prince2-foundation\/#breadcrumb\",\n\t            \"itemListElement\": [\n\t                {\n\t                    \"@type\": \"ListItem\",\n\t                    \"position\": 1,\n\t                    \"name\": \"VITA Academy\",\n\t                    \"item\": \"https:\/\/www.vita.sk\/en\/\"\n\t                },\n\t                {\n\t                    \"@type\": \"ListItem\",\n\t                    \"position\": 2,\n\t                    \"name\": \"Shop\",\n\t                    \"item\": \"https:\/\/www.vita.sk\/shop\/\"\n\t                },\n\t                {\n\t                    \"@type\": \"ListItem\",\n\t                    \"position\": 3,\n\t                    \"name\": \"Mana\u017e\u00e9rske a Soft Skills Kurzy\",\n\t                    \"item\": \"https:\/\/www.vita.sk\/online-kurzy-manazerske-kurzy-soft-skills\/\"\n\t                },\n\t                {\n\t                    \"@type\": \"ListItem\",\n\t                    \"position\": 4,\n\t                    \"name\": \"PRINCE2\",\n\t                    \"item\": \"https:\/\/www.vita.sk\/online-kurzy-prince2\/\"\n\t                },\n\t                {\n\t                    \"@type\": \"ListItem\",\n\t                    \"position\": 5,\n\t                    \"name\": \"Online kurz PRINCE2 Foundation\"\n\t                }\n\t            ]\n\t        },\n\t        {\n\t            \"@type\": \"WebSite\",\n\t            \"@id\": \"https:\/\/www.vita.sk\/#website\",\n\t            \"url\": \"https:\/\/www.vita.sk\/\",\n\t            \"name\": \"VITA\",\n\t            \"description\": \"\",\n\t            \"publisher\": {\n\t                \"@id\": \"https:\/\/www.vita.sk\/#organization\"\n\t            },\n\t            \"potentialAction\": [\n\t                {\n\t                    \"@type\": \"SearchAction\",\n\t                    \"target\": {\n\t                        \"@type\": \"EntryPoint\",\n\t                        \"urlTemplate\": \"https:\/\/www.vita.sk\/?s={search_term_string}\"\n\t                    },\n\t                    \"query-input\": {\n\t                        \"@type\": \"PropertyValueSpecification\",\n\t                        \"valueRequired\": true,\n\t                        \"valueName\": \"search_term_string\"\n\t                    }\n\t                }\n\t            ],\n\t            \"inLanguage\": \"en-US\"\n\t        },\n\t        {\n\t            \"email\": \"admin@vita.sk\",\n\t            \"logo\": \"https:\/\/www.vita.sk\/img\/vita_logo.png \",\n\t            \"address\": {\n\t                \"type\": \"PostalAddress\",\n\t                \"streetAddress\": \"Tom\u00e1\u0161ikova 50\/A\",\n\t                \"addressLocality\": \"Bratislava\",\n\t                \"postalCode\": \"83104\",\n\t                \"addressCountry\": {\n\t                    \"name\": \"SK\",\n\t                    \"type\": \"Country\"\n\t                }\n\t            },\n\t            \"contactPoint\": {\n\t                \"type\": \"ContactPoint\",\n\t                \"telephone\": \"+421 907 375\u00a0543\",\n\t                \"Email\": \"admin@vita.sk\",\n\t                \"contactType\": \"customer service\"\n\t            },\n\t            \"sameAs\": [\n\t                \"https:\/\/www.facebook.com\/VitaAcademySK\/\",\n\t                \"https:\/\/www.linkedin.com\/company\/vita-academy\/\"\n\t            ]\n\t        }\n\t    ]\n\t}<\/script>\n<!-- \/ Yoast SEO Premium plugin. -->","yoast_head_json":{"title":"Online kurz PRINCE2 Foundation 2026 | VITA","description":"V online kurze PRINCE2 Foundation v\u00e1s nau\u010d\u00edme orientova\u0165 sa v problematike projektov\u00e9ho mana\u017ementu, ovl\u00e1da\u0165 zostavenie projektu, nastavenie aj ukon\u010denie.","robots":{"index":"index","follow":"follow","max-snippet":"max-snippet:-1","max-image-preview":"max-image-preview:large","max-video-preview":"max-video-preview:-1"},"canonical":"https:\/\/www.vita.sk\/online-kurz-prince2-foundation\/","og_locale":"en_US","og_type":"article","og_title":"Online kurz PRINCE2 Foundation","og_description":"V online kurze PRINCE2 Foundation v\u00e1s nau\u010d\u00edme orientova\u0165 sa v problematike projektov\u00e9ho mana\u017ementu, ovl\u00e1da\u0165 zostavenie projektu, nastavenie aj ukon\u010denie.","og_url":"https:\/\/www.vita.sk\/online-kurz-prince2-foundation\/","og_site_name":"VITA","article_publisher":"https:\/\/www.facebook.com\/VitaAcademySK","article_modified_time":"2025-06-19T08:34:58+00:00","og_image":[{"width":360,"height":360,"url":"https:\/\/www.vita.sk\/wp-content\/uploads\/2019\/09\/prince.png","type":"image\/png"}],"twitter_card":"summary_large_image","twitter_misc":{"Est. reading time":"2 minutes"},"schema":{"@context":"https:\/\/schema.org","@graph":[{"@type":"WebPage","@id":"https:\/\/www.vita.sk\/online-kurz-prince2-foundation\/","url":"https:\/\/www.vita.sk\/online-kurz-prince2-foundation\/","name":"Online kurz PRINCE2 Foundation {Y} | VITA","isPartOf":{"@id":"https:\/\/www.vita.sk\/#website"},"primaryImageOfPage":{"@id":"https:\/\/www.vita.sk\/online-kurz-prince2-foundation\/#primaryimage"},"image":{"@id":"https:\/\/www.vita.sk\/online-kurz-prince2-foundation\/#primaryimage"},"thumbnailUrl":"https:\/\/www.vita.sk\/wp-content\/uploads\/2019\/09\/prince.png","datePublished":"2021-09-26T08:28:21+00:00","dateModified":"2025-06-19T08:34:58+00:00","description":"V online kurze PRINCE2 Foundation v\u00e1s nau\u010d\u00edme orientova\u0165 sa v problematike projektov\u00e9ho mana\u017ementu, ovl\u00e1da\u0165 zostavenie projektu, nastavenie aj ukon\u010denie.","breadcrumb":{"@id":"https:\/\/www.vita.sk\/online-kurz-prince2-foundation\/#breadcrumb"},"inLanguage":"en-US","potentialAction":[{"@type":"ReadAction","target":["https:\/\/www.vita.sk\/online-kurz-prince2-foundation\/"]}]},{"@type":"ImageObject","inLanguage":"en-US","@id":"https:\/\/www.vita.sk\/online-kurz-prince2-foundation\/#primaryimage","url":"https:\/\/www.vita.sk\/wp-content\/uploads\/2019\/09\/prince.png","contentUrl":"https:\/\/www.vita.sk\/wp-content\/uploads\/2019\/09\/prince.png","width":360,"height":360,"caption":"Online kurz PRINCE"},{"@type":"BreadcrumbList","@id":"https:\/\/www.vita.sk\/online-kurz-prince2-foundation\/#breadcrumb","itemListElement":[{"@type":"ListItem","position":1,"name":"VITA Academy","item":"https:\/\/www.vita.sk\/en\/"},{"@type":"ListItem","position":2,"name":"Shop","item":"https:\/\/www.vita.sk\/shop\/"},{"@type":"ListItem","position":3,"name":"Mana\u017e\u00e9rske a Soft Skills Kurzy","item":"https:\/\/www.vita.sk\/online-kurzy-manazerske-kurzy-soft-skills\/"},{"@type":"ListItem","position":4,"name":"PRINCE2","item":"https:\/\/www.vita.sk\/online-kurzy-prince2\/"},{"@type":"ListItem","position":5,"name":"Online kurz PRINCE2 Foundation"}]},{"@type":"WebSite","@id":"https:\/\/www.vita.sk\/#website","url":"https:\/\/www.vita.sk\/","name":"VITA","description":"","publisher":{"@id":"https:\/\/www.vita.sk\/#organization"},"potentialAction":[{"@type":"SearchAction","target":{"@type":"EntryPoint","urlTemplate":"https:\/\/www.vita.sk\/?s={search_term_string}"},"query-input":{"@type":"PropertyValueSpecification","valueRequired":true,"valueName":"search_term_string"}}],"inLanguage":"en-US"},{"email":"admin@vita.sk","logo":"https:\/\/www.vita.sk\/img\/vita_logo.png ","address":{"type":"PostalAddress","streetAddress":"Tom\u00e1\u0161ikova 50\/A","addressLocality":"Bratislava","postalCode":"83104","addressCountry":{"name":"SK","type":"Country"}},"contactPoint":{"type":"ContactPoint","telephone":"+421 907 375\u00a0543","Email":"admin@vita.sk","contactType":"customer service"},"sameAs":["https:\/\/www.facebook.com\/VitaAcademySK\/","https:\/\/www.linkedin.com\/company\/vita-academy\/"]}]}},"acf":[],"_links":{"self":[{"href":"https:\/\/www.vita.sk\/en\/wp-json\/wp\/v2\/product\/1198","targetHints":{"allow":["GET"]}}],"collection":[{"href":"https:\/\/www.vita.sk\/en\/wp-json\/wp\/v2\/product"}],"about":[{"href":"https:\/\/www.vita.sk\/en\/wp-json\/wp\/v2\/types\/product"}],"author":[{"embeddable":true,"href":"https:\/\/www.vita.sk\/en\/wp-json\/wp\/v2\/users\/4"}],"replies":[{"embeddable":true,"href":"https:\/\/www.vita.sk\/en\/wp-json\/wp\/v2\/comments?post=1198"}],"wp:featuredmedia":[{"embeddable":true,"href":"https:\/\/www.vita.sk\/en\/wp-json\/wp\/v2\/media\/1253"}],"wp:attachment":[{"href":"https:\/\/www.vita.sk\/en\/wp-json\/wp\/v2\/media?parent=1198"}],"wp:term":[{"taxonomy":"product_brand","embeddable":true,"href":"https:\/\/www.vita.sk\/en\/wp-json\/wp\/v2\/product_brand?post=1198"},{"taxonomy":"product_cat","embeddable":true,"href":"https:\/\/www.vita.sk\/en\/wp-json\/wp\/v2\/product_cat?post=1198"},{"taxonomy":"product_tag","embeddable":true,"href":"https:\/\/www.vita.sk\/en\/wp-json\/wp\/v2\/product_tag?post=1198"}],"curies":[{"name":"wp","href":"https:\/\/api.w.org\/{rel}","templated":true}]}}