{"id":11994,"date":"2023-04-24T12:18:34","date_gmt":"2023-04-24T10:18:34","guid":{"rendered":"https:\/\/www.vita.sk\/?post_type=product&#038;p=11994"},"modified":"2023-10-18T15:08:42","modified_gmt":"2023-10-18T13:08:42","slug":"online-kurz-togaf-architektura","status":"publish","type":"product","link":"https:\/\/www.vita.sk\/en\/online-kurz-togaf-architektura\/","title":{"rendered":"Online kurz TOGAF Architekt\u00fara"},"content":{"rendered":"<p>Online kurz TOGAF Architekt\u00fara je r\u00e1mec pre podnikov\u00fa architekt\u00faru, ktor\u00fd poskytuje pr\u00edstup pre navrhovanie, pl\u00e1novanie, implement\u00e1ciu a riadenie architekt\u00fary podnikov\u00fdch informa\u010dn\u00fdch technol\u00f3gi\u00ed. TOGAF je dizajn na vysokej \u00farovni. Typicky je pomocou neho architekt\u00fara modelovan\u00e1 na \u0161tyroch \u00farovniach: business, aplika\u010dn\u00e9, d\u00e1tov\u00e9 a technologick\u00e9. TOGAF je silne z\u00e1visl\u00fd na modulariz\u00e1cii, \u0161tandardiz\u00e1ciu a u\u017e existuj\u00facich, osved\u010den\u00fdch technol\u00f3gi\u00e1ch a produktoch. Absolventi kurzu TOGAF z\u00edskaj\u00fa cenn\u00e9 inform\u00e1cie a mana\u017e\u00e9rske zhrnutie, ako navrhn\u00fa\u0165, implementova\u0165 \u010di optimalizova\u0165 flexibiln\u00e9 a predov\u0161etk\u00fdm dostupn\u00e9 slu\u017eby Enterprise architekt\u00fary (EA).<\/p>\n","protected":false},"excerpt":{"rendered":"<p>Online kurz TOGAF Architekt\u00fara je r\u00e1mec pre podnikov\u00fa architekt\u00faru, ktor\u00fd poskytuje pr\u00edstup pre navrhovanie, pl\u00e1novanie, implement\u00e1ciu a riadenie architekt\u00fary podnikov\u00fdch informa\u010dn\u00fdch technol\u00f3gi\u00ed. TOGAF je dizajn na vysokej \u00farovni. Typicky je pomocou neho architekt\u00fara modelovan\u00e1 na \u0161tyroch \u00farovniach: business, aplika\u010dn\u00e9, d\u00e1tov\u00e9 a technologick\u00e9.","protected":false},"author":4,"featured_media":4281,"comment_status":"open","ping_status":"closed","template":"","meta":{"_acf_changed":false},"product_brand":[],"product_cat":[84,73,406],"product_tag":[544,545],"class_list":{"0":"post-11994","1":"product","2":"type-product","3":"status-publish","4":"has-post-thumbnail","6":"product_cat-online-kurzy-manazerske-kurzy-soft-skills","7":"product_cat-bez-kategorie","8":"product_cat-online-kurzy-togaf","9":"product_tag-togaf","10":"product_tag-architektura","12":"first","13":"instock","14":"sale","15":"sold-individually","16":"taxable","17":"shipping-taxable","18":"purchasable","19":"product-type-simple"},"yoast_head":"<!-- This site is optimized with the Yoast SEO Premium plugin v25.0 (Yoast SEO v25.0) - https:\/\/yoast.com\/wordpress\/plugins\/seo\/ -->\n<title>Online kurz TOGAF Architekt\u00fara  | VITA<\/title>\n<meta name=\"robots\" content=\"index, follow, max-snippet:-1, max-image-preview:large, max-video-preview:-1\" \/>\n<link rel=\"canonical\" href=\"https:\/\/www.vita.sk\/online-kurz-togaf-architektura\/\" \/>\n<meta property=\"og:locale\" content=\"en_US\" \/>\n<meta property=\"og:type\" content=\"article\" \/>\n<meta property=\"og:title\" content=\"Online kurz TOGAF Architekt\u00fara\" \/>\n<meta property=\"og:description\" content=\"Online kurz TOGAF Architekt\u00fara je r\u00e1mec pre podnikov\u00fa architekt\u00faru, ktor\u00fd poskytuje pr\u00edstup pre navrhovanie, pl\u00e1novanie, implement\u00e1ciu a riadenie architekt\u00fary podnikov\u00fdch informa\u010dn\u00fdch technol\u00f3gi\u00ed. TOGAF je dizajn na vysokej \u00farovni. Typicky je pomocou neho architekt\u00fara modelovan\u00e1 na \u0161tyroch \u00farovniach: business, aplika\u010dn\u00e9, d\u00e1tov\u00e9 a technologick\u00e9. TOGAF je silne z\u00e1visl\u00fd na modulariz\u00e1cii, \u0161tandardiz\u00e1ciu a u\u017e existuj\u00facich, osved\u010den\u00fdch technol\u00f3gi\u00e1ch a [&hellip;]\" \/>\n<meta property=\"og:url\" content=\"https:\/\/www.vita.sk\/online-kurz-togaf-architektura\/\" \/>\n<meta property=\"og:site_name\" content=\"VITA\" \/>\n<meta property=\"article:publisher\" content=\"https:\/\/www.facebook.com\/VitaAcademySK\" \/>\n<meta property=\"article:modified_time\" content=\"2023-10-18T13:08:42+00:00\" \/>\n<meta property=\"og:image\" content=\"https:\/\/www.vita.sk\/wp-content\/uploads\/2020\/11\/kurz-TOGAF-Architektura-a-riadenie-podniku.png\" \/>\n\t<meta property=\"og:image:width\" content=\"360\" \/>\n\t<meta property=\"og:image:height\" content=\"360\" \/>\n\t<meta property=\"og:image:type\" content=\"image\/png\" \/>\n<meta name=\"twitter:card\" content=\"summary_large_image\" \/>\n<meta name=\"twitter:label1\" content=\"Est. reading time\" \/>\n\t<meta name=\"twitter:data1\" content=\"1 minute\" \/>\n<script type=\"application\/ld+json\" class=\"yoast-schema-graph\">{\n\t    \"@context\": \"https:\/\/schema.org\",\n\t    \"@graph\": [\n\t        {\n\t            \"@type\": \"WebPage\",\n\t            \"@id\": \"https:\/\/www.vita.sk\/online-kurz-togaf-architektura\/\",\n\t            \"url\": \"https:\/\/www.vita.sk\/online-kurz-togaf-architektura\/\",\n\t            \"name\": \"Online kurz TOGAF Architekt\u00fara 2023 | VITA\",\n\t            \"isPartOf\": {\n\t                \"@id\": \"https:\/\/www.vita.sk\/#website\"\n\t            },\n\t            \"primaryImageOfPage\": {\n\t                \"@id\": \"https:\/\/www.vita.sk\/online-kurz-togaf-architektura\/#primaryimage\"\n\t            },\n\t            \"image\": {\n\t                \"@id\": \"https:\/\/www.vita.sk\/online-kurz-togaf-architektura\/#primaryimage\"\n\t            },\n\t            \"thumbnailUrl\": \"https:\/\/www.vita.sk\/wp-content\/uploads\/2020\/11\/kurz-TOGAF-Architektura-a-riadenie-podniku.png\",\n\t            \"datePublished\": \"2023-04-24T10:18:34+00:00\",\n\t            \"dateModified\": \"2023-10-18T13:08:42+00:00\",\n\t            \"breadcrumb\": {\n\t                \"@id\": \"https:\/\/www.vita.sk\/online-kurz-togaf-architektura\/#breadcrumb\"\n\t            },\n\t            \"inLanguage\": \"en-US\",\n\t            \"potentialAction\": [\n\t                {\n\t                    \"@type\": \"ReadAction\",\n\t                    \"target\": [\n\t                        \"https:\/\/www.vita.sk\/online-kurz-togaf-architektura\/\"\n\t                    ]\n\t                }\n\t            ]\n\t        },\n\t        {\n\t            \"@type\": \"ImageObject\",\n\t            \"inLanguage\": \"en-US\",\n\t            \"@id\": \"https:\/\/www.vita.sk\/online-kurz-togaf-architektura\/#primaryimage\",\n\t            \"url\": \"https:\/\/www.vita.sk\/wp-content\/uploads\/2020\/11\/kurz-TOGAF-Architektura-a-riadenie-podniku.png\",\n\t            \"contentUrl\": \"https:\/\/www.vita.sk\/wp-content\/uploads\/2020\/11\/kurz-TOGAF-Architektura-a-riadenie-podniku.png\",\n\t            \"width\": 360,\n\t            \"height\": 360,\n\t            \"caption\": \"Online kurz TOGAF Architekt\u00fara a Riadenie Podniku\"\n\t        },\n\t        {\n\t            \"@type\": \"BreadcrumbList\",\n\t            \"@id\": \"https:\/\/www.vita.sk\/online-kurz-togaf-architektura\/#breadcrumb\",\n\t            \"itemListElement\": [\n\t                {\n\t                    \"@type\": \"ListItem\",\n\t                    \"position\": 1,\n\t                    \"name\": \"VITA Academy\",\n\t                    \"item\": \"https:\/\/www.vita.sk\/en\/\"\n\t                },\n\t                {\n\t                    \"@type\": \"ListItem\",\n\t                    \"position\": 2,\n\t                    \"name\": \"Shop\",\n\t                    \"item\": \"https:\/\/www.vita.sk\/shop\/\"\n\t                },\n\t                {\n\t                    \"@type\": \"ListItem\",\n\t                    \"position\": 3,\n\t                    \"name\": \"Programovacie Jazyky\",\n\t                    \"item\": \"https:\/\/www.vita.sk\/online-kurzy-programovacie-jazyky\/\"\n\t                },\n\t                {\n\t                    \"@type\": \"ListItem\",\n\t                    \"position\": 4,\n\t                    \"name\": \"TOGAF\",\n\t                    \"item\": \"https:\/\/www.vita.sk\/online-kurzy-togaf\/\"\n\t                },\n\t                {\n\t                    \"@type\": \"ListItem\",\n\t                    \"position\": 5,\n\t                    \"name\": \"Online kurz TOGAF Architekt\u00fara\"\n\t                }\n\t            ]\n\t        },\n\t        {\n\t            \"@type\": \"WebSite\",\n\t            \"@id\": \"https:\/\/www.vita.sk\/#website\",\n\t            \"url\": \"https:\/\/www.vita.sk\/\",\n\t            \"name\": \"VITA\",\n\t            \"description\": \"\",\n\t            \"publisher\": {\n\t                \"@id\": \"https:\/\/www.vita.sk\/#organization\"\n\t            },\n\t            \"potentialAction\": [\n\t                {\n\t                    \"@type\": \"SearchAction\",\n\t                    \"target\": {\n\t                        \"@type\": \"EntryPoint\",\n\t                        \"urlTemplate\": \"https:\/\/www.vita.sk\/?s={search_term_string}\"\n\t                    },\n\t                    \"query-input\": {\n\t                        \"@type\": \"PropertyValueSpecification\",\n\t                        \"valueRequired\": true,\n\t                        \"valueName\": \"search_term_string\"\n\t                    }\n\t                }\n\t            ],\n\t            \"inLanguage\": \"en-US\"\n\t        },\n\t        {\n\t            \"email\": \"admin@vita.sk\",\n\t            \"logo\": \"https:\/\/www.vita.sk\/img\/vita_logo.png \",\n\t            \"address\": {\n\t                \"type\": \"PostalAddress\",\n\t                \"streetAddress\": \"Tom\u00e1\u0161ikova 50\/A\",\n\t                \"addressLocality\": \"Bratislava\",\n\t                \"postalCode\": \"83104\",\n\t                \"addressCountry\": {\n\t                    \"name\": \"SK\",\n\t                    \"type\": \"Country\"\n\t                }\n\t            },\n\t            \"contactPoint\": {\n\t                \"type\": \"ContactPoint\",\n\t                \"telephone\": \"+421 907 375\u00a0543\",\n\t                \"Email\": \"admin@vita.sk\",\n\t                \"contactType\": \"customer service\"\n\t            },\n\t            \"sameAs\": [\n\t                \"https:\/\/www.facebook.com\/VitaAcademySK\/\",\n\t                \"https:\/\/www.linkedin.com\/company\/vita-academy\/\"\n\t            ]\n\t        }\n\t    ]\n\t}<\/script>\n<!-- \/ Yoast SEO Premium plugin. -->","yoast_head_json":{"title":"Online kurz TOGAF Architekt\u00fara  | VITA","robots":{"index":"index","follow":"follow","max-snippet":"max-snippet:-1","max-image-preview":"max-image-preview:large","max-video-preview":"max-video-preview:-1"},"canonical":"https:\/\/www.vita.sk\/online-kurz-togaf-architektura\/","og_locale":"en_US","og_type":"article","og_title":"Online kurz TOGAF Architekt\u00fara","og_description":"Online kurz TOGAF Architekt\u00fara je r\u00e1mec pre podnikov\u00fa architekt\u00faru, ktor\u00fd poskytuje pr\u00edstup pre navrhovanie, pl\u00e1novanie, implement\u00e1ciu a riadenie architekt\u00fary podnikov\u00fdch informa\u010dn\u00fdch technol\u00f3gi\u00ed. TOGAF je dizajn na vysokej \u00farovni. Typicky je pomocou neho architekt\u00fara modelovan\u00e1 na \u0161tyroch \u00farovniach: business, aplika\u010dn\u00e9, d\u00e1tov\u00e9 a technologick\u00e9. TOGAF je silne z\u00e1visl\u00fd na modulariz\u00e1cii, \u0161tandardiz\u00e1ciu a u\u017e existuj\u00facich, osved\u010den\u00fdch technol\u00f3gi\u00e1ch a [&hellip;]","og_url":"https:\/\/www.vita.sk\/online-kurz-togaf-architektura\/","og_site_name":"VITA","article_publisher":"https:\/\/www.facebook.com\/VitaAcademySK","article_modified_time":"2023-10-18T13:08:42+00:00","og_image":[{"width":360,"height":360,"url":"https:\/\/www.vita.sk\/wp-content\/uploads\/2020\/11\/kurz-TOGAF-Architektura-a-riadenie-podniku.png","type":"image\/png"}],"twitter_card":"summary_large_image","twitter_misc":{"Est. reading time":"1 minute"},"schema":{"@context":"https:\/\/schema.org","@graph":[{"@type":"WebPage","@id":"https:\/\/www.vita.sk\/online-kurz-togaf-architektura\/","url":"https:\/\/www.vita.sk\/online-kurz-togaf-architektura\/","name":"Online kurz TOGAF Architekt\u00fara 2023 | VITA","isPartOf":{"@id":"https:\/\/www.vita.sk\/#website"},"primaryImageOfPage":{"@id":"https:\/\/www.vita.sk\/online-kurz-togaf-architektura\/#primaryimage"},"image":{"@id":"https:\/\/www.vita.sk\/online-kurz-togaf-architektura\/#primaryimage"},"thumbnailUrl":"https:\/\/www.vita.sk\/wp-content\/uploads\/2020\/11\/kurz-TOGAF-Architektura-a-riadenie-podniku.png","datePublished":"2023-04-24T10:18:34+00:00","dateModified":"2023-10-18T13:08:42+00:00","breadcrumb":{"@id":"https:\/\/www.vita.sk\/online-kurz-togaf-architektura\/#breadcrumb"},"inLanguage":"en-US","potentialAction":[{"@type":"ReadAction","target":["https:\/\/www.vita.sk\/online-kurz-togaf-architektura\/"]}]},{"@type":"ImageObject","inLanguage":"en-US","@id":"https:\/\/www.vita.sk\/online-kurz-togaf-architektura\/#primaryimage","url":"https:\/\/www.vita.sk\/wp-content\/uploads\/2020\/11\/kurz-TOGAF-Architektura-a-riadenie-podniku.png","contentUrl":"https:\/\/www.vita.sk\/wp-content\/uploads\/2020\/11\/kurz-TOGAF-Architektura-a-riadenie-podniku.png","width":360,"height":360,"caption":"Online kurz TOGAF Architekt\u00fara a Riadenie Podniku"},{"@type":"BreadcrumbList","@id":"https:\/\/www.vita.sk\/online-kurz-togaf-architektura\/#breadcrumb","itemListElement":[{"@type":"ListItem","position":1,"name":"VITA Academy","item":"https:\/\/www.vita.sk\/en\/"},{"@type":"ListItem","position":2,"name":"Shop","item":"https:\/\/www.vita.sk\/shop\/"},{"@type":"ListItem","position":3,"name":"Programovacie Jazyky","item":"https:\/\/www.vita.sk\/online-kurzy-programovacie-jazyky\/"},{"@type":"ListItem","position":4,"name":"TOGAF","item":"https:\/\/www.vita.sk\/online-kurzy-togaf\/"},{"@type":"ListItem","position":5,"name":"Online kurz TOGAF Architekt\u00fara"}]},{"@type":"WebSite","@id":"https:\/\/www.vita.sk\/#website","url":"https:\/\/www.vita.sk\/","name":"VITA","description":"","publisher":{"@id":"https:\/\/www.vita.sk\/#organization"},"potentialAction":[{"@type":"SearchAction","target":{"@type":"EntryPoint","urlTemplate":"https:\/\/www.vita.sk\/?s={search_term_string}"},"query-input":{"@type":"PropertyValueSpecification","valueRequired":true,"valueName":"search_term_string"}}],"inLanguage":"en-US"},{"email":"admin@vita.sk","logo":"https:\/\/www.vita.sk\/img\/vita_logo.png ","address":{"type":"PostalAddress","streetAddress":"Tom\u00e1\u0161ikova 50\/A","addressLocality":"Bratislava","postalCode":"83104","addressCountry":{"name":"SK","type":"Country"}},"contactPoint":{"type":"ContactPoint","telephone":"+421 907 375\u00a0543","Email":"admin@vita.sk","contactType":"customer service"},"sameAs":["https:\/\/www.facebook.com\/VitaAcademySK\/","https:\/\/www.linkedin.com\/company\/vita-academy\/"]}]}},"acf":[],"_links":{"self":[{"href":"https:\/\/www.vita.sk\/en\/wp-json\/wp\/v2\/product\/11994","targetHints":{"allow":["GET"]}}],"collection":[{"href":"https:\/\/www.vita.sk\/en\/wp-json\/wp\/v2\/product"}],"about":[{"href":"https:\/\/www.vita.sk\/en\/wp-json\/wp\/v2\/types\/product"}],"author":[{"embeddable":true,"href":"https:\/\/www.vita.sk\/en\/wp-json\/wp\/v2\/users\/4"}],"replies":[{"embeddable":true,"href":"https:\/\/www.vita.sk\/en\/wp-json\/wp\/v2\/comments?post=11994"}],"wp:featuredmedia":[{"embeddable":true,"href":"https:\/\/www.vita.sk\/en\/wp-json\/wp\/v2\/media\/4281"}],"wp:attachment":[{"href":"https:\/\/www.vita.sk\/en\/wp-json\/wp\/v2\/media?parent=11994"}],"wp:term":[{"taxonomy":"product_brand","embeddable":true,"href":"https:\/\/www.vita.sk\/en\/wp-json\/wp\/v2\/product_brand?post=11994"},{"taxonomy":"product_cat","embeddable":true,"href":"https:\/\/www.vita.sk\/en\/wp-json\/wp\/v2\/product_cat?post=11994"},{"taxonomy":"product_tag","embeddable":true,"href":"https:\/\/www.vita.sk\/en\/wp-json\/wp\/v2\/product_tag?post=11994"}],"curies":[{"name":"wp","href":"https:\/\/api.w.org\/{rel}","templated":true}]}}