{"id":11997,"date":"2023-04-24T12:00:32","date_gmt":"2023-04-24T10:00:32","guid":{"rendered":"https:\/\/www.vita.sk\/?post_type=product&#038;p=11997"},"modified":"2025-12-26T08:48:58","modified_gmt":"2025-12-26T07:48:58","slug":"online-kurz-projektovy-manazer-ii-mierne-pokrocily","status":"publish","type":"product","link":"https:\/\/www.vita.sk\/en\/online-kurz-projektovy-manazer-ii-mierne-pokrocily\/","title":{"rendered":"Online kurz Projektov\u00fd Mana\u017e\u00e9r II. Mierne Pokro\u010dil\u00fd"},"content":{"rendered":"<p>Online kurz Projektov\u00fd Mana\u017e\u00e9r II. Mierne Pokro\u010dil\u00fd je pre v\u00e1s ide\u00e1lny, ak sa chcete nau\u010di\u0165 riadi\u0165 projekty na pokro\u010dilej\u0161ej \u00farovni, pracova\u0165 s d\u00e1tami, pl\u00e1nova\u0165 kapacity, vyhodnocova\u0165 projekty a robi\u0165 kvalifikovan\u00e9 rozhodnutia na z\u00e1klade analytick\u00fdch v\u00fdstupov. <strong>Ide o akreditovan\u00fd a certifikovan\u00fd kurz na Projektov\u00fd Mana\u017e\u00e9r.<\/strong> Kurz nadv\u00e4zuje na z\u00e1kladn\u00e9 znalosti projektov\u00e9ho riadenia a roz\u0161iruje ich o praktick\u00e9 mana\u017e\u00e9rske, analytick\u00e9 a reportingov\u00e9 pr\u00edstupy. Zameriame sa na rozdiely medzi projektmi, programami a portf\u00f3liami a na ich systematick\u00e9 riadenie v r\u00f4znych typoch organiz\u00e1ci\u00ed. Nau\u010d\u00edte sa orientova\u0165 v prostred\u00ed dot\u00e1ci\u00ed, grantov a verejn\u00e9ho obstar\u00e1vania prostredn\u00edctvom port\u00e1lov ako ITMS, EKS, Josephine, Proebiz a \u00daVO a pochop\u00edte ich v\u00fdznam v projektovej praxi. D\u00f4le\u017eitou s\u00fa\u010das\u0165ou kurzu je pr\u00e1ca s Microsoft Excel, automatiz\u00e1ciou a tvorbou projektov\u00fdch harmonogramov, ktor\u00e9 umo\u017e\u0148uj\u00fa efekt\u00edvne pl\u00e1novanie a kontrolu projektov. Rozv\u00edjame pokro\u010dil\u00e9 zru\u010dnosti v oblasti time managementu, identifik\u00e1cie prior\u00edt, pr\u00e1ce s kapacitami a elimin\u00e1cie prokrastin\u00e1cie pri riaden\u00ed viacer\u00fdch paraleln\u00fdch \u00faloh. Kurz sa s\u00fastre\u010fuje aj na vyu\u017e\u00edvanie pokro\u010dil\u00fdch funkci\u00ed v Exceli ako UNIQUE, COUNTA a SEQUENCE pri riaden\u00ed \u00faloh, zdrojov a projektov\u00fdch d\u00e1t. V\u00fdznamn\u00e1 \u010das\u0165 obsahu je venovan\u00e1 business intelligence, ETL procesom a pr\u00e1ci s n\u00e1strojmi Power Query a Finstat, ktor\u00e9 sl\u00fa\u017eia na spracovanie, \u010distenie a anal\u00fdzu projektov\u00fdch d\u00e1t. Nau\u010d\u00edte sa vytv\u00e1ra\u0165 Ganttove diagramy, WBS \u0161trukt\u00fary a pou\u017e\u00edva\u0165 pl\u00e1nova\u010de projektov na systematick\u00e9 riadenie rozsahu, \u010dasu a zdrojov. Z\u00edskate schopnos\u0165 analyzova\u0165 projekty z finan\u010dn\u00e9ho h\u013eadiska pomocou finan\u010dn\u00fdch funkci\u00ed a ukazovate\u013ea NPV a spr\u00e1vne vyhodnocova\u0165 ekonomick\u00fa n\u00e1vratnos\u0165 projektov. Kurz rozv\u00edja aj kompetencie v oblasti organiza\u010dnej \u0161trukt\u00fary projektu, pr\u00e1ce s RACI maticou a jasn\u00e9ho definovania rol\u00ed a zodpovednost\u00ed v t\u00edme. Zameriavame sa na vizualiz\u00e1ciu d\u00e1t a profesion\u00e1lny reporting v n\u00e1stroji Microsoft Power BI, kde sa nau\u010d\u00edte vytv\u00e1ra\u0165 preh\u013eadn\u00e9 dashboardy, nastavova\u0165 d\u00e1tov\u00e9 modely a sledova\u0165 v\u00fdkonnos\u0165 projektov prostredn\u00edctvom KPIs a mierok. S\u00fa\u010das\u0165ou obsahu je aj pochopenie rozdielov medzi KPIs a KRIs a ich vyu\u017eitie pri riaden\u00ed v\u00fdkonnosti a riz\u00edk, vr\u00e1tane spracovania SWOT anal\u00fdzy pre strategick\u00e9 rozhodovanie. Ak sa chcete skuto\u010dne nau\u010di\u0165 riadi\u0165 projekty a sta\u0165 sa projektov\u00fdm mana\u017e\u00e9rom, tak toto je ide\u00e1lny online kurz pre v\u00e1s.<\/p>\n","protected":false},"excerpt":{"rendered":"<p>Online kurz Projektov\u00fd Mana\u017e\u00e9r II. Mierne Pokro\u010dil\u00fd v\u00e1s nau\u010d\u00ed pokro\u010dil\u00e9 techniky projektov\u00e9ho riadenia vr\u00e1tane time managementu, pr\u00e1ce s d\u00e1tami, finan\u010dn\u00e9ho hodnotenia projektov, pl\u00e1novania, reportingu a vizualiz\u00e1cie v\u00fdsledkov v n\u00e1strojoch Microsoft Excel a Power BI.","protected":false},"author":4,"featured_media":9902,"comment_status":"open","ping_status":"closed","template":"","meta":{"_acf_changed":false},"product_brand":[],"product_cat":[84,88,73],"product_tag":[211,191],"class_list":{"0":"post-11997","1":"product","2":"type-product","3":"status-publish","4":"has-post-thumbnail","6":"product_cat-online-kurzy-manazerske-kurzy-soft-skills","7":"product_cat-online-kurzy-projektovy-manazment-v-it","8":"product_cat-bez-kategorie","9":"product_tag-projektovy-manazment-v-it","10":"product_tag-manazerske-kurzy","12":"first","13":"instock","14":"sale","15":"sold-individually","16":"taxable","17":"shipping-taxable","18":"purchasable","19":"product-type-simple"},"yoast_head":"<!-- This site is optimized with the Yoast SEO Premium plugin v25.0 (Yoast SEO v25.0) - https:\/\/yoast.com\/wordpress\/plugins\/seo\/ -->\n<title>Online kurz Projektov\u00fd Mana\u017e\u00e9r II. Mierne Pokro\u010dil\u00fd 2026 | VITA<\/title>\n<meta name=\"description\" content=\"V online kurze Projektov\u00fd Mana\u017e\u00e9r II. Mierne Pokro\u010dil\u00fd sa nau\u010d\u00edte pl\u00e1nova\u0165, riadi\u0165 a kontrolova\u0165 projekty a aplikova\u0165 projektov\u00e9 n\u00e1stroje v praxi. \u2705\" \/>\n<meta name=\"robots\" content=\"index, follow, max-snippet:-1, max-image-preview:large, max-video-preview:-1\" \/>\n<link rel=\"canonical\" href=\"https:\/\/www.vita.sk\/online-kurz-projektovy-manazer-ii-mierne-pokrocily\/\" \/>\n<meta property=\"og:locale\" content=\"en_US\" \/>\n<meta property=\"og:type\" content=\"article\" \/>\n<meta property=\"og:title\" content=\"Online kurz Projektov\u00fd Mana\u017e\u00e9r II. Mierne Pokro\u010dil\u00fd\" \/>\n<meta property=\"og:description\" content=\"V online kurze Projektov\u00fd Mana\u017e\u00e9r II. Mierne Pokro\u010dil\u00fd sa nau\u010d\u00edte pl\u00e1nova\u0165, riadi\u0165 a kontrolova\u0165 projekty a aplikova\u0165 projektov\u00e9 n\u00e1stroje v praxi. \u2705\" \/>\n<meta property=\"og:url\" content=\"https:\/\/www.vita.sk\/online-kurz-projektovy-manazer-ii-mierne-pokrocily\/\" \/>\n<meta property=\"og:site_name\" content=\"VITA\" \/>\n<meta property=\"article:publisher\" content=\"https:\/\/www.facebook.com\/VitaAcademySK\" \/>\n<meta property=\"article:modified_time\" content=\"2025-12-26T07:48:58+00:00\" \/>\n<meta property=\"og:image\" content=\"https:\/\/www.vita.sk\/wp-content\/uploads\/2022\/05\/online-kurz-Projektovy-Management.png\" \/>\n\t<meta property=\"og:image:width\" content=\"360\" \/>\n\t<meta property=\"og:image:height\" content=\"360\" \/>\n\t<meta property=\"og:image:type\" content=\"image\/png\" \/>\n<meta name=\"twitter:card\" content=\"summary_large_image\" \/>\n<meta name=\"twitter:label1\" content=\"Est. reading time\" \/>\n\t<meta name=\"twitter:data1\" content=\"2 minutes\" \/>\n<script type=\"application\/ld+json\" class=\"yoast-schema-graph\">{\n\t    \"@context\": \"https:\/\/schema.org\",\n\t    \"@graph\": [\n\t        {\n\t            \"@type\": \"WebPage\",\n\t            \"@id\": \"https:\/\/www.vita.sk\/online-kurz-projektovy-manazer-ii-mierne-pokrocily\/\",\n\t            \"url\": \"https:\/\/www.vita.sk\/online-kurz-projektovy-manazer-ii-mierne-pokrocily\/\",\n\t            \"name\": \"Online kurz Projektov\u00fd Mana\u017e\u00e9r II. Mierne Pokro\u010dil\u00fd {Y} | VITA\",\n\t            \"isPartOf\": {\n\t                \"@id\": \"https:\/\/www.vita.sk\/#website\"\n\t            },\n\t            \"primaryImageOfPage\": {\n\t                \"@id\": \"https:\/\/www.vita.sk\/online-kurz-projektovy-manazer-ii-mierne-pokrocily\/#primaryimage\"\n\t            },\n\t            \"image\": {\n\t                \"@id\": \"https:\/\/www.vita.sk\/online-kurz-projektovy-manazer-ii-mierne-pokrocily\/#primaryimage\"\n\t            },\n\t            \"thumbnailUrl\": \"https:\/\/www.vita.sk\/wp-content\/uploads\/2022\/05\/online-kurz-Projektovy-Management.png\",\n\t            \"datePublished\": \"2023-04-24T10:00:32+00:00\",\n\t            \"dateModified\": \"2025-12-26T07:48:58+00:00\",\n\t            \"description\": \"V online kurze Projektov\u00fd Mana\u017e\u00e9r II. Mierne Pokro\u010dil\u00fd sa nau\u010d\u00edte pl\u00e1nova\u0165, riadi\u0165 a kontrolova\u0165 projekty a aplikova\u0165 projektov\u00e9 n\u00e1stroje v praxi. \u2705\",\n\t            \"breadcrumb\": {\n\t                \"@id\": \"https:\/\/www.vita.sk\/online-kurz-projektovy-manazer-ii-mierne-pokrocily\/#breadcrumb\"\n\t            },\n\t            \"inLanguage\": \"en-US\",\n\t            \"potentialAction\": [\n\t                {\n\t                    \"@type\": \"ReadAction\",\n\t                    \"target\": [\n\t                        \"https:\/\/www.vita.sk\/online-kurz-projektovy-manazer-ii-mierne-pokrocily\/\"\n\t                    ]\n\t                }\n\t            ]\n\t        },\n\t        {\n\t            \"@type\": \"ImageObject\",\n\t            \"inLanguage\": \"en-US\",\n\t            \"@id\": \"https:\/\/www.vita.sk\/online-kurz-projektovy-manazer-ii-mierne-pokrocily\/#primaryimage\",\n\t            \"url\": \"https:\/\/www.vita.sk\/wp-content\/uploads\/2022\/05\/online-kurz-Projektovy-Management.png\",\n\t            \"contentUrl\": \"https:\/\/www.vita.sk\/wp-content\/uploads\/2022\/05\/online-kurz-Projektovy-Management.png\",\n\t            \"width\": 360,\n\t            \"height\": 360\n\t        },\n\t        {\n\t            \"@type\": \"BreadcrumbList\",\n\t            \"@id\": \"https:\/\/www.vita.sk\/online-kurz-projektovy-manazer-ii-mierne-pokrocily\/#breadcrumb\",\n\t            \"itemListElement\": [\n\t                {\n\t                    \"@type\": \"ListItem\",\n\t                    \"position\": 1,\n\t                    \"name\": \"VITA Academy\",\n\t                    \"item\": \"https:\/\/www.vita.sk\/en\/\"\n\t                },\n\t                {\n\t                    \"@type\": \"ListItem\",\n\t                    \"position\": 2,\n\t                    \"name\": \"Shop\",\n\t                    \"item\": \"https:\/\/www.vita.sk\/shop\/\"\n\t                },\n\t                {\n\t                    \"@type\": \"ListItem\",\n\t                    \"position\": 3,\n\t                    \"name\": \"Mana\u017e\u00e9rske a Soft Skills Kurzy\",\n\t                    \"item\": \"https:\/\/www.vita.sk\/online-kurzy-manazerske-kurzy-soft-skills\/\"\n\t                },\n\t                {\n\t                    \"@type\": \"ListItem\",\n\t                    \"position\": 4,\n\t                    \"name\": \"Projektov\u00fd mana\u017ement v IT\",\n\t                    \"item\": \"https:\/\/www.vita.sk\/online-kurzy-projektovy-manazment-v-it\/\"\n\t                },\n\t                {\n\t                    \"@type\": \"ListItem\",\n\t                    \"position\": 5,\n\t                    \"name\": \"Online kurz Projektov\u00fd Mana\u017e\u00e9r II. Mierne Pokro\u010dil\u00fd\"\n\t                }\n\t            ]\n\t        },\n\t        {\n\t            \"@type\": \"WebSite\",\n\t            \"@id\": \"https:\/\/www.vita.sk\/#website\",\n\t            \"url\": \"https:\/\/www.vita.sk\/\",\n\t            \"name\": \"VITA\",\n\t            \"description\": \"\",\n\t            \"publisher\": {\n\t                \"@id\": \"https:\/\/www.vita.sk\/#organization\"\n\t            },\n\t            \"potentialAction\": [\n\t                {\n\t                    \"@type\": \"SearchAction\",\n\t                    \"target\": {\n\t                        \"@type\": \"EntryPoint\",\n\t                        \"urlTemplate\": \"https:\/\/www.vita.sk\/?s={search_term_string}\"\n\t                    },\n\t                    \"query-input\": {\n\t                        \"@type\": \"PropertyValueSpecification\",\n\t                        \"valueRequired\": true,\n\t                        \"valueName\": \"search_term_string\"\n\t                    }\n\t                }\n\t            ],\n\t            \"inLanguage\": \"en-US\"\n\t        },\n\t        {\n\t            \"email\": \"admin@vita.sk\",\n\t            \"logo\": \"https:\/\/www.vita.sk\/img\/vita_logo.png \",\n\t            \"address\": {\n\t                \"type\": \"PostalAddress\",\n\t                \"streetAddress\": \"Tom\u00e1\u0161ikova 50\/A\",\n\t                \"addressLocality\": \"Bratislava\",\n\t                \"postalCode\": \"83104\",\n\t                \"addressCountry\": {\n\t                    \"name\": \"SK\",\n\t                    \"type\": \"Country\"\n\t                }\n\t            },\n\t            \"contactPoint\": {\n\t                \"type\": \"ContactPoint\",\n\t                \"telephone\": \"+421 907 375\u00a0543\",\n\t                \"Email\": \"admin@vita.sk\",\n\t                \"contactType\": \"customer service\"\n\t            },\n\t            \"sameAs\": [\n\t                \"https:\/\/www.facebook.com\/VitaAcademySK\/\",\n\t                \"https:\/\/www.linkedin.com\/company\/vita-academy\/\"\n\t            ]\n\t        }\n\t    ]\n\t}<\/script>\n<!-- \/ Yoast SEO Premium plugin. -->","yoast_head_json":{"title":"Online kurz Projektov\u00fd Mana\u017e\u00e9r II. Mierne Pokro\u010dil\u00fd 2026 | VITA","description":"V online kurze Projektov\u00fd Mana\u017e\u00e9r II. Mierne Pokro\u010dil\u00fd sa nau\u010d\u00edte pl\u00e1nova\u0165, riadi\u0165 a kontrolova\u0165 projekty a aplikova\u0165 projektov\u00e9 n\u00e1stroje v praxi. \u2705","robots":{"index":"index","follow":"follow","max-snippet":"max-snippet:-1","max-image-preview":"max-image-preview:large","max-video-preview":"max-video-preview:-1"},"canonical":"https:\/\/www.vita.sk\/online-kurz-projektovy-manazer-ii-mierne-pokrocily\/","og_locale":"en_US","og_type":"article","og_title":"Online kurz Projektov\u00fd Mana\u017e\u00e9r II. Mierne Pokro\u010dil\u00fd","og_description":"V online kurze Projektov\u00fd Mana\u017e\u00e9r II. Mierne Pokro\u010dil\u00fd sa nau\u010d\u00edte pl\u00e1nova\u0165, riadi\u0165 a kontrolova\u0165 projekty a aplikova\u0165 projektov\u00e9 n\u00e1stroje v praxi. \u2705","og_url":"https:\/\/www.vita.sk\/online-kurz-projektovy-manazer-ii-mierne-pokrocily\/","og_site_name":"VITA","article_publisher":"https:\/\/www.facebook.com\/VitaAcademySK","article_modified_time":"2025-12-26T07:48:58+00:00","og_image":[{"width":360,"height":360,"url":"https:\/\/www.vita.sk\/wp-content\/uploads\/2022\/05\/online-kurz-Projektovy-Management.png","type":"image\/png"}],"twitter_card":"summary_large_image","twitter_misc":{"Est. reading time":"2 minutes"},"schema":{"@context":"https:\/\/schema.org","@graph":[{"@type":"WebPage","@id":"https:\/\/www.vita.sk\/online-kurz-projektovy-manazer-ii-mierne-pokrocily\/","url":"https:\/\/www.vita.sk\/online-kurz-projektovy-manazer-ii-mierne-pokrocily\/","name":"Online kurz Projektov\u00fd Mana\u017e\u00e9r II. Mierne Pokro\u010dil\u00fd {Y} | VITA","isPartOf":{"@id":"https:\/\/www.vita.sk\/#website"},"primaryImageOfPage":{"@id":"https:\/\/www.vita.sk\/online-kurz-projektovy-manazer-ii-mierne-pokrocily\/#primaryimage"},"image":{"@id":"https:\/\/www.vita.sk\/online-kurz-projektovy-manazer-ii-mierne-pokrocily\/#primaryimage"},"thumbnailUrl":"https:\/\/www.vita.sk\/wp-content\/uploads\/2022\/05\/online-kurz-Projektovy-Management.png","datePublished":"2023-04-24T10:00:32+00:00","dateModified":"2025-12-26T07:48:58+00:00","description":"V online kurze Projektov\u00fd Mana\u017e\u00e9r II. Mierne Pokro\u010dil\u00fd sa nau\u010d\u00edte pl\u00e1nova\u0165, riadi\u0165 a kontrolova\u0165 projekty a aplikova\u0165 projektov\u00e9 n\u00e1stroje v praxi. \u2705","breadcrumb":{"@id":"https:\/\/www.vita.sk\/online-kurz-projektovy-manazer-ii-mierne-pokrocily\/#breadcrumb"},"inLanguage":"en-US","potentialAction":[{"@type":"ReadAction","target":["https:\/\/www.vita.sk\/online-kurz-projektovy-manazer-ii-mierne-pokrocily\/"]}]},{"@type":"ImageObject","inLanguage":"en-US","@id":"https:\/\/www.vita.sk\/online-kurz-projektovy-manazer-ii-mierne-pokrocily\/#primaryimage","url":"https:\/\/www.vita.sk\/wp-content\/uploads\/2022\/05\/online-kurz-Projektovy-Management.png","contentUrl":"https:\/\/www.vita.sk\/wp-content\/uploads\/2022\/05\/online-kurz-Projektovy-Management.png","width":360,"height":360},{"@type":"BreadcrumbList","@id":"https:\/\/www.vita.sk\/online-kurz-projektovy-manazer-ii-mierne-pokrocily\/#breadcrumb","itemListElement":[{"@type":"ListItem","position":1,"name":"VITA Academy","item":"https:\/\/www.vita.sk\/en\/"},{"@type":"ListItem","position":2,"name":"Shop","item":"https:\/\/www.vita.sk\/shop\/"},{"@type":"ListItem","position":3,"name":"Mana\u017e\u00e9rske a Soft Skills Kurzy","item":"https:\/\/www.vita.sk\/online-kurzy-manazerske-kurzy-soft-skills\/"},{"@type":"ListItem","position":4,"name":"Projektov\u00fd mana\u017ement v IT","item":"https:\/\/www.vita.sk\/online-kurzy-projektovy-manazment-v-it\/"},{"@type":"ListItem","position":5,"name":"Online kurz Projektov\u00fd Mana\u017e\u00e9r II. Mierne Pokro\u010dil\u00fd"}]},{"@type":"WebSite","@id":"https:\/\/www.vita.sk\/#website","url":"https:\/\/www.vita.sk\/","name":"VITA","description":"","publisher":{"@id":"https:\/\/www.vita.sk\/#organization"},"potentialAction":[{"@type":"SearchAction","target":{"@type":"EntryPoint","urlTemplate":"https:\/\/www.vita.sk\/?s={search_term_string}"},"query-input":{"@type":"PropertyValueSpecification","valueRequired":true,"valueName":"search_term_string"}}],"inLanguage":"en-US"},{"email":"admin@vita.sk","logo":"https:\/\/www.vita.sk\/img\/vita_logo.png ","address":{"type":"PostalAddress","streetAddress":"Tom\u00e1\u0161ikova 50\/A","addressLocality":"Bratislava","postalCode":"83104","addressCountry":{"name":"SK","type":"Country"}},"contactPoint":{"type":"ContactPoint","telephone":"+421 907 375\u00a0543","Email":"admin@vita.sk","contactType":"customer service"},"sameAs":["https:\/\/www.facebook.com\/VitaAcademySK\/","https:\/\/www.linkedin.com\/company\/vita-academy\/"]}]}},"acf":[],"_links":{"self":[{"href":"https:\/\/www.vita.sk\/en\/wp-json\/wp\/v2\/product\/11997","targetHints":{"allow":["GET"]}}],"collection":[{"href":"https:\/\/www.vita.sk\/en\/wp-json\/wp\/v2\/product"}],"about":[{"href":"https:\/\/www.vita.sk\/en\/wp-json\/wp\/v2\/types\/product"}],"author":[{"embeddable":true,"href":"https:\/\/www.vita.sk\/en\/wp-json\/wp\/v2\/users\/4"}],"replies":[{"embeddable":true,"href":"https:\/\/www.vita.sk\/en\/wp-json\/wp\/v2\/comments?post=11997"}],"wp:featuredmedia":[{"embeddable":true,"href":"https:\/\/www.vita.sk\/en\/wp-json\/wp\/v2\/media\/9902"}],"wp:attachment":[{"href":"https:\/\/www.vita.sk\/en\/wp-json\/wp\/v2\/media?parent=11997"}],"wp:term":[{"taxonomy":"product_brand","embeddable":true,"href":"https:\/\/www.vita.sk\/en\/wp-json\/wp\/v2\/product_brand?post=11997"},{"taxonomy":"product_cat","embeddable":true,"href":"https:\/\/www.vita.sk\/en\/wp-json\/wp\/v2\/product_cat?post=11997"},{"taxonomy":"product_tag","embeddable":true,"href":"https:\/\/www.vita.sk\/en\/wp-json\/wp\/v2\/product_tag?post=11997"}],"curies":[{"name":"wp","href":"https:\/\/api.w.org\/{rel}","templated":true}]}}