{"id":12174,"date":"2023-05-03T09:56:37","date_gmt":"2023-05-03T07:56:37","guid":{"rendered":"https:\/\/www.vita.sk\/?post_type=product&#038;p=12174"},"modified":"2025-01-23T13:29:32","modified_gmt":"2025-01-23T12:29:32","slug":"online-kurz-bpmn-modelovanie-procesov-iii-pokrocily","status":"publish","type":"product","link":"https:\/\/www.vita.sk\/en\/online-kurz-bpmn-modelovanie-procesov-iii-pokrocily\/","title":{"rendered":"Online kurz BPMN Modelovanie Procesov III. Pokro\u010dil\u00fd"},"content":{"rendered":"<p>Online kurz BPMN Modelovanie Procesov III. Pokro\u010dil\u00fd je pre v\u00e1s ide\u00e1lny, ak sa chcete nau\u010di\u0165 detailne modelova\u0165 podnikov\u00e9 procesy a aplikova\u0165 pokro\u010dil\u00e9 BPMN techniky. <strong>Ide o jedin\u00fd online kurz na BPMN Modelovanie Procesov na Slovensku.<\/strong> Kurz v\u00e1s prevedie komplexn\u00fdm modelovan\u00edm procesov v n\u00e1stroji Microsoft Visio Professional, ktor\u00fd patr\u00ed medzi najpou\u017e\u00edvanej\u0161ie n\u00e1stroje na vytv\u00e1ranie BPMN diagramov. Nau\u010d\u00edte sa pracova\u0165 s udalos\u0165ami (Events), typmi udalost\u00ed a ich vyu\u017eit\u00edm v praktick\u00fdch scen\u00e1roch. Budete rozumie\u0165 pravidl\u00e1m modelovania procesov, ako je pravidlo \u0161\u0165astn\u00e9ho d\u0148a, ktor\u00e9 zjednodu\u0161uje a optimalizuje procesy. Pokro\u010dil\u00e9 modelovanie zah\u0155\u0148a spracovanie v\u00fdnimiek, eskal\u00e1ci\u00ed a kompenz\u00e1ci\u00ed v re\u00e1lnych situ\u00e1ci\u00e1ch. Budete modelova\u0165 objedn\u00e1vkov\u00e9 a legislat\u00edvne procesy, pri\u010dom sa nau\u010d\u00edte pracova\u0165 s chybami a spr\u00e1vami. Kurz v\u00e1s priprav\u00ed na modelovanie procesov, ktor\u00e9 zah\u0155\u0148aj\u00fa r\u00f4zne typy udalost\u00ed, ako s\u00fa vyvolania (throw) a zachytenia (catch), a obozn\u00e1mite sa s udalos\u0165ami typu Link a Sign\u00e1l. \u0160peci\u00e1lna \u010das\u0165 kurzu je venovan\u00e1 pr\u00e1ci s br\u00e1nami riaden\u00fdmi udalos\u0165ami, ktor\u00e9 umo\u017e\u0148uj\u00fa presnej\u0161ie riadenie procesov. Z\u00e1rove\u0148 sa nau\u010d\u00edte efekt\u00edvne pou\u017e\u00edva\u0165 baz\u00e9ny a plaveck\u00e9 dr\u00e1hy na zlep\u0161enie komunik\u00e1cie medzi jednotliv\u00fdmi elementmi procesu. Objav\u00edte tie\u017e, ako aplikova\u0165 RACI maticu na jednozna\u010dn\u00e9 definovanie zodpovednost\u00ed v procesoch. Kurz zah\u0155\u0148a pr\u00e1cu so vzorkovnicami a \u0161abl\u00f3nami, ktor\u00e9 zjednodu\u0161ia a ur\u00fdchlia modelovanie. Budete analyzova\u0165 a vysvet\u013eova\u0165 ofici\u00e1lne pr\u00edklady BPMN, ktor\u00e9 s\u00fa v s\u00falade s medzin\u00e1rodn\u00fdmi \u0161tandardmi. Taktie\u017e sa obozn\u00e1mite s automatiz\u00e1ciou a pr\u00e1cou s makrami prostredn\u00edctvom karty V\u00fdvoj\u00e1r (Developer) v n\u00e1stroji Microsoft Visio. \u0160peci\u00e1lny bonus zah\u0155\u0148a modelovanie incident management procesov, ktor\u00e9 s\u00fa k\u013e\u00fa\u010dov\u00e9 pre riadenie probl\u00e9mov a eskal\u00e1ci\u00ed v re\u00e1lnom podnikate\u013eskom prostred\u00ed. Kurz v\u00e1s priprav\u00ed na efekt\u00edvne vyu\u017e\u00edvanie BPMN techn\u00edk v praktick\u00fdch situ\u00e1ci\u00e1ch, \u010d\u00edm z\u00edskate n\u00e1skok v pracovnom prostred\u00ed a posiln\u00edte svoje odborn\u00e9 zru\u010dnosti. Ak sa chcete skuto\u010dne nau\u010di\u0165 pokro\u010dilo pou\u017e\u00edva\u0165 BPMN, tak toto je ide\u00e1lny online kurz pre v\u00e1s.<\/p>\n","protected":false},"excerpt":{"rendered":"<p>Online kurz BPMN Modelovanie Procesov III. Pokro\u010dil\u00fd je pre v\u00e1s ide\u00e1lny, ak sa chcete nau\u010di\u0165 detailne modelova\u0165 podnikov\u00e9 procesy a aplikova\u0165 pokro\u010dil\u00e9 BPMN techniky. Ide o jedin\u00fd online kurz na BPMN Modelovanie Procesov na Slovensku. Kurz v\u00e1s prevedie komplexn\u00fdm modelovan\u00edm procesov v n\u00e1stroji Microsoft Visio Professional, ktor\u00fd patr\u00ed medzi najpou\u017e\u00edvanej\u0161ie n\u00e1stroje na vytv\u00e1ranie BPMN diagramov.","protected":false},"author":4,"featured_media":4504,"comment_status":"open","ping_status":"closed","template":"","meta":{"_acf_changed":false},"product_brand":[],"product_cat":[99,73,354],"product_tag":[189],"class_list":{"0":"post-12174","1":"product","2":"type-product","3":"status-publish","4":"has-post-thumbnail","6":"product_cat-online-kurzy-programovacie-jazyky","7":"product_cat-bez-kategorie","8":"product_cat-online-kurzy-bpmn","9":"product_tag-programovacie-jazyky","11":"first","12":"instock","13":"sale","14":"sold-individually","15":"taxable","16":"shipping-taxable","17":"purchasable","18":"product-type-simple"},"yoast_head":"<!-- This site is optimized with the Yoast SEO Premium plugin v25.0 (Yoast SEO v25.0) - https:\/\/yoast.com\/wordpress\/plugins\/seo\/ -->\n<title>Online kurz BPMN Modelovanie Procesov III. Pokro\u010dil\u00fd  | VITA<\/title>\n<meta name=\"description\" content=\"V online kurze BPMN Modelovanie Procesov III. Pokro\u010dil\u00fd sa nau\u010d\u00edte pokro\u010dil\u00e9 techniky modelovania a optimaliz\u00e1cie procesov. \u2705\" \/>\n<meta name=\"robots\" content=\"index, follow, max-snippet:-1, max-image-preview:large, max-video-preview:-1\" \/>\n<link rel=\"canonical\" href=\"https:\/\/www.vita.sk\/online-kurz-bpmn-modelovanie-procesov-iii-pokrocily\/\" \/>\n<meta property=\"og:locale\" content=\"en_US\" \/>\n<meta property=\"og:type\" content=\"article\" \/>\n<meta property=\"og:title\" content=\"Online kurz BPMN Modelovanie Procesov III. Pokro\u010dil\u00fd\" \/>\n<meta property=\"og:description\" content=\"V online kurze BPMN Modelovanie Procesov III. Pokro\u010dil\u00fd sa nau\u010d\u00edte pokro\u010dil\u00e9 techniky modelovania a optimaliz\u00e1cie procesov. \u2705\" \/>\n<meta property=\"og:url\" content=\"https:\/\/www.vita.sk\/online-kurz-bpmn-modelovanie-procesov-iii-pokrocily\/\" \/>\n<meta property=\"og:site_name\" content=\"VITA\" \/>\n<meta property=\"article:publisher\" content=\"https:\/\/www.facebook.com\/VitaAcademySK\" \/>\n<meta property=\"article:modified_time\" content=\"2025-01-23T12:29:32+00:00\" \/>\n<meta property=\"og:image\" content=\"https:\/\/www.vita.sk\/wp-content\/uploads\/2020\/11\/kurz-bpmn.png\" \/>\n\t<meta property=\"og:image:width\" content=\"360\" \/>\n\t<meta property=\"og:image:height\" content=\"360\" \/>\n\t<meta property=\"og:image:type\" content=\"image\/png\" \/>\n<meta name=\"twitter:card\" content=\"summary_large_image\" \/>\n<meta name=\"twitter:label1\" content=\"Est. reading time\" \/>\n\t<meta name=\"twitter:data1\" content=\"2 minutes\" \/>\n<script type=\"application\/ld+json\" class=\"yoast-schema-graph\">{\n\t    \"@context\": \"https:\/\/schema.org\",\n\t    \"@graph\": [\n\t        {\n\t            \"@type\": \"WebPage\",\n\t            \"@id\": \"https:\/\/www.vita.sk\/online-kurz-bpmn-modelovanie-procesov-iii-pokrocily\/\",\n\t            \"url\": \"https:\/\/www.vita.sk\/online-kurz-bpmn-modelovanie-procesov-iii-pokrocily\/\",\n\t            \"name\": \"Online kurz BPMN Modelovanie Procesov III. Pokro\u010dil\u00fd 2025 | VITA\",\n\t            \"isPartOf\": {\n\t                \"@id\": \"https:\/\/www.vita.sk\/#website\"\n\t            },\n\t            \"primaryImageOfPage\": {\n\t                \"@id\": \"https:\/\/www.vita.sk\/online-kurz-bpmn-modelovanie-procesov-iii-pokrocily\/#primaryimage\"\n\t            },\n\t            \"image\": {\n\t                \"@id\": \"https:\/\/www.vita.sk\/online-kurz-bpmn-modelovanie-procesov-iii-pokrocily\/#primaryimage\"\n\t            },\n\t            \"thumbnailUrl\": \"https:\/\/www.vita.sk\/wp-content\/uploads\/2020\/11\/kurz-bpmn.png\",\n\t            \"datePublished\": \"2023-05-03T07:56:37+00:00\",\n\t            \"dateModified\": \"2025-01-23T12:29:32+00:00\",\n\t            \"description\": \"V online kurze BPMN Modelovanie Procesov III. Pokro\u010dil\u00fd sa nau\u010d\u00edte pokro\u010dil\u00e9 techniky modelovania a optimaliz\u00e1cie procesov. \u2705\",\n\t            \"breadcrumb\": {\n\t                \"@id\": \"https:\/\/www.vita.sk\/online-kurz-bpmn-modelovanie-procesov-iii-pokrocily\/#breadcrumb\"\n\t            },\n\t            \"inLanguage\": \"en-US\",\n\t            \"potentialAction\": [\n\t                {\n\t                    \"@type\": \"ReadAction\",\n\t                    \"target\": [\n\t                        \"https:\/\/www.vita.sk\/online-kurz-bpmn-modelovanie-procesov-iii-pokrocily\/\"\n\t                    ]\n\t                }\n\t            ]\n\t        },\n\t        {\n\t            \"@type\": \"ImageObject\",\n\t            \"inLanguage\": \"en-US\",\n\t            \"@id\": \"https:\/\/www.vita.sk\/online-kurz-bpmn-modelovanie-procesov-iii-pokrocily\/#primaryimage\",\n\t            \"url\": \"https:\/\/www.vita.sk\/wp-content\/uploads\/2020\/11\/kurz-bpmn.png\",\n\t            \"contentUrl\": \"https:\/\/www.vita.sk\/wp-content\/uploads\/2020\/11\/kurz-bpmn.png\",\n\t            \"width\": 360,\n\t            \"height\": 360,\n\t            \"caption\": \"Online kurz BPMN\"\n\t        },\n\t        {\n\t            \"@type\": \"BreadcrumbList\",\n\t            \"@id\": \"https:\/\/www.vita.sk\/online-kurz-bpmn-modelovanie-procesov-iii-pokrocily\/#breadcrumb\",\n\t            \"itemListElement\": [\n\t                {\n\t                    \"@type\": \"ListItem\",\n\t                    \"position\": 1,\n\t                    \"name\": \"VITA Academy\",\n\t                    \"item\": \"https:\/\/www.vita.sk\/en\/\"\n\t                },\n\t                {\n\t                    \"@type\": \"ListItem\",\n\t                    \"position\": 2,\n\t                    \"name\": \"Shop\",\n\t                    \"item\": \"https:\/\/www.vita.sk\/shop\/\"\n\t                },\n\t                {\n\t                    \"@type\": \"ListItem\",\n\t                    \"position\": 3,\n\t                    \"name\": \"Programovacie Jazyky\",\n\t                    \"item\": \"https:\/\/www.vita.sk\/online-kurzy-programovacie-jazyky\/\"\n\t                },\n\t                {\n\t                    \"@type\": \"ListItem\",\n\t                    \"position\": 4,\n\t                    \"name\": \"BPMN\",\n\t                    \"item\": \"https:\/\/www.vita.sk\/online-kurzy-bpmn\/\"\n\t                },\n\t                {\n\t                    \"@type\": \"ListItem\",\n\t                    \"position\": 5,\n\t                    \"name\": \"Online kurz BPMN Modelovanie Procesov III. Pokro\u010dil\u00fd\"\n\t                }\n\t            ]\n\t        },\n\t        {\n\t            \"@type\": \"WebSite\",\n\t            \"@id\": \"https:\/\/www.vita.sk\/#website\",\n\t            \"url\": \"https:\/\/www.vita.sk\/\",\n\t            \"name\": \"VITA\",\n\t            \"description\": \"\",\n\t            \"publisher\": {\n\t                \"@id\": \"https:\/\/www.vita.sk\/#organization\"\n\t            },\n\t            \"potentialAction\": [\n\t                {\n\t                    \"@type\": \"SearchAction\",\n\t                    \"target\": {\n\t                        \"@type\": \"EntryPoint\",\n\t                        \"urlTemplate\": \"https:\/\/www.vita.sk\/?s={search_term_string}\"\n\t                    },\n\t                    \"query-input\": {\n\t                        \"@type\": \"PropertyValueSpecification\",\n\t                        \"valueRequired\": true,\n\t                        \"valueName\": \"search_term_string\"\n\t                    }\n\t                }\n\t            ],\n\t            \"inLanguage\": \"en-US\"\n\t        },\n\t        {\n\t            \"email\": \"admin@vita.sk\",\n\t            \"logo\": \"https:\/\/www.vita.sk\/img\/vita_logo.png \",\n\t            \"address\": {\n\t                \"type\": \"PostalAddress\",\n\t                \"streetAddress\": \"Tom\u00e1\u0161ikova 50\/A\",\n\t                \"addressLocality\": \"Bratislava\",\n\t                \"postalCode\": \"83104\",\n\t                \"addressCountry\": {\n\t                    \"name\": \"SK\",\n\t                    \"type\": \"Country\"\n\t                }\n\t            },\n\t            \"contactPoint\": {\n\t                \"type\": \"ContactPoint\",\n\t                \"telephone\": \"+421 907 375\u00a0543\",\n\t                \"Email\": \"admin@vita.sk\",\n\t                \"contactType\": \"customer service\"\n\t            },\n\t            \"sameAs\": [\n\t                \"https:\/\/www.facebook.com\/VitaAcademySK\/\",\n\t                \"https:\/\/www.linkedin.com\/company\/vita-academy\/\"\n\t            ]\n\t        }\n\t    ]\n\t}<\/script>\n<!-- \/ Yoast SEO Premium plugin. -->","yoast_head_json":{"title":"Online kurz BPMN Modelovanie Procesov III. Pokro\u010dil\u00fd  | VITA","description":"V online kurze BPMN Modelovanie Procesov III. Pokro\u010dil\u00fd sa nau\u010d\u00edte pokro\u010dil\u00e9 techniky modelovania a optimaliz\u00e1cie procesov. \u2705","robots":{"index":"index","follow":"follow","max-snippet":"max-snippet:-1","max-image-preview":"max-image-preview:large","max-video-preview":"max-video-preview:-1"},"canonical":"https:\/\/www.vita.sk\/online-kurz-bpmn-modelovanie-procesov-iii-pokrocily\/","og_locale":"en_US","og_type":"article","og_title":"Online kurz BPMN Modelovanie Procesov III. Pokro\u010dil\u00fd","og_description":"V online kurze BPMN Modelovanie Procesov III. Pokro\u010dil\u00fd sa nau\u010d\u00edte pokro\u010dil\u00e9 techniky modelovania a optimaliz\u00e1cie procesov. \u2705","og_url":"https:\/\/www.vita.sk\/online-kurz-bpmn-modelovanie-procesov-iii-pokrocily\/","og_site_name":"VITA","article_publisher":"https:\/\/www.facebook.com\/VitaAcademySK","article_modified_time":"2025-01-23T12:29:32+00:00","og_image":[{"width":360,"height":360,"url":"https:\/\/www.vita.sk\/wp-content\/uploads\/2020\/11\/kurz-bpmn.png","type":"image\/png"}],"twitter_card":"summary_large_image","twitter_misc":{"Est. reading time":"2 minutes"},"schema":{"@context":"https:\/\/schema.org","@graph":[{"@type":"WebPage","@id":"https:\/\/www.vita.sk\/online-kurz-bpmn-modelovanie-procesov-iii-pokrocily\/","url":"https:\/\/www.vita.sk\/online-kurz-bpmn-modelovanie-procesov-iii-pokrocily\/","name":"Online kurz BPMN Modelovanie Procesov III. Pokro\u010dil\u00fd 2025 | VITA","isPartOf":{"@id":"https:\/\/www.vita.sk\/#website"},"primaryImageOfPage":{"@id":"https:\/\/www.vita.sk\/online-kurz-bpmn-modelovanie-procesov-iii-pokrocily\/#primaryimage"},"image":{"@id":"https:\/\/www.vita.sk\/online-kurz-bpmn-modelovanie-procesov-iii-pokrocily\/#primaryimage"},"thumbnailUrl":"https:\/\/www.vita.sk\/wp-content\/uploads\/2020\/11\/kurz-bpmn.png","datePublished":"2023-05-03T07:56:37+00:00","dateModified":"2025-01-23T12:29:32+00:00","description":"V online kurze BPMN Modelovanie Procesov III. Pokro\u010dil\u00fd sa nau\u010d\u00edte pokro\u010dil\u00e9 techniky modelovania a optimaliz\u00e1cie procesov. \u2705","breadcrumb":{"@id":"https:\/\/www.vita.sk\/online-kurz-bpmn-modelovanie-procesov-iii-pokrocily\/#breadcrumb"},"inLanguage":"en-US","potentialAction":[{"@type":"ReadAction","target":["https:\/\/www.vita.sk\/online-kurz-bpmn-modelovanie-procesov-iii-pokrocily\/"]}]},{"@type":"ImageObject","inLanguage":"en-US","@id":"https:\/\/www.vita.sk\/online-kurz-bpmn-modelovanie-procesov-iii-pokrocily\/#primaryimage","url":"https:\/\/www.vita.sk\/wp-content\/uploads\/2020\/11\/kurz-bpmn.png","contentUrl":"https:\/\/www.vita.sk\/wp-content\/uploads\/2020\/11\/kurz-bpmn.png","width":360,"height":360,"caption":"Online kurz BPMN"},{"@type":"BreadcrumbList","@id":"https:\/\/www.vita.sk\/online-kurz-bpmn-modelovanie-procesov-iii-pokrocily\/#breadcrumb","itemListElement":[{"@type":"ListItem","position":1,"name":"VITA Academy","item":"https:\/\/www.vita.sk\/en\/"},{"@type":"ListItem","position":2,"name":"Shop","item":"https:\/\/www.vita.sk\/shop\/"},{"@type":"ListItem","position":3,"name":"Programovacie Jazyky","item":"https:\/\/www.vita.sk\/online-kurzy-programovacie-jazyky\/"},{"@type":"ListItem","position":4,"name":"BPMN","item":"https:\/\/www.vita.sk\/online-kurzy-bpmn\/"},{"@type":"ListItem","position":5,"name":"Online kurz BPMN Modelovanie Procesov III. Pokro\u010dil\u00fd"}]},{"@type":"WebSite","@id":"https:\/\/www.vita.sk\/#website","url":"https:\/\/www.vita.sk\/","name":"VITA","description":"","publisher":{"@id":"https:\/\/www.vita.sk\/#organization"},"potentialAction":[{"@type":"SearchAction","target":{"@type":"EntryPoint","urlTemplate":"https:\/\/www.vita.sk\/?s={search_term_string}"},"query-input":{"@type":"PropertyValueSpecification","valueRequired":true,"valueName":"search_term_string"}}],"inLanguage":"en-US"},{"email":"admin@vita.sk","logo":"https:\/\/www.vita.sk\/img\/vita_logo.png ","address":{"type":"PostalAddress","streetAddress":"Tom\u00e1\u0161ikova 50\/A","addressLocality":"Bratislava","postalCode":"83104","addressCountry":{"name":"SK","type":"Country"}},"contactPoint":{"type":"ContactPoint","telephone":"+421 907 375\u00a0543","Email":"admin@vita.sk","contactType":"customer service"},"sameAs":["https:\/\/www.facebook.com\/VitaAcademySK\/","https:\/\/www.linkedin.com\/company\/vita-academy\/"]}]}},"acf":[],"_links":{"self":[{"href":"https:\/\/www.vita.sk\/en\/wp-json\/wp\/v2\/product\/12174","targetHints":{"allow":["GET"]}}],"collection":[{"href":"https:\/\/www.vita.sk\/en\/wp-json\/wp\/v2\/product"}],"about":[{"href":"https:\/\/www.vita.sk\/en\/wp-json\/wp\/v2\/types\/product"}],"author":[{"embeddable":true,"href":"https:\/\/www.vita.sk\/en\/wp-json\/wp\/v2\/users\/4"}],"replies":[{"embeddable":true,"href":"https:\/\/www.vita.sk\/en\/wp-json\/wp\/v2\/comments?post=12174"}],"wp:featuredmedia":[{"embeddable":true,"href":"https:\/\/www.vita.sk\/en\/wp-json\/wp\/v2\/media\/4504"}],"wp:attachment":[{"href":"https:\/\/www.vita.sk\/en\/wp-json\/wp\/v2\/media?parent=12174"}],"wp:term":[{"taxonomy":"product_brand","embeddable":true,"href":"https:\/\/www.vita.sk\/en\/wp-json\/wp\/v2\/product_brand?post=12174"},{"taxonomy":"product_cat","embeddable":true,"href":"https:\/\/www.vita.sk\/en\/wp-json\/wp\/v2\/product_cat?post=12174"},{"taxonomy":"product_tag","embeddable":true,"href":"https:\/\/www.vita.sk\/en\/wp-json\/wp\/v2\/product_tag?post=12174"}],"curies":[{"name":"wp","href":"https:\/\/api.w.org\/{rel}","templated":true}]}}