{"id":12393,"date":"2023-05-19T13:41:59","date_gmt":"2023-05-19T11:41:59","guid":{"rendered":"https:\/\/www.vita.sk\/?post_type=product&#038;p=12393"},"modified":"2024-11-01T11:06:16","modified_gmt":"2024-11-01T10:06:16","slug":"online-kurz-jazyk-r-i-zaciatocnik","status":"publish","type":"product","link":"https:\/\/www.vita.sk\/en\/online-kurz-jazyk-r-i-zaciatocnik\/","title":{"rendered":"Online kurz Jazyk R I. Za\u010diato\u010dn\u00edk"},"content":{"rendered":"<p>Online kurz Jazyk R I. Za\u010diato\u010dn\u00edk je pre v\u00e1s ide\u00e1lny, ak sa chcete nau\u010di\u0165 z\u00e1kladn\u00e9 princ\u00edpy programovania v jazyku R a z\u00edska\u0165 pevn\u00e9 z\u00e1klady pre d\u00e1tov\u00fa anal\u00fdzu. <strong>Ide o jedin\u00fd akreditovan\u00fd a certifikovan\u00fd online kurz na Programovanie a \u0160tatistiku v jazyku R na Slovensku.<\/strong> V tomto kurze sa obozn\u00e1mite so syntaxou jazyka R, vytv\u00e1ran\u00edm a manipul\u00e1ciou d\u00e1tov\u00fdch s\u00faborov, ako aj s pou\u017eit\u00edm z\u00e1kladn\u00fdch funkci\u00ed a kni\u017en\u00edc. Nau\u010d\u00edte sa spracov\u00e1va\u0165, filtrova\u0165 a vizualizova\u0165 d\u00e1ta, \u010d\u00edm z\u00edskate zru\u010dnosti pre efekt\u00edvnu anal\u00fdzu \u00fadajov. Kurz zah\u0155\u0148a aj pr\u00e1cu s d\u00e1tov\u00fdmi platformami ako Jetbrains Datalore a Jupyter Notebooky, ktor\u00e9 v\u00e1m umo\u017enia organizova\u0165 a zdie\u013ea\u0165 va\u0161e anal\u00fdzy v preh\u013eadnej forme. Obozn\u00e1mite sa s deskript\u00edvnou \u0161tatistikou, ktor\u00e1 v\u00e1m pom\u00f4\u017ee lep\u0161ie porozumie\u0165 rozdeleniu a vlastnostiam d\u00e1t. Nau\u010d\u00edte sa tie\u017e vytv\u00e1ra\u0165 vlastn\u00e9 funkcie na automatiz\u00e1ciu v\u00fdpo\u010dtov a zhotovova\u0165 grafy pre vizualiz\u00e1ciu d\u00e1t. T\u00fdm z\u00edskate komplexn\u00e9 n\u00e1stroje pre rie\u0161enie \u0161tatistick\u00fdch a analytick\u00fdch \u00faloh. \u010cakaj\u00fa v\u00e1s ve\u013ea praktick\u00fdch uk\u00e1\u017eok programovania v R. Ak sa skuto\u010dne chcete nau\u010di\u0165 programova\u0165 v Rku, tak toto je ide\u00e1lny vstupn\u00fd online kurz pre v\u00e1s.<\/p>\n","protected":false},"excerpt":{"rendered":"<p>Online kurz Jazyk R I. Za\u010diato\u010dn\u00edk je pre v\u00e1s ide\u00e1lny, ak sa chcete nau\u010di\u0165 z\u00e1kladn\u00e9 princ\u00edpy programovania v jazyku R a z\u00edska\u0165 pevn\u00e9 z\u00e1klady pre d\u00e1tov\u00fa anal\u00fdzu. Ide o jedin\u00fd akreditovan\u00fd a certifikovan\u00fd online kurz na Programovanie a \u0160tatistiku v jazyku R na Slovensku.","protected":false},"author":4,"featured_media":1023,"comment_status":"open","ping_status":"closed","template":"","meta":{"_acf_changed":false},"product_brand":[],"product_cat":[708,99,73,407],"product_tag":[189,547],"class_list":{"0":"post-12393","1":"product","2":"type-product","3":"status-publish","4":"has-post-thumbnail","6":"product_cat-online-kurzy-statistika","7":"product_cat-online-kurzy-programovacie-jazyky","8":"product_cat-bez-kategorie","9":"product_cat-online-kurzy-programovanie-a-statistika-v-r","10":"product_tag-programovacie-jazyky","11":"product_tag-jazyk-r","13":"first","14":"instock","15":"sale","16":"sold-individually","17":"taxable","18":"shipping-taxable","19":"purchasable","20":"product-type-simple"},"yoast_head":"<!-- This site is optimized with the Yoast SEO Premium plugin v25.0 (Yoast SEO v25.0) - https:\/\/yoast.com\/wordpress\/plugins\/seo\/ -->\n<title>Online kurz Jazyk R I. Za\u010diato\u010dn\u00edk  | VITA<\/title>\n<meta name=\"description\" content=\"V online kurze Jazyk R I. Za\u010diato\u010dn\u00edk sa nau\u010d\u00edte z\u00e1klady programovania v jazyku R pre \u0161tatistick\u00fa anal\u00fdzu a vizualiz\u00e1ciu d\u00e1t. \u2705\" \/>\n<meta name=\"robots\" content=\"index, follow, max-snippet:-1, max-image-preview:large, max-video-preview:-1\" \/>\n<link rel=\"canonical\" href=\"https:\/\/www.vita.sk\/online-kurz-jazyk-r-i-zaciatocnik\/\" \/>\n<meta property=\"og:locale\" content=\"en_US\" \/>\n<meta property=\"og:type\" content=\"article\" \/>\n<meta property=\"og:title\" content=\"Online kurz Jazyk R I. Za\u010diato\u010dn\u00edk\" \/>\n<meta property=\"og:description\" content=\"V online kurze Jazyk R I. Za\u010diato\u010dn\u00edk sa nau\u010d\u00edte z\u00e1klady programovania v jazyku R pre \u0161tatistick\u00fa anal\u00fdzu a vizualiz\u00e1ciu d\u00e1t. \u2705\" \/>\n<meta property=\"og:url\" content=\"https:\/\/www.vita.sk\/online-kurz-jazyk-r-i-zaciatocnik\/\" \/>\n<meta property=\"og:site_name\" content=\"VITA\" \/>\n<meta property=\"article:publisher\" content=\"https:\/\/www.facebook.com\/VitaAcademySK\" \/>\n<meta property=\"article:modified_time\" content=\"2024-11-01T10:06:16+00:00\" \/>\n<meta property=\"og:image\" content=\"https:\/\/www.vita.sk\/wp-content\/uploads\/2019\/08\/Programovaci-jazyk-R.png\" \/>\n\t<meta property=\"og:image:width\" content=\"360\" \/>\n\t<meta property=\"og:image:height\" content=\"360\" \/>\n\t<meta property=\"og:image:type\" content=\"image\/png\" \/>\n<meta name=\"twitter:card\" content=\"summary_large_image\" \/>\n<meta name=\"twitter:label1\" content=\"Est. reading time\" \/>\n\t<meta name=\"twitter:data1\" content=\"1 minute\" \/>\n<script type=\"application\/ld+json\" class=\"yoast-schema-graph\">{\n\t    \"@context\": \"https:\/\/schema.org\",\n\t    \"@graph\": [\n\t        {\n\t            \"@type\": \"WebPage\",\n\t            \"@id\": \"https:\/\/www.vita.sk\/online-kurz-jazyk-r-i-zaciatocnik\/\",\n\t            \"url\": \"https:\/\/www.vita.sk\/online-kurz-jazyk-r-i-zaciatocnik\/\",\n\t            \"name\": \"Online kurz Jazyk R I. Za\u010diato\u010dn\u00edk 2024 | VITA\",\n\t            \"isPartOf\": {\n\t                \"@id\": \"https:\/\/www.vita.sk\/#website\"\n\t            },\n\t            \"primaryImageOfPage\": {\n\t                \"@id\": \"https:\/\/www.vita.sk\/online-kurz-jazyk-r-i-zaciatocnik\/#primaryimage\"\n\t            },\n\t            \"image\": {\n\t                \"@id\": \"https:\/\/www.vita.sk\/online-kurz-jazyk-r-i-zaciatocnik\/#primaryimage\"\n\t            },\n\t            \"thumbnailUrl\": \"https:\/\/www.vita.sk\/wp-content\/uploads\/2019\/08\/Programovaci-jazyk-R.png\",\n\t            \"datePublished\": \"2023-05-19T11:41:59+00:00\",\n\t            \"dateModified\": \"2024-11-01T10:06:16+00:00\",\n\t            \"description\": \"V online kurze Jazyk R I. Za\u010diato\u010dn\u00edk sa nau\u010d\u00edte z\u00e1klady programovania v jazyku R pre \u0161tatistick\u00fa anal\u00fdzu a vizualiz\u00e1ciu d\u00e1t. \u2705\",\n\t            \"breadcrumb\": {\n\t                \"@id\": \"https:\/\/www.vita.sk\/online-kurz-jazyk-r-i-zaciatocnik\/#breadcrumb\"\n\t            },\n\t            \"inLanguage\": \"en-US\",\n\t            \"potentialAction\": [\n\t                {\n\t                    \"@type\": \"ReadAction\",\n\t                    \"target\": [\n\t                        \"https:\/\/www.vita.sk\/online-kurz-jazyk-r-i-zaciatocnik\/\"\n\t                    ]\n\t                }\n\t            ]\n\t        },\n\t        {\n\t            \"@type\": \"ImageObject\",\n\t            \"inLanguage\": \"en-US\",\n\t            \"@id\": \"https:\/\/www.vita.sk\/online-kurz-jazyk-r-i-zaciatocnik\/#primaryimage\",\n\t            \"url\": \"https:\/\/www.vita.sk\/wp-content\/uploads\/2019\/08\/Programovaci-jazyk-R.png\",\n\t            \"contentUrl\": \"https:\/\/www.vita.sk\/wp-content\/uploads\/2019\/08\/Programovaci-jazyk-R.png\",\n\t            \"width\": 360,\n\t            \"height\": 360,\n\t            \"caption\": \"Online kurz Programovac\u00ed Jazyk R\"\n\t        },\n\t        {\n\t            \"@type\": \"BreadcrumbList\",\n\t            \"@id\": \"https:\/\/www.vita.sk\/online-kurz-jazyk-r-i-zaciatocnik\/#breadcrumb\",\n\t            \"itemListElement\": [\n\t                {\n\t                    \"@type\": \"ListItem\",\n\t                    \"position\": 1,\n\t                    \"name\": \"VITA Academy\",\n\t                    \"item\": \"https:\/\/www.vita.sk\/en\/\"\n\t                },\n\t                {\n\t                    \"@type\": \"ListItem\",\n\t                    \"position\": 2,\n\t                    \"name\": \"Shop\",\n\t                    \"item\": \"https:\/\/www.vita.sk\/shop\/\"\n\t                },\n\t                {\n\t                    \"@type\": \"ListItem\",\n\t                    \"position\": 3,\n\t                    \"name\": \"Programovacie Jazyky\",\n\t                    \"item\": \"https:\/\/www.vita.sk\/online-kurzy-programovacie-jazyky\/\"\n\t                },\n\t                {\n\t                    \"@type\": \"ListItem\",\n\t                    \"position\": 4,\n\t                    \"name\": \"Programovanie a \u0160tatistika v R\",\n\t                    \"item\": \"https:\/\/www.vita.sk\/online-kurzy-programovanie-a-statistika-v-r\/\"\n\t                },\n\t                {\n\t                    \"@type\": \"ListItem\",\n\t                    \"position\": 5,\n\t                    \"name\": \"Online kurz Jazyk R I. Za\u010diato\u010dn\u00edk\"\n\t                }\n\t            ]\n\t        },\n\t        {\n\t            \"@type\": \"WebSite\",\n\t            \"@id\": \"https:\/\/www.vita.sk\/#website\",\n\t            \"url\": \"https:\/\/www.vita.sk\/\",\n\t            \"name\": \"VITA\",\n\t            \"description\": \"\",\n\t            \"publisher\": {\n\t                \"@id\": \"https:\/\/www.vita.sk\/#organization\"\n\t            },\n\t            \"potentialAction\": [\n\t                {\n\t                    \"@type\": \"SearchAction\",\n\t                    \"target\": {\n\t                        \"@type\": \"EntryPoint\",\n\t                        \"urlTemplate\": \"https:\/\/www.vita.sk\/?s={search_term_string}\"\n\t                    },\n\t                    \"query-input\": {\n\t                        \"@type\": \"PropertyValueSpecification\",\n\t                        \"valueRequired\": true,\n\t                        \"valueName\": \"search_term_string\"\n\t                    }\n\t                }\n\t            ],\n\t            \"inLanguage\": \"en-US\"\n\t        },\n\t        {\n\t            \"email\": \"admin@vita.sk\",\n\t            \"logo\": \"https:\/\/www.vita.sk\/img\/vita_logo.png \",\n\t            \"address\": {\n\t                \"type\": \"PostalAddress\",\n\t                \"streetAddress\": \"Tom\u00e1\u0161ikova 50\/A\",\n\t                \"addressLocality\": \"Bratislava\",\n\t                \"postalCode\": \"83104\",\n\t                \"addressCountry\": {\n\t                    \"name\": \"SK\",\n\t                    \"type\": \"Country\"\n\t                }\n\t            },\n\t            \"contactPoint\": {\n\t                \"type\": \"ContactPoint\",\n\t                \"telephone\": \"+421 907 375\u00a0543\",\n\t                \"Email\": \"admin@vita.sk\",\n\t                \"contactType\": \"customer service\"\n\t            },\n\t            \"sameAs\": [\n\t                \"https:\/\/www.facebook.com\/VitaAcademySK\/\",\n\t                \"https:\/\/www.linkedin.com\/company\/vita-academy\/\"\n\t            ]\n\t        }\n\t    ]\n\t}<\/script>\n<!-- \/ Yoast SEO Premium plugin. -->","yoast_head_json":{"title":"Online kurz Jazyk R I. Za\u010diato\u010dn\u00edk  | VITA","description":"V online kurze Jazyk R I. Za\u010diato\u010dn\u00edk sa nau\u010d\u00edte z\u00e1klady programovania v jazyku R pre \u0161tatistick\u00fa anal\u00fdzu a vizualiz\u00e1ciu d\u00e1t. \u2705","robots":{"index":"index","follow":"follow","max-snippet":"max-snippet:-1","max-image-preview":"max-image-preview:large","max-video-preview":"max-video-preview:-1"},"canonical":"https:\/\/www.vita.sk\/online-kurz-jazyk-r-i-zaciatocnik\/","og_locale":"en_US","og_type":"article","og_title":"Online kurz Jazyk R I. Za\u010diato\u010dn\u00edk","og_description":"V online kurze Jazyk R I. Za\u010diato\u010dn\u00edk sa nau\u010d\u00edte z\u00e1klady programovania v jazyku R pre \u0161tatistick\u00fa anal\u00fdzu a vizualiz\u00e1ciu d\u00e1t. \u2705","og_url":"https:\/\/www.vita.sk\/online-kurz-jazyk-r-i-zaciatocnik\/","og_site_name":"VITA","article_publisher":"https:\/\/www.facebook.com\/VitaAcademySK","article_modified_time":"2024-11-01T10:06:16+00:00","og_image":[{"width":360,"height":360,"url":"https:\/\/www.vita.sk\/wp-content\/uploads\/2019\/08\/Programovaci-jazyk-R.png","type":"image\/png"}],"twitter_card":"summary_large_image","twitter_misc":{"Est. reading time":"1 minute"},"schema":{"@context":"https:\/\/schema.org","@graph":[{"@type":"WebPage","@id":"https:\/\/www.vita.sk\/online-kurz-jazyk-r-i-zaciatocnik\/","url":"https:\/\/www.vita.sk\/online-kurz-jazyk-r-i-zaciatocnik\/","name":"Online kurz Jazyk R I. Za\u010diato\u010dn\u00edk 2024 | VITA","isPartOf":{"@id":"https:\/\/www.vita.sk\/#website"},"primaryImageOfPage":{"@id":"https:\/\/www.vita.sk\/online-kurz-jazyk-r-i-zaciatocnik\/#primaryimage"},"image":{"@id":"https:\/\/www.vita.sk\/online-kurz-jazyk-r-i-zaciatocnik\/#primaryimage"},"thumbnailUrl":"https:\/\/www.vita.sk\/wp-content\/uploads\/2019\/08\/Programovaci-jazyk-R.png","datePublished":"2023-05-19T11:41:59+00:00","dateModified":"2024-11-01T10:06:16+00:00","description":"V online kurze Jazyk R I. Za\u010diato\u010dn\u00edk sa nau\u010d\u00edte z\u00e1klady programovania v jazyku R pre \u0161tatistick\u00fa anal\u00fdzu a vizualiz\u00e1ciu d\u00e1t. \u2705","breadcrumb":{"@id":"https:\/\/www.vita.sk\/online-kurz-jazyk-r-i-zaciatocnik\/#breadcrumb"},"inLanguage":"en-US","potentialAction":[{"@type":"ReadAction","target":["https:\/\/www.vita.sk\/online-kurz-jazyk-r-i-zaciatocnik\/"]}]},{"@type":"ImageObject","inLanguage":"en-US","@id":"https:\/\/www.vita.sk\/online-kurz-jazyk-r-i-zaciatocnik\/#primaryimage","url":"https:\/\/www.vita.sk\/wp-content\/uploads\/2019\/08\/Programovaci-jazyk-R.png","contentUrl":"https:\/\/www.vita.sk\/wp-content\/uploads\/2019\/08\/Programovaci-jazyk-R.png","width":360,"height":360,"caption":"Online kurz Programovac\u00ed Jazyk R"},{"@type":"BreadcrumbList","@id":"https:\/\/www.vita.sk\/online-kurz-jazyk-r-i-zaciatocnik\/#breadcrumb","itemListElement":[{"@type":"ListItem","position":1,"name":"VITA Academy","item":"https:\/\/www.vita.sk\/en\/"},{"@type":"ListItem","position":2,"name":"Shop","item":"https:\/\/www.vita.sk\/shop\/"},{"@type":"ListItem","position":3,"name":"Programovacie Jazyky","item":"https:\/\/www.vita.sk\/online-kurzy-programovacie-jazyky\/"},{"@type":"ListItem","position":4,"name":"Programovanie a \u0160tatistika v R","item":"https:\/\/www.vita.sk\/online-kurzy-programovanie-a-statistika-v-r\/"},{"@type":"ListItem","position":5,"name":"Online kurz Jazyk R I. Za\u010diato\u010dn\u00edk"}]},{"@type":"WebSite","@id":"https:\/\/www.vita.sk\/#website","url":"https:\/\/www.vita.sk\/","name":"VITA","description":"","publisher":{"@id":"https:\/\/www.vita.sk\/#organization"},"potentialAction":[{"@type":"SearchAction","target":{"@type":"EntryPoint","urlTemplate":"https:\/\/www.vita.sk\/?s={search_term_string}"},"query-input":{"@type":"PropertyValueSpecification","valueRequired":true,"valueName":"search_term_string"}}],"inLanguage":"en-US"},{"email":"admin@vita.sk","logo":"https:\/\/www.vita.sk\/img\/vita_logo.png ","address":{"type":"PostalAddress","streetAddress":"Tom\u00e1\u0161ikova 50\/A","addressLocality":"Bratislava","postalCode":"83104","addressCountry":{"name":"SK","type":"Country"}},"contactPoint":{"type":"ContactPoint","telephone":"+421 907 375\u00a0543","Email":"admin@vita.sk","contactType":"customer service"},"sameAs":["https:\/\/www.facebook.com\/VitaAcademySK\/","https:\/\/www.linkedin.com\/company\/vita-academy\/"]}]}},"acf":[],"_links":{"self":[{"href":"https:\/\/www.vita.sk\/en\/wp-json\/wp\/v2\/product\/12393","targetHints":{"allow":["GET"]}}],"collection":[{"href":"https:\/\/www.vita.sk\/en\/wp-json\/wp\/v2\/product"}],"about":[{"href":"https:\/\/www.vita.sk\/en\/wp-json\/wp\/v2\/types\/product"}],"author":[{"embeddable":true,"href":"https:\/\/www.vita.sk\/en\/wp-json\/wp\/v2\/users\/4"}],"replies":[{"embeddable":true,"href":"https:\/\/www.vita.sk\/en\/wp-json\/wp\/v2\/comments?post=12393"}],"wp:featuredmedia":[{"embeddable":true,"href":"https:\/\/www.vita.sk\/en\/wp-json\/wp\/v2\/media\/1023"}],"wp:attachment":[{"href":"https:\/\/www.vita.sk\/en\/wp-json\/wp\/v2\/media?parent=12393"}],"wp:term":[{"taxonomy":"product_brand","embeddable":true,"href":"https:\/\/www.vita.sk\/en\/wp-json\/wp\/v2\/product_brand?post=12393"},{"taxonomy":"product_cat","embeddable":true,"href":"https:\/\/www.vita.sk\/en\/wp-json\/wp\/v2\/product_cat?post=12393"},{"taxonomy":"product_tag","embeddable":true,"href":"https:\/\/www.vita.sk\/en\/wp-json\/wp\/v2\/product_tag?post=12393"}],"curies":[{"name":"wp","href":"https:\/\/api.w.org\/{rel}","templated":true}]}}