{"id":15110,"date":"2023-08-09T15:07:03","date_gmt":"2023-08-09T13:07:03","guid":{"rendered":"https:\/\/www.vita.sk\/?post_type=product&#038;p=15110"},"modified":"2026-01-27T10:52:20","modified_gmt":"2026-01-27T09:52:20","slug":"online-kurz-business-analyza-babok","status":"publish","type":"product","link":"https:\/\/www.vita.sk\/en\/online-kurz-business-analyza-babok\/","title":{"rendered":"Online kurz Business Anal\u00fdza (BABOK)"},"content":{"rendered":"<p>Online kurz Business Anal\u00fdza (BABOK) je ur\u010den\u00fd pre t\u00fdch, ktor\u00ed sa chc\u00fa nau\u010di\u0165 vyu\u017e\u00edva\u0165 n\u00e1stroje na nap\u013a\u0148anie strategick\u00fdch cie\u013eov, vytv\u00e1ranie hodnotnej\u0161\u00edch podkladov pre mana\u017e\u00e9rske rozhodovanie, reportov a v\u00fdstupov. <strong>Ide o jedin\u00fd akreditovan\u00fd a certifikovan\u00fd online kurz na D\u00e1tov\u00fa Analytiku a BABOK na Slovensku.<\/strong> Na online kurze Business Anal\u00fdza m\u00e1me pre v\u00e1s pripraven\u00e9 pr\u00edklady na pou\u017eitie r\u00f4znych techn\u00edk, ako s\u00fa my\u0161lienkov\u00e9 mapy, procesn\u00e9 modelovanie, anal\u00fdza k\u013e\u00fa\u010dov\u00fdch slov na webe alebo spracovanie d\u00e1t, ktor\u00e9 sl\u00fa\u017eia na zhroma\u017e\u010fovanie, dokumentovanie a anal\u00fdzu procesov. Kurz vych\u00e1dza z najuzn\u00e1vanej\u0161ieho \u0161tandardu business anal\u00fdzy a to metodiky BABOK.<\/p>\n","protected":false},"excerpt":{"rendered":"<p>Online kurz Business Anal\u00fdza je ur\u010den\u00fd pre t\u00fdch, ktor\u00ed sa chc\u00fa nau\u010di\u0165 vyu\u017e\u00edva\u0165 n\u00e1stroje na vytv\u00e1ranie podkladov pre rozhodovanie, reportov a v\u00fdstupov. Na online kurze Business Anal\u00fdza m\u00e1me pre v\u00e1s pripraven\u00e9 pr\u00edklady na pou\u017eitie r\u00f4znych techn\u00edk, ako s\u00fa my\u0161lienkov\u00e9 mapy, procesn\u00e9 modelovanie alebo spracovanie d\u00e1t, na zhroma\u017e\u010fovanie, dokumentovanie a anal\u00fdzu procesov.","protected":false},"author":27,"featured_media":4568,"comment_status":"open","ping_status":"closed","template":"","meta":{"_acf_changed":false},"product_brand":[],"product_cat":[99,49,73],"product_tag":[198,582,583,188,189],"class_list":{"0":"post-15110","1":"product","2":"type-product","3":"status-publish","4":"has-post-thumbnail","6":"product_cat-online-kurzy-programovacie-jazyky","7":"product_cat-online-kurzy-databazy-statistika-analytika","8":"product_cat-bez-kategorie","9":"product_tag-excel","10":"product_tag-bpmn","11":"product_tag-analyza","12":"product_tag-databazy-a-analytika","13":"product_tag-programovacie-jazyky","15":"first","16":"instock","17":"sale","18":"sold-individually","19":"taxable","20":"shipping-taxable","21":"purchasable","22":"product-type-simple"},"yoast_head":"<!-- This site is optimized with the Yoast SEO Premium plugin v25.0 (Yoast SEO v25.0) - https:\/\/yoast.com\/wordpress\/plugins\/seo\/ -->\n<title>Online kurz Business Anal\u00fdza (BABOK) 2026 | VITA<\/title>\n<meta name=\"description\" content=\"Online kurz Business Anal\u00fdza BABOK je ur\u010den\u00fd pre t\u00fdch, ktor\u00ed chc\u00fa vyu\u017e\u00edva\u0165 n\u00e1stroje na vytv\u00e1ranie podkladov pre rozhodovanie, reportov mana\u017ementu.\" \/>\n<meta name=\"robots\" content=\"index, follow, max-snippet:-1, max-image-preview:large, max-video-preview:-1\" \/>\n<link rel=\"canonical\" href=\"https:\/\/www.vita.sk\/online-kurz-business-analyza-babok\/\" \/>\n<meta property=\"og:locale\" content=\"en_US\" \/>\n<meta property=\"og:type\" content=\"article\" \/>\n<meta property=\"og:title\" content=\"Online kurz Business Anal\u00fdza (BABOK)\" \/>\n<meta property=\"og:description\" content=\"Online kurz Business Anal\u00fdza BABOK je ur\u010den\u00fd pre t\u00fdch, ktor\u00ed chc\u00fa vyu\u017e\u00edva\u0165 n\u00e1stroje na vytv\u00e1ranie podkladov pre rozhodovanie, reportov mana\u017ementu.\" \/>\n<meta property=\"og:url\" content=\"https:\/\/www.vita.sk\/online-kurz-business-analyza-babok\/\" \/>\n<meta property=\"og:site_name\" content=\"VITA\" \/>\n<meta property=\"article:publisher\" content=\"https:\/\/www.facebook.com\/VitaAcademySK\" \/>\n<meta property=\"article:modified_time\" content=\"2026-01-27T09:52:20+00:00\" \/>\n<meta property=\"og:image\" content=\"https:\/\/www.vita.sk\/wp-content\/uploads\/2020\/11\/kurz-IT-Management-a-Business.png\" \/>\n\t<meta property=\"og:image:width\" content=\"360\" \/>\n\t<meta property=\"og:image:height\" content=\"360\" \/>\n\t<meta property=\"og:image:type\" content=\"image\/png\" \/>\n<meta name=\"twitter:card\" content=\"summary_large_image\" \/>\n<meta name=\"twitter:label1\" content=\"Est. reading time\" \/>\n\t<meta name=\"twitter:data1\" content=\"1 minute\" \/>\n<script type=\"application\/ld+json\" class=\"yoast-schema-graph\">{\n\t    \"@context\": \"https:\/\/schema.org\",\n\t    \"@graph\": [\n\t        {\n\t            \"@type\": \"WebPage\",\n\t            \"@id\": \"https:\/\/www.vita.sk\/online-kurz-business-analyza-babok\/\",\n\t            \"url\": \"https:\/\/www.vita.sk\/online-kurz-business-analyza-babok\/\",\n\t            \"name\": \"Online kurz Business Anal\u00fdza (BABOK) {Y} | VITA\",\n\t            \"isPartOf\": {\n\t                \"@id\": \"https:\/\/www.vita.sk\/#website\"\n\t            },\n\t            \"primaryImageOfPage\": {\n\t                \"@id\": \"https:\/\/www.vita.sk\/online-kurz-business-analyza-babok\/#primaryimage\"\n\t            },\n\t            \"image\": {\n\t                \"@id\": \"https:\/\/www.vita.sk\/online-kurz-business-analyza-babok\/#primaryimage\"\n\t            },\n\t            \"thumbnailUrl\": \"https:\/\/www.vita.sk\/wp-content\/uploads\/2020\/11\/kurz-IT-Management-a-Business.png\",\n\t            \"datePublished\": \"2023-08-09T13:07:03+00:00\",\n\t            \"dateModified\": \"2026-01-27T09:52:20+00:00\",\n\t            \"description\": \"Online kurz Business Anal\u00fdza BABOK je ur\u010den\u00fd pre t\u00fdch, ktor\u00ed chc\u00fa vyu\u017e\u00edva\u0165 n\u00e1stroje na vytv\u00e1ranie podkladov pre rozhodovanie, reportov mana\u017ementu.\",\n\t            \"breadcrumb\": {\n\t                \"@id\": \"https:\/\/www.vita.sk\/online-kurz-business-analyza-babok\/#breadcrumb\"\n\t            },\n\t            \"inLanguage\": \"en-US\",\n\t            \"potentialAction\": [\n\t                {\n\t                    \"@type\": \"ReadAction\",\n\t                    \"target\": [\n\t                        \"https:\/\/www.vita.sk\/online-kurz-business-analyza-babok\/\"\n\t                    ]\n\t                }\n\t            ]\n\t        },\n\t        {\n\t            \"@type\": \"ImageObject\",\n\t            \"inLanguage\": \"en-US\",\n\t            \"@id\": \"https:\/\/www.vita.sk\/online-kurz-business-analyza-babok\/#primaryimage\",\n\t            \"url\": \"https:\/\/www.vita.sk\/wp-content\/uploads\/2020\/11\/kurz-IT-Management-a-Business.png\",\n\t            \"contentUrl\": \"https:\/\/www.vita.sk\/wp-content\/uploads\/2020\/11\/kurz-IT-Management-a-Business.png\",\n\t            \"width\": 360,\n\t            \"height\": 360,\n\t            \"caption\": \"Online kurz IT Management a Business\"\n\t        },\n\t        {\n\t            \"@type\": \"BreadcrumbList\",\n\t            \"@id\": \"https:\/\/www.vita.sk\/online-kurz-business-analyza-babok\/#breadcrumb\",\n\t            \"itemListElement\": [\n\t                {\n\t                    \"@type\": \"ListItem\",\n\t                    \"position\": 1,\n\t                    \"name\": \"VITA Academy\",\n\t                    \"item\": \"https:\/\/www.vita.sk\/en\/\"\n\t                },\n\t                {\n\t                    \"@type\": \"ListItem\",\n\t                    \"position\": 2,\n\t                    \"name\": \"Shop\",\n\t                    \"item\": \"https:\/\/www.vita.sk\/shop\/\"\n\t                },\n\t                {\n\t                    \"@type\": \"ListItem\",\n\t                    \"position\": 3,\n\t                    \"name\": \"Programovacie Jazyky\",\n\t                    \"item\": \"https:\/\/www.vita.sk\/online-kurzy-programovacie-jazyky\/\"\n\t                },\n\t                {\n\t                    \"@type\": \"ListItem\",\n\t                    \"position\": 4,\n\t                    \"name\": \"Online kurz Business Anal\u00fdza (BABOK)\"\n\t                }\n\t            ]\n\t        },\n\t        {\n\t            \"@type\": \"WebSite\",\n\t            \"@id\": \"https:\/\/www.vita.sk\/#website\",\n\t            \"url\": \"https:\/\/www.vita.sk\/\",\n\t            \"name\": \"VITA\",\n\t            \"description\": \"\",\n\t            \"publisher\": {\n\t                \"@id\": \"https:\/\/www.vita.sk\/#organization\"\n\t            },\n\t            \"potentialAction\": [\n\t                {\n\t                    \"@type\": \"SearchAction\",\n\t                    \"target\": {\n\t                        \"@type\": \"EntryPoint\",\n\t                        \"urlTemplate\": \"https:\/\/www.vita.sk\/?s={search_term_string}\"\n\t                    },\n\t                    \"query-input\": {\n\t                        \"@type\": \"PropertyValueSpecification\",\n\t                        \"valueRequired\": true,\n\t                        \"valueName\": \"search_term_string\"\n\t                    }\n\t                }\n\t            ],\n\t            \"inLanguage\": \"en-US\"\n\t        },\n\t        {\n\t            \"email\": \"admin@vita.sk\",\n\t            \"logo\": \"https:\/\/www.vita.sk\/img\/vita_logo.png \",\n\t            \"address\": {\n\t                \"type\": \"PostalAddress\",\n\t                \"streetAddress\": \"Tom\u00e1\u0161ikova 50\/A\",\n\t                \"addressLocality\": \"Bratislava\",\n\t                \"postalCode\": \"83104\",\n\t                \"addressCountry\": {\n\t                    \"name\": \"SK\",\n\t                    \"type\": \"Country\"\n\t                }\n\t            },\n\t            \"contactPoint\": {\n\t                \"type\": \"ContactPoint\",\n\t                \"telephone\": \"+421 907 375\u00a0543\",\n\t                \"Email\": \"admin@vita.sk\",\n\t                \"contactType\": \"customer service\"\n\t            },\n\t            \"sameAs\": [\n\t                \"https:\/\/www.facebook.com\/VitaAcademySK\/\",\n\t                \"https:\/\/www.linkedin.com\/company\/vita-academy\/\"\n\t            ]\n\t        }\n\t    ]\n\t}<\/script>\n<!-- \/ Yoast SEO Premium plugin. -->","yoast_head_json":{"title":"Online kurz Business Anal\u00fdza (BABOK) 2026 | VITA","description":"Online kurz Business Anal\u00fdza BABOK je ur\u010den\u00fd pre t\u00fdch, ktor\u00ed chc\u00fa vyu\u017e\u00edva\u0165 n\u00e1stroje na vytv\u00e1ranie podkladov pre rozhodovanie, reportov mana\u017ementu.","robots":{"index":"index","follow":"follow","max-snippet":"max-snippet:-1","max-image-preview":"max-image-preview:large","max-video-preview":"max-video-preview:-1"},"canonical":"https:\/\/www.vita.sk\/online-kurz-business-analyza-babok\/","og_locale":"en_US","og_type":"article","og_title":"Online kurz Business Anal\u00fdza (BABOK)","og_description":"Online kurz Business Anal\u00fdza BABOK je ur\u010den\u00fd pre t\u00fdch, ktor\u00ed chc\u00fa vyu\u017e\u00edva\u0165 n\u00e1stroje na vytv\u00e1ranie podkladov pre rozhodovanie, reportov mana\u017ementu.","og_url":"https:\/\/www.vita.sk\/online-kurz-business-analyza-babok\/","og_site_name":"VITA","article_publisher":"https:\/\/www.facebook.com\/VitaAcademySK","article_modified_time":"2026-01-27T09:52:20+00:00","og_image":[{"width":360,"height":360,"url":"https:\/\/www.vita.sk\/wp-content\/uploads\/2020\/11\/kurz-IT-Management-a-Business.png","type":"image\/png"}],"twitter_card":"summary_large_image","twitter_misc":{"Est. reading time":"1 minute"},"schema":{"@context":"https:\/\/schema.org","@graph":[{"@type":"WebPage","@id":"https:\/\/www.vita.sk\/online-kurz-business-analyza-babok\/","url":"https:\/\/www.vita.sk\/online-kurz-business-analyza-babok\/","name":"Online kurz Business Anal\u00fdza (BABOK) {Y} | VITA","isPartOf":{"@id":"https:\/\/www.vita.sk\/#website"},"primaryImageOfPage":{"@id":"https:\/\/www.vita.sk\/online-kurz-business-analyza-babok\/#primaryimage"},"image":{"@id":"https:\/\/www.vita.sk\/online-kurz-business-analyza-babok\/#primaryimage"},"thumbnailUrl":"https:\/\/www.vita.sk\/wp-content\/uploads\/2020\/11\/kurz-IT-Management-a-Business.png","datePublished":"2023-08-09T13:07:03+00:00","dateModified":"2026-01-27T09:52:20+00:00","description":"Online kurz Business Anal\u00fdza BABOK je ur\u010den\u00fd pre t\u00fdch, ktor\u00ed chc\u00fa vyu\u017e\u00edva\u0165 n\u00e1stroje na vytv\u00e1ranie podkladov pre rozhodovanie, reportov mana\u017ementu.","breadcrumb":{"@id":"https:\/\/www.vita.sk\/online-kurz-business-analyza-babok\/#breadcrumb"},"inLanguage":"en-US","potentialAction":[{"@type":"ReadAction","target":["https:\/\/www.vita.sk\/online-kurz-business-analyza-babok\/"]}]},{"@type":"ImageObject","inLanguage":"en-US","@id":"https:\/\/www.vita.sk\/online-kurz-business-analyza-babok\/#primaryimage","url":"https:\/\/www.vita.sk\/wp-content\/uploads\/2020\/11\/kurz-IT-Management-a-Business.png","contentUrl":"https:\/\/www.vita.sk\/wp-content\/uploads\/2020\/11\/kurz-IT-Management-a-Business.png","width":360,"height":360,"caption":"Online kurz IT Management a Business"},{"@type":"BreadcrumbList","@id":"https:\/\/www.vita.sk\/online-kurz-business-analyza-babok\/#breadcrumb","itemListElement":[{"@type":"ListItem","position":1,"name":"VITA Academy","item":"https:\/\/www.vita.sk\/en\/"},{"@type":"ListItem","position":2,"name":"Shop","item":"https:\/\/www.vita.sk\/shop\/"},{"@type":"ListItem","position":3,"name":"Programovacie Jazyky","item":"https:\/\/www.vita.sk\/online-kurzy-programovacie-jazyky\/"},{"@type":"ListItem","position":4,"name":"Online kurz Business Anal\u00fdza (BABOK)"}]},{"@type":"WebSite","@id":"https:\/\/www.vita.sk\/#website","url":"https:\/\/www.vita.sk\/","name":"VITA","description":"","publisher":{"@id":"https:\/\/www.vita.sk\/#organization"},"potentialAction":[{"@type":"SearchAction","target":{"@type":"EntryPoint","urlTemplate":"https:\/\/www.vita.sk\/?s={search_term_string}"},"query-input":{"@type":"PropertyValueSpecification","valueRequired":true,"valueName":"search_term_string"}}],"inLanguage":"en-US"},{"email":"admin@vita.sk","logo":"https:\/\/www.vita.sk\/img\/vita_logo.png ","address":{"type":"PostalAddress","streetAddress":"Tom\u00e1\u0161ikova 50\/A","addressLocality":"Bratislava","postalCode":"83104","addressCountry":{"name":"SK","type":"Country"}},"contactPoint":{"type":"ContactPoint","telephone":"+421 907 375\u00a0543","Email":"admin@vita.sk","contactType":"customer service"},"sameAs":["https:\/\/www.facebook.com\/VitaAcademySK\/","https:\/\/www.linkedin.com\/company\/vita-academy\/"]}]}},"acf":[],"_links":{"self":[{"href":"https:\/\/www.vita.sk\/en\/wp-json\/wp\/v2\/product\/15110","targetHints":{"allow":["GET"]}}],"collection":[{"href":"https:\/\/www.vita.sk\/en\/wp-json\/wp\/v2\/product"}],"about":[{"href":"https:\/\/www.vita.sk\/en\/wp-json\/wp\/v2\/types\/product"}],"author":[{"embeddable":true,"href":"https:\/\/www.vita.sk\/en\/wp-json\/wp\/v2\/users\/27"}],"replies":[{"embeddable":true,"href":"https:\/\/www.vita.sk\/en\/wp-json\/wp\/v2\/comments?post=15110"}],"wp:featuredmedia":[{"embeddable":true,"href":"https:\/\/www.vita.sk\/en\/wp-json\/wp\/v2\/media\/4568"}],"wp:attachment":[{"href":"https:\/\/www.vita.sk\/en\/wp-json\/wp\/v2\/media?parent=15110"}],"wp:term":[{"taxonomy":"product_brand","embeddable":true,"href":"https:\/\/www.vita.sk\/en\/wp-json\/wp\/v2\/product_brand?post=15110"},{"taxonomy":"product_cat","embeddable":true,"href":"https:\/\/www.vita.sk\/en\/wp-json\/wp\/v2\/product_cat?post=15110"},{"taxonomy":"product_tag","embeddable":true,"href":"https:\/\/www.vita.sk\/en\/wp-json\/wp\/v2\/product_tag?post=15110"}],"curies":[{"name":"wp","href":"https:\/\/api.w.org\/{rel}","templated":true}]}}