{"id":15356,"date":"2023-09-04T13:40:10","date_gmt":"2023-09-04T11:40:10","guid":{"rendered":"https:\/\/www.vita.sk\/?post_type=product&#038;p=15356"},"modified":"2025-12-20T12:48:50","modified_gmt":"2025-12-20T11:48:50","slug":"online-kurz-wordpress-woocommerce","status":"publish","type":"product","link":"https:\/\/www.vita.sk\/en\/online-kurz-wordpress-woocommerce\/","title":{"rendered":"Online kurz WordPress WooCommerce"},"content":{"rendered":"<p>Online kurz WordPress WooCommerce je pre v\u00e1s ide\u00e1lny, ak sa chcete nau\u010di\u0165 vytvori\u0165 a spravova\u0165 vlastn\u00fd eshop pomocou syst\u00e9mu WordPress a jeho roz\u0161\u00edrenia WooCommerce. <strong>Ide o akreditovan\u00fd a certifikovan\u00fd kurz na WordPress WooCommerce.<\/strong> V tomto kurze sa nau\u010d\u00edte in\u0161talova\u0165 a konfigurova\u0165 plugin WooCommerce, ktor\u00fd premen\u00ed va\u0161u webov\u00fa str\u00e1nku na plnohodnotn\u00fd internetov\u00fd obchod. Osvoj\u00edte si zru\u010dnosti potrebn\u00e9 na prid\u00e1vanie, \u00fapravu a spr\u00e1vu produktov vr\u00e1tane nastavenia cien, obr\u00e1zkov a popisov. Z\u00edskate preh\u013ead o spr\u00e1ve platieb a pou\u017e\u00edvate\u013eov, \u010do v\u00e1m umo\u017en\u00ed efekt\u00edvne riadi\u0165 v\u00e1\u0161 eshop. Kurz sa zameriava aj na z\u00e1klady jazyka HTML pre tabu\u013eky, \u010do v\u00e1m umo\u017en\u00ed lep\u0161ie porozumie\u0165 \u0161trukt\u00fare webov\u00fdch str\u00e1nok a vykon\u00e1va\u0165 jednoduch\u00e9 \u00fapravy pod\u013ea potreby. Nau\u010d\u00edte sa tvori\u0165 a form\u00e1tova\u0165 tabu\u013eky, \u010do je u\u017eito\u010dn\u00e9 pri prezent\u00e1cii produktov\u00fdch inform\u00e1ci\u00ed. Okrem technick\u00fdch aspektov sa kurz venuje aj r\u00f4znym sp\u00f4sobom zar\u00e1bania prostredn\u00edctvom digit\u00e1lneho a affiliate marketingu. Dozviete sa, ako efekt\u00edvne propagova\u0165 v\u00e1\u0161 eshop a pril\u00e1ka\u0165 viac z\u00e1kazn\u00edkov. D\u00f4le\u017eitou s\u00fa\u010das\u0165ou kurzu je aj obozn\u00e1menie sa s protokolmi FTP a SFTP, ako aj so zabezpe\u010den\u00edm d\u00e1t pomocou \u0161ifrovania. Nau\u010d\u00edte sa spravova\u0165 webstr\u00e1nku pomocou n\u00e1stroja WinSCP, \u010do v\u00e1m umo\u017en\u00ed efekt\u00edvne nahr\u00e1va\u0165 a spravova\u0165 s\u00fabory na serveri. Pre lep\u0161ie pochopenie spr\u00e1vania n\u00e1v\u0161tevn\u00edkov v\u00e1\u0161ho e-shopu sa obozn\u00e1mite s n\u00e1strojom Google Analytics 4. Nau\u010d\u00edte sa analyzova\u0165 z\u00e1kazn\u00edcke a n\u00e1kupn\u00e9 cesty, \u010do v\u00e1m pom\u00f4\u017ee optimalizova\u0165 v\u00e1\u0161 eshop a zv\u00fd\u0161i\u0165 predaje. Absolvovan\u00edm tohto kurzu z\u00edskate komplexn\u00e9 znalosti a praktick\u00e9 zru\u010dnosti potrebn\u00e9 na vytvorenie, spr\u00e1vu a propag\u00e1ciu \u00faspe\u0161n\u00e9ho eshopu pomocou WordPress a WooCommerce. T\u00fdm z\u00edskate konkuren\u010dn\u00fa v\u00fdhodu na trhu a otvor\u00edte si nov\u00e9 podnikate\u013esk\u00e9 pr\u00edle\u017eitosti v online prostred\u00ed. Ak sa chcete skuto\u010dne nau\u010di\u0165 pou\u017e\u00edva\u0165 WordPress WooCommerce, tak toto je ide\u00e1lny vstupn\u00fd online kurz pre v\u00e1s.<\/p>\n","protected":false},"excerpt":{"rendered":"<p>Online kurz WordPress WooCommerce v\u00e1s nau\u010d\u00ed vytvori\u0165 plnohodnotn\u00fd eshop, spravova\u0165 produkty, objedn\u00e1vky, platby, dopravu a v\u0161etky k\u013e\u00fa\u010dov\u00e9 nastavenia elektronick\u00e9ho obchodu priamo vo WordPresse. Z\u00edskate praktick\u00e9 zru\u010dnosti potrebn\u00e9 na vybudovanie profesion\u00e1lneho internetov\u00e9ho obchodu pre podnikanie aj klientov. Zvl\u00e1dnete cel\u00fd proces predaja vr\u00e1tane \u00faprav dizajnu, objedn\u00e1vok a zabezpe\u010denia webu.","protected":false},"author":4,"featured_media":4305,"comment_status":"open","ping_status":"closed","template":"","meta":{"_acf_changed":false},"product_brand":[],"product_cat":[127,114,73],"product_tag":[193,481],"class_list":{"0":"post-15356","1":"product","2":"type-product","3":"status-publish","4":"has-post-thumbnail","6":"product_cat-online-kurzy-wordpress","7":"product_cat-online-kurzy-tvorba-web-stranok","8":"product_cat-bez-kategorie","9":"product_tag-tvorba-web-stranok","10":"product_tag-wordpress","12":"first","13":"instock","14":"sale","15":"sold-individually","16":"taxable","17":"shipping-taxable","18":"purchasable","19":"product-type-simple"},"yoast_head":"<!-- This site is optimized with the Yoast SEO Premium plugin v25.0 (Yoast SEO v25.0) - https:\/\/yoast.com\/wordpress\/plugins\/seo\/ -->\n<title>Online kurz WordPress WooCommerce 2026 | VITA<\/title>\n<meta name=\"description\" content=\"V online kurze WordPress WooCommerce sa nau\u010d\u00edte, ako vytvori\u0165 a spravova\u0165 vlastn\u00fd e-shop pomocou WordPress a WooCommerce. \u2705\" \/>\n<meta name=\"robots\" content=\"index, follow, max-snippet:-1, max-image-preview:large, max-video-preview:-1\" \/>\n<link rel=\"canonical\" href=\"https:\/\/www.vita.sk\/online-kurz-wordpress-woocommerce\/\" \/>\n<meta property=\"og:locale\" content=\"en_US\" \/>\n<meta property=\"og:type\" content=\"article\" \/>\n<meta property=\"og:title\" content=\"Online kurz WordPress WooCommerce\" \/>\n<meta property=\"og:description\" content=\"V online kurze WordPress WooCommerce sa nau\u010d\u00edte, ako vytvori\u0165 a spravova\u0165 vlastn\u00fd e-shop pomocou WordPress a WooCommerce. \u2705\" \/>\n<meta property=\"og:url\" content=\"https:\/\/www.vita.sk\/online-kurz-wordpress-woocommerce\/\" \/>\n<meta property=\"og:site_name\" content=\"VITA\" \/>\n<meta property=\"article:publisher\" content=\"https:\/\/www.facebook.com\/VitaAcademySK\" \/>\n<meta property=\"article:modified_time\" content=\"2025-12-20T11:48:50+00:00\" \/>\n<meta property=\"og:image\" content=\"https:\/\/www.vita.sk\/wp-content\/uploads\/2020\/11\/kurz-WooCommerce.png\" \/>\n\t<meta property=\"og:image:width\" content=\"360\" \/>\n\t<meta property=\"og:image:height\" content=\"360\" \/>\n\t<meta property=\"og:image:type\" content=\"image\/png\" \/>\n<meta name=\"twitter:card\" content=\"summary_large_image\" \/>\n<meta name=\"twitter:label1\" content=\"Est. reading time\" \/>\n\t<meta name=\"twitter:data1\" content=\"2 minutes\" \/>\n<script type=\"application\/ld+json\" class=\"yoast-schema-graph\">{\n\t    \"@context\": \"https:\/\/schema.org\",\n\t    \"@graph\": [\n\t        {\n\t            \"@type\": \"WebPage\",\n\t            \"@id\": \"https:\/\/www.vita.sk\/online-kurz-wordpress-woocommerce\/\",\n\t            \"url\": \"https:\/\/www.vita.sk\/online-kurz-wordpress-woocommerce\/\",\n\t            \"name\": \"Online kurz WordPress WooCommerce {Y} | VITA\",\n\t            \"isPartOf\": {\n\t                \"@id\": \"https:\/\/www.vita.sk\/#website\"\n\t            },\n\t            \"primaryImageOfPage\": {\n\t                \"@id\": \"https:\/\/www.vita.sk\/online-kurz-wordpress-woocommerce\/#primaryimage\"\n\t            },\n\t            \"image\": {\n\t                \"@id\": \"https:\/\/www.vita.sk\/online-kurz-wordpress-woocommerce\/#primaryimage\"\n\t            },\n\t            \"thumbnailUrl\": \"https:\/\/www.vita.sk\/wp-content\/uploads\/2020\/11\/kurz-WooCommerce.png\",\n\t            \"datePublished\": \"2023-09-04T11:40:10+00:00\",\n\t            \"dateModified\": \"2025-12-20T11:48:50+00:00\",\n\t            \"description\": \"V online kurze WordPress WooCommerce sa nau\u010d\u00edte, ako vytvori\u0165 a spravova\u0165 vlastn\u00fd e-shop pomocou WordPress a WooCommerce. \u2705\",\n\t            \"breadcrumb\": {\n\t                \"@id\": \"https:\/\/www.vita.sk\/online-kurz-wordpress-woocommerce\/#breadcrumb\"\n\t            },\n\t            \"inLanguage\": \"en-US\",\n\t            \"potentialAction\": [\n\t                {\n\t                    \"@type\": \"ReadAction\",\n\t                    \"target\": [\n\t                        \"https:\/\/www.vita.sk\/online-kurz-wordpress-woocommerce\/\"\n\t                    ]\n\t                }\n\t            ]\n\t        },\n\t        {\n\t            \"@type\": \"ImageObject\",\n\t            \"inLanguage\": \"en-US\",\n\t            \"@id\": \"https:\/\/www.vita.sk\/online-kurz-wordpress-woocommerce\/#primaryimage\",\n\t            \"url\": \"https:\/\/www.vita.sk\/wp-content\/uploads\/2020\/11\/kurz-WooCommerce.png\",\n\t            \"contentUrl\": \"https:\/\/www.vita.sk\/wp-content\/uploads\/2020\/11\/kurz-WooCommerce.png\",\n\t            \"width\": 360,\n\t            \"height\": 360,\n\t            \"caption\": \"Online kurz WooCommerce\"\n\t        },\n\t        {\n\t            \"@type\": \"BreadcrumbList\",\n\t            \"@id\": \"https:\/\/www.vita.sk\/online-kurz-wordpress-woocommerce\/#breadcrumb\",\n\t            \"itemListElement\": [\n\t                {\n\t                    \"@type\": \"ListItem\",\n\t                    \"position\": 1,\n\t                    \"name\": \"VITA Academy\",\n\t                    \"item\": \"https:\/\/www.vita.sk\/en\/\"\n\t                },\n\t                {\n\t                    \"@type\": \"ListItem\",\n\t                    \"position\": 2,\n\t                    \"name\": \"Shop\",\n\t                    \"item\": \"https:\/\/www.vita.sk\/shop\/\"\n\t                },\n\t                {\n\t                    \"@type\": \"ListItem\",\n\t                    \"position\": 3,\n\t                    \"name\": \"Tvorba Web Str\u00e1nok\",\n\t                    \"item\": \"https:\/\/www.vita.sk\/online-kurzy-tvorba-web-stranok\/\"\n\t                },\n\t                {\n\t                    \"@type\": \"ListItem\",\n\t                    \"position\": 4,\n\t                    \"name\": \"Online kurz WordPress WooCommerce\"\n\t                }\n\t            ]\n\t        },\n\t        {\n\t            \"@type\": \"WebSite\",\n\t            \"@id\": \"https:\/\/www.vita.sk\/#website\",\n\t            \"url\": \"https:\/\/www.vita.sk\/\",\n\t            \"name\": \"VITA\",\n\t            \"description\": \"\",\n\t            \"publisher\": {\n\t                \"@id\": \"https:\/\/www.vita.sk\/#organization\"\n\t            },\n\t            \"potentialAction\": [\n\t                {\n\t                    \"@type\": \"SearchAction\",\n\t                    \"target\": {\n\t                        \"@type\": \"EntryPoint\",\n\t                        \"urlTemplate\": \"https:\/\/www.vita.sk\/?s={search_term_string}\"\n\t                    },\n\t                    \"query-input\": {\n\t                        \"@type\": \"PropertyValueSpecification\",\n\t                        \"valueRequired\": true,\n\t                        \"valueName\": \"search_term_string\"\n\t                    }\n\t                }\n\t            ],\n\t            \"inLanguage\": \"en-US\"\n\t        },\n\t        {\n\t            \"email\": \"admin@vita.sk\",\n\t            \"logo\": \"https:\/\/www.vita.sk\/img\/vita_logo.png \",\n\t            \"address\": {\n\t                \"type\": \"PostalAddress\",\n\t                \"streetAddress\": \"Tom\u00e1\u0161ikova 50\/A\",\n\t                \"addressLocality\": \"Bratislava\",\n\t                \"postalCode\": \"83104\",\n\t                \"addressCountry\": {\n\t                    \"name\": \"SK\",\n\t                    \"type\": \"Country\"\n\t                }\n\t            },\n\t            \"contactPoint\": {\n\t                \"type\": \"ContactPoint\",\n\t                \"telephone\": \"+421 907 375\u00a0543\",\n\t                \"Email\": \"admin@vita.sk\",\n\t                \"contactType\": \"customer service\"\n\t            },\n\t            \"sameAs\": [\n\t                \"https:\/\/www.facebook.com\/VitaAcademySK\/\",\n\t                \"https:\/\/www.linkedin.com\/company\/vita-academy\/\"\n\t            ]\n\t        }\n\t    ]\n\t}<\/script>\n<!-- \/ Yoast SEO Premium plugin. -->","yoast_head_json":{"title":"Online kurz WordPress WooCommerce 2026 | VITA","description":"V online kurze WordPress WooCommerce sa nau\u010d\u00edte, ako vytvori\u0165 a spravova\u0165 vlastn\u00fd e-shop pomocou WordPress a WooCommerce. \u2705","robots":{"index":"index","follow":"follow","max-snippet":"max-snippet:-1","max-image-preview":"max-image-preview:large","max-video-preview":"max-video-preview:-1"},"canonical":"https:\/\/www.vita.sk\/online-kurz-wordpress-woocommerce\/","og_locale":"en_US","og_type":"article","og_title":"Online kurz WordPress WooCommerce","og_description":"V online kurze WordPress WooCommerce sa nau\u010d\u00edte, ako vytvori\u0165 a spravova\u0165 vlastn\u00fd e-shop pomocou WordPress a WooCommerce. \u2705","og_url":"https:\/\/www.vita.sk\/online-kurz-wordpress-woocommerce\/","og_site_name":"VITA","article_publisher":"https:\/\/www.facebook.com\/VitaAcademySK","article_modified_time":"2025-12-20T11:48:50+00:00","og_image":[{"width":360,"height":360,"url":"https:\/\/www.vita.sk\/wp-content\/uploads\/2020\/11\/kurz-WooCommerce.png","type":"image\/png"}],"twitter_card":"summary_large_image","twitter_misc":{"Est. reading time":"2 minutes"},"schema":{"@context":"https:\/\/schema.org","@graph":[{"@type":"WebPage","@id":"https:\/\/www.vita.sk\/online-kurz-wordpress-woocommerce\/","url":"https:\/\/www.vita.sk\/online-kurz-wordpress-woocommerce\/","name":"Online kurz WordPress WooCommerce {Y} | VITA","isPartOf":{"@id":"https:\/\/www.vita.sk\/#website"},"primaryImageOfPage":{"@id":"https:\/\/www.vita.sk\/online-kurz-wordpress-woocommerce\/#primaryimage"},"image":{"@id":"https:\/\/www.vita.sk\/online-kurz-wordpress-woocommerce\/#primaryimage"},"thumbnailUrl":"https:\/\/www.vita.sk\/wp-content\/uploads\/2020\/11\/kurz-WooCommerce.png","datePublished":"2023-09-04T11:40:10+00:00","dateModified":"2025-12-20T11:48:50+00:00","description":"V online kurze WordPress WooCommerce sa nau\u010d\u00edte, ako vytvori\u0165 a spravova\u0165 vlastn\u00fd e-shop pomocou WordPress a WooCommerce. \u2705","breadcrumb":{"@id":"https:\/\/www.vita.sk\/online-kurz-wordpress-woocommerce\/#breadcrumb"},"inLanguage":"en-US","potentialAction":[{"@type":"ReadAction","target":["https:\/\/www.vita.sk\/online-kurz-wordpress-woocommerce\/"]}]},{"@type":"ImageObject","inLanguage":"en-US","@id":"https:\/\/www.vita.sk\/online-kurz-wordpress-woocommerce\/#primaryimage","url":"https:\/\/www.vita.sk\/wp-content\/uploads\/2020\/11\/kurz-WooCommerce.png","contentUrl":"https:\/\/www.vita.sk\/wp-content\/uploads\/2020\/11\/kurz-WooCommerce.png","width":360,"height":360,"caption":"Online kurz WooCommerce"},{"@type":"BreadcrumbList","@id":"https:\/\/www.vita.sk\/online-kurz-wordpress-woocommerce\/#breadcrumb","itemListElement":[{"@type":"ListItem","position":1,"name":"VITA Academy","item":"https:\/\/www.vita.sk\/en\/"},{"@type":"ListItem","position":2,"name":"Shop","item":"https:\/\/www.vita.sk\/shop\/"},{"@type":"ListItem","position":3,"name":"Tvorba Web Str\u00e1nok","item":"https:\/\/www.vita.sk\/online-kurzy-tvorba-web-stranok\/"},{"@type":"ListItem","position":4,"name":"Online kurz WordPress WooCommerce"}]},{"@type":"WebSite","@id":"https:\/\/www.vita.sk\/#website","url":"https:\/\/www.vita.sk\/","name":"VITA","description":"","publisher":{"@id":"https:\/\/www.vita.sk\/#organization"},"potentialAction":[{"@type":"SearchAction","target":{"@type":"EntryPoint","urlTemplate":"https:\/\/www.vita.sk\/?s={search_term_string}"},"query-input":{"@type":"PropertyValueSpecification","valueRequired":true,"valueName":"search_term_string"}}],"inLanguage":"en-US"},{"email":"admin@vita.sk","logo":"https:\/\/www.vita.sk\/img\/vita_logo.png ","address":{"type":"PostalAddress","streetAddress":"Tom\u00e1\u0161ikova 50\/A","addressLocality":"Bratislava","postalCode":"83104","addressCountry":{"name":"SK","type":"Country"}},"contactPoint":{"type":"ContactPoint","telephone":"+421 907 375\u00a0543","Email":"admin@vita.sk","contactType":"customer service"},"sameAs":["https:\/\/www.facebook.com\/VitaAcademySK\/","https:\/\/www.linkedin.com\/company\/vita-academy\/"]}]}},"acf":[],"_links":{"self":[{"href":"https:\/\/www.vita.sk\/en\/wp-json\/wp\/v2\/product\/15356","targetHints":{"allow":["GET"]}}],"collection":[{"href":"https:\/\/www.vita.sk\/en\/wp-json\/wp\/v2\/product"}],"about":[{"href":"https:\/\/www.vita.sk\/en\/wp-json\/wp\/v2\/types\/product"}],"author":[{"embeddable":true,"href":"https:\/\/www.vita.sk\/en\/wp-json\/wp\/v2\/users\/4"}],"replies":[{"embeddable":true,"href":"https:\/\/www.vita.sk\/en\/wp-json\/wp\/v2\/comments?post=15356"}],"wp:featuredmedia":[{"embeddable":true,"href":"https:\/\/www.vita.sk\/en\/wp-json\/wp\/v2\/media\/4305"}],"wp:attachment":[{"href":"https:\/\/www.vita.sk\/en\/wp-json\/wp\/v2\/media?parent=15356"}],"wp:term":[{"taxonomy":"product_brand","embeddable":true,"href":"https:\/\/www.vita.sk\/en\/wp-json\/wp\/v2\/product_brand?post=15356"},{"taxonomy":"product_cat","embeddable":true,"href":"https:\/\/www.vita.sk\/en\/wp-json\/wp\/v2\/product_cat?post=15356"},{"taxonomy":"product_tag","embeddable":true,"href":"https:\/\/www.vita.sk\/en\/wp-json\/wp\/v2\/product_tag?post=15356"}],"curies":[{"name":"wp","href":"https:\/\/api.w.org\/{rel}","templated":true}]}}