{"id":16184,"date":"2023-10-06T15:49:46","date_gmt":"2023-10-06T13:49:46","guid":{"rendered":"https:\/\/www.vita.sk\/?post_type=product&#038;p=16184"},"modified":"2024-10-30T10:56:57","modified_gmt":"2024-10-30T09:56:57","slug":"online-kurz-jazyk-sql-mysql-postgresql-microsoft-sql-server","status":"publish","type":"product","link":"https:\/\/www.vita.sk\/en\/online-kurz-jazyk-sql-mysql-postgresql-microsoft-sql-server\/","title":{"rendered":"Online kurz Jazyk SQL &#8211; MySQL, PostgreSQL, Microsoft SQL Server"},"content":{"rendered":"<p>Online kurz Jazyk SQL &#8211; MySQL, PostgreSQL, Microsoft SQL Server je pre v\u00e1s ide\u00e1lny, ak sa chcete nau\u010di\u0165 jazyk SQL a jeho pou\u017eitie v r\u00f4znych datab\u00e1zov\u00fdch syst\u00e9moch. Z\u00edskate znalosti o tom, ako spracov\u00e1va\u0165 d\u00e1ta v dopytoch a pou\u017e\u00edva\u0165 \u0161tandardn\u00e9 funkcie. Spozn\u00e1te n\u00e1stroje na riadenie a spr\u00e1vu datab\u00e1z. Nau\u010d\u00edte sa sp\u00e1ja\u0165 d\u00e1ta z viacer\u00fdch tabuliek pomocou r\u00f4znych typov JOIN oper\u00e1ci\u00ed.<\/p>\n","protected":false},"excerpt":{"rendered":"<p>Online kurz Jazyk SQL &#8211; MySQL, PostgreSQL, Microsoft SQL Server je pre v\u00e1s ide\u00e1lny, ak sa chcete nau\u010di\u0165 jazyk SQL a jeho pou\u017eitie v r\u00f4znych datab\u00e1zov\u00fdch syst\u00e9moch. Z\u00edskate znalosti o tom, ako spracov\u00e1va\u0165 d\u00e1ta v dopytoch a pou\u017e\u00edva\u0165 \u0161tandardn\u00e9 funkcie. Spozn\u00e1te n\u00e1stroje na riadenie a spr\u00e1vu datab\u00e1z.","protected":false},"author":4,"featured_media":4265,"comment_status":"open","ping_status":"closed","template":"","meta":{"_acf_changed":false},"product_brand":[],"product_cat":[504,53,54,55,49,73],"product_tag":[188,207,347,353],"class_list":{"0":"post-16184","1":"product","2":"type-product","3":"status-publish","4":"has-post-thumbnail","6":"product_cat-databazy-a-sql","7":"product_cat-online-kurzy-mysql","8":"product_cat-online-kurzy-postgresql","9":"product_cat-online-kurzy-sql","10":"product_cat-online-kurzy-databazy-statistika-analytika","11":"product_cat-bez-kategorie","12":"product_tag-databazy-a-analytika","13":"product_tag-postgresql","14":"product_tag-sql","15":"product_tag-jazyk-sql","17":"first","18":"instock","19":"sale","20":"sold-individually","21":"taxable","22":"shipping-taxable","23":"purchasable","24":"product-type-simple"},"yoast_head":"<!-- This site is optimized with the Yoast SEO Premium plugin v25.0 (Yoast SEO v25.0) - https:\/\/yoast.com\/wordpress\/plugins\/seo\/ -->\n<title>Kurz Jazyk SQL - MySQL, PostgreSQL, Microsoft SQL Server  | VITA<\/title>\n<meta name=\"description\" content=\"Online kurz Jazyk SQL - MySQL, PostgreSQL, Microsoft SQL Server je pre v\u00e1s ide\u00e1lny, ak sa chcete nau\u010di\u0165 jazyk SQL a jeho pou\u017eitie v datab\u00e1zov\u00fdch syst\u00e9moch.\" \/>\n<meta name=\"robots\" content=\"index, follow, max-snippet:-1, max-image-preview:large, max-video-preview:-1\" \/>\n<link rel=\"canonical\" href=\"https:\/\/www.vita.sk\/online-kurz-jazyk-sql-mysql-postgresql-microsoft-sql-server\/\" \/>\n<meta property=\"og:locale\" content=\"en_US\" \/>\n<meta property=\"og:type\" content=\"article\" \/>\n<meta property=\"og:title\" content=\"Online kurz Jazyk SQL - MySQL, PostgreSQL, Microsoft SQL Server\" \/>\n<meta property=\"og:description\" content=\"Online kurz Jazyk SQL - MySQL, PostgreSQL, Microsoft SQL Server je pre v\u00e1s ide\u00e1lny, ak sa chcete nau\u010di\u0165 jazyk SQL a jeho pou\u017eitie v datab\u00e1zov\u00fdch syst\u00e9moch.\" \/>\n<meta property=\"og:url\" content=\"https:\/\/www.vita.sk\/online-kurz-jazyk-sql-mysql-postgresql-microsoft-sql-server\/\" \/>\n<meta property=\"og:site_name\" content=\"VITA\" \/>\n<meta property=\"article:publisher\" content=\"https:\/\/www.facebook.com\/VitaAcademySK\" \/>\n<meta property=\"article:modified_time\" content=\"2024-10-30T09:56:57+00:00\" \/>\n<meta property=\"og:image\" content=\"https:\/\/www.vita.sk\/wp-content\/uploads\/2020\/11\/kurz-sql.png\" \/>\n\t<meta property=\"og:image:width\" content=\"360\" \/>\n\t<meta property=\"og:image:height\" content=\"360\" \/>\n\t<meta property=\"og:image:type\" content=\"image\/png\" \/>\n<meta name=\"twitter:card\" content=\"summary_large_image\" \/>\n<meta name=\"twitter:label1\" content=\"Est. reading time\" \/>\n\t<meta name=\"twitter:data1\" content=\"1 minute\" \/>\n<script type=\"application\/ld+json\" class=\"yoast-schema-graph\">{\n\t    \"@context\": \"https:\/\/schema.org\",\n\t    \"@graph\": [\n\t        {\n\t            \"@type\": \"WebPage\",\n\t            \"@id\": \"https:\/\/www.vita.sk\/online-kurz-jazyk-sql-mysql-postgresql-microsoft-sql-server\/\",\n\t            \"url\": \"https:\/\/www.vita.sk\/online-kurz-jazyk-sql-mysql-postgresql-microsoft-sql-server\/\",\n\t            \"name\": \"Kurz Jazyk SQL - MySQL, PostgreSQL, Microsoft SQL Server 2024 | VITA\",\n\t            \"isPartOf\": {\n\t                \"@id\": \"https:\/\/www.vita.sk\/#website\"\n\t            },\n\t            \"primaryImageOfPage\": {\n\t                \"@id\": \"https:\/\/www.vita.sk\/online-kurz-jazyk-sql-mysql-postgresql-microsoft-sql-server\/#primaryimage\"\n\t            },\n\t            \"image\": {\n\t                \"@id\": \"https:\/\/www.vita.sk\/online-kurz-jazyk-sql-mysql-postgresql-microsoft-sql-server\/#primaryimage\"\n\t            },\n\t            \"thumbnailUrl\": \"https:\/\/www.vita.sk\/wp-content\/uploads\/2020\/11\/kurz-sql.png\",\n\t            \"datePublished\": \"2023-10-06T13:49:46+00:00\",\n\t            \"dateModified\": \"2024-10-30T09:56:57+00:00\",\n\t            \"description\": \"Online kurz Jazyk SQL - MySQL, PostgreSQL, Microsoft SQL Server je pre v\u00e1s ide\u00e1lny, ak sa chcete nau\u010di\u0165 jazyk SQL a jeho pou\u017eitie v datab\u00e1zov\u00fdch syst\u00e9moch.\",\n\t            \"breadcrumb\": {\n\t                \"@id\": \"https:\/\/www.vita.sk\/online-kurz-jazyk-sql-mysql-postgresql-microsoft-sql-server\/#breadcrumb\"\n\t            },\n\t            \"inLanguage\": \"en-US\",\n\t            \"potentialAction\": [\n\t                {\n\t                    \"@type\": \"ReadAction\",\n\t                    \"target\": [\n\t                        \"https:\/\/www.vita.sk\/online-kurz-jazyk-sql-mysql-postgresql-microsoft-sql-server\/\"\n\t                    ]\n\t                }\n\t            ]\n\t        },\n\t        {\n\t            \"@type\": \"ImageObject\",\n\t            \"inLanguage\": \"en-US\",\n\t            \"@id\": \"https:\/\/www.vita.sk\/online-kurz-jazyk-sql-mysql-postgresql-microsoft-sql-server\/#primaryimage\",\n\t            \"url\": \"https:\/\/www.vita.sk\/wp-content\/uploads\/2020\/11\/kurz-sql.png\",\n\t            \"contentUrl\": \"https:\/\/www.vita.sk\/wp-content\/uploads\/2020\/11\/kurz-sql.png\",\n\t            \"width\": 360,\n\t            \"height\": 360,\n\t            \"caption\": \"Online kurz SQL\"\n\t        },\n\t        {\n\t            \"@type\": \"BreadcrumbList\",\n\t            \"@id\": \"https:\/\/www.vita.sk\/online-kurz-jazyk-sql-mysql-postgresql-microsoft-sql-server\/#breadcrumb\",\n\t            \"itemListElement\": [\n\t                {\n\t                    \"@type\": \"ListItem\",\n\t                    \"position\": 1,\n\t                    \"name\": \"VITA Academy\",\n\t                    \"item\": \"https:\/\/www.vita.sk\/en\/\"\n\t                },\n\t                {\n\t                    \"@type\": \"ListItem\",\n\t                    \"position\": 2,\n\t                    \"name\": \"Shop\",\n\t                    \"item\": \"https:\/\/www.vita.sk\/shop\/\"\n\t                },\n\t                {\n\t                    \"@type\": \"ListItem\",\n\t                    \"position\": 3,\n\t                    \"name\": \"Spr\u00e1va Datab\u00e1z, \u0160tatistika a D\u00e1tov\u00e1 Anal\u00fdza\",\n\t                    \"item\": \"https:\/\/www.vita.sk\/online-kurzy-databazy-analytika\/\"\n\t                },\n\t                {\n\t                    \"@type\": \"ListItem\",\n\t                    \"position\": 4,\n\t                    \"name\": \"Datab\u00e1zy a SQL\",\n\t                    \"item\": \"https:\/\/www.vita.sk\/databazy-a-sql\/\"\n\t                },\n\t                {\n\t                    \"@type\": \"ListItem\",\n\t                    \"position\": 5,\n\t                    \"name\": \"Online kurz Jazyk SQL &#8211; MySQL, PostgreSQL, Microsoft SQL Server\"\n\t                }\n\t            ]\n\t        },\n\t        {\n\t            \"@type\": \"WebSite\",\n\t            \"@id\": \"https:\/\/www.vita.sk\/#website\",\n\t            \"url\": \"https:\/\/www.vita.sk\/\",\n\t            \"name\": \"VITA\",\n\t            \"description\": \"\",\n\t            \"publisher\": {\n\t                \"@id\": \"https:\/\/www.vita.sk\/#organization\"\n\t            },\n\t            \"potentialAction\": [\n\t                {\n\t                    \"@type\": \"SearchAction\",\n\t                    \"target\": {\n\t                        \"@type\": \"EntryPoint\",\n\t                        \"urlTemplate\": \"https:\/\/www.vita.sk\/?s={search_term_string}\"\n\t                    },\n\t                    \"query-input\": {\n\t                        \"@type\": \"PropertyValueSpecification\",\n\t                        \"valueRequired\": true,\n\t                        \"valueName\": \"search_term_string\"\n\t                    }\n\t                }\n\t            ],\n\t            \"inLanguage\": \"en-US\"\n\t        },\n\t        {\n\t            \"email\": \"admin@vita.sk\",\n\t            \"logo\": \"https:\/\/www.vita.sk\/img\/vita_logo.png \",\n\t            \"address\": {\n\t                \"type\": \"PostalAddress\",\n\t                \"streetAddress\": \"Tom\u00e1\u0161ikova 50\/A\",\n\t                \"addressLocality\": \"Bratislava\",\n\t                \"postalCode\": \"83104\",\n\t                \"addressCountry\": {\n\t                    \"name\": \"SK\",\n\t                    \"type\": \"Country\"\n\t                }\n\t            },\n\t            \"contactPoint\": {\n\t                \"type\": \"ContactPoint\",\n\t                \"telephone\": \"+421 907 375\u00a0543\",\n\t                \"Email\": \"admin@vita.sk\",\n\t                \"contactType\": \"customer service\"\n\t            },\n\t            \"sameAs\": [\n\t                \"https:\/\/www.facebook.com\/VitaAcademySK\/\",\n\t                \"https:\/\/www.linkedin.com\/company\/vita-academy\/\"\n\t            ]\n\t        }\n\t    ]\n\t}<\/script>\n<!-- \/ Yoast SEO Premium plugin. -->","yoast_head_json":{"title":"Kurz Jazyk SQL - MySQL, PostgreSQL, Microsoft SQL Server  | VITA","description":"Online kurz Jazyk SQL - MySQL, PostgreSQL, Microsoft SQL Server je pre v\u00e1s ide\u00e1lny, ak sa chcete nau\u010di\u0165 jazyk SQL a jeho pou\u017eitie v datab\u00e1zov\u00fdch syst\u00e9moch.","robots":{"index":"index","follow":"follow","max-snippet":"max-snippet:-1","max-image-preview":"max-image-preview:large","max-video-preview":"max-video-preview:-1"},"canonical":"https:\/\/www.vita.sk\/online-kurz-jazyk-sql-mysql-postgresql-microsoft-sql-server\/","og_locale":"en_US","og_type":"article","og_title":"Online kurz Jazyk SQL - MySQL, PostgreSQL, Microsoft SQL Server","og_description":"Online kurz Jazyk SQL - MySQL, PostgreSQL, Microsoft SQL Server je pre v\u00e1s ide\u00e1lny, ak sa chcete nau\u010di\u0165 jazyk SQL a jeho pou\u017eitie v datab\u00e1zov\u00fdch syst\u00e9moch.","og_url":"https:\/\/www.vita.sk\/online-kurz-jazyk-sql-mysql-postgresql-microsoft-sql-server\/","og_site_name":"VITA","article_publisher":"https:\/\/www.facebook.com\/VitaAcademySK","article_modified_time":"2024-10-30T09:56:57+00:00","og_image":[{"width":360,"height":360,"url":"https:\/\/www.vita.sk\/wp-content\/uploads\/2020\/11\/kurz-sql.png","type":"image\/png"}],"twitter_card":"summary_large_image","twitter_misc":{"Est. reading time":"1 minute"},"schema":{"@context":"https:\/\/schema.org","@graph":[{"@type":"WebPage","@id":"https:\/\/www.vita.sk\/online-kurz-jazyk-sql-mysql-postgresql-microsoft-sql-server\/","url":"https:\/\/www.vita.sk\/online-kurz-jazyk-sql-mysql-postgresql-microsoft-sql-server\/","name":"Kurz Jazyk SQL - MySQL, PostgreSQL, Microsoft SQL Server 2024 | VITA","isPartOf":{"@id":"https:\/\/www.vita.sk\/#website"},"primaryImageOfPage":{"@id":"https:\/\/www.vita.sk\/online-kurz-jazyk-sql-mysql-postgresql-microsoft-sql-server\/#primaryimage"},"image":{"@id":"https:\/\/www.vita.sk\/online-kurz-jazyk-sql-mysql-postgresql-microsoft-sql-server\/#primaryimage"},"thumbnailUrl":"https:\/\/www.vita.sk\/wp-content\/uploads\/2020\/11\/kurz-sql.png","datePublished":"2023-10-06T13:49:46+00:00","dateModified":"2024-10-30T09:56:57+00:00","description":"Online kurz Jazyk SQL - MySQL, PostgreSQL, Microsoft SQL Server je pre v\u00e1s ide\u00e1lny, ak sa chcete nau\u010di\u0165 jazyk SQL a jeho pou\u017eitie v datab\u00e1zov\u00fdch syst\u00e9moch.","breadcrumb":{"@id":"https:\/\/www.vita.sk\/online-kurz-jazyk-sql-mysql-postgresql-microsoft-sql-server\/#breadcrumb"},"inLanguage":"en-US","potentialAction":[{"@type":"ReadAction","target":["https:\/\/www.vita.sk\/online-kurz-jazyk-sql-mysql-postgresql-microsoft-sql-server\/"]}]},{"@type":"ImageObject","inLanguage":"en-US","@id":"https:\/\/www.vita.sk\/online-kurz-jazyk-sql-mysql-postgresql-microsoft-sql-server\/#primaryimage","url":"https:\/\/www.vita.sk\/wp-content\/uploads\/2020\/11\/kurz-sql.png","contentUrl":"https:\/\/www.vita.sk\/wp-content\/uploads\/2020\/11\/kurz-sql.png","width":360,"height":360,"caption":"Online kurz SQL"},{"@type":"BreadcrumbList","@id":"https:\/\/www.vita.sk\/online-kurz-jazyk-sql-mysql-postgresql-microsoft-sql-server\/#breadcrumb","itemListElement":[{"@type":"ListItem","position":1,"name":"VITA Academy","item":"https:\/\/www.vita.sk\/en\/"},{"@type":"ListItem","position":2,"name":"Shop","item":"https:\/\/www.vita.sk\/shop\/"},{"@type":"ListItem","position":3,"name":"Spr\u00e1va Datab\u00e1z, \u0160tatistika a D\u00e1tov\u00e1 Anal\u00fdza","item":"https:\/\/www.vita.sk\/online-kurzy-databazy-analytika\/"},{"@type":"ListItem","position":4,"name":"Datab\u00e1zy a SQL","item":"https:\/\/www.vita.sk\/databazy-a-sql\/"},{"@type":"ListItem","position":5,"name":"Online kurz Jazyk SQL &#8211; MySQL, PostgreSQL, Microsoft SQL Server"}]},{"@type":"WebSite","@id":"https:\/\/www.vita.sk\/#website","url":"https:\/\/www.vita.sk\/","name":"VITA","description":"","publisher":{"@id":"https:\/\/www.vita.sk\/#organization"},"potentialAction":[{"@type":"SearchAction","target":{"@type":"EntryPoint","urlTemplate":"https:\/\/www.vita.sk\/?s={search_term_string}"},"query-input":{"@type":"PropertyValueSpecification","valueRequired":true,"valueName":"search_term_string"}}],"inLanguage":"en-US"},{"email":"admin@vita.sk","logo":"https:\/\/www.vita.sk\/img\/vita_logo.png ","address":{"type":"PostalAddress","streetAddress":"Tom\u00e1\u0161ikova 50\/A","addressLocality":"Bratislava","postalCode":"83104","addressCountry":{"name":"SK","type":"Country"}},"contactPoint":{"type":"ContactPoint","telephone":"+421 907 375\u00a0543","Email":"admin@vita.sk","contactType":"customer service"},"sameAs":["https:\/\/www.facebook.com\/VitaAcademySK\/","https:\/\/www.linkedin.com\/company\/vita-academy\/"]}]}},"acf":[],"_links":{"self":[{"href":"https:\/\/www.vita.sk\/en\/wp-json\/wp\/v2\/product\/16184","targetHints":{"allow":["GET"]}}],"collection":[{"href":"https:\/\/www.vita.sk\/en\/wp-json\/wp\/v2\/product"}],"about":[{"href":"https:\/\/www.vita.sk\/en\/wp-json\/wp\/v2\/types\/product"}],"author":[{"embeddable":true,"href":"https:\/\/www.vita.sk\/en\/wp-json\/wp\/v2\/users\/4"}],"replies":[{"embeddable":true,"href":"https:\/\/www.vita.sk\/en\/wp-json\/wp\/v2\/comments?post=16184"}],"wp:featuredmedia":[{"embeddable":true,"href":"https:\/\/www.vita.sk\/en\/wp-json\/wp\/v2\/media\/4265"}],"wp:attachment":[{"href":"https:\/\/www.vita.sk\/en\/wp-json\/wp\/v2\/media?parent=16184"}],"wp:term":[{"taxonomy":"product_brand","embeddable":true,"href":"https:\/\/www.vita.sk\/en\/wp-json\/wp\/v2\/product_brand?post=16184"},{"taxonomy":"product_cat","embeddable":true,"href":"https:\/\/www.vita.sk\/en\/wp-json\/wp\/v2\/product_cat?post=16184"},{"taxonomy":"product_tag","embeddable":true,"href":"https:\/\/www.vita.sk\/en\/wp-json\/wp\/v2\/product_tag?post=16184"}],"curies":[{"name":"wp","href":"https:\/\/api.w.org\/{rel}","templated":true}]}}