{"id":16600,"date":"2023-10-26T15:20:52","date_gmt":"2023-10-26T13:20:52","guid":{"rendered":"https:\/\/www.vita.sk\/?post_type=product&#038;p=16600"},"modified":"2025-10-10T14:57:03","modified_gmt":"2025-10-10T12:57:03","slug":"online-kurz-python-iii-pokrocily","status":"publish","type":"product","link":"https:\/\/www.vita.sk\/en\/online-kurz-python-iii-pokrocily\/","title":{"rendered":"Online kurz Python III. Pokro\u010dil\u00fd"},"content":{"rendered":"<p>Online kurz Python III. Pokro\u010dil\u00fd je pre v\u00e1s ide\u00e1lny, ak sa chcete nau\u010di\u0165 komplexne vyu\u017e\u00edva\u0165 pokro\u010dil\u00e9 koncepty jazyka Python a prenies\u0165 svoje program\u00e1torsk\u00e9 zru\u010dnosti na vy\u0161\u0161iu \u00farove\u0148.<strong> Ide o akreditovan\u00fd a certifikovan\u00fd kurz na Python. <\/strong>Nau\u010d\u00ed v\u00e1s efekt\u00edvne aplikova\u0165 objektovo orientovan\u00e9 programovanie (OOP), pracova\u0165 s triedami a objektmi, a vytv\u00e1ra\u0165 sofistikovan\u00e9 rie\u0161enia pre komplexn\u00e9 \u00falohy. Kurz za\u010d\u00edna detailn\u00fdm predstaven\u00edm objektovo orientovan\u00e9ho programovania, jeho v\u00fdhod a nev\u00fdhod, spolu s praktick\u00fdmi scen\u00e1rmi, kedy je jeho pou\u017eitie najv\u00fdhodnej\u0161ie. Nau\u010d\u00edte sa vytv\u00e1ra\u0165 triedy a objekty, pou\u017e\u00edva\u0165 kon\u0161truktory a zabudovan\u00e9 met\u00f3dy, pri\u010dom sa zameriate na praktick\u00e9 precvi\u010dovanie cez n\u00e1stroje ako Python Tutor a AI asistovan\u00e9 generovanie zdrojov\u00e9ho k\u00f3du. Kurz v\u00e1s obozn\u00e1mi aj s d\u00f4le\u017eit\u00fdmi konceptmi, ako je Name Mangling, a nau\u010d\u00edte sa pracova\u0165 s vlastnos\u0165ami tried pomocou dekor\u00e1torov property, setter a getter. V \u010fal\u0161ej \u010dasti sa zameriate na spracovanie re\u0165azcov a kolekci\u00ed, pri\u010dom pochop\u00edte, ako efekt\u00edvne sp\u00e1ja\u0165, h\u013eada\u0165 a aktualizova\u0165 \u00fadaje. D\u00f4le\u017eit\u00fdm blokom je aj pr\u00e1ca so statick\u00fdmi met\u00f3dami a met\u00f3dami tried, vr\u00e1tane pou\u017e\u00edvania dekor\u00e1torov ako @staticmethod, a pochopenie rozdielu medzi mutable a immutable objektmi. Kurz \u010falej pokr\u00fdva modelovanie objektovo orientovan\u00fdch vz\u0165ahov v jazyku UML. Nau\u010d\u00edte sa vytv\u00e1ra\u0165 diagramy tried a vz\u0165ahov s n\u00e1strojmi ako StarUML. Tieto znalosti dop\u013a\u0148a technika Duck Typing, ktor\u00e1 umo\u017e\u0148uje dynamick\u00e9 vyu\u017e\u00edvanie objektov bez explicitnej deklar\u00e1cie typu, a koncept cacheovania, ktor\u00fd zlep\u0161uje v\u00fdkon va\u0161ich aplik\u00e1ci\u00ed. S\u00fa\u010das\u0165ou kurzu je aj vyu\u017eitie umelej inteligencie a pokro\u010dil\u00fdch Python modulov ako Secrets a Langdetect na generovanie bezpe\u010dnostn\u00fdch tokenov \u010di detekciu jazykov. Prejdete si aj koncepty Type Hinting, ktor\u00fd zlep\u0161uje \u010ditate\u013enos\u0165 a spo\u013eahlivos\u0165 v\u00e1\u0161ho k\u00f3du. Kurz v\u00e1m umo\u017en\u00ed precvi\u010di\u0165 tieto techniky na praktick\u00fdch pr\u00edkladoch. Nemenej d\u00f4le\u017eitou \u010das\u0165ou je funkcion\u00e1lne programovanie a pr\u00e1ca s lambdami. Nau\u010d\u00edte sa vyu\u017e\u00edva\u0165 n\u00e1stroje ako map a sorted na elegantn\u00fa manipul\u00e1ciu s d\u00e1tami. Z\u00e1ver kurzu sa venuje tvorbe vlastnej dokument\u00e1cie pomocou Docstringov, \u010do je nevyhnutn\u00e9 pre profesion\u00e1lne programovanie a zdie\u013eanie projektov v t\u00edmoch. Ak sa chcete skuto\u010dne nau\u010di\u0165 programova\u0165 v Python, tak toto je ide\u00e1lny online kurz pre v\u00e1s.<\/p>\n","protected":false},"excerpt":{"rendered":"<p>Online kurz Python III. Pokro\u010dil\u00fd je pre v\u00e1s ide\u00e1lny, ak sa chcete nau\u010di\u0165 komplexne vyu\u017e\u00edva\u0165 pokro\u010dil\u00e9 koncepty jazyka Python a prenies\u0165 svoje program\u00e1torsk\u00e9 zru\u010dnosti na vy\u0161\u0161iu \u00farove\u0148. Ide o akreditovan\u00fd a certifikovan\u00fd kurz na Python. Nau\u010d\u00ed v\u00e1s efekt\u00edvne aplikova\u0165 objektovo orientovan\u00e9 programovanie (OOP), pracova\u0165 s triedami a objektmi, a vytv\u00e1ra\u0165 sofistikovan\u00e9 rie\u0161enia pre komplexn\u00e9 \u00falohy.","protected":false},"author":4,"featured_media":4232,"comment_status":"open","ping_status":"closed","template":"","meta":{"_acf_changed":false},"product_brand":[],"product_cat":[99,106,73],"product_tag":[189,212],"class_list":{"0":"post-16600","1":"product","2":"type-product","3":"status-publish","4":"has-post-thumbnail","6":"product_cat-online-kurzy-programovacie-jazyky","7":"product_cat-online-kurzy-python","8":"product_cat-bez-kategorie","9":"product_tag-programovacie-jazyky","10":"product_tag-python","12":"first","13":"instock","14":"sale","15":"sold-individually","16":"taxable","17":"shipping-taxable","18":"purchasable","19":"product-type-simple"},"yoast_head":"<!-- This site is optimized with the Yoast SEO Premium plugin v25.0 (Yoast SEO v25.0) - https:\/\/yoast.com\/wordpress\/plugins\/seo\/ -->\n<title>Online kurz Python III. Pokro\u010dil\u00fd 2026 | VITA<\/title>\n<meta name=\"description\" content=\"V online kurze Python III. Pokro\u010dil\u00fd sa nau\u010d\u00edte pokro\u010dil\u00e9 techniky programovania, optimaliz\u00e1cie k\u00f3du a pr\u00e1ce s d\u00e1tami. \u2705\" \/>\n<meta name=\"robots\" content=\"index, follow, max-snippet:-1, max-image-preview:large, max-video-preview:-1\" \/>\n<link rel=\"canonical\" href=\"https:\/\/www.vita.sk\/online-kurz-python-iii-pokrocily\/\" \/>\n<meta property=\"og:locale\" content=\"en_US\" \/>\n<meta property=\"og:type\" content=\"article\" \/>\n<meta property=\"og:title\" content=\"Online kurz Python III. Pokro\u010dil\u00fd\" \/>\n<meta property=\"og:description\" content=\"V online kurze Python III. Pokro\u010dil\u00fd sa nau\u010d\u00edte pokro\u010dil\u00e9 techniky programovania, optimaliz\u00e1cie k\u00f3du a pr\u00e1ce s d\u00e1tami. \u2705\" \/>\n<meta property=\"og:url\" content=\"https:\/\/www.vita.sk\/online-kurz-python-iii-pokrocily\/\" \/>\n<meta property=\"og:site_name\" content=\"VITA\" \/>\n<meta property=\"article:publisher\" content=\"https:\/\/www.facebook.com\/VitaAcademySK\" \/>\n<meta property=\"article:modified_time\" content=\"2025-10-10T12:57:03+00:00\" \/>\n<meta property=\"og:image\" content=\"https:\/\/www.vita.sk\/wp-content\/uploads\/2020\/11\/kurz-Python.png\" \/>\n\t<meta property=\"og:image:width\" content=\"360\" \/>\n\t<meta property=\"og:image:height\" content=\"360\" \/>\n\t<meta property=\"og:image:type\" content=\"image\/png\" \/>\n<meta name=\"twitter:card\" content=\"summary_large_image\" \/>\n<meta name=\"twitter:label1\" content=\"Est. reading time\" \/>\n\t<meta name=\"twitter:data1\" content=\"2 minutes\" \/>\n<script type=\"application\/ld+json\" class=\"yoast-schema-graph\">{\n\t    \"@context\": \"https:\/\/schema.org\",\n\t    \"@graph\": [\n\t        {\n\t            \"@type\": \"WebPage\",\n\t            \"@id\": \"https:\/\/www.vita.sk\/online-kurz-python-iii-pokrocily\/\",\n\t            \"url\": \"https:\/\/www.vita.sk\/online-kurz-python-iii-pokrocily\/\",\n\t            \"name\": \"Online kurz Python III. Pokro\u010dil\u00fd {Y} | VITA\",\n\t            \"isPartOf\": {\n\t                \"@id\": \"https:\/\/www.vita.sk\/#website\"\n\t            },\n\t            \"primaryImageOfPage\": {\n\t                \"@id\": \"https:\/\/www.vita.sk\/online-kurz-python-iii-pokrocily\/#primaryimage\"\n\t            },\n\t            \"image\": {\n\t                \"@id\": \"https:\/\/www.vita.sk\/online-kurz-python-iii-pokrocily\/#primaryimage\"\n\t            },\n\t            \"thumbnailUrl\": \"https:\/\/www.vita.sk\/wp-content\/uploads\/2020\/11\/kurz-Python.png\",\n\t            \"datePublished\": \"2023-10-26T13:20:52+00:00\",\n\t            \"dateModified\": \"2025-10-10T12:57:03+00:00\",\n\t            \"description\": \"V online kurze Python III. Pokro\u010dil\u00fd sa nau\u010d\u00edte pokro\u010dil\u00e9 techniky programovania, optimaliz\u00e1cie k\u00f3du a pr\u00e1ce s d\u00e1tami. \u2705\",\n\t            \"breadcrumb\": {\n\t                \"@id\": \"https:\/\/www.vita.sk\/online-kurz-python-iii-pokrocily\/#breadcrumb\"\n\t            },\n\t            \"inLanguage\": \"en-US\",\n\t            \"potentialAction\": [\n\t                {\n\t                    \"@type\": \"ReadAction\",\n\t                    \"target\": [\n\t                        \"https:\/\/www.vita.sk\/online-kurz-python-iii-pokrocily\/\"\n\t                    ]\n\t                }\n\t            ]\n\t        },\n\t        {\n\t            \"@type\": \"ImageObject\",\n\t            \"inLanguage\": \"en-US\",\n\t            \"@id\": \"https:\/\/www.vita.sk\/online-kurz-python-iii-pokrocily\/#primaryimage\",\n\t            \"url\": \"https:\/\/www.vita.sk\/wp-content\/uploads\/2020\/11\/kurz-Python.png\",\n\t            \"contentUrl\": \"https:\/\/www.vita.sk\/wp-content\/uploads\/2020\/11\/kurz-Python.png\",\n\t            \"width\": 360,\n\t            \"height\": 360,\n\t            \"caption\": \"Online kurz Python\"\n\t        },\n\t        {\n\t            \"@type\": \"BreadcrumbList\",\n\t            \"@id\": \"https:\/\/www.vita.sk\/online-kurz-python-iii-pokrocily\/#breadcrumb\",\n\t            \"itemListElement\": [\n\t                {\n\t                    \"@type\": \"ListItem\",\n\t                    \"position\": 1,\n\t                    \"name\": \"VITA Academy\",\n\t                    \"item\": \"https:\/\/www.vita.sk\/en\/\"\n\t                },\n\t                {\n\t                    \"@type\": \"ListItem\",\n\t                    \"position\": 2,\n\t                    \"name\": \"Shop\",\n\t                    \"item\": \"https:\/\/www.vita.sk\/shop\/\"\n\t                },\n\t                {\n\t                    \"@type\": \"ListItem\",\n\t                    \"position\": 3,\n\t                    \"name\": \"Programovacie Jazyky\",\n\t                    \"item\": \"https:\/\/www.vita.sk\/online-kurzy-programovacie-jazyky\/\"\n\t                },\n\t                {\n\t                    \"@type\": \"ListItem\",\n\t                    \"position\": 4,\n\t                    \"name\": \"Python\",\n\t                    \"item\": \"https:\/\/www.vita.sk\/online-kurzy-python\/\"\n\t                },\n\t                {\n\t                    \"@type\": \"ListItem\",\n\t                    \"position\": 5,\n\t                    \"name\": \"Online kurz Python III. Pokro\u010dil\u00fd\"\n\t                }\n\t            ]\n\t        },\n\t        {\n\t            \"@type\": \"WebSite\",\n\t            \"@id\": \"https:\/\/www.vita.sk\/#website\",\n\t            \"url\": \"https:\/\/www.vita.sk\/\",\n\t            \"name\": \"VITA\",\n\t            \"description\": \"\",\n\t            \"publisher\": {\n\t                \"@id\": \"https:\/\/www.vita.sk\/#organization\"\n\t            },\n\t            \"potentialAction\": [\n\t                {\n\t                    \"@type\": \"SearchAction\",\n\t                    \"target\": {\n\t                        \"@type\": \"EntryPoint\",\n\t                        \"urlTemplate\": \"https:\/\/www.vita.sk\/?s={search_term_string}\"\n\t                    },\n\t                    \"query-input\": {\n\t                        \"@type\": \"PropertyValueSpecification\",\n\t                        \"valueRequired\": true,\n\t                        \"valueName\": \"search_term_string\"\n\t                    }\n\t                }\n\t            ],\n\t            \"inLanguage\": \"en-US\"\n\t        },\n\t        {\n\t            \"email\": \"admin@vita.sk\",\n\t            \"logo\": \"https:\/\/www.vita.sk\/img\/vita_logo.png \",\n\t            \"address\": {\n\t                \"type\": \"PostalAddress\",\n\t                \"streetAddress\": \"Tom\u00e1\u0161ikova 50\/A\",\n\t                \"addressLocality\": \"Bratislava\",\n\t                \"postalCode\": \"83104\",\n\t                \"addressCountry\": {\n\t                    \"name\": \"SK\",\n\t                    \"type\": \"Country\"\n\t                }\n\t            },\n\t            \"contactPoint\": {\n\t                \"type\": \"ContactPoint\",\n\t                \"telephone\": \"+421 907 375\u00a0543\",\n\t                \"Email\": \"admin@vita.sk\",\n\t                \"contactType\": \"customer service\"\n\t            },\n\t            \"sameAs\": [\n\t                \"https:\/\/www.facebook.com\/VitaAcademySK\/\",\n\t                \"https:\/\/www.linkedin.com\/company\/vita-academy\/\"\n\t            ]\n\t        }\n\t    ]\n\t}<\/script>\n<!-- \/ Yoast SEO Premium plugin. -->","yoast_head_json":{"title":"Online kurz Python III. Pokro\u010dil\u00fd 2026 | VITA","description":"V online kurze Python III. Pokro\u010dil\u00fd sa nau\u010d\u00edte pokro\u010dil\u00e9 techniky programovania, optimaliz\u00e1cie k\u00f3du a pr\u00e1ce s d\u00e1tami. \u2705","robots":{"index":"index","follow":"follow","max-snippet":"max-snippet:-1","max-image-preview":"max-image-preview:large","max-video-preview":"max-video-preview:-1"},"canonical":"https:\/\/www.vita.sk\/online-kurz-python-iii-pokrocily\/","og_locale":"en_US","og_type":"article","og_title":"Online kurz Python III. Pokro\u010dil\u00fd","og_description":"V online kurze Python III. Pokro\u010dil\u00fd sa nau\u010d\u00edte pokro\u010dil\u00e9 techniky programovania, optimaliz\u00e1cie k\u00f3du a pr\u00e1ce s d\u00e1tami. \u2705","og_url":"https:\/\/www.vita.sk\/online-kurz-python-iii-pokrocily\/","og_site_name":"VITA","article_publisher":"https:\/\/www.facebook.com\/VitaAcademySK","article_modified_time":"2025-10-10T12:57:03+00:00","og_image":[{"width":360,"height":360,"url":"https:\/\/www.vita.sk\/wp-content\/uploads\/2020\/11\/kurz-Python.png","type":"image\/png"}],"twitter_card":"summary_large_image","twitter_misc":{"Est. reading time":"2 minutes"},"schema":{"@context":"https:\/\/schema.org","@graph":[{"@type":"WebPage","@id":"https:\/\/www.vita.sk\/online-kurz-python-iii-pokrocily\/","url":"https:\/\/www.vita.sk\/online-kurz-python-iii-pokrocily\/","name":"Online kurz Python III. Pokro\u010dil\u00fd {Y} | VITA","isPartOf":{"@id":"https:\/\/www.vita.sk\/#website"},"primaryImageOfPage":{"@id":"https:\/\/www.vita.sk\/online-kurz-python-iii-pokrocily\/#primaryimage"},"image":{"@id":"https:\/\/www.vita.sk\/online-kurz-python-iii-pokrocily\/#primaryimage"},"thumbnailUrl":"https:\/\/www.vita.sk\/wp-content\/uploads\/2020\/11\/kurz-Python.png","datePublished":"2023-10-26T13:20:52+00:00","dateModified":"2025-10-10T12:57:03+00:00","description":"V online kurze Python III. Pokro\u010dil\u00fd sa nau\u010d\u00edte pokro\u010dil\u00e9 techniky programovania, optimaliz\u00e1cie k\u00f3du a pr\u00e1ce s d\u00e1tami. \u2705","breadcrumb":{"@id":"https:\/\/www.vita.sk\/online-kurz-python-iii-pokrocily\/#breadcrumb"},"inLanguage":"en-US","potentialAction":[{"@type":"ReadAction","target":["https:\/\/www.vita.sk\/online-kurz-python-iii-pokrocily\/"]}]},{"@type":"ImageObject","inLanguage":"en-US","@id":"https:\/\/www.vita.sk\/online-kurz-python-iii-pokrocily\/#primaryimage","url":"https:\/\/www.vita.sk\/wp-content\/uploads\/2020\/11\/kurz-Python.png","contentUrl":"https:\/\/www.vita.sk\/wp-content\/uploads\/2020\/11\/kurz-Python.png","width":360,"height":360,"caption":"Online kurz Python"},{"@type":"BreadcrumbList","@id":"https:\/\/www.vita.sk\/online-kurz-python-iii-pokrocily\/#breadcrumb","itemListElement":[{"@type":"ListItem","position":1,"name":"VITA Academy","item":"https:\/\/www.vita.sk\/en\/"},{"@type":"ListItem","position":2,"name":"Shop","item":"https:\/\/www.vita.sk\/shop\/"},{"@type":"ListItem","position":3,"name":"Programovacie Jazyky","item":"https:\/\/www.vita.sk\/online-kurzy-programovacie-jazyky\/"},{"@type":"ListItem","position":4,"name":"Python","item":"https:\/\/www.vita.sk\/online-kurzy-python\/"},{"@type":"ListItem","position":5,"name":"Online kurz Python III. Pokro\u010dil\u00fd"}]},{"@type":"WebSite","@id":"https:\/\/www.vita.sk\/#website","url":"https:\/\/www.vita.sk\/","name":"VITA","description":"","publisher":{"@id":"https:\/\/www.vita.sk\/#organization"},"potentialAction":[{"@type":"SearchAction","target":{"@type":"EntryPoint","urlTemplate":"https:\/\/www.vita.sk\/?s={search_term_string}"},"query-input":{"@type":"PropertyValueSpecification","valueRequired":true,"valueName":"search_term_string"}}],"inLanguage":"en-US"},{"email":"admin@vita.sk","logo":"https:\/\/www.vita.sk\/img\/vita_logo.png ","address":{"type":"PostalAddress","streetAddress":"Tom\u00e1\u0161ikova 50\/A","addressLocality":"Bratislava","postalCode":"83104","addressCountry":{"name":"SK","type":"Country"}},"contactPoint":{"type":"ContactPoint","telephone":"+421 907 375\u00a0543","Email":"admin@vita.sk","contactType":"customer service"},"sameAs":["https:\/\/www.facebook.com\/VitaAcademySK\/","https:\/\/www.linkedin.com\/company\/vita-academy\/"]}]}},"acf":[],"_links":{"self":[{"href":"https:\/\/www.vita.sk\/en\/wp-json\/wp\/v2\/product\/16600","targetHints":{"allow":["GET"]}}],"collection":[{"href":"https:\/\/www.vita.sk\/en\/wp-json\/wp\/v2\/product"}],"about":[{"href":"https:\/\/www.vita.sk\/en\/wp-json\/wp\/v2\/types\/product"}],"author":[{"embeddable":true,"href":"https:\/\/www.vita.sk\/en\/wp-json\/wp\/v2\/users\/4"}],"replies":[{"embeddable":true,"href":"https:\/\/www.vita.sk\/en\/wp-json\/wp\/v2\/comments?post=16600"}],"wp:featuredmedia":[{"embeddable":true,"href":"https:\/\/www.vita.sk\/en\/wp-json\/wp\/v2\/media\/4232"}],"wp:attachment":[{"href":"https:\/\/www.vita.sk\/en\/wp-json\/wp\/v2\/media?parent=16600"}],"wp:term":[{"taxonomy":"product_brand","embeddable":true,"href":"https:\/\/www.vita.sk\/en\/wp-json\/wp\/v2\/product_brand?post=16600"},{"taxonomy":"product_cat","embeddable":true,"href":"https:\/\/www.vita.sk\/en\/wp-json\/wp\/v2\/product_cat?post=16600"},{"taxonomy":"product_tag","embeddable":true,"href":"https:\/\/www.vita.sk\/en\/wp-json\/wp\/v2\/product_tag?post=16600"}],"curies":[{"name":"wp","href":"https:\/\/api.w.org\/{rel}","templated":true}]}}