{"id":16886,"date":"2023-12-20T12:11:57","date_gmt":"2023-12-20T11:11:57","guid":{"rendered":"https:\/\/www.vita.sk\/?post_type=product&#038;p=16886"},"modified":"2025-11-26T10:58:05","modified_gmt":"2025-11-26T09:58:05","slug":"online-kurz-pravo-a-legislativa-eshopu","status":"publish","type":"product","link":"https:\/\/www.vita.sk\/en\/online-kurz-pravo-a-legislativa-eshopu\/","title":{"rendered":"Online kurz Pr\u00e1vo a Legislat\u00edva Eshopu"},"content":{"rendered":"<p>Online kurz Pr\u00e1vo a Legislat\u00edva Eshopu je pre v\u00e1s ide\u00e1lny, ak sa chcete nau\u010di\u0165, ako spr\u00e1vne nastavi\u0165 pr\u00e1vne a legislat\u00edvne po\u017eiadavky pre online podnikanie. <strong>Ide o certifikovan\u00fd online kurz na Pr\u00e1vo a Legislat\u00edvu Eshopu.<\/strong> Kurz v\u00e1s prevedie v\u0161etk\u00fdmi d\u00f4le\u017eit\u00fdmi oblas\u0165ami pr\u00e1va, ktor\u00e9 sa t\u00fdkaj\u00fa eshopov, od pr\u00e1vnej str\u00e1nky podnikania a\u017e po spr\u00e1vne nastavenie obchodn\u00fdch podmienok, faktur\u00e1cie a ochrany osobn\u00fdch \u00fadajov. Nau\u010d\u00edte sa pracova\u0165 s legislat\u00edvnymi n\u00e1strojmi, implementova\u0165 d\u00f4le\u017eit\u00e9 podnikov\u00e9 procesy a zefekt\u00edvni\u0165 chod v\u00e1\u0161ho eshopu. V \u00favode kurzu sa dozviete, \u010do v\u0161etko treba ma\u0165 na poriadku z pr\u00e1vneho h\u013eadiska pri prev\u00e1dzkovan\u00ed eshopu. Osvoj\u00edte si pr\u00e1cu s legislat\u00edvnymi zdrojmi a nau\u010d\u00edte sa orientova\u0165 v z\u00e1konoch cez Slov-Lex. Z\u00edskate inform\u00e1cie o vzorov\u00fdch v\u0161eobecn\u00fdch obchodn\u00fdch podmienkach (VOP) a ich prisp\u00f4soben\u00ed pre v\u00e1\u0161 eshop. Zist\u00edte, ako efekt\u00edvne za\u010da\u0165 podnika\u0165 online a monetizova\u0165 svoje slu\u017eby alebo produkty. Nau\u010d\u00edte sa pracova\u0165 s n\u00e1strojom Google Analytics, aby ste mohli analyzova\u0165 n\u00e1v\u0161tevnos\u0165 a spr\u00e1vanie z\u00e1kazn\u00edkov. Presk\u00famate dostupn\u00e9 rie\u0161enia pre eshopy a krok za krokom si vytvor\u00edte vlastn\u00fd eshop v prostred\u00ed WordPress. Nau\u010d\u00edte sa, ako spr\u00e1vne nastavi\u0165 dopravu, dane a platobn\u00e9 mo\u017enosti tak, aby v\u00e1\u0161 eshop fungoval v s\u00falade s legislat\u00edvou. Zozn\u00e1mite sa s procesn\u00fdm mana\u017ementom a nau\u010d\u00edte sa modelova\u0165 podnikov\u00e9 procesy pomocou Draw.io (Diagrams.net). Pochop\u00edte koncept obchodn\u00fdch udalost\u00ed a ich identifik\u00e1cie. Vysvetl\u00edme v\u00e1m modelovanie objedn\u00e1vkov\u00e9ho procesu, rie\u0161enie v\u00fdnimiek a pr\u00e1ce s v\u00e4zbami v BPMN. Nau\u010d\u00edte sa, ako vytv\u00e1ra\u0165 fakt\u00fary v Microsoft Excel, pri\u010dom si osvoj\u00edte form\u00e1tovanie a automatiz\u00e1ciu dokladov tak, aby vyhovovali \u00fa\u010dtovn\u00fdm a da\u0148ov\u00fdm norm\u00e1m. Vysvetl\u00edme v\u00e1m, pre\u010do a ako zakr\u00fdva\u0165 citliv\u00e9 \u00fadaje na obr\u00e1zkoch a fotografi\u00e1ch pomocou Adobe Photoshop a online n\u00e1stroja Photopea. Po absolvovan\u00ed kurzu budete schopn\u00ed nastavi\u0165 v\u00e1\u0161 eshop tak, aby sp\u013a\u0148al v\u0161etky legislat\u00edvne po\u017eiadavky, optimalizova\u0165 jeho procesy a efekt\u00edvne spravova\u0165 podnikov\u00e9 dokumenty. Kurz v\u00e1m poskytne kompletn\u00fd preh\u013ead o pr\u00e1vnych aspektoch eshopov a pom\u00f4\u017ee v\u00e1m vyhn\u00fa\u0165 sa \u010dast\u00fdm chyb\u00e1m, ktor\u00e9 m\u00f4\u017eu vies\u0165 k pr\u00e1vnym probl\u00e9mom alebo finan\u010dn\u00fdm sankci\u00e1m. Ak sa chcete nau\u010di\u0165 pr\u00e1vo eshopu tak toto je ide\u00e1lny vstupn\u00fd online kurz pre v\u00e1s.<\/p>\n","protected":false},"excerpt":{"rendered":"<p>Online kurz Pr\u00e1vo a Legislat\u00edva internetov\u00e9ho obchodu poskytuje preh\u013ead pr\u00e1vnych povinnost\u00ed, ochrany osobn\u00fdch \u00fadajov, zmluvn\u00fdch podmienok a legislat\u00edvnych po\u017eiadaviek pre prev\u00e1dzku internetov\u00e9ho obchodu. Z\u00edskate praktick\u00fd z\u00e1klad na spr\u00e1vne, bezpe\u010dn\u00e9 a s\u00faladn\u00e9 fungovanie v\u00e1\u0161ho online predaja.","protected":false},"author":4,"featured_media":23622,"comment_status":"open","ping_status":"closed","template":"","meta":{"_acf_changed":false},"product_brand":[],"product_cat":[465,70,73],"product_tag":[183,197,230],"class_list":{"0":"post-16886","1":"product","2":"type-product","3":"status-publish","4":"has-post-thumbnail","6":"product_cat-podnikanie-a-eshop","7":"product_cat-online-kurzy-marketing-reklama-a-pravo","8":"product_cat-bez-kategorie","9":"product_tag-marketing","10":"product_tag-baliky-kurzov-a-predplatne","11":"product_tag-reklama-a-pravo","13":"first","14":"instock","15":"sale","16":"sold-individually","17":"taxable","18":"shipping-taxable","19":"purchasable","20":"product-type-simple"},"yoast_head":"<!-- This site is optimized with the Yoast SEO Premium plugin v25.0 (Yoast SEO v25.0) - https:\/\/yoast.com\/wordpress\/plugins\/seo\/ -->\n<title>Online kurz Pr\u00e1vo a Legislat\u00edva Eshopu 2026 | VITA<\/title>\n<meta name=\"description\" content=\"V online kurze Pr\u00e1vo a Legislat\u00edva Eshopu sa nau\u010d\u00edte, ako zabezpe\u010di\u0165 pr\u00e1vnu spr\u00e1vnos\u0165 v\u00e1\u0161ho online obchodu a rie\u0161i\u0165 GDPR a VOP. \u2705\" \/>\n<meta name=\"robots\" content=\"index, follow, max-snippet:-1, max-image-preview:large, max-video-preview:-1\" \/>\n<link rel=\"canonical\" href=\"https:\/\/www.vita.sk\/online-kurz-pravo-a-legislativa-eshopu\/\" \/>\n<meta property=\"og:locale\" content=\"en_US\" \/>\n<meta property=\"og:type\" content=\"article\" \/>\n<meta property=\"og:title\" content=\"Online kurz Pr\u00e1vo a Legislat\u00edva Eshopu\" \/>\n<meta property=\"og:description\" content=\"V online kurze Pr\u00e1vo a Legislat\u00edva Eshopu sa nau\u010d\u00edte, ako zabezpe\u010di\u0165 pr\u00e1vnu spr\u00e1vnos\u0165 v\u00e1\u0161ho online obchodu a rie\u0161i\u0165 GDPR a VOP. \u2705\" \/>\n<meta property=\"og:url\" content=\"https:\/\/www.vita.sk\/online-kurz-pravo-a-legislativa-eshopu\/\" \/>\n<meta property=\"og:site_name\" content=\"VITA\" \/>\n<meta property=\"article:publisher\" content=\"https:\/\/www.facebook.com\/VitaAcademySK\" \/>\n<meta property=\"article:modified_time\" content=\"2025-11-26T09:58:05+00:00\" \/>\n<meta property=\"og:image\" content=\"https:\/\/www.vita.sk\/wp-content\/uploads\/2025\/01\/kurz_pravo_eshopu.png\" \/>\n\t<meta property=\"og:image:width\" content=\"360\" \/>\n\t<meta property=\"og:image:height\" content=\"360\" \/>\n\t<meta property=\"og:image:type\" content=\"image\/png\" \/>\n<meta name=\"twitter:card\" content=\"summary_large_image\" \/>\n<meta name=\"twitter:label1\" content=\"Est. reading time\" \/>\n\t<meta name=\"twitter:data1\" content=\"2 minutes\" \/>\n<script type=\"application\/ld+json\" class=\"yoast-schema-graph\">{\n\t    \"@context\": \"https:\/\/schema.org\",\n\t    \"@graph\": [\n\t        {\n\t            \"@type\": \"WebPage\",\n\t            \"@id\": \"https:\/\/www.vita.sk\/online-kurz-pravo-a-legislativa-eshopu\/\",\n\t            \"url\": \"https:\/\/www.vita.sk\/online-kurz-pravo-a-legislativa-eshopu\/\",\n\t            \"name\": \"Online kurz Pr\u00e1vo a Legislat\u00edva Eshopu {Y} | VITA\",\n\t            \"isPartOf\": {\n\t                \"@id\": \"https:\/\/www.vita.sk\/#website\"\n\t            },\n\t            \"primaryImageOfPage\": {\n\t                \"@id\": \"https:\/\/www.vita.sk\/online-kurz-pravo-a-legislativa-eshopu\/#primaryimage\"\n\t            },\n\t            \"image\": {\n\t                \"@id\": \"https:\/\/www.vita.sk\/online-kurz-pravo-a-legislativa-eshopu\/#primaryimage\"\n\t            },\n\t            \"thumbnailUrl\": \"https:\/\/www.vita.sk\/wp-content\/uploads\/2025\/01\/kurz_pravo_eshopu.png\",\n\t            \"datePublished\": \"2023-12-20T11:11:57+00:00\",\n\t            \"dateModified\": \"2025-11-26T09:58:05+00:00\",\n\t            \"description\": \"V online kurze Pr\u00e1vo a Legislat\u00edva Eshopu sa nau\u010d\u00edte, ako zabezpe\u010di\u0165 pr\u00e1vnu spr\u00e1vnos\u0165 v\u00e1\u0161ho online obchodu a rie\u0161i\u0165 GDPR a VOP. \u2705\",\n\t            \"breadcrumb\": {\n\t                \"@id\": \"https:\/\/www.vita.sk\/online-kurz-pravo-a-legislativa-eshopu\/#breadcrumb\"\n\t            },\n\t            \"inLanguage\": \"en-US\",\n\t            \"potentialAction\": [\n\t                {\n\t                    \"@type\": \"ReadAction\",\n\t                    \"target\": [\n\t                        \"https:\/\/www.vita.sk\/online-kurz-pravo-a-legislativa-eshopu\/\"\n\t                    ]\n\t                }\n\t            ]\n\t        },\n\t        {\n\t            \"@type\": \"ImageObject\",\n\t            \"inLanguage\": \"en-US\",\n\t            \"@id\": \"https:\/\/www.vita.sk\/online-kurz-pravo-a-legislativa-eshopu\/#primaryimage\",\n\t            \"url\": \"https:\/\/www.vita.sk\/wp-content\/uploads\/2025\/01\/kurz_pravo_eshopu.png\",\n\t            \"contentUrl\": \"https:\/\/www.vita.sk\/wp-content\/uploads\/2025\/01\/kurz_pravo_eshopu.png\",\n\t            \"width\": 360,\n\t            \"height\": 360,\n\t            \"caption\": \"Online kurz Pr\u00e1vo a Legislat\u00edva Eshopu\"\n\t        },\n\t        {\n\t            \"@type\": \"BreadcrumbList\",\n\t            \"@id\": \"https:\/\/www.vita.sk\/online-kurz-pravo-a-legislativa-eshopu\/#breadcrumb\",\n\t            \"itemListElement\": [\n\t                {\n\t                    \"@type\": \"ListItem\",\n\t                    \"position\": 1,\n\t                    \"name\": \"VITA Academy\",\n\t                    \"item\": \"https:\/\/www.vita.sk\/en\/\"\n\t                },\n\t                {\n\t                    \"@type\": \"ListItem\",\n\t                    \"position\": 2,\n\t                    \"name\": \"Shop\",\n\t                    \"item\": \"https:\/\/www.vita.sk\/shop\/\"\n\t                },\n\t                {\n\t                    \"@type\": \"ListItem\",\n\t                    \"position\": 3,\n\t                    \"name\": \"Marketing, Reklama a Pr\u00e1vo\",\n\t                    \"item\": \"https:\/\/www.vita.sk\/online-kurzy-marketing-reklama-a-pravo\/\"\n\t                },\n\t                {\n\t                    \"@type\": \"ListItem\",\n\t                    \"position\": 4,\n\t                    \"name\": \"Podnikanie a Eshop\",\n\t                    \"item\": \"https:\/\/www.vita.sk\/podnikanie-a-eshop\/\"\n\t                },\n\t                {\n\t                    \"@type\": \"ListItem\",\n\t                    \"position\": 5,\n\t                    \"name\": \"Online kurz Pr\u00e1vo a Legislat\u00edva Eshopu\"\n\t                }\n\t            ]\n\t        },\n\t        {\n\t            \"@type\": \"WebSite\",\n\t            \"@id\": \"https:\/\/www.vita.sk\/#website\",\n\t            \"url\": \"https:\/\/www.vita.sk\/\",\n\t            \"name\": \"VITA\",\n\t            \"description\": \"\",\n\t            \"publisher\": {\n\t                \"@id\": \"https:\/\/www.vita.sk\/#organization\"\n\t            },\n\t            \"potentialAction\": [\n\t                {\n\t                    \"@type\": \"SearchAction\",\n\t                    \"target\": {\n\t                        \"@type\": \"EntryPoint\",\n\t                        \"urlTemplate\": \"https:\/\/www.vita.sk\/?s={search_term_string}\"\n\t                    },\n\t                    \"query-input\": {\n\t                        \"@type\": \"PropertyValueSpecification\",\n\t                        \"valueRequired\": true,\n\t                        \"valueName\": \"search_term_string\"\n\t                    }\n\t                }\n\t            ],\n\t            \"inLanguage\": \"en-US\"\n\t        },\n\t        {\n\t            \"email\": \"admin@vita.sk\",\n\t            \"logo\": \"https:\/\/www.vita.sk\/img\/vita_logo.png \",\n\t            \"address\": {\n\t                \"type\": \"PostalAddress\",\n\t                \"streetAddress\": \"Tom\u00e1\u0161ikova 50\/A\",\n\t                \"addressLocality\": \"Bratislava\",\n\t                \"postalCode\": \"83104\",\n\t                \"addressCountry\": {\n\t                    \"name\": \"SK\",\n\t                    \"type\": \"Country\"\n\t                }\n\t            },\n\t            \"contactPoint\": {\n\t                \"type\": \"ContactPoint\",\n\t                \"telephone\": \"+421 907 375\u00a0543\",\n\t                \"Email\": \"admin@vita.sk\",\n\t                \"contactType\": \"customer service\"\n\t            },\n\t            \"sameAs\": [\n\t                \"https:\/\/www.facebook.com\/VitaAcademySK\/\",\n\t                \"https:\/\/www.linkedin.com\/company\/vita-academy\/\"\n\t            ]\n\t        }\n\t    ]\n\t}<\/script>\n<!-- \/ Yoast SEO Premium plugin. -->","yoast_head_json":{"title":"Online kurz Pr\u00e1vo a Legislat\u00edva Eshopu 2026 | VITA","description":"V online kurze Pr\u00e1vo a Legislat\u00edva Eshopu sa nau\u010d\u00edte, ako zabezpe\u010di\u0165 pr\u00e1vnu spr\u00e1vnos\u0165 v\u00e1\u0161ho online obchodu a rie\u0161i\u0165 GDPR a VOP. \u2705","robots":{"index":"index","follow":"follow","max-snippet":"max-snippet:-1","max-image-preview":"max-image-preview:large","max-video-preview":"max-video-preview:-1"},"canonical":"https:\/\/www.vita.sk\/online-kurz-pravo-a-legislativa-eshopu\/","og_locale":"en_US","og_type":"article","og_title":"Online kurz Pr\u00e1vo a Legislat\u00edva Eshopu","og_description":"V online kurze Pr\u00e1vo a Legislat\u00edva Eshopu sa nau\u010d\u00edte, ako zabezpe\u010di\u0165 pr\u00e1vnu spr\u00e1vnos\u0165 v\u00e1\u0161ho online obchodu a rie\u0161i\u0165 GDPR a VOP. \u2705","og_url":"https:\/\/www.vita.sk\/online-kurz-pravo-a-legislativa-eshopu\/","og_site_name":"VITA","article_publisher":"https:\/\/www.facebook.com\/VitaAcademySK","article_modified_time":"2025-11-26T09:58:05+00:00","og_image":[{"width":360,"height":360,"url":"https:\/\/www.vita.sk\/wp-content\/uploads\/2025\/01\/kurz_pravo_eshopu.png","type":"image\/png"}],"twitter_card":"summary_large_image","twitter_misc":{"Est. reading time":"2 minutes"},"schema":{"@context":"https:\/\/schema.org","@graph":[{"@type":"WebPage","@id":"https:\/\/www.vita.sk\/online-kurz-pravo-a-legislativa-eshopu\/","url":"https:\/\/www.vita.sk\/online-kurz-pravo-a-legislativa-eshopu\/","name":"Online kurz Pr\u00e1vo a Legislat\u00edva Eshopu {Y} | VITA","isPartOf":{"@id":"https:\/\/www.vita.sk\/#website"},"primaryImageOfPage":{"@id":"https:\/\/www.vita.sk\/online-kurz-pravo-a-legislativa-eshopu\/#primaryimage"},"image":{"@id":"https:\/\/www.vita.sk\/online-kurz-pravo-a-legislativa-eshopu\/#primaryimage"},"thumbnailUrl":"https:\/\/www.vita.sk\/wp-content\/uploads\/2025\/01\/kurz_pravo_eshopu.png","datePublished":"2023-12-20T11:11:57+00:00","dateModified":"2025-11-26T09:58:05+00:00","description":"V online kurze Pr\u00e1vo a Legislat\u00edva Eshopu sa nau\u010d\u00edte, ako zabezpe\u010di\u0165 pr\u00e1vnu spr\u00e1vnos\u0165 v\u00e1\u0161ho online obchodu a rie\u0161i\u0165 GDPR a VOP. \u2705","breadcrumb":{"@id":"https:\/\/www.vita.sk\/online-kurz-pravo-a-legislativa-eshopu\/#breadcrumb"},"inLanguage":"en-US","potentialAction":[{"@type":"ReadAction","target":["https:\/\/www.vita.sk\/online-kurz-pravo-a-legislativa-eshopu\/"]}]},{"@type":"ImageObject","inLanguage":"en-US","@id":"https:\/\/www.vita.sk\/online-kurz-pravo-a-legislativa-eshopu\/#primaryimage","url":"https:\/\/www.vita.sk\/wp-content\/uploads\/2025\/01\/kurz_pravo_eshopu.png","contentUrl":"https:\/\/www.vita.sk\/wp-content\/uploads\/2025\/01\/kurz_pravo_eshopu.png","width":360,"height":360,"caption":"Online kurz Pr\u00e1vo a Legislat\u00edva Eshopu"},{"@type":"BreadcrumbList","@id":"https:\/\/www.vita.sk\/online-kurz-pravo-a-legislativa-eshopu\/#breadcrumb","itemListElement":[{"@type":"ListItem","position":1,"name":"VITA Academy","item":"https:\/\/www.vita.sk\/en\/"},{"@type":"ListItem","position":2,"name":"Shop","item":"https:\/\/www.vita.sk\/shop\/"},{"@type":"ListItem","position":3,"name":"Marketing, Reklama a Pr\u00e1vo","item":"https:\/\/www.vita.sk\/online-kurzy-marketing-reklama-a-pravo\/"},{"@type":"ListItem","position":4,"name":"Podnikanie a Eshop","item":"https:\/\/www.vita.sk\/podnikanie-a-eshop\/"},{"@type":"ListItem","position":5,"name":"Online kurz Pr\u00e1vo a Legislat\u00edva Eshopu"}]},{"@type":"WebSite","@id":"https:\/\/www.vita.sk\/#website","url":"https:\/\/www.vita.sk\/","name":"VITA","description":"","publisher":{"@id":"https:\/\/www.vita.sk\/#organization"},"potentialAction":[{"@type":"SearchAction","target":{"@type":"EntryPoint","urlTemplate":"https:\/\/www.vita.sk\/?s={search_term_string}"},"query-input":{"@type":"PropertyValueSpecification","valueRequired":true,"valueName":"search_term_string"}}],"inLanguage":"en-US"},{"email":"admin@vita.sk","logo":"https:\/\/www.vita.sk\/img\/vita_logo.png ","address":{"type":"PostalAddress","streetAddress":"Tom\u00e1\u0161ikova 50\/A","addressLocality":"Bratislava","postalCode":"83104","addressCountry":{"name":"SK","type":"Country"}},"contactPoint":{"type":"ContactPoint","telephone":"+421 907 375\u00a0543","Email":"admin@vita.sk","contactType":"customer service"},"sameAs":["https:\/\/www.facebook.com\/VitaAcademySK\/","https:\/\/www.linkedin.com\/company\/vita-academy\/"]}]}},"acf":[],"_links":{"self":[{"href":"https:\/\/www.vita.sk\/en\/wp-json\/wp\/v2\/product\/16886","targetHints":{"allow":["GET"]}}],"collection":[{"href":"https:\/\/www.vita.sk\/en\/wp-json\/wp\/v2\/product"}],"about":[{"href":"https:\/\/www.vita.sk\/en\/wp-json\/wp\/v2\/types\/product"}],"author":[{"embeddable":true,"href":"https:\/\/www.vita.sk\/en\/wp-json\/wp\/v2\/users\/4"}],"replies":[{"embeddable":true,"href":"https:\/\/www.vita.sk\/en\/wp-json\/wp\/v2\/comments?post=16886"}],"wp:featuredmedia":[{"embeddable":true,"href":"https:\/\/www.vita.sk\/en\/wp-json\/wp\/v2\/media\/23622"}],"wp:attachment":[{"href":"https:\/\/www.vita.sk\/en\/wp-json\/wp\/v2\/media?parent=16886"}],"wp:term":[{"taxonomy":"product_brand","embeddable":true,"href":"https:\/\/www.vita.sk\/en\/wp-json\/wp\/v2\/product_brand?post=16886"},{"taxonomy":"product_cat","embeddable":true,"href":"https:\/\/www.vita.sk\/en\/wp-json\/wp\/v2\/product_cat?post=16886"},{"taxonomy":"product_tag","embeddable":true,"href":"https:\/\/www.vita.sk\/en\/wp-json\/wp\/v2\/product_tag?post=16886"}],"curies":[{"name":"wp","href":"https:\/\/api.w.org\/{rel}","templated":true}]}}