{"id":16902,"date":"2023-11-16T11:47:32","date_gmt":"2023-11-16T10:47:32","guid":{"rendered":"https:\/\/www.vita.sk\/?post_type=product&#038;p=16902"},"modified":"2025-01-06T13:59:28","modified_gmt":"2025-01-06T12:59:28","slug":"online-kurz-python-pandas","status":"publish","type":"product","link":"https:\/\/www.vita.sk\/en\/online-kurz-python-pandas\/","title":{"rendered":"Online kurz Python Pandas"},"content":{"rendered":"<p>Online kurz Python Pandas je pre v\u00e1s ide\u00e1lny, ak sa chcete nau\u010di\u0165 efekt\u00edvne spracov\u00e1va\u0165 a analyzova\u0165 d\u00e1ta pomocou jednej z najpou\u017e\u00edvanej\u0161\u00edch kni\u017en\u00edc v Pythone. <strong>Ide o akreditovan\u00fd a certifikovan\u00fd kurz na Python Pandas.<\/strong> Prevedieme v\u00e1s od z\u00e1kladov a\u017e po pokro\u010dilej\u0161ie aplik\u00e1cie v d\u00e1tovej analytike. Kurz za\u010d\u00edna preh\u013eadom k\u013e\u00fa\u010dov\u00fdch Data Science kni\u017en\u00edc, pri\u010dom sa d\u00f4raz kladie na Pandas a jej zabudovan\u00e9 d\u00e1tov\u00e9 typy. Nau\u010d\u00edte sa vytv\u00e1ra\u0165 a spravova\u0165 d\u00e1tov\u00e9 r\u00e1mce (DataFrames) a vyu\u017e\u00edva\u0165 Python slovn\u00edky na transform\u00e1ciu a manipul\u00e1ciu \u00fadajov. S\u00fa\u010das\u0165ou \u00favodnej \u010dasti je aj bonusov\u00e1 sekcia o integr\u00e1cii Pythonu s Microsoft Power BI, ktor\u00e1 v\u00e1m umo\u017en\u00ed efekt\u00edvne vizualizova\u0165 v\u00fdsledky va\u0161ej pr\u00e1ce. V \u010fal\u0161ej \u010dasti sa zameriate na importovanie a exportovanie d\u00e1t zo s\u00faborov. Nau\u010d\u00edte sa importova\u0165 \u00fadaje z CSV s\u00faborov a exportova\u0165 tabu\u013eky do r\u00f4znych form\u00e1tov vr\u00e1tane Microsoft Excelu. Z\u00edskate preh\u013ead o d\u00f4le\u017eit\u00fdch met\u00f3dach Pandas, ktor\u00e9 v\u00e1m umo\u017enia optimalizova\u0165 spracovanie ve\u013ek\u00fdch datasetov. Kurz pokr\u00fdva aj spracovanie ch\u00fdb a v\u00fdnimiek pomocou Try a Except. Praktick\u00e9 zru\u010dnosti si osvoj\u00edte prostredn\u00edctvom projektu, v ktorom budete parsova\u0165 a s\u0165ahova\u0165 JSON d\u00e1ta z Registra \u00da\u010dtovn\u00fdch Z\u00e1vierok (RUZ). T\u00e1to \u010das\u0165 kurzu v\u00e1m uk\u00e1\u017ee, ako pracova\u0165 s d\u00e1tami v \u0161trukt\u00farovan\u00fdch aj ne\u0161trukt\u00farovan\u00fdch form\u00e1toch. Jednou z k\u013e\u00fa\u010dov\u00fdch \u010dast\u00ed kurzu je pr\u00e1ca s datab\u00e1zami a pochopenie konceptu ETL procesu (Extract, Transform, Load). Nau\u010d\u00edte sa porovn\u00e1va\u0165 Pandas a jazyk SQL, pri\u010dom zist\u00edte, ako vyu\u017ei\u0165 Pandas na efekt\u00edvnu extrakciu, transform\u00e1ciu a na\u010d\u00edtanie \u00fadajov v re\u00e1lnych projektoch. Praktick\u00e9 pr\u00edklady v\u00e1m pom\u00f4\u017eu pochopi\u0165, ako implementova\u0165 ETL procesy v ka\u017edodennej pr\u00e1ci s d\u00e1tami. Tento kurz je navrhnut\u00fd tak, aby v\u00e1m poskytol komplexn\u00e9 zru\u010dnosti na anal\u00fdzu a spracovanie \u00fadajov, vyu\u017eitie Pandas v kontexte d\u00e1tov\u00fdch r\u00e1mcov, import a export \u00fadajov, pr\u00e1ca s v\u00fdnimkami a datab\u00e1zami a pochopenie d\u00f4le\u017eitosti ETL procesov v oblasti Data Science. Po absolvovan\u00ed budete pripraven\u00ed efekt\u00edvne spravova\u0165 a analyzova\u0165 d\u00e1ta, \u010do v\u00e1m umo\u017en\u00ed aplikova\u0165 tieto zru\u010dnosti v \u0161irokom spektre profesijn\u00fdch oblast\u00ed. Ak sa chcete skuto\u010dne nau\u010di\u0165 pou\u017e\u00edva\u0165 Python Pandas, tak toto je ide\u00e1lny online kurz pre v\u00e1s.<\/p>\n","protected":false},"excerpt":{"rendered":"<p>Online kurz Python Pandas je pre v\u00e1s ide\u00e1lny, ak sa chcete nau\u010di\u0165 efekt\u00edvne spracov\u00e1va\u0165 a analyzova\u0165 d\u00e1ta pomocou jednej z najpou\u017e\u00edvanej\u0161\u00edch kni\u017en\u00edc v Pythone. Ide o akreditovan\u00fd a certifikovan\u00fd kurz na Python Pandas. Prevedieme v\u00e1s od z\u00e1kladov a\u017e po pokro\u010dilej\u0161ie aplik\u00e1cie v d\u00e1tovej analytike.","protected":false},"author":4,"featured_media":4447,"comment_status":"open","ping_status":"closed","template":"","meta":{"_acf_changed":false},"product_brand":[],"product_cat":[99,106,73],"product_tag":[212],"class_list":{"0":"post-16902","1":"product","2":"type-product","3":"status-publish","4":"has-post-thumbnail","6":"product_cat-online-kurzy-programovacie-jazyky","7":"product_cat-online-kurzy-python","8":"product_cat-bez-kategorie","9":"product_tag-python","11":"first","12":"instock","13":"sale","14":"sold-individually","15":"taxable","16":"shipping-taxable","17":"purchasable","18":"product-type-simple"},"yoast_head":"<!-- This site is optimized with the Yoast SEO Premium plugin v25.0 (Yoast SEO v25.0) - https:\/\/yoast.com\/wordpress\/plugins\/seo\/ -->\n<title>Online kurz Python - Pandas  | VITA<\/title>\n<meta name=\"description\" content=\"V online kurze Python Pandas sa nau\u010d\u00edte efekt\u00edvne spracov\u00e1va\u0165 a analyzova\u0165 d\u00e1ta pomocou kni\u017enice Pandas. \u2705\" \/>\n<meta name=\"robots\" content=\"index, follow, max-snippet:-1, max-image-preview:large, max-video-preview:-1\" \/>\n<link rel=\"canonical\" href=\"https:\/\/www.vita.sk\/online-kurz-python-pandas\/\" \/>\n<meta property=\"og:locale\" content=\"en_US\" \/>\n<meta property=\"og:type\" content=\"article\" \/>\n<meta property=\"og:title\" content=\"Online kurz Python Pandas\" \/>\n<meta property=\"og:description\" content=\"V online kurze Python Pandas sa nau\u010d\u00edte efekt\u00edvne spracov\u00e1va\u0165 a analyzova\u0165 d\u00e1ta pomocou kni\u017enice Pandas. \u2705\" \/>\n<meta property=\"og:url\" content=\"https:\/\/www.vita.sk\/online-kurz-python-pandas\/\" \/>\n<meta property=\"og:site_name\" content=\"VITA\" \/>\n<meta property=\"article:publisher\" content=\"https:\/\/www.facebook.com\/VitaAcademySK\" \/>\n<meta property=\"article:modified_time\" content=\"2025-01-06T12:59:28+00:00\" \/>\n<meta property=\"og:image\" content=\"https:\/\/www.vita.sk\/wp-content\/uploads\/2020\/11\/kurz_python-pandas.png\" \/>\n\t<meta property=\"og:image:width\" content=\"360\" \/>\n\t<meta property=\"og:image:height\" content=\"360\" \/>\n\t<meta property=\"og:image:type\" content=\"image\/png\" \/>\n<meta name=\"twitter:card\" content=\"summary_large_image\" \/>\n<meta name=\"twitter:label1\" content=\"Est. reading time\" \/>\n\t<meta name=\"twitter:data1\" content=\"2 minutes\" \/>\n<script type=\"application\/ld+json\" class=\"yoast-schema-graph\">{\n\t    \"@context\": \"https:\/\/schema.org\",\n\t    \"@graph\": [\n\t        {\n\t            \"@type\": \"WebPage\",\n\t            \"@id\": \"https:\/\/www.vita.sk\/online-kurz-python-pandas\/\",\n\t            \"url\": \"https:\/\/www.vita.sk\/online-kurz-python-pandas\/\",\n\t            \"name\": \"Online kurz Python - Pandas 2025 | VITA\",\n\t            \"isPartOf\": {\n\t                \"@id\": \"https:\/\/www.vita.sk\/#website\"\n\t            },\n\t            \"primaryImageOfPage\": {\n\t                \"@id\": \"https:\/\/www.vita.sk\/online-kurz-python-pandas\/#primaryimage\"\n\t            },\n\t            \"image\": {\n\t                \"@id\": \"https:\/\/www.vita.sk\/online-kurz-python-pandas\/#primaryimage\"\n\t            },\n\t            \"thumbnailUrl\": \"https:\/\/www.vita.sk\/wp-content\/uploads\/2020\/11\/kurz_python-pandas.png\",\n\t            \"datePublished\": \"2023-11-16T10:47:32+00:00\",\n\t            \"dateModified\": \"2025-01-06T12:59:28+00:00\",\n\t            \"description\": \"V online kurze Python Pandas sa nau\u010d\u00edte efekt\u00edvne spracov\u00e1va\u0165 a analyzova\u0165 d\u00e1ta pomocou kni\u017enice Pandas. \u2705\",\n\t            \"breadcrumb\": {\n\t                \"@id\": \"https:\/\/www.vita.sk\/online-kurz-python-pandas\/#breadcrumb\"\n\t            },\n\t            \"inLanguage\": \"en-US\",\n\t            \"potentialAction\": [\n\t                {\n\t                    \"@type\": \"ReadAction\",\n\t                    \"target\": [\n\t                        \"https:\/\/www.vita.sk\/online-kurz-python-pandas\/\"\n\t                    ]\n\t                }\n\t            ]\n\t        },\n\t        {\n\t            \"@type\": \"ImageObject\",\n\t            \"inLanguage\": \"en-US\",\n\t            \"@id\": \"https:\/\/www.vita.sk\/online-kurz-python-pandas\/#primaryimage\",\n\t            \"url\": \"https:\/\/www.vita.sk\/wp-content\/uploads\/2020\/11\/kurz_python-pandas.png\",\n\t            \"contentUrl\": \"https:\/\/www.vita.sk\/wp-content\/uploads\/2020\/11\/kurz_python-pandas.png\",\n\t            \"width\": 360,\n\t            \"height\": 360,\n\t            \"caption\": \"Online kurz Python pandas\"\n\t        },\n\t        {\n\t            \"@type\": \"BreadcrumbList\",\n\t            \"@id\": \"https:\/\/www.vita.sk\/online-kurz-python-pandas\/#breadcrumb\",\n\t            \"itemListElement\": [\n\t                {\n\t                    \"@type\": \"ListItem\",\n\t                    \"position\": 1,\n\t                    \"name\": \"VITA Academy\",\n\t                    \"item\": \"https:\/\/www.vita.sk\/en\/\"\n\t                },\n\t                {\n\t                    \"@type\": \"ListItem\",\n\t                    \"position\": 2,\n\t                    \"name\": \"Shop\",\n\t                    \"item\": \"https:\/\/www.vita.sk\/shop\/\"\n\t                },\n\t                {\n\t                    \"@type\": \"ListItem\",\n\t                    \"position\": 3,\n\t                    \"name\": \"Programovacie Jazyky\",\n\t                    \"item\": \"https:\/\/www.vita.sk\/online-kurzy-programovacie-jazyky\/\"\n\t                },\n\t                {\n\t                    \"@type\": \"ListItem\",\n\t                    \"position\": 4,\n\t                    \"name\": \"Python\",\n\t                    \"item\": \"https:\/\/www.vita.sk\/online-kurzy-python\/\"\n\t                },\n\t                {\n\t                    \"@type\": \"ListItem\",\n\t                    \"position\": 5,\n\t                    \"name\": \"Online kurz Python Pandas\"\n\t                }\n\t            ]\n\t        },\n\t        {\n\t            \"@type\": \"WebSite\",\n\t            \"@id\": \"https:\/\/www.vita.sk\/#website\",\n\t            \"url\": \"https:\/\/www.vita.sk\/\",\n\t            \"name\": \"VITA\",\n\t            \"description\": \"\",\n\t            \"publisher\": {\n\t                \"@id\": \"https:\/\/www.vita.sk\/#organization\"\n\t            },\n\t            \"potentialAction\": [\n\t                {\n\t                    \"@type\": \"SearchAction\",\n\t                    \"target\": {\n\t                        \"@type\": \"EntryPoint\",\n\t                        \"urlTemplate\": \"https:\/\/www.vita.sk\/?s={search_term_string}\"\n\t                    },\n\t                    \"query-input\": {\n\t                        \"@type\": \"PropertyValueSpecification\",\n\t                        \"valueRequired\": true,\n\t                        \"valueName\": \"search_term_string\"\n\t                    }\n\t                }\n\t            ],\n\t            \"inLanguage\": \"en-US\"\n\t        },\n\t        {\n\t            \"email\": \"admin@vita.sk\",\n\t            \"logo\": \"https:\/\/www.vita.sk\/img\/vita_logo.png \",\n\t            \"address\": {\n\t                \"type\": \"PostalAddress\",\n\t                \"streetAddress\": \"Tom\u00e1\u0161ikova 50\/A\",\n\t                \"addressLocality\": \"Bratislava\",\n\t                \"postalCode\": \"83104\",\n\t                \"addressCountry\": {\n\t                    \"name\": \"SK\",\n\t                    \"type\": \"Country\"\n\t                }\n\t            },\n\t            \"contactPoint\": {\n\t                \"type\": \"ContactPoint\",\n\t                \"telephone\": \"+421 907 375\u00a0543\",\n\t                \"Email\": \"admin@vita.sk\",\n\t                \"contactType\": \"customer service\"\n\t            },\n\t            \"sameAs\": [\n\t                \"https:\/\/www.facebook.com\/VitaAcademySK\/\",\n\t                \"https:\/\/www.linkedin.com\/company\/vita-academy\/\"\n\t            ]\n\t        }\n\t    ]\n\t}<\/script>\n<!-- \/ Yoast SEO Premium plugin. -->","yoast_head_json":{"title":"Online kurz Python - Pandas  | VITA","description":"V online kurze Python Pandas sa nau\u010d\u00edte efekt\u00edvne spracov\u00e1va\u0165 a analyzova\u0165 d\u00e1ta pomocou kni\u017enice Pandas. \u2705","robots":{"index":"index","follow":"follow","max-snippet":"max-snippet:-1","max-image-preview":"max-image-preview:large","max-video-preview":"max-video-preview:-1"},"canonical":"https:\/\/www.vita.sk\/online-kurz-python-pandas\/","og_locale":"en_US","og_type":"article","og_title":"Online kurz Python Pandas","og_description":"V online kurze Python Pandas sa nau\u010d\u00edte efekt\u00edvne spracov\u00e1va\u0165 a analyzova\u0165 d\u00e1ta pomocou kni\u017enice Pandas. \u2705","og_url":"https:\/\/www.vita.sk\/online-kurz-python-pandas\/","og_site_name":"VITA","article_publisher":"https:\/\/www.facebook.com\/VitaAcademySK","article_modified_time":"2025-01-06T12:59:28+00:00","og_image":[{"width":360,"height":360,"url":"https:\/\/www.vita.sk\/wp-content\/uploads\/2020\/11\/kurz_python-pandas.png","type":"image\/png"}],"twitter_card":"summary_large_image","twitter_misc":{"Est. reading time":"2 minutes"},"schema":{"@context":"https:\/\/schema.org","@graph":[{"@type":"WebPage","@id":"https:\/\/www.vita.sk\/online-kurz-python-pandas\/","url":"https:\/\/www.vita.sk\/online-kurz-python-pandas\/","name":"Online kurz Python - Pandas 2025 | VITA","isPartOf":{"@id":"https:\/\/www.vita.sk\/#website"},"primaryImageOfPage":{"@id":"https:\/\/www.vita.sk\/online-kurz-python-pandas\/#primaryimage"},"image":{"@id":"https:\/\/www.vita.sk\/online-kurz-python-pandas\/#primaryimage"},"thumbnailUrl":"https:\/\/www.vita.sk\/wp-content\/uploads\/2020\/11\/kurz_python-pandas.png","datePublished":"2023-11-16T10:47:32+00:00","dateModified":"2025-01-06T12:59:28+00:00","description":"V online kurze Python Pandas sa nau\u010d\u00edte efekt\u00edvne spracov\u00e1va\u0165 a analyzova\u0165 d\u00e1ta pomocou kni\u017enice Pandas. \u2705","breadcrumb":{"@id":"https:\/\/www.vita.sk\/online-kurz-python-pandas\/#breadcrumb"},"inLanguage":"en-US","potentialAction":[{"@type":"ReadAction","target":["https:\/\/www.vita.sk\/online-kurz-python-pandas\/"]}]},{"@type":"ImageObject","inLanguage":"en-US","@id":"https:\/\/www.vita.sk\/online-kurz-python-pandas\/#primaryimage","url":"https:\/\/www.vita.sk\/wp-content\/uploads\/2020\/11\/kurz_python-pandas.png","contentUrl":"https:\/\/www.vita.sk\/wp-content\/uploads\/2020\/11\/kurz_python-pandas.png","width":360,"height":360,"caption":"Online kurz Python pandas"},{"@type":"BreadcrumbList","@id":"https:\/\/www.vita.sk\/online-kurz-python-pandas\/#breadcrumb","itemListElement":[{"@type":"ListItem","position":1,"name":"VITA Academy","item":"https:\/\/www.vita.sk\/en\/"},{"@type":"ListItem","position":2,"name":"Shop","item":"https:\/\/www.vita.sk\/shop\/"},{"@type":"ListItem","position":3,"name":"Programovacie Jazyky","item":"https:\/\/www.vita.sk\/online-kurzy-programovacie-jazyky\/"},{"@type":"ListItem","position":4,"name":"Python","item":"https:\/\/www.vita.sk\/online-kurzy-python\/"},{"@type":"ListItem","position":5,"name":"Online kurz Python Pandas"}]},{"@type":"WebSite","@id":"https:\/\/www.vita.sk\/#website","url":"https:\/\/www.vita.sk\/","name":"VITA","description":"","publisher":{"@id":"https:\/\/www.vita.sk\/#organization"},"potentialAction":[{"@type":"SearchAction","target":{"@type":"EntryPoint","urlTemplate":"https:\/\/www.vita.sk\/?s={search_term_string}"},"query-input":{"@type":"PropertyValueSpecification","valueRequired":true,"valueName":"search_term_string"}}],"inLanguage":"en-US"},{"email":"admin@vita.sk","logo":"https:\/\/www.vita.sk\/img\/vita_logo.png ","address":{"type":"PostalAddress","streetAddress":"Tom\u00e1\u0161ikova 50\/A","addressLocality":"Bratislava","postalCode":"83104","addressCountry":{"name":"SK","type":"Country"}},"contactPoint":{"type":"ContactPoint","telephone":"+421 907 375\u00a0543","Email":"admin@vita.sk","contactType":"customer service"},"sameAs":["https:\/\/www.facebook.com\/VitaAcademySK\/","https:\/\/www.linkedin.com\/company\/vita-academy\/"]}]}},"acf":[],"_links":{"self":[{"href":"https:\/\/www.vita.sk\/en\/wp-json\/wp\/v2\/product\/16902","targetHints":{"allow":["GET"]}}],"collection":[{"href":"https:\/\/www.vita.sk\/en\/wp-json\/wp\/v2\/product"}],"about":[{"href":"https:\/\/www.vita.sk\/en\/wp-json\/wp\/v2\/types\/product"}],"author":[{"embeddable":true,"href":"https:\/\/www.vita.sk\/en\/wp-json\/wp\/v2\/users\/4"}],"replies":[{"embeddable":true,"href":"https:\/\/www.vita.sk\/en\/wp-json\/wp\/v2\/comments?post=16902"}],"wp:featuredmedia":[{"embeddable":true,"href":"https:\/\/www.vita.sk\/en\/wp-json\/wp\/v2\/media\/4447"}],"wp:attachment":[{"href":"https:\/\/www.vita.sk\/en\/wp-json\/wp\/v2\/media?parent=16902"}],"wp:term":[{"taxonomy":"product_brand","embeddable":true,"href":"https:\/\/www.vita.sk\/en\/wp-json\/wp\/v2\/product_brand?post=16902"},{"taxonomy":"product_cat","embeddable":true,"href":"https:\/\/www.vita.sk\/en\/wp-json\/wp\/v2\/product_cat?post=16902"},{"taxonomy":"product_tag","embeddable":true,"href":"https:\/\/www.vita.sk\/en\/wp-json\/wp\/v2\/product_tag?post=16902"}],"curies":[{"name":"wp","href":"https:\/\/api.w.org\/{rel}","templated":true}]}}