{"id":17118,"date":"2024-02-09T13:41:08","date_gmt":"2024-02-09T12:41:08","guid":{"rendered":"https:\/\/www.vita.sk\/?post_type=product&#038;p=17118"},"modified":"2025-10-27T16:01:29","modified_gmt":"2025-10-27T15:01:29","slug":"online-kurz-instagram-marketing","status":"publish","type":"product","link":"https:\/\/www.vita.sk\/en\/online-kurz-instagram-marketing\/","title":{"rendered":"Online kurz Instagram Marketing I. Za\u010diato\u010dn\u00edk"},"content":{"rendered":"<p>Online kurz Instagram Marketing I. Za\u010diato\u010dn\u00edk je pre v\u00e1s ide\u00e1lny, ak sa chcete nau\u010di\u0165 efekt\u00edvne spravova\u0165 firemn\u00fd profil na Instagrame, vytv\u00e1ra\u0165 kvalitn\u00fd obsah, budova\u0165 zna\u010dku a vyu\u017e\u00edva\u0165 marketingov\u00e9 n\u00e1stroje na zv\u00fd\u0161enie dosahu a konverzi\u00ed. <strong>Ide o akreditovan\u00fd a certifikovan\u00fd online kurz Instagram Marketing.<\/strong> V kurze sa nau\u010d\u00edte, ako spr\u00e1vne za\u010da\u0165 s Instagramom, zalo\u017ei\u0165 si firemn\u00fd \u00fa\u010det, zvoli\u0165 vhodn\u00fd form\u00e1t obsahu a definova\u0165 si cie\u013eov\u00fa skupinu. Z\u00edskate preh\u013ead o tom, ako funguje komunik\u00e1cia na soci\u00e1lnych sie\u0165ach, ako si pripravi\u0165 efekt\u00edvne scen\u00e1re pr\u00edspevkov a ako spr\u00e1vne pl\u00e1nova\u0165 \u010dasov\u00fd harmonogram publikovania obsahu. Obozn\u00e1mite sa s r\u00f4znymi typmi form\u00e1tov ako s\u00fa pr\u00edspevky, reels, stories, live a nau\u010d\u00edte sa, ako ich spr\u00e1vne kombinova\u0165 pod\u013ea cie\u013eov va\u0161ej kampane. D\u00f4le\u017eitou s\u00fa\u010das\u0165ou kurzu je pl\u00e1novanie obsahu a automatiz\u00e1cia pr\u00edspevkov na Instagrame a Facebooku. Vysvetl\u00edme v\u00e1m, ako pou\u017e\u00edva\u0165 n\u00e1stroje ako OneApp a \u010fal\u0161ie pl\u00e1nova\u010de, ktor\u00e9 v\u00e1m umo\u017enia zefekt\u00edvni\u0165 spr\u00e1vu soci\u00e1lnych siet\u00ed. Nau\u010d\u00edte sa tvori\u0165 v\u00fdzvy na akciu (CTA), strategicky pl\u00e1nova\u0165 publikovanie, vyu\u017e\u00edva\u0165 ide\u00e1lne \u010dasy a osved\u010den\u00e9 taktiky na zvy\u0161ovanie dosahu a zapojenia. Kurz v\u00e1m poskytne aj preh\u013ead o n\u00e1strojoch na pl\u00e1novanie obsahu, ako aj o mo\u017enostiach automatiz\u00e1cie pomocou dostupn\u00fdch rie\u0161en\u00ed. Osvoj\u00edte si z\u00e1klady tvorby marketingov\u00e9ho pl\u00e1nu pre Instagram pomocou modelu STDC (See\u2013Think\u2013Do\u2013Care), ktor\u00fd v\u00e1m pom\u00f4\u017ee spr\u00e1vne nastavi\u0165 ciele, segmentova\u0165 publikum a vybra\u0165 vhodn\u00e9 formy obsahu pre jednotliv\u00e9 f\u00e1zy n\u00e1kupn\u00e9ho cyklu. V kurze sa nau\u010d\u00edte, ako vyhodnocova\u0165 v\u00fdkonnos\u0165 kampan\u00ed pomocou metriky ako dosah, interakcie, prekliky a konverzie, pri\u010dom vyu\u017eijete n\u00e1stroje ako Meta Insights a profesion\u00e1lny panel na sledovanie v\u00fdsledkov. Ve\u013ek\u00fd d\u00f4raz je kladen\u00fd na budovanie zna\u010dky a konzistentn\u00fa komunik\u00e1ciu. Nau\u010d\u00edte sa, ako si nastavi\u0165 tone of voice (ToV), ur\u010di\u0165 dimenzie brandovej komunik\u00e1cie a vytvori\u0165 zrozumite\u013en\u00fd a rozpoznate\u013en\u00fd \u0161t\u00fdl zna\u010dky. Kurz v\u00e1m tie\u017e uk\u00e1\u017ee, ako tvori\u0165 efekt\u00edvny, presved\u010div\u00fd a zrozumite\u013en\u00fd copywriting prisp\u00f4soben\u00fd pre Instagram, ktor\u00fd motivuje publikum k interakcii a zvy\u0161uje anga\u017eovanos\u0165. Ako s\u00fa\u010das\u0165 kurzu z\u00edskate pr\u00edstup k bonusovej \u010dasti venovanej umelej inteligencii, kde sa nau\u010d\u00edte pou\u017e\u00edva\u0165 Adobe Firefly a Adobe Photoshop na generovanie vizu\u00e1lne atrakt\u00edvneho obsahu. Obozn\u00e1mite sa s funkciami ako Text-to-Image, Generative Fill a Generative Expand, ktor\u00e9 v\u00e1m umo\u017enia vytv\u00e1ra\u0165 origin\u00e1lne obr\u00e1zky bez potreby extern\u00e9ho grafika. V\u010faka t\u00fdmto n\u00e1strojom dok\u00e1\u017eete r\u00fdchlej\u0161ie a kreat\u00edvnej\u0161ie reagova\u0165 na obsahov\u00e9 potreby va\u0161ej zna\u010dky. Tento kurz v\u00e1m poskytne vedomost\u00ed, zru\u010dnost\u00ed a n\u00e1strojov, ktor\u00e9 potrebujete na to, aby ste mohli samostatne, efekt\u00edvne a strategicky spravova\u0165 marketing na Instagrame, a to bez oh\u013eadu na to, \u010di pracujete pre vlastn\u00fa zna\u010dku, firmu alebo klienta. Ak sa skuto\u010dne chcete nau\u010di\u0165 Instagram Marketing, tak toto je ide\u00e1lny vstupn\u00fd online kurz pre v\u00e1s.<\/p>\n","protected":false},"excerpt":{"rendered":"<p>Online kurz Instagram Marketing v\u00e1s nau\u010d\u00ed vytv\u00e1ra\u0165 obsah, pl\u00e1nova\u0165 pr\u00edspevky, analyzova\u0165 v\u00fdsledky a budova\u0165 zna\u010dku na Instagrame. Zvl\u00e1dnete marketingov\u00e9 strat\u00e9gie, copywriting aj vyu\u017eitie umelej inteligencie pri tvorbe vizu\u00e1lov na IG.","protected":false},"author":4,"featured_media":18332,"comment_status":"open","ping_status":"closed","template":"","meta":{"_acf_changed":false},"product_brand":[],"product_cat":[483,70,73,435],"product_tag":[183,197,230],"class_list":{"0":"post-17118","1":"product","2":"type-product","3":"status-publish","4":"has-post-thumbnail","6":"product_cat-e-business-a-e-marketing","7":"product_cat-online-kurzy-marketing-reklama-a-pravo","8":"product_cat-bez-kategorie","9":"product_cat-online-kurzy-marketingove-nastroje","10":"product_tag-marketing","11":"product_tag-baliky-kurzov-a-predplatne","12":"product_tag-reklama-a-pravo","14":"first","15":"instock","16":"sale","17":"sold-individually","18":"taxable","19":"shipping-taxable","20":"purchasable","21":"product-type-simple"},"yoast_head":"<!-- This site is optimized with the Yoast SEO Premium plugin v25.0 (Yoast SEO v25.0) - https:\/\/yoast.com\/wordpress\/plugins\/seo\/ -->\n<title>Online kurz Instagram Marketing I. Za\u010diato\u010dn\u00edk 2026 | VITA<\/title>\n<meta name=\"description\" content=\"V online kurze Instagram Marketing sa nau\u010d\u00edte budova\u0165 zna\u010dku, zvy\u0161ova\u0165 dosah a efekt\u00edvne spravova\u0165 svoj Instagram profil pomocou overen\u00fdch tipov a trikov. \u2705\" \/>\n<meta name=\"robots\" content=\"index, follow, max-snippet:-1, max-image-preview:large, max-video-preview:-1\" \/>\n<link rel=\"canonical\" href=\"https:\/\/www.vita.sk\/online-kurz-instagram-marketing\/\" \/>\n<meta property=\"og:locale\" content=\"en_US\" \/>\n<meta property=\"og:type\" content=\"article\" \/>\n<meta property=\"og:title\" content=\"Online kurz Instagram Marketing I. Za\u010diato\u010dn\u00edk\" \/>\n<meta property=\"og:description\" content=\"V online kurze Instagram Marketing sa nau\u010d\u00edte budova\u0165 zna\u010dku, zvy\u0161ova\u0165 dosah a efekt\u00edvne spravova\u0165 svoj Instagram profil pomocou overen\u00fdch tipov a trikov. \u2705\" \/>\n<meta property=\"og:url\" content=\"https:\/\/www.vita.sk\/online-kurz-instagram-marketing\/\" \/>\n<meta property=\"og:site_name\" content=\"VITA\" \/>\n<meta property=\"article:publisher\" content=\"https:\/\/www.facebook.com\/VitaAcademySK\" \/>\n<meta property=\"article:modified_time\" content=\"2025-10-27T15:01:29+00:00\" \/>\n<meta property=\"og:image\" content=\"https:\/\/www.vita.sk\/wp-content\/uploads\/2024\/02\/kurz-instagram-marketing-1.jpg\" \/>\n\t<meta property=\"og:image:width\" content=\"360\" \/>\n\t<meta property=\"og:image:height\" content=\"360\" \/>\n\t<meta property=\"og:image:type\" content=\"image\/jpeg\" \/>\n<meta name=\"twitter:card\" content=\"summary_large_image\" \/>\n<meta name=\"twitter:label1\" content=\"Est. reading time\" \/>\n\t<meta name=\"twitter:data1\" content=\"3 minutes\" \/>\n<script type=\"application\/ld+json\" class=\"yoast-schema-graph\">{\n\t    \"@context\": \"https:\/\/schema.org\",\n\t    \"@graph\": [\n\t        {\n\t            \"@type\": \"WebPage\",\n\t            \"@id\": \"https:\/\/www.vita.sk\/online-kurz-instagram-marketing\/\",\n\t            \"url\": \"https:\/\/www.vita.sk\/online-kurz-instagram-marketing\/\",\n\t            \"name\": \"Online kurz Instagram Marketing I. Za\u010diato\u010dn\u00edk {Y} | VITA\",\n\t            \"isPartOf\": {\n\t                \"@id\": \"https:\/\/www.vita.sk\/#website\"\n\t            },\n\t            \"primaryImageOfPage\": {\n\t                \"@id\": \"https:\/\/www.vita.sk\/online-kurz-instagram-marketing\/#primaryimage\"\n\t            },\n\t            \"image\": {\n\t                \"@id\": \"https:\/\/www.vita.sk\/online-kurz-instagram-marketing\/#primaryimage\"\n\t            },\n\t            \"thumbnailUrl\": \"https:\/\/www.vita.sk\/wp-content\/uploads\/2024\/02\/kurz-instagram-marketing-1.jpg\",\n\t            \"datePublished\": \"2024-02-09T12:41:08+00:00\",\n\t            \"dateModified\": \"2025-10-27T15:01:29+00:00\",\n\t            \"description\": \"V online kurze Instagram Marketing sa nau\u010d\u00edte budova\u0165 zna\u010dku, zvy\u0161ova\u0165 dosah a efekt\u00edvne spravova\u0165 svoj Instagram profil pomocou overen\u00fdch tipov a trikov. \u2705\",\n\t            \"breadcrumb\": {\n\t                \"@id\": \"https:\/\/www.vita.sk\/online-kurz-instagram-marketing\/#breadcrumb\"\n\t            },\n\t            \"inLanguage\": \"en-US\",\n\t            \"potentialAction\": [\n\t                {\n\t                    \"@type\": \"ReadAction\",\n\t                    \"target\": [\n\t                        \"https:\/\/www.vita.sk\/online-kurz-instagram-marketing\/\"\n\t                    ]\n\t                }\n\t            ]\n\t        },\n\t        {\n\t            \"@type\": \"ImageObject\",\n\t            \"inLanguage\": \"en-US\",\n\t            \"@id\": \"https:\/\/www.vita.sk\/online-kurz-instagram-marketing\/#primaryimage\",\n\t            \"url\": \"https:\/\/www.vita.sk\/wp-content\/uploads\/2024\/02\/kurz-instagram-marketing-1.jpg\",\n\t            \"contentUrl\": \"https:\/\/www.vita.sk\/wp-content\/uploads\/2024\/02\/kurz-instagram-marketing-1.jpg\",\n\t            \"width\": 360,\n\t            \"height\": 360\n\t        },\n\t        {\n\t            \"@type\": \"BreadcrumbList\",\n\t            \"@id\": \"https:\/\/www.vita.sk\/online-kurz-instagram-marketing\/#breadcrumb\",\n\t            \"itemListElement\": [\n\t                {\n\t                    \"@type\": \"ListItem\",\n\t                    \"position\": 1,\n\t                    \"name\": \"VITA Academy\",\n\t                    \"item\": \"https:\/\/www.vita.sk\/en\/\"\n\t                },\n\t                {\n\t                    \"@type\": \"ListItem\",\n\t                    \"position\": 2,\n\t                    \"name\": \"Shop\",\n\t                    \"item\": \"https:\/\/www.vita.sk\/shop\/\"\n\t                },\n\t                {\n\t                    \"@type\": \"ListItem\",\n\t                    \"position\": 3,\n\t                    \"name\": \"Marketing, Reklama a Pr\u00e1vo\",\n\t                    \"item\": \"https:\/\/www.vita.sk\/online-kurzy-marketing-reklama-a-pravo\/\"\n\t                },\n\t                {\n\t                    \"@type\": \"ListItem\",\n\t                    \"position\": 4,\n\t                    \"name\": \"Online kurz Instagram Marketing I. Za\u010diato\u010dn\u00edk\"\n\t                }\n\t            ]\n\t        },\n\t        {\n\t            \"@type\": \"WebSite\",\n\t            \"@id\": \"https:\/\/www.vita.sk\/#website\",\n\t            \"url\": \"https:\/\/www.vita.sk\/\",\n\t            \"name\": \"VITA\",\n\t            \"description\": \"\",\n\t            \"publisher\": {\n\t                \"@id\": \"https:\/\/www.vita.sk\/#organization\"\n\t            },\n\t            \"potentialAction\": [\n\t                {\n\t                    \"@type\": \"SearchAction\",\n\t                    \"target\": {\n\t                        \"@type\": \"EntryPoint\",\n\t                        \"urlTemplate\": \"https:\/\/www.vita.sk\/?s={search_term_string}\"\n\t                    },\n\t                    \"query-input\": {\n\t                        \"@type\": \"PropertyValueSpecification\",\n\t                        \"valueRequired\": true,\n\t                        \"valueName\": \"search_term_string\"\n\t                    }\n\t                }\n\t            ],\n\t            \"inLanguage\": \"en-US\"\n\t        },\n\t        {\n\t            \"email\": \"admin@vita.sk\",\n\t            \"logo\": \"https:\/\/www.vita.sk\/img\/vita_logo.png \",\n\t            \"address\": {\n\t                \"type\": \"PostalAddress\",\n\t                \"streetAddress\": \"Tom\u00e1\u0161ikova 50\/A\",\n\t                \"addressLocality\": \"Bratislava\",\n\t                \"postalCode\": \"83104\",\n\t                \"addressCountry\": {\n\t                    \"name\": \"SK\",\n\t                    \"type\": \"Country\"\n\t                }\n\t            },\n\t            \"contactPoint\": {\n\t                \"type\": \"ContactPoint\",\n\t                \"telephone\": \"+421 907 375\u00a0543\",\n\t                \"Email\": \"admin@vita.sk\",\n\t                \"contactType\": \"customer service\"\n\t            },\n\t            \"sameAs\": [\n\t                \"https:\/\/www.facebook.com\/VitaAcademySK\/\",\n\t                \"https:\/\/www.linkedin.com\/company\/vita-academy\/\"\n\t            ]\n\t        }\n\t    ]\n\t}<\/script>\n<!-- \/ Yoast SEO Premium plugin. -->","yoast_head_json":{"title":"Online kurz Instagram Marketing I. Za\u010diato\u010dn\u00edk 2026 | VITA","description":"V online kurze Instagram Marketing sa nau\u010d\u00edte budova\u0165 zna\u010dku, zvy\u0161ova\u0165 dosah a efekt\u00edvne spravova\u0165 svoj Instagram profil pomocou overen\u00fdch tipov a trikov. \u2705","robots":{"index":"index","follow":"follow","max-snippet":"max-snippet:-1","max-image-preview":"max-image-preview:large","max-video-preview":"max-video-preview:-1"},"canonical":"https:\/\/www.vita.sk\/online-kurz-instagram-marketing\/","og_locale":"en_US","og_type":"article","og_title":"Online kurz Instagram Marketing I. Za\u010diato\u010dn\u00edk","og_description":"V online kurze Instagram Marketing sa nau\u010d\u00edte budova\u0165 zna\u010dku, zvy\u0161ova\u0165 dosah a efekt\u00edvne spravova\u0165 svoj Instagram profil pomocou overen\u00fdch tipov a trikov. \u2705","og_url":"https:\/\/www.vita.sk\/online-kurz-instagram-marketing\/","og_site_name":"VITA","article_publisher":"https:\/\/www.facebook.com\/VitaAcademySK","article_modified_time":"2025-10-27T15:01:29+00:00","og_image":[{"width":360,"height":360,"url":"https:\/\/www.vita.sk\/wp-content\/uploads\/2024\/02\/kurz-instagram-marketing-1.jpg","type":"image\/jpeg"}],"twitter_card":"summary_large_image","twitter_misc":{"Est. reading time":"3 minutes"},"schema":{"@context":"https:\/\/schema.org","@graph":[{"@type":"WebPage","@id":"https:\/\/www.vita.sk\/online-kurz-instagram-marketing\/","url":"https:\/\/www.vita.sk\/online-kurz-instagram-marketing\/","name":"Online kurz Instagram Marketing I. Za\u010diato\u010dn\u00edk {Y} | VITA","isPartOf":{"@id":"https:\/\/www.vita.sk\/#website"},"primaryImageOfPage":{"@id":"https:\/\/www.vita.sk\/online-kurz-instagram-marketing\/#primaryimage"},"image":{"@id":"https:\/\/www.vita.sk\/online-kurz-instagram-marketing\/#primaryimage"},"thumbnailUrl":"https:\/\/www.vita.sk\/wp-content\/uploads\/2024\/02\/kurz-instagram-marketing-1.jpg","datePublished":"2024-02-09T12:41:08+00:00","dateModified":"2025-10-27T15:01:29+00:00","description":"V online kurze Instagram Marketing sa nau\u010d\u00edte budova\u0165 zna\u010dku, zvy\u0161ova\u0165 dosah a efekt\u00edvne spravova\u0165 svoj Instagram profil pomocou overen\u00fdch tipov a trikov. \u2705","breadcrumb":{"@id":"https:\/\/www.vita.sk\/online-kurz-instagram-marketing\/#breadcrumb"},"inLanguage":"en-US","potentialAction":[{"@type":"ReadAction","target":["https:\/\/www.vita.sk\/online-kurz-instagram-marketing\/"]}]},{"@type":"ImageObject","inLanguage":"en-US","@id":"https:\/\/www.vita.sk\/online-kurz-instagram-marketing\/#primaryimage","url":"https:\/\/www.vita.sk\/wp-content\/uploads\/2024\/02\/kurz-instagram-marketing-1.jpg","contentUrl":"https:\/\/www.vita.sk\/wp-content\/uploads\/2024\/02\/kurz-instagram-marketing-1.jpg","width":360,"height":360},{"@type":"BreadcrumbList","@id":"https:\/\/www.vita.sk\/online-kurz-instagram-marketing\/#breadcrumb","itemListElement":[{"@type":"ListItem","position":1,"name":"VITA Academy","item":"https:\/\/www.vita.sk\/en\/"},{"@type":"ListItem","position":2,"name":"Shop","item":"https:\/\/www.vita.sk\/shop\/"},{"@type":"ListItem","position":3,"name":"Marketing, Reklama a Pr\u00e1vo","item":"https:\/\/www.vita.sk\/online-kurzy-marketing-reklama-a-pravo\/"},{"@type":"ListItem","position":4,"name":"Online kurz Instagram Marketing I. Za\u010diato\u010dn\u00edk"}]},{"@type":"WebSite","@id":"https:\/\/www.vita.sk\/#website","url":"https:\/\/www.vita.sk\/","name":"VITA","description":"","publisher":{"@id":"https:\/\/www.vita.sk\/#organization"},"potentialAction":[{"@type":"SearchAction","target":{"@type":"EntryPoint","urlTemplate":"https:\/\/www.vita.sk\/?s={search_term_string}"},"query-input":{"@type":"PropertyValueSpecification","valueRequired":true,"valueName":"search_term_string"}}],"inLanguage":"en-US"},{"email":"admin@vita.sk","logo":"https:\/\/www.vita.sk\/img\/vita_logo.png ","address":{"type":"PostalAddress","streetAddress":"Tom\u00e1\u0161ikova 50\/A","addressLocality":"Bratislava","postalCode":"83104","addressCountry":{"name":"SK","type":"Country"}},"contactPoint":{"type":"ContactPoint","telephone":"+421 907 375\u00a0543","Email":"admin@vita.sk","contactType":"customer service"},"sameAs":["https:\/\/www.facebook.com\/VitaAcademySK\/","https:\/\/www.linkedin.com\/company\/vita-academy\/"]}]}},"acf":[],"_links":{"self":[{"href":"https:\/\/www.vita.sk\/en\/wp-json\/wp\/v2\/product\/17118","targetHints":{"allow":["GET"]}}],"collection":[{"href":"https:\/\/www.vita.sk\/en\/wp-json\/wp\/v2\/product"}],"about":[{"href":"https:\/\/www.vita.sk\/en\/wp-json\/wp\/v2\/types\/product"}],"author":[{"embeddable":true,"href":"https:\/\/www.vita.sk\/en\/wp-json\/wp\/v2\/users\/4"}],"replies":[{"embeddable":true,"href":"https:\/\/www.vita.sk\/en\/wp-json\/wp\/v2\/comments?post=17118"}],"wp:featuredmedia":[{"embeddable":true,"href":"https:\/\/www.vita.sk\/en\/wp-json\/wp\/v2\/media\/18332"}],"wp:attachment":[{"href":"https:\/\/www.vita.sk\/en\/wp-json\/wp\/v2\/media?parent=17118"}],"wp:term":[{"taxonomy":"product_brand","embeddable":true,"href":"https:\/\/www.vita.sk\/en\/wp-json\/wp\/v2\/product_brand?post=17118"},{"taxonomy":"product_cat","embeddable":true,"href":"https:\/\/www.vita.sk\/en\/wp-json\/wp\/v2\/product_cat?post=17118"},{"taxonomy":"product_tag","embeddable":true,"href":"https:\/\/www.vita.sk\/en\/wp-json\/wp\/v2\/product_tag?post=17118"}],"curies":[{"name":"wp","href":"https:\/\/api.w.org\/{rel}","templated":true}]}}