{"id":17143,"date":"2023-12-20T09:57:00","date_gmt":"2023-12-20T08:57:00","guid":{"rendered":"https:\/\/www.vita.sk\/?post_type=product&#038;p=17143"},"modified":"2024-05-22T11:32:01","modified_gmt":"2024-05-22T09:32:01","slug":"online-kurz-komunikacia-na-socialnych-sietach","status":"publish","type":"product","link":"https:\/\/www.vita.sk\/en\/online-kurz-komunikacia-na-socialnych-sietach\/","title":{"rendered":"Online kurz Komunik\u00e1cia na Soci\u00e1lnych Sie\u0165ach"},"content":{"rendered":"<p>Online kurz Komunik\u00e1cia na Soci\u00e1lnych Sie\u0165ach je pre v\u00e1s vhodn\u00fd, ak chcete budova\u0165 povedomie o svojej zna\u010dke a by\u0165 v priamom kontakte so svojimi z\u00e1kazn\u00edkmi. Uk\u00e1\u017eeme si strat\u00e9gie soci\u00e1lnych sieti, tvorbu p\u00fatav\u00e9ho obsahu a sp\u00f4soby ako vies\u0165 komunik\u00e1ciu. Povieme si ak\u00e1 z\u013eava je najlep\u0161ia a ako spr\u00e1vne reagova\u0165 na koment\u00e1re pod pr\u00edspevkom. Osvoj\u00edte si vytv\u00e1ranie pr\u00edspevkov a ich automatizovan\u00e9 pl\u00e1novanie s pou\u017eit\u00edm n\u00e1strojov na spr\u00e1vu soci\u00e1lnych sieti. Pochop\u00edte k\u013e\u00fa\u010dov\u00e9 marketingov\u00e9 techniky na praktick\u00fdch pr\u00edkladoch. Nau\u010d\u00edte sa identifikova\u0165 a oslovova\u0165 svoju cie\u013eov\u00fa skupinu. Osvoj\u00edte si STDC Framework a Syst\u00e9m 5W ako pom\u00f4cku pri tvorbe online marketingovej strat\u00e9gi\u00ed.<\/p>\n","protected":false},"excerpt":{"rendered":"<p>Online kurz Komunik\u00e1cia na Soci\u00e1lnych Sie\u0165ach je pre v\u00e1s vhodn\u00fd, ak chcete budova\u0165 povedomie o svojej zna\u010dke a by\u0165 v priamom kontakte so svojimi z\u00e1kazn\u00edkmi. Uk\u00e1\u017eeme si strat\u00e9gie soci\u00e1lnych sieti, tvorbu p\u00fatav\u00e9ho obsahu a sp\u00f4soby ako vies\u0165 komunik\u00e1ciu. Povieme si ak\u00e1 z\u013eava je najlep\u0161ia a ako spr\u00e1vne reagova\u0165 na koment\u00e1re pod pr\u00edspevkom.","protected":false},"author":4,"featured_media":17425,"comment_status":"open","ping_status":"closed","template":"","meta":{"_acf_changed":false},"product_brand":[],"product_cat":[70,92,415,73,423],"product_tag":[183,197,230],"class_list":{"0":"post-17143","1":"product","2":"type-product","3":"status-publish","4":"has-post-thumbnail","6":"product_cat-online-kurzy-marketing-reklama-a-pravo","7":"product_cat-online-kurzy-facebook-marketing","8":"product_cat-online-kurzy-linkedin-marketing","9":"product_cat-bez-kategorie","10":"product_cat-online-kurzy-youtube-marketing","11":"product_tag-marketing","12":"product_tag-baliky-kurzov-a-predplatne","13":"product_tag-reklama-a-pravo","15":"first","16":"instock","17":"sale","18":"sold-individually","19":"taxable","20":"shipping-taxable","21":"purchasable","22":"product-type-simple"},"yoast_head":"<!-- This site is optimized with the Yoast SEO Premium plugin v25.0 (Yoast SEO v25.0) - https:\/\/yoast.com\/wordpress\/plugins\/seo\/ -->\n<title>Online kurz Komunik\u00e1cia na Soci\u00e1lnych Sie\u0165ach  | VITA<\/title>\n<meta name=\"robots\" content=\"index, follow, max-snippet:-1, max-image-preview:large, max-video-preview:-1\" \/>\n<link rel=\"canonical\" href=\"https:\/\/www.vita.sk\/online-kurz-komunikacia-na-socialnych-sietach\/\" \/>\n<meta property=\"og:locale\" content=\"en_US\" \/>\n<meta property=\"og:type\" content=\"article\" \/>\n<meta property=\"og:title\" content=\"Online kurz Komunik\u00e1cia na Soci\u00e1lnych Sie\u0165ach\" \/>\n<meta property=\"og:description\" content=\"Online kurz Komunik\u00e1cia na Soci\u00e1lnych Sie\u0165ach je pre v\u00e1s vhodn\u00fd, ak chcete budova\u0165 povedomie o svojej zna\u010dke a by\u0165 v priamom kontakte so svojimi z\u00e1kazn\u00edkmi. Uk\u00e1\u017eeme si strat\u00e9gie soci\u00e1lnych sieti, tvorbu p\u00fatav\u00e9ho obsahu a sp\u00f4soby ako vies\u0165 komunik\u00e1ciu. Povieme si ak\u00e1 z\u013eava je najlep\u0161ia a ako spr\u00e1vne reagova\u0165 na koment\u00e1re pod pr\u00edspevkom. Osvoj\u00edte si vytv\u00e1ranie [&hellip;]\" \/>\n<meta property=\"og:url\" content=\"https:\/\/www.vita.sk\/online-kurz-komunikacia-na-socialnych-sietach\/\" \/>\n<meta property=\"og:site_name\" content=\"VITA\" \/>\n<meta property=\"article:publisher\" content=\"https:\/\/www.facebook.com\/VitaAcademySK\" \/>\n<meta property=\"article:modified_time\" content=\"2024-05-22T09:32:01+00:00\" \/>\n<meta property=\"og:image\" content=\"https:\/\/www.vita.sk\/wp-content\/uploads\/2024\/01\/kurz-Komunikacia-na-Socialnych-Sietach.png\" \/>\n\t<meta property=\"og:image:width\" content=\"360\" \/>\n\t<meta property=\"og:image:height\" content=\"360\" \/>\n\t<meta property=\"og:image:type\" content=\"image\/png\" \/>\n<meta name=\"twitter:card\" content=\"summary_large_image\" \/>\n<meta name=\"twitter:label1\" content=\"Est. reading time\" \/>\n\t<meta name=\"twitter:data1\" content=\"1 minute\" \/>\n<script type=\"application\/ld+json\" class=\"yoast-schema-graph\">{\n\t    \"@context\": \"https:\/\/schema.org\",\n\t    \"@graph\": [\n\t        {\n\t            \"@type\": \"WebPage\",\n\t            \"@id\": \"https:\/\/www.vita.sk\/online-kurz-komunikacia-na-socialnych-sietach\/\",\n\t            \"url\": \"https:\/\/www.vita.sk\/online-kurz-komunikacia-na-socialnych-sietach\/\",\n\t            \"name\": \"Online kurz Komunik\u00e1cia na Soci\u00e1lnych Sie\u0165ach 2023 | VITA\",\n\t            \"isPartOf\": {\n\t                \"@id\": \"https:\/\/www.vita.sk\/#website\"\n\t            },\n\t            \"primaryImageOfPage\": {\n\t                \"@id\": \"https:\/\/www.vita.sk\/online-kurz-komunikacia-na-socialnych-sietach\/#primaryimage\"\n\t            },\n\t            \"image\": {\n\t                \"@id\": \"https:\/\/www.vita.sk\/online-kurz-komunikacia-na-socialnych-sietach\/#primaryimage\"\n\t            },\n\t            \"thumbnailUrl\": \"https:\/\/www.vita.sk\/wp-content\/uploads\/2024\/01\/kurz-Komunikacia-na-Socialnych-Sietach.png\",\n\t            \"datePublished\": \"2023-12-20T08:57:00+00:00\",\n\t            \"dateModified\": \"2024-05-22T09:32:01+00:00\",\n\t            \"breadcrumb\": {\n\t                \"@id\": \"https:\/\/www.vita.sk\/online-kurz-komunikacia-na-socialnych-sietach\/#breadcrumb\"\n\t            },\n\t            \"inLanguage\": \"en-US\",\n\t            \"potentialAction\": [\n\t                {\n\t                    \"@type\": \"ReadAction\",\n\t                    \"target\": [\n\t                        \"https:\/\/www.vita.sk\/online-kurz-komunikacia-na-socialnych-sietach\/\"\n\t                    ]\n\t                }\n\t            ]\n\t        },\n\t        {\n\t            \"@type\": \"ImageObject\",\n\t            \"inLanguage\": \"en-US\",\n\t            \"@id\": \"https:\/\/www.vita.sk\/online-kurz-komunikacia-na-socialnych-sietach\/#primaryimage\",\n\t            \"url\": \"https:\/\/www.vita.sk\/wp-content\/uploads\/2024\/01\/kurz-Komunikacia-na-Socialnych-Sietach.png\",\n\t            \"contentUrl\": \"https:\/\/www.vita.sk\/wp-content\/uploads\/2024\/01\/kurz-Komunikacia-na-Socialnych-Sietach.png\",\n\t            \"width\": 360,\n\t            \"height\": 360,\n\t            \"caption\": \"kurz Komunik\u00e1cia na Soci\u00e1lnych Sie\u0165ach\"\n\t        },\n\t        {\n\t            \"@type\": \"BreadcrumbList\",\n\t            \"@id\": \"https:\/\/www.vita.sk\/online-kurz-komunikacia-na-socialnych-sietach\/#breadcrumb\",\n\t            \"itemListElement\": [\n\t                {\n\t                    \"@type\": \"ListItem\",\n\t                    \"position\": 1,\n\t                    \"name\": \"VITA Academy\",\n\t                    \"item\": \"https:\/\/www.vita.sk\/en\/\"\n\t                },\n\t                {\n\t                    \"@type\": \"ListItem\",\n\t                    \"position\": 2,\n\t                    \"name\": \"Shop\",\n\t                    \"item\": \"https:\/\/www.vita.sk\/shop\/\"\n\t                },\n\t                {\n\t                    \"@type\": \"ListItem\",\n\t                    \"position\": 3,\n\t                    \"name\": \"Marketing, Reklama a Pr\u00e1vo\",\n\t                    \"item\": \"https:\/\/www.vita.sk\/online-kurzy-marketing-reklama-a-pravo\/\"\n\t                },\n\t                {\n\t                    \"@type\": \"ListItem\",\n\t                    \"position\": 4,\n\t                    \"name\": \"Online kurz Komunik\u00e1cia na Soci\u00e1lnych Sie\u0165ach\"\n\t                }\n\t            ]\n\t        },\n\t        {\n\t            \"@type\": \"WebSite\",\n\t            \"@id\": \"https:\/\/www.vita.sk\/#website\",\n\t            \"url\": \"https:\/\/www.vita.sk\/\",\n\t            \"name\": \"VITA\",\n\t            \"description\": \"\",\n\t            \"publisher\": {\n\t                \"@id\": \"https:\/\/www.vita.sk\/#organization\"\n\t            },\n\t            \"potentialAction\": [\n\t                {\n\t                    \"@type\": \"SearchAction\",\n\t                    \"target\": {\n\t                        \"@type\": \"EntryPoint\",\n\t                        \"urlTemplate\": \"https:\/\/www.vita.sk\/?s={search_term_string}\"\n\t                    },\n\t                    \"query-input\": {\n\t                        \"@type\": \"PropertyValueSpecification\",\n\t                        \"valueRequired\": true,\n\t                        \"valueName\": \"search_term_string\"\n\t                    }\n\t                }\n\t            ],\n\t            \"inLanguage\": \"en-US\"\n\t        },\n\t        {\n\t            \"email\": \"admin@vita.sk\",\n\t            \"logo\": \"https:\/\/www.vita.sk\/img\/vita_logo.png \",\n\t            \"address\": {\n\t                \"type\": \"PostalAddress\",\n\t                \"streetAddress\": \"Tom\u00e1\u0161ikova 50\/A\",\n\t                \"addressLocality\": \"Bratislava\",\n\t                \"postalCode\": \"83104\",\n\t                \"addressCountry\": {\n\t                    \"name\": \"SK\",\n\t                    \"type\": \"Country\"\n\t                }\n\t            },\n\t            \"contactPoint\": {\n\t                \"type\": \"ContactPoint\",\n\t                \"telephone\": \"+421 907 375\u00a0543\",\n\t                \"Email\": \"admin@vita.sk\",\n\t                \"contactType\": \"customer service\"\n\t            },\n\t            \"sameAs\": [\n\t                \"https:\/\/www.facebook.com\/VitaAcademySK\/\",\n\t                \"https:\/\/www.linkedin.com\/company\/vita-academy\/\"\n\t            ]\n\t        }\n\t    ]\n\t}<\/script>\n<!-- \/ Yoast SEO Premium plugin. -->","yoast_head_json":{"title":"Online kurz Komunik\u00e1cia na Soci\u00e1lnych Sie\u0165ach  | VITA","robots":{"index":"index","follow":"follow","max-snippet":"max-snippet:-1","max-image-preview":"max-image-preview:large","max-video-preview":"max-video-preview:-1"},"canonical":"https:\/\/www.vita.sk\/online-kurz-komunikacia-na-socialnych-sietach\/","og_locale":"en_US","og_type":"article","og_title":"Online kurz Komunik\u00e1cia na Soci\u00e1lnych Sie\u0165ach","og_description":"Online kurz Komunik\u00e1cia na Soci\u00e1lnych Sie\u0165ach je pre v\u00e1s vhodn\u00fd, ak chcete budova\u0165 povedomie o svojej zna\u010dke a by\u0165 v priamom kontakte so svojimi z\u00e1kazn\u00edkmi. Uk\u00e1\u017eeme si strat\u00e9gie soci\u00e1lnych sieti, tvorbu p\u00fatav\u00e9ho obsahu a sp\u00f4soby ako vies\u0165 komunik\u00e1ciu. Povieme si ak\u00e1 z\u013eava je najlep\u0161ia a ako spr\u00e1vne reagova\u0165 na koment\u00e1re pod pr\u00edspevkom. Osvoj\u00edte si vytv\u00e1ranie [&hellip;]","og_url":"https:\/\/www.vita.sk\/online-kurz-komunikacia-na-socialnych-sietach\/","og_site_name":"VITA","article_publisher":"https:\/\/www.facebook.com\/VitaAcademySK","article_modified_time":"2024-05-22T09:32:01+00:00","og_image":[{"width":360,"height":360,"url":"https:\/\/www.vita.sk\/wp-content\/uploads\/2024\/01\/kurz-Komunikacia-na-Socialnych-Sietach.png","type":"image\/png"}],"twitter_card":"summary_large_image","twitter_misc":{"Est. reading time":"1 minute"},"schema":{"@context":"https:\/\/schema.org","@graph":[{"@type":"WebPage","@id":"https:\/\/www.vita.sk\/online-kurz-komunikacia-na-socialnych-sietach\/","url":"https:\/\/www.vita.sk\/online-kurz-komunikacia-na-socialnych-sietach\/","name":"Online kurz Komunik\u00e1cia na Soci\u00e1lnych Sie\u0165ach 2023 | VITA","isPartOf":{"@id":"https:\/\/www.vita.sk\/#website"},"primaryImageOfPage":{"@id":"https:\/\/www.vita.sk\/online-kurz-komunikacia-na-socialnych-sietach\/#primaryimage"},"image":{"@id":"https:\/\/www.vita.sk\/online-kurz-komunikacia-na-socialnych-sietach\/#primaryimage"},"thumbnailUrl":"https:\/\/www.vita.sk\/wp-content\/uploads\/2024\/01\/kurz-Komunikacia-na-Socialnych-Sietach.png","datePublished":"2023-12-20T08:57:00+00:00","dateModified":"2024-05-22T09:32:01+00:00","breadcrumb":{"@id":"https:\/\/www.vita.sk\/online-kurz-komunikacia-na-socialnych-sietach\/#breadcrumb"},"inLanguage":"en-US","potentialAction":[{"@type":"ReadAction","target":["https:\/\/www.vita.sk\/online-kurz-komunikacia-na-socialnych-sietach\/"]}]},{"@type":"ImageObject","inLanguage":"en-US","@id":"https:\/\/www.vita.sk\/online-kurz-komunikacia-na-socialnych-sietach\/#primaryimage","url":"https:\/\/www.vita.sk\/wp-content\/uploads\/2024\/01\/kurz-Komunikacia-na-Socialnych-Sietach.png","contentUrl":"https:\/\/www.vita.sk\/wp-content\/uploads\/2024\/01\/kurz-Komunikacia-na-Socialnych-Sietach.png","width":360,"height":360,"caption":"kurz Komunik\u00e1cia na Soci\u00e1lnych Sie\u0165ach"},{"@type":"BreadcrumbList","@id":"https:\/\/www.vita.sk\/online-kurz-komunikacia-na-socialnych-sietach\/#breadcrumb","itemListElement":[{"@type":"ListItem","position":1,"name":"VITA Academy","item":"https:\/\/www.vita.sk\/en\/"},{"@type":"ListItem","position":2,"name":"Shop","item":"https:\/\/www.vita.sk\/shop\/"},{"@type":"ListItem","position":3,"name":"Marketing, Reklama a Pr\u00e1vo","item":"https:\/\/www.vita.sk\/online-kurzy-marketing-reklama-a-pravo\/"},{"@type":"ListItem","position":4,"name":"Online kurz Komunik\u00e1cia na Soci\u00e1lnych Sie\u0165ach"}]},{"@type":"WebSite","@id":"https:\/\/www.vita.sk\/#website","url":"https:\/\/www.vita.sk\/","name":"VITA","description":"","publisher":{"@id":"https:\/\/www.vita.sk\/#organization"},"potentialAction":[{"@type":"SearchAction","target":{"@type":"EntryPoint","urlTemplate":"https:\/\/www.vita.sk\/?s={search_term_string}"},"query-input":{"@type":"PropertyValueSpecification","valueRequired":true,"valueName":"search_term_string"}}],"inLanguage":"en-US"},{"email":"admin@vita.sk","logo":"https:\/\/www.vita.sk\/img\/vita_logo.png ","address":{"type":"PostalAddress","streetAddress":"Tom\u00e1\u0161ikova 50\/A","addressLocality":"Bratislava","postalCode":"83104","addressCountry":{"name":"SK","type":"Country"}},"contactPoint":{"type":"ContactPoint","telephone":"+421 907 375\u00a0543","Email":"admin@vita.sk","contactType":"customer service"},"sameAs":["https:\/\/www.facebook.com\/VitaAcademySK\/","https:\/\/www.linkedin.com\/company\/vita-academy\/"]}]}},"acf":[],"_links":{"self":[{"href":"https:\/\/www.vita.sk\/en\/wp-json\/wp\/v2\/product\/17143","targetHints":{"allow":["GET"]}}],"collection":[{"href":"https:\/\/www.vita.sk\/en\/wp-json\/wp\/v2\/product"}],"about":[{"href":"https:\/\/www.vita.sk\/en\/wp-json\/wp\/v2\/types\/product"}],"author":[{"embeddable":true,"href":"https:\/\/www.vita.sk\/en\/wp-json\/wp\/v2\/users\/4"}],"replies":[{"embeddable":true,"href":"https:\/\/www.vita.sk\/en\/wp-json\/wp\/v2\/comments?post=17143"}],"wp:featuredmedia":[{"embeddable":true,"href":"https:\/\/www.vita.sk\/en\/wp-json\/wp\/v2\/media\/17425"}],"wp:attachment":[{"href":"https:\/\/www.vita.sk\/en\/wp-json\/wp\/v2\/media?parent=17143"}],"wp:term":[{"taxonomy":"product_brand","embeddable":true,"href":"https:\/\/www.vita.sk\/en\/wp-json\/wp\/v2\/product_brand?post=17143"},{"taxonomy":"product_cat","embeddable":true,"href":"https:\/\/www.vita.sk\/en\/wp-json\/wp\/v2\/product_cat?post=17143"},{"taxonomy":"product_tag","embeddable":true,"href":"https:\/\/www.vita.sk\/en\/wp-json\/wp\/v2\/product_tag?post=17143"}],"curies":[{"name":"wp","href":"https:\/\/api.w.org\/{rel}","templated":true}]}}