{"id":17185,"date":"2023-12-25T10:34:20","date_gmt":"2023-12-25T09:34:20","guid":{"rendered":"https:\/\/www.vita.sk\/?post_type=product&#038;p=17185"},"modified":"2026-02-17T12:08:27","modified_gmt":"2026-02-17T11:08:27","slug":"online-kurz-efektivna-komunikacia","status":"publish","type":"product","link":"https:\/\/www.vita.sk\/en\/online-kurz-efektivna-komunikacia\/","title":{"rendered":"Online kurz Efekt\u00edvna Komunik\u00e1cia I. Za\u010diato\u010dn\u00edk"},"content":{"rendered":"<p>Online kurz Efekt\u00edvna Komunik\u00e1cia I. Za\u010diato\u010dn\u00edk je pre v\u00e1s ide\u00e1lny, ak sa chcete nau\u010di\u0165 jasne, zrozumite\u013ene a profesion\u00e1lne komunikova\u0165 v pracovnom aj osobnom \u017eivote. <strong>Ide o akreditovan\u00fd a certifikovan\u00fd kurz na Efekt\u00edvnu Komunik\u00e1ciu<\/strong>. V tomto kurze sa nau\u010d\u00edte, \u010do je efekt\u00edvna komunik\u00e1cia, ak\u00e9 s\u00fa jej k\u013e\u00fa\u010dov\u00e9 prvky a ako rozli\u0161ova\u0165 jednotliv\u00e9 komunika\u010dn\u00e9 \u0161t\u00fdly. Pochop\u00edte v\u00fdznam m\u00e4kk\u00fdch zru\u010dnost\u00ed a ich vplyv na kari\u00e9rny rast, t\u00edmov\u00fa spolupr\u00e1cu aj budovanie d\u00f4very. Osvoj\u00edte si pr\u00e1cu s technikou SMART cie\u013eov a modelom 5Ws, v\u010faka ktor\u00fdm dok\u00e1\u017eete \u0161trukt\u00farovane pl\u00e1nova\u0165 komunik\u00e1ciu a formulova\u0165 vlastn\u00e9 profesion\u00e1lne predstavenie. Nau\u010d\u00edte sa rozli\u0161ova\u0165 medzi opisom a popisom, spr\u00e1vne pou\u017e\u00edva\u0165 r\u00f4zne typy opisov v praxi a presne formulova\u0165 my\u0161lienky bez nejasnost\u00ed. Z\u00edskate schopnos\u0165 poskytova\u0165 kon\u0161trukt\u00edvnu sp\u00e4tn\u00fa v\u00e4zbu pomocou modelov ako miniSWOT a SSCE a jasne rozli\u0161ova\u0165 medzi n\u00e1zorom, odpor\u00fa\u010dan\u00edm a hodnoten\u00edm. Osvoj\u00edte si princ\u00edpy akt\u00edvneho po\u010d\u00favania, nau\u010d\u00edte sa pracova\u0165 s relevantn\u00fdmi \u0161tatistikami o komunik\u00e1cii a efekt\u00edvne riadi\u0165 m\u00edtingy s merate\u013en\u00fdm v\u00fdstupom. Pochop\u00edte v\u00fdznam neverb\u00e1lnej komunik\u00e1cie a nau\u010d\u00edte sa vedome pracova\u0165 s re\u010dou tela, hlasom a prejavom. Z\u00edskate praktick\u00e9 z\u00e1sady profesion\u00e1lnej komunik\u00e1cie na soci\u00e1lnych sie\u0165ach ako Facebook, Instagram, LinkedIn a YouTube, vr\u00e1tane vyu\u017e\u00edvania komunika\u010dn\u00fdch scen\u00e1rov, netikety a konceptu PIR. Nau\u010d\u00edte sa, ako automatizova\u0165 publikovanie obsahu pomocou n\u00e1strojov ako OneApp a IFTTT a ako efekt\u00edvne komunikova\u0165 hodnoty, vlastnosti a benefity produktu tak, aby boli pre z\u00e1kazn\u00edka zrozumite\u013en\u00e9 a presved\u010div\u00e9. Ak sa chcete skuto\u010dne nau\u010di\u0165 komunikova\u0165 profesion\u00e1lne a sta\u0165 sa sebavedom\u00fdm komunik\u00e1torom, tak toto je ide\u00e1lny vstupn\u00fd online kurz pre v\u00e1s.<\/p>\n","protected":false},"excerpt":{"rendered":"<p>Online kurz Efekt\u00edvna Komunik\u00e1cia I. Za\u010diato\u010dn\u00edk v\u00e1s nau\u010d\u00ed profesion\u00e1lne komunikova\u0165, poskytova\u0165 sp\u00e4tn\u00fa v\u00e4zbu, vies\u0165 m\u00edtingy, zvl\u00e1da\u0165 komunik\u00e1ciu na soci\u00e1lnych sie\u0165ach a efekt\u00edvne prezentova\u0165 hodnoty a benefity produktu.","protected":false},"author":4,"featured_media":4527,"comment_status":"open","ping_status":"closed","template":"","meta":{"_acf_changed":false},"product_brand":[],"product_cat":[699,84,70,73],"product_tag":[183],"class_list":{"0":"post-17185","1":"product","2":"type-product","3":"status-publish","4":"has-post-thumbnail","6":"product_cat-komunikacne-zrucnosti","7":"product_cat-online-kurzy-manazerske-kurzy-soft-skills","8":"product_cat-online-kurzy-marketing-reklama-a-pravo","9":"product_cat-bez-kategorie","10":"product_tag-marketing","12":"first","13":"instock","14":"sale","15":"sold-individually","16":"taxable","17":"shipping-taxable","18":"purchasable","19":"product-type-simple"},"yoast_head":"<!-- This site is optimized with the Yoast SEO Premium plugin v25.0 (Yoast SEO v25.0) - https:\/\/yoast.com\/wordpress\/plugins\/seo\/ -->\n<title>Online kurz Efekt\u00edvna Komunik\u00e1cia I. Za\u010diato\u010dn\u00edk 2026 | VITA<\/title>\n<meta name=\"description\" content=\"V online kurze Efekt\u00edvna komunik\u00e1cia sa nau\u010d\u00edte, ako jasne a presved\u010divo komunikova\u0165 v r\u00f4znych situ\u00e1ci\u00e1ch v osobnom aj pracovnom \u017eivote. \u2705\" \/>\n<meta name=\"robots\" content=\"index, follow, max-snippet:-1, max-image-preview:large, max-video-preview:-1\" \/>\n<link rel=\"canonical\" href=\"https:\/\/www.vita.sk\/online-kurz-efektivna-komunikacia\/\" \/>\n<meta property=\"og:locale\" content=\"en_US\" \/>\n<meta property=\"og:type\" content=\"article\" \/>\n<meta property=\"og:title\" content=\"Online kurz Efekt\u00edvna Komunik\u00e1cia I. Za\u010diato\u010dn\u00edk\" \/>\n<meta property=\"og:description\" content=\"V online kurze Efekt\u00edvna komunik\u00e1cia sa nau\u010d\u00edte, ako jasne a presved\u010divo komunikova\u0165 v r\u00f4znych situ\u00e1ci\u00e1ch v osobnom aj pracovnom \u017eivote. \u2705\" \/>\n<meta property=\"og:url\" content=\"https:\/\/www.vita.sk\/online-kurz-efektivna-komunikacia\/\" \/>\n<meta property=\"og:site_name\" content=\"VITA\" \/>\n<meta property=\"article:publisher\" content=\"https:\/\/www.facebook.com\/VitaAcademySK\" \/>\n<meta property=\"article:modified_time\" content=\"2026-02-17T11:08:27+00:00\" \/>\n<meta property=\"og:image\" content=\"https:\/\/www.vita.sk\/wp-content\/uploads\/2020\/11\/kurz-efektivna-komunikacia.png\" \/>\n\t<meta property=\"og:image:width\" content=\"360\" \/>\n\t<meta property=\"og:image:height\" content=\"360\" \/>\n\t<meta property=\"og:image:type\" content=\"image\/png\" \/>\n<meta name=\"twitter:card\" content=\"summary_large_image\" \/>\n<meta name=\"twitter:label1\" content=\"Est. reading time\" \/>\n\t<meta name=\"twitter:data1\" content=\"2 minutes\" \/>\n<script type=\"application\/ld+json\" class=\"yoast-schema-graph\">{\n\t    \"@context\": \"https:\/\/schema.org\",\n\t    \"@graph\": [\n\t        {\n\t            \"@type\": \"WebPage\",\n\t            \"@id\": \"https:\/\/www.vita.sk\/online-kurz-efektivna-komunikacia\/\",\n\t            \"url\": \"https:\/\/www.vita.sk\/online-kurz-efektivna-komunikacia\/\",\n\t            \"name\": \"Online kurz Efekt\u00edvna Komunik\u00e1cia I. Za\u010diato\u010dn\u00edk {Y} | VITA\",\n\t            \"isPartOf\": {\n\t                \"@id\": \"https:\/\/www.vita.sk\/#website\"\n\t            },\n\t            \"primaryImageOfPage\": {\n\t                \"@id\": \"https:\/\/www.vita.sk\/online-kurz-efektivna-komunikacia\/#primaryimage\"\n\t            },\n\t            \"image\": {\n\t                \"@id\": \"https:\/\/www.vita.sk\/online-kurz-efektivna-komunikacia\/#primaryimage\"\n\t            },\n\t            \"thumbnailUrl\": \"https:\/\/www.vita.sk\/wp-content\/uploads\/2020\/11\/kurz-efektivna-komunikacia.png\",\n\t            \"datePublished\": \"2023-12-25T09:34:20+00:00\",\n\t            \"dateModified\": \"2026-02-17T11:08:27+00:00\",\n\t            \"description\": \"V online kurze Efekt\u00edvna komunik\u00e1cia sa nau\u010d\u00edte, ako jasne a presved\u010divo komunikova\u0165 v r\u00f4znych situ\u00e1ci\u00e1ch v osobnom aj pracovnom \u017eivote. \u2705\",\n\t            \"breadcrumb\": {\n\t                \"@id\": \"https:\/\/www.vita.sk\/online-kurz-efektivna-komunikacia\/#breadcrumb\"\n\t            },\n\t            \"inLanguage\": \"en-US\",\n\t            \"potentialAction\": [\n\t                {\n\t                    \"@type\": \"ReadAction\",\n\t                    \"target\": [\n\t                        \"https:\/\/www.vita.sk\/online-kurz-efektivna-komunikacia\/\"\n\t                    ]\n\t                }\n\t            ]\n\t        },\n\t        {\n\t            \"@type\": \"ImageObject\",\n\t            \"inLanguage\": \"en-US\",\n\t            \"@id\": \"https:\/\/www.vita.sk\/online-kurz-efektivna-komunikacia\/#primaryimage\",\n\t            \"url\": \"https:\/\/www.vita.sk\/wp-content\/uploads\/2020\/11\/kurz-efektivna-komunikacia.png\",\n\t            \"contentUrl\": \"https:\/\/www.vita.sk\/wp-content\/uploads\/2020\/11\/kurz-efektivna-komunikacia.png\",\n\t            \"width\": 360,\n\t            \"height\": 360,\n\t            \"caption\": \"Online kurz Efekt\u00edvna Komunik\u00e1cia\"\n\t        },\n\t        {\n\t            \"@type\": \"BreadcrumbList\",\n\t            \"@id\": \"https:\/\/www.vita.sk\/online-kurz-efektivna-komunikacia\/#breadcrumb\",\n\t            \"itemListElement\": [\n\t                {\n\t                    \"@type\": \"ListItem\",\n\t                    \"position\": 1,\n\t                    \"name\": \"VITA Academy\",\n\t                    \"item\": \"https:\/\/www.vita.sk\/en\/\"\n\t                },\n\t                {\n\t                    \"@type\": \"ListItem\",\n\t                    \"position\": 2,\n\t                    \"name\": \"Shop\",\n\t                    \"item\": \"https:\/\/www.vita.sk\/shop\/\"\n\t                },\n\t                {\n\t                    \"@type\": \"ListItem\",\n\t                    \"position\": 3,\n\t                    \"name\": \"Mana\u017e\u00e9rske a Soft Skills Kurzy\",\n\t                    \"item\": \"https:\/\/www.vita.sk\/online-kurzy-manazerske-kurzy-soft-skills\/\"\n\t                },\n\t                {\n\t                    \"@type\": \"ListItem\",\n\t                    \"position\": 4,\n\t                    \"name\": \"Online kurz Efekt\u00edvna Komunik\u00e1cia I. Za\u010diato\u010dn\u00edk\"\n\t                }\n\t            ]\n\t        },\n\t        {\n\t            \"@type\": \"WebSite\",\n\t            \"@id\": \"https:\/\/www.vita.sk\/#website\",\n\t            \"url\": \"https:\/\/www.vita.sk\/\",\n\t            \"name\": \"VITA\",\n\t            \"description\": \"\",\n\t            \"publisher\": {\n\t                \"@id\": \"https:\/\/www.vita.sk\/#organization\"\n\t            },\n\t            \"potentialAction\": [\n\t                {\n\t                    \"@type\": \"SearchAction\",\n\t                    \"target\": {\n\t                        \"@type\": \"EntryPoint\",\n\t                        \"urlTemplate\": \"https:\/\/www.vita.sk\/?s={search_term_string}\"\n\t                    },\n\t                    \"query-input\": {\n\t                        \"@type\": \"PropertyValueSpecification\",\n\t                        \"valueRequired\": true,\n\t                        \"valueName\": \"search_term_string\"\n\t                    }\n\t                }\n\t            ],\n\t            \"inLanguage\": \"en-US\"\n\t        },\n\t        {\n\t            \"email\": \"admin@vita.sk\",\n\t            \"logo\": \"https:\/\/www.vita.sk\/img\/vita_logo.png \",\n\t            \"address\": {\n\t                \"type\": \"PostalAddress\",\n\t                \"streetAddress\": \"Tom\u00e1\u0161ikova 50\/A\",\n\t                \"addressLocality\": \"Bratislava\",\n\t                \"postalCode\": \"83104\",\n\t                \"addressCountry\": {\n\t                    \"name\": \"SK\",\n\t                    \"type\": \"Country\"\n\t                }\n\t            },\n\t            \"contactPoint\": {\n\t                \"type\": \"ContactPoint\",\n\t                \"telephone\": \"+421 907 375\u00a0543\",\n\t                \"Email\": \"admin@vita.sk\",\n\t                \"contactType\": \"customer service\"\n\t            },\n\t            \"sameAs\": [\n\t                \"https:\/\/www.facebook.com\/VitaAcademySK\/\",\n\t                \"https:\/\/www.linkedin.com\/company\/vita-academy\/\"\n\t            ]\n\t        }\n\t    ]\n\t}<\/script>\n<!-- \/ Yoast SEO Premium plugin. -->","yoast_head_json":{"title":"Online kurz Efekt\u00edvna Komunik\u00e1cia I. Za\u010diato\u010dn\u00edk 2026 | VITA","description":"V online kurze Efekt\u00edvna komunik\u00e1cia sa nau\u010d\u00edte, ako jasne a presved\u010divo komunikova\u0165 v r\u00f4znych situ\u00e1ci\u00e1ch v osobnom aj pracovnom \u017eivote. \u2705","robots":{"index":"index","follow":"follow","max-snippet":"max-snippet:-1","max-image-preview":"max-image-preview:large","max-video-preview":"max-video-preview:-1"},"canonical":"https:\/\/www.vita.sk\/online-kurz-efektivna-komunikacia\/","og_locale":"en_US","og_type":"article","og_title":"Online kurz Efekt\u00edvna Komunik\u00e1cia I. Za\u010diato\u010dn\u00edk","og_description":"V online kurze Efekt\u00edvna komunik\u00e1cia sa nau\u010d\u00edte, ako jasne a presved\u010divo komunikova\u0165 v r\u00f4znych situ\u00e1ci\u00e1ch v osobnom aj pracovnom \u017eivote. \u2705","og_url":"https:\/\/www.vita.sk\/online-kurz-efektivna-komunikacia\/","og_site_name":"VITA","article_publisher":"https:\/\/www.facebook.com\/VitaAcademySK","article_modified_time":"2026-02-17T11:08:27+00:00","og_image":[{"width":360,"height":360,"url":"https:\/\/www.vita.sk\/wp-content\/uploads\/2020\/11\/kurz-efektivna-komunikacia.png","type":"image\/png"}],"twitter_card":"summary_large_image","twitter_misc":{"Est. reading time":"2 minutes"},"schema":{"@context":"https:\/\/schema.org","@graph":[{"@type":"WebPage","@id":"https:\/\/www.vita.sk\/online-kurz-efektivna-komunikacia\/","url":"https:\/\/www.vita.sk\/online-kurz-efektivna-komunikacia\/","name":"Online kurz Efekt\u00edvna Komunik\u00e1cia I. Za\u010diato\u010dn\u00edk {Y} | VITA","isPartOf":{"@id":"https:\/\/www.vita.sk\/#website"},"primaryImageOfPage":{"@id":"https:\/\/www.vita.sk\/online-kurz-efektivna-komunikacia\/#primaryimage"},"image":{"@id":"https:\/\/www.vita.sk\/online-kurz-efektivna-komunikacia\/#primaryimage"},"thumbnailUrl":"https:\/\/www.vita.sk\/wp-content\/uploads\/2020\/11\/kurz-efektivna-komunikacia.png","datePublished":"2023-12-25T09:34:20+00:00","dateModified":"2026-02-17T11:08:27+00:00","description":"V online kurze Efekt\u00edvna komunik\u00e1cia sa nau\u010d\u00edte, ako jasne a presved\u010divo komunikova\u0165 v r\u00f4znych situ\u00e1ci\u00e1ch v osobnom aj pracovnom \u017eivote. \u2705","breadcrumb":{"@id":"https:\/\/www.vita.sk\/online-kurz-efektivna-komunikacia\/#breadcrumb"},"inLanguage":"en-US","potentialAction":[{"@type":"ReadAction","target":["https:\/\/www.vita.sk\/online-kurz-efektivna-komunikacia\/"]}]},{"@type":"ImageObject","inLanguage":"en-US","@id":"https:\/\/www.vita.sk\/online-kurz-efektivna-komunikacia\/#primaryimage","url":"https:\/\/www.vita.sk\/wp-content\/uploads\/2020\/11\/kurz-efektivna-komunikacia.png","contentUrl":"https:\/\/www.vita.sk\/wp-content\/uploads\/2020\/11\/kurz-efektivna-komunikacia.png","width":360,"height":360,"caption":"Online kurz Efekt\u00edvna Komunik\u00e1cia"},{"@type":"BreadcrumbList","@id":"https:\/\/www.vita.sk\/online-kurz-efektivna-komunikacia\/#breadcrumb","itemListElement":[{"@type":"ListItem","position":1,"name":"VITA Academy","item":"https:\/\/www.vita.sk\/en\/"},{"@type":"ListItem","position":2,"name":"Shop","item":"https:\/\/www.vita.sk\/shop\/"},{"@type":"ListItem","position":3,"name":"Mana\u017e\u00e9rske a Soft Skills Kurzy","item":"https:\/\/www.vita.sk\/online-kurzy-manazerske-kurzy-soft-skills\/"},{"@type":"ListItem","position":4,"name":"Online kurz Efekt\u00edvna Komunik\u00e1cia I. Za\u010diato\u010dn\u00edk"}]},{"@type":"WebSite","@id":"https:\/\/www.vita.sk\/#website","url":"https:\/\/www.vita.sk\/","name":"VITA","description":"","publisher":{"@id":"https:\/\/www.vita.sk\/#organization"},"potentialAction":[{"@type":"SearchAction","target":{"@type":"EntryPoint","urlTemplate":"https:\/\/www.vita.sk\/?s={search_term_string}"},"query-input":{"@type":"PropertyValueSpecification","valueRequired":true,"valueName":"search_term_string"}}],"inLanguage":"en-US"},{"email":"admin@vita.sk","logo":"https:\/\/www.vita.sk\/img\/vita_logo.png ","address":{"type":"PostalAddress","streetAddress":"Tom\u00e1\u0161ikova 50\/A","addressLocality":"Bratislava","postalCode":"83104","addressCountry":{"name":"SK","type":"Country"}},"contactPoint":{"type":"ContactPoint","telephone":"+421 907 375\u00a0543","Email":"admin@vita.sk","contactType":"customer service"},"sameAs":["https:\/\/www.facebook.com\/VitaAcademySK\/","https:\/\/www.linkedin.com\/company\/vita-academy\/"]}]}},"acf":[],"_links":{"self":[{"href":"https:\/\/www.vita.sk\/en\/wp-json\/wp\/v2\/product\/17185","targetHints":{"allow":["GET"]}}],"collection":[{"href":"https:\/\/www.vita.sk\/en\/wp-json\/wp\/v2\/product"}],"about":[{"href":"https:\/\/www.vita.sk\/en\/wp-json\/wp\/v2\/types\/product"}],"author":[{"embeddable":true,"href":"https:\/\/www.vita.sk\/en\/wp-json\/wp\/v2\/users\/4"}],"replies":[{"embeddable":true,"href":"https:\/\/www.vita.sk\/en\/wp-json\/wp\/v2\/comments?post=17185"}],"wp:featuredmedia":[{"embeddable":true,"href":"https:\/\/www.vita.sk\/en\/wp-json\/wp\/v2\/media\/4527"}],"wp:attachment":[{"href":"https:\/\/www.vita.sk\/en\/wp-json\/wp\/v2\/media?parent=17185"}],"wp:term":[{"taxonomy":"product_brand","embeddable":true,"href":"https:\/\/www.vita.sk\/en\/wp-json\/wp\/v2\/product_brand?post=17185"},{"taxonomy":"product_cat","embeddable":true,"href":"https:\/\/www.vita.sk\/en\/wp-json\/wp\/v2\/product_cat?post=17185"},{"taxonomy":"product_tag","embeddable":true,"href":"https:\/\/www.vita.sk\/en\/wp-json\/wp\/v2\/product_tag?post=17185"}],"curies":[{"name":"wp","href":"https:\/\/api.w.org\/{rel}","templated":true}]}}