{"id":18146,"date":"2024-02-02T09:59:44","date_gmt":"2024-02-02T08:59:44","guid":{"rendered":"https:\/\/www.vita.sk\/?post_type=product&#038;p=18146"},"modified":"2024-10-13T17:53:11","modified_gmt":"2024-10-13T15:53:11","slug":"online-kurz-devops-ii-mierne-pokrocily","status":"publish","type":"product","link":"https:\/\/www.vita.sk\/en\/online-kurz-devops-ii-mierne-pokrocily\/","title":{"rendered":"Online kurz DevOps II. Mierne Pokro\u010dil\u00fd"},"content":{"rendered":"<p>Online kurz DevOps II. Mierne Pokro\u010dil\u00fd je pre v\u00e1s vhodn\u00fd, ak chcete posun\u00fa\u0165 svoje znalosti v oblasti DevOps na vy\u0161\u0161iu \u00farove\u0148. <strong>Ide o jedin\u00fd akreditovan\u00fd a certifikovan\u00fd kurz na DevOps na Slovensku. <\/strong>V kurze sa zameriame na pokro\u010dil\u00e9 koncepty Continuous Integration (CI), Continuous Delivery (CD) a ich implement\u00e1ciu. Z\u00edskate podrobn\u00fd preh\u013ead o \u00faloh\u00e1ch a procesoch, ktor\u00e9 zast\u00e1va DevOps \u0161pecialista. Po\u010das kurzu sa budeme venova\u0165 k\u013e\u00fa\u010dov\u00fdm pojmom, ako s\u00fa termin\u00e1l, pr\u00edkazov\u00fd riadok a Shell. Z\u00edskate praktick\u00e9 sk\u00fasenosti s pou\u017e\u00edvan\u00edm pr\u00edkazov v termin\u00e1ly opera\u010dn\u00e9ho syst\u00e9mu Linux. Spozn\u00e1te n\u00e1stroje na ladenie k\u00f3du, ktor\u00e9 v\u00e1m pom\u00f4\u017eu identifikova\u0165 chyby.\u00a0 Online kurz v\u00e1m pribl\u00ed\u017ei pojem riziko, hodnotenie a riadenie riz\u00edk v oblasti mana\u017ementu. Nau\u010d\u00edte sa ako automatizova\u0165 a zefekt\u00edvni\u0165 v\u00fdvojov\u00fd proces s pou\u017eit\u00edm n\u00e1stroja Jenkins a Docker. Ak sa chcete skuto\u010dne nau\u010di\u0165 pou\u017e\u00edva\u0165 DevOps, tak toto je ide\u00e1lny online kurz pre v\u00e1s.<\/p>\n","protected":false},"excerpt":{"rendered":"<p>Online kurz DevOps II. Mierne Pokro\u010dil\u00fd je pre v\u00e1s vhodn\u00fd, ak chcete posun\u00fa\u0165 svoje znalosti v oblasti DevOps na vy\u0161\u0161iu \u00farove\u0148. Ide o jedin\u00fd akreditovan\u00fd a certifikovan\u00fd kurz na DevOps na Slovensku. V kurze sa zameriame na pokro\u010dil\u00e9 koncepty Continuous Integration (CI), Continuous Delivery (CD) a ich implement\u00e1ciu.","protected":false},"author":4,"featured_media":4351,"comment_status":"open","ping_status":"closed","template":"","meta":{"_acf_changed":false},"product_brand":[],"product_cat":[606,592,28,593,84,73],"product_tag":[197,591,186],"class_list":{"0":"post-18146","1":"product","2":"type-product","3":"status-publish","4":"has-post-thumbnail","6":"product_cat-devops-online-kurzy-administracia-it-servery","7":"product_cat-docker","8":"product_cat-online-kurzy-administracia-it-servery","9":"product_cat-jenkins","10":"product_cat-online-kurzy-manazerske-kurzy-soft-skills","11":"product_cat-bez-kategorie","12":"product_tag-baliky-kurzov-a-predplatne","13":"product_tag-devops","14":"product_tag-administracia-it","16":"first","17":"instock","18":"sale","19":"sold-individually","20":"taxable","21":"shipping-taxable","22":"purchasable","23":"product-type-simple"},"yoast_head":"<!-- This site is optimized with the Yoast SEO Premium plugin v25.0 (Yoast SEO v25.0) - https:\/\/yoast.com\/wordpress\/plugins\/seo\/ -->\n<title>Online kurz DevOps II. Mierne Pokro\u010dil\u00fd  | VITA<\/title>\n<meta name=\"description\" content=\"Online kurz DevOps II. Mierne Pokro\u010dil\u00fd je pre v\u00e1s ide\u00e1lny, ak chcete z\u00edska\u0165 preh\u013ead a znalosti o met\u00f3de v\u00fdvoja softv\u00e9ru. Vysvetl\u00edme si z\u00e1kladn\u00e9 koncepty CI\/CD a ako ich spr\u00e1vne implementova\u0165. Dozviete sa ak\u00e9 \u00falohy a procesy pln\u00ed DevOps \u0160pecialista.\" \/>\n<meta name=\"robots\" content=\"index, follow, max-snippet:-1, max-image-preview:large, max-video-preview:-1\" \/>\n<link rel=\"canonical\" href=\"https:\/\/www.vita.sk\/online-kurz-devops-ii-mierne-pokrocily\/\" \/>\n<meta property=\"og:locale\" content=\"en_US\" \/>\n<meta property=\"og:type\" content=\"article\" \/>\n<meta property=\"og:title\" content=\"Online kurz DevOps II. Mierne Pokro\u010dil\u00fd\" \/>\n<meta property=\"og:description\" content=\"Online kurz DevOps II. Mierne Pokro\u010dil\u00fd je pre v\u00e1s ide\u00e1lny, ak chcete z\u00edska\u0165 preh\u013ead a znalosti o met\u00f3de v\u00fdvoja softv\u00e9ru. Vysvetl\u00edme si z\u00e1kladn\u00e9 koncepty CI\/CD a ako ich spr\u00e1vne implementova\u0165. Dozviete sa ak\u00e9 \u00falohy a procesy pln\u00ed DevOps \u0160pecialista.\" \/>\n<meta property=\"og:url\" content=\"https:\/\/www.vita.sk\/online-kurz-devops-ii-mierne-pokrocily\/\" \/>\n<meta property=\"og:site_name\" content=\"VITA\" \/>\n<meta property=\"article:publisher\" content=\"https:\/\/www.facebook.com\/VitaAcademySK\" \/>\n<meta property=\"article:modified_time\" content=\"2024-10-13T15:53:11+00:00\" \/>\n<meta property=\"og:image\" content=\"https:\/\/www.vita.sk\/wp-content\/uploads\/2020\/11\/kurz_DevOps.png\" \/>\n\t<meta property=\"og:image:width\" content=\"360\" \/>\n\t<meta property=\"og:image:height\" content=\"360\" \/>\n\t<meta property=\"og:image:type\" content=\"image\/png\" \/>\n<meta name=\"twitter:card\" content=\"summary_large_image\" \/>\n<meta name=\"twitter:label1\" content=\"Est. reading time\" \/>\n\t<meta name=\"twitter:data1\" content=\"1 minute\" \/>\n<script type=\"application\/ld+json\" class=\"yoast-schema-graph\">{\n\t    \"@context\": \"https:\/\/schema.org\",\n\t    \"@graph\": [\n\t        {\n\t            \"@type\": \"WebPage\",\n\t            \"@id\": \"https:\/\/www.vita.sk\/online-kurz-devops-ii-mierne-pokrocily\/\",\n\t            \"url\": \"https:\/\/www.vita.sk\/online-kurz-devops-ii-mierne-pokrocily\/\",\n\t            \"name\": \"Online kurz DevOps II. Mierne Pokro\u010dil\u00fd 2024 | VITA\",\n\t            \"isPartOf\": {\n\t                \"@id\": \"https:\/\/www.vita.sk\/#website\"\n\t            },\n\t            \"primaryImageOfPage\": {\n\t                \"@id\": \"https:\/\/www.vita.sk\/online-kurz-devops-ii-mierne-pokrocily\/#primaryimage\"\n\t            },\n\t            \"image\": {\n\t                \"@id\": \"https:\/\/www.vita.sk\/online-kurz-devops-ii-mierne-pokrocily\/#primaryimage\"\n\t            },\n\t            \"thumbnailUrl\": \"https:\/\/www.vita.sk\/wp-content\/uploads\/2020\/11\/kurz_DevOps.png\",\n\t            \"datePublished\": \"2024-02-02T08:59:44+00:00\",\n\t            \"dateModified\": \"2024-10-13T15:53:11+00:00\",\n\t            \"description\": \"Online kurz DevOps II. Mierne Pokro\u010dil\u00fd je pre v\u00e1s ide\u00e1lny, ak chcete z\u00edska\u0165 preh\u013ead a znalosti o met\u00f3de v\u00fdvoja softv\u00e9ru. Vysvetl\u00edme si z\u00e1kladn\u00e9 koncepty CI\/CD a ako ich spr\u00e1vne implementova\u0165. Dozviete sa ak\u00e9 \u00falohy a procesy pln\u00ed DevOps \u0160pecialista.\",\n\t            \"breadcrumb\": {\n\t                \"@id\": \"https:\/\/www.vita.sk\/online-kurz-devops-ii-mierne-pokrocily\/#breadcrumb\"\n\t            },\n\t            \"inLanguage\": \"en-US\",\n\t            \"potentialAction\": [\n\t                {\n\t                    \"@type\": \"ReadAction\",\n\t                    \"target\": [\n\t                        \"https:\/\/www.vita.sk\/online-kurz-devops-ii-mierne-pokrocily\/\"\n\t                    ]\n\t                }\n\t            ]\n\t        },\n\t        {\n\t            \"@type\": \"ImageObject\",\n\t            \"inLanguage\": \"en-US\",\n\t            \"@id\": \"https:\/\/www.vita.sk\/online-kurz-devops-ii-mierne-pokrocily\/#primaryimage\",\n\t            \"url\": \"https:\/\/www.vita.sk\/wp-content\/uploads\/2020\/11\/kurz_DevOps.png\",\n\t            \"contentUrl\": \"https:\/\/www.vita.sk\/wp-content\/uploads\/2020\/11\/kurz_DevOps.png\",\n\t            \"width\": 360,\n\t            \"height\": 360,\n\t            \"caption\": \"Online kurz DevOps\"\n\t        },\n\t        {\n\t            \"@type\": \"BreadcrumbList\",\n\t            \"@id\": \"https:\/\/www.vita.sk\/online-kurz-devops-ii-mierne-pokrocily\/#breadcrumb\",\n\t            \"itemListElement\": [\n\t                {\n\t                    \"@type\": \"ListItem\",\n\t                    \"position\": 1,\n\t                    \"name\": \"VITA Academy\",\n\t                    \"item\": \"https:\/\/www.vita.sk\/en\/\"\n\t                },\n\t                {\n\t                    \"@type\": \"ListItem\",\n\t                    \"position\": 2,\n\t                    \"name\": \"Shop\",\n\t                    \"item\": \"https:\/\/www.vita.sk\/shop\/\"\n\t                },\n\t                {\n\t                    \"@type\": \"ListItem\",\n\t                    \"position\": 3,\n\t                    \"name\": \"Administr\u00e1cia IT a Servery\",\n\t                    \"item\": \"https:\/\/www.vita.sk\/online-kurzy-administracia-it-servery\/\"\n\t                },\n\t                {\n\t                    \"@type\": \"ListItem\",\n\t                    \"position\": 4,\n\t                    \"name\": \"DevOps\",\n\t                    \"item\": \"https:\/\/www.vita.sk\/devops-online-kurzy-administracia-it-servery\/\"\n\t                },\n\t                {\n\t                    \"@type\": \"ListItem\",\n\t                    \"position\": 5,\n\t                    \"name\": \"Online kurz DevOps II. Mierne Pokro\u010dil\u00fd\"\n\t                }\n\t            ]\n\t        },\n\t        {\n\t            \"@type\": \"WebSite\",\n\t            \"@id\": \"https:\/\/www.vita.sk\/#website\",\n\t            \"url\": \"https:\/\/www.vita.sk\/\",\n\t            \"name\": \"VITA\",\n\t            \"description\": \"\",\n\t            \"publisher\": {\n\t                \"@id\": \"https:\/\/www.vita.sk\/#organization\"\n\t            },\n\t            \"potentialAction\": [\n\t                {\n\t                    \"@type\": \"SearchAction\",\n\t                    \"target\": {\n\t                        \"@type\": \"EntryPoint\",\n\t                        \"urlTemplate\": \"https:\/\/www.vita.sk\/?s={search_term_string}\"\n\t                    },\n\t                    \"query-input\": {\n\t                        \"@type\": \"PropertyValueSpecification\",\n\t                        \"valueRequired\": true,\n\t                        \"valueName\": \"search_term_string\"\n\t                    }\n\t                }\n\t            ],\n\t            \"inLanguage\": \"en-US\"\n\t        },\n\t        {\n\t            \"email\": \"admin@vita.sk\",\n\t            \"logo\": \"https:\/\/www.vita.sk\/img\/vita_logo.png \",\n\t            \"address\": {\n\t                \"type\": \"PostalAddress\",\n\t                \"streetAddress\": \"Tom\u00e1\u0161ikova 50\/A\",\n\t                \"addressLocality\": \"Bratislava\",\n\t                \"postalCode\": \"83104\",\n\t                \"addressCountry\": {\n\t                    \"name\": \"SK\",\n\t                    \"type\": \"Country\"\n\t                }\n\t            },\n\t            \"contactPoint\": {\n\t                \"type\": \"ContactPoint\",\n\t                \"telephone\": \"+421 907 375\u00a0543\",\n\t                \"Email\": \"admin@vita.sk\",\n\t                \"contactType\": \"customer service\"\n\t            },\n\t            \"sameAs\": [\n\t                \"https:\/\/www.facebook.com\/VitaAcademySK\/\",\n\t                \"https:\/\/www.linkedin.com\/company\/vita-academy\/\"\n\t            ]\n\t        }\n\t    ]\n\t}<\/script>\n<!-- \/ Yoast SEO Premium plugin. -->","yoast_head_json":{"title":"Online kurz DevOps II. Mierne Pokro\u010dil\u00fd  | VITA","description":"Online kurz DevOps II. Mierne Pokro\u010dil\u00fd je pre v\u00e1s ide\u00e1lny, ak chcete z\u00edska\u0165 preh\u013ead a znalosti o met\u00f3de v\u00fdvoja softv\u00e9ru. Vysvetl\u00edme si z\u00e1kladn\u00e9 koncepty CI\/CD a ako ich spr\u00e1vne implementova\u0165. Dozviete sa ak\u00e9 \u00falohy a procesy pln\u00ed DevOps \u0160pecialista.","robots":{"index":"index","follow":"follow","max-snippet":"max-snippet:-1","max-image-preview":"max-image-preview:large","max-video-preview":"max-video-preview:-1"},"canonical":"https:\/\/www.vita.sk\/online-kurz-devops-ii-mierne-pokrocily\/","og_locale":"en_US","og_type":"article","og_title":"Online kurz DevOps II. Mierne Pokro\u010dil\u00fd","og_description":"Online kurz DevOps II. Mierne Pokro\u010dil\u00fd je pre v\u00e1s ide\u00e1lny, ak chcete z\u00edska\u0165 preh\u013ead a znalosti o met\u00f3de v\u00fdvoja softv\u00e9ru. Vysvetl\u00edme si z\u00e1kladn\u00e9 koncepty CI\/CD a ako ich spr\u00e1vne implementova\u0165. Dozviete sa ak\u00e9 \u00falohy a procesy pln\u00ed DevOps \u0160pecialista.","og_url":"https:\/\/www.vita.sk\/online-kurz-devops-ii-mierne-pokrocily\/","og_site_name":"VITA","article_publisher":"https:\/\/www.facebook.com\/VitaAcademySK","article_modified_time":"2024-10-13T15:53:11+00:00","og_image":[{"width":360,"height":360,"url":"https:\/\/www.vita.sk\/wp-content\/uploads\/2020\/11\/kurz_DevOps.png","type":"image\/png"}],"twitter_card":"summary_large_image","twitter_misc":{"Est. reading time":"1 minute"},"schema":{"@context":"https:\/\/schema.org","@graph":[{"@type":"WebPage","@id":"https:\/\/www.vita.sk\/online-kurz-devops-ii-mierne-pokrocily\/","url":"https:\/\/www.vita.sk\/online-kurz-devops-ii-mierne-pokrocily\/","name":"Online kurz DevOps II. Mierne Pokro\u010dil\u00fd 2024 | VITA","isPartOf":{"@id":"https:\/\/www.vita.sk\/#website"},"primaryImageOfPage":{"@id":"https:\/\/www.vita.sk\/online-kurz-devops-ii-mierne-pokrocily\/#primaryimage"},"image":{"@id":"https:\/\/www.vita.sk\/online-kurz-devops-ii-mierne-pokrocily\/#primaryimage"},"thumbnailUrl":"https:\/\/www.vita.sk\/wp-content\/uploads\/2020\/11\/kurz_DevOps.png","datePublished":"2024-02-02T08:59:44+00:00","dateModified":"2024-10-13T15:53:11+00:00","description":"Online kurz DevOps II. Mierne Pokro\u010dil\u00fd je pre v\u00e1s ide\u00e1lny, ak chcete z\u00edska\u0165 preh\u013ead a znalosti o met\u00f3de v\u00fdvoja softv\u00e9ru. Vysvetl\u00edme si z\u00e1kladn\u00e9 koncepty CI\/CD a ako ich spr\u00e1vne implementova\u0165. Dozviete sa ak\u00e9 \u00falohy a procesy pln\u00ed DevOps \u0160pecialista.","breadcrumb":{"@id":"https:\/\/www.vita.sk\/online-kurz-devops-ii-mierne-pokrocily\/#breadcrumb"},"inLanguage":"en-US","potentialAction":[{"@type":"ReadAction","target":["https:\/\/www.vita.sk\/online-kurz-devops-ii-mierne-pokrocily\/"]}]},{"@type":"ImageObject","inLanguage":"en-US","@id":"https:\/\/www.vita.sk\/online-kurz-devops-ii-mierne-pokrocily\/#primaryimage","url":"https:\/\/www.vita.sk\/wp-content\/uploads\/2020\/11\/kurz_DevOps.png","contentUrl":"https:\/\/www.vita.sk\/wp-content\/uploads\/2020\/11\/kurz_DevOps.png","width":360,"height":360,"caption":"Online kurz DevOps"},{"@type":"BreadcrumbList","@id":"https:\/\/www.vita.sk\/online-kurz-devops-ii-mierne-pokrocily\/#breadcrumb","itemListElement":[{"@type":"ListItem","position":1,"name":"VITA Academy","item":"https:\/\/www.vita.sk\/en\/"},{"@type":"ListItem","position":2,"name":"Shop","item":"https:\/\/www.vita.sk\/shop\/"},{"@type":"ListItem","position":3,"name":"Administr\u00e1cia IT a Servery","item":"https:\/\/www.vita.sk\/online-kurzy-administracia-it-servery\/"},{"@type":"ListItem","position":4,"name":"DevOps","item":"https:\/\/www.vita.sk\/devops-online-kurzy-administracia-it-servery\/"},{"@type":"ListItem","position":5,"name":"Online kurz DevOps II. Mierne Pokro\u010dil\u00fd"}]},{"@type":"WebSite","@id":"https:\/\/www.vita.sk\/#website","url":"https:\/\/www.vita.sk\/","name":"VITA","description":"","publisher":{"@id":"https:\/\/www.vita.sk\/#organization"},"potentialAction":[{"@type":"SearchAction","target":{"@type":"EntryPoint","urlTemplate":"https:\/\/www.vita.sk\/?s={search_term_string}"},"query-input":{"@type":"PropertyValueSpecification","valueRequired":true,"valueName":"search_term_string"}}],"inLanguage":"en-US"},{"email":"admin@vita.sk","logo":"https:\/\/www.vita.sk\/img\/vita_logo.png ","address":{"type":"PostalAddress","streetAddress":"Tom\u00e1\u0161ikova 50\/A","addressLocality":"Bratislava","postalCode":"83104","addressCountry":{"name":"SK","type":"Country"}},"contactPoint":{"type":"ContactPoint","telephone":"+421 907 375\u00a0543","Email":"admin@vita.sk","contactType":"customer service"},"sameAs":["https:\/\/www.facebook.com\/VitaAcademySK\/","https:\/\/www.linkedin.com\/company\/vita-academy\/"]}]}},"acf":[],"_links":{"self":[{"href":"https:\/\/www.vita.sk\/en\/wp-json\/wp\/v2\/product\/18146","targetHints":{"allow":["GET"]}}],"collection":[{"href":"https:\/\/www.vita.sk\/en\/wp-json\/wp\/v2\/product"}],"about":[{"href":"https:\/\/www.vita.sk\/en\/wp-json\/wp\/v2\/types\/product"}],"author":[{"embeddable":true,"href":"https:\/\/www.vita.sk\/en\/wp-json\/wp\/v2\/users\/4"}],"replies":[{"embeddable":true,"href":"https:\/\/www.vita.sk\/en\/wp-json\/wp\/v2\/comments?post=18146"}],"wp:featuredmedia":[{"embeddable":true,"href":"https:\/\/www.vita.sk\/en\/wp-json\/wp\/v2\/media\/4351"}],"wp:attachment":[{"href":"https:\/\/www.vita.sk\/en\/wp-json\/wp\/v2\/media?parent=18146"}],"wp:term":[{"taxonomy":"product_brand","embeddable":true,"href":"https:\/\/www.vita.sk\/en\/wp-json\/wp\/v2\/product_brand?post=18146"},{"taxonomy":"product_cat","embeddable":true,"href":"https:\/\/www.vita.sk\/en\/wp-json\/wp\/v2\/product_cat?post=18146"},{"taxonomy":"product_tag","embeddable":true,"href":"https:\/\/www.vita.sk\/en\/wp-json\/wp\/v2\/product_tag?post=18146"}],"curies":[{"name":"wp","href":"https:\/\/api.w.org\/{rel}","templated":true}]}}