{"id":18249,"date":"2024-02-08T15:02:06","date_gmt":"2024-02-08T14:02:06","guid":{"rendered":"https:\/\/www.vita.sk\/?post_type=product&#038;p=18249"},"modified":"2026-01-20T15:52:47","modified_gmt":"2026-01-20T14:52:47","slug":"online-kurz-manazerske-uctovnictvo","status":"publish","type":"product","link":"https:\/\/www.vita.sk\/en\/online-kurz-manazerske-uctovnictvo\/","title":{"rendered":"Online kurz Mana\u017e\u00e9rske \u00da\u010dtovn\u00edctvo"},"content":{"rendered":"<p>Online kurz Mana\u017e\u00e9rske \u00da\u010dtovn\u00edctvo je pre v\u00e1s ide\u00e1lny, ak sa chcete nau\u010di\u0165 efekt\u00edvne riadi\u0165 a kontrolova\u0165 finan\u010dn\u00e9 toky vo va\u0161ej organiz\u00e1cii, a to s d\u00f4razom na mana\u017e\u00e9rske rozhodovanie a anal\u00fdzu n\u00e1kladov. <strong>Ide o akreditovan\u00fd a certifikovan\u00fd kurz na mana\u017e\u00e9rske \u00fa\u010dtovn\u00edctvo s Microsoft Excel, Power BI, finan\u010dn\u00e9 a \u00fa\u010dtovn\u00edcke funkcie na Slovensku.<\/strong> V tomto kurze sa nau\u010d\u00edte vyhodnocova\u0165 finan\u010dn\u00e9 \u00fadaje, pripravova\u0165 a analyzova\u0165 rozpo\u010dty, vykon\u00e1va\u0165 anal\u00fdzy n\u00e1kladov a v\u00fdnosov a pripravova\u0165 komplexn\u00e9 finan\u010dn\u00e9 spr\u00e1vy. Osvoj\u00edte si z\u00e1kladn\u00e9 aj pokro\u010dil\u00e9 techniky riadenia n\u00e1kladov, vr\u00e1tane variabiln\u00fdch a fixn\u00fdch n\u00e1kladov. Kurz v\u00e1m poskytne n\u00e1stroje pre spr\u00e1vne nastavenie a optimaliz\u00e1ciu n\u00e1kladov v organiz\u00e1cii, \u010d\u00edm sa zlep\u0161\u00ed va\u0161a schopnos\u0165 robi\u0165 informovan\u00e9 mana\u017e\u00e9rske rozhodnutia. Nau\u010d\u00edte sa z\u00edskava\u0165 d\u00e1ta z r\u00f4znych zdrojov ako Finstat alebo webov\u00e9 str\u00e1nky, \u010do v\u00e1m umo\u017en\u00ed efekt\u00edvne porovn\u00e1va\u0165 a analyzova\u0165 finan\u010dn\u00e9 \u00fadaje. Okrem toho z\u00edskate pokro\u010dil\u00e9 zru\u010dnosti v pou\u017e\u00edvan\u00ed n\u00e1strojov Microsoft Excel a Power BI na vizualiz\u00e1ciu a anal\u00fdzu finan\u010dn\u00fdch d\u00e1t. Kurz v\u00e1m tie\u017e uk\u00e1\u017ee, ako spr\u00e1vne vytv\u00e1ra\u0165 fakt\u00fary (da\u0148ov\u00e9 doklady), zostavova\u0165 s\u00favahy a vytv\u00e1ra\u0165 firemn\u00e9 rozpo\u010dty, ktor\u00e9 v\u00e1m pom\u00f4\u017eu pri pl\u00e1novan\u00ed a riaden\u00ed finan\u010dn\u00fdch zdrojov va\u0161ej organiz\u00e1cie. Z\u00edskate zru\u010dnosti v oblasti finan\u010dn\u00e9ho mana\u017ementu, ktor\u00e9 v\u00e1m pom\u00f4\u017eu efekt\u00edvne a zodpovedne rozhodova\u0165 o finan\u010dn\u00fdch strat\u00e9gi\u00e1ch a zabezpe\u010denie finan\u010dnej stability organiz\u00e1cie. Ak sa chcete skuto\u010dne nau\u010di\u0165 pou\u017e\u00edva\u0165 Microsoft Excel a Power BI na \u00fa\u010dely mana\u017e\u00e9rskeho \u00fa\u010dtovn\u00edctva, tak toto je ide\u00e1lny vstupn\u00fd online kurz pre v\u00e1s.<\/p>\n","protected":false},"excerpt":{"rendered":"<p>Online kurz Mana\u017e\u00e9rske \u00da\u010dtovn\u00edctvo v\u00e1s nau\u010d\u00ed pracova\u0165 s n\u00e1kladmi, v\u00fdnosmi, kalkul\u00e1ciami, rozpo\u010dtami a finan\u010dn\u00fdmi ukazovate\u013emi tak, aby ste vedeli prij\u00edma\u0165 informovan\u00e9 mana\u017e\u00e9rske rozhodnutia. Z\u00edskate praktick\u00e9 postupy pre riadenie n\u00e1kladov, tvorbu rozpo\u010dtov a anal\u00fdzu ziskovosti v podnikan\u00ed.","protected":false},"author":4,"featured_media":18254,"comment_status":"open","ping_status":"closed","template":"","meta":{"_acf_changed":false},"product_brand":[],"product_cat":[600,587,84,73],"product_tag":[191,211],"class_list":{"0":"post-18249","1":"product","2":"type-product","3":"status-publish","4":"has-post-thumbnail","6":"product_cat-manazerske-uctovnictvo","7":"product_cat-online-kurzy-financie-uctovnictvo","8":"product_cat-online-kurzy-manazerske-kurzy-soft-skills","9":"product_cat-bez-kategorie","10":"product_tag-manazerske-kurzy","11":"product_tag-projektovy-manazment-v-it","13":"first","14":"instock","15":"sale","16":"sold-individually","17":"taxable","18":"shipping-taxable","19":"purchasable","20":"product-type-simple"},"yoast_head":"<!-- This site is optimized with the Yoast SEO Premium plugin v25.0 (Yoast SEO v25.0) - https:\/\/yoast.com\/wordpress\/plugins\/seo\/ -->\n<title>Online kurz Mana\u017e\u00e9rske \u00da\u010dtovn\u00edctvo 2026 | VITA<\/title>\n<meta name=\"description\" content=\"V online kurze Mana\u017e\u00e9rske \u00fa\u010dtovn\u00edctvo sa nau\u010d\u00edte spravova\u0165 finan\u010dn\u00e9 \u00fadaje a rozhodova\u0165 o strategick\u00fdch invest\u00edci\u00e1ch a rozpo\u010dtoch. \u2705\" \/>\n<meta name=\"robots\" content=\"index, follow, max-snippet:-1, max-image-preview:large, max-video-preview:-1\" \/>\n<link rel=\"canonical\" href=\"https:\/\/www.vita.sk\/online-kurz-manazerske-uctovnictvo\/\" \/>\n<meta property=\"og:locale\" content=\"en_US\" \/>\n<meta property=\"og:type\" content=\"article\" \/>\n<meta property=\"og:title\" content=\"Online kurz Mana\u017e\u00e9rske \u00da\u010dtovn\u00edctvo\" \/>\n<meta property=\"og:description\" content=\"V online kurze Mana\u017e\u00e9rske \u00fa\u010dtovn\u00edctvo sa nau\u010d\u00edte spravova\u0165 finan\u010dn\u00e9 \u00fadaje a rozhodova\u0165 o strategick\u00fdch invest\u00edci\u00e1ch a rozpo\u010dtoch. \u2705\" \/>\n<meta property=\"og:url\" content=\"https:\/\/www.vita.sk\/online-kurz-manazerske-uctovnictvo\/\" \/>\n<meta property=\"og:site_name\" content=\"VITA\" \/>\n<meta property=\"article:publisher\" content=\"https:\/\/www.facebook.com\/VitaAcademySK\" \/>\n<meta property=\"article:modified_time\" content=\"2026-01-20T14:52:47+00:00\" \/>\n<meta property=\"og:image\" content=\"https:\/\/www.vita.sk\/wp-content\/uploads\/2024\/02\/kurz-Manazerske-uctovnictvo-2.png\" \/>\n\t<meta property=\"og:image:width\" content=\"360\" \/>\n\t<meta property=\"og:image:height\" content=\"360\" \/>\n\t<meta property=\"og:image:type\" content=\"image\/png\" \/>\n<meta name=\"twitter:card\" content=\"summary_large_image\" \/>\n<meta name=\"twitter:label1\" content=\"Est. reading time\" \/>\n\t<meta name=\"twitter:data1\" content=\"2 minutes\" \/>\n<script type=\"application\/ld+json\" class=\"yoast-schema-graph\">{\n\t    \"@context\": \"https:\/\/schema.org\",\n\t    \"@graph\": [\n\t        {\n\t            \"@type\": \"WebPage\",\n\t            \"@id\": \"https:\/\/www.vita.sk\/online-kurz-manazerske-uctovnictvo\/\",\n\t            \"url\": \"https:\/\/www.vita.sk\/online-kurz-manazerske-uctovnictvo\/\",\n\t            \"name\": \"Online kurz Mana\u017e\u00e9rske \u00da\u010dtovn\u00edctvo {Y} | VITA\",\n\t            \"isPartOf\": {\n\t                \"@id\": \"https:\/\/www.vita.sk\/#website\"\n\t            },\n\t            \"primaryImageOfPage\": {\n\t                \"@id\": \"https:\/\/www.vita.sk\/online-kurz-manazerske-uctovnictvo\/#primaryimage\"\n\t            },\n\t            \"image\": {\n\t                \"@id\": \"https:\/\/www.vita.sk\/online-kurz-manazerske-uctovnictvo\/#primaryimage\"\n\t            },\n\t            \"thumbnailUrl\": \"https:\/\/www.vita.sk\/wp-content\/uploads\/2024\/02\/kurz-Manazerske-uctovnictvo-2.png\",\n\t            \"datePublished\": \"2024-02-08T14:02:06+00:00\",\n\t            \"dateModified\": \"2026-01-20T14:52:47+00:00\",\n\t            \"description\": \"V online kurze Mana\u017e\u00e9rske \u00fa\u010dtovn\u00edctvo sa nau\u010d\u00edte spravova\u0165 finan\u010dn\u00e9 \u00fadaje a rozhodova\u0165 o strategick\u00fdch invest\u00edci\u00e1ch a rozpo\u010dtoch. \u2705\",\n\t            \"breadcrumb\": {\n\t                \"@id\": \"https:\/\/www.vita.sk\/online-kurz-manazerske-uctovnictvo\/#breadcrumb\"\n\t            },\n\t            \"inLanguage\": \"en-US\",\n\t            \"potentialAction\": [\n\t                {\n\t                    \"@type\": \"ReadAction\",\n\t                    \"target\": [\n\t                        \"https:\/\/www.vita.sk\/online-kurz-manazerske-uctovnictvo\/\"\n\t                    ]\n\t                }\n\t            ]\n\t        },\n\t        {\n\t            \"@type\": \"ImageObject\",\n\t            \"inLanguage\": \"en-US\",\n\t            \"@id\": \"https:\/\/www.vita.sk\/online-kurz-manazerske-uctovnictvo\/#primaryimage\",\n\t            \"url\": \"https:\/\/www.vita.sk\/wp-content\/uploads\/2024\/02\/kurz-Manazerske-uctovnictvo-2.png\",\n\t            \"contentUrl\": \"https:\/\/www.vita.sk\/wp-content\/uploads\/2024\/02\/kurz-Manazerske-uctovnictvo-2.png\",\n\t            \"width\": 360,\n\t            \"height\": 360\n\t        },\n\t        {\n\t            \"@type\": \"BreadcrumbList\",\n\t            \"@id\": \"https:\/\/www.vita.sk\/online-kurz-manazerske-uctovnictvo\/#breadcrumb\",\n\t            \"itemListElement\": [\n\t                {\n\t                    \"@type\": \"ListItem\",\n\t                    \"position\": 1,\n\t                    \"name\": \"VITA Academy\",\n\t                    \"item\": \"https:\/\/www.vita.sk\/en\/\"\n\t                },\n\t                {\n\t                    \"@type\": \"ListItem\",\n\t                    \"position\": 2,\n\t                    \"name\": \"Shop\",\n\t                    \"item\": \"https:\/\/www.vita.sk\/shop\/\"\n\t                },\n\t                {\n\t                    \"@type\": \"ListItem\",\n\t                    \"position\": 3,\n\t                    \"name\": \"Mana\u017e\u00e9rske a Soft Skills Kurzy\",\n\t                    \"item\": \"https:\/\/www.vita.sk\/online-kurzy-manazerske-kurzy-soft-skills\/\"\n\t                },\n\t                {\n\t                    \"@type\": \"ListItem\",\n\t                    \"position\": 4,\n\t                    \"name\": \"Mana\u017e\u00e9rske \u00da\u010dtovn\u00edctvo\",\n\t                    \"item\": \"https:\/\/www.vita.sk\/manazerske-uctovnictvo\/\"\n\t                },\n\t                {\n\t                    \"@type\": \"ListItem\",\n\t                    \"position\": 5,\n\t                    \"name\": \"Online kurz Mana\u017e\u00e9rske \u00da\u010dtovn\u00edctvo\"\n\t                }\n\t            ]\n\t        },\n\t        {\n\t            \"@type\": \"WebSite\",\n\t            \"@id\": \"https:\/\/www.vita.sk\/#website\",\n\t            \"url\": \"https:\/\/www.vita.sk\/\",\n\t            \"name\": \"VITA\",\n\t            \"description\": \"\",\n\t            \"publisher\": {\n\t                \"@id\": \"https:\/\/www.vita.sk\/#organization\"\n\t            },\n\t            \"potentialAction\": [\n\t                {\n\t                    \"@type\": \"SearchAction\",\n\t                    \"target\": {\n\t                        \"@type\": \"EntryPoint\",\n\t                        \"urlTemplate\": \"https:\/\/www.vita.sk\/?s={search_term_string}\"\n\t                    },\n\t                    \"query-input\": {\n\t                        \"@type\": \"PropertyValueSpecification\",\n\t                        \"valueRequired\": true,\n\t                        \"valueName\": \"search_term_string\"\n\t                    }\n\t                }\n\t            ],\n\t            \"inLanguage\": \"en-US\"\n\t        },\n\t        {\n\t            \"email\": \"admin@vita.sk\",\n\t            \"logo\": \"https:\/\/www.vita.sk\/img\/vita_logo.png \",\n\t            \"address\": {\n\t                \"type\": \"PostalAddress\",\n\t                \"streetAddress\": \"Tom\u00e1\u0161ikova 50\/A\",\n\t                \"addressLocality\": \"Bratislava\",\n\t                \"postalCode\": \"83104\",\n\t                \"addressCountry\": {\n\t                    \"name\": \"SK\",\n\t                    \"type\": \"Country\"\n\t                }\n\t            },\n\t            \"contactPoint\": {\n\t                \"type\": \"ContactPoint\",\n\t                \"telephone\": \"+421 907 375\u00a0543\",\n\t                \"Email\": \"admin@vita.sk\",\n\t                \"contactType\": \"customer service\"\n\t            },\n\t            \"sameAs\": [\n\t                \"https:\/\/www.facebook.com\/VitaAcademySK\/\",\n\t                \"https:\/\/www.linkedin.com\/company\/vita-academy\/\"\n\t            ]\n\t        }\n\t    ]\n\t}<\/script>\n<!-- \/ Yoast SEO Premium plugin. -->","yoast_head_json":{"title":"Online kurz Mana\u017e\u00e9rske \u00da\u010dtovn\u00edctvo 2026 | VITA","description":"V online kurze Mana\u017e\u00e9rske \u00fa\u010dtovn\u00edctvo sa nau\u010d\u00edte spravova\u0165 finan\u010dn\u00e9 \u00fadaje a rozhodova\u0165 o strategick\u00fdch invest\u00edci\u00e1ch a rozpo\u010dtoch. \u2705","robots":{"index":"index","follow":"follow","max-snippet":"max-snippet:-1","max-image-preview":"max-image-preview:large","max-video-preview":"max-video-preview:-1"},"canonical":"https:\/\/www.vita.sk\/online-kurz-manazerske-uctovnictvo\/","og_locale":"en_US","og_type":"article","og_title":"Online kurz Mana\u017e\u00e9rske \u00da\u010dtovn\u00edctvo","og_description":"V online kurze Mana\u017e\u00e9rske \u00fa\u010dtovn\u00edctvo sa nau\u010d\u00edte spravova\u0165 finan\u010dn\u00e9 \u00fadaje a rozhodova\u0165 o strategick\u00fdch invest\u00edci\u00e1ch a rozpo\u010dtoch. \u2705","og_url":"https:\/\/www.vita.sk\/online-kurz-manazerske-uctovnictvo\/","og_site_name":"VITA","article_publisher":"https:\/\/www.facebook.com\/VitaAcademySK","article_modified_time":"2026-01-20T14:52:47+00:00","og_image":[{"width":360,"height":360,"url":"https:\/\/www.vita.sk\/wp-content\/uploads\/2024\/02\/kurz-Manazerske-uctovnictvo-2.png","type":"image\/png"}],"twitter_card":"summary_large_image","twitter_misc":{"Est. reading time":"2 minutes"},"schema":{"@context":"https:\/\/schema.org","@graph":[{"@type":"WebPage","@id":"https:\/\/www.vita.sk\/online-kurz-manazerske-uctovnictvo\/","url":"https:\/\/www.vita.sk\/online-kurz-manazerske-uctovnictvo\/","name":"Online kurz Mana\u017e\u00e9rske \u00da\u010dtovn\u00edctvo {Y} | VITA","isPartOf":{"@id":"https:\/\/www.vita.sk\/#website"},"primaryImageOfPage":{"@id":"https:\/\/www.vita.sk\/online-kurz-manazerske-uctovnictvo\/#primaryimage"},"image":{"@id":"https:\/\/www.vita.sk\/online-kurz-manazerske-uctovnictvo\/#primaryimage"},"thumbnailUrl":"https:\/\/www.vita.sk\/wp-content\/uploads\/2024\/02\/kurz-Manazerske-uctovnictvo-2.png","datePublished":"2024-02-08T14:02:06+00:00","dateModified":"2026-01-20T14:52:47+00:00","description":"V online kurze Mana\u017e\u00e9rske \u00fa\u010dtovn\u00edctvo sa nau\u010d\u00edte spravova\u0165 finan\u010dn\u00e9 \u00fadaje a rozhodova\u0165 o strategick\u00fdch invest\u00edci\u00e1ch a rozpo\u010dtoch. \u2705","breadcrumb":{"@id":"https:\/\/www.vita.sk\/online-kurz-manazerske-uctovnictvo\/#breadcrumb"},"inLanguage":"en-US","potentialAction":[{"@type":"ReadAction","target":["https:\/\/www.vita.sk\/online-kurz-manazerske-uctovnictvo\/"]}]},{"@type":"ImageObject","inLanguage":"en-US","@id":"https:\/\/www.vita.sk\/online-kurz-manazerske-uctovnictvo\/#primaryimage","url":"https:\/\/www.vita.sk\/wp-content\/uploads\/2024\/02\/kurz-Manazerske-uctovnictvo-2.png","contentUrl":"https:\/\/www.vita.sk\/wp-content\/uploads\/2024\/02\/kurz-Manazerske-uctovnictvo-2.png","width":360,"height":360},{"@type":"BreadcrumbList","@id":"https:\/\/www.vita.sk\/online-kurz-manazerske-uctovnictvo\/#breadcrumb","itemListElement":[{"@type":"ListItem","position":1,"name":"VITA Academy","item":"https:\/\/www.vita.sk\/en\/"},{"@type":"ListItem","position":2,"name":"Shop","item":"https:\/\/www.vita.sk\/shop\/"},{"@type":"ListItem","position":3,"name":"Mana\u017e\u00e9rske a Soft Skills Kurzy","item":"https:\/\/www.vita.sk\/online-kurzy-manazerske-kurzy-soft-skills\/"},{"@type":"ListItem","position":4,"name":"Mana\u017e\u00e9rske \u00da\u010dtovn\u00edctvo","item":"https:\/\/www.vita.sk\/manazerske-uctovnictvo\/"},{"@type":"ListItem","position":5,"name":"Online kurz Mana\u017e\u00e9rske \u00da\u010dtovn\u00edctvo"}]},{"@type":"WebSite","@id":"https:\/\/www.vita.sk\/#website","url":"https:\/\/www.vita.sk\/","name":"VITA","description":"","publisher":{"@id":"https:\/\/www.vita.sk\/#organization"},"potentialAction":[{"@type":"SearchAction","target":{"@type":"EntryPoint","urlTemplate":"https:\/\/www.vita.sk\/?s={search_term_string}"},"query-input":{"@type":"PropertyValueSpecification","valueRequired":true,"valueName":"search_term_string"}}],"inLanguage":"en-US"},{"email":"admin@vita.sk","logo":"https:\/\/www.vita.sk\/img\/vita_logo.png ","address":{"type":"PostalAddress","streetAddress":"Tom\u00e1\u0161ikova 50\/A","addressLocality":"Bratislava","postalCode":"83104","addressCountry":{"name":"SK","type":"Country"}},"contactPoint":{"type":"ContactPoint","telephone":"+421 907 375\u00a0543","Email":"admin@vita.sk","contactType":"customer service"},"sameAs":["https:\/\/www.facebook.com\/VitaAcademySK\/","https:\/\/www.linkedin.com\/company\/vita-academy\/"]}]}},"acf":[],"_links":{"self":[{"href":"https:\/\/www.vita.sk\/en\/wp-json\/wp\/v2\/product\/18249","targetHints":{"allow":["GET"]}}],"collection":[{"href":"https:\/\/www.vita.sk\/en\/wp-json\/wp\/v2\/product"}],"about":[{"href":"https:\/\/www.vita.sk\/en\/wp-json\/wp\/v2\/types\/product"}],"author":[{"embeddable":true,"href":"https:\/\/www.vita.sk\/en\/wp-json\/wp\/v2\/users\/4"}],"replies":[{"embeddable":true,"href":"https:\/\/www.vita.sk\/en\/wp-json\/wp\/v2\/comments?post=18249"}],"wp:featuredmedia":[{"embeddable":true,"href":"https:\/\/www.vita.sk\/en\/wp-json\/wp\/v2\/media\/18254"}],"wp:attachment":[{"href":"https:\/\/www.vita.sk\/en\/wp-json\/wp\/v2\/media?parent=18249"}],"wp:term":[{"taxonomy":"product_brand","embeddable":true,"href":"https:\/\/www.vita.sk\/en\/wp-json\/wp\/v2\/product_brand?post=18249"},{"taxonomy":"product_cat","embeddable":true,"href":"https:\/\/www.vita.sk\/en\/wp-json\/wp\/v2\/product_cat?post=18249"},{"taxonomy":"product_tag","embeddable":true,"href":"https:\/\/www.vita.sk\/en\/wp-json\/wp\/v2\/product_tag?post=18249"}],"curies":[{"name":"wp","href":"https:\/\/api.w.org\/{rel}","templated":true}]}}