{"id":18404,"date":"2024-02-20T09:51:40","date_gmt":"2024-02-20T08:51:40","guid":{"rendered":"https:\/\/www.vita.sk\/?post_type=product&#038;p=18404"},"modified":"2026-04-18T22:18:43","modified_gmt":"2026-04-18T20:18:43","slug":"online-kurz-ikt-architekt","status":"publish","type":"product","link":"https:\/\/www.vita.sk\/en\/online-kurz-ikt-architekt\/","title":{"rendered":"Online kurz IKT Architekt"},"content":{"rendered":"<p>Online kurz IKT Architekt je pre v\u00e1s ide\u00e1lny, ak sa chcete nau\u010di\u0165 navrhova\u0165, analyzova\u0165 a modelova\u0165 komplexn\u00e9 IT syst\u00e9my a architekt\u00fary na profesion\u00e1lnej \u00farovni. <strong>Ide o akreditovan\u00fd a certifikovan\u00fd kurz na IKT Architekt<\/strong>. V tomto kurze sa nau\u010d\u00edte pracova\u0165 s n\u00e1strojom Enterprise Architect a efekt\u00edvne modelova\u0165 architekt\u00faru syst\u00e9mov vr\u00e1tane riadenia projektov a organiz\u00e1cie architektonick\u00fdch artefaktov. Z\u00edskate hlbok\u00e9 porozumenie IKT a enterprise architekt\u00fary, vr\u00e1tane rol\u00ed architekta a odpor\u00fa\u010dan\u00fdch best practices. Nau\u010d\u00edte sa princ\u00edpy viacvrstvovej architekt\u00fary, pracova\u0165 s jazykom ArchiMate a frameworkom TOGAF, vr\u00e1tane tvorby Vision Documentu a architektonick\u00fdch metamodelov. Osvoj\u00edte si anal\u00fdzu aktu\u00e1lneho stavu architekt\u00fary AS IS a n\u00e1vrh cie\u013eov\u00e9ho stavu TO BE vr\u00e1tane pr\u00e1ce s kompozitn\u00fdmi prvkami. Z\u00edskate znalosti projektov\u00e9ho mana\u017ementu v kontexte IT architekt\u00fary vr\u00e1tane riadenia riz\u00edk a pou\u017e\u00edvania RACI matice. Nau\u010d\u00edte sa pl\u00e1nova\u0165 a riadi\u0165 projekty v n\u00e1stroji Microsoft Project vr\u00e1tane pr\u00e1ce s Ganttov\u00fdmi diagramami, v\u00e4zbami medzi \u00falohami a kontroln\u00fdmi mechanizmami. Z\u00edskate preh\u013ead o v\u00fdvojov\u00fdch prostrediach a platforme Java, \u010do v\u00e1m umo\u017en\u00ed lep\u0161ie pochopi\u0165 technick\u00e9 aspekty architekt\u00fary. Nau\u010d\u00edte sa pracova\u0165 s datab\u00e1zov\u00fdmi syst\u00e9mami, jazykmi SQL a NoSQL, vr\u00e1tane spr\u00e1vy d\u00e1t, indexov a importu d\u00e1t. Osvoj\u00edte si UML modelovanie, n\u00e1vrh tried a syst\u00e9mov\u00e9 vz\u0165ahy a nau\u010d\u00edte sa pou\u017e\u00edva\u0165 n\u00e1stroje na modelovanie syst\u00e9mov. Zvl\u00e1dnete pokro\u010dil\u00e9 modelovanie podnikovej architekt\u00fary pomocou jazyka ArchiMate vr\u00e1tane r\u00f4znych h\u013ead\u00edsk a diagramov. Ak sa chcete skuto\u010dne nau\u010di\u0165 navrhova\u0165 IT architekt\u00faru a sta\u0165 sa IKT architektom, tak toto je ide\u00e1lny online kurz pre v\u00e1s.<\/p>\n","protected":false},"excerpt":{"rendered":"<p>Online kurz IKT Architekt v\u00e1s nau\u010d\u00ed navrhova\u0165 a modelova\u0165 IT architekt\u00faru, pracova\u0165 s n\u00e1strojmi ako Enterprise Architect, ArchiMate a TOGAF a efekt\u00edvne riadi\u0165 komplexn\u00e9 IT projekty.","protected":false},"author":4,"featured_media":18595,"comment_status":"open","ping_status":"closed","template":"","meta":{"_acf_changed":false},"product_brand":[],"product_cat":[498,99,73],"product_tag":[189,197,326,500],"class_list":{"0":"post-18404","1":"product","2":"type-product","3":"status-publish","4":"has-post-thumbnail","6":"product_cat-enterprise-architektura","7":"product_cat-online-kurzy-programovacie-jazyky","8":"product_cat-bez-kategorie","9":"product_tag-programovacie-jazyky","10":"product_tag-baliky-kurzov-a-predplatne","11":"product_tag-enterprise-architect","12":"product_tag-enterprise-architektura","14":"first","15":"instock","16":"sale","17":"sold-individually","18":"taxable","19":"shipping-taxable","20":"purchasable","21":"product-type-simple"},"yoast_head":"<!-- This site is optimized with the Yoast SEO Premium plugin v25.0 (Yoast SEO v25.0) - https:\/\/yoast.com\/wordpress\/plugins\/seo\/ -->\n<title>Online kurz IKT Architekt 2026 | VITA<\/title>\n<meta name=\"description\" content=\"Online kurz IKT Architekt je pre v\u00e1s ide\u00e1lny, ak chcete sta\u0165 dobr\u00fdm IKT Architektom. Nau\u010d\u00edte sa navrhova\u0165 a spravova\u0165 podnikov\u00fa architekt\u00faru. \u2705\" \/>\n<meta name=\"robots\" content=\"index, follow, max-snippet:-1, max-image-preview:large, max-video-preview:-1\" \/>\n<link rel=\"canonical\" href=\"https:\/\/www.vita.sk\/online-kurz-ikt-architekt\/\" \/>\n<meta property=\"og:locale\" content=\"en_US\" \/>\n<meta property=\"og:type\" content=\"article\" \/>\n<meta property=\"og:title\" content=\"Online kurz IKT Architekt\" \/>\n<meta property=\"og:description\" content=\"Online kurz IKT Architekt je pre v\u00e1s ide\u00e1lny, ak chcete sta\u0165 dobr\u00fdm IKT Architektom. Nau\u010d\u00edte sa navrhova\u0165 a spravova\u0165 podnikov\u00fa architekt\u00faru. \u2705\" \/>\n<meta property=\"og:url\" content=\"https:\/\/www.vita.sk\/online-kurz-ikt-architekt\/\" \/>\n<meta property=\"og:site_name\" content=\"VITA\" \/>\n<meta property=\"article:publisher\" content=\"https:\/\/www.facebook.com\/VitaAcademySK\" \/>\n<meta property=\"article:modified_time\" content=\"2026-04-18T20:18:43+00:00\" \/>\n<meta property=\"og:image\" content=\"https:\/\/www.vita.sk\/wp-content\/uploads\/2024\/02\/kurz-ikt-architekt-1.png\" \/>\n\t<meta property=\"og:image:width\" content=\"360\" \/>\n\t<meta property=\"og:image:height\" content=\"360\" \/>\n\t<meta property=\"og:image:type\" content=\"image\/png\" \/>\n<meta name=\"twitter:card\" content=\"summary_large_image\" \/>\n<meta name=\"twitter:label1\" content=\"Est. reading time\" \/>\n\t<meta name=\"twitter:data1\" content=\"2 minutes\" \/>\n<script type=\"application\/ld+json\" class=\"yoast-schema-graph\">{\n\t    \"@context\": \"https:\/\/schema.org\",\n\t    \"@graph\": [\n\t        {\n\t            \"@type\": \"WebPage\",\n\t            \"@id\": \"https:\/\/www.vita.sk\/online-kurz-ikt-architekt\/\",\n\t            \"url\": \"https:\/\/www.vita.sk\/online-kurz-ikt-architekt\/\",\n\t            \"name\": \"Online kurz IKT Architekt {Y} | VITA\",\n\t            \"isPartOf\": {\n\t                \"@id\": \"https:\/\/www.vita.sk\/#website\"\n\t            },\n\t            \"primaryImageOfPage\": {\n\t                \"@id\": \"https:\/\/www.vita.sk\/online-kurz-ikt-architekt\/#primaryimage\"\n\t            },\n\t            \"image\": {\n\t                \"@id\": \"https:\/\/www.vita.sk\/online-kurz-ikt-architekt\/#primaryimage\"\n\t            },\n\t            \"thumbnailUrl\": \"https:\/\/www.vita.sk\/wp-content\/uploads\/2024\/02\/kurz-ikt-architekt-1.png\",\n\t            \"datePublished\": \"2024-02-20T08:51:40+00:00\",\n\t            \"dateModified\": \"2026-04-18T20:18:43+00:00\",\n\t            \"description\": \"Online kurz IKT Architekt je pre v\u00e1s ide\u00e1lny, ak chcete sta\u0165 dobr\u00fdm IKT Architektom. Nau\u010d\u00edte sa navrhova\u0165 a spravova\u0165 podnikov\u00fa architekt\u00faru. \u2705\",\n\t            \"breadcrumb\": {\n\t                \"@id\": \"https:\/\/www.vita.sk\/online-kurz-ikt-architekt\/#breadcrumb\"\n\t            },\n\t            \"inLanguage\": \"en-US\",\n\t            \"potentialAction\": [\n\t                {\n\t                    \"@type\": \"ReadAction\",\n\t                    \"target\": [\n\t                        \"https:\/\/www.vita.sk\/online-kurz-ikt-architekt\/\"\n\t                    ]\n\t                }\n\t            ]\n\t        },\n\t        {\n\t            \"@type\": \"ImageObject\",\n\t            \"inLanguage\": \"en-US\",\n\t            \"@id\": \"https:\/\/www.vita.sk\/online-kurz-ikt-architekt\/#primaryimage\",\n\t            \"url\": \"https:\/\/www.vita.sk\/wp-content\/uploads\/2024\/02\/kurz-ikt-architekt-1.png\",\n\t            \"contentUrl\": \"https:\/\/www.vita.sk\/wp-content\/uploads\/2024\/02\/kurz-ikt-architekt-1.png\",\n\t            \"width\": 360,\n\t            \"height\": 360,\n\t            \"caption\": \"Kurz IKT Architekt\"\n\t        },\n\t        {\n\t            \"@type\": \"BreadcrumbList\",\n\t            \"@id\": \"https:\/\/www.vita.sk\/online-kurz-ikt-architekt\/#breadcrumb\",\n\t            \"itemListElement\": [\n\t                {\n\t                    \"@type\": \"ListItem\",\n\t                    \"position\": 1,\n\t                    \"name\": \"VITA Academy\",\n\t                    \"item\": \"https:\/\/www.vita.sk\/en\/\"\n\t                },\n\t                {\n\t                    \"@type\": \"ListItem\",\n\t                    \"position\": 2,\n\t                    \"name\": \"Shop\",\n\t                    \"item\": \"https:\/\/www.vita.sk\/shop\/\"\n\t                },\n\t                {\n\t                    \"@type\": \"ListItem\",\n\t                    \"position\": 3,\n\t                    \"name\": \"Programovacie Jazyky\",\n\t                    \"item\": \"https:\/\/www.vita.sk\/online-kurzy-programovacie-jazyky\/\"\n\t                },\n\t                {\n\t                    \"@type\": \"ListItem\",\n\t                    \"position\": 4,\n\t                    \"name\": \"Enterprise Architekt\u00fara\",\n\t                    \"item\": \"https:\/\/www.vita.sk\/enterprise-architektura\/\"\n\t                },\n\t                {\n\t                    \"@type\": \"ListItem\",\n\t                    \"position\": 5,\n\t                    \"name\": \"Online kurz IKT Architekt\"\n\t                }\n\t            ]\n\t        },\n\t        {\n\t            \"@type\": \"WebSite\",\n\t            \"@id\": \"https:\/\/www.vita.sk\/#website\",\n\t            \"url\": \"https:\/\/www.vita.sk\/\",\n\t            \"name\": \"VITA\",\n\t            \"description\": \"\",\n\t            \"publisher\": {\n\t                \"@id\": \"https:\/\/www.vita.sk\/#organization\"\n\t            },\n\t            \"potentialAction\": [\n\t                {\n\t                    \"@type\": \"SearchAction\",\n\t                    \"target\": {\n\t                        \"@type\": \"EntryPoint\",\n\t                        \"urlTemplate\": \"https:\/\/www.vita.sk\/?s={search_term_string}\"\n\t                    },\n\t                    \"query-input\": {\n\t                        \"@type\": \"PropertyValueSpecification\",\n\t                        \"valueRequired\": true,\n\t                        \"valueName\": \"search_term_string\"\n\t                    }\n\t                }\n\t            ],\n\t            \"inLanguage\": \"en-US\"\n\t        },\n\t        {\n\t            \"email\": \"admin@vita.sk\",\n\t            \"logo\": \"https:\/\/www.vita.sk\/img\/vita_logo.png \",\n\t            \"address\": {\n\t                \"type\": \"PostalAddress\",\n\t                \"streetAddress\": \"Tom\u00e1\u0161ikova 50\/A\",\n\t                \"addressLocality\": \"Bratislava\",\n\t                \"postalCode\": \"83104\",\n\t                \"addressCountry\": {\n\t                    \"name\": \"SK\",\n\t                    \"type\": \"Country\"\n\t                }\n\t            },\n\t            \"contactPoint\": {\n\t                \"type\": \"ContactPoint\",\n\t                \"telephone\": \"+421 907 375\u00a0543\",\n\t                \"Email\": \"admin@vita.sk\",\n\t                \"contactType\": \"customer service\"\n\t            },\n\t            \"sameAs\": [\n\t                \"https:\/\/www.facebook.com\/VitaAcademySK\/\",\n\t                \"https:\/\/www.linkedin.com\/company\/vita-academy\/\"\n\t            ]\n\t        }\n\t    ]\n\t}<\/script>\n<!-- \/ Yoast SEO Premium plugin. -->","yoast_head_json":{"title":"Online kurz IKT Architekt 2026 | VITA","description":"Online kurz IKT Architekt je pre v\u00e1s ide\u00e1lny, ak chcete sta\u0165 dobr\u00fdm IKT Architektom. Nau\u010d\u00edte sa navrhova\u0165 a spravova\u0165 podnikov\u00fa architekt\u00faru. \u2705","robots":{"index":"index","follow":"follow","max-snippet":"max-snippet:-1","max-image-preview":"max-image-preview:large","max-video-preview":"max-video-preview:-1"},"canonical":"https:\/\/www.vita.sk\/online-kurz-ikt-architekt\/","og_locale":"en_US","og_type":"article","og_title":"Online kurz IKT Architekt","og_description":"Online kurz IKT Architekt je pre v\u00e1s ide\u00e1lny, ak chcete sta\u0165 dobr\u00fdm IKT Architektom. Nau\u010d\u00edte sa navrhova\u0165 a spravova\u0165 podnikov\u00fa architekt\u00faru. \u2705","og_url":"https:\/\/www.vita.sk\/online-kurz-ikt-architekt\/","og_site_name":"VITA","article_publisher":"https:\/\/www.facebook.com\/VitaAcademySK","article_modified_time":"2026-04-18T20:18:43+00:00","og_image":[{"width":360,"height":360,"url":"https:\/\/www.vita.sk\/wp-content\/uploads\/2024\/02\/kurz-ikt-architekt-1.png","type":"image\/png"}],"twitter_card":"summary_large_image","twitter_misc":{"Est. reading time":"2 minutes"},"schema":{"@context":"https:\/\/schema.org","@graph":[{"@type":"WebPage","@id":"https:\/\/www.vita.sk\/online-kurz-ikt-architekt\/","url":"https:\/\/www.vita.sk\/online-kurz-ikt-architekt\/","name":"Online kurz IKT Architekt {Y} | VITA","isPartOf":{"@id":"https:\/\/www.vita.sk\/#website"},"primaryImageOfPage":{"@id":"https:\/\/www.vita.sk\/online-kurz-ikt-architekt\/#primaryimage"},"image":{"@id":"https:\/\/www.vita.sk\/online-kurz-ikt-architekt\/#primaryimage"},"thumbnailUrl":"https:\/\/www.vita.sk\/wp-content\/uploads\/2024\/02\/kurz-ikt-architekt-1.png","datePublished":"2024-02-20T08:51:40+00:00","dateModified":"2026-04-18T20:18:43+00:00","description":"Online kurz IKT Architekt je pre v\u00e1s ide\u00e1lny, ak chcete sta\u0165 dobr\u00fdm IKT Architektom. Nau\u010d\u00edte sa navrhova\u0165 a spravova\u0165 podnikov\u00fa architekt\u00faru. \u2705","breadcrumb":{"@id":"https:\/\/www.vita.sk\/online-kurz-ikt-architekt\/#breadcrumb"},"inLanguage":"en-US","potentialAction":[{"@type":"ReadAction","target":["https:\/\/www.vita.sk\/online-kurz-ikt-architekt\/"]}]},{"@type":"ImageObject","inLanguage":"en-US","@id":"https:\/\/www.vita.sk\/online-kurz-ikt-architekt\/#primaryimage","url":"https:\/\/www.vita.sk\/wp-content\/uploads\/2024\/02\/kurz-ikt-architekt-1.png","contentUrl":"https:\/\/www.vita.sk\/wp-content\/uploads\/2024\/02\/kurz-ikt-architekt-1.png","width":360,"height":360,"caption":"Kurz IKT Architekt"},{"@type":"BreadcrumbList","@id":"https:\/\/www.vita.sk\/online-kurz-ikt-architekt\/#breadcrumb","itemListElement":[{"@type":"ListItem","position":1,"name":"VITA Academy","item":"https:\/\/www.vita.sk\/en\/"},{"@type":"ListItem","position":2,"name":"Shop","item":"https:\/\/www.vita.sk\/shop\/"},{"@type":"ListItem","position":3,"name":"Programovacie Jazyky","item":"https:\/\/www.vita.sk\/online-kurzy-programovacie-jazyky\/"},{"@type":"ListItem","position":4,"name":"Enterprise Architekt\u00fara","item":"https:\/\/www.vita.sk\/enterprise-architektura\/"},{"@type":"ListItem","position":5,"name":"Online kurz IKT Architekt"}]},{"@type":"WebSite","@id":"https:\/\/www.vita.sk\/#website","url":"https:\/\/www.vita.sk\/","name":"VITA","description":"","publisher":{"@id":"https:\/\/www.vita.sk\/#organization"},"potentialAction":[{"@type":"SearchAction","target":{"@type":"EntryPoint","urlTemplate":"https:\/\/www.vita.sk\/?s={search_term_string}"},"query-input":{"@type":"PropertyValueSpecification","valueRequired":true,"valueName":"search_term_string"}}],"inLanguage":"en-US"},{"email":"admin@vita.sk","logo":"https:\/\/www.vita.sk\/img\/vita_logo.png ","address":{"type":"PostalAddress","streetAddress":"Tom\u00e1\u0161ikova 50\/A","addressLocality":"Bratislava","postalCode":"83104","addressCountry":{"name":"SK","type":"Country"}},"contactPoint":{"type":"ContactPoint","telephone":"+421 907 375\u00a0543","Email":"admin@vita.sk","contactType":"customer service"},"sameAs":["https:\/\/www.facebook.com\/VitaAcademySK\/","https:\/\/www.linkedin.com\/company\/vita-academy\/"]}]}},"acf":[],"_links":{"self":[{"href":"https:\/\/www.vita.sk\/en\/wp-json\/wp\/v2\/product\/18404","targetHints":{"allow":["GET"]}}],"collection":[{"href":"https:\/\/www.vita.sk\/en\/wp-json\/wp\/v2\/product"}],"about":[{"href":"https:\/\/www.vita.sk\/en\/wp-json\/wp\/v2\/types\/product"}],"author":[{"embeddable":true,"href":"https:\/\/www.vita.sk\/en\/wp-json\/wp\/v2\/users\/4"}],"replies":[{"embeddable":true,"href":"https:\/\/www.vita.sk\/en\/wp-json\/wp\/v2\/comments?post=18404"}],"wp:featuredmedia":[{"embeddable":true,"href":"https:\/\/www.vita.sk\/en\/wp-json\/wp\/v2\/media\/18595"}],"wp:attachment":[{"href":"https:\/\/www.vita.sk\/en\/wp-json\/wp\/v2\/media?parent=18404"}],"wp:term":[{"taxonomy":"product_brand","embeddable":true,"href":"https:\/\/www.vita.sk\/en\/wp-json\/wp\/v2\/product_brand?post=18404"},{"taxonomy":"product_cat","embeddable":true,"href":"https:\/\/www.vita.sk\/en\/wp-json\/wp\/v2\/product_cat?post=18404"},{"taxonomy":"product_tag","embeddable":true,"href":"https:\/\/www.vita.sk\/en\/wp-json\/wp\/v2\/product_tag?post=18404"}],"curies":[{"name":"wp","href":"https:\/\/api.w.org\/{rel}","templated":true}]}}