{"id":18418,"date":"2024-02-20T12:47:47","date_gmt":"2024-02-20T11:47:47","guid":{"rendered":"https:\/\/www.vita.sk\/?post_type=product&#038;p=18418"},"modified":"2024-10-13T18:13:27","modified_gmt":"2024-10-13T16:13:27","slug":"online-kurz-docker-ii-mierne-pokrocily","status":"publish","type":"product","link":"https:\/\/www.vita.sk\/en\/online-kurz-docker-ii-mierne-pokrocily\/","title":{"rendered":"Online kurz Docker II. Mierne Pokro\u010dil\u00fd"},"content":{"rendered":"<p>Online kurz Docker II. Mierne Pokro\u010dil\u00fd je pre v\u00e1s vhodn\u00fd, ak chcete rozv\u00edja\u0165 svoje znalosti a zru\u010dnosti v oblasti Docker. <strong>Ide o jedin\u00fd akreditovan\u00fd a certifikovan\u00fd kurz na Docker na Slovensku. <\/strong>Na kurze si osvoj\u00edte pokro\u010dil\u00e9 techniky pou\u017e\u00edvania kontajnerov. V priebehu kurzu si predstav\u00edme k\u013e\u00fa\u010dov\u00e9 technol\u00f3gie a DevOps architekt\u00faru. Spolo\u010dne si prejdeme procesom in\u0161tal\u00e1cie Docker Studio a technol\u00f3gi\u00ed potrebn\u00fdch na prihl\u00e1senie do SAPu. Pozrieme sa na konfigur\u00e1ciu sie\u0165ov\u00fdch portov a spr\u00e1vu logov. Uk\u00e1\u017eeme v\u00e1m ako efekt\u00edvne spravova\u0165 webov\u00e9 aplik\u00e1cie pomocou webov\u00e9ho servera Nginx v Docker. Praktick\u00e9 cvi\u010denia a \u00falohy v\u00e1m umo\u017enia aplikova\u0165 nov\u00e9 znalosti. Ak sa chcete skuto\u010dne nau\u010di\u0165 pou\u017e\u00edva\u0165 Docker, tak toto je ide\u00e1lny online kurz pre v\u00e1s.<\/p>\n","protected":false},"excerpt":{"rendered":"<p>Online kurz Docker II. Mierne Pokro\u010dil\u00fd je pre v\u00e1s vhodn\u00fd, ak chcete rozv\u00edja\u0165 svoje znalosti a zru\u010dnosti v oblasti Docker. Ide o jedin\u00fd akreditovan\u00fd a certifikovan\u00fd kurz na Docker na Slovensku. Na kurze si osvoj\u00edte pokro\u010dil\u00e9 techniky pou\u017e\u00edvania kontajnerov. V priebehu kurzu si predstav\u00edme k\u013e\u00fa\u010dov\u00e9 technol\u00f3gie a DevOps architekt\u00faru.","protected":false},"author":4,"featured_media":18426,"comment_status":"open","ping_status":"closed","template":"","meta":{"_acf_changed":false},"product_brand":[],"product_cat":[28,592,73],"product_tag":[186,197,522],"class_list":{"0":"post-18418","1":"product","2":"type-product","3":"status-publish","4":"has-post-thumbnail","6":"product_cat-online-kurzy-administracia-it-servery","7":"product_cat-docker","8":"product_cat-bez-kategorie","9":"product_tag-administracia-it","10":"product_tag-baliky-kurzov-a-predplatne","11":"product_tag-administracia","13":"first","14":"instock","15":"sale","16":"sold-individually","17":"taxable","18":"shipping-taxable","19":"purchasable","20":"product-type-simple"},"yoast_head":"<!-- This site is optimized with the Yoast SEO Premium plugin v25.0 (Yoast SEO v25.0) - https:\/\/yoast.com\/wordpress\/plugins\/seo\/ -->\n<title>Online kurz Docker II. Mierne Pokro\u010dil\u00fd  | VITA<\/title>\n<meta name=\"description\" content=\"Online kurz Docker II. Mierne Pokro\u010dil\u00fd je pre v\u00e1s vhodn\u00fd, ak chcete pribl\u00ed\u017ei\u0165 technol\u00f3gii Docker a nau\u010di\u0165 v\u00e1s ho vyu\u017e\u00edva\u0165. Online kurz Docker v\u00e1m pom\u00f4\u017ee napr\u00edklad pri buildech nebo automatickom testovan\u00ed. Umo\u017e\u0148uje aplik\u00e1ci\u00e1m be\u017ea\u0165 v izolovan\u00fdch prostrediach s maxim\u00e1lnym efektom a jednoduch\u00fdm procesom nasadenia.\" \/>\n<meta name=\"robots\" content=\"index, follow, max-snippet:-1, max-image-preview:large, max-video-preview:-1\" \/>\n<link rel=\"canonical\" href=\"https:\/\/www.vita.sk\/online-kurz-docker-ii-mierne-pokrocily\/\" \/>\n<meta property=\"og:locale\" content=\"en_US\" \/>\n<meta property=\"og:type\" content=\"article\" \/>\n<meta property=\"og:title\" content=\"Online kurz Docker II. Mierne Pokro\u010dil\u00fd\" \/>\n<meta property=\"og:description\" content=\"Online kurz Docker II. Mierne Pokro\u010dil\u00fd je pre v\u00e1s vhodn\u00fd, ak chcete pribl\u00ed\u017ei\u0165 technol\u00f3gii Docker a nau\u010di\u0165 v\u00e1s ho vyu\u017e\u00edva\u0165. Online kurz Docker v\u00e1m pom\u00f4\u017ee napr\u00edklad pri buildech nebo automatickom testovan\u00ed. Umo\u017e\u0148uje aplik\u00e1ci\u00e1m be\u017ea\u0165 v izolovan\u00fdch prostrediach s maxim\u00e1lnym efektom a jednoduch\u00fdm procesom nasadenia.\" \/>\n<meta property=\"og:url\" content=\"https:\/\/www.vita.sk\/online-kurz-docker-ii-mierne-pokrocily\/\" \/>\n<meta property=\"og:site_name\" content=\"VITA\" \/>\n<meta property=\"article:publisher\" content=\"https:\/\/www.facebook.com\/VitaAcademySK\" \/>\n<meta property=\"article:modified_time\" content=\"2024-10-13T16:13:27+00:00\" \/>\n<meta property=\"og:image\" content=\"https:\/\/www.vita.sk\/wp-content\/uploads\/2024\/02\/kurz_Docker-1.png\" \/>\n\t<meta property=\"og:image:width\" content=\"360\" \/>\n\t<meta property=\"og:image:height\" content=\"360\" \/>\n\t<meta property=\"og:image:type\" content=\"image\/png\" \/>\n<meta name=\"twitter:card\" content=\"summary_large_image\" \/>\n<meta name=\"twitter:label1\" content=\"Est. reading time\" \/>\n\t<meta name=\"twitter:data1\" content=\"1 minute\" \/>\n<script type=\"application\/ld+json\" class=\"yoast-schema-graph\">{\n\t    \"@context\": \"https:\/\/schema.org\",\n\t    \"@graph\": [\n\t        {\n\t            \"@type\": \"WebPage\",\n\t            \"@id\": \"https:\/\/www.vita.sk\/online-kurz-docker-ii-mierne-pokrocily\/\",\n\t            \"url\": \"https:\/\/www.vita.sk\/online-kurz-docker-ii-mierne-pokrocily\/\",\n\t            \"name\": \"Online kurz Docker II. Mierne Pokro\u010dil\u00fd 2024 | VITA\",\n\t            \"isPartOf\": {\n\t                \"@id\": \"https:\/\/www.vita.sk\/#website\"\n\t            },\n\t            \"primaryImageOfPage\": {\n\t                \"@id\": \"https:\/\/www.vita.sk\/online-kurz-docker-ii-mierne-pokrocily\/#primaryimage\"\n\t            },\n\t            \"image\": {\n\t                \"@id\": \"https:\/\/www.vita.sk\/online-kurz-docker-ii-mierne-pokrocily\/#primaryimage\"\n\t            },\n\t            \"thumbnailUrl\": \"https:\/\/www.vita.sk\/wp-content\/uploads\/2024\/02\/kurz_Docker-1.png\",\n\t            \"datePublished\": \"2024-02-20T11:47:47+00:00\",\n\t            \"dateModified\": \"2024-10-13T16:13:27+00:00\",\n\t            \"description\": \"Online kurz Docker II. Mierne Pokro\u010dil\u00fd je pre v\u00e1s vhodn\u00fd, ak chcete pribl\u00ed\u017ei\u0165 technol\u00f3gii Docker a nau\u010di\u0165 v\u00e1s ho vyu\u017e\u00edva\u0165. Online kurz Docker v\u00e1m pom\u00f4\u017ee napr\u00edklad pri buildech nebo automatickom testovan\u00ed. Umo\u017e\u0148uje aplik\u00e1ci\u00e1m be\u017ea\u0165 v izolovan\u00fdch prostrediach s maxim\u00e1lnym efektom a jednoduch\u00fdm procesom nasadenia.\",\n\t            \"breadcrumb\": {\n\t                \"@id\": \"https:\/\/www.vita.sk\/online-kurz-docker-ii-mierne-pokrocily\/#breadcrumb\"\n\t            },\n\t            \"inLanguage\": \"en-US\",\n\t            \"potentialAction\": [\n\t                {\n\t                    \"@type\": \"ReadAction\",\n\t                    \"target\": [\n\t                        \"https:\/\/www.vita.sk\/online-kurz-docker-ii-mierne-pokrocily\/\"\n\t                    ]\n\t                }\n\t            ]\n\t        },\n\t        {\n\t            \"@type\": \"ImageObject\",\n\t            \"inLanguage\": \"en-US\",\n\t            \"@id\": \"https:\/\/www.vita.sk\/online-kurz-docker-ii-mierne-pokrocily\/#primaryimage\",\n\t            \"url\": \"https:\/\/www.vita.sk\/wp-content\/uploads\/2024\/02\/kurz_Docker-1.png\",\n\t            \"contentUrl\": \"https:\/\/www.vita.sk\/wp-content\/uploads\/2024\/02\/kurz_Docker-1.png\",\n\t            \"width\": 360,\n\t            \"height\": 360,\n\t            \"caption\": \"Online kurz Docker\"\n\t        },\n\t        {\n\t            \"@type\": \"BreadcrumbList\",\n\t            \"@id\": \"https:\/\/www.vita.sk\/online-kurz-docker-ii-mierne-pokrocily\/#breadcrumb\",\n\t            \"itemListElement\": [\n\t                {\n\t                    \"@type\": \"ListItem\",\n\t                    \"position\": 1,\n\t                    \"name\": \"VITA Academy\",\n\t                    \"item\": \"https:\/\/www.vita.sk\/en\/\"\n\t                },\n\t                {\n\t                    \"@type\": \"ListItem\",\n\t                    \"position\": 2,\n\t                    \"name\": \"Shop\",\n\t                    \"item\": \"https:\/\/www.vita.sk\/shop\/\"\n\t                },\n\t                {\n\t                    \"@type\": \"ListItem\",\n\t                    \"position\": 3,\n\t                    \"name\": \"Administr\u00e1cia IT a Servery\",\n\t                    \"item\": \"https:\/\/www.vita.sk\/online-kurzy-administracia-it-servery\/\"\n\t                },\n\t                {\n\t                    \"@type\": \"ListItem\",\n\t                    \"position\": 4,\n\t                    \"name\": \"Docker\",\n\t                    \"item\": \"https:\/\/www.vita.sk\/docker\/\"\n\t                },\n\t                {\n\t                    \"@type\": \"ListItem\",\n\t                    \"position\": 5,\n\t                    \"name\": \"Online kurz Docker II. Mierne Pokro\u010dil\u00fd\"\n\t                }\n\t            ]\n\t        },\n\t        {\n\t            \"@type\": \"WebSite\",\n\t            \"@id\": \"https:\/\/www.vita.sk\/#website\",\n\t            \"url\": \"https:\/\/www.vita.sk\/\",\n\t            \"name\": \"VITA\",\n\t            \"description\": \"\",\n\t            \"publisher\": {\n\t                \"@id\": \"https:\/\/www.vita.sk\/#organization\"\n\t            },\n\t            \"potentialAction\": [\n\t                {\n\t                    \"@type\": \"SearchAction\",\n\t                    \"target\": {\n\t                        \"@type\": \"EntryPoint\",\n\t                        \"urlTemplate\": \"https:\/\/www.vita.sk\/?s={search_term_string}\"\n\t                    },\n\t                    \"query-input\": {\n\t                        \"@type\": \"PropertyValueSpecification\",\n\t                        \"valueRequired\": true,\n\t                        \"valueName\": \"search_term_string\"\n\t                    }\n\t                }\n\t            ],\n\t            \"inLanguage\": \"en-US\"\n\t        },\n\t        {\n\t            \"email\": \"admin@vita.sk\",\n\t            \"logo\": \"https:\/\/www.vita.sk\/img\/vita_logo.png \",\n\t            \"address\": {\n\t                \"type\": \"PostalAddress\",\n\t                \"streetAddress\": \"Tom\u00e1\u0161ikova 50\/A\",\n\t                \"addressLocality\": \"Bratislava\",\n\t                \"postalCode\": \"83104\",\n\t                \"addressCountry\": {\n\t                    \"name\": \"SK\",\n\t                    \"type\": \"Country\"\n\t                }\n\t            },\n\t            \"contactPoint\": {\n\t                \"type\": \"ContactPoint\",\n\t                \"telephone\": \"+421 907 375\u00a0543\",\n\t                \"Email\": \"admin@vita.sk\",\n\t                \"contactType\": \"customer service\"\n\t            },\n\t            \"sameAs\": [\n\t                \"https:\/\/www.facebook.com\/VitaAcademySK\/\",\n\t                \"https:\/\/www.linkedin.com\/company\/vita-academy\/\"\n\t            ]\n\t        }\n\t    ]\n\t}<\/script>\n<!-- \/ Yoast SEO Premium plugin. -->","yoast_head_json":{"title":"Online kurz Docker II. Mierne Pokro\u010dil\u00fd  | VITA","description":"Online kurz Docker II. Mierne Pokro\u010dil\u00fd je pre v\u00e1s vhodn\u00fd, ak chcete pribl\u00ed\u017ei\u0165 technol\u00f3gii Docker a nau\u010di\u0165 v\u00e1s ho vyu\u017e\u00edva\u0165. Online kurz Docker v\u00e1m pom\u00f4\u017ee napr\u00edklad pri buildech nebo automatickom testovan\u00ed. Umo\u017e\u0148uje aplik\u00e1ci\u00e1m be\u017ea\u0165 v izolovan\u00fdch prostrediach s maxim\u00e1lnym efektom a jednoduch\u00fdm procesom nasadenia.","robots":{"index":"index","follow":"follow","max-snippet":"max-snippet:-1","max-image-preview":"max-image-preview:large","max-video-preview":"max-video-preview:-1"},"canonical":"https:\/\/www.vita.sk\/online-kurz-docker-ii-mierne-pokrocily\/","og_locale":"en_US","og_type":"article","og_title":"Online kurz Docker II. Mierne Pokro\u010dil\u00fd","og_description":"Online kurz Docker II. Mierne Pokro\u010dil\u00fd je pre v\u00e1s vhodn\u00fd, ak chcete pribl\u00ed\u017ei\u0165 technol\u00f3gii Docker a nau\u010di\u0165 v\u00e1s ho vyu\u017e\u00edva\u0165. Online kurz Docker v\u00e1m pom\u00f4\u017ee napr\u00edklad pri buildech nebo automatickom testovan\u00ed. Umo\u017e\u0148uje aplik\u00e1ci\u00e1m be\u017ea\u0165 v izolovan\u00fdch prostrediach s maxim\u00e1lnym efektom a jednoduch\u00fdm procesom nasadenia.","og_url":"https:\/\/www.vita.sk\/online-kurz-docker-ii-mierne-pokrocily\/","og_site_name":"VITA","article_publisher":"https:\/\/www.facebook.com\/VitaAcademySK","article_modified_time":"2024-10-13T16:13:27+00:00","og_image":[{"width":360,"height":360,"url":"https:\/\/www.vita.sk\/wp-content\/uploads\/2024\/02\/kurz_Docker-1.png","type":"image\/png"}],"twitter_card":"summary_large_image","twitter_misc":{"Est. reading time":"1 minute"},"schema":{"@context":"https:\/\/schema.org","@graph":[{"@type":"WebPage","@id":"https:\/\/www.vita.sk\/online-kurz-docker-ii-mierne-pokrocily\/","url":"https:\/\/www.vita.sk\/online-kurz-docker-ii-mierne-pokrocily\/","name":"Online kurz Docker II. Mierne Pokro\u010dil\u00fd 2024 | VITA","isPartOf":{"@id":"https:\/\/www.vita.sk\/#website"},"primaryImageOfPage":{"@id":"https:\/\/www.vita.sk\/online-kurz-docker-ii-mierne-pokrocily\/#primaryimage"},"image":{"@id":"https:\/\/www.vita.sk\/online-kurz-docker-ii-mierne-pokrocily\/#primaryimage"},"thumbnailUrl":"https:\/\/www.vita.sk\/wp-content\/uploads\/2024\/02\/kurz_Docker-1.png","datePublished":"2024-02-20T11:47:47+00:00","dateModified":"2024-10-13T16:13:27+00:00","description":"Online kurz Docker II. Mierne Pokro\u010dil\u00fd je pre v\u00e1s vhodn\u00fd, ak chcete pribl\u00ed\u017ei\u0165 technol\u00f3gii Docker a nau\u010di\u0165 v\u00e1s ho vyu\u017e\u00edva\u0165. Online kurz Docker v\u00e1m pom\u00f4\u017ee napr\u00edklad pri buildech nebo automatickom testovan\u00ed. Umo\u017e\u0148uje aplik\u00e1ci\u00e1m be\u017ea\u0165 v izolovan\u00fdch prostrediach s maxim\u00e1lnym efektom a jednoduch\u00fdm procesom nasadenia.","breadcrumb":{"@id":"https:\/\/www.vita.sk\/online-kurz-docker-ii-mierne-pokrocily\/#breadcrumb"},"inLanguage":"en-US","potentialAction":[{"@type":"ReadAction","target":["https:\/\/www.vita.sk\/online-kurz-docker-ii-mierne-pokrocily\/"]}]},{"@type":"ImageObject","inLanguage":"en-US","@id":"https:\/\/www.vita.sk\/online-kurz-docker-ii-mierne-pokrocily\/#primaryimage","url":"https:\/\/www.vita.sk\/wp-content\/uploads\/2024\/02\/kurz_Docker-1.png","contentUrl":"https:\/\/www.vita.sk\/wp-content\/uploads\/2024\/02\/kurz_Docker-1.png","width":360,"height":360,"caption":"Online kurz Docker"},{"@type":"BreadcrumbList","@id":"https:\/\/www.vita.sk\/online-kurz-docker-ii-mierne-pokrocily\/#breadcrumb","itemListElement":[{"@type":"ListItem","position":1,"name":"VITA Academy","item":"https:\/\/www.vita.sk\/en\/"},{"@type":"ListItem","position":2,"name":"Shop","item":"https:\/\/www.vita.sk\/shop\/"},{"@type":"ListItem","position":3,"name":"Administr\u00e1cia IT a Servery","item":"https:\/\/www.vita.sk\/online-kurzy-administracia-it-servery\/"},{"@type":"ListItem","position":4,"name":"Docker","item":"https:\/\/www.vita.sk\/docker\/"},{"@type":"ListItem","position":5,"name":"Online kurz Docker II. Mierne Pokro\u010dil\u00fd"}]},{"@type":"WebSite","@id":"https:\/\/www.vita.sk\/#website","url":"https:\/\/www.vita.sk\/","name":"VITA","description":"","publisher":{"@id":"https:\/\/www.vita.sk\/#organization"},"potentialAction":[{"@type":"SearchAction","target":{"@type":"EntryPoint","urlTemplate":"https:\/\/www.vita.sk\/?s={search_term_string}"},"query-input":{"@type":"PropertyValueSpecification","valueRequired":true,"valueName":"search_term_string"}}],"inLanguage":"en-US"},{"email":"admin@vita.sk","logo":"https:\/\/www.vita.sk\/img\/vita_logo.png ","address":{"type":"PostalAddress","streetAddress":"Tom\u00e1\u0161ikova 50\/A","addressLocality":"Bratislava","postalCode":"83104","addressCountry":{"name":"SK","type":"Country"}},"contactPoint":{"type":"ContactPoint","telephone":"+421 907 375\u00a0543","Email":"admin@vita.sk","contactType":"customer service"},"sameAs":["https:\/\/www.facebook.com\/VitaAcademySK\/","https:\/\/www.linkedin.com\/company\/vita-academy\/"]}]}},"acf":[],"_links":{"self":[{"href":"https:\/\/www.vita.sk\/en\/wp-json\/wp\/v2\/product\/18418","targetHints":{"allow":["GET"]}}],"collection":[{"href":"https:\/\/www.vita.sk\/en\/wp-json\/wp\/v2\/product"}],"about":[{"href":"https:\/\/www.vita.sk\/en\/wp-json\/wp\/v2\/types\/product"}],"author":[{"embeddable":true,"href":"https:\/\/www.vita.sk\/en\/wp-json\/wp\/v2\/users\/4"}],"replies":[{"embeddable":true,"href":"https:\/\/www.vita.sk\/en\/wp-json\/wp\/v2\/comments?post=18418"}],"wp:featuredmedia":[{"embeddable":true,"href":"https:\/\/www.vita.sk\/en\/wp-json\/wp\/v2\/media\/18426"}],"wp:attachment":[{"href":"https:\/\/www.vita.sk\/en\/wp-json\/wp\/v2\/media?parent=18418"}],"wp:term":[{"taxonomy":"product_brand","embeddable":true,"href":"https:\/\/www.vita.sk\/en\/wp-json\/wp\/v2\/product_brand?post=18418"},{"taxonomy":"product_cat","embeddable":true,"href":"https:\/\/www.vita.sk\/en\/wp-json\/wp\/v2\/product_cat?post=18418"},{"taxonomy":"product_tag","embeddable":true,"href":"https:\/\/www.vita.sk\/en\/wp-json\/wp\/v2\/product_tag?post=18418"}],"curies":[{"name":"wp","href":"https:\/\/api.w.org\/{rel}","templated":true}]}}