{"id":18749,"date":"2024-03-06T11:52:06","date_gmt":"2024-03-06T10:52:06","guid":{"rendered":"https:\/\/www.vita.sk\/?post_type=product&#038;p=18749"},"modified":"2024-05-22T11:27:39","modified_gmt":"2024-05-22T09:27:39","slug":"online-kurz-google-adsense","status":"publish","type":"product","link":"https:\/\/www.vita.sk\/en\/online-kurz-google-adsense\/","title":{"rendered":"Online kurz Google AdSense"},"content":{"rendered":"<p>Online kurz Google AdSense je pre v\u00e1s ide\u00e1lny, ak sa chcete nau\u010di\u0165 ako spe\u0148a\u017ei\u0165 reklamy na str\u00e1nke alebo vide\u00e1 na YouTube. Nau\u010d\u00edme sa ako pou\u017e\u00edva\u0165 platformu Google AdSense na z\u00edskavanie pr\u00edjmov z online reklamy. Uk\u00e1\u017eeme si ako \u013eahko a r\u00fdchlo viete prepoji\u0165 svoj YouTube kan\u00e1l s AdSense. Povieme si \u010do je YouTube studio, ak\u00e9 s\u00fa jeho hlavn\u00e9 funkcie a pre\u010do s\u00fa k\u013e\u00fa\u010dov\u00e9 slov\u00e1 d\u00f4le\u017eit\u00e9. Nau\u010d\u00edte sa spe\u0148a\u017eova\u0165 svoje vide\u00e1 prostredn\u00edctvom YouTube studia a zar\u00e1ba\u0165 tak v\u010faka reklame. Ak sa chcete skuto\u010dne nau\u010di\u0165 pou\u017e\u00edva\u0165 Google AdSense, tak toto je ide\u00e1lny online kurz pre v\u00e1s.<\/p>\n","protected":false},"excerpt":{"rendered":"<p>Online kurz Google AdSense je pre v\u00e1s ide\u00e1lny, ak sa chcete nau\u010di\u0165 ako spe\u0148a\u017ei\u0165 reklamy na str\u00e1nke alebo vide\u00e1 na YouTube. Nau\u010d\u00edme sa ako pou\u017e\u00edva\u0165 platformu Google AdSense na z\u00edskavanie pr\u00edjmov z online reklamy. Uk\u00e1\u017eeme si ako \u013eahko a r\u00fdchlo viete prepoji\u0165 svoj YouTube kan\u00e1l s AdSense.","protected":false},"author":4,"featured_media":4547,"comment_status":"open","ping_status":"closed","template":"","meta":{"_acf_changed":false},"product_brand":[],"product_cat":[70,93,73,416,423],"product_tag":[183,197,424,439],"class_list":{"0":"post-18749","1":"product","2":"type-product","3":"status-publish","4":"has-post-thumbnail","6":"product_cat-online-kurzy-marketing-reklama-a-pravo","7":"product_cat-online-kurzy-google-ads-adwords","8":"product_cat-bez-kategorie","9":"product_cat-online-kurzy-marketingove-aplikacie","10":"product_cat-online-kurzy-youtube-marketing","11":"product_tag-marketing","12":"product_tag-baliky-kurzov-a-predplatne","13":"product_tag-youtube-marketing","14":"product_tag-marketingove-aplikacie","16":"first","17":"instock","18":"sale","19":"sold-individually","20":"taxable","21":"shipping-taxable","22":"purchasable","23":"product-type-simple"},"yoast_head":"<!-- This site is optimized with the Yoast SEO Premium plugin v25.0 (Yoast SEO v25.0) - https:\/\/yoast.com\/wordpress\/plugins\/seo\/ -->\n<title>Online kurz Google AdSense  | VITA<\/title>\n<meta name=\"description\" content=\"Online kurz Google AdSense je vhodn\u00fd pre v\u00e1s ak chcete spe\u0148a\u017ei\u0165 svoje vide\u00e1 na YouTube a zar\u00e1ba\u0165 tak v\u010faka reklame, potom si potrebujete prepoji\u0165 svoj YouTube kan\u00e1l s Google AdSense.\" \/>\n<meta name=\"robots\" content=\"index, follow, max-snippet:-1, max-image-preview:large, max-video-preview:-1\" \/>\n<link rel=\"canonical\" href=\"https:\/\/www.vita.sk\/online-kurz-google-adsense\/\" \/>\n<meta property=\"og:locale\" content=\"en_US\" \/>\n<meta property=\"og:type\" content=\"article\" \/>\n<meta property=\"og:title\" content=\"Online kurz Google AdSense\" \/>\n<meta property=\"og:description\" content=\"Online kurz Google AdSense je vhodn\u00fd pre v\u00e1s ak chcete spe\u0148a\u017ei\u0165 svoje vide\u00e1 na YouTube a zar\u00e1ba\u0165 tak v\u010faka reklame, potom si potrebujete prepoji\u0165 svoj YouTube kan\u00e1l s Google AdSense.\" \/>\n<meta property=\"og:url\" content=\"https:\/\/www.vita.sk\/online-kurz-google-adsense\/\" \/>\n<meta property=\"og:site_name\" content=\"VITA\" \/>\n<meta property=\"article:publisher\" content=\"https:\/\/www.facebook.com\/VitaAcademySK\" \/>\n<meta property=\"article:modified_time\" content=\"2024-05-22T09:27:39+00:00\" \/>\n<meta property=\"og:image\" content=\"https:\/\/www.vita.sk\/wp-content\/uploads\/2020\/11\/kurz-Google-AdSense.png\" \/>\n\t<meta property=\"og:image:width\" content=\"360\" \/>\n\t<meta property=\"og:image:height\" content=\"360\" \/>\n\t<meta property=\"og:image:type\" content=\"image\/png\" \/>\n<meta name=\"twitter:card\" content=\"summary_large_image\" \/>\n<meta name=\"twitter:label1\" content=\"Est. reading time\" \/>\n\t<meta name=\"twitter:data1\" content=\"1 minute\" \/>\n<script type=\"application\/ld+json\" class=\"yoast-schema-graph\">{\n\t    \"@context\": \"https:\/\/schema.org\",\n\t    \"@graph\": [\n\t        {\n\t            \"@type\": \"WebPage\",\n\t            \"@id\": \"https:\/\/www.vita.sk\/online-kurz-google-adsense\/\",\n\t            \"url\": \"https:\/\/www.vita.sk\/online-kurz-google-adsense\/\",\n\t            \"name\": \"Online kurz Google AdSense 2024 | VITA\",\n\t            \"isPartOf\": {\n\t                \"@id\": \"https:\/\/www.vita.sk\/#website\"\n\t            },\n\t            \"primaryImageOfPage\": {\n\t                \"@id\": \"https:\/\/www.vita.sk\/online-kurz-google-adsense\/#primaryimage\"\n\t            },\n\t            \"image\": {\n\t                \"@id\": \"https:\/\/www.vita.sk\/online-kurz-google-adsense\/#primaryimage\"\n\t            },\n\t            \"thumbnailUrl\": \"https:\/\/www.vita.sk\/wp-content\/uploads\/2020\/11\/kurz-Google-AdSense.png\",\n\t            \"datePublished\": \"2024-03-06T10:52:06+00:00\",\n\t            \"dateModified\": \"2024-05-22T09:27:39+00:00\",\n\t            \"description\": \"Online kurz Google AdSense je vhodn\u00fd pre v\u00e1s ak chcete spe\u0148a\u017ei\u0165 svoje vide\u00e1 na YouTube a zar\u00e1ba\u0165 tak v\u010faka reklame, potom si potrebujete prepoji\u0165 svoj YouTube kan\u00e1l s Google AdSense.\",\n\t            \"breadcrumb\": {\n\t                \"@id\": \"https:\/\/www.vita.sk\/online-kurz-google-adsense\/#breadcrumb\"\n\t            },\n\t            \"inLanguage\": \"en-US\",\n\t            \"potentialAction\": [\n\t                {\n\t                    \"@type\": \"ReadAction\",\n\t                    \"target\": [\n\t                        \"https:\/\/www.vita.sk\/online-kurz-google-adsense\/\"\n\t                    ]\n\t                }\n\t            ]\n\t        },\n\t        {\n\t            \"@type\": \"ImageObject\",\n\t            \"inLanguage\": \"en-US\",\n\t            \"@id\": \"https:\/\/www.vita.sk\/online-kurz-google-adsense\/#primaryimage\",\n\t            \"url\": \"https:\/\/www.vita.sk\/wp-content\/uploads\/2020\/11\/kurz-Google-AdSense.png\",\n\t            \"contentUrl\": \"https:\/\/www.vita.sk\/wp-content\/uploads\/2020\/11\/kurz-Google-AdSense.png\",\n\t            \"width\": 360,\n\t            \"height\": 360,\n\t            \"caption\": \"Online kurz Google AdSense\"\n\t        },\n\t        {\n\t            \"@type\": \"BreadcrumbList\",\n\t            \"@id\": \"https:\/\/www.vita.sk\/online-kurz-google-adsense\/#breadcrumb\",\n\t            \"itemListElement\": [\n\t                {\n\t                    \"@type\": \"ListItem\",\n\t                    \"position\": 1,\n\t                    \"name\": \"VITA Academy\",\n\t                    \"item\": \"https:\/\/www.vita.sk\/en\/\"\n\t                },\n\t                {\n\t                    \"@type\": \"ListItem\",\n\t                    \"position\": 2,\n\t                    \"name\": \"Shop\",\n\t                    \"item\": \"https:\/\/www.vita.sk\/shop\/\"\n\t                },\n\t                {\n\t                    \"@type\": \"ListItem\",\n\t                    \"position\": 3,\n\t                    \"name\": \"Marketing, Reklama a Pr\u00e1vo\",\n\t                    \"item\": \"https:\/\/www.vita.sk\/online-kurzy-marketing-reklama-a-pravo\/\"\n\t                },\n\t                {\n\t                    \"@type\": \"ListItem\",\n\t                    \"position\": 4,\n\t                    \"name\": \"YouTube Marketing\",\n\t                    \"item\": \"https:\/\/www.vita.sk\/online-kurzy-youtube-marketing\/\"\n\t                },\n\t                {\n\t                    \"@type\": \"ListItem\",\n\t                    \"position\": 5,\n\t                    \"name\": \"Online kurz Google AdSense\"\n\t                }\n\t            ]\n\t        },\n\t        {\n\t            \"@type\": \"WebSite\",\n\t            \"@id\": \"https:\/\/www.vita.sk\/#website\",\n\t            \"url\": \"https:\/\/www.vita.sk\/\",\n\t            \"name\": \"VITA\",\n\t            \"description\": \"\",\n\t            \"publisher\": {\n\t                \"@id\": \"https:\/\/www.vita.sk\/#organization\"\n\t            },\n\t            \"potentialAction\": [\n\t                {\n\t                    \"@type\": \"SearchAction\",\n\t                    \"target\": {\n\t                        \"@type\": \"EntryPoint\",\n\t                        \"urlTemplate\": \"https:\/\/www.vita.sk\/?s={search_term_string}\"\n\t                    },\n\t                    \"query-input\": {\n\t                        \"@type\": \"PropertyValueSpecification\",\n\t                        \"valueRequired\": true,\n\t                        \"valueName\": \"search_term_string\"\n\t                    }\n\t                }\n\t            ],\n\t            \"inLanguage\": \"en-US\"\n\t        },\n\t        {\n\t            \"email\": \"admin@vita.sk\",\n\t            \"logo\": \"https:\/\/www.vita.sk\/img\/vita_logo.png \",\n\t            \"address\": {\n\t                \"type\": \"PostalAddress\",\n\t                \"streetAddress\": \"Tom\u00e1\u0161ikova 50\/A\",\n\t                \"addressLocality\": \"Bratislava\",\n\t                \"postalCode\": \"83104\",\n\t                \"addressCountry\": {\n\t                    \"name\": \"SK\",\n\t                    \"type\": \"Country\"\n\t                }\n\t            },\n\t            \"contactPoint\": {\n\t                \"type\": \"ContactPoint\",\n\t                \"telephone\": \"+421 907 375\u00a0543\",\n\t                \"Email\": \"admin@vita.sk\",\n\t                \"contactType\": \"customer service\"\n\t            },\n\t            \"sameAs\": [\n\t                \"https:\/\/www.facebook.com\/VitaAcademySK\/\",\n\t                \"https:\/\/www.linkedin.com\/company\/vita-academy\/\"\n\t            ]\n\t        }\n\t    ]\n\t}<\/script>\n<!-- \/ Yoast SEO Premium plugin. -->","yoast_head_json":{"title":"Online kurz Google AdSense  | VITA","description":"Online kurz Google AdSense je vhodn\u00fd pre v\u00e1s ak chcete spe\u0148a\u017ei\u0165 svoje vide\u00e1 na YouTube a zar\u00e1ba\u0165 tak v\u010faka reklame, potom si potrebujete prepoji\u0165 svoj YouTube kan\u00e1l s Google AdSense.","robots":{"index":"index","follow":"follow","max-snippet":"max-snippet:-1","max-image-preview":"max-image-preview:large","max-video-preview":"max-video-preview:-1"},"canonical":"https:\/\/www.vita.sk\/online-kurz-google-adsense\/","og_locale":"en_US","og_type":"article","og_title":"Online kurz Google AdSense","og_description":"Online kurz Google AdSense je vhodn\u00fd pre v\u00e1s ak chcete spe\u0148a\u017ei\u0165 svoje vide\u00e1 na YouTube a zar\u00e1ba\u0165 tak v\u010faka reklame, potom si potrebujete prepoji\u0165 svoj YouTube kan\u00e1l s Google AdSense.","og_url":"https:\/\/www.vita.sk\/online-kurz-google-adsense\/","og_site_name":"VITA","article_publisher":"https:\/\/www.facebook.com\/VitaAcademySK","article_modified_time":"2024-05-22T09:27:39+00:00","og_image":[{"width":360,"height":360,"url":"https:\/\/www.vita.sk\/wp-content\/uploads\/2020\/11\/kurz-Google-AdSense.png","type":"image\/png"}],"twitter_card":"summary_large_image","twitter_misc":{"Est. reading time":"1 minute"},"schema":{"@context":"https:\/\/schema.org","@graph":[{"@type":"WebPage","@id":"https:\/\/www.vita.sk\/online-kurz-google-adsense\/","url":"https:\/\/www.vita.sk\/online-kurz-google-adsense\/","name":"Online kurz Google AdSense 2024 | VITA","isPartOf":{"@id":"https:\/\/www.vita.sk\/#website"},"primaryImageOfPage":{"@id":"https:\/\/www.vita.sk\/online-kurz-google-adsense\/#primaryimage"},"image":{"@id":"https:\/\/www.vita.sk\/online-kurz-google-adsense\/#primaryimage"},"thumbnailUrl":"https:\/\/www.vita.sk\/wp-content\/uploads\/2020\/11\/kurz-Google-AdSense.png","datePublished":"2024-03-06T10:52:06+00:00","dateModified":"2024-05-22T09:27:39+00:00","description":"Online kurz Google AdSense je vhodn\u00fd pre v\u00e1s ak chcete spe\u0148a\u017ei\u0165 svoje vide\u00e1 na YouTube a zar\u00e1ba\u0165 tak v\u010faka reklame, potom si potrebujete prepoji\u0165 svoj YouTube kan\u00e1l s Google AdSense.","breadcrumb":{"@id":"https:\/\/www.vita.sk\/online-kurz-google-adsense\/#breadcrumb"},"inLanguage":"en-US","potentialAction":[{"@type":"ReadAction","target":["https:\/\/www.vita.sk\/online-kurz-google-adsense\/"]}]},{"@type":"ImageObject","inLanguage":"en-US","@id":"https:\/\/www.vita.sk\/online-kurz-google-adsense\/#primaryimage","url":"https:\/\/www.vita.sk\/wp-content\/uploads\/2020\/11\/kurz-Google-AdSense.png","contentUrl":"https:\/\/www.vita.sk\/wp-content\/uploads\/2020\/11\/kurz-Google-AdSense.png","width":360,"height":360,"caption":"Online kurz Google AdSense"},{"@type":"BreadcrumbList","@id":"https:\/\/www.vita.sk\/online-kurz-google-adsense\/#breadcrumb","itemListElement":[{"@type":"ListItem","position":1,"name":"VITA Academy","item":"https:\/\/www.vita.sk\/en\/"},{"@type":"ListItem","position":2,"name":"Shop","item":"https:\/\/www.vita.sk\/shop\/"},{"@type":"ListItem","position":3,"name":"Marketing, Reklama a Pr\u00e1vo","item":"https:\/\/www.vita.sk\/online-kurzy-marketing-reklama-a-pravo\/"},{"@type":"ListItem","position":4,"name":"YouTube Marketing","item":"https:\/\/www.vita.sk\/online-kurzy-youtube-marketing\/"},{"@type":"ListItem","position":5,"name":"Online kurz Google AdSense"}]},{"@type":"WebSite","@id":"https:\/\/www.vita.sk\/#website","url":"https:\/\/www.vita.sk\/","name":"VITA","description":"","publisher":{"@id":"https:\/\/www.vita.sk\/#organization"},"potentialAction":[{"@type":"SearchAction","target":{"@type":"EntryPoint","urlTemplate":"https:\/\/www.vita.sk\/?s={search_term_string}"},"query-input":{"@type":"PropertyValueSpecification","valueRequired":true,"valueName":"search_term_string"}}],"inLanguage":"en-US"},{"email":"admin@vita.sk","logo":"https:\/\/www.vita.sk\/img\/vita_logo.png ","address":{"type":"PostalAddress","streetAddress":"Tom\u00e1\u0161ikova 50\/A","addressLocality":"Bratislava","postalCode":"83104","addressCountry":{"name":"SK","type":"Country"}},"contactPoint":{"type":"ContactPoint","telephone":"+421 907 375\u00a0543","Email":"admin@vita.sk","contactType":"customer service"},"sameAs":["https:\/\/www.facebook.com\/VitaAcademySK\/","https:\/\/www.linkedin.com\/company\/vita-academy\/"]}]}},"acf":[],"_links":{"self":[{"href":"https:\/\/www.vita.sk\/en\/wp-json\/wp\/v2\/product\/18749","targetHints":{"allow":["GET"]}}],"collection":[{"href":"https:\/\/www.vita.sk\/en\/wp-json\/wp\/v2\/product"}],"about":[{"href":"https:\/\/www.vita.sk\/en\/wp-json\/wp\/v2\/types\/product"}],"author":[{"embeddable":true,"href":"https:\/\/www.vita.sk\/en\/wp-json\/wp\/v2\/users\/4"}],"replies":[{"embeddable":true,"href":"https:\/\/www.vita.sk\/en\/wp-json\/wp\/v2\/comments?post=18749"}],"wp:featuredmedia":[{"embeddable":true,"href":"https:\/\/www.vita.sk\/en\/wp-json\/wp\/v2\/media\/4547"}],"wp:attachment":[{"href":"https:\/\/www.vita.sk\/en\/wp-json\/wp\/v2\/media?parent=18749"}],"wp:term":[{"taxonomy":"product_brand","embeddable":true,"href":"https:\/\/www.vita.sk\/en\/wp-json\/wp\/v2\/product_brand?post=18749"},{"taxonomy":"product_cat","embeddable":true,"href":"https:\/\/www.vita.sk\/en\/wp-json\/wp\/v2\/product_cat?post=18749"},{"taxonomy":"product_tag","embeddable":true,"href":"https:\/\/www.vita.sk\/en\/wp-json\/wp\/v2\/product_tag?post=18749"}],"curies":[{"name":"wp","href":"https:\/\/api.w.org\/{rel}","templated":true}]}}