{"id":18782,"date":"2024-03-08T10:09:36","date_gmt":"2024-03-08T09:09:36","guid":{"rendered":"https:\/\/www.vita.sk\/?post_type=product&#038;p=18782"},"modified":"2026-04-22T10:58:22","modified_gmt":"2026-04-22T08:58:22","slug":"online-kurz-chatgpt-ai","status":"publish","type":"product","link":"https:\/\/www.vita.sk\/en\/online-kurz-chatgpt-ai\/","title":{"rendered":"Online kurz ChatGPT a DALL-E AI I. Za\u010diato\u010dn\u00edk"},"content":{"rendered":"<p>Online kurz ChatGPT a DALL\u00b7E AI I. Za\u010diato\u010dn\u00edk je pre v\u00e1s ide\u00e1lny, ak sa chcete nau\u010di\u0165 efekt\u00edvne pou\u017e\u00edva\u0165 n\u00e1stroje generat\u00edvnej umelej inteligencie na tvorbu textu, anal\u00fdzu inform\u00e1ci\u00ed a generovanie grafiky pomocou modern\u00fdch AI technol\u00f3gi\u00ed. <strong>Ide o akreditovan\u00fd a certifikovan\u00fd kurz na ChatGPT a DALL\u00b7E AI<\/strong>. V tomto kurze sa nau\u010d\u00edte pracova\u0165 s n\u00e1strojom ChatGPT od registr\u00e1cie a prv\u00e9ho prihl\u00e1senia a\u017e po praktick\u00e9 pou\u017e\u00edvanie pri rie\u0161en\u00ed r\u00f4znych \u00faloh. Pochop\u00edte, ako funguj\u00fa jazykov\u00e9 modely umelej inteligencie, ak\u00fdm sp\u00f4sobom spracov\u00e1vaj\u00fa text a ak\u00e9 technick\u00e9 obmedzenia maj\u00fa vstupy a v\u00fdstupy vr\u00e1tane princ\u00edpu tokeniz\u00e1cie. Nau\u010d\u00edte sa orientova\u0165 v pou\u017e\u00edvate\u013eskom rozhran\u00ed, nastavova\u0165 konfigur\u00e1ciu a prisp\u00f4sobova\u0165 prostredie pod\u013ea vlastn\u00fdch potrieb. D\u00f4le\u017eitou s\u00fa\u010das\u0165ou kurzu je tvorba efekt\u00edvnych AI dopytov pomocou techniky prompt engineering, ktor\u00e1 umo\u017e\u0148uje presnej\u0161ie riadi\u0165 generovan\u00fd obsah. Nau\u010d\u00edte sa vytv\u00e1ra\u0165 \u0161trukt\u00farovan\u00e9 prompty pomocou r\u00f4znych frameworkov a pochop\u00edte, ako formulova\u0165 zadania tak, aby AI generovala kvalitn\u00e9 a pou\u017eite\u013en\u00e9 v\u00fdsledky. Osvoj\u00edte si aj pr\u00e1cu s Tone of Voice pri generovan\u00ed textov a nau\u010d\u00edte sa prisp\u00f4sobova\u0165 \u0161t\u00fdl komunik\u00e1cie pod\u013ea konkr\u00e9tneho \u00fa\u010delu alebo cie\u013eovej skupiny. Kurz sa venuje aj roz\u0161irovaniu mo\u017enost\u00ed ChatGPT pomocou doplnkov, roz\u0161\u00edren\u00ed a r\u00f4znych digit\u00e1lnych AI asistentov, ktor\u00e9 umo\u017e\u0148uj\u00fa prepojenie umelej inteligencie s \u010fal\u0161\u00edmi n\u00e1strojmi a slu\u017ebami. Nau\u010d\u00edte sa generova\u0165 obr\u00e1zky a grafiku pomocou n\u00e1stroja DALL\u00b7E a pochop\u00edte princ\u00edpy tvorby vizu\u00e1lneho obsahu pomocou umelej inteligencie. Z\u00edskate preh\u013ead o tom, ako mo\u017eno AI generovan\u00fa grafiku \u010falej upravova\u0165 a spracov\u00e1va\u0165 v grafick\u00fdch n\u00e1strojoch ako Adobe Photoshop alebo Krita. S\u00fa\u010das\u0165ou kurzu je aj orient\u00e1cia v pr\u00e1vnych a legislat\u00edvnych aspektoch pou\u017e\u00edvania umelej inteligencie, vr\u00e1tane pravidiel pou\u017e\u00edvania AI n\u00e1strojov a obsahu generovan\u00e9ho AI. Po absolvovan\u00ed kurzu budete schopn\u00ed efekt\u00edvne vyu\u017e\u00edva\u0165 n\u00e1stroje generat\u00edvnej umelej inteligencie pri tvorbe textov, anal\u00fdze inform\u00e1ci\u00ed, generovan\u00ed grafiky a automatiz\u00e1cii r\u00f4znych digit\u00e1lnych \u00faloh. Ak sa chcete skuto\u010dne nau\u010di\u0165 pracova\u0165 s generat\u00edvnou AI a sta\u0165 sa pou\u017e\u00edvate\u013eom schopn\u00fdm efekt\u00edvne vyu\u017e\u00edva\u0165 n\u00e1stroje ChatGPT a DALL\u00b7E, tak toto je ide\u00e1lny vstupn\u00fd online kurz pre v\u00e1s.<\/p>\n","protected":false},"excerpt":{"rendered":"<p>Online kurz ChatGPT a DALL\u00b7E AI I. Za\u010diato\u010dn\u00edk v\u00e1s nau\u010d\u00ed efekt\u00edvne pou\u017e\u00edva\u0165 generat\u00edvnu umel\u00fa inteligenciu na tvorbu textov, tvorbu promptov, generovanie obr\u00e1zkov a automatiz\u00e1ciu digit\u00e1lnych \u00faloh.","protected":false},"author":4,"featured_media":17463,"comment_status":"open","ping_status":"closed","template":"","meta":{"_acf_changed":false},"product_brand":[],"product_cat":[717,588,73],"product_tag":[197,589,609],"class_list":{"0":"post-18782","1":"product","2":"type-product","3":"status-publish","4":"has-post-thumbnail","6":"product_cat-online-kurzy-chagpt-dalle-sora","7":"product_cat-online-kurzy-umela-inteligencia-ai","8":"product_cat-bez-kategorie","9":"product_tag-baliky-kurzov-a-predplatne","10":"product_tag-umela-inteligencia","11":"product_tag-ai","13":"first","14":"instock","15":"sale","16":"sold-individually","17":"taxable","18":"shipping-taxable","19":"purchasable","20":"product-type-simple"},"yoast_head":"<!-- This site is optimized with the Yoast SEO Premium plugin v25.0 (Yoast SEO v25.0) - https:\/\/yoast.com\/wordpress\/plugins\/seo\/ -->\n<title>Online kurz ChatGPT a DALL-E AI I. Za\u010diato\u010dn\u00edk 2026 | VITA<\/title>\n<meta name=\"description\" content=\"V online kurze ChatGPT a DALL-E sa nau\u010d\u00edte, ako vyu\u017e\u00edva\u0165 umel\u00fa inteligenciu (AI) pre tvorbu textov a automatiz\u00e1ciu \u00faloh. \u2705\" \/>\n<meta name=\"robots\" content=\"index, follow, max-snippet:-1, max-image-preview:large, max-video-preview:-1\" \/>\n<link rel=\"canonical\" href=\"https:\/\/www.vita.sk\/online-kurz-chatgpt-ai\/\" \/>\n<meta property=\"og:locale\" content=\"en_US\" \/>\n<meta property=\"og:type\" content=\"article\" \/>\n<meta property=\"og:title\" content=\"Online kurz ChatGPT a DALL-E AI I. Za\u010diato\u010dn\u00edk\" \/>\n<meta property=\"og:description\" content=\"V online kurze ChatGPT a DALL-E sa nau\u010d\u00edte, ako vyu\u017e\u00edva\u0165 umel\u00fa inteligenciu (AI) pre tvorbu textov a automatiz\u00e1ciu \u00faloh. \u2705\" \/>\n<meta property=\"og:url\" content=\"https:\/\/www.vita.sk\/online-kurz-chatgpt-ai\/\" \/>\n<meta property=\"og:site_name\" content=\"VITA\" \/>\n<meta property=\"article:publisher\" content=\"https:\/\/www.facebook.com\/VitaAcademySK\" \/>\n<meta property=\"article:modified_time\" content=\"2026-04-22T08:58:22+00:00\" \/>\n<meta property=\"og:image\" content=\"https:\/\/www.vita.sk\/wp-content\/uploads\/2024\/01\/kurz-ChatGPT-2.png\" \/>\n\t<meta property=\"og:image:width\" content=\"360\" \/>\n\t<meta property=\"og:image:height\" content=\"360\" \/>\n\t<meta property=\"og:image:type\" content=\"image\/png\" \/>\n<meta name=\"twitter:card\" content=\"summary_large_image\" \/>\n<meta name=\"twitter:label1\" content=\"Est. reading time\" \/>\n\t<meta name=\"twitter:data1\" content=\"2 minutes\" \/>\n<script type=\"application\/ld+json\" class=\"yoast-schema-graph\">{\n\t    \"@context\": \"https:\/\/schema.org\",\n\t    \"@graph\": [\n\t        {\n\t            \"@type\": \"WebPage\",\n\t            \"@id\": \"https:\/\/www.vita.sk\/online-kurz-chatgpt-ai\/\",\n\t            \"url\": \"https:\/\/www.vita.sk\/online-kurz-chatgpt-ai\/\",\n\t            \"name\": \"Online kurz ChatGPT a DALL-E AI I. Za\u010diato\u010dn\u00edk {Y} | VITA\",\n\t            \"isPartOf\": {\n\t                \"@id\": \"https:\/\/www.vita.sk\/#website\"\n\t            },\n\t            \"primaryImageOfPage\": {\n\t                \"@id\": \"https:\/\/www.vita.sk\/online-kurz-chatgpt-ai\/#primaryimage\"\n\t            },\n\t            \"image\": {\n\t                \"@id\": \"https:\/\/www.vita.sk\/online-kurz-chatgpt-ai\/#primaryimage\"\n\t            },\n\t            \"thumbnailUrl\": \"https:\/\/www.vita.sk\/wp-content\/uploads\/2024\/01\/kurz-ChatGPT-2.png\",\n\t            \"datePublished\": \"2024-03-08T09:09:36+00:00\",\n\t            \"dateModified\": \"2026-04-22T08:58:22+00:00\",\n\t            \"description\": \"V online kurze ChatGPT a DALL-E sa nau\u010d\u00edte, ako vyu\u017e\u00edva\u0165 umel\u00fa inteligenciu (AI) pre tvorbu textov a automatiz\u00e1ciu \u00faloh. \u2705\",\n\t            \"breadcrumb\": {\n\t                \"@id\": \"https:\/\/www.vita.sk\/online-kurz-chatgpt-ai\/#breadcrumb\"\n\t            },\n\t            \"inLanguage\": \"en-US\",\n\t            \"potentialAction\": [\n\t                {\n\t                    \"@type\": \"ReadAction\",\n\t                    \"target\": [\n\t                        \"https:\/\/www.vita.sk\/online-kurz-chatgpt-ai\/\"\n\t                    ]\n\t                }\n\t            ]\n\t        },\n\t        {\n\t            \"@type\": \"ImageObject\",\n\t            \"inLanguage\": \"en-US\",\n\t            \"@id\": \"https:\/\/www.vita.sk\/online-kurz-chatgpt-ai\/#primaryimage\",\n\t            \"url\": \"https:\/\/www.vita.sk\/wp-content\/uploads\/2024\/01\/kurz-ChatGPT-2.png\",\n\t            \"contentUrl\": \"https:\/\/www.vita.sk\/wp-content\/uploads\/2024\/01\/kurz-ChatGPT-2.png\",\n\t            \"width\": 360,\n\t            \"height\": 360,\n\t            \"caption\": \"online kurz ChatGPT\"\n\t        },\n\t        {\n\t            \"@type\": \"BreadcrumbList\",\n\t            \"@id\": \"https:\/\/www.vita.sk\/online-kurz-chatgpt-ai\/#breadcrumb\",\n\t            \"itemListElement\": [\n\t                {\n\t                    \"@type\": \"ListItem\",\n\t                    \"position\": 1,\n\t                    \"name\": \"VITA Academy\",\n\t                    \"item\": \"https:\/\/www.vita.sk\/en\/\"\n\t                },\n\t                {\n\t                    \"@type\": \"ListItem\",\n\t                    \"position\": 2,\n\t                    \"name\": \"Shop\",\n\t                    \"item\": \"https:\/\/www.vita.sk\/shop\/\"\n\t                },\n\t                {\n\t                    \"@type\": \"ListItem\",\n\t                    \"position\": 3,\n\t                    \"name\": \"Umel\u00e1 Inteligencia AI\",\n\t                    \"item\": \"https:\/\/www.vita.sk\/online-kurzy-umela-inteligencia-ai\/\"\n\t                },\n\t                {\n\t                    \"@type\": \"ListItem\",\n\t                    \"position\": 4,\n\t                    \"name\": \"ChatGPT, DALL-E a SORA\",\n\t                    \"item\": \"https:\/\/www.vita.sk\/online-kurzy-chagpt-dalle-sora\/\"\n\t                },\n\t                {\n\t                    \"@type\": \"ListItem\",\n\t                    \"position\": 5,\n\t                    \"name\": \"Online kurz ChatGPT a DALL-E AI I. Za\u010diato\u010dn\u00edk\"\n\t                }\n\t            ]\n\t        },\n\t        {\n\t            \"@type\": \"WebSite\",\n\t            \"@id\": \"https:\/\/www.vita.sk\/#website\",\n\t            \"url\": \"https:\/\/www.vita.sk\/\",\n\t            \"name\": \"VITA\",\n\t            \"description\": \"\",\n\t            \"publisher\": {\n\t                \"@id\": \"https:\/\/www.vita.sk\/#organization\"\n\t            },\n\t            \"potentialAction\": [\n\t                {\n\t                    \"@type\": \"SearchAction\",\n\t                    \"target\": {\n\t                        \"@type\": \"EntryPoint\",\n\t                        \"urlTemplate\": \"https:\/\/www.vita.sk\/?s={search_term_string}\"\n\t                    },\n\t                    \"query-input\": {\n\t                        \"@type\": \"PropertyValueSpecification\",\n\t                        \"valueRequired\": true,\n\t                        \"valueName\": \"search_term_string\"\n\t                    }\n\t                }\n\t            ],\n\t            \"inLanguage\": \"en-US\"\n\t        },\n\t        {\n\t            \"email\": \"admin@vita.sk\",\n\t            \"logo\": \"https:\/\/www.vita.sk\/img\/vita_logo.png \",\n\t            \"address\": {\n\t                \"type\": \"PostalAddress\",\n\t                \"streetAddress\": \"Tom\u00e1\u0161ikova 50\/A\",\n\t                \"addressLocality\": \"Bratislava\",\n\t                \"postalCode\": \"83104\",\n\t                \"addressCountry\": {\n\t                    \"name\": \"SK\",\n\t                    \"type\": \"Country\"\n\t                }\n\t            },\n\t            \"contactPoint\": {\n\t                \"type\": \"ContactPoint\",\n\t                \"telephone\": \"+421 907 375\u00a0543\",\n\t                \"Email\": \"admin@vita.sk\",\n\t                \"contactType\": \"customer service\"\n\t            },\n\t            \"sameAs\": [\n\t                \"https:\/\/www.facebook.com\/VitaAcademySK\/\",\n\t                \"https:\/\/www.linkedin.com\/company\/vita-academy\/\"\n\t            ]\n\t        }\n\t    ]\n\t}<\/script>\n<!-- \/ Yoast SEO Premium plugin. -->","yoast_head_json":{"title":"Online kurz ChatGPT a DALL-E AI I. Za\u010diato\u010dn\u00edk 2026 | VITA","description":"V online kurze ChatGPT a DALL-E sa nau\u010d\u00edte, ako vyu\u017e\u00edva\u0165 umel\u00fa inteligenciu (AI) pre tvorbu textov a automatiz\u00e1ciu \u00faloh. \u2705","robots":{"index":"index","follow":"follow","max-snippet":"max-snippet:-1","max-image-preview":"max-image-preview:large","max-video-preview":"max-video-preview:-1"},"canonical":"https:\/\/www.vita.sk\/online-kurz-chatgpt-ai\/","og_locale":"en_US","og_type":"article","og_title":"Online kurz ChatGPT a DALL-E AI I. Za\u010diato\u010dn\u00edk","og_description":"V online kurze ChatGPT a DALL-E sa nau\u010d\u00edte, ako vyu\u017e\u00edva\u0165 umel\u00fa inteligenciu (AI) pre tvorbu textov a automatiz\u00e1ciu \u00faloh. \u2705","og_url":"https:\/\/www.vita.sk\/online-kurz-chatgpt-ai\/","og_site_name":"VITA","article_publisher":"https:\/\/www.facebook.com\/VitaAcademySK","article_modified_time":"2026-04-22T08:58:22+00:00","og_image":[{"width":360,"height":360,"url":"https:\/\/www.vita.sk\/wp-content\/uploads\/2024\/01\/kurz-ChatGPT-2.png","type":"image\/png"}],"twitter_card":"summary_large_image","twitter_misc":{"Est. reading time":"2 minutes"},"schema":{"@context":"https:\/\/schema.org","@graph":[{"@type":"WebPage","@id":"https:\/\/www.vita.sk\/online-kurz-chatgpt-ai\/","url":"https:\/\/www.vita.sk\/online-kurz-chatgpt-ai\/","name":"Online kurz ChatGPT a DALL-E AI I. Za\u010diato\u010dn\u00edk {Y} | VITA","isPartOf":{"@id":"https:\/\/www.vita.sk\/#website"},"primaryImageOfPage":{"@id":"https:\/\/www.vita.sk\/online-kurz-chatgpt-ai\/#primaryimage"},"image":{"@id":"https:\/\/www.vita.sk\/online-kurz-chatgpt-ai\/#primaryimage"},"thumbnailUrl":"https:\/\/www.vita.sk\/wp-content\/uploads\/2024\/01\/kurz-ChatGPT-2.png","datePublished":"2024-03-08T09:09:36+00:00","dateModified":"2026-04-22T08:58:22+00:00","description":"V online kurze ChatGPT a DALL-E sa nau\u010d\u00edte, ako vyu\u017e\u00edva\u0165 umel\u00fa inteligenciu (AI) pre tvorbu textov a automatiz\u00e1ciu \u00faloh. \u2705","breadcrumb":{"@id":"https:\/\/www.vita.sk\/online-kurz-chatgpt-ai\/#breadcrumb"},"inLanguage":"en-US","potentialAction":[{"@type":"ReadAction","target":["https:\/\/www.vita.sk\/online-kurz-chatgpt-ai\/"]}]},{"@type":"ImageObject","inLanguage":"en-US","@id":"https:\/\/www.vita.sk\/online-kurz-chatgpt-ai\/#primaryimage","url":"https:\/\/www.vita.sk\/wp-content\/uploads\/2024\/01\/kurz-ChatGPT-2.png","contentUrl":"https:\/\/www.vita.sk\/wp-content\/uploads\/2024\/01\/kurz-ChatGPT-2.png","width":360,"height":360,"caption":"online kurz ChatGPT"},{"@type":"BreadcrumbList","@id":"https:\/\/www.vita.sk\/online-kurz-chatgpt-ai\/#breadcrumb","itemListElement":[{"@type":"ListItem","position":1,"name":"VITA Academy","item":"https:\/\/www.vita.sk\/en\/"},{"@type":"ListItem","position":2,"name":"Shop","item":"https:\/\/www.vita.sk\/shop\/"},{"@type":"ListItem","position":3,"name":"Umel\u00e1 Inteligencia AI","item":"https:\/\/www.vita.sk\/online-kurzy-umela-inteligencia-ai\/"},{"@type":"ListItem","position":4,"name":"ChatGPT, DALL-E a SORA","item":"https:\/\/www.vita.sk\/online-kurzy-chagpt-dalle-sora\/"},{"@type":"ListItem","position":5,"name":"Online kurz ChatGPT a DALL-E AI I. Za\u010diato\u010dn\u00edk"}]},{"@type":"WebSite","@id":"https:\/\/www.vita.sk\/#website","url":"https:\/\/www.vita.sk\/","name":"VITA","description":"","publisher":{"@id":"https:\/\/www.vita.sk\/#organization"},"potentialAction":[{"@type":"SearchAction","target":{"@type":"EntryPoint","urlTemplate":"https:\/\/www.vita.sk\/?s={search_term_string}"},"query-input":{"@type":"PropertyValueSpecification","valueRequired":true,"valueName":"search_term_string"}}],"inLanguage":"en-US"},{"email":"admin@vita.sk","logo":"https:\/\/www.vita.sk\/img\/vita_logo.png ","address":{"type":"PostalAddress","streetAddress":"Tom\u00e1\u0161ikova 50\/A","addressLocality":"Bratislava","postalCode":"83104","addressCountry":{"name":"SK","type":"Country"}},"contactPoint":{"type":"ContactPoint","telephone":"+421 907 375\u00a0543","Email":"admin@vita.sk","contactType":"customer service"},"sameAs":["https:\/\/www.facebook.com\/VitaAcademySK\/","https:\/\/www.linkedin.com\/company\/vita-academy\/"]}]}},"acf":[],"_links":{"self":[{"href":"https:\/\/www.vita.sk\/en\/wp-json\/wp\/v2\/product\/18782","targetHints":{"allow":["GET"]}}],"collection":[{"href":"https:\/\/www.vita.sk\/en\/wp-json\/wp\/v2\/product"}],"about":[{"href":"https:\/\/www.vita.sk\/en\/wp-json\/wp\/v2\/types\/product"}],"author":[{"embeddable":true,"href":"https:\/\/www.vita.sk\/en\/wp-json\/wp\/v2\/users\/4"}],"replies":[{"embeddable":true,"href":"https:\/\/www.vita.sk\/en\/wp-json\/wp\/v2\/comments?post=18782"}],"wp:featuredmedia":[{"embeddable":true,"href":"https:\/\/www.vita.sk\/en\/wp-json\/wp\/v2\/media\/17463"}],"wp:attachment":[{"href":"https:\/\/www.vita.sk\/en\/wp-json\/wp\/v2\/media?parent=18782"}],"wp:term":[{"taxonomy":"product_brand","embeddable":true,"href":"https:\/\/www.vita.sk\/en\/wp-json\/wp\/v2\/product_brand?post=18782"},{"taxonomy":"product_cat","embeddable":true,"href":"https:\/\/www.vita.sk\/en\/wp-json\/wp\/v2\/product_cat?post=18782"},{"taxonomy":"product_tag","embeddable":true,"href":"https:\/\/www.vita.sk\/en\/wp-json\/wp\/v2\/product_tag?post=18782"}],"curies":[{"name":"wp","href":"https:\/\/api.w.org\/{rel}","templated":true}]}}