{"id":18799,"date":"2024-03-08T11:39:53","date_gmt":"2024-03-08T10:39:53","guid":{"rendered":"https:\/\/www.vita.sk\/?post_type=product&#038;p=18799"},"modified":"2024-10-24T11:14:24","modified_gmt":"2024-10-24T09:14:24","slug":"online-kurz-wireshark","status":"publish","type":"product","link":"https:\/\/www.vita.sk\/en\/online-kurz-wireshark\/","title":{"rendered":"Online kurz Wireshark"},"content":{"rendered":"<p>Online kurz Wireshark je pre v\u00e1s ide\u00e1lny, ak sa chcete nau\u010di\u0165 analyzova\u0165 po\u010d\u00edta\u010dov\u00e9 siete a z\u00e1rove\u0148 pou\u017e\u00edva\u0165 n\u00e1stroj Wireshark. <strong>Ide o jedin\u00fd akreditovan\u00fd a certifikovan\u00fd kurz na anal\u00fdzu po\u010d\u00edta\u010dov\u00fdch siet\u00ed a Wireshark na Slovensku. <\/strong>Na kurze si osvoj\u00edte princ\u00edpy sie\u0165ovej komunik\u00e1cie. Uk\u00e1\u017eeme si postup na in\u0161tal\u00e1ciu a nastavenie n\u00e1stroja Wireshark na r\u00f4znych platform\u00e1ch ako Microsoft Windows aj Linux (Ubuntu a Kali Linux). Nau\u010d\u00edte sa analyzova\u0165 r\u00f4zne sie\u0165ov\u00e9 protokoly, ako napr\u00edklad TPC, UDP a DHCP. Pozrieme sa na komunik\u00e1ciu medzi DHCP serverom a klientom vo Wiresharku. Z\u00edskate poh\u013ead o tom ako prebiehaj\u00fa procesy pridelenia IP adries a konfigur\u00e1cie v r\u00e1mci siete. Budete ovl\u00e1da\u0165 spustenie anal\u00fdz sie\u0165ovej prev\u00e1dzky pomocou Wireshark vr\u00e1tane zachyt\u00e1vania paketov a z\u00edskavania \u00fadajov. Ak sa chcete skuto\u010dne nau\u010di\u0165 pou\u017e\u00edva\u0165 Wireshark, tak toto je ide\u00e1lny online kurz pre v\u00e1s.<\/p>\n<p>&nbsp;<\/p>\n","protected":false},"excerpt":{"rendered":"<p>Online kurz Wireshark je pre v\u00e1s ide\u00e1lny, ak sa chcete nau\u010di\u0165 analyzova\u0165 po\u010d\u00edta\u010dov\u00e9 siete a z\u00e1rove\u0148 pou\u017e\u00edva\u0165 n\u00e1stroj Wireshark. Ide o jedin\u00fd akreditovan\u00fd a certifikovan\u00fd kurz na anal\u00fdzu po\u010d\u00edta\u010dov\u00fdch siet\u00ed a Wireshark na Slovensku. Na kurze si osvoj\u00edte princ\u00edpy sie\u0165ovej komunik\u00e1cie.","protected":false},"author":4,"featured_media":18327,"comment_status":"open","ping_status":"closed","template":"","meta":{"_acf_changed":false},"product_brand":[],"product_cat":[702,28,96,47,73],"product_tag":[197,205,206],"class_list":{"0":"post-18799","1":"product","2":"type-product","3":"status-publish","4":"has-post-thumbnail","6":"product_cat-online-kurzy-wireshark","7":"product_cat-online-kurzy-administracia-it-servery","8":"product_cat-online-kurzy-operacne-systemy","9":"product_cat-online-kurzy-cisco-a-siete","10":"product_cat-bez-kategorie","11":"product_tag-baliky-kurzov-a-predplatne","12":"product_tag-cisco-a-siete","13":"product_tag-pocitacove-siete","15":"first","16":"instock","17":"sale","18":"sold-individually","19":"taxable","20":"shipping-taxable","21":"purchasable","22":"product-type-simple"},"yoast_head":"<!-- This site is optimized with the Yoast SEO Premium plugin v25.0 (Yoast SEO v25.0) - https:\/\/yoast.com\/wordpress\/plugins\/seo\/ -->\n<title>Online kurz Wireshark  | VITA<\/title>\n<meta name=\"description\" content=\"V online kurze Wireshark sa nau\u010d\u00edte analyzova\u0165 sie\u0165ov\u00fa komunik\u00e1ciu a identifikova\u0165 potenci\u00e1lne probl\u00e9my v sieti. Nau\u010dte sa analyzova\u0165 siete. \u2705\" \/>\n<meta name=\"robots\" content=\"index, follow, max-snippet:-1, max-image-preview:large, max-video-preview:-1\" \/>\n<link rel=\"canonical\" href=\"https:\/\/www.vita.sk\/online-kurz-wireshark\/\" \/>\n<meta property=\"og:locale\" content=\"en_US\" \/>\n<meta property=\"og:type\" content=\"article\" \/>\n<meta property=\"og:title\" content=\"Online kurz Wireshark\" \/>\n<meta property=\"og:description\" content=\"V online kurze Wireshark sa nau\u010d\u00edte analyzova\u0165 sie\u0165ov\u00fa komunik\u00e1ciu a identifikova\u0165 potenci\u00e1lne probl\u00e9my v sieti. Nau\u010dte sa analyzova\u0165 siete. \u2705\" \/>\n<meta property=\"og:url\" content=\"https:\/\/www.vita.sk\/online-kurz-wireshark\/\" \/>\n<meta property=\"og:site_name\" content=\"VITA\" \/>\n<meta property=\"article:publisher\" content=\"https:\/\/www.facebook.com\/VitaAcademySK\" \/>\n<meta property=\"article:modified_time\" content=\"2024-10-24T09:14:24+00:00\" \/>\n<meta property=\"og:image\" content=\"https:\/\/www.vita.sk\/wp-content\/uploads\/2024\/02\/kurz-wireshark.jpg\" \/>\n\t<meta property=\"og:image:width\" content=\"360\" \/>\n\t<meta property=\"og:image:height\" content=\"360\" \/>\n\t<meta property=\"og:image:type\" content=\"image\/jpeg\" \/>\n<meta name=\"twitter:card\" content=\"summary_large_image\" \/>\n<meta name=\"twitter:label1\" content=\"Est. reading time\" \/>\n\t<meta name=\"twitter:data1\" content=\"1 minute\" \/>\n<script type=\"application\/ld+json\" class=\"yoast-schema-graph\">{\n\t    \"@context\": \"https:\/\/schema.org\",\n\t    \"@graph\": [\n\t        {\n\t            \"@type\": \"WebPage\",\n\t            \"@id\": \"https:\/\/www.vita.sk\/online-kurz-wireshark\/\",\n\t            \"url\": \"https:\/\/www.vita.sk\/online-kurz-wireshark\/\",\n\t            \"name\": \"Online kurz Wireshark 2024 | VITA\",\n\t            \"isPartOf\": {\n\t                \"@id\": \"https:\/\/www.vita.sk\/#website\"\n\t            },\n\t            \"primaryImageOfPage\": {\n\t                \"@id\": \"https:\/\/www.vita.sk\/online-kurz-wireshark\/#primaryimage\"\n\t            },\n\t            \"image\": {\n\t                \"@id\": \"https:\/\/www.vita.sk\/online-kurz-wireshark\/#primaryimage\"\n\t            },\n\t            \"thumbnailUrl\": \"https:\/\/www.vita.sk\/wp-content\/uploads\/2024\/02\/kurz-wireshark.jpg\",\n\t            \"datePublished\": \"2024-03-08T10:39:53+00:00\",\n\t            \"dateModified\": \"2024-10-24T09:14:24+00:00\",\n\t            \"description\": \"V online kurze Wireshark sa nau\u010d\u00edte analyzova\u0165 sie\u0165ov\u00fa komunik\u00e1ciu a identifikova\u0165 potenci\u00e1lne probl\u00e9my v sieti. Nau\u010dte sa analyzova\u0165 siete. \u2705\",\n\t            \"breadcrumb\": {\n\t                \"@id\": \"https:\/\/www.vita.sk\/online-kurz-wireshark\/#breadcrumb\"\n\t            },\n\t            \"inLanguage\": \"en-US\",\n\t            \"potentialAction\": [\n\t                {\n\t                    \"@type\": \"ReadAction\",\n\t                    \"target\": [\n\t                        \"https:\/\/www.vita.sk\/online-kurz-wireshark\/\"\n\t                    ]\n\t                }\n\t            ]\n\t        },\n\t        {\n\t            \"@type\": \"ImageObject\",\n\t            \"inLanguage\": \"en-US\",\n\t            \"@id\": \"https:\/\/www.vita.sk\/online-kurz-wireshark\/#primaryimage\",\n\t            \"url\": \"https:\/\/www.vita.sk\/wp-content\/uploads\/2024\/02\/kurz-wireshark.jpg\",\n\t            \"contentUrl\": \"https:\/\/www.vita.sk\/wp-content\/uploads\/2024\/02\/kurz-wireshark.jpg\",\n\t            \"width\": 360,\n\t            \"height\": 360,\n\t            \"caption\": \"kurz wireshark\"\n\t        },\n\t        {\n\t            \"@type\": \"BreadcrumbList\",\n\t            \"@id\": \"https:\/\/www.vita.sk\/online-kurz-wireshark\/#breadcrumb\",\n\t            \"itemListElement\": [\n\t                {\n\t                    \"@type\": \"ListItem\",\n\t                    \"position\": 1,\n\t                    \"name\": \"VITA Academy\",\n\t                    \"item\": \"https:\/\/www.vita.sk\/en\/\"\n\t                },\n\t                {\n\t                    \"@type\": \"ListItem\",\n\t                    \"position\": 2,\n\t                    \"name\": \"Shop\",\n\t                    \"item\": \"https:\/\/www.vita.sk\/shop\/\"\n\t                },\n\t                {\n\t                    \"@type\": \"ListItem\",\n\t                    \"position\": 3,\n\t                    \"name\": \"Po\u010d\u00edta\u010dov\u00e9 Siete a Cisco\",\n\t                    \"item\": \"https:\/\/www.vita.sk\/online-kurzy-cisco-a-siete\/\"\n\t                },\n\t                {\n\t                    \"@type\": \"ListItem\",\n\t                    \"position\": 4,\n\t                    \"name\": \"Wireshark\",\n\t                    \"item\": \"https:\/\/www.vita.sk\/online-kurzy-wireshark\/\"\n\t                },\n\t                {\n\t                    \"@type\": \"ListItem\",\n\t                    \"position\": 5,\n\t                    \"name\": \"Online kurz Wireshark\"\n\t                }\n\t            ]\n\t        },\n\t        {\n\t            \"@type\": \"WebSite\",\n\t            \"@id\": \"https:\/\/www.vita.sk\/#website\",\n\t            \"url\": \"https:\/\/www.vita.sk\/\",\n\t            \"name\": \"VITA\",\n\t            \"description\": \"\",\n\t            \"publisher\": {\n\t                \"@id\": \"https:\/\/www.vita.sk\/#organization\"\n\t            },\n\t            \"potentialAction\": [\n\t                {\n\t                    \"@type\": \"SearchAction\",\n\t                    \"target\": {\n\t                        \"@type\": \"EntryPoint\",\n\t                        \"urlTemplate\": \"https:\/\/www.vita.sk\/?s={search_term_string}\"\n\t                    },\n\t                    \"query-input\": {\n\t                        \"@type\": \"PropertyValueSpecification\",\n\t                        \"valueRequired\": true,\n\t                        \"valueName\": \"search_term_string\"\n\t                    }\n\t                }\n\t            ],\n\t            \"inLanguage\": \"en-US\"\n\t        },\n\t        {\n\t            \"email\": \"admin@vita.sk\",\n\t            \"logo\": \"https:\/\/www.vita.sk\/img\/vita_logo.png \",\n\t            \"address\": {\n\t                \"type\": \"PostalAddress\",\n\t                \"streetAddress\": \"Tom\u00e1\u0161ikova 50\/A\",\n\t                \"addressLocality\": \"Bratislava\",\n\t                \"postalCode\": \"83104\",\n\t                \"addressCountry\": {\n\t                    \"name\": \"SK\",\n\t                    \"type\": \"Country\"\n\t                }\n\t            },\n\t            \"contactPoint\": {\n\t                \"type\": \"ContactPoint\",\n\t                \"telephone\": \"+421 907 375\u00a0543\",\n\t                \"Email\": \"admin@vita.sk\",\n\t                \"contactType\": \"customer service\"\n\t            },\n\t            \"sameAs\": [\n\t                \"https:\/\/www.facebook.com\/VitaAcademySK\/\",\n\t                \"https:\/\/www.linkedin.com\/company\/vita-academy\/\"\n\t            ]\n\t        }\n\t    ]\n\t}<\/script>\n<!-- \/ Yoast SEO Premium plugin. -->","yoast_head_json":{"title":"Online kurz Wireshark  | VITA","description":"V online kurze Wireshark sa nau\u010d\u00edte analyzova\u0165 sie\u0165ov\u00fa komunik\u00e1ciu a identifikova\u0165 potenci\u00e1lne probl\u00e9my v sieti. Nau\u010dte sa analyzova\u0165 siete. \u2705","robots":{"index":"index","follow":"follow","max-snippet":"max-snippet:-1","max-image-preview":"max-image-preview:large","max-video-preview":"max-video-preview:-1"},"canonical":"https:\/\/www.vita.sk\/online-kurz-wireshark\/","og_locale":"en_US","og_type":"article","og_title":"Online kurz Wireshark","og_description":"V online kurze Wireshark sa nau\u010d\u00edte analyzova\u0165 sie\u0165ov\u00fa komunik\u00e1ciu a identifikova\u0165 potenci\u00e1lne probl\u00e9my v sieti. Nau\u010dte sa analyzova\u0165 siete. \u2705","og_url":"https:\/\/www.vita.sk\/online-kurz-wireshark\/","og_site_name":"VITA","article_publisher":"https:\/\/www.facebook.com\/VitaAcademySK","article_modified_time":"2024-10-24T09:14:24+00:00","og_image":[{"width":360,"height":360,"url":"https:\/\/www.vita.sk\/wp-content\/uploads\/2024\/02\/kurz-wireshark.jpg","type":"image\/jpeg"}],"twitter_card":"summary_large_image","twitter_misc":{"Est. reading time":"1 minute"},"schema":{"@context":"https:\/\/schema.org","@graph":[{"@type":"WebPage","@id":"https:\/\/www.vita.sk\/online-kurz-wireshark\/","url":"https:\/\/www.vita.sk\/online-kurz-wireshark\/","name":"Online kurz Wireshark 2024 | VITA","isPartOf":{"@id":"https:\/\/www.vita.sk\/#website"},"primaryImageOfPage":{"@id":"https:\/\/www.vita.sk\/online-kurz-wireshark\/#primaryimage"},"image":{"@id":"https:\/\/www.vita.sk\/online-kurz-wireshark\/#primaryimage"},"thumbnailUrl":"https:\/\/www.vita.sk\/wp-content\/uploads\/2024\/02\/kurz-wireshark.jpg","datePublished":"2024-03-08T10:39:53+00:00","dateModified":"2024-10-24T09:14:24+00:00","description":"V online kurze Wireshark sa nau\u010d\u00edte analyzova\u0165 sie\u0165ov\u00fa komunik\u00e1ciu a identifikova\u0165 potenci\u00e1lne probl\u00e9my v sieti. Nau\u010dte sa analyzova\u0165 siete. \u2705","breadcrumb":{"@id":"https:\/\/www.vita.sk\/online-kurz-wireshark\/#breadcrumb"},"inLanguage":"en-US","potentialAction":[{"@type":"ReadAction","target":["https:\/\/www.vita.sk\/online-kurz-wireshark\/"]}]},{"@type":"ImageObject","inLanguage":"en-US","@id":"https:\/\/www.vita.sk\/online-kurz-wireshark\/#primaryimage","url":"https:\/\/www.vita.sk\/wp-content\/uploads\/2024\/02\/kurz-wireshark.jpg","contentUrl":"https:\/\/www.vita.sk\/wp-content\/uploads\/2024\/02\/kurz-wireshark.jpg","width":360,"height":360,"caption":"kurz wireshark"},{"@type":"BreadcrumbList","@id":"https:\/\/www.vita.sk\/online-kurz-wireshark\/#breadcrumb","itemListElement":[{"@type":"ListItem","position":1,"name":"VITA Academy","item":"https:\/\/www.vita.sk\/en\/"},{"@type":"ListItem","position":2,"name":"Shop","item":"https:\/\/www.vita.sk\/shop\/"},{"@type":"ListItem","position":3,"name":"Po\u010d\u00edta\u010dov\u00e9 Siete a Cisco","item":"https:\/\/www.vita.sk\/online-kurzy-cisco-a-siete\/"},{"@type":"ListItem","position":4,"name":"Wireshark","item":"https:\/\/www.vita.sk\/online-kurzy-wireshark\/"},{"@type":"ListItem","position":5,"name":"Online kurz Wireshark"}]},{"@type":"WebSite","@id":"https:\/\/www.vita.sk\/#website","url":"https:\/\/www.vita.sk\/","name":"VITA","description":"","publisher":{"@id":"https:\/\/www.vita.sk\/#organization"},"potentialAction":[{"@type":"SearchAction","target":{"@type":"EntryPoint","urlTemplate":"https:\/\/www.vita.sk\/?s={search_term_string}"},"query-input":{"@type":"PropertyValueSpecification","valueRequired":true,"valueName":"search_term_string"}}],"inLanguage":"en-US"},{"email":"admin@vita.sk","logo":"https:\/\/www.vita.sk\/img\/vita_logo.png ","address":{"type":"PostalAddress","streetAddress":"Tom\u00e1\u0161ikova 50\/A","addressLocality":"Bratislava","postalCode":"83104","addressCountry":{"name":"SK","type":"Country"}},"contactPoint":{"type":"ContactPoint","telephone":"+421 907 375\u00a0543","Email":"admin@vita.sk","contactType":"customer service"},"sameAs":["https:\/\/www.facebook.com\/VitaAcademySK\/","https:\/\/www.linkedin.com\/company\/vita-academy\/"]}]}},"acf":[],"_links":{"self":[{"href":"https:\/\/www.vita.sk\/en\/wp-json\/wp\/v2\/product\/18799","targetHints":{"allow":["GET"]}}],"collection":[{"href":"https:\/\/www.vita.sk\/en\/wp-json\/wp\/v2\/product"}],"about":[{"href":"https:\/\/www.vita.sk\/en\/wp-json\/wp\/v2\/types\/product"}],"author":[{"embeddable":true,"href":"https:\/\/www.vita.sk\/en\/wp-json\/wp\/v2\/users\/4"}],"replies":[{"embeddable":true,"href":"https:\/\/www.vita.sk\/en\/wp-json\/wp\/v2\/comments?post=18799"}],"wp:featuredmedia":[{"embeddable":true,"href":"https:\/\/www.vita.sk\/en\/wp-json\/wp\/v2\/media\/18327"}],"wp:attachment":[{"href":"https:\/\/www.vita.sk\/en\/wp-json\/wp\/v2\/media?parent=18799"}],"wp:term":[{"taxonomy":"product_brand","embeddable":true,"href":"https:\/\/www.vita.sk\/en\/wp-json\/wp\/v2\/product_brand?post=18799"},{"taxonomy":"product_cat","embeddable":true,"href":"https:\/\/www.vita.sk\/en\/wp-json\/wp\/v2\/product_cat?post=18799"},{"taxonomy":"product_tag","embeddable":true,"href":"https:\/\/www.vita.sk\/en\/wp-json\/wp\/v2\/product_tag?post=18799"}],"curies":[{"name":"wp","href":"https:\/\/api.w.org\/{rel}","templated":true}]}}