{"id":19022,"date":"2024-03-22T13:49:55","date_gmt":"2024-03-22T12:49:55","guid":{"rendered":"https:\/\/www.vita.sk\/?post_type=product&#038;p=19022"},"modified":"2025-11-16T08:17:17","modified_gmt":"2025-11-16T07:17:17","slug":"balik-programovanie-a-vyvoj-softveru","status":"publish","type":"product","link":"https:\/\/www.vita.sk\/en\/balik-programovanie-a-vyvoj-softveru\/","title":{"rendered":"Bal\u00edk Programovanie a V\u00fdvoj Softv\u00e9ru"},"content":{"rendered":"<p>Bal\u00edk kurzov Programovanie a V\u00fdvoj Softv\u00e9ru je pre v\u00e1s ide\u00e1lny, ak sa chcete nau\u010di\u0165 najpou\u017e\u00edvanej\u0161ie programovacie jazyky ako C\/C++, Java, C#, Python \u010di Visual Basic (VB). Ide o <strong>Bal\u00edk online akreditovan\u00fdch kurzov ur\u010den\u00fd na Preplatenie \u00daradom pr\u00e1ce<\/strong> (<strong>Projekt Zru\u010dnosti pre trh pr\u00e1ce<\/strong>). V online kurzoch Programovanie a V\u00fdvoj Softv\u00e9ru v\u00e1s nau\u010d\u00edme potrebn\u00e9 znalosti pre \u00faspe\u0161n\u00fa kari\u00e9ru v oblasti softv\u00e9rov\u00e9ho v\u00fdvoja. Osvoj\u00edte si syntax jazyka, \u0161trukt\u00fary d\u00e1t, pr\u00e1cu s triedami, funkciami a v\u00fdnimkami. Z\u00edskate znalosti z objektovo-orientovan\u00e9ho, ale aj funkcion\u00e1lneho programovania. Uk\u00e1\u017eeme si tvorbu vlastn\u00fdch aplik\u00e1ci\u00ed na praktick\u00fdch pr\u00edkladoch a projektoch. Spozn\u00e1te v\u00fdvojov\u00e9 prostredia a budete sa vedie\u0165 orientova\u0165 v ich pou\u017e\u00edvate\u013eskom rozhran\u00ed. Ak si chcete n\u00e1js\u0165 v\u00fdborne platen\u00fa pr\u00e1cu ako program\u00e1tor, softv\u00e9rov\u00fd v\u00fdvoj\u00e1r \u010di developer, tento bal\u00edk je pre v\u00e1s to prav\u00e9 orechov\u00e9. <strong>\u00darad pr\u00e1ce v\u00e1m preplat\u00ed cel\u00fd bal\u00edk online kurzov.<\/strong><\/p>\n","protected":false},"excerpt":{"rendered":"<p>Bal\u00edk kurzov Programovanie a V\u00fdvoj Softv\u00e9ru je pre v\u00e1s ide\u00e1lny, ak sa chcete nau\u010di\u0165 najpou\u017e\u00edvanej\u0161ie programovacie jazyky ako C\/C++, Java, C#, Python \u010di Visual Basic (VB). Ide o <strong>Bal\u00edk online akreditovan\u00fdch kurzov ur\u010den\u00fd na Preplatenie \u00daradom pr\u00e1ce<\/strong> (<strong>Projekt Zru\u010dnosti pre trh pr\u00e1ce<\/strong>).","protected":false},"author":4,"featured_media":854,"comment_status":"open","ping_status":"closed","template":"","meta":{"_acf_changed":false},"product_brand":[],"product_cat":[615],"product_tag":[189,197],"class_list":{"0":"post-19022","1":"product","2":"type-product","3":"status-publish","4":"has-post-thumbnail","6":"product_cat-online-kurzy-urad-prace-zrucnosti-pre-trh-prace","7":"product_tag-programovacie-jazyky","8":"product_tag-baliky-kurzov-a-predplatne","10":"first","11":"instock","12":"sold-individually","13":"taxable","14":"shipping-taxable","15":"purchasable","16":"product-type-simple"},"yoast_head":"<!-- This site is optimized with the Yoast SEO Premium plugin v25.0 (Yoast SEO v25.0) - https:\/\/yoast.com\/wordpress\/plugins\/seo\/ -->\n<title>Bal\u00edk Programovanie a V\u00fdvoj Softv\u00e9ru 2026 | VITA<\/title>\n<meta name=\"robots\" content=\"index, follow, max-snippet:-1, max-image-preview:large, max-video-preview:-1\" \/>\n<link rel=\"canonical\" href=\"https:\/\/www.vita.sk\/balik-programovanie-a-vyvoj-softveru\/\" \/>\n<meta property=\"og:locale\" content=\"en_US\" \/>\n<meta property=\"og:type\" content=\"article\" \/>\n<meta property=\"og:title\" content=\"Bal\u00edk Programovanie a V\u00fdvoj Softv\u00e9ru\" \/>\n<meta property=\"og:description\" content=\"Bal\u00edk kurzov Programovanie a V\u00fdvoj Softv\u00e9ru je pre v\u00e1s ide\u00e1lny, ak sa chcete nau\u010di\u0165 najpou\u017e\u00edvanej\u0161ie programovacie jazyky ako C\/C++, Java, C#, Python \u010di Visual Basic (VB). Ide o Bal\u00edk online akreditovan\u00fdch kurzov ur\u010den\u00fd na Preplatenie \u00daradom pr\u00e1ce (Projekt Zru\u010dnosti pre trh pr\u00e1ce).\" \/>\n<meta property=\"og:url\" content=\"https:\/\/www.vita.sk\/balik-programovanie-a-vyvoj-softveru\/\" \/>\n<meta property=\"og:site_name\" content=\"VITA\" \/>\n<meta property=\"article:publisher\" content=\"https:\/\/www.facebook.com\/VitaAcademySK\" \/>\n<meta property=\"article:modified_time\" content=\"2025-11-16T07:17:17+00:00\" \/>\n<meta property=\"og:image\" content=\"https:\/\/www.vita.sk\/wp-content\/uploads\/2019\/07\/programovacie-jazyky.png\" \/>\n\t<meta property=\"og:image:width\" content=\"360\" \/>\n\t<meta property=\"og:image:height\" content=\"360\" \/>\n\t<meta property=\"og:image:type\" content=\"image\/png\" \/>\n<meta name=\"twitter:card\" content=\"summary_large_image\" \/>\n<meta name=\"twitter:label1\" content=\"Est. reading time\" \/>\n\t<meta name=\"twitter:data1\" content=\"1 minute\" \/>\n<script type=\"application\/ld+json\" class=\"yoast-schema-graph\">{\n\t    \"@context\": \"https:\/\/schema.org\",\n\t    \"@graph\": [\n\t        {\n\t            \"@type\": \"WebPage\",\n\t            \"@id\": \"https:\/\/www.vita.sk\/balik-programovanie-a-vyvoj-softveru\/\",\n\t            \"url\": \"https:\/\/www.vita.sk\/balik-programovanie-a-vyvoj-softveru\/\",\n\t            \"name\": \"Bal\u00edk Programovanie a V\u00fdvoj Softv\u00e9ru {Y} | VITA\",\n\t            \"isPartOf\": {\n\t                \"@id\": \"https:\/\/www.vita.sk\/#website\"\n\t            },\n\t            \"primaryImageOfPage\": {\n\t                \"@id\": \"https:\/\/www.vita.sk\/balik-programovanie-a-vyvoj-softveru\/#primaryimage\"\n\t            },\n\t            \"image\": {\n\t                \"@id\": \"https:\/\/www.vita.sk\/balik-programovanie-a-vyvoj-softveru\/#primaryimage\"\n\t            },\n\t            \"thumbnailUrl\": \"https:\/\/www.vita.sk\/wp-content\/uploads\/2019\/07\/programovacie-jazyky.png\",\n\t            \"datePublished\": \"2024-03-22T12:49:55+00:00\",\n\t            \"dateModified\": \"2025-11-16T07:17:17+00:00\",\n\t            \"breadcrumb\": {\n\t                \"@id\": \"https:\/\/www.vita.sk\/balik-programovanie-a-vyvoj-softveru\/#breadcrumb\"\n\t            },\n\t            \"inLanguage\": \"en-US\",\n\t            \"potentialAction\": [\n\t                {\n\t                    \"@type\": \"ReadAction\",\n\t                    \"target\": [\n\t                        \"https:\/\/www.vita.sk\/balik-programovanie-a-vyvoj-softveru\/\"\n\t                    ]\n\t                }\n\t            ]\n\t        },\n\t        {\n\t            \"@type\": \"ImageObject\",\n\t            \"inLanguage\": \"en-US\",\n\t            \"@id\": \"https:\/\/www.vita.sk\/balik-programovanie-a-vyvoj-softveru\/#primaryimage\",\n\t            \"url\": \"https:\/\/www.vita.sk\/wp-content\/uploads\/2019\/07\/programovacie-jazyky.png\",\n\t            \"contentUrl\": \"https:\/\/www.vita.sk\/wp-content\/uploads\/2019\/07\/programovacie-jazyky.png\",\n\t            \"width\": 360,\n\t            \"height\": 360\n\t        },\n\t        {\n\t            \"@type\": \"BreadcrumbList\",\n\t            \"@id\": \"https:\/\/www.vita.sk\/balik-programovanie-a-vyvoj-softveru\/#breadcrumb\",\n\t            \"itemListElement\": [\n\t                {\n\t                    \"@type\": \"ListItem\",\n\t                    \"position\": 1,\n\t                    \"name\": \"VITA Academy\",\n\t                    \"item\": \"https:\/\/www.vita.sk\/en\/\"\n\t                },\n\t                {\n\t                    \"@type\": \"ListItem\",\n\t                    \"position\": 2,\n\t                    \"name\": \"Shop\",\n\t                    \"item\": \"https:\/\/www.vita.sk\/shop\/\"\n\t                },\n\t                {\n\t                    \"@type\": \"ListItem\",\n\t                    \"position\": 3,\n\t                    \"name\": \"Online \u0160kolenia \u00darad Pr\u00e1ce\",\n\t                    \"item\": \"https:\/\/www.vita.sk\/online-kurzy-urad-prace-zrucnosti-pre-trh-prace\/\"\n\t                },\n\t                {\n\t                    \"@type\": \"ListItem\",\n\t                    \"position\": 4,\n\t                    \"name\": \"Bal\u00edk Programovanie a V\u00fdvoj Softv\u00e9ru\"\n\t                }\n\t            ]\n\t        },\n\t        {\n\t            \"@type\": \"WebSite\",\n\t            \"@id\": \"https:\/\/www.vita.sk\/#website\",\n\t            \"url\": \"https:\/\/www.vita.sk\/\",\n\t            \"name\": \"VITA\",\n\t            \"description\": \"\",\n\t            \"publisher\": {\n\t                \"@id\": \"https:\/\/www.vita.sk\/#organization\"\n\t            },\n\t            \"potentialAction\": [\n\t                {\n\t                    \"@type\": \"SearchAction\",\n\t                    \"target\": {\n\t                        \"@type\": \"EntryPoint\",\n\t                        \"urlTemplate\": \"https:\/\/www.vita.sk\/?s={search_term_string}\"\n\t                    },\n\t                    \"query-input\": {\n\t                        \"@type\": \"PropertyValueSpecification\",\n\t                        \"valueRequired\": true,\n\t                        \"valueName\": \"search_term_string\"\n\t                    }\n\t                }\n\t            ],\n\t            \"inLanguage\": \"en-US\"\n\t        },\n\t        {\n\t            \"email\": \"admin@vita.sk\",\n\t            \"logo\": \"https:\/\/www.vita.sk\/img\/vita_logo.png \",\n\t            \"address\": {\n\t                \"type\": \"PostalAddress\",\n\t                \"streetAddress\": \"Tom\u00e1\u0161ikova 50\/A\",\n\t                \"addressLocality\": \"Bratislava\",\n\t                \"postalCode\": \"83104\",\n\t                \"addressCountry\": {\n\t                    \"name\": \"SK\",\n\t                    \"type\": \"Country\"\n\t                }\n\t            },\n\t            \"contactPoint\": {\n\t                \"type\": \"ContactPoint\",\n\t                \"telephone\": \"+421 907 375\u00a0543\",\n\t                \"Email\": \"admin@vita.sk\",\n\t                \"contactType\": \"customer service\"\n\t            },\n\t            \"sameAs\": [\n\t                \"https:\/\/www.facebook.com\/VitaAcademySK\/\",\n\t                \"https:\/\/www.linkedin.com\/company\/vita-academy\/\"\n\t            ]\n\t        }\n\t    ]\n\t}<\/script>\n<!-- \/ Yoast SEO Premium plugin. -->","yoast_head_json":{"title":"Bal\u00edk Programovanie a V\u00fdvoj Softv\u00e9ru 2026 | VITA","robots":{"index":"index","follow":"follow","max-snippet":"max-snippet:-1","max-image-preview":"max-image-preview:large","max-video-preview":"max-video-preview:-1"},"canonical":"https:\/\/www.vita.sk\/balik-programovanie-a-vyvoj-softveru\/","og_locale":"en_US","og_type":"article","og_title":"Bal\u00edk Programovanie a V\u00fdvoj Softv\u00e9ru","og_description":"Bal\u00edk kurzov Programovanie a V\u00fdvoj Softv\u00e9ru je pre v\u00e1s ide\u00e1lny, ak sa chcete nau\u010di\u0165 najpou\u017e\u00edvanej\u0161ie programovacie jazyky ako C\/C++, Java, C#, Python \u010di Visual Basic (VB). Ide o Bal\u00edk online akreditovan\u00fdch kurzov ur\u010den\u00fd na Preplatenie \u00daradom pr\u00e1ce (Projekt Zru\u010dnosti pre trh pr\u00e1ce).","og_url":"https:\/\/www.vita.sk\/balik-programovanie-a-vyvoj-softveru\/","og_site_name":"VITA","article_publisher":"https:\/\/www.facebook.com\/VitaAcademySK","article_modified_time":"2025-11-16T07:17:17+00:00","og_image":[{"width":360,"height":360,"url":"https:\/\/www.vita.sk\/wp-content\/uploads\/2019\/07\/programovacie-jazyky.png","type":"image\/png"}],"twitter_card":"summary_large_image","twitter_misc":{"Est. reading time":"1 minute"},"schema":{"@context":"https:\/\/schema.org","@graph":[{"@type":"WebPage","@id":"https:\/\/www.vita.sk\/balik-programovanie-a-vyvoj-softveru\/","url":"https:\/\/www.vita.sk\/balik-programovanie-a-vyvoj-softveru\/","name":"Bal\u00edk Programovanie a V\u00fdvoj Softv\u00e9ru {Y} | VITA","isPartOf":{"@id":"https:\/\/www.vita.sk\/#website"},"primaryImageOfPage":{"@id":"https:\/\/www.vita.sk\/balik-programovanie-a-vyvoj-softveru\/#primaryimage"},"image":{"@id":"https:\/\/www.vita.sk\/balik-programovanie-a-vyvoj-softveru\/#primaryimage"},"thumbnailUrl":"https:\/\/www.vita.sk\/wp-content\/uploads\/2019\/07\/programovacie-jazyky.png","datePublished":"2024-03-22T12:49:55+00:00","dateModified":"2025-11-16T07:17:17+00:00","breadcrumb":{"@id":"https:\/\/www.vita.sk\/balik-programovanie-a-vyvoj-softveru\/#breadcrumb"},"inLanguage":"en-US","potentialAction":[{"@type":"ReadAction","target":["https:\/\/www.vita.sk\/balik-programovanie-a-vyvoj-softveru\/"]}]},{"@type":"ImageObject","inLanguage":"en-US","@id":"https:\/\/www.vita.sk\/balik-programovanie-a-vyvoj-softveru\/#primaryimage","url":"https:\/\/www.vita.sk\/wp-content\/uploads\/2019\/07\/programovacie-jazyky.png","contentUrl":"https:\/\/www.vita.sk\/wp-content\/uploads\/2019\/07\/programovacie-jazyky.png","width":360,"height":360},{"@type":"BreadcrumbList","@id":"https:\/\/www.vita.sk\/balik-programovanie-a-vyvoj-softveru\/#breadcrumb","itemListElement":[{"@type":"ListItem","position":1,"name":"VITA Academy","item":"https:\/\/www.vita.sk\/en\/"},{"@type":"ListItem","position":2,"name":"Shop","item":"https:\/\/www.vita.sk\/shop\/"},{"@type":"ListItem","position":3,"name":"Online \u0160kolenia \u00darad Pr\u00e1ce","item":"https:\/\/www.vita.sk\/online-kurzy-urad-prace-zrucnosti-pre-trh-prace\/"},{"@type":"ListItem","position":4,"name":"Bal\u00edk Programovanie a V\u00fdvoj Softv\u00e9ru"}]},{"@type":"WebSite","@id":"https:\/\/www.vita.sk\/#website","url":"https:\/\/www.vita.sk\/","name":"VITA","description":"","publisher":{"@id":"https:\/\/www.vita.sk\/#organization"},"potentialAction":[{"@type":"SearchAction","target":{"@type":"EntryPoint","urlTemplate":"https:\/\/www.vita.sk\/?s={search_term_string}"},"query-input":{"@type":"PropertyValueSpecification","valueRequired":true,"valueName":"search_term_string"}}],"inLanguage":"en-US"},{"email":"admin@vita.sk","logo":"https:\/\/www.vita.sk\/img\/vita_logo.png ","address":{"type":"PostalAddress","streetAddress":"Tom\u00e1\u0161ikova 50\/A","addressLocality":"Bratislava","postalCode":"83104","addressCountry":{"name":"SK","type":"Country"}},"contactPoint":{"type":"ContactPoint","telephone":"+421 907 375\u00a0543","Email":"admin@vita.sk","contactType":"customer service"},"sameAs":["https:\/\/www.facebook.com\/VitaAcademySK\/","https:\/\/www.linkedin.com\/company\/vita-academy\/"]}]}},"acf":[],"_links":{"self":[{"href":"https:\/\/www.vita.sk\/en\/wp-json\/wp\/v2\/product\/19022","targetHints":{"allow":["GET"]}}],"collection":[{"href":"https:\/\/www.vita.sk\/en\/wp-json\/wp\/v2\/product"}],"about":[{"href":"https:\/\/www.vita.sk\/en\/wp-json\/wp\/v2\/types\/product"}],"author":[{"embeddable":true,"href":"https:\/\/www.vita.sk\/en\/wp-json\/wp\/v2\/users\/4"}],"replies":[{"embeddable":true,"href":"https:\/\/www.vita.sk\/en\/wp-json\/wp\/v2\/comments?post=19022"}],"wp:featuredmedia":[{"embeddable":true,"href":"https:\/\/www.vita.sk\/en\/wp-json\/wp\/v2\/media\/854"}],"wp:attachment":[{"href":"https:\/\/www.vita.sk\/en\/wp-json\/wp\/v2\/media?parent=19022"}],"wp:term":[{"taxonomy":"product_brand","embeddable":true,"href":"https:\/\/www.vita.sk\/en\/wp-json\/wp\/v2\/product_brand?post=19022"},{"taxonomy":"product_cat","embeddable":true,"href":"https:\/\/www.vita.sk\/en\/wp-json\/wp\/v2\/product_cat?post=19022"},{"taxonomy":"product_tag","embeddable":true,"href":"https:\/\/www.vita.sk\/en\/wp-json\/wp\/v2\/product_tag?post=19022"}],"curies":[{"name":"wp","href":"https:\/\/api.w.org\/{rel}","templated":true}]}}