{"id":19124,"date":"2024-03-25T11:25:33","date_gmt":"2024-03-25T10:25:33","guid":{"rendered":"https:\/\/www.vita.sk\/?post_type=product&#038;p=19124"},"modified":"2026-03-17T20:20:44","modified_gmt":"2026-03-17T19:20:44","slug":"balik-sap-profesional","status":"publish","type":"product","link":"https:\/\/www.vita.sk\/en\/balik-sap-profesional\/","title":{"rendered":"Bal\u00edk SAP Profesion\u00e1l"},"content":{"rendered":"<p>Bal\u00edk SAP Profesion\u00e1l je pre v\u00e1s ide\u00e1lnou vo\u013ebou, ak sa t\u00fa\u017eite uplatni\u0165 ako SAP \u0161pecialista, konzultant developer alebo SAP administr\u00e1tor. Ide o\u00a0<strong>Bal\u00edk online akreditovan\u00fdch kurzov ur\u010den\u00fd na Preplatenie \u00daradom pr\u00e1ce<\/strong>\u00a0(<strong>Projekt Zru\u010dnosti pre trh pr\u00e1ce<\/strong>). Online kurzy v\u00e1s nau\u010dia pracova\u0165 v syst\u00e9me SAP a pou\u017e\u00edva\u0165 programovac\u00ed jazyk ABAP. Spozn\u00e1te technol\u00f3gie, ktor\u00e9 s\u00fa d\u00f4le\u017eitou s\u00fa\u010das\u0165ou v modernom v\u00fdvoji softv\u00e9ru. Budete sa vedie\u0165 orientova\u0165 medzi aplik\u00e1ciami a komponentmi SAPu. Uk\u00e1\u017eeme si kompletn\u00fd n\u00e1vod ako si zaobstara\u0165 alebo nain\u0161talova\u0165 SAP na svojom po\u010d\u00edta\u010di. Nau\u010d\u00edte sa spravova\u0165 a konfigurova\u0165 r\u00f4zne moduly a aplik\u00e1cie v r\u00e1mci SAP, vr\u00e1tane nastavenia a administr\u00e1cie syst\u00e9mu. Osvoj\u00edte si pr\u00e1cu s viacer\u00fdmi modulmi SAPu ako napr. SAP ERP Financials, SAP SD (Sales and Distribution) a SAP MM (Materi\u00e1lov\u00e9 hospod\u00e1rstvo). <strong>\u00darad pr\u00e1ce v\u00e1m preplat\u00ed cel\u00fd bal\u00edk online kurzov.<\/strong><\/p>\n","protected":false},"excerpt":{"rendered":"<p>Bal\u00edk SAP Profesion\u00e1l je pre v\u00e1s ide\u00e1lnou vo\u013ebou, ak sa t\u00fa\u017eite uplatni\u0165 ako SAP \u0161pecialista, konzultant developer alebo SAP administr\u00e1tor. Ide o\u00a0Bal\u00edk online akreditovan\u00fdch kurzov ur\u010den\u00fd na Preplatenie \u00daradom pr\u00e1ce\u00a0(Projekt Zru\u010dnosti pre trh pr\u00e1ce). Online kurzy v\u00e1s nau\u010dia pracova\u0165 v syst\u00e9me SAP a pou\u017e\u00edva\u0165 programovac\u00ed jazyk ABAP.","protected":false},"author":4,"featured_media":4244,"comment_status":"open","ping_status":"closed","template":"","meta":{"_acf_changed":false},"product_brand":[],"product_cat":[615],"product_tag":[23,181,197],"class_list":{"0":"post-19124","1":"product","2":"type-product","3":"status-publish","4":"has-post-thumbnail","6":"product_cat-online-kurzy-urad-prace-zrucnosti-pre-trh-prace","7":"product_tag-sap","8":"product_tag-sap-a-abap","9":"product_tag-baliky-kurzov-a-predplatne","11":"first","12":"instock","13":"sold-individually","14":"taxable","15":"shipping-taxable","16":"purchasable","17":"product-type-simple"},"yoast_head":"<!-- This site is optimized with the Yoast SEO Premium plugin v25.0 (Yoast SEO v25.0) - https:\/\/yoast.com\/wordpress\/plugins\/seo\/ -->\n<title>Bal\u00edk SAP Profesion\u00e1l 2026 | VITA<\/title>\n<meta name=\"robots\" content=\"index, follow, max-snippet:-1, max-image-preview:large, max-video-preview:-1\" \/>\n<link rel=\"canonical\" href=\"https:\/\/www.vita.sk\/balik-sap-profesional\/\" \/>\n<meta property=\"og:locale\" content=\"en_US\" \/>\n<meta property=\"og:type\" content=\"article\" \/>\n<meta property=\"og:title\" content=\"Bal\u00edk SAP Profesion\u00e1l\" \/>\n<meta property=\"og:description\" content=\"Bal\u00edk SAP Profesion\u00e1l je pre v\u00e1s ide\u00e1lnou vo\u013ebou, ak sa t\u00fa\u017eite uplatni\u0165 ako SAP \u0161pecialista, konzultant developer alebo SAP administr\u00e1tor. Ide o\u00a0Bal\u00edk online akreditovan\u00fdch kurzov ur\u010den\u00fd na Preplatenie \u00daradom pr\u00e1ce\u00a0(Projekt Zru\u010dnosti pre trh pr\u00e1ce). Online kurzy v\u00e1s nau\u010dia pracova\u0165 v syst\u00e9me SAP a pou\u017e\u00edva\u0165 programovac\u00ed jazyk ABAP. Spozn\u00e1te technol\u00f3gie, ktor\u00e9 s\u00fa d\u00f4le\u017eitou s\u00fa\u010das\u0165ou v modernom [&hellip;]\" \/>\n<meta property=\"og:url\" content=\"https:\/\/www.vita.sk\/balik-sap-profesional\/\" \/>\n<meta property=\"og:site_name\" content=\"VITA\" \/>\n<meta property=\"article:publisher\" content=\"https:\/\/www.facebook.com\/VitaAcademySK\" \/>\n<meta property=\"article:modified_time\" content=\"2026-03-17T19:20:44+00:00\" \/>\n<meta property=\"og:image\" content=\"https:\/\/www.vita.sk\/wp-content\/uploads\/2020\/11\/kurz-sap.png\" \/>\n\t<meta property=\"og:image:width\" content=\"360\" \/>\n\t<meta property=\"og:image:height\" content=\"360\" \/>\n\t<meta property=\"og:image:type\" content=\"image\/png\" \/>\n<meta name=\"twitter:card\" content=\"summary_large_image\" \/>\n<meta name=\"twitter:label1\" content=\"Est. reading time\" \/>\n\t<meta name=\"twitter:data1\" content=\"1 minute\" \/>\n<script type=\"application\/ld+json\" class=\"yoast-schema-graph\">{\n\t    \"@context\": \"https:\/\/schema.org\",\n\t    \"@graph\": [\n\t        {\n\t            \"@type\": \"WebPage\",\n\t            \"@id\": \"https:\/\/www.vita.sk\/balik-sap-profesional\/\",\n\t            \"url\": \"https:\/\/www.vita.sk\/balik-sap-profesional\/\",\n\t            \"name\": \"Bal\u00edk SAP Profesion\u00e1l {Y} | VITA\",\n\t            \"isPartOf\": {\n\t                \"@id\": \"https:\/\/www.vita.sk\/#website\"\n\t            },\n\t            \"primaryImageOfPage\": {\n\t                \"@id\": \"https:\/\/www.vita.sk\/balik-sap-profesional\/#primaryimage\"\n\t            },\n\t            \"image\": {\n\t                \"@id\": \"https:\/\/www.vita.sk\/balik-sap-profesional\/#primaryimage\"\n\t            },\n\t            \"thumbnailUrl\": \"https:\/\/www.vita.sk\/wp-content\/uploads\/2020\/11\/kurz-sap.png\",\n\t            \"datePublished\": \"2024-03-25T10:25:33+00:00\",\n\t            \"dateModified\": \"2026-03-17T19:20:44+00:00\",\n\t            \"breadcrumb\": {\n\t                \"@id\": \"https:\/\/www.vita.sk\/balik-sap-profesional\/#breadcrumb\"\n\t            },\n\t            \"inLanguage\": \"en-US\",\n\t            \"potentialAction\": [\n\t                {\n\t                    \"@type\": \"ReadAction\",\n\t                    \"target\": [\n\t                        \"https:\/\/www.vita.sk\/balik-sap-profesional\/\"\n\t                    ]\n\t                }\n\t            ]\n\t        },\n\t        {\n\t            \"@type\": \"ImageObject\",\n\t            \"inLanguage\": \"en-US\",\n\t            \"@id\": \"https:\/\/www.vita.sk\/balik-sap-profesional\/#primaryimage\",\n\t            \"url\": \"https:\/\/www.vita.sk\/wp-content\/uploads\/2020\/11\/kurz-sap.png\",\n\t            \"contentUrl\": \"https:\/\/www.vita.sk\/wp-content\/uploads\/2020\/11\/kurz-sap.png\",\n\t            \"width\": 360,\n\t            \"height\": 360,\n\t            \"caption\": \"Online kurz SAP\"\n\t        },\n\t        {\n\t            \"@type\": \"BreadcrumbList\",\n\t            \"@id\": \"https:\/\/www.vita.sk\/balik-sap-profesional\/#breadcrumb\",\n\t            \"itemListElement\": [\n\t                {\n\t                    \"@type\": \"ListItem\",\n\t                    \"position\": 1,\n\t                    \"name\": \"VITA Academy\",\n\t                    \"item\": \"https:\/\/www.vita.sk\/en\/\"\n\t                },\n\t                {\n\t                    \"@type\": \"ListItem\",\n\t                    \"position\": 2,\n\t                    \"name\": \"Shop\",\n\t                    \"item\": \"https:\/\/www.vita.sk\/shop\/\"\n\t                },\n\t                {\n\t                    \"@type\": \"ListItem\",\n\t                    \"position\": 3,\n\t                    \"name\": \"Online \u0160kolenia \u00darad Pr\u00e1ce\",\n\t                    \"item\": \"https:\/\/www.vita.sk\/online-kurzy-urad-prace-zrucnosti-pre-trh-prace\/\"\n\t                },\n\t                {\n\t                    \"@type\": \"ListItem\",\n\t                    \"position\": 4,\n\t                    \"name\": \"Bal\u00edk SAP Profesion\u00e1l\"\n\t                }\n\t            ]\n\t        },\n\t        {\n\t            \"@type\": \"WebSite\",\n\t            \"@id\": \"https:\/\/www.vita.sk\/#website\",\n\t            \"url\": \"https:\/\/www.vita.sk\/\",\n\t            \"name\": \"VITA\",\n\t            \"description\": \"\",\n\t            \"publisher\": {\n\t                \"@id\": \"https:\/\/www.vita.sk\/#organization\"\n\t            },\n\t            \"potentialAction\": [\n\t                {\n\t                    \"@type\": \"SearchAction\",\n\t                    \"target\": {\n\t                        \"@type\": \"EntryPoint\",\n\t                        \"urlTemplate\": \"https:\/\/www.vita.sk\/?s={search_term_string}\"\n\t                    },\n\t                    \"query-input\": {\n\t                        \"@type\": \"PropertyValueSpecification\",\n\t                        \"valueRequired\": true,\n\t                        \"valueName\": \"search_term_string\"\n\t                    }\n\t                }\n\t            ],\n\t            \"inLanguage\": \"en-US\"\n\t        },\n\t        {\n\t            \"email\": \"admin@vita.sk\",\n\t            \"logo\": \"https:\/\/www.vita.sk\/img\/vita_logo.png \",\n\t            \"address\": {\n\t                \"type\": \"PostalAddress\",\n\t                \"streetAddress\": \"Tom\u00e1\u0161ikova 50\/A\",\n\t                \"addressLocality\": \"Bratislava\",\n\t                \"postalCode\": \"83104\",\n\t                \"addressCountry\": {\n\t                    \"name\": \"SK\",\n\t                    \"type\": \"Country\"\n\t                }\n\t            },\n\t            \"contactPoint\": {\n\t                \"type\": \"ContactPoint\",\n\t                \"telephone\": \"+421 907 375\u00a0543\",\n\t                \"Email\": \"admin@vita.sk\",\n\t                \"contactType\": \"customer service\"\n\t            },\n\t            \"sameAs\": [\n\t                \"https:\/\/www.facebook.com\/VitaAcademySK\/\",\n\t                \"https:\/\/www.linkedin.com\/company\/vita-academy\/\"\n\t            ]\n\t        }\n\t    ]\n\t}<\/script>\n<!-- \/ Yoast SEO Premium plugin. -->","yoast_head_json":{"title":"Bal\u00edk SAP Profesion\u00e1l 2026 | VITA","robots":{"index":"index","follow":"follow","max-snippet":"max-snippet:-1","max-image-preview":"max-image-preview:large","max-video-preview":"max-video-preview:-1"},"canonical":"https:\/\/www.vita.sk\/balik-sap-profesional\/","og_locale":"en_US","og_type":"article","og_title":"Bal\u00edk SAP Profesion\u00e1l","og_description":"Bal\u00edk SAP Profesion\u00e1l je pre v\u00e1s ide\u00e1lnou vo\u013ebou, ak sa t\u00fa\u017eite uplatni\u0165 ako SAP \u0161pecialista, konzultant developer alebo SAP administr\u00e1tor. Ide o\u00a0Bal\u00edk online akreditovan\u00fdch kurzov ur\u010den\u00fd na Preplatenie \u00daradom pr\u00e1ce\u00a0(Projekt Zru\u010dnosti pre trh pr\u00e1ce). Online kurzy v\u00e1s nau\u010dia pracova\u0165 v syst\u00e9me SAP a pou\u017e\u00edva\u0165 programovac\u00ed jazyk ABAP. Spozn\u00e1te technol\u00f3gie, ktor\u00e9 s\u00fa d\u00f4le\u017eitou s\u00fa\u010das\u0165ou v modernom [&hellip;]","og_url":"https:\/\/www.vita.sk\/balik-sap-profesional\/","og_site_name":"VITA","article_publisher":"https:\/\/www.facebook.com\/VitaAcademySK","article_modified_time":"2026-03-17T19:20:44+00:00","og_image":[{"width":360,"height":360,"url":"https:\/\/www.vita.sk\/wp-content\/uploads\/2020\/11\/kurz-sap.png","type":"image\/png"}],"twitter_card":"summary_large_image","twitter_misc":{"Est. reading time":"1 minute"},"schema":{"@context":"https:\/\/schema.org","@graph":[{"@type":"WebPage","@id":"https:\/\/www.vita.sk\/balik-sap-profesional\/","url":"https:\/\/www.vita.sk\/balik-sap-profesional\/","name":"Bal\u00edk SAP Profesion\u00e1l {Y} | VITA","isPartOf":{"@id":"https:\/\/www.vita.sk\/#website"},"primaryImageOfPage":{"@id":"https:\/\/www.vita.sk\/balik-sap-profesional\/#primaryimage"},"image":{"@id":"https:\/\/www.vita.sk\/balik-sap-profesional\/#primaryimage"},"thumbnailUrl":"https:\/\/www.vita.sk\/wp-content\/uploads\/2020\/11\/kurz-sap.png","datePublished":"2024-03-25T10:25:33+00:00","dateModified":"2026-03-17T19:20:44+00:00","breadcrumb":{"@id":"https:\/\/www.vita.sk\/balik-sap-profesional\/#breadcrumb"},"inLanguage":"en-US","potentialAction":[{"@type":"ReadAction","target":["https:\/\/www.vita.sk\/balik-sap-profesional\/"]}]},{"@type":"ImageObject","inLanguage":"en-US","@id":"https:\/\/www.vita.sk\/balik-sap-profesional\/#primaryimage","url":"https:\/\/www.vita.sk\/wp-content\/uploads\/2020\/11\/kurz-sap.png","contentUrl":"https:\/\/www.vita.sk\/wp-content\/uploads\/2020\/11\/kurz-sap.png","width":360,"height":360,"caption":"Online kurz SAP"},{"@type":"BreadcrumbList","@id":"https:\/\/www.vita.sk\/balik-sap-profesional\/#breadcrumb","itemListElement":[{"@type":"ListItem","position":1,"name":"VITA Academy","item":"https:\/\/www.vita.sk\/en\/"},{"@type":"ListItem","position":2,"name":"Shop","item":"https:\/\/www.vita.sk\/shop\/"},{"@type":"ListItem","position":3,"name":"Online \u0160kolenia \u00darad Pr\u00e1ce","item":"https:\/\/www.vita.sk\/online-kurzy-urad-prace-zrucnosti-pre-trh-prace\/"},{"@type":"ListItem","position":4,"name":"Bal\u00edk SAP Profesion\u00e1l"}]},{"@type":"WebSite","@id":"https:\/\/www.vita.sk\/#website","url":"https:\/\/www.vita.sk\/","name":"VITA","description":"","publisher":{"@id":"https:\/\/www.vita.sk\/#organization"},"potentialAction":[{"@type":"SearchAction","target":{"@type":"EntryPoint","urlTemplate":"https:\/\/www.vita.sk\/?s={search_term_string}"},"query-input":{"@type":"PropertyValueSpecification","valueRequired":true,"valueName":"search_term_string"}}],"inLanguage":"en-US"},{"email":"admin@vita.sk","logo":"https:\/\/www.vita.sk\/img\/vita_logo.png ","address":{"type":"PostalAddress","streetAddress":"Tom\u00e1\u0161ikova 50\/A","addressLocality":"Bratislava","postalCode":"83104","addressCountry":{"name":"SK","type":"Country"}},"contactPoint":{"type":"ContactPoint","telephone":"+421 907 375\u00a0543","Email":"admin@vita.sk","contactType":"customer service"},"sameAs":["https:\/\/www.facebook.com\/VitaAcademySK\/","https:\/\/www.linkedin.com\/company\/vita-academy\/"]}]}},"acf":[],"_links":{"self":[{"href":"https:\/\/www.vita.sk\/en\/wp-json\/wp\/v2\/product\/19124","targetHints":{"allow":["GET"]}}],"collection":[{"href":"https:\/\/www.vita.sk\/en\/wp-json\/wp\/v2\/product"}],"about":[{"href":"https:\/\/www.vita.sk\/en\/wp-json\/wp\/v2\/types\/product"}],"author":[{"embeddable":true,"href":"https:\/\/www.vita.sk\/en\/wp-json\/wp\/v2\/users\/4"}],"replies":[{"embeddable":true,"href":"https:\/\/www.vita.sk\/en\/wp-json\/wp\/v2\/comments?post=19124"}],"wp:featuredmedia":[{"embeddable":true,"href":"https:\/\/www.vita.sk\/en\/wp-json\/wp\/v2\/media\/4244"}],"wp:attachment":[{"href":"https:\/\/www.vita.sk\/en\/wp-json\/wp\/v2\/media?parent=19124"}],"wp:term":[{"taxonomy":"product_brand","embeddable":true,"href":"https:\/\/www.vita.sk\/en\/wp-json\/wp\/v2\/product_brand?post=19124"},{"taxonomy":"product_cat","embeddable":true,"href":"https:\/\/www.vita.sk\/en\/wp-json\/wp\/v2\/product_cat?post=19124"},{"taxonomy":"product_tag","embeddable":true,"href":"https:\/\/www.vita.sk\/en\/wp-json\/wp\/v2\/product_tag?post=19124"}],"curies":[{"name":"wp","href":"https:\/\/api.w.org\/{rel}","templated":true}]}}