{"id":19187,"date":"2024-03-27T11:07:06","date_gmt":"2024-03-27T10:07:06","guid":{"rendered":"https:\/\/www.vita.sk\/?post_type=product&#038;p=19187"},"modified":"2025-11-07T14:15:24","modified_gmt":"2025-11-07T13:15:24","slug":"balik-administrator-siete","status":"publish","type":"product","link":"https:\/\/www.vita.sk\/en\/balik-administrator-siete\/","title":{"rendered":"Bal\u00edk Administr\u00e1tor Siete"},"content":{"rendered":"<p>Bal\u00edk Administr\u00e1tor Siete je pre v\u00e1s ide\u00e1lny, ak ste sa rozhodli uplatni\u0165 ako administr\u00e1tor siete, sie\u0165ov\u00fd admin alebo IT \u0161pecialista. Ide o\u00a0<strong>Bal\u00edk online akreditovan\u00fdch kurzov ur\u010den\u00fd na Preplatenie \u00daradom pr\u00e1ce<\/strong>\u00a0(<strong>Projekt Zru\u010dnosti pre trh pr\u00e1ce<\/strong>). Obozn\u00e1mime v\u00e1s so z\u00e1kladn\u00fdmi princ\u00edpmi po\u010d\u00edta\u010dov\u00fdch siet\u00ed, ich funkciami a mo\u017enos\u0165ami pou\u017e\u00edvania. Budete vedie\u0165 ovl\u00e1da\u0165 r\u00f4zne syst\u00e9mov\u00e9 utility, \u0161ifrovanie a zvl\u00e1dnete aj n\u00e1ro\u010dnej\u0161ie konfigur\u00e1cie. Osvoj\u00edte si r\u00f4zne met\u00f3dy implement\u00e1cie po\u010d\u00edta\u010dov\u00fdch siet\u00ed. Nau\u010d\u00edte sa zostavi\u0165 men\u0161ie a v\u00e4\u010d\u0161ie po\u010d\u00edta\u010dov\u00e9 siete, zabezpe\u010dova\u0165 ich a pou\u017e\u00edva\u0165 r\u00f4zne protokoly. <strong>\u00darad pr\u00e1ce v\u00e1m preplat\u00ed cel\u00fd bal\u00edk online kurzov.<\/strong><\/p>\n","protected":false},"excerpt":{"rendered":"<p>Bal\u00edk Administr\u00e1tor Siete je pre v\u00e1s ide\u00e1lny, ak ste sa rozhodli uplatni\u0165 ako administr\u00e1tor siete, sie\u0165ov\u00fd admin alebo IT \u0161pecialista. Ide o\u00a0<strong>Bal\u00edk online akreditovan\u00fdch kurzov ur\u010den\u00fd na Preplatenie \u00daradom pr\u00e1ce<\/strong>\u00a0(<strong>Projekt Zru\u010dnosti pre trh pr\u00e1ce<\/strong>). Obozn\u00e1mime \u0165a so z\u00e1kladn\u00fdmi princ\u00edpmi po\u010d\u00edta\u010dov\u00fdch siet\u00ed, ich funkciami a mo\u017enos\u0165ami vyu\u017e\u00edvania.","protected":false},"author":4,"featured_media":19191,"comment_status":"open","ping_status":"closed","template":"","meta":{"_acf_changed":false},"product_brand":[],"product_cat":[615],"product_tag":[197,206],"class_list":{"0":"post-19187","1":"product","2":"type-product","3":"status-publish","4":"has-post-thumbnail","6":"product_cat-online-kurzy-urad-prace-zrucnosti-pre-trh-prace","7":"product_tag-baliky-kurzov-a-predplatne","8":"product_tag-pocitacove-siete","10":"first","11":"instock","12":"sold-individually","13":"taxable","14":"shipping-taxable","15":"purchasable","16":"product-type-simple"},"yoast_head":"<!-- This site is optimized with the Yoast SEO Premium plugin v25.0 (Yoast SEO v25.0) - https:\/\/yoast.com\/wordpress\/plugins\/seo\/ -->\n<title>Bal\u00edk Administr\u00e1tor Siete 2026 | VITA<\/title>\n<meta name=\"robots\" content=\"index, follow, max-snippet:-1, max-image-preview:large, max-video-preview:-1\" \/>\n<link rel=\"canonical\" href=\"https:\/\/www.vita.sk\/balik-administrator-siete\/\" \/>\n<meta property=\"og:locale\" content=\"en_US\" \/>\n<meta property=\"og:type\" content=\"article\" \/>\n<meta property=\"og:title\" content=\"Bal\u00edk Administr\u00e1tor Siete\" \/>\n<meta property=\"og:description\" content=\"Bal\u00edk Administr\u00e1tor Siete je pre v\u00e1s ide\u00e1lny, ak ste sa rozhodli uplatni\u0165 ako administr\u00e1tor siete, sie\u0165ov\u00fd admin alebo IT \u0161pecialista. Ide o\u00a0Bal\u00edk online akreditovan\u00fdch kurzov ur\u010den\u00fd na Preplatenie \u00daradom pr\u00e1ce\u00a0(Projekt Zru\u010dnosti pre trh pr\u00e1ce). Obozn\u00e1mime \u0165a so z\u00e1kladn\u00fdmi princ\u00edpmi po\u010d\u00edta\u010dov\u00fdch siet\u00ed, ich funkciami a mo\u017enos\u0165ami vyu\u017e\u00edvania.\" \/>\n<meta property=\"og:url\" content=\"https:\/\/www.vita.sk\/balik-administrator-siete\/\" \/>\n<meta property=\"og:site_name\" content=\"VITA\" \/>\n<meta property=\"article:publisher\" content=\"https:\/\/www.facebook.com\/VitaAcademySK\" \/>\n<meta property=\"article:modified_time\" content=\"2025-11-07T13:15:24+00:00\" \/>\n<meta property=\"og:image\" content=\"https:\/\/www.vita.sk\/wp-content\/uploads\/2024\/03\/kurz-siete.png\" \/>\n\t<meta property=\"og:image:width\" content=\"360\" \/>\n\t<meta property=\"og:image:height\" content=\"360\" \/>\n\t<meta property=\"og:image:type\" content=\"image\/png\" \/>\n<meta name=\"twitter:card\" content=\"summary_large_image\" \/>\n<meta name=\"twitter:label1\" content=\"Est. reading time\" \/>\n\t<meta name=\"twitter:data1\" content=\"1 minute\" \/>\n<script type=\"application\/ld+json\" class=\"yoast-schema-graph\">{\n\t    \"@context\": \"https:\/\/schema.org\",\n\t    \"@graph\": [\n\t        {\n\t            \"@type\": \"WebPage\",\n\t            \"@id\": \"https:\/\/www.vita.sk\/balik-administrator-siete\/\",\n\t            \"url\": \"https:\/\/www.vita.sk\/balik-administrator-siete\/\",\n\t            \"name\": \"Bal\u00edk Administr\u00e1tor Siete {Y} | VITA\",\n\t            \"isPartOf\": {\n\t                \"@id\": \"https:\/\/www.vita.sk\/#website\"\n\t            },\n\t            \"primaryImageOfPage\": {\n\t                \"@id\": \"https:\/\/www.vita.sk\/balik-administrator-siete\/#primaryimage\"\n\t            },\n\t            \"image\": {\n\t                \"@id\": \"https:\/\/www.vita.sk\/balik-administrator-siete\/#primaryimage\"\n\t            },\n\t            \"thumbnailUrl\": \"https:\/\/www.vita.sk\/wp-content\/uploads\/2024\/03\/kurz-siete.png\",\n\t            \"datePublished\": \"2024-03-27T10:07:06+00:00\",\n\t            \"dateModified\": \"2025-11-07T13:15:24+00:00\",\n\t            \"breadcrumb\": {\n\t                \"@id\": \"https:\/\/www.vita.sk\/balik-administrator-siete\/#breadcrumb\"\n\t            },\n\t            \"inLanguage\": \"en-US\",\n\t            \"potentialAction\": [\n\t                {\n\t                    \"@type\": \"ReadAction\",\n\t                    \"target\": [\n\t                        \"https:\/\/www.vita.sk\/balik-administrator-siete\/\"\n\t                    ]\n\t                }\n\t            ]\n\t        },\n\t        {\n\t            \"@type\": \"ImageObject\",\n\t            \"inLanguage\": \"en-US\",\n\t            \"@id\": \"https:\/\/www.vita.sk\/balik-administrator-siete\/#primaryimage\",\n\t            \"url\": \"https:\/\/www.vita.sk\/wp-content\/uploads\/2024\/03\/kurz-siete.png\",\n\t            \"contentUrl\": \"https:\/\/www.vita.sk\/wp-content\/uploads\/2024\/03\/kurz-siete.png\",\n\t            \"width\": 360,\n\t            \"height\": 360\n\t        },\n\t        {\n\t            \"@type\": \"BreadcrumbList\",\n\t            \"@id\": \"https:\/\/www.vita.sk\/balik-administrator-siete\/#breadcrumb\",\n\t            \"itemListElement\": [\n\t                {\n\t                    \"@type\": \"ListItem\",\n\t                    \"position\": 1,\n\t                    \"name\": \"VITA Academy\",\n\t                    \"item\": \"https:\/\/www.vita.sk\/en\/\"\n\t                },\n\t                {\n\t                    \"@type\": \"ListItem\",\n\t                    \"position\": 2,\n\t                    \"name\": \"Shop\",\n\t                    \"item\": \"https:\/\/www.vita.sk\/shop\/\"\n\t                },\n\t                {\n\t                    \"@type\": \"ListItem\",\n\t                    \"position\": 3,\n\t                    \"name\": \"Online \u0160kolenia \u00darad Pr\u00e1ce\",\n\t                    \"item\": \"https:\/\/www.vita.sk\/online-kurzy-urad-prace-zrucnosti-pre-trh-prace\/\"\n\t                },\n\t                {\n\t                    \"@type\": \"ListItem\",\n\t                    \"position\": 4,\n\t                    \"name\": \"Bal\u00edk Administr\u00e1tor Siete\"\n\t                }\n\t            ]\n\t        },\n\t        {\n\t            \"@type\": \"WebSite\",\n\t            \"@id\": \"https:\/\/www.vita.sk\/#website\",\n\t            \"url\": \"https:\/\/www.vita.sk\/\",\n\t            \"name\": \"VITA\",\n\t            \"description\": \"\",\n\t            \"publisher\": {\n\t                \"@id\": \"https:\/\/www.vita.sk\/#organization\"\n\t            },\n\t            \"potentialAction\": [\n\t                {\n\t                    \"@type\": \"SearchAction\",\n\t                    \"target\": {\n\t                        \"@type\": \"EntryPoint\",\n\t                        \"urlTemplate\": \"https:\/\/www.vita.sk\/?s={search_term_string}\"\n\t                    },\n\t                    \"query-input\": {\n\t                        \"@type\": \"PropertyValueSpecification\",\n\t                        \"valueRequired\": true,\n\t                        \"valueName\": \"search_term_string\"\n\t                    }\n\t                }\n\t            ],\n\t            \"inLanguage\": \"en-US\"\n\t        },\n\t        {\n\t            \"email\": \"admin@vita.sk\",\n\t            \"logo\": \"https:\/\/www.vita.sk\/img\/vita_logo.png \",\n\t            \"address\": {\n\t                \"type\": \"PostalAddress\",\n\t                \"streetAddress\": \"Tom\u00e1\u0161ikova 50\/A\",\n\t                \"addressLocality\": \"Bratislava\",\n\t                \"postalCode\": \"83104\",\n\t                \"addressCountry\": {\n\t                    \"name\": \"SK\",\n\t                    \"type\": \"Country\"\n\t                }\n\t            },\n\t            \"contactPoint\": {\n\t                \"type\": \"ContactPoint\",\n\t                \"telephone\": \"+421 907 375\u00a0543\",\n\t                \"Email\": \"admin@vita.sk\",\n\t                \"contactType\": \"customer service\"\n\t            },\n\t            \"sameAs\": [\n\t                \"https:\/\/www.facebook.com\/VitaAcademySK\/\",\n\t                \"https:\/\/www.linkedin.com\/company\/vita-academy\/\"\n\t            ]\n\t        }\n\t    ]\n\t}<\/script>\n<!-- \/ Yoast SEO Premium plugin. -->","yoast_head_json":{"title":"Bal\u00edk Administr\u00e1tor Siete 2026 | VITA","robots":{"index":"index","follow":"follow","max-snippet":"max-snippet:-1","max-image-preview":"max-image-preview:large","max-video-preview":"max-video-preview:-1"},"canonical":"https:\/\/www.vita.sk\/balik-administrator-siete\/","og_locale":"en_US","og_type":"article","og_title":"Bal\u00edk Administr\u00e1tor Siete","og_description":"Bal\u00edk Administr\u00e1tor Siete je pre v\u00e1s ide\u00e1lny, ak ste sa rozhodli uplatni\u0165 ako administr\u00e1tor siete, sie\u0165ov\u00fd admin alebo IT \u0161pecialista. Ide o\u00a0Bal\u00edk online akreditovan\u00fdch kurzov ur\u010den\u00fd na Preplatenie \u00daradom pr\u00e1ce\u00a0(Projekt Zru\u010dnosti pre trh pr\u00e1ce). Obozn\u00e1mime \u0165a so z\u00e1kladn\u00fdmi princ\u00edpmi po\u010d\u00edta\u010dov\u00fdch siet\u00ed, ich funkciami a mo\u017enos\u0165ami vyu\u017e\u00edvania.","og_url":"https:\/\/www.vita.sk\/balik-administrator-siete\/","og_site_name":"VITA","article_publisher":"https:\/\/www.facebook.com\/VitaAcademySK","article_modified_time":"2025-11-07T13:15:24+00:00","og_image":[{"width":360,"height":360,"url":"https:\/\/www.vita.sk\/wp-content\/uploads\/2024\/03\/kurz-siete.png","type":"image\/png"}],"twitter_card":"summary_large_image","twitter_misc":{"Est. reading time":"1 minute"},"schema":{"@context":"https:\/\/schema.org","@graph":[{"@type":"WebPage","@id":"https:\/\/www.vita.sk\/balik-administrator-siete\/","url":"https:\/\/www.vita.sk\/balik-administrator-siete\/","name":"Bal\u00edk Administr\u00e1tor Siete {Y} | VITA","isPartOf":{"@id":"https:\/\/www.vita.sk\/#website"},"primaryImageOfPage":{"@id":"https:\/\/www.vita.sk\/balik-administrator-siete\/#primaryimage"},"image":{"@id":"https:\/\/www.vita.sk\/balik-administrator-siete\/#primaryimage"},"thumbnailUrl":"https:\/\/www.vita.sk\/wp-content\/uploads\/2024\/03\/kurz-siete.png","datePublished":"2024-03-27T10:07:06+00:00","dateModified":"2025-11-07T13:15:24+00:00","breadcrumb":{"@id":"https:\/\/www.vita.sk\/balik-administrator-siete\/#breadcrumb"},"inLanguage":"en-US","potentialAction":[{"@type":"ReadAction","target":["https:\/\/www.vita.sk\/balik-administrator-siete\/"]}]},{"@type":"ImageObject","inLanguage":"en-US","@id":"https:\/\/www.vita.sk\/balik-administrator-siete\/#primaryimage","url":"https:\/\/www.vita.sk\/wp-content\/uploads\/2024\/03\/kurz-siete.png","contentUrl":"https:\/\/www.vita.sk\/wp-content\/uploads\/2024\/03\/kurz-siete.png","width":360,"height":360},{"@type":"BreadcrumbList","@id":"https:\/\/www.vita.sk\/balik-administrator-siete\/#breadcrumb","itemListElement":[{"@type":"ListItem","position":1,"name":"VITA Academy","item":"https:\/\/www.vita.sk\/en\/"},{"@type":"ListItem","position":2,"name":"Shop","item":"https:\/\/www.vita.sk\/shop\/"},{"@type":"ListItem","position":3,"name":"Online \u0160kolenia \u00darad Pr\u00e1ce","item":"https:\/\/www.vita.sk\/online-kurzy-urad-prace-zrucnosti-pre-trh-prace\/"},{"@type":"ListItem","position":4,"name":"Bal\u00edk Administr\u00e1tor Siete"}]},{"@type":"WebSite","@id":"https:\/\/www.vita.sk\/#website","url":"https:\/\/www.vita.sk\/","name":"VITA","description":"","publisher":{"@id":"https:\/\/www.vita.sk\/#organization"},"potentialAction":[{"@type":"SearchAction","target":{"@type":"EntryPoint","urlTemplate":"https:\/\/www.vita.sk\/?s={search_term_string}"},"query-input":{"@type":"PropertyValueSpecification","valueRequired":true,"valueName":"search_term_string"}}],"inLanguage":"en-US"},{"email":"admin@vita.sk","logo":"https:\/\/www.vita.sk\/img\/vita_logo.png ","address":{"type":"PostalAddress","streetAddress":"Tom\u00e1\u0161ikova 50\/A","addressLocality":"Bratislava","postalCode":"83104","addressCountry":{"name":"SK","type":"Country"}},"contactPoint":{"type":"ContactPoint","telephone":"+421 907 375\u00a0543","Email":"admin@vita.sk","contactType":"customer service"},"sameAs":["https:\/\/www.facebook.com\/VitaAcademySK\/","https:\/\/www.linkedin.com\/company\/vita-academy\/"]}]}},"acf":[],"_links":{"self":[{"href":"https:\/\/www.vita.sk\/en\/wp-json\/wp\/v2\/product\/19187","targetHints":{"allow":["GET"]}}],"collection":[{"href":"https:\/\/www.vita.sk\/en\/wp-json\/wp\/v2\/product"}],"about":[{"href":"https:\/\/www.vita.sk\/en\/wp-json\/wp\/v2\/types\/product"}],"author":[{"embeddable":true,"href":"https:\/\/www.vita.sk\/en\/wp-json\/wp\/v2\/users\/4"}],"replies":[{"embeddable":true,"href":"https:\/\/www.vita.sk\/en\/wp-json\/wp\/v2\/comments?post=19187"}],"wp:featuredmedia":[{"embeddable":true,"href":"https:\/\/www.vita.sk\/en\/wp-json\/wp\/v2\/media\/19191"}],"wp:attachment":[{"href":"https:\/\/www.vita.sk\/en\/wp-json\/wp\/v2\/media?parent=19187"}],"wp:term":[{"taxonomy":"product_brand","embeddable":true,"href":"https:\/\/www.vita.sk\/en\/wp-json\/wp\/v2\/product_brand?post=19187"},{"taxonomy":"product_cat","embeddable":true,"href":"https:\/\/www.vita.sk\/en\/wp-json\/wp\/v2\/product_cat?post=19187"},{"taxonomy":"product_tag","embeddable":true,"href":"https:\/\/www.vita.sk\/en\/wp-json\/wp\/v2\/product_tag?post=19187"}],"curies":[{"name":"wp","href":"https:\/\/api.w.org\/{rel}","templated":true}]}}