{"id":19189,"date":"2024-03-27T10:57:06","date_gmt":"2024-03-27T09:57:06","guid":{"rendered":"https:\/\/www.vita.sk\/?post_type=product&#038;p=19189"},"modified":"2025-11-07T14:03:19","modified_gmt":"2025-11-07T13:03:19","slug":"balik-online-marketer","status":"publish","type":"product","link":"https:\/\/www.vita.sk\/en\/balik-online-marketer\/","title":{"rendered":"Bal\u00edk Online Market\u00e9r"},"content":{"rendered":"<p>Bal\u00edk Online Market\u00e9r je pre v\u00e1s ide\u00e1lny, ak chcete za\u010da\u0165 pou\u017e\u00edva\u0165 soci\u00e1lne siete ako marketingov\u00fd n\u00e1stroj pre v\u00e4\u010d\u0161\u00ed dosah publika, \u00faspe\u0161nos\u0165 va\u0161ej zna\u010dky alebo podnikania. Ide o <strong>Bal\u00edk online akreditovan\u00fdch kurzov ur\u010den\u00fd na Preplatenie \u00daradom pr\u00e1ce<\/strong>\u00a0(<strong>Projekt Zru\u010dnosti pre trh pr\u00e1ce<\/strong>). Povieme si ako odprezentova\u0165 svoju firmu, slu\u017eby alebo produkty online. Nau\u010d\u00edte sa pl\u00e1nova\u0165 pr\u00edspevky a vyhodnocova\u0165 ich \u00faspe\u0161nos\u0165 s n\u00e1strojom Meta Business Suite. Uk\u00e1\u017eeme si ako pripravi\u0165 pr\u00edbehy (Stories), kr\u00e1tke vide\u00e1 (Reels), stanovova\u0165 ciele a zlep\u0161i\u0165 vlastn\u00fa propag\u00e1ciu. Rovnako sa pozrieme aj na integr\u00e1ciu jednotliv\u00fdch kampan\u00ed a pr\u00e1cu s Facebook aplik\u00e1ciami. Nau\u010d\u00edte sa propagova\u0165 Facebook str\u00e1nku a premie\u0148a\u0165 fan\u00fa\u0161ikov na z\u00e1kazn\u00edkov. S kurzom Copywriting budete ovl\u00e1da\u0165 vytv\u00e1ranie a spracovanie kreat\u00edvnych textov spolu s reklamn\u00fdmi sloganmi. Prevedieme v\u00e1s n\u00e1vrhom k\u013e\u00fa\u010dov\u00fdch slov a SEO technikami na zlep\u0161enie poz\u00edcie vo v\u00fdsledkoch vyh\u013ead\u00e1vania. Okrem toho sa pozrieme na mo\u017enosti vyu\u017eitia LinkedIn a tvorbu vlastn\u00e9ho YouTube kan\u00e1la. <strong>\u00darad pr\u00e1ce v\u00e1m preplat\u00ed cel\u00fd bal\u00edk online kurzov.\u00a0<\/strong><\/p>\n<p>&nbsp;<\/p>\n","protected":false},"excerpt":{"rendered":"<p>Bal\u00edk Online Market\u00e9r je pre v\u00e1s ide\u00e1lny, ak chcete za\u010da\u0165 pou\u017e\u00edva\u0165 soci\u00e1lne siete ako marketingov\u00fd n\u00e1stroj pre v\u00e4\u010d\u0161\u00ed dosah publika, \u00faspe\u0161nos\u0165 va\u0161ej zna\u010dky alebo podnikania. Ide o <strong>Bal\u00edk online akreditovan\u00fdch kurzov ur\u010den\u00fd na Preplatenie \u00daradom pr\u00e1ce<\/strong>\u00a0(<strong>Projekt Zru\u010dnosti pre trh pr\u00e1ce<\/strong>).","protected":false},"author":4,"featured_media":17425,"comment_status":"open","ping_status":"closed","template":"","meta":{"_acf_changed":false},"product_brand":[],"product_cat":[615],"product_tag":[197,183],"class_list":{"0":"post-19189","1":"product","2":"type-product","3":"status-publish","4":"has-post-thumbnail","6":"product_cat-online-kurzy-urad-prace-zrucnosti-pre-trh-prace","7":"product_tag-baliky-kurzov-a-predplatne","8":"product_tag-marketing","10":"first","11":"instock","12":"sold-individually","13":"taxable","14":"shipping-taxable","15":"purchasable","16":"product-type-simple"},"yoast_head":"<!-- This site is optimized with the Yoast SEO Premium plugin v25.0 (Yoast SEO v25.0) - https:\/\/yoast.com\/wordpress\/plugins\/seo\/ -->\n<title>Bal\u00edk Online Market\u00e9r 2026 | VITA<\/title>\n<meta name=\"robots\" content=\"index, follow, max-snippet:-1, max-image-preview:large, max-video-preview:-1\" \/>\n<link rel=\"canonical\" href=\"https:\/\/www.vita.sk\/balik-online-marketer\/\" \/>\n<meta property=\"og:locale\" content=\"en_US\" \/>\n<meta property=\"og:type\" content=\"article\" \/>\n<meta property=\"og:title\" content=\"Bal\u00edk Online Market\u00e9r\" \/>\n<meta property=\"og:description\" content=\"Bal\u00edk Online Market\u00e9r je pre v\u00e1s ide\u00e1lny, ak chcete za\u010da\u0165 pou\u017e\u00edva\u0165 soci\u00e1lne siete ako marketingov\u00fd n\u00e1stroj pre v\u00e4\u010d\u0161\u00ed dosah publika, \u00faspe\u0161nos\u0165 va\u0161ej zna\u010dky alebo podnikania. Ide o Bal\u00edk online akreditovan\u00fdch kurzov ur\u010den\u00fd na Preplatenie \u00daradom pr\u00e1ce\u00a0(Projekt Zru\u010dnosti pre trh pr\u00e1ce).\" \/>\n<meta property=\"og:url\" content=\"https:\/\/www.vita.sk\/balik-online-marketer\/\" \/>\n<meta property=\"og:site_name\" content=\"VITA\" \/>\n<meta property=\"article:publisher\" content=\"https:\/\/www.facebook.com\/VitaAcademySK\" \/>\n<meta property=\"article:modified_time\" content=\"2025-11-07T13:03:19+00:00\" \/>\n<meta property=\"og:image\" content=\"https:\/\/www.vita.sk\/wp-content\/uploads\/2024\/01\/kurz-Komunikacia-na-Socialnych-Sietach.png\" \/>\n\t<meta property=\"og:image:width\" content=\"360\" \/>\n\t<meta property=\"og:image:height\" content=\"360\" \/>\n\t<meta property=\"og:image:type\" content=\"image\/png\" \/>\n<meta name=\"twitter:card\" content=\"summary_large_image\" \/>\n<meta name=\"twitter:label1\" content=\"Est. reading time\" \/>\n\t<meta name=\"twitter:data1\" content=\"2 minutes\" \/>\n<script type=\"application\/ld+json\" class=\"yoast-schema-graph\">{\n\t    \"@context\": \"https:\/\/schema.org\",\n\t    \"@graph\": [\n\t        {\n\t            \"@type\": \"WebPage\",\n\t            \"@id\": \"https:\/\/www.vita.sk\/balik-online-marketer\/\",\n\t            \"url\": \"https:\/\/www.vita.sk\/balik-online-marketer\/\",\n\t            \"name\": \"Bal\u00edk Online Market\u00e9r {Y} | VITA\",\n\t            \"isPartOf\": {\n\t                \"@id\": \"https:\/\/www.vita.sk\/#website\"\n\t            },\n\t            \"primaryImageOfPage\": {\n\t                \"@id\": \"https:\/\/www.vita.sk\/balik-online-marketer\/#primaryimage\"\n\t            },\n\t            \"image\": {\n\t                \"@id\": \"https:\/\/www.vita.sk\/balik-online-marketer\/#primaryimage\"\n\t            },\n\t            \"thumbnailUrl\": \"https:\/\/www.vita.sk\/wp-content\/uploads\/2024\/01\/kurz-Komunikacia-na-Socialnych-Sietach.png\",\n\t            \"datePublished\": \"2024-03-27T09:57:06+00:00\",\n\t            \"dateModified\": \"2025-11-07T13:03:19+00:00\",\n\t            \"breadcrumb\": {\n\t                \"@id\": \"https:\/\/www.vita.sk\/balik-online-marketer\/#breadcrumb\"\n\t            },\n\t            \"inLanguage\": \"en-US\",\n\t            \"potentialAction\": [\n\t                {\n\t                    \"@type\": \"ReadAction\",\n\t                    \"target\": [\n\t                        \"https:\/\/www.vita.sk\/balik-online-marketer\/\"\n\t                    ]\n\t                }\n\t            ]\n\t        },\n\t        {\n\t            \"@type\": \"ImageObject\",\n\t            \"inLanguage\": \"en-US\",\n\t            \"@id\": \"https:\/\/www.vita.sk\/balik-online-marketer\/#primaryimage\",\n\t            \"url\": \"https:\/\/www.vita.sk\/wp-content\/uploads\/2024\/01\/kurz-Komunikacia-na-Socialnych-Sietach.png\",\n\t            \"contentUrl\": \"https:\/\/www.vita.sk\/wp-content\/uploads\/2024\/01\/kurz-Komunikacia-na-Socialnych-Sietach.png\",\n\t            \"width\": 360,\n\t            \"height\": 360,\n\t            \"caption\": \"kurz Komunik\u00e1cia na Soci\u00e1lnych Sie\u0165ach\"\n\t        },\n\t        {\n\t            \"@type\": \"BreadcrumbList\",\n\t            \"@id\": \"https:\/\/www.vita.sk\/balik-online-marketer\/#breadcrumb\",\n\t            \"itemListElement\": [\n\t                {\n\t                    \"@type\": \"ListItem\",\n\t                    \"position\": 1,\n\t                    \"name\": \"VITA Academy\",\n\t                    \"item\": \"https:\/\/www.vita.sk\/en\/\"\n\t                },\n\t                {\n\t                    \"@type\": \"ListItem\",\n\t                    \"position\": 2,\n\t                    \"name\": \"Shop\",\n\t                    \"item\": \"https:\/\/www.vita.sk\/shop\/\"\n\t                },\n\t                {\n\t                    \"@type\": \"ListItem\",\n\t                    \"position\": 3,\n\t                    \"name\": \"Online \u0160kolenia \u00darad Pr\u00e1ce\",\n\t                    \"item\": \"https:\/\/www.vita.sk\/online-kurzy-urad-prace-zrucnosti-pre-trh-prace\/\"\n\t                },\n\t                {\n\t                    \"@type\": \"ListItem\",\n\t                    \"position\": 4,\n\t                    \"name\": \"Bal\u00edk Online Market\u00e9r\"\n\t                }\n\t            ]\n\t        },\n\t        {\n\t            \"@type\": \"WebSite\",\n\t            \"@id\": \"https:\/\/www.vita.sk\/#website\",\n\t            \"url\": \"https:\/\/www.vita.sk\/\",\n\t            \"name\": \"VITA\",\n\t            \"description\": \"\",\n\t            \"publisher\": {\n\t                \"@id\": \"https:\/\/www.vita.sk\/#organization\"\n\t            },\n\t            \"potentialAction\": [\n\t                {\n\t                    \"@type\": \"SearchAction\",\n\t                    \"target\": {\n\t                        \"@type\": \"EntryPoint\",\n\t                        \"urlTemplate\": \"https:\/\/www.vita.sk\/?s={search_term_string}\"\n\t                    },\n\t                    \"query-input\": {\n\t                        \"@type\": \"PropertyValueSpecification\",\n\t                        \"valueRequired\": true,\n\t                        \"valueName\": \"search_term_string\"\n\t                    }\n\t                }\n\t            ],\n\t            \"inLanguage\": \"en-US\"\n\t        },\n\t        {\n\t            \"email\": \"admin@vita.sk\",\n\t            \"logo\": \"https:\/\/www.vita.sk\/img\/vita_logo.png \",\n\t            \"address\": {\n\t                \"type\": \"PostalAddress\",\n\t                \"streetAddress\": \"Tom\u00e1\u0161ikova 50\/A\",\n\t                \"addressLocality\": \"Bratislava\",\n\t                \"postalCode\": \"83104\",\n\t                \"addressCountry\": {\n\t                    \"name\": \"SK\",\n\t                    \"type\": \"Country\"\n\t                }\n\t            },\n\t            \"contactPoint\": {\n\t                \"type\": \"ContactPoint\",\n\t                \"telephone\": \"+421 907 375\u00a0543\",\n\t                \"Email\": \"admin@vita.sk\",\n\t                \"contactType\": \"customer service\"\n\t            },\n\t            \"sameAs\": [\n\t                \"https:\/\/www.facebook.com\/VitaAcademySK\/\",\n\t                \"https:\/\/www.linkedin.com\/company\/vita-academy\/\"\n\t            ]\n\t        }\n\t    ]\n\t}<\/script>\n<!-- \/ Yoast SEO Premium plugin. -->","yoast_head_json":{"title":"Bal\u00edk Online Market\u00e9r 2026 | VITA","robots":{"index":"index","follow":"follow","max-snippet":"max-snippet:-1","max-image-preview":"max-image-preview:large","max-video-preview":"max-video-preview:-1"},"canonical":"https:\/\/www.vita.sk\/balik-online-marketer\/","og_locale":"en_US","og_type":"article","og_title":"Bal\u00edk Online Market\u00e9r","og_description":"Bal\u00edk Online Market\u00e9r je pre v\u00e1s ide\u00e1lny, ak chcete za\u010da\u0165 pou\u017e\u00edva\u0165 soci\u00e1lne siete ako marketingov\u00fd n\u00e1stroj pre v\u00e4\u010d\u0161\u00ed dosah publika, \u00faspe\u0161nos\u0165 va\u0161ej zna\u010dky alebo podnikania. Ide o Bal\u00edk online akreditovan\u00fdch kurzov ur\u010den\u00fd na Preplatenie \u00daradom pr\u00e1ce\u00a0(Projekt Zru\u010dnosti pre trh pr\u00e1ce).","og_url":"https:\/\/www.vita.sk\/balik-online-marketer\/","og_site_name":"VITA","article_publisher":"https:\/\/www.facebook.com\/VitaAcademySK","article_modified_time":"2025-11-07T13:03:19+00:00","og_image":[{"width":360,"height":360,"url":"https:\/\/www.vita.sk\/wp-content\/uploads\/2024\/01\/kurz-Komunikacia-na-Socialnych-Sietach.png","type":"image\/png"}],"twitter_card":"summary_large_image","twitter_misc":{"Est. reading time":"2 minutes"},"schema":{"@context":"https:\/\/schema.org","@graph":[{"@type":"WebPage","@id":"https:\/\/www.vita.sk\/balik-online-marketer\/","url":"https:\/\/www.vita.sk\/balik-online-marketer\/","name":"Bal\u00edk Online Market\u00e9r {Y} | VITA","isPartOf":{"@id":"https:\/\/www.vita.sk\/#website"},"primaryImageOfPage":{"@id":"https:\/\/www.vita.sk\/balik-online-marketer\/#primaryimage"},"image":{"@id":"https:\/\/www.vita.sk\/balik-online-marketer\/#primaryimage"},"thumbnailUrl":"https:\/\/www.vita.sk\/wp-content\/uploads\/2024\/01\/kurz-Komunikacia-na-Socialnych-Sietach.png","datePublished":"2024-03-27T09:57:06+00:00","dateModified":"2025-11-07T13:03:19+00:00","breadcrumb":{"@id":"https:\/\/www.vita.sk\/balik-online-marketer\/#breadcrumb"},"inLanguage":"en-US","potentialAction":[{"@type":"ReadAction","target":["https:\/\/www.vita.sk\/balik-online-marketer\/"]}]},{"@type":"ImageObject","inLanguage":"en-US","@id":"https:\/\/www.vita.sk\/balik-online-marketer\/#primaryimage","url":"https:\/\/www.vita.sk\/wp-content\/uploads\/2024\/01\/kurz-Komunikacia-na-Socialnych-Sietach.png","contentUrl":"https:\/\/www.vita.sk\/wp-content\/uploads\/2024\/01\/kurz-Komunikacia-na-Socialnych-Sietach.png","width":360,"height":360,"caption":"kurz Komunik\u00e1cia na Soci\u00e1lnych Sie\u0165ach"},{"@type":"BreadcrumbList","@id":"https:\/\/www.vita.sk\/balik-online-marketer\/#breadcrumb","itemListElement":[{"@type":"ListItem","position":1,"name":"VITA Academy","item":"https:\/\/www.vita.sk\/en\/"},{"@type":"ListItem","position":2,"name":"Shop","item":"https:\/\/www.vita.sk\/shop\/"},{"@type":"ListItem","position":3,"name":"Online \u0160kolenia \u00darad Pr\u00e1ce","item":"https:\/\/www.vita.sk\/online-kurzy-urad-prace-zrucnosti-pre-trh-prace\/"},{"@type":"ListItem","position":4,"name":"Bal\u00edk Online Market\u00e9r"}]},{"@type":"WebSite","@id":"https:\/\/www.vita.sk\/#website","url":"https:\/\/www.vita.sk\/","name":"VITA","description":"","publisher":{"@id":"https:\/\/www.vita.sk\/#organization"},"potentialAction":[{"@type":"SearchAction","target":{"@type":"EntryPoint","urlTemplate":"https:\/\/www.vita.sk\/?s={search_term_string}"},"query-input":{"@type":"PropertyValueSpecification","valueRequired":true,"valueName":"search_term_string"}}],"inLanguage":"en-US"},{"email":"admin@vita.sk","logo":"https:\/\/www.vita.sk\/img\/vita_logo.png ","address":{"type":"PostalAddress","streetAddress":"Tom\u00e1\u0161ikova 50\/A","addressLocality":"Bratislava","postalCode":"83104","addressCountry":{"name":"SK","type":"Country"}},"contactPoint":{"type":"ContactPoint","telephone":"+421 907 375\u00a0543","Email":"admin@vita.sk","contactType":"customer service"},"sameAs":["https:\/\/www.facebook.com\/VitaAcademySK\/","https:\/\/www.linkedin.com\/company\/vita-academy\/"]}]}},"acf":[],"_links":{"self":[{"href":"https:\/\/www.vita.sk\/en\/wp-json\/wp\/v2\/product\/19189","targetHints":{"allow":["GET"]}}],"collection":[{"href":"https:\/\/www.vita.sk\/en\/wp-json\/wp\/v2\/product"}],"about":[{"href":"https:\/\/www.vita.sk\/en\/wp-json\/wp\/v2\/types\/product"}],"author":[{"embeddable":true,"href":"https:\/\/www.vita.sk\/en\/wp-json\/wp\/v2\/users\/4"}],"replies":[{"embeddable":true,"href":"https:\/\/www.vita.sk\/en\/wp-json\/wp\/v2\/comments?post=19189"}],"wp:featuredmedia":[{"embeddable":true,"href":"https:\/\/www.vita.sk\/en\/wp-json\/wp\/v2\/media\/17425"}],"wp:attachment":[{"href":"https:\/\/www.vita.sk\/en\/wp-json\/wp\/v2\/media?parent=19189"}],"wp:term":[{"taxonomy":"product_brand","embeddable":true,"href":"https:\/\/www.vita.sk\/en\/wp-json\/wp\/v2\/product_brand?post=19189"},{"taxonomy":"product_cat","embeddable":true,"href":"https:\/\/www.vita.sk\/en\/wp-json\/wp\/v2\/product_cat?post=19189"},{"taxonomy":"product_tag","embeddable":true,"href":"https:\/\/www.vita.sk\/en\/wp-json\/wp\/v2\/product_tag?post=19189"}],"curies":[{"name":"wp","href":"https:\/\/api.w.org\/{rel}","templated":true}]}}