{"id":19391,"date":"2024-04-04T14:52:26","date_gmt":"2024-04-04T12:52:26","guid":{"rendered":"https:\/\/www.vita.sk\/?post_type=product&#038;p=19391"},"modified":"2025-11-07T13:56:52","modified_gmt":"2025-11-07T12:56:52","slug":"balik-ikt-architekt","status":"publish","type":"product","link":"https:\/\/www.vita.sk\/en\/balik-ikt-architekt\/","title":{"rendered":"Bal\u00edk IKT Architekt"},"content":{"rendered":"<p>Bal\u00edk IKT Architekt je pre v\u00e1s ide\u00e1lny, ak sa chcete nau\u010di\u0165 modelovanie podnikov\u00fdch procesov na profesion\u00e1lnej \u00farovni pomocou jazykov BPMN, UML a ArchiMate. Ide o <strong>Bal\u00edk online akreditovan\u00fdch kurzov ur\u010den\u00fd na Preplatenie \u00daradom pr\u00e1ce<\/strong>\u00a0(<strong>Projekt Zru\u010dnosti pre trh pr\u00e1ce<\/strong>). Nau\u010d\u00edte sa navrhova\u0165, implementova\u0165 a spravova\u0165 IKT v organiz\u00e1ci\u00ed. Osvoj\u00edte si pojem Enterprise architekt\u00fara (EA), obozn\u00e1mite sa s jej vrstvami a komponentmi. Budete vidie\u0165 ako funguje komunik\u00e1cia medzi vrstvami a modelovanie High-level architekt\u00fary (HLA). Nau\u010d\u00edte sa modelova\u0165 diagramy v jazyku UML, rozumie\u0165 ich \u0161trukt\u00fare a komponentom. Budete ovl\u00e1da\u0165 tvorbu organiza\u010dnej \u0161trukt\u00fary podniku a z\u00edskate poh\u013ead na funk\u010dn\u00e9 a procesn\u00e9 riadenie. Povieme si \u010do je SOA a uk\u00e1\u017eeme si jej nasadenie a z\u00e1kladn\u00e9 bezpe\u010dnostn\u00e9 princ\u00edpy. Ako bonus si povieme o objektovo-orientovanom programovan\u00ed v jazyku Java. Nau\u010d\u00edte sa syntax, preh\u013ead medzi v\u00fdvojov\u00fdmi prostrediami a z\u00edskate pevn\u00e9 praktick\u00e9 z\u00e1klady pre bud\u00facu pr\u00e1cu v Jave. Ak sa chcete sta\u0165 IKT Architektom, ma\u0165 pod kontrolou projekty a z\u00e1rove\u0148 si osvoji\u0165 naj\u010dastej\u0161ie pr\u00ed\u010diny zlyh\u00e1vania projektov, tento bal\u00edk je pre v\u00e1s to prav\u00e9 orechov\u00e9. <strong>\u00darad pr\u00e1ce v\u00e1m preplat\u00ed cel\u00fd bal\u00edk online kurzov.<\/strong><\/p>\n","protected":false},"excerpt":{"rendered":"<p>Bal\u00edk IKT Architekt je pre v\u00e1s ide\u00e1lny, ak sa chcete nau\u010di\u0165 modelovanie podnikov\u00fdch procesov na profesion\u00e1lnej \u00farovni pomocou jazykov BPMN, UML a ArchiMate. Ide o Bal\u00edk online akreditovan\u00fdch kurzov ur\u010den\u00fd na Preplatenie \u00daradom pr\u00e1ce\u00a0(Projekt Zru\u010dnosti pre trh pr\u00e1ce). Nau\u010d\u00edte sa navrhova\u0165, implementova\u0165 a spravova\u0165 IKT v organiz\u00e1ci\u00ed.","protected":false},"author":4,"featured_media":18595,"comment_status":"open","ping_status":"closed","template":"","meta":{"_acf_changed":false},"product_brand":[],"product_cat":[615],"product_tag":[197,582],"class_list":{"0":"post-19391","1":"product","2":"type-product","3":"status-publish","4":"has-post-thumbnail","6":"product_cat-online-kurzy-urad-prace-zrucnosti-pre-trh-prace","7":"product_tag-baliky-kurzov-a-predplatne","8":"product_tag-bpmn","10":"first","11":"instock","12":"sold-individually","13":"taxable","14":"shipping-taxable","15":"purchasable","16":"product-type-simple"},"yoast_head":"<!-- This site is optimized with the Yoast SEO Premium plugin v25.0 (Yoast SEO v25.0) - https:\/\/yoast.com\/wordpress\/plugins\/seo\/ -->\n<title>Bal\u00edk IKT Architekt 2026 | VITA<\/title>\n<meta name=\"robots\" content=\"index, follow, max-snippet:-1, max-image-preview:large, max-video-preview:-1\" \/>\n<link rel=\"canonical\" href=\"https:\/\/www.vita.sk\/balik-ikt-architekt\/\" \/>\n<meta property=\"og:locale\" content=\"en_US\" \/>\n<meta property=\"og:type\" content=\"article\" \/>\n<meta property=\"og:title\" content=\"Bal\u00edk IKT Architekt\" \/>\n<meta property=\"og:description\" content=\"Bal\u00edk IKT Architekt je pre v\u00e1s ide\u00e1lny, ak sa chcete nau\u010di\u0165 modelovanie podnikov\u00fdch procesov na profesion\u00e1lnej \u00farovni pomocou jazykov BPMN, UML a ArchiMate. Ide o Bal\u00edk online akreditovan\u00fdch kurzov ur\u010den\u00fd na Preplatenie \u00daradom pr\u00e1ce\u00a0(Projekt Zru\u010dnosti pre trh pr\u00e1ce). Nau\u010d\u00edte sa navrhova\u0165, implementova\u0165 a spravova\u0165 IKT v organiz\u00e1ci\u00ed. Osvoj\u00edte si pojem Enterprise architekt\u00fara (EA), obozn\u00e1mite sa [&hellip;]\" \/>\n<meta property=\"og:url\" content=\"https:\/\/www.vita.sk\/balik-ikt-architekt\/\" \/>\n<meta property=\"og:site_name\" content=\"VITA\" \/>\n<meta property=\"article:publisher\" content=\"https:\/\/www.facebook.com\/VitaAcademySK\" \/>\n<meta property=\"article:modified_time\" content=\"2025-11-07T12:56:52+00:00\" \/>\n<meta property=\"og:image\" content=\"https:\/\/www.vita.sk\/wp-content\/uploads\/2024\/02\/kurz-ikt-architekt-1.png\" \/>\n\t<meta property=\"og:image:width\" content=\"360\" \/>\n\t<meta property=\"og:image:height\" content=\"360\" \/>\n\t<meta property=\"og:image:type\" content=\"image\/png\" \/>\n<meta name=\"twitter:card\" content=\"summary_large_image\" \/>\n<meta name=\"twitter:label1\" content=\"Est. reading time\" \/>\n\t<meta name=\"twitter:data1\" content=\"2 minutes\" \/>\n<script type=\"application\/ld+json\" class=\"yoast-schema-graph\">{\n\t    \"@context\": \"https:\/\/schema.org\",\n\t    \"@graph\": [\n\t        {\n\t            \"@type\": \"WebPage\",\n\t            \"@id\": \"https:\/\/www.vita.sk\/balik-ikt-architekt\/\",\n\t            \"url\": \"https:\/\/www.vita.sk\/balik-ikt-architekt\/\",\n\t            \"name\": \"Bal\u00edk IKT Architekt {Y} | VITA\",\n\t            \"isPartOf\": {\n\t                \"@id\": \"https:\/\/www.vita.sk\/#website\"\n\t            },\n\t            \"primaryImageOfPage\": {\n\t                \"@id\": \"https:\/\/www.vita.sk\/balik-ikt-architekt\/#primaryimage\"\n\t            },\n\t            \"image\": {\n\t                \"@id\": \"https:\/\/www.vita.sk\/balik-ikt-architekt\/#primaryimage\"\n\t            },\n\t            \"thumbnailUrl\": \"https:\/\/www.vita.sk\/wp-content\/uploads\/2024\/02\/kurz-ikt-architekt-1.png\",\n\t            \"datePublished\": \"2024-04-04T12:52:26+00:00\",\n\t            \"dateModified\": \"2025-11-07T12:56:52+00:00\",\n\t            \"breadcrumb\": {\n\t                \"@id\": \"https:\/\/www.vita.sk\/balik-ikt-architekt\/#breadcrumb\"\n\t            },\n\t            \"inLanguage\": \"en-US\",\n\t            \"potentialAction\": [\n\t                {\n\t                    \"@type\": \"ReadAction\",\n\t                    \"target\": [\n\t                        \"https:\/\/www.vita.sk\/balik-ikt-architekt\/\"\n\t                    ]\n\t                }\n\t            ]\n\t        },\n\t        {\n\t            \"@type\": \"ImageObject\",\n\t            \"inLanguage\": \"en-US\",\n\t            \"@id\": \"https:\/\/www.vita.sk\/balik-ikt-architekt\/#primaryimage\",\n\t            \"url\": \"https:\/\/www.vita.sk\/wp-content\/uploads\/2024\/02\/kurz-ikt-architekt-1.png\",\n\t            \"contentUrl\": \"https:\/\/www.vita.sk\/wp-content\/uploads\/2024\/02\/kurz-ikt-architekt-1.png\",\n\t            \"width\": 360,\n\t            \"height\": 360,\n\t            \"caption\": \"Kurz IKT Architekt\"\n\t        },\n\t        {\n\t            \"@type\": \"BreadcrumbList\",\n\t            \"@id\": \"https:\/\/www.vita.sk\/balik-ikt-architekt\/#breadcrumb\",\n\t            \"itemListElement\": [\n\t                {\n\t                    \"@type\": \"ListItem\",\n\t                    \"position\": 1,\n\t                    \"name\": \"VITA Academy\",\n\t                    \"item\": \"https:\/\/www.vita.sk\/en\/\"\n\t                },\n\t                {\n\t                    \"@type\": \"ListItem\",\n\t                    \"position\": 2,\n\t                    \"name\": \"Shop\",\n\t                    \"item\": \"https:\/\/www.vita.sk\/shop\/\"\n\t                },\n\t                {\n\t                    \"@type\": \"ListItem\",\n\t                    \"position\": 3,\n\t                    \"name\": \"Online \u0160kolenia \u00darad Pr\u00e1ce\",\n\t                    \"item\": \"https:\/\/www.vita.sk\/online-kurzy-urad-prace-zrucnosti-pre-trh-prace\/\"\n\t                },\n\t                {\n\t                    \"@type\": \"ListItem\",\n\t                    \"position\": 4,\n\t                    \"name\": \"Bal\u00edk IKT Architekt\"\n\t                }\n\t            ]\n\t        },\n\t        {\n\t            \"@type\": \"WebSite\",\n\t            \"@id\": \"https:\/\/www.vita.sk\/#website\",\n\t            \"url\": \"https:\/\/www.vita.sk\/\",\n\t            \"name\": \"VITA\",\n\t            \"description\": \"\",\n\t            \"publisher\": {\n\t                \"@id\": \"https:\/\/www.vita.sk\/#organization\"\n\t            },\n\t            \"potentialAction\": [\n\t                {\n\t                    \"@type\": \"SearchAction\",\n\t                    \"target\": {\n\t                        \"@type\": \"EntryPoint\",\n\t                        \"urlTemplate\": \"https:\/\/www.vita.sk\/?s={search_term_string}\"\n\t                    },\n\t                    \"query-input\": {\n\t                        \"@type\": \"PropertyValueSpecification\",\n\t                        \"valueRequired\": true,\n\t                        \"valueName\": \"search_term_string\"\n\t                    }\n\t                }\n\t            ],\n\t            \"inLanguage\": \"en-US\"\n\t        },\n\t        {\n\t            \"email\": \"admin@vita.sk\",\n\t            \"logo\": \"https:\/\/www.vita.sk\/img\/vita_logo.png \",\n\t            \"address\": {\n\t                \"type\": \"PostalAddress\",\n\t                \"streetAddress\": \"Tom\u00e1\u0161ikova 50\/A\",\n\t                \"addressLocality\": \"Bratislava\",\n\t                \"postalCode\": \"83104\",\n\t                \"addressCountry\": {\n\t                    \"name\": \"SK\",\n\t                    \"type\": \"Country\"\n\t                }\n\t            },\n\t            \"contactPoint\": {\n\t                \"type\": \"ContactPoint\",\n\t                \"telephone\": \"+421 907 375\u00a0543\",\n\t                \"Email\": \"admin@vita.sk\",\n\t                \"contactType\": \"customer service\"\n\t            },\n\t            \"sameAs\": [\n\t                \"https:\/\/www.facebook.com\/VitaAcademySK\/\",\n\t                \"https:\/\/www.linkedin.com\/company\/vita-academy\/\"\n\t            ]\n\t        }\n\t    ]\n\t}<\/script>\n<!-- \/ Yoast SEO Premium plugin. -->","yoast_head_json":{"title":"Bal\u00edk IKT Architekt 2026 | VITA","robots":{"index":"index","follow":"follow","max-snippet":"max-snippet:-1","max-image-preview":"max-image-preview:large","max-video-preview":"max-video-preview:-1"},"canonical":"https:\/\/www.vita.sk\/balik-ikt-architekt\/","og_locale":"en_US","og_type":"article","og_title":"Bal\u00edk IKT Architekt","og_description":"Bal\u00edk IKT Architekt je pre v\u00e1s ide\u00e1lny, ak sa chcete nau\u010di\u0165 modelovanie podnikov\u00fdch procesov na profesion\u00e1lnej \u00farovni pomocou jazykov BPMN, UML a ArchiMate. Ide o Bal\u00edk online akreditovan\u00fdch kurzov ur\u010den\u00fd na Preplatenie \u00daradom pr\u00e1ce\u00a0(Projekt Zru\u010dnosti pre trh pr\u00e1ce). Nau\u010d\u00edte sa navrhova\u0165, implementova\u0165 a spravova\u0165 IKT v organiz\u00e1ci\u00ed. Osvoj\u00edte si pojem Enterprise architekt\u00fara (EA), obozn\u00e1mite sa [&hellip;]","og_url":"https:\/\/www.vita.sk\/balik-ikt-architekt\/","og_site_name":"VITA","article_publisher":"https:\/\/www.facebook.com\/VitaAcademySK","article_modified_time":"2025-11-07T12:56:52+00:00","og_image":[{"width":360,"height":360,"url":"https:\/\/www.vita.sk\/wp-content\/uploads\/2024\/02\/kurz-ikt-architekt-1.png","type":"image\/png"}],"twitter_card":"summary_large_image","twitter_misc":{"Est. reading time":"2 minutes"},"schema":{"@context":"https:\/\/schema.org","@graph":[{"@type":"WebPage","@id":"https:\/\/www.vita.sk\/balik-ikt-architekt\/","url":"https:\/\/www.vita.sk\/balik-ikt-architekt\/","name":"Bal\u00edk IKT Architekt {Y} | VITA","isPartOf":{"@id":"https:\/\/www.vita.sk\/#website"},"primaryImageOfPage":{"@id":"https:\/\/www.vita.sk\/balik-ikt-architekt\/#primaryimage"},"image":{"@id":"https:\/\/www.vita.sk\/balik-ikt-architekt\/#primaryimage"},"thumbnailUrl":"https:\/\/www.vita.sk\/wp-content\/uploads\/2024\/02\/kurz-ikt-architekt-1.png","datePublished":"2024-04-04T12:52:26+00:00","dateModified":"2025-11-07T12:56:52+00:00","breadcrumb":{"@id":"https:\/\/www.vita.sk\/balik-ikt-architekt\/#breadcrumb"},"inLanguage":"en-US","potentialAction":[{"@type":"ReadAction","target":["https:\/\/www.vita.sk\/balik-ikt-architekt\/"]}]},{"@type":"ImageObject","inLanguage":"en-US","@id":"https:\/\/www.vita.sk\/balik-ikt-architekt\/#primaryimage","url":"https:\/\/www.vita.sk\/wp-content\/uploads\/2024\/02\/kurz-ikt-architekt-1.png","contentUrl":"https:\/\/www.vita.sk\/wp-content\/uploads\/2024\/02\/kurz-ikt-architekt-1.png","width":360,"height":360,"caption":"Kurz IKT Architekt"},{"@type":"BreadcrumbList","@id":"https:\/\/www.vita.sk\/balik-ikt-architekt\/#breadcrumb","itemListElement":[{"@type":"ListItem","position":1,"name":"VITA Academy","item":"https:\/\/www.vita.sk\/en\/"},{"@type":"ListItem","position":2,"name":"Shop","item":"https:\/\/www.vita.sk\/shop\/"},{"@type":"ListItem","position":3,"name":"Online \u0160kolenia \u00darad Pr\u00e1ce","item":"https:\/\/www.vita.sk\/online-kurzy-urad-prace-zrucnosti-pre-trh-prace\/"},{"@type":"ListItem","position":4,"name":"Bal\u00edk IKT Architekt"}]},{"@type":"WebSite","@id":"https:\/\/www.vita.sk\/#website","url":"https:\/\/www.vita.sk\/","name":"VITA","description":"","publisher":{"@id":"https:\/\/www.vita.sk\/#organization"},"potentialAction":[{"@type":"SearchAction","target":{"@type":"EntryPoint","urlTemplate":"https:\/\/www.vita.sk\/?s={search_term_string}"},"query-input":{"@type":"PropertyValueSpecification","valueRequired":true,"valueName":"search_term_string"}}],"inLanguage":"en-US"},{"email":"admin@vita.sk","logo":"https:\/\/www.vita.sk\/img\/vita_logo.png ","address":{"type":"PostalAddress","streetAddress":"Tom\u00e1\u0161ikova 50\/A","addressLocality":"Bratislava","postalCode":"83104","addressCountry":{"name":"SK","type":"Country"}},"contactPoint":{"type":"ContactPoint","telephone":"+421 907 375\u00a0543","Email":"admin@vita.sk","contactType":"customer service"},"sameAs":["https:\/\/www.facebook.com\/VitaAcademySK\/","https:\/\/www.linkedin.com\/company\/vita-academy\/"]}]}},"acf":[],"_links":{"self":[{"href":"https:\/\/www.vita.sk\/en\/wp-json\/wp\/v2\/product\/19391","targetHints":{"allow":["GET"]}}],"collection":[{"href":"https:\/\/www.vita.sk\/en\/wp-json\/wp\/v2\/product"}],"about":[{"href":"https:\/\/www.vita.sk\/en\/wp-json\/wp\/v2\/types\/product"}],"author":[{"embeddable":true,"href":"https:\/\/www.vita.sk\/en\/wp-json\/wp\/v2\/users\/4"}],"replies":[{"embeddable":true,"href":"https:\/\/www.vita.sk\/en\/wp-json\/wp\/v2\/comments?post=19391"}],"wp:featuredmedia":[{"embeddable":true,"href":"https:\/\/www.vita.sk\/en\/wp-json\/wp\/v2\/media\/18595"}],"wp:attachment":[{"href":"https:\/\/www.vita.sk\/en\/wp-json\/wp\/v2\/media?parent=19391"}],"wp:term":[{"taxonomy":"product_brand","embeddable":true,"href":"https:\/\/www.vita.sk\/en\/wp-json\/wp\/v2\/product_brand?post=19391"},{"taxonomy":"product_cat","embeddable":true,"href":"https:\/\/www.vita.sk\/en\/wp-json\/wp\/v2\/product_cat?post=19391"},{"taxonomy":"product_tag","embeddable":true,"href":"https:\/\/www.vita.sk\/en\/wp-json\/wp\/v2\/product_tag?post=19391"}],"curies":[{"name":"wp","href":"https:\/\/api.w.org\/{rel}","templated":true}]}}