{"id":19407,"date":"2024-04-05T14:54:14","date_gmt":"2024-04-05T12:54:14","guid":{"rendered":"https:\/\/www.vita.sk\/?post_type=product&#038;p=19407"},"modified":"2025-11-07T13:45:48","modified_gmt":"2025-11-07T12:45:48","slug":"balik-autocad-dizajner","status":"publish","type":"product","link":"https:\/\/www.vita.sk\/en\/balik-autocad-dizajner\/","title":{"rendered":"Bal\u00edk AutoCAD Dizajn\u00e9r"},"content":{"rendered":"<p>Bal\u00edk AutoCAD Dizajn\u00e9r je pre v\u00e1s ide\u00e1lny ak sa chcete nau\u010di\u0165 pracova\u0165 s profesion\u00e1lnym softv\u00e9rom na tvorbu technick\u00fdch v\u00fdkresov a modelov. Online kurzu v\u00e1m pom\u00f4\u017eu na ceste sta\u0165 sa CAD dizajn\u00e9rom \u010di projektantom. Ide o\u00a0<strong>Bal\u00edk online akreditovan\u00fdch kurzov ur\u010den\u00fd na Preplatenie \u00daradom pr\u00e1ce<\/strong>\u00a0(<strong>Projekt Zru\u010dnosti pre trh pr\u00e1ce<\/strong>). Spozn\u00e1te pou\u017e\u00edvate\u013esk\u00e9 rozhranie n\u00e1stroja AutoCAD, jeho funkcie a ovl\u00e1dacie prvky. Osvoj\u00edte si \u00fapravy geometrick\u00fdch tvarov ako s\u00fa \u010diary, kruhy, obd\u013a\u017eniky \u010di vytv\u00e1ranie jednoduch\u00fdch v\u00fdkresov. Uk\u00e1\u017eeme si 3D modelovanie a tvorbu komplexn\u00fdch 3D objektov. Budete ovl\u00e1da\u0165 nastavenie r\u00f4znych vlastnost\u00ed v\u00fdkresu, vr\u00e1tane mierky, rozsahu a form\u00e1tovania str\u00e1nky. Rovnako sa nau\u010d\u00edte pracova\u0165 s n\u00e1strojom 3ds Max a upravova\u0165 obr\u00e1zky v CorelDraw, Adobe Photoshop a Adobe Illustrator. \u00a0Nau\u010d\u00edte sa vytv\u00e1ra\u0165 a upravova\u0165 vektorov\u00e9 tvary a objekty. Spozn\u00e1te ako funguje mrie\u017eka, maska a vrstvy. Ak sa chcete sta\u0165 profesion\u00e1lom\u00a0v oblasti technick\u00e9ho dizajnu a in\u017einierstva, tento bal\u00edk je pre v\u00e1s to prav\u00e9 orechov\u00e9. <strong>\u00darad pr\u00e1ce v\u00e1m preplat\u00ed cel\u00fd bal\u00edk online kurzov.<\/strong><\/p>\n","protected":false},"excerpt":{"rendered":"<p>Bal\u00edk AutoCAD Dizajn\u00e9r je pre v\u00e1s ide\u00e1lny ak sa chcete nau\u010di\u0165 pracova\u0165 s profesion\u00e1lnym softv\u00e9rom na tvorbu technick\u00fdch v\u00fdkresov a modelov. Online kurzu v\u00e1m pom\u00f4\u017eu na ceste sta\u0165 sa CAD dizajn\u00e9rom \u010di projektantom. Ide o\u00a0Bal\u00edk online akreditovan\u00fdch kurzov ur\u010den\u00fd na Preplatenie \u00daradom pr\u00e1ce\u00a0(Projekt Zru\u010dnosti pre trh pr\u00e1ce).","protected":false},"author":4,"featured_media":493,"comment_status":"open","ping_status":"closed","template":"","meta":{"_acf_changed":false},"product_brand":[],"product_cat":[615],"product_tag":[194,197],"class_list":{"0":"post-19407","1":"product","2":"type-product","3":"status-publish","4":"has-post-thumbnail","6":"product_cat-online-kurzy-urad-prace-zrucnosti-pre-trh-prace","7":"product_tag-grafika-a-dizajn","8":"product_tag-baliky-kurzov-a-predplatne","10":"first","11":"instock","12":"sold-individually","13":"taxable","14":"shipping-taxable","15":"purchasable","16":"product-type-simple"},"yoast_head":"<!-- This site is optimized with the Yoast SEO Premium plugin v25.0 (Yoast SEO v25.0) - https:\/\/yoast.com\/wordpress\/plugins\/seo\/ -->\n<title>Bal\u00edk AutoCAD Dizajn\u00e9r 2026 | VITA<\/title>\n<meta name=\"robots\" content=\"index, follow, max-snippet:-1, max-image-preview:large, max-video-preview:-1\" \/>\n<link rel=\"canonical\" href=\"https:\/\/www.vita.sk\/balik-autocad-dizajner\/\" \/>\n<meta property=\"og:locale\" content=\"en_US\" \/>\n<meta property=\"og:type\" content=\"article\" \/>\n<meta property=\"og:title\" content=\"Bal\u00edk AutoCAD Dizajn\u00e9r\" \/>\n<meta property=\"og:description\" content=\"Bal\u00edk AutoCAD Dizajn\u00e9r je pre v\u00e1s ide\u00e1lny ak sa chcete nau\u010di\u0165 pracova\u0165 s profesion\u00e1lnym softv\u00e9rom na tvorbu technick\u00fdch v\u00fdkresov a modelov. Online kurzu v\u00e1m pom\u00f4\u017eu na ceste sta\u0165 sa CAD dizajn\u00e9rom \u010di projektantom. Ide o\u00a0Bal\u00edk online akreditovan\u00fdch kurzov ur\u010den\u00fd na Preplatenie \u00daradom pr\u00e1ce\u00a0(Projekt Zru\u010dnosti pre trh pr\u00e1ce). Spozn\u00e1te pou\u017e\u00edvate\u013esk\u00e9 rozhranie n\u00e1stroja AutoCAD, jeho funkcie a [&hellip;]\" \/>\n<meta property=\"og:url\" content=\"https:\/\/www.vita.sk\/balik-autocad-dizajner\/\" \/>\n<meta property=\"og:site_name\" content=\"VITA\" \/>\n<meta property=\"article:publisher\" content=\"https:\/\/www.facebook.com\/VitaAcademySK\" \/>\n<meta property=\"article:modified_time\" content=\"2025-11-07T12:45:48+00:00\" \/>\n<meta property=\"og:image\" content=\"https:\/\/www.vita.sk\/wp-content\/uploads\/2018\/10\/AutoCAD-Mechanical.png\" \/>\n\t<meta property=\"og:image:width\" content=\"360\" \/>\n\t<meta property=\"og:image:height\" content=\"360\" \/>\n\t<meta property=\"og:image:type\" content=\"image\/png\" \/>\n<meta name=\"twitter:card\" content=\"summary_large_image\" \/>\n<meta name=\"twitter:label1\" content=\"Est. reading time\" \/>\n\t<meta name=\"twitter:data1\" content=\"2 minutes\" \/>\n<script type=\"application\/ld+json\" class=\"yoast-schema-graph\">{\n\t    \"@context\": \"https:\/\/schema.org\",\n\t    \"@graph\": [\n\t        {\n\t            \"@type\": \"WebPage\",\n\t            \"@id\": \"https:\/\/www.vita.sk\/balik-autocad-dizajner\/\",\n\t            \"url\": \"https:\/\/www.vita.sk\/balik-autocad-dizajner\/\",\n\t            \"name\": \"Bal\u00edk AutoCAD Dizajn\u00e9r {Y} | VITA\",\n\t            \"isPartOf\": {\n\t                \"@id\": \"https:\/\/www.vita.sk\/#website\"\n\t            },\n\t            \"primaryImageOfPage\": {\n\t                \"@id\": \"https:\/\/www.vita.sk\/balik-autocad-dizajner\/#primaryimage\"\n\t            },\n\t            \"image\": {\n\t                \"@id\": \"https:\/\/www.vita.sk\/balik-autocad-dizajner\/#primaryimage\"\n\t            },\n\t            \"thumbnailUrl\": \"https:\/\/www.vita.sk\/wp-content\/uploads\/2018\/10\/AutoCAD-Mechanical.png\",\n\t            \"datePublished\": \"2024-04-05T12:54:14+00:00\",\n\t            \"dateModified\": \"2025-11-07T12:45:48+00:00\",\n\t            \"breadcrumb\": {\n\t                \"@id\": \"https:\/\/www.vita.sk\/balik-autocad-dizajner\/#breadcrumb\"\n\t            },\n\t            \"inLanguage\": \"en-US\",\n\t            \"potentialAction\": [\n\t                {\n\t                    \"@type\": \"ReadAction\",\n\t                    \"target\": [\n\t                        \"https:\/\/www.vita.sk\/balik-autocad-dizajner\/\"\n\t                    ]\n\t                }\n\t            ]\n\t        },\n\t        {\n\t            \"@type\": \"ImageObject\",\n\t            \"inLanguage\": \"en-US\",\n\t            \"@id\": \"https:\/\/www.vita.sk\/balik-autocad-dizajner\/#primaryimage\",\n\t            \"url\": \"https:\/\/www.vita.sk\/wp-content\/uploads\/2018\/10\/AutoCAD-Mechanical.png\",\n\t            \"contentUrl\": \"https:\/\/www.vita.sk\/wp-content\/uploads\/2018\/10\/AutoCAD-Mechanical.png\",\n\t            \"width\": 360,\n\t            \"height\": 360,\n\t            \"caption\": \"Online kurz AutoCAD Mechanical\"\n\t        },\n\t        {\n\t            \"@type\": \"BreadcrumbList\",\n\t            \"@id\": \"https:\/\/www.vita.sk\/balik-autocad-dizajner\/#breadcrumb\",\n\t            \"itemListElement\": [\n\t                {\n\t                    \"@type\": \"ListItem\",\n\t                    \"position\": 1,\n\t                    \"name\": \"VITA Academy\",\n\t                    \"item\": \"https:\/\/www.vita.sk\/en\/\"\n\t                },\n\t                {\n\t                    \"@type\": \"ListItem\",\n\t                    \"position\": 2,\n\t                    \"name\": \"Shop\",\n\t                    \"item\": \"https:\/\/www.vita.sk\/shop\/\"\n\t                },\n\t                {\n\t                    \"@type\": \"ListItem\",\n\t                    \"position\": 3,\n\t                    \"name\": \"Online \u0160kolenia \u00darad Pr\u00e1ce\",\n\t                    \"item\": \"https:\/\/www.vita.sk\/online-kurzy-urad-prace-zrucnosti-pre-trh-prace\/\"\n\t                },\n\t                {\n\t                    \"@type\": \"ListItem\",\n\t                    \"position\": 4,\n\t                    \"name\": \"Bal\u00edk AutoCAD Dizajn\u00e9r\"\n\t                }\n\t            ]\n\t        },\n\t        {\n\t            \"@type\": \"WebSite\",\n\t            \"@id\": \"https:\/\/www.vita.sk\/#website\",\n\t            \"url\": \"https:\/\/www.vita.sk\/\",\n\t            \"name\": \"VITA\",\n\t            \"description\": \"\",\n\t            \"publisher\": {\n\t                \"@id\": \"https:\/\/www.vita.sk\/#organization\"\n\t            },\n\t            \"potentialAction\": [\n\t                {\n\t                    \"@type\": \"SearchAction\",\n\t                    \"target\": {\n\t                        \"@type\": \"EntryPoint\",\n\t                        \"urlTemplate\": \"https:\/\/www.vita.sk\/?s={search_term_string}\"\n\t                    },\n\t                    \"query-input\": {\n\t                        \"@type\": \"PropertyValueSpecification\",\n\t                        \"valueRequired\": true,\n\t                        \"valueName\": \"search_term_string\"\n\t                    }\n\t                }\n\t            ],\n\t            \"inLanguage\": \"en-US\"\n\t        },\n\t        {\n\t            \"email\": \"admin@vita.sk\",\n\t            \"logo\": \"https:\/\/www.vita.sk\/img\/vita_logo.png \",\n\t            \"address\": {\n\t                \"type\": \"PostalAddress\",\n\t                \"streetAddress\": \"Tom\u00e1\u0161ikova 50\/A\",\n\t                \"addressLocality\": \"Bratislava\",\n\t                \"postalCode\": \"83104\",\n\t                \"addressCountry\": {\n\t                    \"name\": \"SK\",\n\t                    \"type\": \"Country\"\n\t                }\n\t            },\n\t            \"contactPoint\": {\n\t                \"type\": \"ContactPoint\",\n\t                \"telephone\": \"+421 907 375\u00a0543\",\n\t                \"Email\": \"admin@vita.sk\",\n\t                \"contactType\": \"customer service\"\n\t            },\n\t            \"sameAs\": [\n\t                \"https:\/\/www.facebook.com\/VitaAcademySK\/\",\n\t                \"https:\/\/www.linkedin.com\/company\/vita-academy\/\"\n\t            ]\n\t        }\n\t    ]\n\t}<\/script>\n<!-- \/ Yoast SEO Premium plugin. -->","yoast_head_json":{"title":"Bal\u00edk AutoCAD Dizajn\u00e9r 2026 | VITA","robots":{"index":"index","follow":"follow","max-snippet":"max-snippet:-1","max-image-preview":"max-image-preview:large","max-video-preview":"max-video-preview:-1"},"canonical":"https:\/\/www.vita.sk\/balik-autocad-dizajner\/","og_locale":"en_US","og_type":"article","og_title":"Bal\u00edk AutoCAD Dizajn\u00e9r","og_description":"Bal\u00edk AutoCAD Dizajn\u00e9r je pre v\u00e1s ide\u00e1lny ak sa chcete nau\u010di\u0165 pracova\u0165 s profesion\u00e1lnym softv\u00e9rom na tvorbu technick\u00fdch v\u00fdkresov a modelov. Online kurzu v\u00e1m pom\u00f4\u017eu na ceste sta\u0165 sa CAD dizajn\u00e9rom \u010di projektantom. Ide o\u00a0Bal\u00edk online akreditovan\u00fdch kurzov ur\u010den\u00fd na Preplatenie \u00daradom pr\u00e1ce\u00a0(Projekt Zru\u010dnosti pre trh pr\u00e1ce). Spozn\u00e1te pou\u017e\u00edvate\u013esk\u00e9 rozhranie n\u00e1stroja AutoCAD, jeho funkcie a [&hellip;]","og_url":"https:\/\/www.vita.sk\/balik-autocad-dizajner\/","og_site_name":"VITA","article_publisher":"https:\/\/www.facebook.com\/VitaAcademySK","article_modified_time":"2025-11-07T12:45:48+00:00","og_image":[{"width":360,"height":360,"url":"https:\/\/www.vita.sk\/wp-content\/uploads\/2018\/10\/AutoCAD-Mechanical.png","type":"image\/png"}],"twitter_card":"summary_large_image","twitter_misc":{"Est. reading time":"2 minutes"},"schema":{"@context":"https:\/\/schema.org","@graph":[{"@type":"WebPage","@id":"https:\/\/www.vita.sk\/balik-autocad-dizajner\/","url":"https:\/\/www.vita.sk\/balik-autocad-dizajner\/","name":"Bal\u00edk AutoCAD Dizajn\u00e9r {Y} | VITA","isPartOf":{"@id":"https:\/\/www.vita.sk\/#website"},"primaryImageOfPage":{"@id":"https:\/\/www.vita.sk\/balik-autocad-dizajner\/#primaryimage"},"image":{"@id":"https:\/\/www.vita.sk\/balik-autocad-dizajner\/#primaryimage"},"thumbnailUrl":"https:\/\/www.vita.sk\/wp-content\/uploads\/2018\/10\/AutoCAD-Mechanical.png","datePublished":"2024-04-05T12:54:14+00:00","dateModified":"2025-11-07T12:45:48+00:00","breadcrumb":{"@id":"https:\/\/www.vita.sk\/balik-autocad-dizajner\/#breadcrumb"},"inLanguage":"en-US","potentialAction":[{"@type":"ReadAction","target":["https:\/\/www.vita.sk\/balik-autocad-dizajner\/"]}]},{"@type":"ImageObject","inLanguage":"en-US","@id":"https:\/\/www.vita.sk\/balik-autocad-dizajner\/#primaryimage","url":"https:\/\/www.vita.sk\/wp-content\/uploads\/2018\/10\/AutoCAD-Mechanical.png","contentUrl":"https:\/\/www.vita.sk\/wp-content\/uploads\/2018\/10\/AutoCAD-Mechanical.png","width":360,"height":360,"caption":"Online kurz AutoCAD Mechanical"},{"@type":"BreadcrumbList","@id":"https:\/\/www.vita.sk\/balik-autocad-dizajner\/#breadcrumb","itemListElement":[{"@type":"ListItem","position":1,"name":"VITA Academy","item":"https:\/\/www.vita.sk\/en\/"},{"@type":"ListItem","position":2,"name":"Shop","item":"https:\/\/www.vita.sk\/shop\/"},{"@type":"ListItem","position":3,"name":"Online \u0160kolenia \u00darad Pr\u00e1ce","item":"https:\/\/www.vita.sk\/online-kurzy-urad-prace-zrucnosti-pre-trh-prace\/"},{"@type":"ListItem","position":4,"name":"Bal\u00edk AutoCAD Dizajn\u00e9r"}]},{"@type":"WebSite","@id":"https:\/\/www.vita.sk\/#website","url":"https:\/\/www.vita.sk\/","name":"VITA","description":"","publisher":{"@id":"https:\/\/www.vita.sk\/#organization"},"potentialAction":[{"@type":"SearchAction","target":{"@type":"EntryPoint","urlTemplate":"https:\/\/www.vita.sk\/?s={search_term_string}"},"query-input":{"@type":"PropertyValueSpecification","valueRequired":true,"valueName":"search_term_string"}}],"inLanguage":"en-US"},{"email":"admin@vita.sk","logo":"https:\/\/www.vita.sk\/img\/vita_logo.png ","address":{"type":"PostalAddress","streetAddress":"Tom\u00e1\u0161ikova 50\/A","addressLocality":"Bratislava","postalCode":"83104","addressCountry":{"name":"SK","type":"Country"}},"contactPoint":{"type":"ContactPoint","telephone":"+421 907 375\u00a0543","Email":"admin@vita.sk","contactType":"customer service"},"sameAs":["https:\/\/www.facebook.com\/VitaAcademySK\/","https:\/\/www.linkedin.com\/company\/vita-academy\/"]}]}},"acf":[],"_links":{"self":[{"href":"https:\/\/www.vita.sk\/en\/wp-json\/wp\/v2\/product\/19407","targetHints":{"allow":["GET"]}}],"collection":[{"href":"https:\/\/www.vita.sk\/en\/wp-json\/wp\/v2\/product"}],"about":[{"href":"https:\/\/www.vita.sk\/en\/wp-json\/wp\/v2\/types\/product"}],"author":[{"embeddable":true,"href":"https:\/\/www.vita.sk\/en\/wp-json\/wp\/v2\/users\/4"}],"replies":[{"embeddable":true,"href":"https:\/\/www.vita.sk\/en\/wp-json\/wp\/v2\/comments?post=19407"}],"wp:featuredmedia":[{"embeddable":true,"href":"https:\/\/www.vita.sk\/en\/wp-json\/wp\/v2\/media\/493"}],"wp:attachment":[{"href":"https:\/\/www.vita.sk\/en\/wp-json\/wp\/v2\/media?parent=19407"}],"wp:term":[{"taxonomy":"product_brand","embeddable":true,"href":"https:\/\/www.vita.sk\/en\/wp-json\/wp\/v2\/product_brand?post=19407"},{"taxonomy":"product_cat","embeddable":true,"href":"https:\/\/www.vita.sk\/en\/wp-json\/wp\/v2\/product_cat?post=19407"},{"taxonomy":"product_tag","embeddable":true,"href":"https:\/\/www.vita.sk\/en\/wp-json\/wp\/v2\/product_tag?post=19407"}],"curies":[{"name":"wp","href":"https:\/\/api.w.org\/{rel}","templated":true}]}}