{"id":19436,"date":"2024-04-08T12:58:32","date_gmt":"2024-04-08T10:58:32","guid":{"rendered":"https:\/\/www.vita.sk\/?post_type=product&#038;p=19436"},"modified":"2025-07-31T11:20:08","modified_gmt":"2025-07-31T09:20:08","slug":"online-kurz-photopea","status":"publish","type":"product","link":"https:\/\/www.vita.sk\/en\/online-kurz-photopea\/","title":{"rendered":"Online kurz Photopea"},"content":{"rendered":"<p>Online kurz Photopea pre v\u00e1s ide\u00e1lny, ak sa chcete nau\u010di\u0165 pracova\u0165 s profesion\u00e1lnymi grafick\u00fdmi n\u00e1strojmi na \u00fapravu a tvorbu digit\u00e1lnych obr\u00e1zkov, a z\u00e1rove\u0148 h\u013ead\u00e1te alternat\u00edvu k Adobe Photoshop. <strong>Ide o akreditovan\u00fd a certifikovan\u00fd online kurz na Photopea a Adobe Photoshop.<\/strong> V \u00favode kurzu sa zozn\u00e1mite so z\u00e1kladmi pr\u00e1ce v programe Photopea. Nau\u010d\u00edte sa, ako za\u010da\u0165 nov\u00fd projekt, pracova\u0165 so z\u00e1kladn\u00fdmi n\u00e1strojmi a prisp\u00f4sobi\u0165 si pou\u017e\u00edvate\u013esk\u00e9 rozhranie vr\u00e1tane tmavej t\u00e9my (Dark Mode). Pre lep\u0161ie pochopenie rastrov\u00fdch a vektorov\u00fdch grafick\u00fdch form\u00e1tov prejdete \u010dl\u00e1nok vysvet\u013euj\u00faci ich rozdiely. K dispoz\u00edcii budete ma\u0165 aj pr\u00edru\u010dku a cvi\u010denia, ktor\u00e9 v\u00e1m pom\u00f4\u017eu zvl\u00e1dnu\u0165 pr\u00e1cu v prostred\u00ed Photopea aj Adobe Photoshop. V \u010fal\u0161ej \u010dasti sa zameriate na grafick\u00e9 n\u00e1stroje a prvky. Osvoj\u00edte si pr\u00e1cu s n\u00e1strojmi ako \u0160tetec, Tvary, Guma, K\u00fazeln\u00e1 Pali\u010dka a Prechody. Budete pracova\u0165 s vrstvami (Layers), \u0161abl\u00f3nami a \u017eiv\u00fdm n\u00e1h\u013eadom, aby ste efekt\u00edvne vyu\u017e\u00edvali v\u0161etky mo\u017enosti programu. Nau\u010d\u00edte sa pou\u017e\u00edva\u0165 n\u00e1stroj v\u00fdpl\u0148 (Fill) na r\u00fdchlu \u00fapravu farieb a text\u00far v obr\u00e1zkoch. D\u00f4le\u017eitou s\u00fa\u010das\u0165ou kurzu je odstr\u00e1nenie ne\u017eiaducich objektov a aplikovanie filtrov. Dozviete sa, ako efekt\u00edvne pou\u017e\u00edva\u0165 n\u00e1stroj k\u00fazeln\u00e1 pali\u010dka (Magic Wand) na r\u00fdchly v\u00fdber oblast\u00ed a pracova\u0165 s r\u00f4znymi filtrami a vrstvami. Osvoj\u00edte si techniky orez\u00e1vania a odstra\u0148ovania objektov z obr\u00e1zkov, ako aj pr\u00e1cu s textov\u00fdmi prvkami. V \u010fal\u0161ej f\u00e1ze kurzu sa zameriate na retu\u0161ovanie, efekty a kompresiu obr\u00e1zkov. Nau\u010d\u00edte sa spr\u00e1vne komprimova\u0165 a exportova\u0165 obr\u00e1zky bez straty kvality, ako aj \u0161k\u00e1lova\u0165 a vzorkova\u0165 grafick\u00e9 prvky. Obozn\u00e1mite sa s konceptom pixelov a nau\u010d\u00edte sa aplikova\u0165 efekty pixeliz\u00e1cie na fotografie. Na z\u00e1ver si osvoj\u00edte techniky retu\u0161ovania, vr\u00e1tane odstr\u00e1nenia efektu \u010derven\u00fdch o\u010d\u00ed a \u010fal\u0161\u00edch ne\u017eiaducich prvkov na fotografi\u00e1ch. Ak sa skuto\u010dne chcete nau\u010di\u0165 pou\u017e\u00edva\u0165 Photopeu, tak toto je ide\u00e1lny online kurz pre v\u00e1s.<\/p>\n","protected":false},"excerpt":{"rendered":"<p>Online kurz Photopea pre v\u00e1s ide\u00e1lny, ak sa chcete nau\u010di\u0165 pracova\u0165 s profesion\u00e1lnymi grafick\u00fdmi n\u00e1strojmi na \u00fapravu a tvorbu digit\u00e1lnych obr\u00e1zkov, a z\u00e1rove\u0148 h\u013ead\u00e1te alternat\u00edvu k Adobe Photoshop. Ide o akreditovan\u00fd a certifikovan\u00fd online kurz na Photopea a Adobe Photoshop. V \u00favode kurzu sa zozn\u00e1mite so z\u00e1kladmi pr\u00e1ce v programe Photopea.","protected":false},"author":4,"featured_media":19158,"comment_status":"open","ping_status":"closed","template":"","meta":{"_acf_changed":false},"product_brand":[],"product_cat":[56,73],"product_tag":[194,197],"class_list":{"0":"post-19436","1":"product","2":"type-product","3":"status-publish","4":"has-post-thumbnail","6":"product_cat-online-kurzy-grafika-a-dizajn","7":"product_cat-bez-kategorie","8":"product_tag-grafika-a-dizajn","9":"product_tag-baliky-kurzov-a-predplatne","11":"first","12":"instock","13":"sale","14":"sold-individually","15":"taxable","16":"shipping-taxable","17":"purchasable","18":"product-type-simple"},"yoast_head":"<!-- This site is optimized with the Yoast SEO Premium plugin v25.0 (Yoast SEO v25.0) - https:\/\/yoast.com\/wordpress\/plugins\/seo\/ -->\n<title>Online kurz Photopea 2026 | VITA<\/title>\n<meta name=\"description\" content=\"V online kurze Photopea sa nau\u010d\u00edte upravova\u0165 fotografie a grafiku v tomto bezplatnom online editore podobnom Photoshopu. \u2705\" \/>\n<meta name=\"robots\" content=\"index, follow, max-snippet:-1, max-image-preview:large, max-video-preview:-1\" \/>\n<link rel=\"canonical\" href=\"https:\/\/www.vita.sk\/online-kurz-photopea\/\" \/>\n<meta property=\"og:locale\" content=\"en_US\" \/>\n<meta property=\"og:type\" content=\"article\" \/>\n<meta property=\"og:title\" content=\"Online kurz Photopea\" \/>\n<meta property=\"og:description\" content=\"V online kurze Photopea sa nau\u010d\u00edte upravova\u0165 fotografie a grafiku v tomto bezplatnom online editore podobnom Photoshopu. \u2705\" \/>\n<meta property=\"og:url\" content=\"https:\/\/www.vita.sk\/online-kurz-photopea\/\" \/>\n<meta property=\"og:site_name\" content=\"VITA\" \/>\n<meta property=\"article:publisher\" content=\"https:\/\/www.facebook.com\/VitaAcademySK\" \/>\n<meta property=\"article:modified_time\" content=\"2025-07-31T09:20:08+00:00\" \/>\n<meta property=\"og:image\" content=\"https:\/\/www.vita.sk\/wp-content\/uploads\/2024\/03\/kurz-grafika-a-dizajn.png\" \/>\n\t<meta property=\"og:image:width\" content=\"360\" \/>\n\t<meta property=\"og:image:height\" content=\"360\" \/>\n\t<meta property=\"og:image:type\" content=\"image\/png\" \/>\n<meta name=\"twitter:card\" content=\"summary_large_image\" \/>\n<meta name=\"twitter:label1\" content=\"Est. reading time\" \/>\n\t<meta name=\"twitter:data1\" content=\"2 minutes\" \/>\n<script type=\"application\/ld+json\" class=\"yoast-schema-graph\">{\n\t    \"@context\": \"https:\/\/schema.org\",\n\t    \"@graph\": [\n\t        {\n\t            \"@type\": \"WebPage\",\n\t            \"@id\": \"https:\/\/www.vita.sk\/online-kurz-photopea\/\",\n\t            \"url\": \"https:\/\/www.vita.sk\/online-kurz-photopea\/\",\n\t            \"name\": \"Online kurz Photopea {Y} | VITA\",\n\t            \"isPartOf\": {\n\t                \"@id\": \"https:\/\/www.vita.sk\/#website\"\n\t            },\n\t            \"primaryImageOfPage\": {\n\t                \"@id\": \"https:\/\/www.vita.sk\/online-kurz-photopea\/#primaryimage\"\n\t            },\n\t            \"image\": {\n\t                \"@id\": \"https:\/\/www.vita.sk\/online-kurz-photopea\/#primaryimage\"\n\t            },\n\t            \"thumbnailUrl\": \"https:\/\/www.vita.sk\/wp-content\/uploads\/2024\/03\/kurz-grafika-a-dizajn.png\",\n\t            \"datePublished\": \"2024-04-08T10:58:32+00:00\",\n\t            \"dateModified\": \"2025-07-31T09:20:08+00:00\",\n\t            \"description\": \"V online kurze Photopea sa nau\u010d\u00edte upravova\u0165 fotografie a grafiku v tomto bezplatnom online editore podobnom Photoshopu. \u2705\",\n\t            \"breadcrumb\": {\n\t                \"@id\": \"https:\/\/www.vita.sk\/online-kurz-photopea\/#breadcrumb\"\n\t            },\n\t            \"inLanguage\": \"en-US\",\n\t            \"potentialAction\": [\n\t                {\n\t                    \"@type\": \"ReadAction\",\n\t                    \"target\": [\n\t                        \"https:\/\/www.vita.sk\/online-kurz-photopea\/\"\n\t                    ]\n\t                }\n\t            ]\n\t        },\n\t        {\n\t            \"@type\": \"ImageObject\",\n\t            \"inLanguage\": \"en-US\",\n\t            \"@id\": \"https:\/\/www.vita.sk\/online-kurz-photopea\/#primaryimage\",\n\t            \"url\": \"https:\/\/www.vita.sk\/wp-content\/uploads\/2024\/03\/kurz-grafika-a-dizajn.png\",\n\t            \"contentUrl\": \"https:\/\/www.vita.sk\/wp-content\/uploads\/2024\/03\/kurz-grafika-a-dizajn.png\",\n\t            \"width\": 360,\n\t            \"height\": 360\n\t        },\n\t        {\n\t            \"@type\": \"BreadcrumbList\",\n\t            \"@id\": \"https:\/\/www.vita.sk\/online-kurz-photopea\/#breadcrumb\",\n\t            \"itemListElement\": [\n\t                {\n\t                    \"@type\": \"ListItem\",\n\t                    \"position\": 1,\n\t                    \"name\": \"VITA Academy\",\n\t                    \"item\": \"https:\/\/www.vita.sk\/en\/\"\n\t                },\n\t                {\n\t                    \"@type\": \"ListItem\",\n\t                    \"position\": 2,\n\t                    \"name\": \"Shop\",\n\t                    \"item\": \"https:\/\/www.vita.sk\/shop\/\"\n\t                },\n\t                {\n\t                    \"@type\": \"ListItem\",\n\t                    \"position\": 3,\n\t                    \"name\": \"Grafika a Dizajn\",\n\t                    \"item\": \"https:\/\/www.vita.sk\/online-kurzy-grafika-a-dizajn\/\"\n\t                },\n\t                {\n\t                    \"@type\": \"ListItem\",\n\t                    \"position\": 4,\n\t                    \"name\": \"Online kurz Photopea\"\n\t                }\n\t            ]\n\t        },\n\t        {\n\t            \"@type\": \"WebSite\",\n\t            \"@id\": \"https:\/\/www.vita.sk\/#website\",\n\t            \"url\": \"https:\/\/www.vita.sk\/\",\n\t            \"name\": \"VITA\",\n\t            \"description\": \"\",\n\t            \"publisher\": {\n\t                \"@id\": \"https:\/\/www.vita.sk\/#organization\"\n\t            },\n\t            \"potentialAction\": [\n\t                {\n\t                    \"@type\": \"SearchAction\",\n\t                    \"target\": {\n\t                        \"@type\": \"EntryPoint\",\n\t                        \"urlTemplate\": \"https:\/\/www.vita.sk\/?s={search_term_string}\"\n\t                    },\n\t                    \"query-input\": {\n\t                        \"@type\": \"PropertyValueSpecification\",\n\t                        \"valueRequired\": true,\n\t                        \"valueName\": \"search_term_string\"\n\t                    }\n\t                }\n\t            ],\n\t            \"inLanguage\": \"en-US\"\n\t        },\n\t        {\n\t            \"email\": \"admin@vita.sk\",\n\t            \"logo\": \"https:\/\/www.vita.sk\/img\/vita_logo.png \",\n\t            \"address\": {\n\t                \"type\": \"PostalAddress\",\n\t                \"streetAddress\": \"Tom\u00e1\u0161ikova 50\/A\",\n\t                \"addressLocality\": \"Bratislava\",\n\t                \"postalCode\": \"83104\",\n\t                \"addressCountry\": {\n\t                    \"name\": \"SK\",\n\t                    \"type\": \"Country\"\n\t                }\n\t            },\n\t            \"contactPoint\": {\n\t                \"type\": \"ContactPoint\",\n\t                \"telephone\": \"+421 907 375\u00a0543\",\n\t                \"Email\": \"admin@vita.sk\",\n\t                \"contactType\": \"customer service\"\n\t            },\n\t            \"sameAs\": [\n\t                \"https:\/\/www.facebook.com\/VitaAcademySK\/\",\n\t                \"https:\/\/www.linkedin.com\/company\/vita-academy\/\"\n\t            ]\n\t        }\n\t    ]\n\t}<\/script>\n<!-- \/ Yoast SEO Premium plugin. -->","yoast_head_json":{"title":"Online kurz Photopea 2026 | VITA","description":"V online kurze Photopea sa nau\u010d\u00edte upravova\u0165 fotografie a grafiku v tomto bezplatnom online editore podobnom Photoshopu. \u2705","robots":{"index":"index","follow":"follow","max-snippet":"max-snippet:-1","max-image-preview":"max-image-preview:large","max-video-preview":"max-video-preview:-1"},"canonical":"https:\/\/www.vita.sk\/online-kurz-photopea\/","og_locale":"en_US","og_type":"article","og_title":"Online kurz Photopea","og_description":"V online kurze Photopea sa nau\u010d\u00edte upravova\u0165 fotografie a grafiku v tomto bezplatnom online editore podobnom Photoshopu. \u2705","og_url":"https:\/\/www.vita.sk\/online-kurz-photopea\/","og_site_name":"VITA","article_publisher":"https:\/\/www.facebook.com\/VitaAcademySK","article_modified_time":"2025-07-31T09:20:08+00:00","og_image":[{"width":360,"height":360,"url":"https:\/\/www.vita.sk\/wp-content\/uploads\/2024\/03\/kurz-grafika-a-dizajn.png","type":"image\/png"}],"twitter_card":"summary_large_image","twitter_misc":{"Est. reading time":"2 minutes"},"schema":{"@context":"https:\/\/schema.org","@graph":[{"@type":"WebPage","@id":"https:\/\/www.vita.sk\/online-kurz-photopea\/","url":"https:\/\/www.vita.sk\/online-kurz-photopea\/","name":"Online kurz Photopea {Y} | VITA","isPartOf":{"@id":"https:\/\/www.vita.sk\/#website"},"primaryImageOfPage":{"@id":"https:\/\/www.vita.sk\/online-kurz-photopea\/#primaryimage"},"image":{"@id":"https:\/\/www.vita.sk\/online-kurz-photopea\/#primaryimage"},"thumbnailUrl":"https:\/\/www.vita.sk\/wp-content\/uploads\/2024\/03\/kurz-grafika-a-dizajn.png","datePublished":"2024-04-08T10:58:32+00:00","dateModified":"2025-07-31T09:20:08+00:00","description":"V online kurze Photopea sa nau\u010d\u00edte upravova\u0165 fotografie a grafiku v tomto bezplatnom online editore podobnom Photoshopu. \u2705","breadcrumb":{"@id":"https:\/\/www.vita.sk\/online-kurz-photopea\/#breadcrumb"},"inLanguage":"en-US","potentialAction":[{"@type":"ReadAction","target":["https:\/\/www.vita.sk\/online-kurz-photopea\/"]}]},{"@type":"ImageObject","inLanguage":"en-US","@id":"https:\/\/www.vita.sk\/online-kurz-photopea\/#primaryimage","url":"https:\/\/www.vita.sk\/wp-content\/uploads\/2024\/03\/kurz-grafika-a-dizajn.png","contentUrl":"https:\/\/www.vita.sk\/wp-content\/uploads\/2024\/03\/kurz-grafika-a-dizajn.png","width":360,"height":360},{"@type":"BreadcrumbList","@id":"https:\/\/www.vita.sk\/online-kurz-photopea\/#breadcrumb","itemListElement":[{"@type":"ListItem","position":1,"name":"VITA Academy","item":"https:\/\/www.vita.sk\/en\/"},{"@type":"ListItem","position":2,"name":"Shop","item":"https:\/\/www.vita.sk\/shop\/"},{"@type":"ListItem","position":3,"name":"Grafika a Dizajn","item":"https:\/\/www.vita.sk\/online-kurzy-grafika-a-dizajn\/"},{"@type":"ListItem","position":4,"name":"Online kurz Photopea"}]},{"@type":"WebSite","@id":"https:\/\/www.vita.sk\/#website","url":"https:\/\/www.vita.sk\/","name":"VITA","description":"","publisher":{"@id":"https:\/\/www.vita.sk\/#organization"},"potentialAction":[{"@type":"SearchAction","target":{"@type":"EntryPoint","urlTemplate":"https:\/\/www.vita.sk\/?s={search_term_string}"},"query-input":{"@type":"PropertyValueSpecification","valueRequired":true,"valueName":"search_term_string"}}],"inLanguage":"en-US"},{"email":"admin@vita.sk","logo":"https:\/\/www.vita.sk\/img\/vita_logo.png ","address":{"type":"PostalAddress","streetAddress":"Tom\u00e1\u0161ikova 50\/A","addressLocality":"Bratislava","postalCode":"83104","addressCountry":{"name":"SK","type":"Country"}},"contactPoint":{"type":"ContactPoint","telephone":"+421 907 375\u00a0543","Email":"admin@vita.sk","contactType":"customer service"},"sameAs":["https:\/\/www.facebook.com\/VitaAcademySK\/","https:\/\/www.linkedin.com\/company\/vita-academy\/"]}]}},"acf":[],"_links":{"self":[{"href":"https:\/\/www.vita.sk\/en\/wp-json\/wp\/v2\/product\/19436","targetHints":{"allow":["GET"]}}],"collection":[{"href":"https:\/\/www.vita.sk\/en\/wp-json\/wp\/v2\/product"}],"about":[{"href":"https:\/\/www.vita.sk\/en\/wp-json\/wp\/v2\/types\/product"}],"author":[{"embeddable":true,"href":"https:\/\/www.vita.sk\/en\/wp-json\/wp\/v2\/users\/4"}],"replies":[{"embeddable":true,"href":"https:\/\/www.vita.sk\/en\/wp-json\/wp\/v2\/comments?post=19436"}],"wp:featuredmedia":[{"embeddable":true,"href":"https:\/\/www.vita.sk\/en\/wp-json\/wp\/v2\/media\/19158"}],"wp:attachment":[{"href":"https:\/\/www.vita.sk\/en\/wp-json\/wp\/v2\/media?parent=19436"}],"wp:term":[{"taxonomy":"product_brand","embeddable":true,"href":"https:\/\/www.vita.sk\/en\/wp-json\/wp\/v2\/product_brand?post=19436"},{"taxonomy":"product_cat","embeddable":true,"href":"https:\/\/www.vita.sk\/en\/wp-json\/wp\/v2\/product_cat?post=19436"},{"taxonomy":"product_tag","embeddable":true,"href":"https:\/\/www.vita.sk\/en\/wp-json\/wp\/v2\/product_tag?post=19436"}],"curies":[{"name":"wp","href":"https:\/\/api.w.org\/{rel}","templated":true}]}}