{"id":19449,"date":"2024-04-08T15:14:04","date_gmt":"2024-04-08T13:14:04","guid":{"rendered":"https:\/\/www.vita.sk\/?post_type=product&#038;p=19449"},"modified":"2025-12-26T10:32:34","modified_gmt":"2025-12-26T09:32:34","slug":"online-kurz-microsoft-project-ii-mierne-pokrocily","status":"publish","type":"product","link":"https:\/\/www.vita.sk\/en\/online-kurz-microsoft-project-ii-mierne-pokrocily\/","title":{"rendered":"Online kurz Microsoft Project II. Mierne Pokro\u010dil\u00fd"},"content":{"rendered":"<p>Online kurz Microsoft Project II. Mierne Pokro\u010dil\u00fd je pre v\u00e1s ide\u00e1lny, ak sa chcete nau\u010di\u0165 pokro\u010dil\u00e9 pl\u00e1novanie, riadenie a kontrolu projektov pomocou n\u00e1stroja Microsoft Project v re\u00e1lnych projektov\u00fdch scen\u00e1roch. <strong>Ide o akreditovan\u00fd a certifikovan\u00fd kurz na Microsoft Project.<\/strong> Kurz je zameran\u00fd na systematick\u00fa pr\u00e1cu s projektmi, \u00falohami, v\u00e4zbami, rozpo\u010dtami a kontroln\u00fdmi mechanizmami na \u00farovni profesion\u00e1lneho projektov\u00e9ho mana\u017ementu. V kurze sa nau\u010d\u00edte spr\u00e1vne \u0161trukt\u00farova\u0165 projekty, pl\u00e1nova\u0165 \u00falohy, zdroje a term\u00edny a efekt\u00edvne pracova\u0165 s Ganttov\u00fdm diagramom ako z\u00e1kladn\u00fdm n\u00e1strojom vizu\u00e1lneho pl\u00e1novania projektu. Z\u00edskate hlb\u0161ie porozumenie pr\u00e1ci s \u00falohami, vr\u00e1tane opakovan\u00fdch \u00faloh, konzult\u00e1ci\u00ed a vz\u0165ahov medzi \u00falohami prostredn\u00edctvom predchodcov a n\u00e1sledn\u00edkov. Kurz sa detailne venuje kontroln\u00fdm mechanizmom projektu, ktor\u00e9 umo\u017e\u0148uj\u00fa sledova\u0165 priebeh projektu, identifikova\u0165 odch\u00fdlky a riadi\u0165 zmeny v \u010dase. Nau\u010d\u00edte sa pracova\u0165 s r\u00f4znymi typmi obmedzen\u00ed a d\u00e1tumov, ktor\u00e9 maj\u00fa z\u00e1sadn\u00fd vplyv na harmonogram projektu a jeho realizovate\u013enos\u0165. D\u00f4le\u017eitou s\u00fa\u010das\u0165ou kurzu je pochopenie v\u00e4zieb medzi \u00falohami, ich spr\u00e1vne nastavenie a optimaliz\u00e1cia projektov\u00e9ho pl\u00e1nu tak, aby bol realistick\u00fd a udr\u017eate\u013en\u00fd. Osvoj\u00edte si tvorbu a pou\u017e\u00edvanie vlastn\u00e9ho kalend\u00e1ra, ako aj pr\u00e1cu s indik\u00e1tormi stavu a vlastn\u00fdmi po\u013eami, ktor\u00e9 v\u00fdrazne zvy\u0161uj\u00fa preh\u013eadnos\u0165 a kontrolu projektu. Kurz sa venuje aj oblasti projektov\u00fdch rozpo\u010dtov a n\u00e1kladov, kde sa nau\u010d\u00edte nastavova\u0165 rozpo\u010dty, sledova\u0165 n\u00e1klady a analyzova\u0165 finan\u010dn\u00fd stav projektu. Z\u00edskate praktick\u00e9 zru\u010dnosti v pl\u00e1novan\u00ed a riaden\u00ed rozpo\u010dtov v online marketingov\u00fdch a IKT projektoch, kde je pr\u00e1ca s n\u00e1kladmi a \u010dasom kritick\u00e1. Po absolvovan\u00ed kurzu budete schopn\u00ed vytv\u00e1ra\u0165 realistick\u00e9 projektov\u00e9 pl\u00e1ny, efekt\u00edvne riadi\u0165 \u00falohy, kontrolova\u0165 priebeh projektu a pracova\u0165 s rozpo\u010dtami na profesion\u00e1lnej \u00farovni. Ak sa skuto\u010dne chcete nau\u010di\u0165 efekt\u00edvne pou\u017e\u00edva\u0165 Microsoft Project, tak toto je ide\u00e1lny online kurz pre v\u00e1s.<\/p>\n","protected":false},"excerpt":{"rendered":"<p>Online kurz Microsoft Project II. Mierne Pokro\u010dil\u00fd v\u00e1s nau\u010d\u00ed pokro\u010dil\u00e9 pl\u00e1novanie a riadenie projektov v n\u00e1stroji Microsoft Project vr\u00e1tane pr\u00e1ce s \u00falohami, v\u00e4zbami, Ganttov\u00fdm diagramom, kontroln\u00fdmi mechanizmami a projektov\u00fdmi rozpo\u010dtami.","protected":false},"author":4,"featured_media":1161,"comment_status":"open","ping_status":"closed","template":"","meta":{"_acf_changed":false},"product_brand":[],"product_cat":[66,132,73],"product_tag":[197,187],"class_list":{"0":"post-19449","1":"product","2":"type-product","3":"status-publish","4":"has-post-thumbnail","6":"product_cat-online-kurzy-kancelarske-baliky","7":"product_cat-online-kurzy-microsoft-project","8":"product_cat-bez-kategorie","9":"product_tag-baliky-kurzov-a-predplatne","10":"product_tag-kancelarske-baliky","12":"first","13":"instock","14":"sale","15":"sold-individually","16":"taxable","17":"shipping-taxable","18":"purchasable","19":"product-type-simple"},"yoast_head":"<!-- This site is optimized with the Yoast SEO Premium plugin v25.0 (Yoast SEO v25.0) - https:\/\/yoast.com\/wordpress\/plugins\/seo\/ -->\n<title>Online kurz Microsoft Project II. Mierne Pokro\u010dil\u00fd 2026 | VITA<\/title>\n<meta name=\"robots\" content=\"index, follow, max-snippet:-1, max-image-preview:large, max-video-preview:-1\" \/>\n<link rel=\"canonical\" href=\"https:\/\/www.vita.sk\/online-kurz-microsoft-project-ii-mierne-pokrocily\/\" \/>\n<meta property=\"og:locale\" content=\"en_US\" \/>\n<meta property=\"og:type\" content=\"article\" \/>\n<meta property=\"og:title\" content=\"Online kurz Microsoft Project II. Mierne Pokro\u010dil\u00fd\" \/>\n<meta property=\"og:description\" content=\"Online kurz Microsoft Project II. Mierne Pokro\u010dil\u00fd v\u00e1s nau\u010d\u00ed pokro\u010dil\u00e9 pl\u00e1novanie a riadenie projektov v n\u00e1stroji Microsoft Project vr\u00e1tane pr\u00e1ce s \u00falohami, v\u00e4zbami, Ganttov\u00fdm diagramom, kontroln\u00fdmi mechanizmami a projektov\u00fdmi rozpo\u010dtami.\" \/>\n<meta property=\"og:url\" content=\"https:\/\/www.vita.sk\/online-kurz-microsoft-project-ii-mierne-pokrocily\/\" \/>\n<meta property=\"og:site_name\" content=\"VITA\" \/>\n<meta property=\"article:publisher\" content=\"https:\/\/www.facebook.com\/VitaAcademySK\" \/>\n<meta property=\"article:modified_time\" content=\"2025-12-26T09:32:34+00:00\" \/>\n<meta property=\"og:image\" content=\"https:\/\/www.vita.sk\/wp-content\/uploads\/2019\/08\/microsoft-project.png\" \/>\n\t<meta property=\"og:image:width\" content=\"360\" \/>\n\t<meta property=\"og:image:height\" content=\"360\" \/>\n\t<meta property=\"og:image:type\" content=\"image\/png\" \/>\n<meta name=\"twitter:card\" content=\"summary_large_image\" \/>\n<meta name=\"twitter:label1\" content=\"Est. reading time\" \/>\n\t<meta name=\"twitter:data1\" content=\"2 minutes\" \/>\n<script type=\"application\/ld+json\" class=\"yoast-schema-graph\">{\n\t    \"@context\": \"https:\/\/schema.org\",\n\t    \"@graph\": [\n\t        {\n\t            \"@type\": \"WebPage\",\n\t            \"@id\": \"https:\/\/www.vita.sk\/online-kurz-microsoft-project-ii-mierne-pokrocily\/\",\n\t            \"url\": \"https:\/\/www.vita.sk\/online-kurz-microsoft-project-ii-mierne-pokrocily\/\",\n\t            \"name\": \"Online kurz Microsoft Project II. Mierne Pokro\u010dil\u00fd {Y} | VITA\",\n\t            \"isPartOf\": {\n\t                \"@id\": \"https:\/\/www.vita.sk\/#website\"\n\t            },\n\t            \"primaryImageOfPage\": {\n\t                \"@id\": \"https:\/\/www.vita.sk\/online-kurz-microsoft-project-ii-mierne-pokrocily\/#primaryimage\"\n\t            },\n\t            \"image\": {\n\t                \"@id\": \"https:\/\/www.vita.sk\/online-kurz-microsoft-project-ii-mierne-pokrocily\/#primaryimage\"\n\t            },\n\t            \"thumbnailUrl\": \"https:\/\/www.vita.sk\/wp-content\/uploads\/2019\/08\/microsoft-project.png\",\n\t            \"datePublished\": \"2024-04-08T13:14:04+00:00\",\n\t            \"dateModified\": \"2025-12-26T09:32:34+00:00\",\n\t            \"breadcrumb\": {\n\t                \"@id\": \"https:\/\/www.vita.sk\/online-kurz-microsoft-project-ii-mierne-pokrocily\/#breadcrumb\"\n\t            },\n\t            \"inLanguage\": \"en-US\",\n\t            \"potentialAction\": [\n\t                {\n\t                    \"@type\": \"ReadAction\",\n\t                    \"target\": [\n\t                        \"https:\/\/www.vita.sk\/online-kurz-microsoft-project-ii-mierne-pokrocily\/\"\n\t                    ]\n\t                }\n\t            ]\n\t        },\n\t        {\n\t            \"@type\": \"ImageObject\",\n\t            \"inLanguage\": \"en-US\",\n\t            \"@id\": \"https:\/\/www.vita.sk\/online-kurz-microsoft-project-ii-mierne-pokrocily\/#primaryimage\",\n\t            \"url\": \"https:\/\/www.vita.sk\/wp-content\/uploads\/2019\/08\/microsoft-project.png\",\n\t            \"contentUrl\": \"https:\/\/www.vita.sk\/wp-content\/uploads\/2019\/08\/microsoft-project.png\",\n\t            \"width\": 360,\n\t            \"height\": 360,\n\t            \"caption\": \"Online kurz Microsoft Project\"\n\t        },\n\t        {\n\t            \"@type\": \"BreadcrumbList\",\n\t            \"@id\": \"https:\/\/www.vita.sk\/online-kurz-microsoft-project-ii-mierne-pokrocily\/#breadcrumb\",\n\t            \"itemListElement\": [\n\t                {\n\t                    \"@type\": \"ListItem\",\n\t                    \"position\": 1,\n\t                    \"name\": \"VITA Academy\",\n\t                    \"item\": \"https:\/\/www.vita.sk\/en\/\"\n\t                },\n\t                {\n\t                    \"@type\": \"ListItem\",\n\t                    \"position\": 2,\n\t                    \"name\": \"Shop\",\n\t                    \"item\": \"https:\/\/www.vita.sk\/shop\/\"\n\t                },\n\t                {\n\t                    \"@type\": \"ListItem\",\n\t                    \"position\": 3,\n\t                    \"name\": \"Kancel\u00e1rske Bal\u00edky\",\n\t                    \"item\": \"https:\/\/www.vita.sk\/online-kurzy-kancelarske-baliky\/\"\n\t                },\n\t                {\n\t                    \"@type\": \"ListItem\",\n\t                    \"position\": 4,\n\t                    \"name\": \"Microsoft Project\",\n\t                    \"item\": \"https:\/\/www.vita.sk\/online-kurzy-microsoft-project\/\"\n\t                },\n\t                {\n\t                    \"@type\": \"ListItem\",\n\t                    \"position\": 5,\n\t                    \"name\": \"Online kurz Microsoft Project II. Mierne Pokro\u010dil\u00fd\"\n\t                }\n\t            ]\n\t        },\n\t        {\n\t            \"@type\": \"WebSite\",\n\t            \"@id\": \"https:\/\/www.vita.sk\/#website\",\n\t            \"url\": \"https:\/\/www.vita.sk\/\",\n\t            \"name\": \"VITA\",\n\t            \"description\": \"\",\n\t            \"publisher\": {\n\t                \"@id\": \"https:\/\/www.vita.sk\/#organization\"\n\t            },\n\t            \"potentialAction\": [\n\t                {\n\t                    \"@type\": \"SearchAction\",\n\t                    \"target\": {\n\t                        \"@type\": \"EntryPoint\",\n\t                        \"urlTemplate\": \"https:\/\/www.vita.sk\/?s={search_term_string}\"\n\t                    },\n\t                    \"query-input\": {\n\t                        \"@type\": \"PropertyValueSpecification\",\n\t                        \"valueRequired\": true,\n\t                        \"valueName\": \"search_term_string\"\n\t                    }\n\t                }\n\t            ],\n\t            \"inLanguage\": \"en-US\"\n\t        },\n\t        {\n\t            \"email\": \"admin@vita.sk\",\n\t            \"logo\": \"https:\/\/www.vita.sk\/img\/vita_logo.png \",\n\t            \"address\": {\n\t                \"type\": \"PostalAddress\",\n\t                \"streetAddress\": \"Tom\u00e1\u0161ikova 50\/A\",\n\t                \"addressLocality\": \"Bratislava\",\n\t                \"postalCode\": \"83104\",\n\t                \"addressCountry\": {\n\t                    \"name\": \"SK\",\n\t                    \"type\": \"Country\"\n\t                }\n\t            },\n\t            \"contactPoint\": {\n\t                \"type\": \"ContactPoint\",\n\t                \"telephone\": \"+421 907 375\u00a0543\",\n\t                \"Email\": \"admin@vita.sk\",\n\t                \"contactType\": \"customer service\"\n\t            },\n\t            \"sameAs\": [\n\t                \"https:\/\/www.facebook.com\/VitaAcademySK\/\",\n\t                \"https:\/\/www.linkedin.com\/company\/vita-academy\/\"\n\t            ]\n\t        }\n\t    ]\n\t}<\/script>\n<!-- \/ Yoast SEO Premium plugin. -->","yoast_head_json":{"title":"Online kurz Microsoft Project II. Mierne Pokro\u010dil\u00fd 2026 | VITA","robots":{"index":"index","follow":"follow","max-snippet":"max-snippet:-1","max-image-preview":"max-image-preview:large","max-video-preview":"max-video-preview:-1"},"canonical":"https:\/\/www.vita.sk\/online-kurz-microsoft-project-ii-mierne-pokrocily\/","og_locale":"en_US","og_type":"article","og_title":"Online kurz Microsoft Project II. Mierne Pokro\u010dil\u00fd","og_description":"Online kurz Microsoft Project II. Mierne Pokro\u010dil\u00fd v\u00e1s nau\u010d\u00ed pokro\u010dil\u00e9 pl\u00e1novanie a riadenie projektov v n\u00e1stroji Microsoft Project vr\u00e1tane pr\u00e1ce s \u00falohami, v\u00e4zbami, Ganttov\u00fdm diagramom, kontroln\u00fdmi mechanizmami a projektov\u00fdmi rozpo\u010dtami.","og_url":"https:\/\/www.vita.sk\/online-kurz-microsoft-project-ii-mierne-pokrocily\/","og_site_name":"VITA","article_publisher":"https:\/\/www.facebook.com\/VitaAcademySK","article_modified_time":"2025-12-26T09:32:34+00:00","og_image":[{"width":360,"height":360,"url":"https:\/\/www.vita.sk\/wp-content\/uploads\/2019\/08\/microsoft-project.png","type":"image\/png"}],"twitter_card":"summary_large_image","twitter_misc":{"Est. reading time":"2 minutes"},"schema":{"@context":"https:\/\/schema.org","@graph":[{"@type":"WebPage","@id":"https:\/\/www.vita.sk\/online-kurz-microsoft-project-ii-mierne-pokrocily\/","url":"https:\/\/www.vita.sk\/online-kurz-microsoft-project-ii-mierne-pokrocily\/","name":"Online kurz Microsoft Project II. Mierne Pokro\u010dil\u00fd {Y} | VITA","isPartOf":{"@id":"https:\/\/www.vita.sk\/#website"},"primaryImageOfPage":{"@id":"https:\/\/www.vita.sk\/online-kurz-microsoft-project-ii-mierne-pokrocily\/#primaryimage"},"image":{"@id":"https:\/\/www.vita.sk\/online-kurz-microsoft-project-ii-mierne-pokrocily\/#primaryimage"},"thumbnailUrl":"https:\/\/www.vita.sk\/wp-content\/uploads\/2019\/08\/microsoft-project.png","datePublished":"2024-04-08T13:14:04+00:00","dateModified":"2025-12-26T09:32:34+00:00","breadcrumb":{"@id":"https:\/\/www.vita.sk\/online-kurz-microsoft-project-ii-mierne-pokrocily\/#breadcrumb"},"inLanguage":"en-US","potentialAction":[{"@type":"ReadAction","target":["https:\/\/www.vita.sk\/online-kurz-microsoft-project-ii-mierne-pokrocily\/"]}]},{"@type":"ImageObject","inLanguage":"en-US","@id":"https:\/\/www.vita.sk\/online-kurz-microsoft-project-ii-mierne-pokrocily\/#primaryimage","url":"https:\/\/www.vita.sk\/wp-content\/uploads\/2019\/08\/microsoft-project.png","contentUrl":"https:\/\/www.vita.sk\/wp-content\/uploads\/2019\/08\/microsoft-project.png","width":360,"height":360,"caption":"Online kurz Microsoft Project"},{"@type":"BreadcrumbList","@id":"https:\/\/www.vita.sk\/online-kurz-microsoft-project-ii-mierne-pokrocily\/#breadcrumb","itemListElement":[{"@type":"ListItem","position":1,"name":"VITA Academy","item":"https:\/\/www.vita.sk\/en\/"},{"@type":"ListItem","position":2,"name":"Shop","item":"https:\/\/www.vita.sk\/shop\/"},{"@type":"ListItem","position":3,"name":"Kancel\u00e1rske Bal\u00edky","item":"https:\/\/www.vita.sk\/online-kurzy-kancelarske-baliky\/"},{"@type":"ListItem","position":4,"name":"Microsoft Project","item":"https:\/\/www.vita.sk\/online-kurzy-microsoft-project\/"},{"@type":"ListItem","position":5,"name":"Online kurz Microsoft Project II. Mierne Pokro\u010dil\u00fd"}]},{"@type":"WebSite","@id":"https:\/\/www.vita.sk\/#website","url":"https:\/\/www.vita.sk\/","name":"VITA","description":"","publisher":{"@id":"https:\/\/www.vita.sk\/#organization"},"potentialAction":[{"@type":"SearchAction","target":{"@type":"EntryPoint","urlTemplate":"https:\/\/www.vita.sk\/?s={search_term_string}"},"query-input":{"@type":"PropertyValueSpecification","valueRequired":true,"valueName":"search_term_string"}}],"inLanguage":"en-US"},{"email":"admin@vita.sk","logo":"https:\/\/www.vita.sk\/img\/vita_logo.png ","address":{"type":"PostalAddress","streetAddress":"Tom\u00e1\u0161ikova 50\/A","addressLocality":"Bratislava","postalCode":"83104","addressCountry":{"name":"SK","type":"Country"}},"contactPoint":{"type":"ContactPoint","telephone":"+421 907 375\u00a0543","Email":"admin@vita.sk","contactType":"customer service"},"sameAs":["https:\/\/www.facebook.com\/VitaAcademySK\/","https:\/\/www.linkedin.com\/company\/vita-academy\/"]}]}},"acf":[],"_links":{"self":[{"href":"https:\/\/www.vita.sk\/en\/wp-json\/wp\/v2\/product\/19449","targetHints":{"allow":["GET"]}}],"collection":[{"href":"https:\/\/www.vita.sk\/en\/wp-json\/wp\/v2\/product"}],"about":[{"href":"https:\/\/www.vita.sk\/en\/wp-json\/wp\/v2\/types\/product"}],"author":[{"embeddable":true,"href":"https:\/\/www.vita.sk\/en\/wp-json\/wp\/v2\/users\/4"}],"replies":[{"embeddable":true,"href":"https:\/\/www.vita.sk\/en\/wp-json\/wp\/v2\/comments?post=19449"}],"wp:featuredmedia":[{"embeddable":true,"href":"https:\/\/www.vita.sk\/en\/wp-json\/wp\/v2\/media\/1161"}],"wp:attachment":[{"href":"https:\/\/www.vita.sk\/en\/wp-json\/wp\/v2\/media?parent=19449"}],"wp:term":[{"taxonomy":"product_brand","embeddable":true,"href":"https:\/\/www.vita.sk\/en\/wp-json\/wp\/v2\/product_brand?post=19449"},{"taxonomy":"product_cat","embeddable":true,"href":"https:\/\/www.vita.sk\/en\/wp-json\/wp\/v2\/product_cat?post=19449"},{"taxonomy":"product_tag","embeddable":true,"href":"https:\/\/www.vita.sk\/en\/wp-json\/wp\/v2\/product_tag?post=19449"}],"curies":[{"name":"wp","href":"https:\/\/api.w.org\/{rel}","templated":true}]}}