{"id":19768,"date":"2024-04-23T13:46:33","date_gmt":"2024-04-23T11:46:33","guid":{"rendered":"https:\/\/www.vita.sk\/?post_type=product&#038;p=19768"},"modified":"2025-02-13T10:06:30","modified_gmt":"2025-02-13T09:06:30","slug":"program-msc-c-programator-c-developer","status":"publish","type":"product","link":"https:\/\/www.vita.sk\/en\/program-msc-c-programator-c-developer\/","title":{"rendered":"Program MSc C# Program\u00e1tor (C# Developer)"},"content":{"rendered":"<p>Vzdel\u00e1vac\u00ed program MSc C# Program\u00e1tor (C# Developer) je pre v\u00e1s ide\u00e1lny, ak sa chcete nau\u010di\u0165 programova\u0165 v jazyku C# a osvoji\u0165 si proces v\u00fdvoja softv\u00e9ru, vr\u00e1tane n\u00e1vrhu, implement\u00e1cie a testovania s pou\u017eit\u00edm UX a UI techn\u00edk. Ide o <b>vzdel\u00e1vac\u00ed program na z\u00edskanie profesijn\u00e9ho titulu MSc (Master of Science)<\/b>. Program MSc. je zameran\u00fd na najd\u00f4le\u017eitej\u0161ie IT, technick\u00e9 a mana\u017e\u00e9rske discipl\u00edny. Pom\u00f4\u017ee vo va\u0161ej kari\u00e9re na popredn\u00e9 IT a mana\u017e\u00e9rske poz\u00edcie a budova\u0165 va\u0161u kari\u00e9ru. Program sme vytvorili na mieru, aby ste sa vedeli \u010do najsk\u00f4r uplatni\u0165 na trhu pr\u00e1ce a rekvalifikova\u0165 na nov\u00e9 pracovn\u00e9 poz\u00edcie v IT. Rovnako je vhodn\u00fd, ak chcete za\u010da\u0165 podnika\u0165. Ako absolvent\u00a0<strong>z\u00edskate diplom s profesijn\u00fdm titulom MSc, akreditovan\u00e9 osved\u010denie<\/strong>\u00a0a\u00a0<strong>odpor\u00fa\u010danie pre potenci\u00e1lnych zamestn\u00e1vate\u013eov.<\/strong>\u00a0Z\u00e1rove\u0148 kontaktujeme vybran\u00e9 spolo\u010dnosti (cca 28 top spolo\u010dnost\u00ed) oh\u013eadom v\u00e1\u0161ho \u00faspe\u0161n\u00e9ho absolvovania vzdel\u00e1vacieho programu.\u00a0<strong>\u0160t\u00fadium vzdel\u00e1vacieho programu C# Program\u00e1tor trv\u00e1 pol roka a\u017e 1 rok.<\/strong> R\u00fdchlos\u0165 u\u010denia a absolvovanie vytvoren\u00fdch online kurzov je na v\u00e1s. Celkov\u00fd \u010das vzdel\u00e1vania je maxim\u00e1lne 1 rok (12 mesiacov). Ako absolvent z\u00e1rove\u0148 nap\u00ed\u0161ete z\u00e1vere\u010dn\u00fa pr\u00e1cu k oblasti a t\u00e9me, ktorej sa chcete profesijne venova\u0165. Ak sa chcete sta\u0165 C# Program\u00e1torom, desktopov\u00fdm a hern\u00fdm v\u00fdvoj\u00e1rom, tak tento vzdel\u00e1vac\u00ed program je pre v\u00e1s tou spr\u00e1vnou vo\u013ebou.<\/p>\n","protected":false},"excerpt":{"rendered":"<p>Vzdel\u00e1vac\u00ed program MSc C# Program\u00e1tor (C# Developer) je pre v\u00e1s ide\u00e1lny, ak sa chcete nau\u010di\u0165 programova\u0165 v jazyku C# a osvoji\u0165 si proces v\u00fdvoja softv\u00e9ru, vr\u00e1tane n\u00e1vrhu, implement\u00e1cie a testovania s pou\u017eit\u00edm UX a UI techn\u00edk. Ide o vzdel\u00e1vac\u00ed program na z\u00edskanie profesijn\u00e9ho titulu MSc (Master of Science). Program MSc.","protected":false},"author":4,"featured_media":4518,"comment_status":"open","ping_status":"closed","template":"","meta":{"_acf_changed":false},"product_brand":[],"product_cat":[632],"product_tag":[189,197,228,640],"class_list":{"0":"post-19768","1":"product","2":"type-product","3":"status-publish","4":"has-post-thumbnail","6":"product_cat-online-kurzy-pracovne-pozicie-mba-dba-mpa-msc","7":"product_tag-programovacie-jazyky","8":"product_tag-baliky-kurzov-a-predplatne","9":"product_tag-c","10":"product_tag-msc","12":"first","13":"instock","14":"sale","15":"sold-individually","16":"taxable","17":"shipping-taxable","18":"purchasable","19":"product-type-simple"},"yoast_head":"<!-- This site is optimized with the Yoast SEO Premium plugin v25.0 (Yoast SEO v25.0) - https:\/\/yoast.com\/wordpress\/plugins\/seo\/ -->\n<title>Program MSc C# Program\u00e1tor (C# Developer)  | VITA<\/title>\n<meta name=\"robots\" content=\"index, follow, max-snippet:-1, max-image-preview:large, max-video-preview:-1\" \/>\n<link rel=\"canonical\" href=\"https:\/\/www.vita.sk\/program-msc-c-programator-c-developer\/\" \/>\n<meta property=\"og:locale\" content=\"en_US\" \/>\n<meta property=\"og:type\" content=\"article\" \/>\n<meta property=\"og:title\" content=\"Program MSc C# Program\u00e1tor (C# Developer)\" \/>\n<meta property=\"og:description\" content=\"Vzdel\u00e1vac\u00ed program MSc C# Program\u00e1tor (C# Developer) je pre v\u00e1s ide\u00e1lny, ak sa chcete nau\u010di\u0165 programova\u0165 v jazyku C# a osvoji\u0165 si proces v\u00fdvoja softv\u00e9ru, vr\u00e1tane n\u00e1vrhu, implement\u00e1cie a testovania s pou\u017eit\u00edm UX a UI techn\u00edk. Ide o vzdel\u00e1vac\u00ed program na z\u00edskanie profesijn\u00e9ho titulu MSc (Master of Science). Program MSc. je zameran\u00fd na najd\u00f4le\u017eitej\u0161ie IT, [&hellip;]\" \/>\n<meta property=\"og:url\" content=\"https:\/\/www.vita.sk\/program-msc-c-programator-c-developer\/\" \/>\n<meta property=\"og:site_name\" content=\"VITA\" \/>\n<meta property=\"article:publisher\" content=\"https:\/\/www.facebook.com\/VitaAcademySK\" \/>\n<meta property=\"article:modified_time\" content=\"2025-02-13T09:06:30+00:00\" \/>\n<meta property=\"og:image\" content=\"https:\/\/www.vita.sk\/wp-content\/uploads\/2020\/11\/kurz-c-sharp.png\" \/>\n\t<meta property=\"og:image:width\" content=\"360\" \/>\n\t<meta property=\"og:image:height\" content=\"360\" \/>\n\t<meta property=\"og:image:type\" content=\"image\/png\" \/>\n<meta name=\"twitter:card\" content=\"summary_large_image\" \/>\n<meta name=\"twitter:label1\" content=\"Est. reading time\" \/>\n\t<meta name=\"twitter:data1\" content=\"2 minutes\" \/>\n<script type=\"application\/ld+json\" class=\"yoast-schema-graph\">{\n\t    \"@context\": \"https:\/\/schema.org\",\n\t    \"@graph\": [\n\t        {\n\t            \"@type\": \"WebPage\",\n\t            \"@id\": \"https:\/\/www.vita.sk\/program-msc-c-programator-c-developer\/\",\n\t            \"url\": \"https:\/\/www.vita.sk\/program-msc-c-programator-c-developer\/\",\n\t            \"name\": \"Program MSc C# Program\u00e1tor (C# Developer) 2024 | VITA\",\n\t            \"isPartOf\": {\n\t                \"@id\": \"https:\/\/www.vita.sk\/#website\"\n\t            },\n\t            \"primaryImageOfPage\": {\n\t                \"@id\": \"https:\/\/www.vita.sk\/program-msc-c-programator-c-developer\/#primaryimage\"\n\t            },\n\t            \"image\": {\n\t                \"@id\": \"https:\/\/www.vita.sk\/program-msc-c-programator-c-developer\/#primaryimage\"\n\t            },\n\t            \"thumbnailUrl\": \"https:\/\/www.vita.sk\/wp-content\/uploads\/2020\/11\/kurz-c-sharp.png\",\n\t            \"datePublished\": \"2024-04-23T11:46:33+00:00\",\n\t            \"dateModified\": \"2025-02-13T09:06:30+00:00\",\n\t            \"breadcrumb\": {\n\t                \"@id\": \"https:\/\/www.vita.sk\/program-msc-c-programator-c-developer\/#breadcrumb\"\n\t            },\n\t            \"inLanguage\": \"en-US\",\n\t            \"potentialAction\": [\n\t                {\n\t                    \"@type\": \"ReadAction\",\n\t                    \"target\": [\n\t                        \"https:\/\/www.vita.sk\/program-msc-c-programator-c-developer\/\"\n\t                    ]\n\t                }\n\t            ]\n\t        },\n\t        {\n\t            \"@type\": \"ImageObject\",\n\t            \"inLanguage\": \"en-US\",\n\t            \"@id\": \"https:\/\/www.vita.sk\/program-msc-c-programator-c-developer\/#primaryimage\",\n\t            \"url\": \"https:\/\/www.vita.sk\/wp-content\/uploads\/2020\/11\/kurz-c-sharp.png\",\n\t            \"contentUrl\": \"https:\/\/www.vita.sk\/wp-content\/uploads\/2020\/11\/kurz-c-sharp.png\",\n\t            \"width\": 360,\n\t            \"height\": 360,\n\t            \"caption\": \"Online kurz C#\"\n\t        },\n\t        {\n\t            \"@type\": \"BreadcrumbList\",\n\t            \"@id\": \"https:\/\/www.vita.sk\/program-msc-c-programator-c-developer\/#breadcrumb\",\n\t            \"itemListElement\": [\n\t                {\n\t                    \"@type\": \"ListItem\",\n\t                    \"position\": 1,\n\t                    \"name\": \"VITA Academy\",\n\t                    \"item\": \"https:\/\/www.vita.sk\/en\/\"\n\t                },\n\t                {\n\t                    \"@type\": \"ListItem\",\n\t                    \"position\": 2,\n\t                    \"name\": \"Shop\",\n\t                    \"item\": \"https:\/\/www.vita.sk\/shop\/\"\n\t                },\n\t                {\n\t                    \"@type\": \"ListItem\",\n\t                    \"position\": 3,\n\t                    \"name\": \"Online Profesijn\u00e9 Tituly MBA, DBA, MPA, MSc.\",\n\t                    \"item\": \"https:\/\/www.vita.sk\/online-kurzy-pracovne-pozicie-mba-dba-mpa-msc\/\"\n\t                },\n\t                {\n\t                    \"@type\": \"ListItem\",\n\t                    \"position\": 4,\n\t                    \"name\": \"Program MSc C# Program\u00e1tor (C# Developer)\"\n\t                }\n\t            ]\n\t        },\n\t        {\n\t            \"@type\": \"WebSite\",\n\t            \"@id\": \"https:\/\/www.vita.sk\/#website\",\n\t            \"url\": \"https:\/\/www.vita.sk\/\",\n\t            \"name\": \"VITA\",\n\t            \"description\": \"\",\n\t            \"publisher\": {\n\t                \"@id\": \"https:\/\/www.vita.sk\/#organization\"\n\t            },\n\t            \"potentialAction\": [\n\t                {\n\t                    \"@type\": \"SearchAction\",\n\t                    \"target\": {\n\t                        \"@type\": \"EntryPoint\",\n\t                        \"urlTemplate\": \"https:\/\/www.vita.sk\/?s={search_term_string}\"\n\t                    },\n\t                    \"query-input\": {\n\t                        \"@type\": \"PropertyValueSpecification\",\n\t                        \"valueRequired\": true,\n\t                        \"valueName\": \"search_term_string\"\n\t                    }\n\t                }\n\t            ],\n\t            \"inLanguage\": \"en-US\"\n\t        },\n\t        {\n\t            \"email\": \"admin@vita.sk\",\n\t            \"logo\": \"https:\/\/www.vita.sk\/img\/vita_logo.png \",\n\t            \"address\": {\n\t                \"type\": \"PostalAddress\",\n\t                \"streetAddress\": \"Tom\u00e1\u0161ikova 50\/A\",\n\t                \"addressLocality\": \"Bratislava\",\n\t                \"postalCode\": \"83104\",\n\t                \"addressCountry\": {\n\t                    \"name\": \"SK\",\n\t                    \"type\": \"Country\"\n\t                }\n\t            },\n\t            \"contactPoint\": {\n\t                \"type\": \"ContactPoint\",\n\t                \"telephone\": \"+421 907 375\u00a0543\",\n\t                \"Email\": \"admin@vita.sk\",\n\t                \"contactType\": \"customer service\"\n\t            },\n\t            \"sameAs\": [\n\t                \"https:\/\/www.facebook.com\/VitaAcademySK\/\",\n\t                \"https:\/\/www.linkedin.com\/company\/vita-academy\/\"\n\t            ]\n\t        }\n\t    ]\n\t}<\/script>\n<!-- \/ Yoast SEO Premium plugin. -->","yoast_head_json":{"title":"Program MSc C# Program\u00e1tor (C# Developer)  | VITA","robots":{"index":"index","follow":"follow","max-snippet":"max-snippet:-1","max-image-preview":"max-image-preview:large","max-video-preview":"max-video-preview:-1"},"canonical":"https:\/\/www.vita.sk\/program-msc-c-programator-c-developer\/","og_locale":"en_US","og_type":"article","og_title":"Program MSc C# Program\u00e1tor (C# Developer)","og_description":"Vzdel\u00e1vac\u00ed program MSc C# Program\u00e1tor (C# Developer) je pre v\u00e1s ide\u00e1lny, ak sa chcete nau\u010di\u0165 programova\u0165 v jazyku C# a osvoji\u0165 si proces v\u00fdvoja softv\u00e9ru, vr\u00e1tane n\u00e1vrhu, implement\u00e1cie a testovania s pou\u017eit\u00edm UX a UI techn\u00edk. Ide o vzdel\u00e1vac\u00ed program na z\u00edskanie profesijn\u00e9ho titulu MSc (Master of Science). Program MSc. je zameran\u00fd na najd\u00f4le\u017eitej\u0161ie IT, [&hellip;]","og_url":"https:\/\/www.vita.sk\/program-msc-c-programator-c-developer\/","og_site_name":"VITA","article_publisher":"https:\/\/www.facebook.com\/VitaAcademySK","article_modified_time":"2025-02-13T09:06:30+00:00","og_image":[{"width":360,"height":360,"url":"https:\/\/www.vita.sk\/wp-content\/uploads\/2020\/11\/kurz-c-sharp.png","type":"image\/png"}],"twitter_card":"summary_large_image","twitter_misc":{"Est. reading time":"2 minutes"},"schema":{"@context":"https:\/\/schema.org","@graph":[{"@type":"WebPage","@id":"https:\/\/www.vita.sk\/program-msc-c-programator-c-developer\/","url":"https:\/\/www.vita.sk\/program-msc-c-programator-c-developer\/","name":"Program MSc C# Program\u00e1tor (C# Developer) 2024 | VITA","isPartOf":{"@id":"https:\/\/www.vita.sk\/#website"},"primaryImageOfPage":{"@id":"https:\/\/www.vita.sk\/program-msc-c-programator-c-developer\/#primaryimage"},"image":{"@id":"https:\/\/www.vita.sk\/program-msc-c-programator-c-developer\/#primaryimage"},"thumbnailUrl":"https:\/\/www.vita.sk\/wp-content\/uploads\/2020\/11\/kurz-c-sharp.png","datePublished":"2024-04-23T11:46:33+00:00","dateModified":"2025-02-13T09:06:30+00:00","breadcrumb":{"@id":"https:\/\/www.vita.sk\/program-msc-c-programator-c-developer\/#breadcrumb"},"inLanguage":"en-US","potentialAction":[{"@type":"ReadAction","target":["https:\/\/www.vita.sk\/program-msc-c-programator-c-developer\/"]}]},{"@type":"ImageObject","inLanguage":"en-US","@id":"https:\/\/www.vita.sk\/program-msc-c-programator-c-developer\/#primaryimage","url":"https:\/\/www.vita.sk\/wp-content\/uploads\/2020\/11\/kurz-c-sharp.png","contentUrl":"https:\/\/www.vita.sk\/wp-content\/uploads\/2020\/11\/kurz-c-sharp.png","width":360,"height":360,"caption":"Online kurz C#"},{"@type":"BreadcrumbList","@id":"https:\/\/www.vita.sk\/program-msc-c-programator-c-developer\/#breadcrumb","itemListElement":[{"@type":"ListItem","position":1,"name":"VITA Academy","item":"https:\/\/www.vita.sk\/en\/"},{"@type":"ListItem","position":2,"name":"Shop","item":"https:\/\/www.vita.sk\/shop\/"},{"@type":"ListItem","position":3,"name":"Online Profesijn\u00e9 Tituly MBA, DBA, MPA, MSc.","item":"https:\/\/www.vita.sk\/online-kurzy-pracovne-pozicie-mba-dba-mpa-msc\/"},{"@type":"ListItem","position":4,"name":"Program MSc C# Program\u00e1tor (C# Developer)"}]},{"@type":"WebSite","@id":"https:\/\/www.vita.sk\/#website","url":"https:\/\/www.vita.sk\/","name":"VITA","description":"","publisher":{"@id":"https:\/\/www.vita.sk\/#organization"},"potentialAction":[{"@type":"SearchAction","target":{"@type":"EntryPoint","urlTemplate":"https:\/\/www.vita.sk\/?s={search_term_string}"},"query-input":{"@type":"PropertyValueSpecification","valueRequired":true,"valueName":"search_term_string"}}],"inLanguage":"en-US"},{"email":"admin@vita.sk","logo":"https:\/\/www.vita.sk\/img\/vita_logo.png ","address":{"type":"PostalAddress","streetAddress":"Tom\u00e1\u0161ikova 50\/A","addressLocality":"Bratislava","postalCode":"83104","addressCountry":{"name":"SK","type":"Country"}},"contactPoint":{"type":"ContactPoint","telephone":"+421 907 375\u00a0543","Email":"admin@vita.sk","contactType":"customer service"},"sameAs":["https:\/\/www.facebook.com\/VitaAcademySK\/","https:\/\/www.linkedin.com\/company\/vita-academy\/"]}]}},"acf":[],"_links":{"self":[{"href":"https:\/\/www.vita.sk\/en\/wp-json\/wp\/v2\/product\/19768","targetHints":{"allow":["GET"]}}],"collection":[{"href":"https:\/\/www.vita.sk\/en\/wp-json\/wp\/v2\/product"}],"about":[{"href":"https:\/\/www.vita.sk\/en\/wp-json\/wp\/v2\/types\/product"}],"author":[{"embeddable":true,"href":"https:\/\/www.vita.sk\/en\/wp-json\/wp\/v2\/users\/4"}],"replies":[{"embeddable":true,"href":"https:\/\/www.vita.sk\/en\/wp-json\/wp\/v2\/comments?post=19768"}],"wp:featuredmedia":[{"embeddable":true,"href":"https:\/\/www.vita.sk\/en\/wp-json\/wp\/v2\/media\/4518"}],"wp:attachment":[{"href":"https:\/\/www.vita.sk\/en\/wp-json\/wp\/v2\/media?parent=19768"}],"wp:term":[{"taxonomy":"product_brand","embeddable":true,"href":"https:\/\/www.vita.sk\/en\/wp-json\/wp\/v2\/product_brand?post=19768"},{"taxonomy":"product_cat","embeddable":true,"href":"https:\/\/www.vita.sk\/en\/wp-json\/wp\/v2\/product_cat?post=19768"},{"taxonomy":"product_tag","embeddable":true,"href":"https:\/\/www.vita.sk\/en\/wp-json\/wp\/v2\/product_tag?post=19768"}],"curies":[{"name":"wp","href":"https:\/\/api.w.org\/{rel}","templated":true}]}}